{"id":75323,"date":"2025-06-06T03:37:44","date_gmt":"2025-06-06T02:37:44","guid":{"rendered":"https:\/\/truusk.store\/product\/tradgardsbord-o60-x-70-cm-vaderbestandigt-balkongbord-i-stal-runt-matbord-med-fotdyna-utomhus-campingbord-sidobord-terrassbord-for-tradgard-terrass-balkong-svart\/"},"modified":"2026-03-12T08:40:58","modified_gmt":"2026-03-12T07:40:58","slug":"truusk-tradgardsbord-o60-x-70-cm-vaderbestandigt-balkongbord-i-stal-runt-matbord-med-fotdyna-utomhus-campingbord-sidobord","status":"publish","type":"product","link":"https:\/\/truusk.store\/sv\/produkt\/truusk-tradgardsbord-o60-x-70-cm-vaderbestandigt-balkongbord-i-stal-runt-matbord-med-fotdyna-utomhus-campingbord-sidobord\/","title":{"rendered":"TRUUSK Tr\u00e4dg\u00e5rdsbord \u00d860 x 70 cm &#8211; V\u00e4derbest\u00e4ndigt Balkongbord i St\u00e5l &#8211; Runt Matbord med Fotdyna &#8211; Utomhus Campingbord &#8211; Sidobord"},"content":{"rendered":"<p>Upplev njutningen av att \u00e4ta utomhus med TRUUSK lilla tr\u00e4dg\u00e5rdsbord. Detta stilfulla och praktiska runda tr\u00e4dg\u00e5rdsbord erbjuder en rund 60 cm bordsskiva med gott om plats och s\u00e4kra, avrundade kanter. Tack vare dess starka metallplatta och pulverlackerade st\u00e5lram kan den b\u00e4ra upp till 50 kg. Fotdynor skyddar mot repor p\u00e5 alla ytor. Perfekt utebord f\u00f6r alla utomhusmilj\u00f6er!<\/p>\n<p>Beskrivning:<\/p>\n<ul>\n<li> Det 60 cm runda utebordet erbjuder gott om plats f\u00f6r mat<\/li>\n<li> Avrundade kanter \u00f6kar s\u00e4kerheten och v\u00e4lbefinnandet<\/li>\n<li> Pulverlackerad st\u00e5lram och metallbordsskiva l\u00e4mplig f\u00f6r utomhusbruk<\/li>\n<li> Fotdynor skyddar golvet och stabiliserar utebordet<\/li>\n<li> M\u00e5ngsidig design av tr\u00e4dg\u00e5rdsbordet f\u00f6r olika anv\u00e4ndningsomr\u00e5den<\/li>\n<li> Maximal belastning 50 kg, montering kr\u00e4vs<\/li>\n<\/ul>\n<p> Tekniska data:<\/p>\n<ul>\n<li> F\u00e4rg: Svart<\/li>\n<li> Material: St\u00e5l, Metall<\/li>\n<li> Totala dimensioner: \u00d860 x 70H cm<\/li>\n<li> Tjocklek p\u00e5 bordsskivan: 2 cm<\/li>\n<li> B\u00e4rkapacitet: 50 kg<\/li>\n<\/ul>\n<p>Inneh\u00e5ll:<\/p>\n<ul>\n<li> 1 x Tr\u00e4dg\u00e5rdsbord<\/li>\n<li> 1 x Bruksanvisning<\/li>\n<\/ul>\n","protected":false},"excerpt":{"rendered":"<p>Upplev njutningen av att \u00e4ta utomhus med TRUUSK lilla tr\u00e4dg\u00e5rdsbord. Detta stilfulla och praktiska runda tr\u00e4dg\u00e5rdsbord erbjuder en rund 60&#8230;<\/p>\n","protected":false},"featured_media":75314,"template":"","meta":[],"product_brand":[],"product_cat":[858,457,450],"product_tag":[],"class_list":{"0":"post-75323","1":"product","2":"type-product","3":"status-publish","4":"has-post-thumbnail","6":"product_cat-tradgard-terrass","7":"product_cat-tradgardsbord","8":"product_cat-tradgardsmobler","10":"first","11":"instock","12":"sale","13":"taxable","14":"shipping-taxable","15":"purchasable","16":"product-type-simple"},"yoast_head":"<!-- This site is optimized with the Yoast SEO plugin v25.4 - https:\/\/yoast.com\/wordpress\/plugins\/seo\/ -->\n<title>TRUUSK Tr\u00e4dg\u00e5rdsbord \u00d860 x 70 cm - V\u00e4derbest\u00e4ndigt Balkongbord i St\u00e5l - Runt Matbord med Fotdyna - Utomhus Campingbord - Sidobord - TRUUSK - Hem, Tr\u00e4dg\u00e5rd &amp; Fritid<\/title>\n<meta name=\"robots\" content=\"index, follow, max-snippet:-1, max-image-preview:large, max-video-preview:-1\" \/>\n<link rel=\"canonical\" href=\"https:\/\/truusk.store\/sv\/produkt\/truusk-tradgardsbord-o60-x-70-cm-vaderbestandigt-balkongbord-i-stal-runt-matbord-med-fotdyna-utomhus-campingbord-sidobord\/\" \/>\n<meta property=\"og:locale\" content=\"sv_SE\" \/>\n<meta property=\"og:type\" content=\"article\" \/>\n<meta property=\"og:title\" content=\"TRUUSK Tr\u00e4dg\u00e5rdsbord \u00d860 x 70 cm - V\u00e4derbest\u00e4ndigt Balkongbord i St\u00e5l - Runt Matbord med Fotdyna - Utomhus Campingbord - Sidobord - TRUUSK - Hem, Tr\u00e4dg\u00e5rd &amp; Fritid\" \/>\n<meta property=\"og:description\" content=\"Upplev njutningen av att \u00e4ta utomhus med TRUUSK lilla tr\u00e4dg\u00e5rdsbord. Detta stilfulla och praktiska runda tr\u00e4dg\u00e5rdsbord erbjuder en rund 60...\" \/>\n<meta property=\"og:url\" content=\"https:\/\/truusk.store\/sv\/produkt\/truusk-tradgardsbord-o60-x-70-cm-vaderbestandigt-balkongbord-i-stal-runt-matbord-med-fotdyna-utomhus-campingbord-sidobord\/\" \/>\n<meta property=\"og:site_name\" content=\"TRUUSK - Hem, Tr\u00e4dg\u00e5rd &amp; Fritid\" \/>\n<meta property=\"article:modified_time\" content=\"2026-03-12T07:40:58+00:00\" \/>\n<meta property=\"og:image\" content=\"https:\/\/i0.wp.com\/truusk.se\/wp-content\/uploads\/2025\/06\/tradgardsbord-o60-x-70-cm-vaderbestandigt-balkongbord-i-stal-runt-matbord-med-fotdyna-utomhus-campingbord-sidobord-terrassbord-for-tradgard-terrass-balkong-svart-1.webp?fit=2000%2C2000&ssl=1\" \/>\n\t<meta property=\"og:image:width\" content=\"2000\" \/>\n\t<meta property=\"og:image:height\" content=\"2000\" \/>\n\t<meta property=\"og:image:type\" content=\"image\/webp\" \/>\n<meta name=\"twitter:card\" content=\"summary_large_image\" \/>\n<meta name=\"twitter:label1\" content=\"Ber\u00e4knad l\u00e4stid\" \/>\n\t<meta name=\"twitter:data1\" content=\"1 minut\" \/>\n<!-- \/ Yoast SEO plugin. -->","yoast_head_json":{"title":"TRUUSK Tr\u00e4dg\u00e5rdsbord \u00d860 x 70 cm - V\u00e4derbest\u00e4ndigt Balkongbord i St\u00e5l - Runt Matbord med Fotdyna - Utomhus Campingbord - Sidobord - TRUUSK - Hem, Tr\u00e4dg\u00e5rd &amp; Fritid","robots":{"index":"index","follow":"follow","max-snippet":"max-snippet:-1","max-image-preview":"max-image-preview:large","max-video-preview":"max-video-preview:-1"},"canonical":"https:\/\/truusk.store\/sv\/produkt\/truusk-tradgardsbord-o60-x-70-cm-vaderbestandigt-balkongbord-i-stal-runt-matbord-med-fotdyna-utomhus-campingbord-sidobord\/","og_locale":"sv_SE","og_type":"article","og_title":"TRUUSK Tr\u00e4dg\u00e5rdsbord \u00d860 x 70 cm - V\u00e4derbest\u00e4ndigt Balkongbord i St\u00e5l - Runt Matbord med Fotdyna - Utomhus Campingbord - Sidobord - TRUUSK - Hem, Tr\u00e4dg\u00e5rd &amp; Fritid","og_description":"Upplev njutningen av att \u00e4ta utomhus med TRUUSK lilla tr\u00e4dg\u00e5rdsbord. Detta stilfulla och praktiska runda tr\u00e4dg\u00e5rdsbord erbjuder en rund 60...","og_url":"https:\/\/truusk.store\/sv\/produkt\/truusk-tradgardsbord-o60-x-70-cm-vaderbestandigt-balkongbord-i-stal-runt-matbord-med-fotdyna-utomhus-campingbord-sidobord\/","og_site_name":"TRUUSK - Hem, Tr\u00e4dg\u00e5rd &amp; Fritid","article_modified_time":"2026-03-12T07:40:58+00:00","og_image":[{"width":2000,"height":2000,"url":"https:\/\/i0.wp.com\/truusk.se\/wp-content\/uploads\/2025\/06\/tradgardsbord-o60-x-70-cm-vaderbestandigt-balkongbord-i-stal-runt-matbord-med-fotdyna-utomhus-campingbord-sidobord-terrassbord-for-tradgard-terrass-balkong-svart-1.webp?fit=2000%2C2000&ssl=1","type":"image\/webp"}],"twitter_card":"summary_large_image","twitter_misc":{"Ber\u00e4knad l\u00e4stid":"1 minut"},"schema":{"@context":"https:\/\/schema.org","@graph":[{"@type":"WebPage","@id":"https:\/\/truusk.store\/sv\/produkt\/truusk-tradgardsbord-o60-x-70-cm-vaderbestandigt-balkongbord-i-stal-runt-matbord-med-fotdyna-utomhus-campingbord-sidobord\/","url":"https:\/\/truusk.store\/sv\/produkt\/truusk-tradgardsbord-o60-x-70-cm-vaderbestandigt-balkongbord-i-stal-runt-matbord-med-fotdyna-utomhus-campingbord-sidobord\/","name":"TRUUSK Tr\u00e4dg\u00e5rdsbord \u00d860 x 70 cm - V\u00e4derbest\u00e4ndigt Balkongbord i St\u00e5l - Runt Matbord med Fotdyna - Utomhus Campingbord - Sidobord - TRUUSK - Hem, Tr\u00e4dg\u00e5rd &amp; Fritid","isPartOf":{"@id":"https:\/\/truusk.store\/sv\/#website"},"primaryImageOfPage":{"@id":"https:\/\/truusk.store\/sv\/produkt\/truusk-tradgardsbord-o60-x-70-cm-vaderbestandigt-balkongbord-i-stal-runt-matbord-med-fotdyna-utomhus-campingbord-sidobord\/#primaryimage"},"image":{"@id":"https:\/\/truusk.store\/sv\/produkt\/truusk-tradgardsbord-o60-x-70-cm-vaderbestandigt-balkongbord-i-stal-runt-matbord-med-fotdyna-utomhus-campingbord-sidobord\/#primaryimage"},"thumbnailUrl":"https:\/\/i0.wp.com\/truusk.store\/wp-content\/uploads\/2025\/06\/tradgardsbord-o60-x-70-cm-vaderbestandigt-balkongbord-i-stal-runt-matbord-med-fotdyna-utomhus-campingbord-sidobord-terrassbord-for-tradgard-terrass-balkong-svart-1.webp?fit=2000%2C2000&ssl=1","datePublished":"2025-06-06T02:37:44+00:00","dateModified":"2026-03-12T07:40:58+00:00","breadcrumb":{"@id":"https:\/\/truusk.store\/sv\/produkt\/truusk-tradgardsbord-o60-x-70-cm-vaderbestandigt-balkongbord-i-stal-runt-matbord-med-fotdyna-utomhus-campingbord-sidobord\/#breadcrumb"},"inLanguage":"sv-SE","potentialAction":[{"@type":"ReadAction","target":["https:\/\/truusk.store\/sv\/produkt\/truusk-tradgardsbord-o60-x-70-cm-vaderbestandigt-balkongbord-i-stal-runt-matbord-med-fotdyna-utomhus-campingbord-sidobord\/"]}]},{"@type":"ImageObject","inLanguage":"sv-SE","@id":"https:\/\/truusk.store\/sv\/produkt\/truusk-tradgardsbord-o60-x-70-cm-vaderbestandigt-balkongbord-i-stal-runt-matbord-med-fotdyna-utomhus-campingbord-sidobord\/#primaryimage","url":"https:\/\/i0.wp.com\/truusk.store\/wp-content\/uploads\/2025\/06\/tradgardsbord-o60-x-70-cm-vaderbestandigt-balkongbord-i-stal-runt-matbord-med-fotdyna-utomhus-campingbord-sidobord-terrassbord-for-tradgard-terrass-balkong-svart-1.webp?fit=2000%2C2000&ssl=1","contentUrl":"https:\/\/i0.wp.com\/truusk.store\/wp-content\/uploads\/2025\/06\/tradgardsbord-o60-x-70-cm-vaderbestandigt-balkongbord-i-stal-runt-matbord-med-fotdyna-utomhus-campingbord-sidobord-terrassbord-for-tradgard-terrass-balkong-svart-1.webp?fit=2000%2C2000&ssl=1","width":2000,"height":2000},{"@type":"BreadcrumbList","@id":"https:\/\/truusk.store\/sv\/produkt\/truusk-tradgardsbord-o60-x-70-cm-vaderbestandigt-balkongbord-i-stal-runt-matbord-med-fotdyna-utomhus-campingbord-sidobord\/#breadcrumb","itemListElement":[{"@type":"ListItem","position":1,"name":"Home","item":"https:\/\/truusk.store\/sv\/"},{"@type":"ListItem","position":2,"name":"Shop","item":"https:\/\/truusk.store\/shop\/"},{"@type":"ListItem","position":3,"name":"TRUUSK Tr\u00e4dg\u00e5rdsbord \u00d860 x 70 cm &#8211; V\u00e4derbest\u00e4ndigt Balkongbord i St\u00e5l &#8211; Runt Matbord med Fotdyna &#8211; Utomhus Campingbord &#8211; Sidobord"}]},{"@type":"WebSite","@id":"https:\/\/truusk.store\/sv\/#website","url":"https:\/\/truusk.store\/sv\/","name":"TRUUSK - Hem, Tr\u00e4dg\u00e5rd & Fritid","description":"","publisher":{"@id":"https:\/\/truusk.store\/sv\/#organization"},"potentialAction":[{"@type":"SearchAction","target":{"@type":"EntryPoint","urlTemplate":"https:\/\/truusk.store\/sv\/?s={search_term_string}"},"query-input":{"@type":"PropertyValueSpecification","valueRequired":true,"valueName":"search_term_string"}}],"inLanguage":"sv-SE"},{"@type":"Organization","@id":"https:\/\/truusk.store\/sv\/#organization","name":"TRUUSK - Hem, Tr\u00e4dg\u00e5rd & Fritid","url":"https:\/\/truusk.store\/sv\/","logo":{"@type":"ImageObject","inLanguage":"sv-SE","@id":"https:\/\/truusk.store\/sv\/#\/schema\/logo\/image\/","url":"https:\/\/i0.wp.com\/truusk.store\/wp-content\/uploads\/2026\/03\/cropped-TRUUSK.png?fit=2032%2C917&ssl=1","contentUrl":"https:\/\/i0.wp.com\/truusk.store\/wp-content\/uploads\/2026\/03\/cropped-TRUUSK.png?fit=2032%2C917&ssl=1","width":2032,"height":917,"caption":"TRUUSK - Hem, Tr\u00e4dg\u00e5rd & Fritid"},"image":{"@id":"https:\/\/truusk.store\/sv\/#\/schema\/logo\/image\/"}}]}},"jetpack_sharing_enabled":true,"_links":{"self":[{"href":"https:\/\/truusk.store\/sv\/wp-json\/wp\/v2\/product\/75323","targetHints":{"allow":["GET"]}}],"collection":[{"href":"https:\/\/truusk.store\/sv\/wp-json\/wp\/v2\/product"}],"about":[{"href":"https:\/\/truusk.store\/sv\/wp-json\/wp\/v2\/types\/product"}],"wp:featuredmedia":[{"embeddable":true,"href":"https:\/\/truusk.store\/sv\/wp-json\/wp\/v2\/media\/75314"}],"wp:attachment":[{"href":"https:\/\/truusk.store\/sv\/wp-json\/wp\/v2\/media?parent=75323"}],"wp:term":[{"taxonomy":"product_brand","embeddable":true,"href":"https:\/\/truusk.store\/sv\/wp-json\/wp\/v2\/product_brand?post=75323"},{"taxonomy":"product_cat","embeddable":true,"href":"https:\/\/truusk.store\/sv\/wp-json\/wp\/v2\/product_cat?post=75323"},{"taxonomy":"product_tag","embeddable":true,"href":"https:\/\/truusk.store\/sv\/wp-json\/wp\/v2\/product_tag?post=75323"}],"curies":[{"name":"wp","href":"https:\/\/api.w.org\/{rel}","templated":true}]}}