{"id":75383,"date":"2025-06-06T03:43:48","date_gmt":"2025-06-06T02:43:48","guid":{"rendered":"https:\/\/truusk.store\/product\/gamingstol-ergonomisk-spelstol-med-landstod-fotstod-spelstol-med-kaninoron-huvudkudde-hojdjusterbar-kontorsstol-med-justerbar-liggfunktion-rosa\/"},"modified":"2026-03-12T09:38:23","modified_gmt":"2026-03-12T08:38:23","slug":"truusk-gamingstol-med-ergonomisk-design-landstod-och-fotstod-justerbar-kontorsstol-kaninoron-och-huvudkudde-rosa","status":"publish","type":"product","link":"https:\/\/truusk.store\/sv\/produkt\/truusk-gamingstol-med-ergonomisk-design-landstod-och-fotstod-justerbar-kontorsstol-kaninoron-och-huvudkudde-rosa\/","title":{"rendered":"TRUUSK Gamingstol Med Ergonomisk Design &#8211; L\u00e4ndst\u00f6d och Fotst\u00f6d &#8211; Justerbar Kontorsstol &#8211; Kanin\u00f6ron och Huvudkudde &#8211; Rosa &#8211;"},"content":{"rendered":"<p>Uppt\u00e4ck TRUUSK-spelstolen med fotst\u00f6d, perfekt anpassad till stilen p\u00e5 din spel-PC. Med sin tjocka skumstoppning och konstl\u00e4derkl\u00e4dsel \u00e4r den inte bara l\u00e4tt att underh\u00e5lla, utan ocks\u00e5 oerh\u00f6rt bekv\u00e4m. Idealisk f\u00f6r l\u00e5nga sessioner. Den justerbara ryggst\u00f6det och h\u00f6jdjusteringen passar perfekt till ditt skrivbord. 5-hjulsbasen m\u00f6jligg\u00f6r obegr\u00e4nsad r\u00f6rlighet. Och kanin\u00f6ronen? Unika! Missa inte denna stol?<\/p>\n<p>Beskrivning:<\/p>\n<ul>\n<li> Ryggst\u00f6d lutbart upp till 135\u00b0, armst\u00f6det lutar med<\/li>\n<li> Stol med justerbar h\u00f6jd fr\u00e5n 44 till 52 cm, f\u00f6r att anpassa sig till ditt s\u00e4tt att sitta och skrivbordets m\u00e5tt<\/li>\n<li> Gaslyftmekanism, s\u00e5 att h\u00f6jdjusteringen sker stegvis, mjukt och s\u00e4kert<\/li>\n<li> Inneh\u00e5ller tv\u00e5 avtagbara kuddar: en huvudst\u00f6dkudde och en l\u00e4ndkudde<\/li>\n<li> Den utdragbara fotst\u00f6det p\u00e5 spelstolen erbjuder en plats att vila benen och sparar plats n\u00e4r det inte anv\u00e4nds<\/li>\n<li> Kl\u00e4dd med syntetiskt l\u00e4der, som \u00e4r mycket motst\u00e5ndskraftigt mot slitage och l\u00e4tt att reng\u00f6ra<\/li>\n<li> Med en 5-hjuls fot f\u00f6r \u00f6kad stabilitet och en 360\u00b0 roterande sits<\/li>\n<li> Inkluderar ett pannband med kanin\u00f6ron f\u00f6r att ge spelstolen en rolig och unik touch, kan s\u00e4ttas p\u00e5 eller tas bort efter behag<\/li>\n<li> Montering kr\u00e4vs<\/li>\n<\/ul>\n<p> Tekniska data:<\/p>\n<ul>\n<li> F\u00e4rg: Rosa+Vit<\/li>\n<li> Material: Konstl\u00e4der, skum, nylon, st\u00e5l<\/li>\n<li> Totala dimensioner: 65L x 63B x 136-142H cm<\/li>\n<li> M\u00e5tt i liggande l\u00e4ge: 65B x 150T x 117H cm<\/li>\n<li> Maximal lutningsvinkel: 135\u00b0<\/li>\n<li> Sitsstorlek: 50B x 48T x 44-52H cm<\/li>\n<li> Armst\u00f6d: 22 cm (upp till sits)<\/li>\n<li> Ryggst\u00f6d: 80B x 55T x 5H cm<\/li>\n<li> L\u00e4ndst\u00f6d: 30B x 19T x 8H cm<\/li>\n<li> Huvudst\u00f6d: 28B x 19T x 10H cm<\/li>\n<li> Fotst\u00f6d: 34B x 21T x 6H cm<\/li>\n<li> B\u00e4rkapacitet: 120 kg<\/li>\n<\/ul>\n<p>Leveransinneh\u00e5ll:<\/p>\n<ul>\n<li> 1x Spelstol<\/li>\n<li> 1x Bruksanvisning<\/li>\n<\/ul>\n","protected":false},"excerpt":{"rendered":"<p>Uppt\u00e4ck TRUUSK-spelstolen med fotst\u00f6d, perfekt anpassad till stilen p\u00e5 din spel-PC. Med sin tjocka skumstoppning och konstl\u00e4derkl\u00e4dsel \u00e4r den inte&#8230;<\/p>\n","protected":false},"featured_media":75374,"template":"","meta":[],"product_brand":[],"product_cat":[1009,872,871],"product_tag":[],"class_list":{"0":"post-75383","1":"product","2":"type-product","3":"status-publish","4":"has-post-thumbnail","6":"product_cat-gamingstolar","7":"product_cat-hemmakontor-arbetsplats","8":"product_cat-hus-hem","10":"first","11":"instock","12":"sale","13":"taxable","14":"shipping-taxable","15":"purchasable","16":"product-type-simple"},"yoast_head":"<!-- This site is optimized with the Yoast SEO plugin v25.4 - https:\/\/yoast.com\/wordpress\/plugins\/seo\/ -->\n<title>TRUUSK Gamingstol Med Ergonomisk Design - L\u00e4ndst\u00f6d och Fotst\u00f6d - Justerbar Kontorsstol - Kanin\u00f6ron och Huvudkudde - Rosa - TRUUSK - Hem, Tr\u00e4dg\u00e5rd &amp; Fritid<\/title>\n<meta name=\"robots\" content=\"index, follow, max-snippet:-1, max-image-preview:large, max-video-preview:-1\" \/>\n<link rel=\"canonical\" href=\"https:\/\/truusk.store\/sv\/produkt\/truusk-gamingstol-med-ergonomisk-design-landstod-och-fotstod-justerbar-kontorsstol-kaninoron-och-huvudkudde-rosa\/\" \/>\n<meta property=\"og:locale\" content=\"sv_SE\" \/>\n<meta property=\"og:type\" content=\"article\" \/>\n<meta property=\"og:title\" content=\"TRUUSK Gamingstol Med Ergonomisk Design - L\u00e4ndst\u00f6d och Fotst\u00f6d - Justerbar Kontorsstol - Kanin\u00f6ron och Huvudkudde - Rosa - TRUUSK - Hem, Tr\u00e4dg\u00e5rd &amp; Fritid\" \/>\n<meta property=\"og:description\" content=\"Uppt\u00e4ck TRUUSK-spelstolen med fotst\u00f6d, perfekt anpassad till stilen p\u00e5 din spel-PC. Med sin tjocka skumstoppning och konstl\u00e4derkl\u00e4dsel \u00e4r den inte...\" \/>\n<meta property=\"og:url\" content=\"https:\/\/truusk.store\/sv\/produkt\/truusk-gamingstol-med-ergonomisk-design-landstod-och-fotstod-justerbar-kontorsstol-kaninoron-och-huvudkudde-rosa\/\" \/>\n<meta property=\"og:site_name\" content=\"TRUUSK - Hem, Tr\u00e4dg\u00e5rd &amp; Fritid\" \/>\n<meta property=\"article:modified_time\" content=\"2026-03-12T08:38:23+00:00\" \/>\n<meta property=\"og:image\" content=\"https:\/\/i0.wp.com\/truusk.se\/wp-content\/uploads\/2025\/06\/gamingstol-ergonomisk-spelstol-med-landstod-fotstod-spelstol-med-kaninoron-huvudkudde-hojdjusterbar-kontorsstol-med-justerbar-liggfunktion-rosa-1.webp?fit=2000%2C2000&ssl=1\" \/>\n\t<meta property=\"og:image:width\" content=\"2000\" \/>\n\t<meta property=\"og:image:height\" content=\"2000\" \/>\n\t<meta property=\"og:image:type\" content=\"image\/webp\" \/>\n<meta name=\"twitter:card\" content=\"summary_large_image\" \/>\n<meta name=\"twitter:label1\" content=\"Ber\u00e4knad l\u00e4stid\" \/>\n\t<meta name=\"twitter:data1\" content=\"1 minut\" \/>\n<!-- \/ Yoast SEO plugin. -->","yoast_head_json":{"title":"TRUUSK Gamingstol Med Ergonomisk Design - L\u00e4ndst\u00f6d och Fotst\u00f6d - Justerbar Kontorsstol - Kanin\u00f6ron och Huvudkudde - Rosa - TRUUSK - Hem, Tr\u00e4dg\u00e5rd &amp; Fritid","robots":{"index":"index","follow":"follow","max-snippet":"max-snippet:-1","max-image-preview":"max-image-preview:large","max-video-preview":"max-video-preview:-1"},"canonical":"https:\/\/truusk.store\/sv\/produkt\/truusk-gamingstol-med-ergonomisk-design-landstod-och-fotstod-justerbar-kontorsstol-kaninoron-och-huvudkudde-rosa\/","og_locale":"sv_SE","og_type":"article","og_title":"TRUUSK Gamingstol Med Ergonomisk Design - L\u00e4ndst\u00f6d och Fotst\u00f6d - Justerbar Kontorsstol - Kanin\u00f6ron och Huvudkudde - Rosa - TRUUSK - Hem, Tr\u00e4dg\u00e5rd &amp; Fritid","og_description":"Uppt\u00e4ck TRUUSK-spelstolen med fotst\u00f6d, perfekt anpassad till stilen p\u00e5 din spel-PC. Med sin tjocka skumstoppning och konstl\u00e4derkl\u00e4dsel \u00e4r den inte...","og_url":"https:\/\/truusk.store\/sv\/produkt\/truusk-gamingstol-med-ergonomisk-design-landstod-och-fotstod-justerbar-kontorsstol-kaninoron-och-huvudkudde-rosa\/","og_site_name":"TRUUSK - Hem, Tr\u00e4dg\u00e5rd &amp; Fritid","article_modified_time":"2026-03-12T08:38:23+00:00","og_image":[{"width":2000,"height":2000,"url":"https:\/\/i0.wp.com\/truusk.se\/wp-content\/uploads\/2025\/06\/gamingstol-ergonomisk-spelstol-med-landstod-fotstod-spelstol-med-kaninoron-huvudkudde-hojdjusterbar-kontorsstol-med-justerbar-liggfunktion-rosa-1.webp?fit=2000%2C2000&ssl=1","type":"image\/webp"}],"twitter_card":"summary_large_image","twitter_misc":{"Ber\u00e4knad l\u00e4stid":"1 minut"},"schema":{"@context":"https:\/\/schema.org","@graph":[{"@type":"WebPage","@id":"https:\/\/truusk.store\/sv\/produkt\/truusk-gamingstol-med-ergonomisk-design-landstod-och-fotstod-justerbar-kontorsstol-kaninoron-och-huvudkudde-rosa\/","url":"https:\/\/truusk.store\/sv\/produkt\/truusk-gamingstol-med-ergonomisk-design-landstod-och-fotstod-justerbar-kontorsstol-kaninoron-och-huvudkudde-rosa\/","name":"TRUUSK Gamingstol Med Ergonomisk Design - L\u00e4ndst\u00f6d och Fotst\u00f6d - Justerbar Kontorsstol - Kanin\u00f6ron och Huvudkudde - Rosa - TRUUSK - Hem, Tr\u00e4dg\u00e5rd &amp; Fritid","isPartOf":{"@id":"https:\/\/truusk.store\/sv\/#website"},"primaryImageOfPage":{"@id":"https:\/\/truusk.store\/sv\/produkt\/truusk-gamingstol-med-ergonomisk-design-landstod-och-fotstod-justerbar-kontorsstol-kaninoron-och-huvudkudde-rosa\/#primaryimage"},"image":{"@id":"https:\/\/truusk.store\/sv\/produkt\/truusk-gamingstol-med-ergonomisk-design-landstod-och-fotstod-justerbar-kontorsstol-kaninoron-och-huvudkudde-rosa\/#primaryimage"},"thumbnailUrl":"https:\/\/i0.wp.com\/truusk.store\/wp-content\/uploads\/2025\/06\/gamingstol-ergonomisk-spelstol-med-landstod-fotstod-spelstol-med-kaninoron-huvudkudde-hojdjusterbar-kontorsstol-med-justerbar-liggfunktion-rosa-1.webp?fit=2000%2C2000&ssl=1","datePublished":"2025-06-06T02:43:48+00:00","dateModified":"2026-03-12T08:38:23+00:00","breadcrumb":{"@id":"https:\/\/truusk.store\/sv\/produkt\/truusk-gamingstol-med-ergonomisk-design-landstod-och-fotstod-justerbar-kontorsstol-kaninoron-och-huvudkudde-rosa\/#breadcrumb"},"inLanguage":"sv-SE","potentialAction":[{"@type":"ReadAction","target":["https:\/\/truusk.store\/sv\/produkt\/truusk-gamingstol-med-ergonomisk-design-landstod-och-fotstod-justerbar-kontorsstol-kaninoron-och-huvudkudde-rosa\/"]}]},{"@type":"ImageObject","inLanguage":"sv-SE","@id":"https:\/\/truusk.store\/sv\/produkt\/truusk-gamingstol-med-ergonomisk-design-landstod-och-fotstod-justerbar-kontorsstol-kaninoron-och-huvudkudde-rosa\/#primaryimage","url":"https:\/\/i0.wp.com\/truusk.store\/wp-content\/uploads\/2025\/06\/gamingstol-ergonomisk-spelstol-med-landstod-fotstod-spelstol-med-kaninoron-huvudkudde-hojdjusterbar-kontorsstol-med-justerbar-liggfunktion-rosa-1.webp?fit=2000%2C2000&ssl=1","contentUrl":"https:\/\/i0.wp.com\/truusk.store\/wp-content\/uploads\/2025\/06\/gamingstol-ergonomisk-spelstol-med-landstod-fotstod-spelstol-med-kaninoron-huvudkudde-hojdjusterbar-kontorsstol-med-justerbar-liggfunktion-rosa-1.webp?fit=2000%2C2000&ssl=1","width":2000,"height":2000},{"@type":"BreadcrumbList","@id":"https:\/\/truusk.store\/sv\/produkt\/truusk-gamingstol-med-ergonomisk-design-landstod-och-fotstod-justerbar-kontorsstol-kaninoron-och-huvudkudde-rosa\/#breadcrumb","itemListElement":[{"@type":"ListItem","position":1,"name":"Home","item":"https:\/\/truusk.store\/sv\/"},{"@type":"ListItem","position":2,"name":"Shop","item":"https:\/\/truusk.store\/shop\/"},{"@type":"ListItem","position":3,"name":"TRUUSK Gamingstol Med Ergonomisk Design &#8211; L\u00e4ndst\u00f6d och Fotst\u00f6d &#8211; Justerbar Kontorsstol &#8211; Kanin\u00f6ron och Huvudkudde &#8211; Rosa &#8211;"}]},{"@type":"WebSite","@id":"https:\/\/truusk.store\/sv\/#website","url":"https:\/\/truusk.store\/sv\/","name":"TRUUSK - Hem, Tr\u00e4dg\u00e5rd & Fritid","description":"","publisher":{"@id":"https:\/\/truusk.store\/sv\/#organization"},"potentialAction":[{"@type":"SearchAction","target":{"@type":"EntryPoint","urlTemplate":"https:\/\/truusk.store\/sv\/?s={search_term_string}"},"query-input":{"@type":"PropertyValueSpecification","valueRequired":true,"valueName":"search_term_string"}}],"inLanguage":"sv-SE"},{"@type":"Organization","@id":"https:\/\/truusk.store\/sv\/#organization","name":"TRUUSK - Hem, Tr\u00e4dg\u00e5rd & Fritid","url":"https:\/\/truusk.store\/sv\/","logo":{"@type":"ImageObject","inLanguage":"sv-SE","@id":"https:\/\/truusk.store\/sv\/#\/schema\/logo\/image\/","url":"https:\/\/i0.wp.com\/truusk.store\/wp-content\/uploads\/2026\/03\/cropped-TRUUSK.png?fit=2032%2C917&ssl=1","contentUrl":"https:\/\/i0.wp.com\/truusk.store\/wp-content\/uploads\/2026\/03\/cropped-TRUUSK.png?fit=2032%2C917&ssl=1","width":2032,"height":917,"caption":"TRUUSK - Hem, Tr\u00e4dg\u00e5rd & Fritid"},"image":{"@id":"https:\/\/truusk.store\/sv\/#\/schema\/logo\/image\/"}}]}},"jetpack_sharing_enabled":true,"_links":{"self":[{"href":"https:\/\/truusk.store\/sv\/wp-json\/wp\/v2\/product\/75383","targetHints":{"allow":["GET"]}}],"collection":[{"href":"https:\/\/truusk.store\/sv\/wp-json\/wp\/v2\/product"}],"about":[{"href":"https:\/\/truusk.store\/sv\/wp-json\/wp\/v2\/types\/product"}],"wp:featuredmedia":[{"embeddable":true,"href":"https:\/\/truusk.store\/sv\/wp-json\/wp\/v2\/media\/75374"}],"wp:attachment":[{"href":"https:\/\/truusk.store\/sv\/wp-json\/wp\/v2\/media?parent=75383"}],"wp:term":[{"taxonomy":"product_brand","embeddable":true,"href":"https:\/\/truusk.store\/sv\/wp-json\/wp\/v2\/product_brand?post=75383"},{"taxonomy":"product_cat","embeddable":true,"href":"https:\/\/truusk.store\/sv\/wp-json\/wp\/v2\/product_cat?post=75383"},{"taxonomy":"product_tag","embeddable":true,"href":"https:\/\/truusk.store\/sv\/wp-json\/wp\/v2\/product_tag?post=75383"}],"curies":[{"name":"wp","href":"https:\/\/api.w.org\/{rel}","templated":true}]}}