{"id":75403,"date":"2025-06-06T03:45:39","date_gmt":"2025-06-06T02:45:39","guid":{"rendered":"https:\/\/truusk.store\/product\/koksskap-hogt-skap-med-mikrovagshylla-buffeskap-med-soft-close-dorr-forvaringsskap-vitrinskap-for-kok-matsal-79x40x175-cm-vit\/"},"modified":"2026-03-12T08:43:16","modified_gmt":"2026-03-12T07:43:16","slug":"truusk-koksskap-hogt-skap-med-mikrovagshylla-buffeskap-med-soft-close-dorr-forvaringsskap-vitrinskap-vit-79x40x175-cm","status":"publish","type":"product","link":"https:\/\/truusk.store\/sv\/produkt\/truusk-koksskap-hogt-skap-med-mikrovagshylla-buffeskap-med-soft-close-dorr-forvaringsskap-vitrinskap-vit-79x40x175-cm\/","title":{"rendered":"TRUUSK K\u00f6kssk\u00e5p &#8211; H\u00f6gt Sk\u00e5p Med Mikrov\u00e5gshylla &#8211; Buff\u00e9sk\u00e5p Med Soft-Close-d\u00f6rr &#8211; F\u00f6rvaringssk\u00e5p Vitrinsk\u00e5p &#8211; Vit &#8211; 79x40x175 Cm"},"content":{"rendered":"<p>Upplev effektiv organisering med den stiliga TRUUSK k\u00f6kssk\u00e5pet, utrustad med en speciell mikrov\u00e5gsarbetsyta och stora dubbeld\u00f6rrsk\u00e5p. Den robusta sp\u00e5nskivekonstruktionen av flerfunktionssk\u00e5pet med elegant melaminbel\u00e4ggning garanterar ett st\u00e4dat k\u00f6k och fungerar ocks\u00e5 perfekt som en elegant kaffebaren. Soft-Close-g\u00e5ngj\u00e4rn och tippskydd \u00f6kar dessutom s\u00e4kerheten och estetiken.<\/p>\n<p>Beskrivning:<\/p>\n<ul>\n<li> Det speciella mikrov\u00e5gsarbetsytan p\u00e5 vitrinsk\u00e5pet underl\u00e4ttar matlagningen<\/li>\n<li> Tv\u00e5 dubbeld\u00f6rrsk\u00e5p p\u00e5 skafferisk\u00e5pet erbjuder gott om f\u00f6rvaringsutrymme<\/li>\n<li> Sp\u00e5nskiva med melaminbel\u00e4ggning garanterar h\u00e5llbarhet<\/li>\n<li> Tipp-s\u00e4kert design<\/li>\n<li> Soft-Close-g\u00e5ngj\u00e4rnen p\u00e5 mikrov\u00e5gssk\u00e5pet \u00e4r behagligt tysta<\/li>\n<li> Montering kr\u00e4vs<\/li>\n<\/ul>\n<p> Tekniska data:<\/p>\n<ul>\n<li> F\u00e4rg: Vit<\/li>\n<li> Material: Sp\u00e5nskiva<\/li>\n<li> Totala dimensioner: 79B x 40D x 175H cm<\/li>\n<li> Arbetsyta storlek: 76,5B x 37D x 35,4H cm<\/li>\n<li> Inre dimensioner av sk\u00e5pet: 76,4B x 36,7D x 45,5\/77,5H cm<\/li>\n<li> Avst\u00e5nd fr\u00e5n golvet: 12 cm<\/li>\n<li> B\u00e4rkapacitet: 40 kg (totalt), 10 kg (per niv\u00e5)<\/li>\n<\/ul>\n<p>Leverans inneh\u00e5ller:<\/p>\n<ul>\n<li> 1 x K\u00f6kssk\u00e5p<\/li>\n<li> 1 x Bruksanvisning<\/li>\n<\/ul>\n","protected":false},"excerpt":{"rendered":"<p>Upplev effektiv organisering med den stiliga TRUUSK k\u00f6kssk\u00e5pet, utrustad med en speciell mikrov\u00e5gsarbetsyta och stora dubbeld\u00f6rrsk\u00e5p. Den robusta sp\u00e5nskivekonstruktionen av&#8230;<\/p>\n","protected":false},"featured_media":75394,"template":"","meta":[],"product_brand":[],"product_cat":[871,889,534],"product_tag":[],"class_list":{"0":"post-75403","1":"product","2":"type-product","3":"status-publish","4":"has-post-thumbnail","6":"product_cat-hus-hem","7":"product_cat-kok-matsal","8":"product_cat-koksskap","10":"first","11":"instock","12":"sale","13":"taxable","14":"shipping-taxable","15":"purchasable","16":"product-type-simple"},"yoast_head":"<!-- This site is optimized with the Yoast SEO plugin v25.4 - https:\/\/yoast.com\/wordpress\/plugins\/seo\/ -->\n<title>TRUUSK K\u00f6kssk\u00e5p - H\u00f6gt Sk\u00e5p Med Mikrov\u00e5gshylla - Buff\u00e9sk\u00e5p Med Soft-Close-d\u00f6rr - F\u00f6rvaringssk\u00e5p Vitrinsk\u00e5p - Vit - 79x40x175 Cm - TRUUSK - Hem, Tr\u00e4dg\u00e5rd &amp; Fritid<\/title>\n<meta name=\"robots\" content=\"index, follow, max-snippet:-1, max-image-preview:large, max-video-preview:-1\" \/>\n<link rel=\"canonical\" href=\"https:\/\/truusk.store\/sv\/produkt\/truusk-koksskap-hogt-skap-med-mikrovagshylla-buffeskap-med-soft-close-dorr-forvaringsskap-vitrinskap-vit-79x40x175-cm\/\" \/>\n<meta property=\"og:locale\" content=\"sv_SE\" \/>\n<meta property=\"og:type\" content=\"article\" \/>\n<meta property=\"og:title\" content=\"TRUUSK K\u00f6kssk\u00e5p - H\u00f6gt Sk\u00e5p Med Mikrov\u00e5gshylla - Buff\u00e9sk\u00e5p Med Soft-Close-d\u00f6rr - F\u00f6rvaringssk\u00e5p Vitrinsk\u00e5p - Vit - 79x40x175 Cm - TRUUSK - Hem, Tr\u00e4dg\u00e5rd &amp; Fritid\" \/>\n<meta property=\"og:description\" content=\"Upplev effektiv organisering med den stiliga TRUUSK k\u00f6kssk\u00e5pet, utrustad med en speciell mikrov\u00e5gsarbetsyta och stora dubbeld\u00f6rrsk\u00e5p. Den robusta sp\u00e5nskivekonstruktionen av...\" \/>\n<meta property=\"og:url\" content=\"https:\/\/truusk.store\/sv\/produkt\/truusk-koksskap-hogt-skap-med-mikrovagshylla-buffeskap-med-soft-close-dorr-forvaringsskap-vitrinskap-vit-79x40x175-cm\/\" \/>\n<meta property=\"og:site_name\" content=\"TRUUSK - Hem, Tr\u00e4dg\u00e5rd &amp; Fritid\" \/>\n<meta property=\"article:modified_time\" content=\"2026-03-12T07:43:16+00:00\" \/>\n<meta property=\"og:image\" content=\"https:\/\/i0.wp.com\/truusk.se\/wp-content\/uploads\/2025\/06\/koksskap-hogt-skap-med-mikrovagshylla-buffeskap-med-soft-close-dorr-forvaringsskap-vitrinskap-for-kok-matsal-79x40x175-cm-vit-1.webp?fit=2000%2C2000&ssl=1\" \/>\n\t<meta property=\"og:image:width\" content=\"2000\" \/>\n\t<meta property=\"og:image:height\" content=\"2000\" \/>\n\t<meta property=\"og:image:type\" content=\"image\/webp\" \/>\n<meta name=\"twitter:card\" content=\"summary_large_image\" \/>\n<meta name=\"twitter:label1\" content=\"Ber\u00e4knad l\u00e4stid\" \/>\n\t<meta name=\"twitter:data1\" content=\"1 minut\" \/>\n<!-- \/ Yoast SEO plugin. -->","yoast_head_json":{"title":"TRUUSK K\u00f6kssk\u00e5p - H\u00f6gt Sk\u00e5p Med Mikrov\u00e5gshylla - Buff\u00e9sk\u00e5p Med Soft-Close-d\u00f6rr - F\u00f6rvaringssk\u00e5p Vitrinsk\u00e5p - Vit - 79x40x175 Cm - TRUUSK - Hem, Tr\u00e4dg\u00e5rd &amp; Fritid","robots":{"index":"index","follow":"follow","max-snippet":"max-snippet:-1","max-image-preview":"max-image-preview:large","max-video-preview":"max-video-preview:-1"},"canonical":"https:\/\/truusk.store\/sv\/produkt\/truusk-koksskap-hogt-skap-med-mikrovagshylla-buffeskap-med-soft-close-dorr-forvaringsskap-vitrinskap-vit-79x40x175-cm\/","og_locale":"sv_SE","og_type":"article","og_title":"TRUUSK K\u00f6kssk\u00e5p - H\u00f6gt Sk\u00e5p Med Mikrov\u00e5gshylla - Buff\u00e9sk\u00e5p Med Soft-Close-d\u00f6rr - F\u00f6rvaringssk\u00e5p Vitrinsk\u00e5p - Vit - 79x40x175 Cm - TRUUSK - Hem, Tr\u00e4dg\u00e5rd &amp; Fritid","og_description":"Upplev effektiv organisering med den stiliga TRUUSK k\u00f6kssk\u00e5pet, utrustad med en speciell mikrov\u00e5gsarbetsyta och stora dubbeld\u00f6rrsk\u00e5p. Den robusta sp\u00e5nskivekonstruktionen av...","og_url":"https:\/\/truusk.store\/sv\/produkt\/truusk-koksskap-hogt-skap-med-mikrovagshylla-buffeskap-med-soft-close-dorr-forvaringsskap-vitrinskap-vit-79x40x175-cm\/","og_site_name":"TRUUSK - Hem, Tr\u00e4dg\u00e5rd &amp; Fritid","article_modified_time":"2026-03-12T07:43:16+00:00","og_image":[{"width":2000,"height":2000,"url":"https:\/\/i0.wp.com\/truusk.se\/wp-content\/uploads\/2025\/06\/koksskap-hogt-skap-med-mikrovagshylla-buffeskap-med-soft-close-dorr-forvaringsskap-vitrinskap-for-kok-matsal-79x40x175-cm-vit-1.webp?fit=2000%2C2000&ssl=1","type":"image\/webp"}],"twitter_card":"summary_large_image","twitter_misc":{"Ber\u00e4knad l\u00e4stid":"1 minut"},"schema":{"@context":"https:\/\/schema.org","@graph":[{"@type":"WebPage","@id":"https:\/\/truusk.store\/sv\/produkt\/truusk-koksskap-hogt-skap-med-mikrovagshylla-buffeskap-med-soft-close-dorr-forvaringsskap-vitrinskap-vit-79x40x175-cm\/","url":"https:\/\/truusk.store\/sv\/produkt\/truusk-koksskap-hogt-skap-med-mikrovagshylla-buffeskap-med-soft-close-dorr-forvaringsskap-vitrinskap-vit-79x40x175-cm\/","name":"TRUUSK K\u00f6kssk\u00e5p - H\u00f6gt Sk\u00e5p Med Mikrov\u00e5gshylla - Buff\u00e9sk\u00e5p Med Soft-Close-d\u00f6rr - F\u00f6rvaringssk\u00e5p Vitrinsk\u00e5p - Vit - 79x40x175 Cm - TRUUSK - Hem, Tr\u00e4dg\u00e5rd &amp; Fritid","isPartOf":{"@id":"https:\/\/truusk.store\/sv\/#website"},"primaryImageOfPage":{"@id":"https:\/\/truusk.store\/sv\/produkt\/truusk-koksskap-hogt-skap-med-mikrovagshylla-buffeskap-med-soft-close-dorr-forvaringsskap-vitrinskap-vit-79x40x175-cm\/#primaryimage"},"image":{"@id":"https:\/\/truusk.store\/sv\/produkt\/truusk-koksskap-hogt-skap-med-mikrovagshylla-buffeskap-med-soft-close-dorr-forvaringsskap-vitrinskap-vit-79x40x175-cm\/#primaryimage"},"thumbnailUrl":"https:\/\/i0.wp.com\/truusk.store\/wp-content\/uploads\/2025\/06\/koksskap-hogt-skap-med-mikrovagshylla-buffeskap-med-soft-close-dorr-forvaringsskap-vitrinskap-for-kok-matsal-79x40x175-cm-vit-1.webp?fit=2000%2C2000&ssl=1","datePublished":"2025-06-06T02:45:39+00:00","dateModified":"2026-03-12T07:43:16+00:00","breadcrumb":{"@id":"https:\/\/truusk.store\/sv\/produkt\/truusk-koksskap-hogt-skap-med-mikrovagshylla-buffeskap-med-soft-close-dorr-forvaringsskap-vitrinskap-vit-79x40x175-cm\/#breadcrumb"},"inLanguage":"sv-SE","potentialAction":[{"@type":"ReadAction","target":["https:\/\/truusk.store\/sv\/produkt\/truusk-koksskap-hogt-skap-med-mikrovagshylla-buffeskap-med-soft-close-dorr-forvaringsskap-vitrinskap-vit-79x40x175-cm\/"]}]},{"@type":"ImageObject","inLanguage":"sv-SE","@id":"https:\/\/truusk.store\/sv\/produkt\/truusk-koksskap-hogt-skap-med-mikrovagshylla-buffeskap-med-soft-close-dorr-forvaringsskap-vitrinskap-vit-79x40x175-cm\/#primaryimage","url":"https:\/\/i0.wp.com\/truusk.store\/wp-content\/uploads\/2025\/06\/koksskap-hogt-skap-med-mikrovagshylla-buffeskap-med-soft-close-dorr-forvaringsskap-vitrinskap-for-kok-matsal-79x40x175-cm-vit-1.webp?fit=2000%2C2000&ssl=1","contentUrl":"https:\/\/i0.wp.com\/truusk.store\/wp-content\/uploads\/2025\/06\/koksskap-hogt-skap-med-mikrovagshylla-buffeskap-med-soft-close-dorr-forvaringsskap-vitrinskap-for-kok-matsal-79x40x175-cm-vit-1.webp?fit=2000%2C2000&ssl=1","width":2000,"height":2000},{"@type":"BreadcrumbList","@id":"https:\/\/truusk.store\/sv\/produkt\/truusk-koksskap-hogt-skap-med-mikrovagshylla-buffeskap-med-soft-close-dorr-forvaringsskap-vitrinskap-vit-79x40x175-cm\/#breadcrumb","itemListElement":[{"@type":"ListItem","position":1,"name":"Home","item":"https:\/\/truusk.store\/sv\/"},{"@type":"ListItem","position":2,"name":"Shop","item":"https:\/\/truusk.store\/shop\/"},{"@type":"ListItem","position":3,"name":"TRUUSK K\u00f6kssk\u00e5p &#8211; H\u00f6gt Sk\u00e5p Med Mikrov\u00e5gshylla &#8211; Buff\u00e9sk\u00e5p Med Soft-Close-d\u00f6rr &#8211; F\u00f6rvaringssk\u00e5p Vitrinsk\u00e5p &#8211; Vit &#8211; 79x40x175 Cm"}]},{"@type":"WebSite","@id":"https:\/\/truusk.store\/sv\/#website","url":"https:\/\/truusk.store\/sv\/","name":"TRUUSK - Hem, Tr\u00e4dg\u00e5rd & Fritid","description":"","publisher":{"@id":"https:\/\/truusk.store\/sv\/#organization"},"potentialAction":[{"@type":"SearchAction","target":{"@type":"EntryPoint","urlTemplate":"https:\/\/truusk.store\/sv\/?s={search_term_string}"},"query-input":{"@type":"PropertyValueSpecification","valueRequired":true,"valueName":"search_term_string"}}],"inLanguage":"sv-SE"},{"@type":"Organization","@id":"https:\/\/truusk.store\/sv\/#organization","name":"TRUUSK - Hem, Tr\u00e4dg\u00e5rd & Fritid","url":"https:\/\/truusk.store\/sv\/","logo":{"@type":"ImageObject","inLanguage":"sv-SE","@id":"https:\/\/truusk.store\/sv\/#\/schema\/logo\/image\/","url":"https:\/\/i0.wp.com\/truusk.store\/wp-content\/uploads\/2026\/03\/cropped-TRUUSK.png?fit=2032%2C917&ssl=1","contentUrl":"https:\/\/i0.wp.com\/truusk.store\/wp-content\/uploads\/2026\/03\/cropped-TRUUSK.png?fit=2032%2C917&ssl=1","width":2032,"height":917,"caption":"TRUUSK - Hem, Tr\u00e4dg\u00e5rd & Fritid"},"image":{"@id":"https:\/\/truusk.store\/sv\/#\/schema\/logo\/image\/"}}]}},"jetpack_sharing_enabled":true,"_links":{"self":[{"href":"https:\/\/truusk.store\/sv\/wp-json\/wp\/v2\/product\/75403","targetHints":{"allow":["GET"]}}],"collection":[{"href":"https:\/\/truusk.store\/sv\/wp-json\/wp\/v2\/product"}],"about":[{"href":"https:\/\/truusk.store\/sv\/wp-json\/wp\/v2\/types\/product"}],"wp:featuredmedia":[{"embeddable":true,"href":"https:\/\/truusk.store\/sv\/wp-json\/wp\/v2\/media\/75394"}],"wp:attachment":[{"href":"https:\/\/truusk.store\/sv\/wp-json\/wp\/v2\/media?parent=75403"}],"wp:term":[{"taxonomy":"product_brand","embeddable":true,"href":"https:\/\/truusk.store\/sv\/wp-json\/wp\/v2\/product_brand?post=75403"},{"taxonomy":"product_cat","embeddable":true,"href":"https:\/\/truusk.store\/sv\/wp-json\/wp\/v2\/product_cat?post=75403"},{"taxonomy":"product_tag","embeddable":true,"href":"https:\/\/truusk.store\/sv\/wp-json\/wp\/v2\/product_tag?post=75403"}],"curies":[{"name":"wp","href":"https:\/\/api.w.org\/{rel}","templated":true}]}}