{"id":75433,"date":"2025-06-06T03:48:41","date_gmt":"2025-06-06T02:48:41","guid":{"rendered":"https:\/\/truusk.store\/product\/grilloverdrag-bbq-overdrag-vaderbestandigt-gasgrilloverdrag-med-kardborreband-600d-oxford-svart-147-x-61-x-122cm\/"},"modified":"2026-03-12T08:44:17","modified_gmt":"2026-03-12T07:44:17","slug":"truusk-grilloverdrag-vaderbestandigt-med-kardborreband-600d-oxford-svart-147-x-61-x-122cm","status":"publish","type":"product","link":"https:\/\/truusk.store\/sv\/produkt\/truusk-grilloverdrag-vaderbestandigt-med-kardborreband-600d-oxford-svart-147-x-61-x-122cm\/","title":{"rendered":"TRUUSK Grill\u00f6verdrag &#8211; V\u00e4derbest\u00e4ndigt &#8211; Med Kardborreband &#8211; 600D Oxford &#8211; Svart &#8211; 147 x 61 x 122cm"},"content":{"rendered":"<p>Skydda din rektangul\u00e4ra BBQ med den eleganta TRUUSK grill\u00f6verdraget! Tillverkad av 600D Oxford-tyg med konstl\u00e4derbel\u00e4ggning, erbjuder denna BBQ \u00f6verdrag skydd mot regn, sol, sn\u00f6 och damm. Tack vare de praktiska kardborrebanden p\u00e5 grill\u00f6verdraget \u00e4r grillen redo att anv\u00e4ndas \u00e5ret runt. Lita p\u00e5 detta stilfulla och p\u00e5litliga skydd.<\/p>\n<p>Beskrivning:<\/p>\n<ul>\n<li> Rektangul\u00e4rt grill\u00f6verdrag passar t\u00e4tt p\u00e5 de flesta grillar<\/li>\n<li> 600D Oxford-tyg med konstl\u00e4derbel\u00e4ggning garanterar vattent\u00e4tt skydd<\/li>\n<li> UPF30+ material p\u00e5 grill\u00f6verdraget f\u00f6rhindrar blekning av f\u00e4rger och skador p\u00e5 tyget<\/li>\n<li> Dammt\u00e4t design h\u00e5ller din grill ren och redo att anv\u00e4ndas<\/li>\n<li> Kardborreband s\u00e4krar grill\u00f6verdraget vid bl\u00e5siga f\u00f6rh\u00e5llanden<\/li>\n<li> Med ventilations\u00f6ppningar f\u00f6r att beh\u00e5lla luftfl\u00f6det, vilket inneb\u00e4r mindre fukt och ih\u00e5llande lukter<\/li>\n<li> L\u00e4mplig f\u00f6r att skydda utomhusgrillar mot v\u00e4derp\u00e5verkan \u00e5ret runt<\/li>\n<li> OBS: Se till att grillen \u00e4r helt sval innan du t\u00e4cker \u00f6ver den<\/li>\n<\/ul>\n<p> Tekniska data:<\/p>\n<ul>\n<li> F\u00e4rg: Svart<\/li>\n<li> Material: 600D Oxford-tyg<\/li>\n<li> Totala dimensioner: 147L x 61B x 122H cm<\/li>\n<li> Passande grilldimensioner: mindre \u00e4n 145L x 60B x 120H cm<\/li>\n<\/ul>\n<p>Leveransinneh\u00e5ll:<\/p>\n<ul>\n<li> 1 x Grill\u00f6verdrag;<\/li>\n<\/ul>\n","protected":false},"excerpt":{"rendered":"<p>Skydda din rektangul\u00e4ra BBQ med den eleganta TRUUSK grill\u00f6verdraget! Tillverkad av 600D Oxford-tyg med konstl\u00e4derbel\u00e4ggning, erbjuder denna BBQ \u00f6verdrag skydd&#8230;<\/p>\n","protected":false},"featured_media":75424,"template":"","meta":[],"product_brand":[],"product_cat":[440,439,858],"product_tag":[],"class_list":{"0":"post-75433","1":"product","2":"type-product","3":"status-publish","4":"has-post-thumbnail","6":"product_cat-grillar","7":"product_cat-grillning-uppvarmning","8":"product_cat-tradgard-terrass","10":"first","11":"instock","12":"sale","13":"taxable","14":"shipping-taxable","15":"purchasable","16":"product-type-simple"},"yoast_head":"<!-- This site is optimized with the Yoast SEO plugin v25.4 - https:\/\/yoast.com\/wordpress\/plugins\/seo\/ -->\n<title>TRUUSK Grill\u00f6verdrag - V\u00e4derbest\u00e4ndigt - Med Kardborreband - 600D Oxford - Svart - 147 x 61 x 122cm - TRUUSK - Hem, Tr\u00e4dg\u00e5rd &amp; Fritid<\/title>\n<meta name=\"robots\" content=\"index, follow, max-snippet:-1, max-image-preview:large, max-video-preview:-1\" \/>\n<link rel=\"canonical\" href=\"https:\/\/truusk.store\/sv\/produkt\/truusk-grilloverdrag-vaderbestandigt-med-kardborreband-600d-oxford-svart-147-x-61-x-122cm\/\" \/>\n<meta property=\"og:locale\" content=\"sv_SE\" \/>\n<meta property=\"og:type\" content=\"article\" \/>\n<meta property=\"og:title\" content=\"TRUUSK Grill\u00f6verdrag - V\u00e4derbest\u00e4ndigt - Med Kardborreband - 600D Oxford - Svart - 147 x 61 x 122cm - TRUUSK - Hem, Tr\u00e4dg\u00e5rd &amp; Fritid\" \/>\n<meta property=\"og:description\" content=\"Skydda din rektangul\u00e4ra BBQ med den eleganta TRUUSK grill\u00f6verdraget! Tillverkad av 600D Oxford-tyg med konstl\u00e4derbel\u00e4ggning, erbjuder denna BBQ \u00f6verdrag skydd...\" \/>\n<meta property=\"og:url\" content=\"https:\/\/truusk.store\/sv\/produkt\/truusk-grilloverdrag-vaderbestandigt-med-kardborreband-600d-oxford-svart-147-x-61-x-122cm\/\" \/>\n<meta property=\"og:site_name\" content=\"TRUUSK - Hem, Tr\u00e4dg\u00e5rd &amp; Fritid\" \/>\n<meta property=\"article:modified_time\" content=\"2026-03-12T07:44:17+00:00\" \/>\n<meta property=\"og:image\" content=\"https:\/\/i0.wp.com\/truusk.se\/wp-content\/uploads\/2025\/06\/grilloverdrag-bbq-overdrag-vaderbestandigt-gasgrilloverdrag-med-kardborreband-600d-oxford-svart-147-x-61-x-122cm-1.webp?fit=2000%2C2000&ssl=1\" \/>\n\t<meta property=\"og:image:width\" content=\"2000\" \/>\n\t<meta property=\"og:image:height\" content=\"2000\" \/>\n\t<meta property=\"og:image:type\" content=\"image\/webp\" \/>\n<meta name=\"twitter:card\" content=\"summary_large_image\" \/>\n<meta name=\"twitter:label1\" content=\"Ber\u00e4knad l\u00e4stid\" \/>\n\t<meta name=\"twitter:data1\" content=\"1 minut\" \/>\n<!-- \/ Yoast SEO plugin. -->","yoast_head_json":{"title":"TRUUSK Grill\u00f6verdrag - V\u00e4derbest\u00e4ndigt - Med Kardborreband - 600D Oxford - Svart - 147 x 61 x 122cm - TRUUSK - Hem, Tr\u00e4dg\u00e5rd &amp; Fritid","robots":{"index":"index","follow":"follow","max-snippet":"max-snippet:-1","max-image-preview":"max-image-preview:large","max-video-preview":"max-video-preview:-1"},"canonical":"https:\/\/truusk.store\/sv\/produkt\/truusk-grilloverdrag-vaderbestandigt-med-kardborreband-600d-oxford-svart-147-x-61-x-122cm\/","og_locale":"sv_SE","og_type":"article","og_title":"TRUUSK Grill\u00f6verdrag - V\u00e4derbest\u00e4ndigt - Med Kardborreband - 600D Oxford - Svart - 147 x 61 x 122cm - TRUUSK - Hem, Tr\u00e4dg\u00e5rd &amp; Fritid","og_description":"Skydda din rektangul\u00e4ra BBQ med den eleganta TRUUSK grill\u00f6verdraget! Tillverkad av 600D Oxford-tyg med konstl\u00e4derbel\u00e4ggning, erbjuder denna BBQ \u00f6verdrag skydd...","og_url":"https:\/\/truusk.store\/sv\/produkt\/truusk-grilloverdrag-vaderbestandigt-med-kardborreband-600d-oxford-svart-147-x-61-x-122cm\/","og_site_name":"TRUUSK - Hem, Tr\u00e4dg\u00e5rd &amp; Fritid","article_modified_time":"2026-03-12T07:44:17+00:00","og_image":[{"width":2000,"height":2000,"url":"https:\/\/i0.wp.com\/truusk.se\/wp-content\/uploads\/2025\/06\/grilloverdrag-bbq-overdrag-vaderbestandigt-gasgrilloverdrag-med-kardborreband-600d-oxford-svart-147-x-61-x-122cm-1.webp?fit=2000%2C2000&ssl=1","type":"image\/webp"}],"twitter_card":"summary_large_image","twitter_misc":{"Ber\u00e4knad l\u00e4stid":"1 minut"},"schema":{"@context":"https:\/\/schema.org","@graph":[{"@type":"WebPage","@id":"https:\/\/truusk.store\/sv\/produkt\/truusk-grilloverdrag-vaderbestandigt-med-kardborreband-600d-oxford-svart-147-x-61-x-122cm\/","url":"https:\/\/truusk.store\/sv\/produkt\/truusk-grilloverdrag-vaderbestandigt-med-kardborreband-600d-oxford-svart-147-x-61-x-122cm\/","name":"TRUUSK Grill\u00f6verdrag - V\u00e4derbest\u00e4ndigt - Med Kardborreband - 600D Oxford - Svart - 147 x 61 x 122cm - TRUUSK - Hem, Tr\u00e4dg\u00e5rd &amp; Fritid","isPartOf":{"@id":"https:\/\/truusk.store\/sv\/#website"},"primaryImageOfPage":{"@id":"https:\/\/truusk.store\/sv\/produkt\/truusk-grilloverdrag-vaderbestandigt-med-kardborreband-600d-oxford-svart-147-x-61-x-122cm\/#primaryimage"},"image":{"@id":"https:\/\/truusk.store\/sv\/produkt\/truusk-grilloverdrag-vaderbestandigt-med-kardborreband-600d-oxford-svart-147-x-61-x-122cm\/#primaryimage"},"thumbnailUrl":"https:\/\/i0.wp.com\/truusk.store\/wp-content\/uploads\/2025\/06\/grilloverdrag-bbq-overdrag-vaderbestandigt-gasgrilloverdrag-med-kardborreband-600d-oxford-svart-147-x-61-x-122cm-1.webp?fit=2000%2C2000&ssl=1","datePublished":"2025-06-06T02:48:41+00:00","dateModified":"2026-03-12T07:44:17+00:00","breadcrumb":{"@id":"https:\/\/truusk.store\/sv\/produkt\/truusk-grilloverdrag-vaderbestandigt-med-kardborreband-600d-oxford-svart-147-x-61-x-122cm\/#breadcrumb"},"inLanguage":"sv-SE","potentialAction":[{"@type":"ReadAction","target":["https:\/\/truusk.store\/sv\/produkt\/truusk-grilloverdrag-vaderbestandigt-med-kardborreband-600d-oxford-svart-147-x-61-x-122cm\/"]}]},{"@type":"ImageObject","inLanguage":"sv-SE","@id":"https:\/\/truusk.store\/sv\/produkt\/truusk-grilloverdrag-vaderbestandigt-med-kardborreband-600d-oxford-svart-147-x-61-x-122cm\/#primaryimage","url":"https:\/\/i0.wp.com\/truusk.store\/wp-content\/uploads\/2025\/06\/grilloverdrag-bbq-overdrag-vaderbestandigt-gasgrilloverdrag-med-kardborreband-600d-oxford-svart-147-x-61-x-122cm-1.webp?fit=2000%2C2000&ssl=1","contentUrl":"https:\/\/i0.wp.com\/truusk.store\/wp-content\/uploads\/2025\/06\/grilloverdrag-bbq-overdrag-vaderbestandigt-gasgrilloverdrag-med-kardborreband-600d-oxford-svart-147-x-61-x-122cm-1.webp?fit=2000%2C2000&ssl=1","width":2000,"height":2000},{"@type":"BreadcrumbList","@id":"https:\/\/truusk.store\/sv\/produkt\/truusk-grilloverdrag-vaderbestandigt-med-kardborreband-600d-oxford-svart-147-x-61-x-122cm\/#breadcrumb","itemListElement":[{"@type":"ListItem","position":1,"name":"Home","item":"https:\/\/truusk.store\/sv\/"},{"@type":"ListItem","position":2,"name":"Shop","item":"https:\/\/truusk.store\/shop\/"},{"@type":"ListItem","position":3,"name":"TRUUSK Grill\u00f6verdrag &#8211; V\u00e4derbest\u00e4ndigt &#8211; Med Kardborreband &#8211; 600D Oxford &#8211; Svart &#8211; 147 x 61 x 122cm"}]},{"@type":"WebSite","@id":"https:\/\/truusk.store\/sv\/#website","url":"https:\/\/truusk.store\/sv\/","name":"TRUUSK - Hem, Tr\u00e4dg\u00e5rd & Fritid","description":"","publisher":{"@id":"https:\/\/truusk.store\/sv\/#organization"},"potentialAction":[{"@type":"SearchAction","target":{"@type":"EntryPoint","urlTemplate":"https:\/\/truusk.store\/sv\/?s={search_term_string}"},"query-input":{"@type":"PropertyValueSpecification","valueRequired":true,"valueName":"search_term_string"}}],"inLanguage":"sv-SE"},{"@type":"Organization","@id":"https:\/\/truusk.store\/sv\/#organization","name":"TRUUSK - Hem, Tr\u00e4dg\u00e5rd & Fritid","url":"https:\/\/truusk.store\/sv\/","logo":{"@type":"ImageObject","inLanguage":"sv-SE","@id":"https:\/\/truusk.store\/sv\/#\/schema\/logo\/image\/","url":"https:\/\/i0.wp.com\/truusk.store\/wp-content\/uploads\/2026\/03\/cropped-TRUUSK.png?fit=2032%2C917&ssl=1","contentUrl":"https:\/\/i0.wp.com\/truusk.store\/wp-content\/uploads\/2026\/03\/cropped-TRUUSK.png?fit=2032%2C917&ssl=1","width":2032,"height":917,"caption":"TRUUSK - Hem, Tr\u00e4dg\u00e5rd & Fritid"},"image":{"@id":"https:\/\/truusk.store\/sv\/#\/schema\/logo\/image\/"}}]}},"jetpack_sharing_enabled":true,"_links":{"self":[{"href":"https:\/\/truusk.store\/sv\/wp-json\/wp\/v2\/product\/75433","targetHints":{"allow":["GET"]}}],"collection":[{"href":"https:\/\/truusk.store\/sv\/wp-json\/wp\/v2\/product"}],"about":[{"href":"https:\/\/truusk.store\/sv\/wp-json\/wp\/v2\/types\/product"}],"wp:featuredmedia":[{"embeddable":true,"href":"https:\/\/truusk.store\/sv\/wp-json\/wp\/v2\/media\/75424"}],"wp:attachment":[{"href":"https:\/\/truusk.store\/sv\/wp-json\/wp\/v2\/media?parent=75433"}],"wp:term":[{"taxonomy":"product_brand","embeddable":true,"href":"https:\/\/truusk.store\/sv\/wp-json\/wp\/v2\/product_brand?post=75433"},{"taxonomy":"product_cat","embeddable":true,"href":"https:\/\/truusk.store\/sv\/wp-json\/wp\/v2\/product_cat?post=75433"},{"taxonomy":"product_tag","embeddable":true,"href":"https:\/\/truusk.store\/sv\/wp-json\/wp\/v2\/product_tag?post=75433"}],"curies":[{"name":"wp","href":"https:\/\/api.w.org\/{rel}","templated":true}]}}