{"id":75443,"date":"2025-06-06T03:49:51","date_gmt":"2025-06-06T02:49:51","guid":{"rendered":"https:\/\/truusk.store\/product\/kaninstall-for-dvargkaniner-kaninstall-med-frigangshagn-bottenbricka-ramp-smadjursstall-i-tra-marsvinshagn-med-2-vaningar-fonster-156x58x68-cm-ljusgra\/"},"modified":"2026-03-12T09:08:41","modified_gmt":"2026-03-12T08:08:41","slug":"truusk-kaninstall-med-frigangshagn-bottenbricka-ramp-smadjursstall-i-tra-marsvinshagn-med-2-vaningar-fonster-ljusgra","status":"publish","type":"product","link":"https:\/\/truusk.store\/sv\/produkt\/truusk-kaninstall-med-frigangshagn-bottenbricka-ramp-smadjursstall-i-tra-marsvinshagn-med-2-vaningar-fonster-ljusgra\/","title":{"rendered":"TRUUSK Kaninstall med Frig\u00e5ngsh\u00e4gn &#8211; Bottenbricka &#8211; Ramp &#8211; Sm\u00e5djursstall i Tr\u00e4 &#8211; Marsvinsh\u00e4gn med 2 V\u00e5ningar &#8211; F\u00f6nster &#8211; Ljusgr\u00e5"},"content":{"rendered":"<p>Detta rymliga TRUUSK dv\u00e4rgkaninsstall passar ocks\u00e5 perfekt f\u00f6r marsvin och mindre djur. B\u00e5de huvudbyggnaden och den angr\u00e4nsande buren erbjuder gott om utrymme f\u00f6r lek och vila p\u00e5 tv\u00e5 niv\u00e5er. De vattent\u00e4ta v\u00e4ggarna och den robusta j\u00e4rntr\u00e5den i sm\u00e5djursstallet skyddar mot v\u00e4der och st\u00f6rre djur. Ge dina sm\u00e5 p\u00e4lsiga v\u00e4nner det utrymme de beh\u00f6ver.<\/p>\n<p>Beskrivning:<\/p>\n<ul>\n<li> Stort inh\u00e4gnat omr\u00e5de med 1,56 m fr\u00e5n ena \u00e4nden till den andra p\u00e5 nedre v\u00e5ningen<\/li>\n<li> Stor huvudbyggnad med rastg\u00e5rd, kan enkelt tas bort med l\u00e5s<\/li>\n<li> Vattent\u00e4t f\u00e4rg och asfalttak p\u00e5 sm\u00e5djursinh\u00e4gnaden skyddar mot regnvatten och andra v\u00e4derf\u00f6rh\u00e5llanden<\/li>\n<li> Metallstaket h\u00e5ller rovdjur borta<\/li>\n<li> Med fodertr\u00e5g i huvudbyggnaden<\/li>\n<li> Ett f\u00f6nster och 2 l\u00e5sbara d\u00f6rrar p\u00e5 dv\u00e4rgkaninsstallet i huvudbyggnaden<\/li>\n<li> Uttagbart bricka f\u00f6r snabb reng\u00f6ring<\/li>\n<li> Montering kr\u00e4vs<\/li>\n<\/ul>\n<p>Tekniska data:<\/p>\n<ul>\n<li> F\u00e4rg: Ljusgr\u00e5<\/li>\n<li> Material: Grantr\u00e4<\/li>\n<li> Totala dimensioner: 156L x 58B x 68H cm<\/li>\n<li> Huvudhusets dimensioner: 72L x 50B x 41,5H cm<\/li>\n<li> Storlek p\u00e5 tr\u00e4port: 20L x 20H cm<\/li>\n<li> Storlek p\u00e5 tr\u00e5dport: 38L x 20H cm<\/li>\n<li> Storlek p\u00e5 fodertr\u00e5g: 25L x 6,5B x 8H cm<\/li>\n<li> L\u00f6pboxens dimensioner: 80L x 50B x 56H cm (sida), 72L x 50B x 26,5H cm (under huvudhuset)<\/li>\n<li> Rampstorlek: 63L x 15B cm<\/li>\n<li> Brickstorlek: 67,5L x 48B cm<\/li>\n<\/ul>\n<p>Leveransinneh\u00e5ll:<\/p>\n<ul>\n<li> 1 x Dv\u00e4rgkaninsstall<\/li>\n<li> 1 x Handbok<\/li>\n<\/ul>\n","protected":false},"excerpt":{"rendered":"<p>Detta rymliga TRUUSK dv\u00e4rgkaninsstall passar ocks\u00e5 perfekt f\u00f6r marsvin och mindre djur. B\u00e5de huvudbyggnaden och den angr\u00e4nsande buren erbjuder gott&#8230;<\/p>\n","protected":false},"featured_media":75434,"template":"","meta":[],"product_brand":[],"product_cat":[878,598,597],"product_tag":[],"class_list":{"0":"post-75443","1":"product","2":"type-product","3":"status-publish","4":"has-post-thumbnail","6":"product_cat-djurbehov","7":"product_cat-sma-djurstallar","8":"product_cat-sma-djurtillbehor","10":"first","11":"instock","12":"sale","13":"taxable","14":"shipping-taxable","15":"purchasable","16":"product-type-simple"},"yoast_head":"<!-- This site is optimized with the Yoast SEO plugin v25.4 - https:\/\/yoast.com\/wordpress\/plugins\/seo\/ -->\n<title>TRUUSK Kaninstall med Frig\u00e5ngsh\u00e4gn - Bottenbricka - Ramp - Sm\u00e5djursstall i Tr\u00e4 - Marsvinsh\u00e4gn med 2 V\u00e5ningar - F\u00f6nster - Ljusgr\u00e5 - TRUUSK - Hem, Tr\u00e4dg\u00e5rd &amp; Fritid<\/title>\n<meta name=\"robots\" content=\"index, follow, max-snippet:-1, max-image-preview:large, max-video-preview:-1\" \/>\n<link rel=\"canonical\" href=\"https:\/\/truusk.store\/sv\/produkt\/truusk-kaninstall-med-frigangshagn-bottenbricka-ramp-smadjursstall-i-tra-marsvinshagn-med-2-vaningar-fonster-ljusgra\/\" \/>\n<meta property=\"og:locale\" content=\"sv_SE\" \/>\n<meta property=\"og:type\" content=\"article\" \/>\n<meta property=\"og:title\" content=\"TRUUSK Kaninstall med Frig\u00e5ngsh\u00e4gn - Bottenbricka - Ramp - Sm\u00e5djursstall i Tr\u00e4 - Marsvinsh\u00e4gn med 2 V\u00e5ningar - F\u00f6nster - Ljusgr\u00e5 - TRUUSK - Hem, Tr\u00e4dg\u00e5rd &amp; Fritid\" \/>\n<meta property=\"og:description\" content=\"Detta rymliga TRUUSK dv\u00e4rgkaninsstall passar ocks\u00e5 perfekt f\u00f6r marsvin och mindre djur. B\u00e5de huvudbyggnaden och den angr\u00e4nsande buren erbjuder gott...\" \/>\n<meta property=\"og:url\" content=\"https:\/\/truusk.store\/sv\/produkt\/truusk-kaninstall-med-frigangshagn-bottenbricka-ramp-smadjursstall-i-tra-marsvinshagn-med-2-vaningar-fonster-ljusgra\/\" \/>\n<meta property=\"og:site_name\" content=\"TRUUSK - Hem, Tr\u00e4dg\u00e5rd &amp; Fritid\" \/>\n<meta property=\"article:modified_time\" content=\"2026-03-12T08:08:41+00:00\" \/>\n<meta property=\"og:image\" content=\"https:\/\/i0.wp.com\/truusk.se\/wp-content\/uploads\/2025\/06\/kaninstall-for-dvargkaniner-kaninstall-med-frigangshagn-bottenbricka-ramp-smadjursstall-i-tra-marsvinshagn-med-2-vaningar-fonster-156x58x68-cm-ljusgra-1.webp?fit=2000%2C2000&ssl=1\" \/>\n\t<meta property=\"og:image:width\" content=\"2000\" \/>\n\t<meta property=\"og:image:height\" content=\"2000\" \/>\n\t<meta property=\"og:image:type\" content=\"image\/webp\" \/>\n<meta name=\"twitter:card\" content=\"summary_large_image\" \/>\n<meta name=\"twitter:label1\" content=\"Ber\u00e4knad l\u00e4stid\" \/>\n\t<meta name=\"twitter:data1\" content=\"1 minut\" \/>\n<!-- \/ Yoast SEO plugin. -->","yoast_head_json":{"title":"TRUUSK Kaninstall med Frig\u00e5ngsh\u00e4gn - Bottenbricka - Ramp - Sm\u00e5djursstall i Tr\u00e4 - Marsvinsh\u00e4gn med 2 V\u00e5ningar - F\u00f6nster - Ljusgr\u00e5 - TRUUSK - Hem, Tr\u00e4dg\u00e5rd &amp; Fritid","robots":{"index":"index","follow":"follow","max-snippet":"max-snippet:-1","max-image-preview":"max-image-preview:large","max-video-preview":"max-video-preview:-1"},"canonical":"https:\/\/truusk.store\/sv\/produkt\/truusk-kaninstall-med-frigangshagn-bottenbricka-ramp-smadjursstall-i-tra-marsvinshagn-med-2-vaningar-fonster-ljusgra\/","og_locale":"sv_SE","og_type":"article","og_title":"TRUUSK Kaninstall med Frig\u00e5ngsh\u00e4gn - Bottenbricka - Ramp - Sm\u00e5djursstall i Tr\u00e4 - Marsvinsh\u00e4gn med 2 V\u00e5ningar - F\u00f6nster - Ljusgr\u00e5 - TRUUSK - Hem, Tr\u00e4dg\u00e5rd &amp; Fritid","og_description":"Detta rymliga TRUUSK dv\u00e4rgkaninsstall passar ocks\u00e5 perfekt f\u00f6r marsvin och mindre djur. B\u00e5de huvudbyggnaden och den angr\u00e4nsande buren erbjuder gott...","og_url":"https:\/\/truusk.store\/sv\/produkt\/truusk-kaninstall-med-frigangshagn-bottenbricka-ramp-smadjursstall-i-tra-marsvinshagn-med-2-vaningar-fonster-ljusgra\/","og_site_name":"TRUUSK - Hem, Tr\u00e4dg\u00e5rd &amp; Fritid","article_modified_time":"2026-03-12T08:08:41+00:00","og_image":[{"width":2000,"height":2000,"url":"https:\/\/i0.wp.com\/truusk.se\/wp-content\/uploads\/2025\/06\/kaninstall-for-dvargkaniner-kaninstall-med-frigangshagn-bottenbricka-ramp-smadjursstall-i-tra-marsvinshagn-med-2-vaningar-fonster-156x58x68-cm-ljusgra-1.webp?fit=2000%2C2000&ssl=1","type":"image\/webp"}],"twitter_card":"summary_large_image","twitter_misc":{"Ber\u00e4knad l\u00e4stid":"1 minut"},"schema":{"@context":"https:\/\/schema.org","@graph":[{"@type":"WebPage","@id":"https:\/\/truusk.store\/sv\/produkt\/truusk-kaninstall-med-frigangshagn-bottenbricka-ramp-smadjursstall-i-tra-marsvinshagn-med-2-vaningar-fonster-ljusgra\/","url":"https:\/\/truusk.store\/sv\/produkt\/truusk-kaninstall-med-frigangshagn-bottenbricka-ramp-smadjursstall-i-tra-marsvinshagn-med-2-vaningar-fonster-ljusgra\/","name":"TRUUSK Kaninstall med Frig\u00e5ngsh\u00e4gn - Bottenbricka - Ramp - Sm\u00e5djursstall i Tr\u00e4 - Marsvinsh\u00e4gn med 2 V\u00e5ningar - F\u00f6nster - Ljusgr\u00e5 - TRUUSK - Hem, Tr\u00e4dg\u00e5rd &amp; Fritid","isPartOf":{"@id":"https:\/\/truusk.store\/sv\/#website"},"primaryImageOfPage":{"@id":"https:\/\/truusk.store\/sv\/produkt\/truusk-kaninstall-med-frigangshagn-bottenbricka-ramp-smadjursstall-i-tra-marsvinshagn-med-2-vaningar-fonster-ljusgra\/#primaryimage"},"image":{"@id":"https:\/\/truusk.store\/sv\/produkt\/truusk-kaninstall-med-frigangshagn-bottenbricka-ramp-smadjursstall-i-tra-marsvinshagn-med-2-vaningar-fonster-ljusgra\/#primaryimage"},"thumbnailUrl":"https:\/\/i0.wp.com\/truusk.store\/wp-content\/uploads\/2025\/06\/kaninstall-for-dvargkaniner-kaninstall-med-frigangshagn-bottenbricka-ramp-smadjursstall-i-tra-marsvinshagn-med-2-vaningar-fonster-156x58x68-cm-ljusgra-1.webp?fit=2000%2C2000&ssl=1","datePublished":"2025-06-06T02:49:51+00:00","dateModified":"2026-03-12T08:08:41+00:00","breadcrumb":{"@id":"https:\/\/truusk.store\/sv\/produkt\/truusk-kaninstall-med-frigangshagn-bottenbricka-ramp-smadjursstall-i-tra-marsvinshagn-med-2-vaningar-fonster-ljusgra\/#breadcrumb"},"inLanguage":"sv-SE","potentialAction":[{"@type":"ReadAction","target":["https:\/\/truusk.store\/sv\/produkt\/truusk-kaninstall-med-frigangshagn-bottenbricka-ramp-smadjursstall-i-tra-marsvinshagn-med-2-vaningar-fonster-ljusgra\/"]}]},{"@type":"ImageObject","inLanguage":"sv-SE","@id":"https:\/\/truusk.store\/sv\/produkt\/truusk-kaninstall-med-frigangshagn-bottenbricka-ramp-smadjursstall-i-tra-marsvinshagn-med-2-vaningar-fonster-ljusgra\/#primaryimage","url":"https:\/\/i0.wp.com\/truusk.store\/wp-content\/uploads\/2025\/06\/kaninstall-for-dvargkaniner-kaninstall-med-frigangshagn-bottenbricka-ramp-smadjursstall-i-tra-marsvinshagn-med-2-vaningar-fonster-156x58x68-cm-ljusgra-1.webp?fit=2000%2C2000&ssl=1","contentUrl":"https:\/\/i0.wp.com\/truusk.store\/wp-content\/uploads\/2025\/06\/kaninstall-for-dvargkaniner-kaninstall-med-frigangshagn-bottenbricka-ramp-smadjursstall-i-tra-marsvinshagn-med-2-vaningar-fonster-156x58x68-cm-ljusgra-1.webp?fit=2000%2C2000&ssl=1","width":2000,"height":2000},{"@type":"BreadcrumbList","@id":"https:\/\/truusk.store\/sv\/produkt\/truusk-kaninstall-med-frigangshagn-bottenbricka-ramp-smadjursstall-i-tra-marsvinshagn-med-2-vaningar-fonster-ljusgra\/#breadcrumb","itemListElement":[{"@type":"ListItem","position":1,"name":"Home","item":"https:\/\/truusk.store\/sv\/"},{"@type":"ListItem","position":2,"name":"Shop","item":"https:\/\/truusk.store\/shop\/"},{"@type":"ListItem","position":3,"name":"TRUUSK Kaninstall med Frig\u00e5ngsh\u00e4gn &#8211; Bottenbricka &#8211; Ramp &#8211; Sm\u00e5djursstall i Tr\u00e4 &#8211; Marsvinsh\u00e4gn med 2 V\u00e5ningar &#8211; F\u00f6nster &#8211; Ljusgr\u00e5"}]},{"@type":"WebSite","@id":"https:\/\/truusk.store\/sv\/#website","url":"https:\/\/truusk.store\/sv\/","name":"TRUUSK - Hem, Tr\u00e4dg\u00e5rd & Fritid","description":"","publisher":{"@id":"https:\/\/truusk.store\/sv\/#organization"},"potentialAction":[{"@type":"SearchAction","target":{"@type":"EntryPoint","urlTemplate":"https:\/\/truusk.store\/sv\/?s={search_term_string}"},"query-input":{"@type":"PropertyValueSpecification","valueRequired":true,"valueName":"search_term_string"}}],"inLanguage":"sv-SE"},{"@type":"Organization","@id":"https:\/\/truusk.store\/sv\/#organization","name":"TRUUSK - Hem, Tr\u00e4dg\u00e5rd & Fritid","url":"https:\/\/truusk.store\/sv\/","logo":{"@type":"ImageObject","inLanguage":"sv-SE","@id":"https:\/\/truusk.store\/sv\/#\/schema\/logo\/image\/","url":"https:\/\/i0.wp.com\/truusk.store\/wp-content\/uploads\/2026\/03\/cropped-TRUUSK.png?fit=2032%2C917&ssl=1","contentUrl":"https:\/\/i0.wp.com\/truusk.store\/wp-content\/uploads\/2026\/03\/cropped-TRUUSK.png?fit=2032%2C917&ssl=1","width":2032,"height":917,"caption":"TRUUSK - Hem, Tr\u00e4dg\u00e5rd & Fritid"},"image":{"@id":"https:\/\/truusk.store\/sv\/#\/schema\/logo\/image\/"}}]}},"jetpack_sharing_enabled":true,"_links":{"self":[{"href":"https:\/\/truusk.store\/sv\/wp-json\/wp\/v2\/product\/75443","targetHints":{"allow":["GET"]}}],"collection":[{"href":"https:\/\/truusk.store\/sv\/wp-json\/wp\/v2\/product"}],"about":[{"href":"https:\/\/truusk.store\/sv\/wp-json\/wp\/v2\/types\/product"}],"wp:featuredmedia":[{"embeddable":true,"href":"https:\/\/truusk.store\/sv\/wp-json\/wp\/v2\/media\/75434"}],"wp:attachment":[{"href":"https:\/\/truusk.store\/sv\/wp-json\/wp\/v2\/media?parent=75443"}],"wp:term":[{"taxonomy":"product_brand","embeddable":true,"href":"https:\/\/truusk.store\/sv\/wp-json\/wp\/v2\/product_brand?post=75443"},{"taxonomy":"product_cat","embeddable":true,"href":"https:\/\/truusk.store\/sv\/wp-json\/wp\/v2\/product_cat?post=75443"},{"taxonomy":"product_tag","embeddable":true,"href":"https:\/\/truusk.store\/sv\/wp-json\/wp\/v2\/product_tag?post=75443"}],"curies":[{"name":"wp","href":"https:\/\/api.w.org\/{rel}","templated":true}]}}