{"id":75453,"date":"2025-06-06T03:50:44","date_gmt":"2025-06-06T02:50:44","guid":{"rendered":"https:\/\/truusk.store\/product\/tradgardsbord-o118cm-vaderbestandigt-balkongbord-i-aluminium-sidobord-med-korsben-i-lattadesign-matbord-utomhus-campingbord-runt-terrassbord-for-tradgard-balkong-teak\/"},"modified":"2026-03-12T08:42:29","modified_gmt":"2026-03-12T07:42:29","slug":"truusk-runt-tradgardsbord-o118cm-vaderbestandigt-aluminium-sidobord-med-korsben-latt-design-matbord-utomhus-campingbord","status":"publish","type":"product","link":"https:\/\/truusk.store\/sv\/produkt\/truusk-runt-tradgardsbord-o118cm-vaderbestandigt-aluminium-sidobord-med-korsben-latt-design-matbord-utomhus-campingbord\/","title":{"rendered":"TRUUSK Runt Tr\u00e4dg\u00e5rdsbord \u00d8118cm &#8211; V\u00e4derbest\u00e4ndigt Aluminium &#8211; Sidobord Med Korsben &#8211; L\u00e4tt Design &#8211; Matbord Utomhus &#8211; Campingbord"},"content":{"rendered":"<p>Njut av stilfulla m\u00f6ten med TRUUSK utebord. Detta runda tr\u00e4dg\u00e5rdsbord rymmer bekv\u00e4mt sex personer och ger varje tr\u00e4dg\u00e5rd charm. Det \u00f6ppna lamelldesignen s\u00e4kerst\u00e4ller snabb torkning, medan den l\u00e4tta, rostbest\u00e4ndiga aluminiumramen garanterar h\u00e5llbarhet. Justerbara fotdynor p\u00e5 tr\u00e4dg\u00e5rdsbordet ger stabilitet och kombinerar funktionalitet med en elegant, modern estetik. Njut av en m\u00e5ltid utomhus med stil!<\/p>\n<p>Beskrivning:<\/p>\n<ul>\n<li> Det eleganta toppen p\u00e5 tr\u00e4dg\u00e5rdsbordet ger utomhusomr\u00e5den industriell charm<\/li>\n<li> Korsade ben f\u00f6rst\u00e4rker bordets robusta utstr\u00e5lning<\/li>\n<li> Rymlig plats p\u00e5 tr\u00e4dg\u00e5rdsbordet rymmer bestick, v\u00e4xter och desserter<\/li>\n<li> Rundade kanter p\u00e5 utebordet ger s\u00e4kerhet och sinnesro<\/li>\n<li> Det \u00f6ppna lamelldesignen m\u00f6jligg\u00f6r snabb torkning genom dr\u00e4nering<\/li>\n<li> Topp av tr\u00e4-plast-komposit f\u00f6r h\u00e5llbarhet och sk\u00f6nhet<\/li>\n<li> L\u00e4tt aluminiumram \u00e4r rostbest\u00e4ndig och garanterar stabilitet<\/li>\n<li> Justerbara fotdynor ger balans och skyddar dina golv<\/li>\n<li> Montering kr\u00e4vs<\/li>\n<\/ul>\n<p> Tekniska data:<\/p>\n<ul>\n<li> F\u00e4rg: Teak<\/li>\n<li> Material: Aluminium, plast<\/li>\n<li> Totala dimensioner: \u00d8118 x 74H cm<\/li>\n<li> Tjocklek p\u00e5 bordsskiva: 1,3 cm<\/li>\n<li> Belastningskapacitet: 70 kg<\/li>\n<\/ul>\n<p>Leverans inneh\u00e5ller:<\/p>\n<ul>\n<li> 1 x Tr\u00e4dg\u00e5rdsbord<\/li>\n<li> 1 x Bruksanvisning<\/li>\n<\/ul>\n","protected":false},"excerpt":{"rendered":"<p>Njut av stilfulla m\u00f6ten med TRUUSK utebord. Detta runda tr\u00e4dg\u00e5rdsbord rymmer bekv\u00e4mt sex personer och ger varje tr\u00e4dg\u00e5rd charm. Det&#8230;<\/p>\n","protected":false},"featured_media":75444,"template":"","meta":[],"product_brand":[],"product_cat":[858,457,450],"product_tag":[],"class_list":{"0":"post-75453","1":"product","2":"type-product","3":"status-publish","4":"has-post-thumbnail","6":"product_cat-tradgard-terrass","7":"product_cat-tradgardsbord","8":"product_cat-tradgardsmobler","10":"first","11":"instock","12":"sale","13":"taxable","14":"shipping-taxable","15":"purchasable","16":"product-type-simple"},"yoast_head":"<!-- This site is optimized with the Yoast SEO plugin v25.4 - https:\/\/yoast.com\/wordpress\/plugins\/seo\/ -->\n<title>TRUUSK Runt Tr\u00e4dg\u00e5rdsbord \u00d8118cm - V\u00e4derbest\u00e4ndigt Aluminium - Sidobord Med Korsben - L\u00e4tt Design - Matbord Utomhus - Campingbord - TRUUSK - Hem, Tr\u00e4dg\u00e5rd &amp; Fritid<\/title>\n<meta name=\"robots\" content=\"index, follow, max-snippet:-1, max-image-preview:large, max-video-preview:-1\" \/>\n<link rel=\"canonical\" href=\"https:\/\/truusk.store\/sv\/produkt\/truusk-runt-tradgardsbord-o118cm-vaderbestandigt-aluminium-sidobord-med-korsben-latt-design-matbord-utomhus-campingbord\/\" \/>\n<meta property=\"og:locale\" content=\"sv_SE\" \/>\n<meta property=\"og:type\" content=\"article\" \/>\n<meta property=\"og:title\" content=\"TRUUSK Runt Tr\u00e4dg\u00e5rdsbord \u00d8118cm - V\u00e4derbest\u00e4ndigt Aluminium - Sidobord Med Korsben - L\u00e4tt Design - Matbord Utomhus - Campingbord - TRUUSK - Hem, Tr\u00e4dg\u00e5rd &amp; Fritid\" \/>\n<meta property=\"og:description\" content=\"Njut av stilfulla m\u00f6ten med TRUUSK utebord. Detta runda tr\u00e4dg\u00e5rdsbord rymmer bekv\u00e4mt sex personer och ger varje tr\u00e4dg\u00e5rd charm. Det...\" \/>\n<meta property=\"og:url\" content=\"https:\/\/truusk.store\/sv\/produkt\/truusk-runt-tradgardsbord-o118cm-vaderbestandigt-aluminium-sidobord-med-korsben-latt-design-matbord-utomhus-campingbord\/\" \/>\n<meta property=\"og:site_name\" content=\"TRUUSK - Hem, Tr\u00e4dg\u00e5rd &amp; Fritid\" \/>\n<meta property=\"article:modified_time\" content=\"2026-03-12T07:42:29+00:00\" \/>\n<meta property=\"og:image\" content=\"https:\/\/i0.wp.com\/truusk.se\/wp-content\/uploads\/2025\/06\/tradgardsbord-o118cm-vaderbestandigt-balkongbord-i-aluminium-sidobord-med-korsben-i-lattadesign-matbord-utomhus-campingbord-runt-terrassbord-for-tradgard-balkong-teak-1.webp?fit=2000%2C2000&ssl=1\" \/>\n\t<meta property=\"og:image:width\" content=\"2000\" \/>\n\t<meta property=\"og:image:height\" content=\"2000\" \/>\n\t<meta property=\"og:image:type\" content=\"image\/webp\" \/>\n<meta name=\"twitter:card\" content=\"summary_large_image\" \/>\n<meta name=\"twitter:label1\" content=\"Ber\u00e4knad l\u00e4stid\" \/>\n\t<meta name=\"twitter:data1\" content=\"1 minut\" \/>\n<!-- \/ Yoast SEO plugin. -->","yoast_head_json":{"title":"TRUUSK Runt Tr\u00e4dg\u00e5rdsbord \u00d8118cm - V\u00e4derbest\u00e4ndigt Aluminium - Sidobord Med Korsben - L\u00e4tt Design - Matbord Utomhus - Campingbord - TRUUSK - Hem, Tr\u00e4dg\u00e5rd &amp; Fritid","robots":{"index":"index","follow":"follow","max-snippet":"max-snippet:-1","max-image-preview":"max-image-preview:large","max-video-preview":"max-video-preview:-1"},"canonical":"https:\/\/truusk.store\/sv\/produkt\/truusk-runt-tradgardsbord-o118cm-vaderbestandigt-aluminium-sidobord-med-korsben-latt-design-matbord-utomhus-campingbord\/","og_locale":"sv_SE","og_type":"article","og_title":"TRUUSK Runt Tr\u00e4dg\u00e5rdsbord \u00d8118cm - V\u00e4derbest\u00e4ndigt Aluminium - Sidobord Med Korsben - L\u00e4tt Design - Matbord Utomhus - Campingbord - TRUUSK - Hem, Tr\u00e4dg\u00e5rd &amp; Fritid","og_description":"Njut av stilfulla m\u00f6ten med TRUUSK utebord. Detta runda tr\u00e4dg\u00e5rdsbord rymmer bekv\u00e4mt sex personer och ger varje tr\u00e4dg\u00e5rd charm. Det...","og_url":"https:\/\/truusk.store\/sv\/produkt\/truusk-runt-tradgardsbord-o118cm-vaderbestandigt-aluminium-sidobord-med-korsben-latt-design-matbord-utomhus-campingbord\/","og_site_name":"TRUUSK - Hem, Tr\u00e4dg\u00e5rd &amp; Fritid","article_modified_time":"2026-03-12T07:42:29+00:00","og_image":[{"width":2000,"height":2000,"url":"https:\/\/i0.wp.com\/truusk.se\/wp-content\/uploads\/2025\/06\/tradgardsbord-o118cm-vaderbestandigt-balkongbord-i-aluminium-sidobord-med-korsben-i-lattadesign-matbord-utomhus-campingbord-runt-terrassbord-for-tradgard-balkong-teak-1.webp?fit=2000%2C2000&ssl=1","type":"image\/webp"}],"twitter_card":"summary_large_image","twitter_misc":{"Ber\u00e4knad l\u00e4stid":"1 minut"},"schema":{"@context":"https:\/\/schema.org","@graph":[{"@type":"WebPage","@id":"https:\/\/truusk.store\/sv\/produkt\/truusk-runt-tradgardsbord-o118cm-vaderbestandigt-aluminium-sidobord-med-korsben-latt-design-matbord-utomhus-campingbord\/","url":"https:\/\/truusk.store\/sv\/produkt\/truusk-runt-tradgardsbord-o118cm-vaderbestandigt-aluminium-sidobord-med-korsben-latt-design-matbord-utomhus-campingbord\/","name":"TRUUSK Runt Tr\u00e4dg\u00e5rdsbord \u00d8118cm - V\u00e4derbest\u00e4ndigt Aluminium - Sidobord Med Korsben - L\u00e4tt Design - Matbord Utomhus - Campingbord - TRUUSK - Hem, Tr\u00e4dg\u00e5rd &amp; Fritid","isPartOf":{"@id":"https:\/\/truusk.store\/sv\/#website"},"primaryImageOfPage":{"@id":"https:\/\/truusk.store\/sv\/produkt\/truusk-runt-tradgardsbord-o118cm-vaderbestandigt-aluminium-sidobord-med-korsben-latt-design-matbord-utomhus-campingbord\/#primaryimage"},"image":{"@id":"https:\/\/truusk.store\/sv\/produkt\/truusk-runt-tradgardsbord-o118cm-vaderbestandigt-aluminium-sidobord-med-korsben-latt-design-matbord-utomhus-campingbord\/#primaryimage"},"thumbnailUrl":"https:\/\/i0.wp.com\/truusk.store\/wp-content\/uploads\/2025\/06\/tradgardsbord-o118cm-vaderbestandigt-balkongbord-i-aluminium-sidobord-med-korsben-i-lattadesign-matbord-utomhus-campingbord-runt-terrassbord-for-tradgard-balkong-teak-1.webp?fit=2000%2C2000&ssl=1","datePublished":"2025-06-06T02:50:44+00:00","dateModified":"2026-03-12T07:42:29+00:00","breadcrumb":{"@id":"https:\/\/truusk.store\/sv\/produkt\/truusk-runt-tradgardsbord-o118cm-vaderbestandigt-aluminium-sidobord-med-korsben-latt-design-matbord-utomhus-campingbord\/#breadcrumb"},"inLanguage":"sv-SE","potentialAction":[{"@type":"ReadAction","target":["https:\/\/truusk.store\/sv\/produkt\/truusk-runt-tradgardsbord-o118cm-vaderbestandigt-aluminium-sidobord-med-korsben-latt-design-matbord-utomhus-campingbord\/"]}]},{"@type":"ImageObject","inLanguage":"sv-SE","@id":"https:\/\/truusk.store\/sv\/produkt\/truusk-runt-tradgardsbord-o118cm-vaderbestandigt-aluminium-sidobord-med-korsben-latt-design-matbord-utomhus-campingbord\/#primaryimage","url":"https:\/\/i0.wp.com\/truusk.store\/wp-content\/uploads\/2025\/06\/tradgardsbord-o118cm-vaderbestandigt-balkongbord-i-aluminium-sidobord-med-korsben-i-lattadesign-matbord-utomhus-campingbord-runt-terrassbord-for-tradgard-balkong-teak-1.webp?fit=2000%2C2000&ssl=1","contentUrl":"https:\/\/i0.wp.com\/truusk.store\/wp-content\/uploads\/2025\/06\/tradgardsbord-o118cm-vaderbestandigt-balkongbord-i-aluminium-sidobord-med-korsben-i-lattadesign-matbord-utomhus-campingbord-runt-terrassbord-for-tradgard-balkong-teak-1.webp?fit=2000%2C2000&ssl=1","width":2000,"height":2000},{"@type":"BreadcrumbList","@id":"https:\/\/truusk.store\/sv\/produkt\/truusk-runt-tradgardsbord-o118cm-vaderbestandigt-aluminium-sidobord-med-korsben-latt-design-matbord-utomhus-campingbord\/#breadcrumb","itemListElement":[{"@type":"ListItem","position":1,"name":"Home","item":"https:\/\/truusk.store\/sv\/"},{"@type":"ListItem","position":2,"name":"Shop","item":"https:\/\/truusk.store\/shop\/"},{"@type":"ListItem","position":3,"name":"TRUUSK Runt Tr\u00e4dg\u00e5rdsbord \u00d8118cm &#8211; V\u00e4derbest\u00e4ndigt Aluminium &#8211; Sidobord Med Korsben &#8211; L\u00e4tt Design &#8211; Matbord Utomhus &#8211; Campingbord"}]},{"@type":"WebSite","@id":"https:\/\/truusk.store\/sv\/#website","url":"https:\/\/truusk.store\/sv\/","name":"TRUUSK - Hem, Tr\u00e4dg\u00e5rd & Fritid","description":"","publisher":{"@id":"https:\/\/truusk.store\/sv\/#organization"},"potentialAction":[{"@type":"SearchAction","target":{"@type":"EntryPoint","urlTemplate":"https:\/\/truusk.store\/sv\/?s={search_term_string}"},"query-input":{"@type":"PropertyValueSpecification","valueRequired":true,"valueName":"search_term_string"}}],"inLanguage":"sv-SE"},{"@type":"Organization","@id":"https:\/\/truusk.store\/sv\/#organization","name":"TRUUSK - Hem, Tr\u00e4dg\u00e5rd & Fritid","url":"https:\/\/truusk.store\/sv\/","logo":{"@type":"ImageObject","inLanguage":"sv-SE","@id":"https:\/\/truusk.store\/sv\/#\/schema\/logo\/image\/","url":"https:\/\/i0.wp.com\/truusk.store\/wp-content\/uploads\/2026\/03\/cropped-TRUUSK.png?fit=2032%2C917&ssl=1","contentUrl":"https:\/\/i0.wp.com\/truusk.store\/wp-content\/uploads\/2026\/03\/cropped-TRUUSK.png?fit=2032%2C917&ssl=1","width":2032,"height":917,"caption":"TRUUSK - Hem, Tr\u00e4dg\u00e5rd & Fritid"},"image":{"@id":"https:\/\/truusk.store\/sv\/#\/schema\/logo\/image\/"}}]}},"jetpack_sharing_enabled":true,"_links":{"self":[{"href":"https:\/\/truusk.store\/sv\/wp-json\/wp\/v2\/product\/75453","targetHints":{"allow":["GET"]}}],"collection":[{"href":"https:\/\/truusk.store\/sv\/wp-json\/wp\/v2\/product"}],"about":[{"href":"https:\/\/truusk.store\/sv\/wp-json\/wp\/v2\/types\/product"}],"wp:featuredmedia":[{"embeddable":true,"href":"https:\/\/truusk.store\/sv\/wp-json\/wp\/v2\/media\/75444"}],"wp:attachment":[{"href":"https:\/\/truusk.store\/sv\/wp-json\/wp\/v2\/media?parent=75453"}],"wp:term":[{"taxonomy":"product_brand","embeddable":true,"href":"https:\/\/truusk.store\/sv\/wp-json\/wp\/v2\/product_brand?post=75453"},{"taxonomy":"product_cat","embeddable":true,"href":"https:\/\/truusk.store\/sv\/wp-json\/wp\/v2\/product_cat?post=75453"},{"taxonomy":"product_tag","embeddable":true,"href":"https:\/\/truusk.store\/sv\/wp-json\/wp\/v2\/product_tag?post=75453"}],"curies":[{"name":"wp","href":"https:\/\/api.w.org\/{rel}","templated":true}]}}