{"id":75473,"date":"2025-06-06T03:52:40","date_gmt":"2025-06-06T02:52:40","guid":{"rendered":"https:\/\/truusk.store\/product\/hopfallbart-tradgardsbord-70-x-70-cm-vaderbestandigt-balkongbord-i-stal-med-utsnittsdesign-utomhus-matbord-kvadratiskt-sidobord-terrassbord-for-tradgard-terrass-balkong-svart\/"},"modified":"2026-03-12T08:40:57","modified_gmt":"2026-03-12T07:40:57","slug":"truusk-hopfallbart-tradgardsbord-70-x-70-cm-vaderbestandigt-balkongbord-i-stal-utsnittsdesign-utomhus-matbord-kvadratiskt","status":"publish","type":"product","link":"https:\/\/truusk.store\/sv\/produkt\/truusk-hopfallbart-tradgardsbord-70-x-70-cm-vaderbestandigt-balkongbord-i-stal-utsnittsdesign-utomhus-matbord-kvadratiskt\/","title":{"rendered":"TRUUSK Hopf\u00e4llbart Tr\u00e4dg\u00e5rdsbord 70 x 70 cm &#8211; V\u00e4derbest\u00e4ndigt Balkongbord i St\u00e5l &#8211; Utsnittsdesign &#8211; Utomhus Matbord &#8211; Kvadratiskt"},"content":{"rendered":"<p>F\u00f6rb\u00e4ttra ditt utomhus\u00e4ventyr med den stiliga, praktiska tr\u00e4dg\u00e5rdsbordet fr\u00e5n TRUUSK! Med en galler-rattan-liknande st\u00e5lyta, erbjuder det kompakta tr\u00e4dg\u00e5rdsbordet en modern look f\u00f6r alla utomhussituationer. Dess pulverlackerade st\u00e5lram garanterar h\u00e5llbarhet och fast grepp. Tack vare dess f\u00e4llbara funktion \u00e4r det l\u00e4tt att f\u00f6rvara och transportera, idealiskt som sidobord, matbord p\u00e5 terrassen, bistrobord i tr\u00e4dg\u00e5rden eller som camping- och picknickbord.<\/p>\n<p>Beskrivning:<\/p>\n<ul>\n<li> Utklippsdesignen p\u00e5 tr\u00e4dg\u00e5rdsbordet i rattan-look ger en modern utomhustouch<\/li>\n<li> F\u00e4llbar design av tr\u00e4dg\u00e5rdsbordet f\u00f6r enkel f\u00f6rvaring och transport<\/li>\n<li> Pulverlackerad st\u00e5lram f\u00f6r stabilitet och robusthet<\/li>\n<li> X-formade st\u00e5lben p\u00e5 terrassbordet b\u00e4r upp till 50 kg<\/li>\n<li> Skyddande fotdynor f\u00f6rhindrar skador p\u00e5 golvet och \u00f6kar stabiliteten<\/li>\n<li> M\u00e5ngsidig anv\u00e4ndning f\u00f6r camping, picknick, grillfester, firande etc.<\/li>\n<li> Enkel montering kr\u00e4vs<\/li>\n<\/ul>\n<p> Tekniska data:<\/p>\n<ul>\n<li> F\u00e4rg: Svart<\/li>\n<li> Material: St\u00e5l<\/li>\n<li> Totala dimensioner: 70L x 70B x 72H cm<\/li>\n<li> F\u00e4llm\u00e5tt: 100L x 70B x 8H cm<\/li>\n<li> B\u00e4rkapacitet: 50 kg<\/li>\n<\/ul>\n<p>Leveransinneh\u00e5ll:<\/p>\n<ul>\n<li> 1 x Utomhusbord<\/li>\n<li> 1 x Bruksanvisning<\/li>\n<\/ul>\n","protected":false},"excerpt":{"rendered":"<p>F\u00f6rb\u00e4ttra ditt utomhus\u00e4ventyr med den stiliga, praktiska tr\u00e4dg\u00e5rdsbordet fr\u00e5n TRUUSK! Med en galler-rattan-liknande st\u00e5lyta, erbjuder det kompakta tr\u00e4dg\u00e5rdsbordet en modern&#8230;<\/p>\n","protected":false},"featured_media":75463,"template":"","meta":[],"product_brand":[],"product_cat":[858,457,450],"product_tag":[],"class_list":{"0":"post-75473","1":"product","2":"type-product","3":"status-publish","4":"has-post-thumbnail","6":"product_cat-tradgard-terrass","7":"product_cat-tradgardsbord","8":"product_cat-tradgardsmobler","10":"first","11":"instock","12":"sale","13":"taxable","14":"shipping-taxable","15":"purchasable","16":"product-type-simple"},"yoast_head":"<!-- This site is optimized with the Yoast SEO plugin v25.4 - https:\/\/yoast.com\/wordpress\/plugins\/seo\/ -->\n<title>TRUUSK Hopf\u00e4llbart Tr\u00e4dg\u00e5rdsbord 70 x 70 cm - V\u00e4derbest\u00e4ndigt Balkongbord i St\u00e5l - Utsnittsdesign - Utomhus Matbord - Kvadratiskt - TRUUSK - Hem, Tr\u00e4dg\u00e5rd &amp; Fritid<\/title>\n<meta name=\"robots\" content=\"index, follow, max-snippet:-1, max-image-preview:large, max-video-preview:-1\" \/>\n<link rel=\"canonical\" href=\"https:\/\/truusk.store\/sv\/produkt\/truusk-hopfallbart-tradgardsbord-70-x-70-cm-vaderbestandigt-balkongbord-i-stal-utsnittsdesign-utomhus-matbord-kvadratiskt\/\" \/>\n<meta property=\"og:locale\" content=\"sv_SE\" \/>\n<meta property=\"og:type\" content=\"article\" \/>\n<meta property=\"og:title\" content=\"TRUUSK Hopf\u00e4llbart Tr\u00e4dg\u00e5rdsbord 70 x 70 cm - V\u00e4derbest\u00e4ndigt Balkongbord i St\u00e5l - Utsnittsdesign - Utomhus Matbord - Kvadratiskt - TRUUSK - Hem, Tr\u00e4dg\u00e5rd &amp; Fritid\" \/>\n<meta property=\"og:description\" content=\"F\u00f6rb\u00e4ttra ditt utomhus\u00e4ventyr med den stiliga, praktiska tr\u00e4dg\u00e5rdsbordet fr\u00e5n TRUUSK! Med en galler-rattan-liknande st\u00e5lyta, erbjuder det kompakta tr\u00e4dg\u00e5rdsbordet en modern...\" \/>\n<meta property=\"og:url\" content=\"https:\/\/truusk.store\/sv\/produkt\/truusk-hopfallbart-tradgardsbord-70-x-70-cm-vaderbestandigt-balkongbord-i-stal-utsnittsdesign-utomhus-matbord-kvadratiskt\/\" \/>\n<meta property=\"og:site_name\" content=\"TRUUSK - Hem, Tr\u00e4dg\u00e5rd &amp; Fritid\" \/>\n<meta property=\"article:modified_time\" content=\"2026-03-12T07:40:57+00:00\" \/>\n<meta property=\"og:image\" content=\"https:\/\/i0.wp.com\/truusk.se\/wp-content\/uploads\/2025\/06\/hopfallbart-tradgardsbord-70-x-70-cm-vaderbestandigt-balkongbord-i-stal-med-utsnittsdesign-utomhus-matbord-kvadratiskt-sidobord-terrassbord-for-tradgard-terrass-balkong-svart-1.webp?fit=2000%2C2000&ssl=1\" \/>\n\t<meta property=\"og:image:width\" content=\"2000\" \/>\n\t<meta property=\"og:image:height\" content=\"2000\" \/>\n\t<meta property=\"og:image:type\" content=\"image\/webp\" \/>\n<meta name=\"twitter:card\" content=\"summary_large_image\" \/>\n<meta name=\"twitter:label1\" content=\"Ber\u00e4knad l\u00e4stid\" \/>\n\t<meta name=\"twitter:data1\" content=\"1 minut\" \/>\n<!-- \/ Yoast SEO plugin. -->","yoast_head_json":{"title":"TRUUSK Hopf\u00e4llbart Tr\u00e4dg\u00e5rdsbord 70 x 70 cm - V\u00e4derbest\u00e4ndigt Balkongbord i St\u00e5l - Utsnittsdesign - Utomhus Matbord - Kvadratiskt - TRUUSK - Hem, Tr\u00e4dg\u00e5rd &amp; Fritid","robots":{"index":"index","follow":"follow","max-snippet":"max-snippet:-1","max-image-preview":"max-image-preview:large","max-video-preview":"max-video-preview:-1"},"canonical":"https:\/\/truusk.store\/sv\/produkt\/truusk-hopfallbart-tradgardsbord-70-x-70-cm-vaderbestandigt-balkongbord-i-stal-utsnittsdesign-utomhus-matbord-kvadratiskt\/","og_locale":"sv_SE","og_type":"article","og_title":"TRUUSK Hopf\u00e4llbart Tr\u00e4dg\u00e5rdsbord 70 x 70 cm - V\u00e4derbest\u00e4ndigt Balkongbord i St\u00e5l - Utsnittsdesign - Utomhus Matbord - Kvadratiskt - TRUUSK - Hem, Tr\u00e4dg\u00e5rd &amp; Fritid","og_description":"F\u00f6rb\u00e4ttra ditt utomhus\u00e4ventyr med den stiliga, praktiska tr\u00e4dg\u00e5rdsbordet fr\u00e5n TRUUSK! Med en galler-rattan-liknande st\u00e5lyta, erbjuder det kompakta tr\u00e4dg\u00e5rdsbordet en modern...","og_url":"https:\/\/truusk.store\/sv\/produkt\/truusk-hopfallbart-tradgardsbord-70-x-70-cm-vaderbestandigt-balkongbord-i-stal-utsnittsdesign-utomhus-matbord-kvadratiskt\/","og_site_name":"TRUUSK - Hem, Tr\u00e4dg\u00e5rd &amp; Fritid","article_modified_time":"2026-03-12T07:40:57+00:00","og_image":[{"width":2000,"height":2000,"url":"https:\/\/i0.wp.com\/truusk.se\/wp-content\/uploads\/2025\/06\/hopfallbart-tradgardsbord-70-x-70-cm-vaderbestandigt-balkongbord-i-stal-med-utsnittsdesign-utomhus-matbord-kvadratiskt-sidobord-terrassbord-for-tradgard-terrass-balkong-svart-1.webp?fit=2000%2C2000&ssl=1","type":"image\/webp"}],"twitter_card":"summary_large_image","twitter_misc":{"Ber\u00e4knad l\u00e4stid":"1 minut"},"schema":{"@context":"https:\/\/schema.org","@graph":[{"@type":"WebPage","@id":"https:\/\/truusk.store\/sv\/produkt\/truusk-hopfallbart-tradgardsbord-70-x-70-cm-vaderbestandigt-balkongbord-i-stal-utsnittsdesign-utomhus-matbord-kvadratiskt\/","url":"https:\/\/truusk.store\/sv\/produkt\/truusk-hopfallbart-tradgardsbord-70-x-70-cm-vaderbestandigt-balkongbord-i-stal-utsnittsdesign-utomhus-matbord-kvadratiskt\/","name":"TRUUSK Hopf\u00e4llbart Tr\u00e4dg\u00e5rdsbord 70 x 70 cm - V\u00e4derbest\u00e4ndigt Balkongbord i St\u00e5l - Utsnittsdesign - Utomhus Matbord - Kvadratiskt - TRUUSK - Hem, Tr\u00e4dg\u00e5rd &amp; Fritid","isPartOf":{"@id":"https:\/\/truusk.store\/sv\/#website"},"primaryImageOfPage":{"@id":"https:\/\/truusk.store\/sv\/produkt\/truusk-hopfallbart-tradgardsbord-70-x-70-cm-vaderbestandigt-balkongbord-i-stal-utsnittsdesign-utomhus-matbord-kvadratiskt\/#primaryimage"},"image":{"@id":"https:\/\/truusk.store\/sv\/produkt\/truusk-hopfallbart-tradgardsbord-70-x-70-cm-vaderbestandigt-balkongbord-i-stal-utsnittsdesign-utomhus-matbord-kvadratiskt\/#primaryimage"},"thumbnailUrl":"https:\/\/i0.wp.com\/truusk.store\/wp-content\/uploads\/2025\/06\/hopfallbart-tradgardsbord-70-x-70-cm-vaderbestandigt-balkongbord-i-stal-med-utsnittsdesign-utomhus-matbord-kvadratiskt-sidobord-terrassbord-for-tradgard-terrass-balkong-svart-1.webp?fit=2000%2C2000&ssl=1","datePublished":"2025-06-06T02:52:40+00:00","dateModified":"2026-03-12T07:40:57+00:00","breadcrumb":{"@id":"https:\/\/truusk.store\/sv\/produkt\/truusk-hopfallbart-tradgardsbord-70-x-70-cm-vaderbestandigt-balkongbord-i-stal-utsnittsdesign-utomhus-matbord-kvadratiskt\/#breadcrumb"},"inLanguage":"sv-SE","potentialAction":[{"@type":"ReadAction","target":["https:\/\/truusk.store\/sv\/produkt\/truusk-hopfallbart-tradgardsbord-70-x-70-cm-vaderbestandigt-balkongbord-i-stal-utsnittsdesign-utomhus-matbord-kvadratiskt\/"]}]},{"@type":"ImageObject","inLanguage":"sv-SE","@id":"https:\/\/truusk.store\/sv\/produkt\/truusk-hopfallbart-tradgardsbord-70-x-70-cm-vaderbestandigt-balkongbord-i-stal-utsnittsdesign-utomhus-matbord-kvadratiskt\/#primaryimage","url":"https:\/\/i0.wp.com\/truusk.store\/wp-content\/uploads\/2025\/06\/hopfallbart-tradgardsbord-70-x-70-cm-vaderbestandigt-balkongbord-i-stal-med-utsnittsdesign-utomhus-matbord-kvadratiskt-sidobord-terrassbord-for-tradgard-terrass-balkong-svart-1.webp?fit=2000%2C2000&ssl=1","contentUrl":"https:\/\/i0.wp.com\/truusk.store\/wp-content\/uploads\/2025\/06\/hopfallbart-tradgardsbord-70-x-70-cm-vaderbestandigt-balkongbord-i-stal-med-utsnittsdesign-utomhus-matbord-kvadratiskt-sidobord-terrassbord-for-tradgard-terrass-balkong-svart-1.webp?fit=2000%2C2000&ssl=1","width":2000,"height":2000},{"@type":"BreadcrumbList","@id":"https:\/\/truusk.store\/sv\/produkt\/truusk-hopfallbart-tradgardsbord-70-x-70-cm-vaderbestandigt-balkongbord-i-stal-utsnittsdesign-utomhus-matbord-kvadratiskt\/#breadcrumb","itemListElement":[{"@type":"ListItem","position":1,"name":"Home","item":"https:\/\/truusk.store\/sv\/"},{"@type":"ListItem","position":2,"name":"Shop","item":"https:\/\/truusk.store\/shop\/"},{"@type":"ListItem","position":3,"name":"TRUUSK Hopf\u00e4llbart Tr\u00e4dg\u00e5rdsbord 70 x 70 cm &#8211; V\u00e4derbest\u00e4ndigt Balkongbord i St\u00e5l &#8211; Utsnittsdesign &#8211; Utomhus Matbord &#8211; Kvadratiskt"}]},{"@type":"WebSite","@id":"https:\/\/truusk.store\/sv\/#website","url":"https:\/\/truusk.store\/sv\/","name":"TRUUSK - Hem, Tr\u00e4dg\u00e5rd & Fritid","description":"","publisher":{"@id":"https:\/\/truusk.store\/sv\/#organization"},"potentialAction":[{"@type":"SearchAction","target":{"@type":"EntryPoint","urlTemplate":"https:\/\/truusk.store\/sv\/?s={search_term_string}"},"query-input":{"@type":"PropertyValueSpecification","valueRequired":true,"valueName":"search_term_string"}}],"inLanguage":"sv-SE"},{"@type":"Organization","@id":"https:\/\/truusk.store\/sv\/#organization","name":"TRUUSK - Hem, Tr\u00e4dg\u00e5rd & Fritid","url":"https:\/\/truusk.store\/sv\/","logo":{"@type":"ImageObject","inLanguage":"sv-SE","@id":"https:\/\/truusk.store\/sv\/#\/schema\/logo\/image\/","url":"https:\/\/i0.wp.com\/truusk.store\/wp-content\/uploads\/2026\/03\/cropped-TRUUSK.png?fit=2032%2C917&ssl=1","contentUrl":"https:\/\/i0.wp.com\/truusk.store\/wp-content\/uploads\/2026\/03\/cropped-TRUUSK.png?fit=2032%2C917&ssl=1","width":2032,"height":917,"caption":"TRUUSK - Hem, Tr\u00e4dg\u00e5rd & Fritid"},"image":{"@id":"https:\/\/truusk.store\/sv\/#\/schema\/logo\/image\/"}}]}},"jetpack_sharing_enabled":true,"_links":{"self":[{"href":"https:\/\/truusk.store\/sv\/wp-json\/wp\/v2\/product\/75473","targetHints":{"allow":["GET"]}}],"collection":[{"href":"https:\/\/truusk.store\/sv\/wp-json\/wp\/v2\/product"}],"about":[{"href":"https:\/\/truusk.store\/sv\/wp-json\/wp\/v2\/types\/product"}],"wp:featuredmedia":[{"embeddable":true,"href":"https:\/\/truusk.store\/sv\/wp-json\/wp\/v2\/media\/75463"}],"wp:attachment":[{"href":"https:\/\/truusk.store\/sv\/wp-json\/wp\/v2\/media?parent=75473"}],"wp:term":[{"taxonomy":"product_brand","embeddable":true,"href":"https:\/\/truusk.store\/sv\/wp-json\/wp\/v2\/product_brand?post=75473"},{"taxonomy":"product_cat","embeddable":true,"href":"https:\/\/truusk.store\/sv\/wp-json\/wp\/v2\/product_cat?post=75473"},{"taxonomy":"product_tag","embeddable":true,"href":"https:\/\/truusk.store\/sv\/wp-json\/wp\/v2\/product_tag?post=75473"}],"curies":[{"name":"wp","href":"https:\/\/api.w.org\/{rel}","templated":true}]}}