{"id":75503,"date":"2025-06-06T03:55:37","date_gmt":"2025-06-06T02:55:37","guid":{"rendered":"https:\/\/truusk.store\/product\/solardusch-35-liter-solardusch-for-tradgard-med-vattenkran-duschhuvud-handdusch-sidobricka-upp-till-55-c-utomhusdusch-utan-elanslutning-pool-dusch-campingdusch-regndusch-varmt-vatten\/"},"modified":"2026-03-12T08:42:51","modified_gmt":"2026-03-12T07:42:51","slug":"truusk-solardusch-35-liter-for-tradgard-vattenkran-duschhuvud-handdusch-upp-till-55-c-utomhusdusch-pool-dusch","status":"publish","type":"product","link":"https:\/\/truusk.store\/sv\/produkt\/truusk-solardusch-35-liter-for-tradgard-vattenkran-duschhuvud-handdusch-upp-till-55-c-utomhusdusch-pool-dusch\/","title":{"rendered":"TRUUSK Solardusch 35 liter f\u00f6r tr\u00e4dg\u00e5rd &#8211; Vattenkran &#8211; Duschhuvud &#8211; Handdusch &#8211; Upp till 55 \u00b0C &#8211; Utomhusdusch &#8211; Pool dusch &#8211;"},"content":{"rendered":"<p>Upplev varmt vatten under \u00f6ppen himmel med TRUUSK Outdoor solardusch, uppv\u00e4rmd till 55\u2103. Den 360\u00b0 roterande duschhuvudet och den bekv\u00e4ma fotduschen passar perfekt f\u00f6r alla, fr\u00e5n husdjur till surfare. Ett inbyggt sidobord p\u00e5 tr\u00e4dg\u00e5rdsduschen h\u00e5ller dessutom dina badartiklar alltid till hands &#8211; en idealisk berikning f\u00f6r din tr\u00e4dg\u00e5rd eller poolomr\u00e5de.<\/p>\n<p>Beskrivning:<\/p>\n<ul>\n<li> V\u00e4rmer upp vatten upp till 55\u2103 f\u00f6r en varm solardusch<\/li>\n<li> 360\u00b0 roterande duschhuvud m\u00f6jligg\u00f6r en bekv\u00e4m justering av sprayvinkeln<\/li>\n<li> Fotdusch f\u00f6r bekv\u00e4m reng\u00f6ring av f\u00f6tter, husdjur eller utrustning<\/li>\n<li> Justerbar kran p\u00e5 solarduschen f\u00f6r enkel kontroll av vattentemperatur och tryck<\/li>\n<li> Sidobord p\u00e5 tr\u00e4dg\u00e5rdsduschen h\u00e5ller badartiklar l\u00e4tt tillg\u00e4ngliga<\/li>\n<li> Inkluderar 4 f\u00f6rankringsskruvar f\u00f6r en stabil, s\u00e4ker montering<\/li>\n<li> Kan anslutas universellt till olika vattenslangar, gummipackning ing\u00e5r, vilket effektivt skyddar mot vattenl\u00e4ckage<\/li>\n<\/ul>\n<p> Tekniska data:<\/p>\n<ul>\n<li> F\u00e4rg: Svart<\/li>\n<li> Material: ABS, plast<\/li>\n<li> Totala dimensioner: 17,5L x 14,5B x 216H cm<\/li>\n<li> Vattenkapacitet: 35 L<\/li>\n<li> Duschhuvudets dimensioner: \u00d815 x 7H cm<\/li>\n<li> Duschhuvudets h\u00f6jd: 210H cm<\/li>\n<li> Tolererad temperaturintervall: 0-55\u2103<\/li>\n<li> Maximalt vattentryck: 3,5 bar<\/li>\n<\/ul>\n<p>Leveransinneh\u00e5ll:<\/p>\n<ul>\n<li> 1 x Utomhuspool-dusch<\/li>\n<li> 4 x F\u00e4stbultar<\/li>\n<li> 1 x Bruksanvisning<\/li>\n<\/ul>\n","protected":false},"excerpt":{"rendered":"<p>Upplev varmt vatten under \u00f6ppen himmel med TRUUSK Outdoor solardusch, uppv\u00e4rmd till 55\u2103. Den 360\u00b0 roterande duschhuvudet och den bekv\u00e4ma&#8230;<\/p>\n","protected":false},"featured_media":75494,"template":"","meta":[],"product_brand":[],"product_cat":[648,647],"product_tag":[],"class_list":{"0":"post-75503","1":"product","2":"type-product","3":"status-publish","4":"has-post-thumbnail","6":"product_cat-camping-tillbehor","7":"product_cat-sport-fritid","9":"first","10":"instock","11":"sale","12":"taxable","13":"shipping-taxable","14":"purchasable","15":"product-type-simple"},"yoast_head":"<!-- This site is optimized with the Yoast SEO plugin v25.4 - https:\/\/yoast.com\/wordpress\/plugins\/seo\/ -->\n<title>TRUUSK Solardusch 35 liter f\u00f6r tr\u00e4dg\u00e5rd - Vattenkran - Duschhuvud - Handdusch - Upp till 55 \u00b0C - Utomhusdusch - Pool dusch - TRUUSK - Hem, Tr\u00e4dg\u00e5rd &amp; Fritid<\/title>\n<meta name=\"robots\" content=\"index, follow, max-snippet:-1, max-image-preview:large, max-video-preview:-1\" \/>\n<link rel=\"canonical\" href=\"https:\/\/truusk.store\/sv\/produkt\/truusk-solardusch-35-liter-for-tradgard-vattenkran-duschhuvud-handdusch-upp-till-55-c-utomhusdusch-pool-dusch\/\" \/>\n<meta property=\"og:locale\" content=\"sv_SE\" \/>\n<meta property=\"og:type\" content=\"article\" \/>\n<meta property=\"og:title\" content=\"TRUUSK Solardusch 35 liter f\u00f6r tr\u00e4dg\u00e5rd - Vattenkran - Duschhuvud - Handdusch - Upp till 55 \u00b0C - Utomhusdusch - Pool dusch - TRUUSK - Hem, Tr\u00e4dg\u00e5rd &amp; Fritid\" \/>\n<meta property=\"og:description\" content=\"Upplev varmt vatten under \u00f6ppen himmel med TRUUSK Outdoor solardusch, uppv\u00e4rmd till 55\u2103. Den 360\u00b0 roterande duschhuvudet och den bekv\u00e4ma...\" \/>\n<meta property=\"og:url\" content=\"https:\/\/truusk.store\/sv\/produkt\/truusk-solardusch-35-liter-for-tradgard-vattenkran-duschhuvud-handdusch-upp-till-55-c-utomhusdusch-pool-dusch\/\" \/>\n<meta property=\"og:site_name\" content=\"TRUUSK - Hem, Tr\u00e4dg\u00e5rd &amp; Fritid\" \/>\n<meta property=\"article:modified_time\" content=\"2026-03-12T07:42:51+00:00\" \/>\n<meta property=\"og:image\" content=\"https:\/\/i0.wp.com\/truusk.se\/wp-content\/uploads\/2025\/06\/solardusch-35-liter-solardusch-for-tradgard-med-vattenkran-duschhuvud-handdusch-sidobricka-upp-till-55-c-utomhusdusch-utan-elanslutning-pool-dusch-campingdusch-regndusch-varmt-vatten-1.webp?fit=2000%2C2000&ssl=1\" \/>\n\t<meta property=\"og:image:width\" content=\"2000\" \/>\n\t<meta property=\"og:image:height\" content=\"2000\" \/>\n\t<meta property=\"og:image:type\" content=\"image\/webp\" \/>\n<meta name=\"twitter:card\" content=\"summary_large_image\" \/>\n<meta name=\"twitter:label1\" content=\"Ber\u00e4knad l\u00e4stid\" \/>\n\t<meta name=\"twitter:data1\" content=\"1 minut\" \/>\n<!-- \/ Yoast SEO plugin. -->","yoast_head_json":{"title":"TRUUSK Solardusch 35 liter f\u00f6r tr\u00e4dg\u00e5rd - Vattenkran - Duschhuvud - Handdusch - Upp till 55 \u00b0C - Utomhusdusch - Pool dusch - TRUUSK - Hem, Tr\u00e4dg\u00e5rd &amp; Fritid","robots":{"index":"index","follow":"follow","max-snippet":"max-snippet:-1","max-image-preview":"max-image-preview:large","max-video-preview":"max-video-preview:-1"},"canonical":"https:\/\/truusk.store\/sv\/produkt\/truusk-solardusch-35-liter-for-tradgard-vattenkran-duschhuvud-handdusch-upp-till-55-c-utomhusdusch-pool-dusch\/","og_locale":"sv_SE","og_type":"article","og_title":"TRUUSK Solardusch 35 liter f\u00f6r tr\u00e4dg\u00e5rd - Vattenkran - Duschhuvud - Handdusch - Upp till 55 \u00b0C - Utomhusdusch - Pool dusch - TRUUSK - Hem, Tr\u00e4dg\u00e5rd &amp; Fritid","og_description":"Upplev varmt vatten under \u00f6ppen himmel med TRUUSK Outdoor solardusch, uppv\u00e4rmd till 55\u2103. Den 360\u00b0 roterande duschhuvudet och den bekv\u00e4ma...","og_url":"https:\/\/truusk.store\/sv\/produkt\/truusk-solardusch-35-liter-for-tradgard-vattenkran-duschhuvud-handdusch-upp-till-55-c-utomhusdusch-pool-dusch\/","og_site_name":"TRUUSK - Hem, Tr\u00e4dg\u00e5rd &amp; Fritid","article_modified_time":"2026-03-12T07:42:51+00:00","og_image":[{"width":2000,"height":2000,"url":"https:\/\/i0.wp.com\/truusk.se\/wp-content\/uploads\/2025\/06\/solardusch-35-liter-solardusch-for-tradgard-med-vattenkran-duschhuvud-handdusch-sidobricka-upp-till-55-c-utomhusdusch-utan-elanslutning-pool-dusch-campingdusch-regndusch-varmt-vatten-1.webp?fit=2000%2C2000&ssl=1","type":"image\/webp"}],"twitter_card":"summary_large_image","twitter_misc":{"Ber\u00e4knad l\u00e4stid":"1 minut"},"schema":{"@context":"https:\/\/schema.org","@graph":[{"@type":"WebPage","@id":"https:\/\/truusk.store\/sv\/produkt\/truusk-solardusch-35-liter-for-tradgard-vattenkran-duschhuvud-handdusch-upp-till-55-c-utomhusdusch-pool-dusch\/","url":"https:\/\/truusk.store\/sv\/produkt\/truusk-solardusch-35-liter-for-tradgard-vattenkran-duschhuvud-handdusch-upp-till-55-c-utomhusdusch-pool-dusch\/","name":"TRUUSK Solardusch 35 liter f\u00f6r tr\u00e4dg\u00e5rd - Vattenkran - Duschhuvud - Handdusch - Upp till 55 \u00b0C - Utomhusdusch - Pool dusch - TRUUSK - Hem, Tr\u00e4dg\u00e5rd &amp; Fritid","isPartOf":{"@id":"https:\/\/truusk.store\/sv\/#website"},"primaryImageOfPage":{"@id":"https:\/\/truusk.store\/sv\/produkt\/truusk-solardusch-35-liter-for-tradgard-vattenkran-duschhuvud-handdusch-upp-till-55-c-utomhusdusch-pool-dusch\/#primaryimage"},"image":{"@id":"https:\/\/truusk.store\/sv\/produkt\/truusk-solardusch-35-liter-for-tradgard-vattenkran-duschhuvud-handdusch-upp-till-55-c-utomhusdusch-pool-dusch\/#primaryimage"},"thumbnailUrl":"https:\/\/i0.wp.com\/truusk.store\/wp-content\/uploads\/2025\/06\/solardusch-35-liter-solardusch-for-tradgard-med-vattenkran-duschhuvud-handdusch-sidobricka-upp-till-55-c-utomhusdusch-utan-elanslutning-pool-dusch-campingdusch-regndusch-varmt-vatten-1.webp?fit=2000%2C2000&ssl=1","datePublished":"2025-06-06T02:55:37+00:00","dateModified":"2026-03-12T07:42:51+00:00","breadcrumb":{"@id":"https:\/\/truusk.store\/sv\/produkt\/truusk-solardusch-35-liter-for-tradgard-vattenkran-duschhuvud-handdusch-upp-till-55-c-utomhusdusch-pool-dusch\/#breadcrumb"},"inLanguage":"sv-SE","potentialAction":[{"@type":"ReadAction","target":["https:\/\/truusk.store\/sv\/produkt\/truusk-solardusch-35-liter-for-tradgard-vattenkran-duschhuvud-handdusch-upp-till-55-c-utomhusdusch-pool-dusch\/"]}]},{"@type":"ImageObject","inLanguage":"sv-SE","@id":"https:\/\/truusk.store\/sv\/produkt\/truusk-solardusch-35-liter-for-tradgard-vattenkran-duschhuvud-handdusch-upp-till-55-c-utomhusdusch-pool-dusch\/#primaryimage","url":"https:\/\/i0.wp.com\/truusk.store\/wp-content\/uploads\/2025\/06\/solardusch-35-liter-solardusch-for-tradgard-med-vattenkran-duschhuvud-handdusch-sidobricka-upp-till-55-c-utomhusdusch-utan-elanslutning-pool-dusch-campingdusch-regndusch-varmt-vatten-1.webp?fit=2000%2C2000&ssl=1","contentUrl":"https:\/\/i0.wp.com\/truusk.store\/wp-content\/uploads\/2025\/06\/solardusch-35-liter-solardusch-for-tradgard-med-vattenkran-duschhuvud-handdusch-sidobricka-upp-till-55-c-utomhusdusch-utan-elanslutning-pool-dusch-campingdusch-regndusch-varmt-vatten-1.webp?fit=2000%2C2000&ssl=1","width":2000,"height":2000},{"@type":"BreadcrumbList","@id":"https:\/\/truusk.store\/sv\/produkt\/truusk-solardusch-35-liter-for-tradgard-vattenkran-duschhuvud-handdusch-upp-till-55-c-utomhusdusch-pool-dusch\/#breadcrumb","itemListElement":[{"@type":"ListItem","position":1,"name":"Home","item":"https:\/\/truusk.store\/sv\/"},{"@type":"ListItem","position":2,"name":"Shop","item":"https:\/\/truusk.store\/shop\/"},{"@type":"ListItem","position":3,"name":"TRUUSK Solardusch 35 liter f\u00f6r tr\u00e4dg\u00e5rd &#8211; Vattenkran &#8211; Duschhuvud &#8211; Handdusch &#8211; Upp till 55 \u00b0C &#8211; Utomhusdusch &#8211; Pool dusch &#8211;"}]},{"@type":"WebSite","@id":"https:\/\/truusk.store\/sv\/#website","url":"https:\/\/truusk.store\/sv\/","name":"TRUUSK - Hem, Tr\u00e4dg\u00e5rd & Fritid","description":"","publisher":{"@id":"https:\/\/truusk.store\/sv\/#organization"},"potentialAction":[{"@type":"SearchAction","target":{"@type":"EntryPoint","urlTemplate":"https:\/\/truusk.store\/sv\/?s={search_term_string}"},"query-input":{"@type":"PropertyValueSpecification","valueRequired":true,"valueName":"search_term_string"}}],"inLanguage":"sv-SE"},{"@type":"Organization","@id":"https:\/\/truusk.store\/sv\/#organization","name":"TRUUSK - Hem, Tr\u00e4dg\u00e5rd & Fritid","url":"https:\/\/truusk.store\/sv\/","logo":{"@type":"ImageObject","inLanguage":"sv-SE","@id":"https:\/\/truusk.store\/sv\/#\/schema\/logo\/image\/","url":"https:\/\/i0.wp.com\/truusk.store\/wp-content\/uploads\/2026\/03\/cropped-TRUUSK.png?fit=2032%2C917&ssl=1","contentUrl":"https:\/\/i0.wp.com\/truusk.store\/wp-content\/uploads\/2026\/03\/cropped-TRUUSK.png?fit=2032%2C917&ssl=1","width":2032,"height":917,"caption":"TRUUSK - Hem, Tr\u00e4dg\u00e5rd & Fritid"},"image":{"@id":"https:\/\/truusk.store\/sv\/#\/schema\/logo\/image\/"}}]}},"jetpack_sharing_enabled":true,"_links":{"self":[{"href":"https:\/\/truusk.store\/sv\/wp-json\/wp\/v2\/product\/75503","targetHints":{"allow":["GET"]}}],"collection":[{"href":"https:\/\/truusk.store\/sv\/wp-json\/wp\/v2\/product"}],"about":[{"href":"https:\/\/truusk.store\/sv\/wp-json\/wp\/v2\/types\/product"}],"wp:featuredmedia":[{"embeddable":true,"href":"https:\/\/truusk.store\/sv\/wp-json\/wp\/v2\/media\/75494"}],"wp:attachment":[{"href":"https:\/\/truusk.store\/sv\/wp-json\/wp\/v2\/media?parent=75503"}],"wp:term":[{"taxonomy":"product_brand","embeddable":true,"href":"https:\/\/truusk.store\/sv\/wp-json\/wp\/v2\/product_brand?post=75503"},{"taxonomy":"product_cat","embeddable":true,"href":"https:\/\/truusk.store\/sv\/wp-json\/wp\/v2\/product_cat?post=75503"},{"taxonomy":"product_tag","embeddable":true,"href":"https:\/\/truusk.store\/sv\/wp-json\/wp\/v2\/product_tag?post=75503"}],"curies":[{"name":"wp","href":"https:\/\/api.w.org\/{rel}","templated":true}]}}