{"id":75513,"date":"2025-06-06T03:56:45","date_gmt":"2025-06-06T02:56:45","guid":{"rendered":"https:\/\/truusk.store\/product\/campingbord-hopfallbart-bord-med-rullbar-bordsskiva-x-ram-tradgardsbord-i-aluminium-latt-2-personer-sidobord-hopfallbart-bord-for-tradgard-balkong-camping-95-x-55cm-svart\/"},"modified":"2026-03-12T09:39:25","modified_gmt":"2026-03-12T08:39:25","slug":"truusk-campingbord-hopfallbart-rullbar-bordsskiva-aluminium-latt-2-personer-sidobord-tradgard-balkong-camping-95","status":"publish","type":"product","link":"https:\/\/truusk.store\/sv\/produkt\/truusk-campingbord-hopfallbart-rullbar-bordsskiva-aluminium-latt-2-personer-sidobord-tradgard-balkong-camping-95\/","title":{"rendered":"TRUUSK Campingbord &#8211; Hopf\u00e4llbart &#8211; Rullbar Bordsskiva &#8211; Aluminium &#8211; L\u00e4tt &#8211; 2 Personer &#8211; Sidobord &#8211; Tr\u00e4dg\u00e5rd Balkong Camping &#8211; 95"},"content":{"rendered":"<p>B\u00f6rja varje \u00e4ventyr med en egen plats att \u00e4ta och vila: TRUUSK hopf\u00e4llbara tr\u00e4dg\u00e5rdsbord f\u00f6r tv\u00e5 personer \u00e4r din idealiska f\u00f6ljeslagare. Tillverkad av pulverlackerad aluminium, \u00e4r detta hopf\u00e4llbara campingbord robust och l\u00e4mpligt f\u00f6r daglig anv\u00e4ndning. Den inneh\u00e5ller en upprullbar bordsskiva och ett hopf\u00e4llbart underrede, enkelt att s\u00e4tta upp och f\u00f6rvara. L\u00e4tt att transportera i den medf\u00f6ljande v\u00e4skan, erbjuder den extra stabilitet med sina &#8217;X&#8217;-st\u00f6dbalkar.<\/p>\n<p>Beskrivning:<\/p>\n<ul>\n<li> Upprullbar bordsskiva och hopf\u00e4llbart ram: enkelt att montera och f\u00f6rvara<\/li>\n<li> B\u00e4rp\u00e5se ing\u00e5r: l\u00e4tt att ta med p\u00e5 utomhus\u00e4ventyr och utflykter<\/li>\n<li> Pulverlackerad aluminium g\u00f6r bordet robust och h\u00e5llbart<\/li>\n<li> &#8217;X&#8217; ovanf\u00f6r ramen f\u00f6r \u00f6kad stabilitet och st\u00f6d<\/li>\n<li> 95 x 55 cm stor bordsskiva rymmer tv\u00e5 personer. Lameller hj\u00e4lper till att f\u00f6rhindra vattenansamlingar<\/li>\n<li> Fotdynor p\u00e5 hopf\u00e4llbara bord skyddar golvet mot l\u00e4tta markeringar och repor<\/li>\n<li> Maximal belastning 30 kg, montering kr\u00e4vs.<\/li>\n<\/ul>\n<p> Tekniska data:<\/p>\n<ul>\n<li> F\u00e4rg: Svart<\/li>\n<li> Material: Aluminium<\/li>\n<li> Totala dimensioner: 95L x 55B x 50H cm<\/li>\n<li> Hopf\u00e4llda dimensioner: 51,9L x 24B x 17,3H cm<\/li>\n<li> Belastningskapacitet: 30 kg<\/li>\n<li> Nettovikt: 4,5 kg<\/li>\n<\/ul>\n<p>Leveransinneh\u00e5ll:<\/p>\n<ul>\n<li> 1 x Campingbord<\/li>\n<li> 1 x Handbok<\/li>\n<\/ul>\n","protected":false},"excerpt":{"rendered":"<p>B\u00f6rja varje \u00e4ventyr med en egen plats att \u00e4ta och vila: TRUUSK hopf\u00e4llbara tr\u00e4dg\u00e5rdsbord f\u00f6r tv\u00e5 personer \u00e4r din idealiska&#8230;<\/p>\n","protected":false},"featured_media":75504,"template":"","meta":[],"product_brand":[],"product_cat":[648,649,647],"product_tag":[],"class_list":{"0":"post-75513","1":"product","2":"type-product","3":"status-publish","4":"has-post-thumbnail","6":"product_cat-camping-tillbehor","7":"product_cat-campingbord","8":"product_cat-sport-fritid","10":"first","11":"instock","12":"sale","13":"taxable","14":"shipping-taxable","15":"purchasable","16":"product-type-simple"},"yoast_head":"<!-- This site is optimized with the Yoast SEO plugin v25.4 - https:\/\/yoast.com\/wordpress\/plugins\/seo\/ -->\n<title>TRUUSK Campingbord - Hopf\u00e4llbart - Rullbar Bordsskiva - Aluminium - L\u00e4tt - 2 Personer - Sidobord - Tr\u00e4dg\u00e5rd Balkong Camping - 95 - TRUUSK - Hem, Tr\u00e4dg\u00e5rd &amp; Fritid<\/title>\n<meta name=\"robots\" content=\"index, follow, max-snippet:-1, max-image-preview:large, max-video-preview:-1\" \/>\n<link rel=\"canonical\" href=\"https:\/\/truusk.store\/sv\/produkt\/truusk-campingbord-hopfallbart-rullbar-bordsskiva-aluminium-latt-2-personer-sidobord-tradgard-balkong-camping-95\/\" \/>\n<meta property=\"og:locale\" content=\"sv_SE\" \/>\n<meta property=\"og:type\" content=\"article\" \/>\n<meta property=\"og:title\" content=\"TRUUSK Campingbord - Hopf\u00e4llbart - Rullbar Bordsskiva - Aluminium - L\u00e4tt - 2 Personer - Sidobord - Tr\u00e4dg\u00e5rd Balkong Camping - 95 - TRUUSK - Hem, Tr\u00e4dg\u00e5rd &amp; Fritid\" \/>\n<meta property=\"og:description\" content=\"B\u00f6rja varje \u00e4ventyr med en egen plats att \u00e4ta och vila: TRUUSK hopf\u00e4llbara tr\u00e4dg\u00e5rdsbord f\u00f6r tv\u00e5 personer \u00e4r din idealiska...\" \/>\n<meta property=\"og:url\" content=\"https:\/\/truusk.store\/sv\/produkt\/truusk-campingbord-hopfallbart-rullbar-bordsskiva-aluminium-latt-2-personer-sidobord-tradgard-balkong-camping-95\/\" \/>\n<meta property=\"og:site_name\" content=\"TRUUSK - Hem, Tr\u00e4dg\u00e5rd &amp; Fritid\" \/>\n<meta property=\"article:modified_time\" content=\"2026-03-12T08:39:25+00:00\" \/>\n<meta property=\"og:image\" content=\"https:\/\/i0.wp.com\/truusk.se\/wp-content\/uploads\/2025\/06\/campingbord-hopfallbart-bord-med-rullbar-bordsskiva-x-ram-tradgardsbord-i-aluminium-latt-2-personer-sidobord-hopfallbart-bord-for-tradgard-balkong-camping-95-x-55cm-svart-1.webp?fit=2000%2C2000&ssl=1\" \/>\n\t<meta property=\"og:image:width\" content=\"2000\" \/>\n\t<meta property=\"og:image:height\" content=\"2000\" \/>\n\t<meta property=\"og:image:type\" content=\"image\/webp\" \/>\n<meta name=\"twitter:card\" content=\"summary_large_image\" \/>\n<meta name=\"twitter:label1\" content=\"Ber\u00e4knad l\u00e4stid\" \/>\n\t<meta name=\"twitter:data1\" content=\"1 minut\" \/>\n<!-- \/ Yoast SEO plugin. -->","yoast_head_json":{"title":"TRUUSK Campingbord - Hopf\u00e4llbart - Rullbar Bordsskiva - Aluminium - L\u00e4tt - 2 Personer - Sidobord - Tr\u00e4dg\u00e5rd Balkong Camping - 95 - TRUUSK - Hem, Tr\u00e4dg\u00e5rd &amp; Fritid","robots":{"index":"index","follow":"follow","max-snippet":"max-snippet:-1","max-image-preview":"max-image-preview:large","max-video-preview":"max-video-preview:-1"},"canonical":"https:\/\/truusk.store\/sv\/produkt\/truusk-campingbord-hopfallbart-rullbar-bordsskiva-aluminium-latt-2-personer-sidobord-tradgard-balkong-camping-95\/","og_locale":"sv_SE","og_type":"article","og_title":"TRUUSK Campingbord - Hopf\u00e4llbart - Rullbar Bordsskiva - Aluminium - L\u00e4tt - 2 Personer - Sidobord - Tr\u00e4dg\u00e5rd Balkong Camping - 95 - TRUUSK - Hem, Tr\u00e4dg\u00e5rd &amp; Fritid","og_description":"B\u00f6rja varje \u00e4ventyr med en egen plats att \u00e4ta och vila: TRUUSK hopf\u00e4llbara tr\u00e4dg\u00e5rdsbord f\u00f6r tv\u00e5 personer \u00e4r din idealiska...","og_url":"https:\/\/truusk.store\/sv\/produkt\/truusk-campingbord-hopfallbart-rullbar-bordsskiva-aluminium-latt-2-personer-sidobord-tradgard-balkong-camping-95\/","og_site_name":"TRUUSK - Hem, Tr\u00e4dg\u00e5rd &amp; Fritid","article_modified_time":"2026-03-12T08:39:25+00:00","og_image":[{"width":2000,"height":2000,"url":"https:\/\/i0.wp.com\/truusk.se\/wp-content\/uploads\/2025\/06\/campingbord-hopfallbart-bord-med-rullbar-bordsskiva-x-ram-tradgardsbord-i-aluminium-latt-2-personer-sidobord-hopfallbart-bord-for-tradgard-balkong-camping-95-x-55cm-svart-1.webp?fit=2000%2C2000&ssl=1","type":"image\/webp"}],"twitter_card":"summary_large_image","twitter_misc":{"Ber\u00e4knad l\u00e4stid":"1 minut"},"schema":{"@context":"https:\/\/schema.org","@graph":[{"@type":"WebPage","@id":"https:\/\/truusk.store\/sv\/produkt\/truusk-campingbord-hopfallbart-rullbar-bordsskiva-aluminium-latt-2-personer-sidobord-tradgard-balkong-camping-95\/","url":"https:\/\/truusk.store\/sv\/produkt\/truusk-campingbord-hopfallbart-rullbar-bordsskiva-aluminium-latt-2-personer-sidobord-tradgard-balkong-camping-95\/","name":"TRUUSK Campingbord - Hopf\u00e4llbart - Rullbar Bordsskiva - Aluminium - L\u00e4tt - 2 Personer - Sidobord - Tr\u00e4dg\u00e5rd Balkong Camping - 95 - TRUUSK - Hem, Tr\u00e4dg\u00e5rd &amp; Fritid","isPartOf":{"@id":"https:\/\/truusk.store\/sv\/#website"},"primaryImageOfPage":{"@id":"https:\/\/truusk.store\/sv\/produkt\/truusk-campingbord-hopfallbart-rullbar-bordsskiva-aluminium-latt-2-personer-sidobord-tradgard-balkong-camping-95\/#primaryimage"},"image":{"@id":"https:\/\/truusk.store\/sv\/produkt\/truusk-campingbord-hopfallbart-rullbar-bordsskiva-aluminium-latt-2-personer-sidobord-tradgard-balkong-camping-95\/#primaryimage"},"thumbnailUrl":"https:\/\/i0.wp.com\/truusk.store\/wp-content\/uploads\/2025\/06\/campingbord-hopfallbart-bord-med-rullbar-bordsskiva-x-ram-tradgardsbord-i-aluminium-latt-2-personer-sidobord-hopfallbart-bord-for-tradgard-balkong-camping-95-x-55cm-svart-1.webp?fit=2000%2C2000&ssl=1","datePublished":"2025-06-06T02:56:45+00:00","dateModified":"2026-03-12T08:39:25+00:00","breadcrumb":{"@id":"https:\/\/truusk.store\/sv\/produkt\/truusk-campingbord-hopfallbart-rullbar-bordsskiva-aluminium-latt-2-personer-sidobord-tradgard-balkong-camping-95\/#breadcrumb"},"inLanguage":"sv-SE","potentialAction":[{"@type":"ReadAction","target":["https:\/\/truusk.store\/sv\/produkt\/truusk-campingbord-hopfallbart-rullbar-bordsskiva-aluminium-latt-2-personer-sidobord-tradgard-balkong-camping-95\/"]}]},{"@type":"ImageObject","inLanguage":"sv-SE","@id":"https:\/\/truusk.store\/sv\/produkt\/truusk-campingbord-hopfallbart-rullbar-bordsskiva-aluminium-latt-2-personer-sidobord-tradgard-balkong-camping-95\/#primaryimage","url":"https:\/\/i0.wp.com\/truusk.store\/wp-content\/uploads\/2025\/06\/campingbord-hopfallbart-bord-med-rullbar-bordsskiva-x-ram-tradgardsbord-i-aluminium-latt-2-personer-sidobord-hopfallbart-bord-for-tradgard-balkong-camping-95-x-55cm-svart-1.webp?fit=2000%2C2000&ssl=1","contentUrl":"https:\/\/i0.wp.com\/truusk.store\/wp-content\/uploads\/2025\/06\/campingbord-hopfallbart-bord-med-rullbar-bordsskiva-x-ram-tradgardsbord-i-aluminium-latt-2-personer-sidobord-hopfallbart-bord-for-tradgard-balkong-camping-95-x-55cm-svart-1.webp?fit=2000%2C2000&ssl=1","width":2000,"height":2000},{"@type":"BreadcrumbList","@id":"https:\/\/truusk.store\/sv\/produkt\/truusk-campingbord-hopfallbart-rullbar-bordsskiva-aluminium-latt-2-personer-sidobord-tradgard-balkong-camping-95\/#breadcrumb","itemListElement":[{"@type":"ListItem","position":1,"name":"Home","item":"https:\/\/truusk.store\/sv\/"},{"@type":"ListItem","position":2,"name":"Shop","item":"https:\/\/truusk.store\/shop\/"},{"@type":"ListItem","position":3,"name":"TRUUSK Campingbord &#8211; Hopf\u00e4llbart &#8211; Rullbar Bordsskiva &#8211; Aluminium &#8211; L\u00e4tt &#8211; 2 Personer &#8211; Sidobord &#8211; Tr\u00e4dg\u00e5rd Balkong Camping &#8211; 95"}]},{"@type":"WebSite","@id":"https:\/\/truusk.store\/sv\/#website","url":"https:\/\/truusk.store\/sv\/","name":"TRUUSK - Hem, Tr\u00e4dg\u00e5rd & Fritid","description":"","publisher":{"@id":"https:\/\/truusk.store\/sv\/#organization"},"potentialAction":[{"@type":"SearchAction","target":{"@type":"EntryPoint","urlTemplate":"https:\/\/truusk.store\/sv\/?s={search_term_string}"},"query-input":{"@type":"PropertyValueSpecification","valueRequired":true,"valueName":"search_term_string"}}],"inLanguage":"sv-SE"},{"@type":"Organization","@id":"https:\/\/truusk.store\/sv\/#organization","name":"TRUUSK - Hem, Tr\u00e4dg\u00e5rd & Fritid","url":"https:\/\/truusk.store\/sv\/","logo":{"@type":"ImageObject","inLanguage":"sv-SE","@id":"https:\/\/truusk.store\/sv\/#\/schema\/logo\/image\/","url":"https:\/\/i0.wp.com\/truusk.store\/wp-content\/uploads\/2026\/03\/cropped-TRUUSK.png?fit=2032%2C917&ssl=1","contentUrl":"https:\/\/i0.wp.com\/truusk.store\/wp-content\/uploads\/2026\/03\/cropped-TRUUSK.png?fit=2032%2C917&ssl=1","width":2032,"height":917,"caption":"TRUUSK - Hem, Tr\u00e4dg\u00e5rd & Fritid"},"image":{"@id":"https:\/\/truusk.store\/sv\/#\/schema\/logo\/image\/"}}]}},"jetpack_sharing_enabled":true,"_links":{"self":[{"href":"https:\/\/truusk.store\/sv\/wp-json\/wp\/v2\/product\/75513","targetHints":{"allow":["GET"]}}],"collection":[{"href":"https:\/\/truusk.store\/sv\/wp-json\/wp\/v2\/product"}],"about":[{"href":"https:\/\/truusk.store\/sv\/wp-json\/wp\/v2\/types\/product"}],"wp:featuredmedia":[{"embeddable":true,"href":"https:\/\/truusk.store\/sv\/wp-json\/wp\/v2\/media\/75504"}],"wp:attachment":[{"href":"https:\/\/truusk.store\/sv\/wp-json\/wp\/v2\/media?parent=75513"}],"wp:term":[{"taxonomy":"product_brand","embeddable":true,"href":"https:\/\/truusk.store\/sv\/wp-json\/wp\/v2\/product_brand?post=75513"},{"taxonomy":"product_cat","embeddable":true,"href":"https:\/\/truusk.store\/sv\/wp-json\/wp\/v2\/product_cat?post=75513"},{"taxonomy":"product_tag","embeddable":true,"href":"https:\/\/truusk.store\/sv\/wp-json\/wp\/v2\/product_tag?post=75513"}],"curies":[{"name":"wp","href":"https:\/\/api.w.org\/{rel}","templated":true}]}}