{"id":75523,"date":"2025-06-06T03:57:37","date_gmt":"2025-06-06T02:57:37","guid":{"rendered":"https:\/\/truusk.store\/product\/dvarg-hamsterbur-gnagarbur-smadjursstall-i-tra-musbur-med-trappor-smadjursbur-gnagarvilla-trestockig-gra-115-x-57-x-55-cm\/"},"modified":"2026-03-12T09:38:21","modified_gmt":"2026-03-12T08:38:21","slug":"truusk-dvarg-hamsterbur-i-tra-trestockig-med-trappor-gnagarvilla-gra-115-x-57-x-55-cm","status":"publish","type":"product","link":"https:\/\/truusk.store\/sv\/produkt\/truusk-dvarg-hamsterbur-i-tra-trestockig-med-trappor-gnagarvilla-gra-115-x-57-x-55-cm\/","title":{"rendered":"TRUUSK Dv\u00e4rg Hamsterbur i Tr\u00e4 &#8211; Trestockig Med Trappor &#8211; Gnagarvilla &#8211; Gr\u00e5 &#8211; 115 x 57 x 55 cm"},"content":{"rendered":"<p>Detta sm\u00e5djursbur fr\u00e5n TRUUSK \u00e4r idealiskt f\u00f6r hamstrar, marsvin och andra sm\u00e5djur. En perfekt bostad och r\u00f6relseomr\u00e5de d\u00e4r de kan k\u00e4nna sig bekv\u00e4ma och lyckliga. Tillverkad av en tr\u00e4konstruktion med f\u00f6nster och en \u00f6vre d\u00f6rr. Toppen \u00e4r f\u00f6rsedd med ett tr\u00e5dn\u00e4t som ocks\u00e5 kan \u00f6ppnas helt eller st\u00e4llas in fr\u00e5n 30 till 60 grader, s\u00e5 att det finns mycket frisk luft.<\/p>\n<p>Beskrivning:<\/p>\n<ul>\n<li> Perfekt bostad och r\u00f6relseomr\u00e5de i ett<\/li>\n<li> L\u00e4mplig f\u00f6r hamstrar, marsvin och andra sm\u00e5djur<\/li>\n<li> Stor l\u00e5sbar, \u00f6ppningsbar d\u00f6rr f\u00f6r enkel tillg\u00e5ng och underh\u00e5ll<\/li>\n<li> Stabil konstruktion av tr\u00e4 och gran<\/li>\n<li> L\u00e4tt att reng\u00f6ra hylla<\/li>\n<li> Helt t\u00e4ckt r\u00f6relseomr\u00e5de<\/li>\n<li> Enkel montering kr\u00e4vs<\/li>\n<\/ul>\n<p> Tekniska data:<\/p>\n<ul>\n<li> Material: Gran, plast<\/li>\n<li> F\u00e4rg: Gr\u00e5<\/li>\n<li> Totala m\u00e5tt: 115L x 57B x 55H cm<\/li>\n<li> Plattformens storlek: 112,7L x 24,8B cm (\u00f6vre), 112,7L x 35B cm (nedre)<\/li>\n<li> Brickans storlek: 112,5L x 56B cm<\/li>\n<\/ul>\n<p> Leveransinneh\u00e5ll:<\/p>\n<ul>\n<li> 1 x bur;<\/li>\n<\/ul>\n","protected":false},"excerpt":{"rendered":"<p>Detta sm\u00e5djursbur fr\u00e5n TRUUSK \u00e4r idealiskt f\u00f6r hamstrar, marsvin och andra sm\u00e5djur. En perfekt bostad och r\u00f6relseomr\u00e5de d\u00e4r de kan&#8230;<\/p>\n","protected":false},"featured_media":75514,"template":"","meta":[],"product_brand":[],"product_cat":[878,599,597],"product_tag":[],"class_list":{"0":"post-75523","1":"product","2":"type-product","3":"status-publish","4":"has-post-thumbnail","6":"product_cat-djurbehov","7":"product_cat-sma-djurburar","8":"product_cat-sma-djurtillbehor","10":"first","11":"instock","12":"sale","13":"taxable","14":"shipping-taxable","15":"purchasable","16":"product-type-simple"},"yoast_head":"<!-- This site is optimized with the Yoast SEO plugin v25.4 - https:\/\/yoast.com\/wordpress\/plugins\/seo\/ -->\n<title>TRUUSK Dv\u00e4rg Hamsterbur i Tr\u00e4 - Trestockig Med Trappor - Gnagarvilla - Gr\u00e5 - 115 x 57 x 55 cm - TRUUSK - Hem, Tr\u00e4dg\u00e5rd &amp; Fritid<\/title>\n<meta name=\"robots\" content=\"index, follow, max-snippet:-1, max-image-preview:large, max-video-preview:-1\" \/>\n<link rel=\"canonical\" href=\"https:\/\/truusk.store\/sv\/produkt\/truusk-dvarg-hamsterbur-i-tra-trestockig-med-trappor-gnagarvilla-gra-115-x-57-x-55-cm\/\" \/>\n<meta property=\"og:locale\" content=\"sv_SE\" \/>\n<meta property=\"og:type\" content=\"article\" \/>\n<meta property=\"og:title\" content=\"TRUUSK Dv\u00e4rg Hamsterbur i Tr\u00e4 - Trestockig Med Trappor - Gnagarvilla - Gr\u00e5 - 115 x 57 x 55 cm - TRUUSK - Hem, Tr\u00e4dg\u00e5rd &amp; Fritid\" \/>\n<meta property=\"og:description\" content=\"Detta sm\u00e5djursbur fr\u00e5n TRUUSK \u00e4r idealiskt f\u00f6r hamstrar, marsvin och andra sm\u00e5djur. En perfekt bostad och r\u00f6relseomr\u00e5de d\u00e4r de kan...\" \/>\n<meta property=\"og:url\" content=\"https:\/\/truusk.store\/sv\/produkt\/truusk-dvarg-hamsterbur-i-tra-trestockig-med-trappor-gnagarvilla-gra-115-x-57-x-55-cm\/\" \/>\n<meta property=\"og:site_name\" content=\"TRUUSK - Hem, Tr\u00e4dg\u00e5rd &amp; Fritid\" \/>\n<meta property=\"article:modified_time\" content=\"2026-03-12T08:38:21+00:00\" \/>\n<meta property=\"og:image\" content=\"https:\/\/i0.wp.com\/truusk.se\/wp-content\/uploads\/2025\/06\/dvarg-hamsterbur-gnagarbur-smadjursstall-i-tra-musbur-med-trappor-smadjursbur-gnagarvilla-trestockig-gra-115-x-57-x-55-cm-1.webp?fit=2000%2C2000&ssl=1\" \/>\n\t<meta property=\"og:image:width\" content=\"2000\" \/>\n\t<meta property=\"og:image:height\" content=\"2000\" \/>\n\t<meta property=\"og:image:type\" content=\"image\/webp\" \/>\n<meta name=\"twitter:card\" content=\"summary_large_image\" \/>\n<meta name=\"twitter:label1\" content=\"Ber\u00e4knad l\u00e4stid\" \/>\n\t<meta name=\"twitter:data1\" content=\"1 minut\" \/>\n<!-- \/ Yoast SEO plugin. -->","yoast_head_json":{"title":"TRUUSK Dv\u00e4rg Hamsterbur i Tr\u00e4 - Trestockig Med Trappor - Gnagarvilla - Gr\u00e5 - 115 x 57 x 55 cm - TRUUSK - Hem, Tr\u00e4dg\u00e5rd &amp; Fritid","robots":{"index":"index","follow":"follow","max-snippet":"max-snippet:-1","max-image-preview":"max-image-preview:large","max-video-preview":"max-video-preview:-1"},"canonical":"https:\/\/truusk.store\/sv\/produkt\/truusk-dvarg-hamsterbur-i-tra-trestockig-med-trappor-gnagarvilla-gra-115-x-57-x-55-cm\/","og_locale":"sv_SE","og_type":"article","og_title":"TRUUSK Dv\u00e4rg Hamsterbur i Tr\u00e4 - Trestockig Med Trappor - Gnagarvilla - Gr\u00e5 - 115 x 57 x 55 cm - TRUUSK - Hem, Tr\u00e4dg\u00e5rd &amp; Fritid","og_description":"Detta sm\u00e5djursbur fr\u00e5n TRUUSK \u00e4r idealiskt f\u00f6r hamstrar, marsvin och andra sm\u00e5djur. En perfekt bostad och r\u00f6relseomr\u00e5de d\u00e4r de kan...","og_url":"https:\/\/truusk.store\/sv\/produkt\/truusk-dvarg-hamsterbur-i-tra-trestockig-med-trappor-gnagarvilla-gra-115-x-57-x-55-cm\/","og_site_name":"TRUUSK - Hem, Tr\u00e4dg\u00e5rd &amp; Fritid","article_modified_time":"2026-03-12T08:38:21+00:00","og_image":[{"width":2000,"height":2000,"url":"https:\/\/i0.wp.com\/truusk.se\/wp-content\/uploads\/2025\/06\/dvarg-hamsterbur-gnagarbur-smadjursstall-i-tra-musbur-med-trappor-smadjursbur-gnagarvilla-trestockig-gra-115-x-57-x-55-cm-1.webp?fit=2000%2C2000&ssl=1","type":"image\/webp"}],"twitter_card":"summary_large_image","twitter_misc":{"Ber\u00e4knad l\u00e4stid":"1 minut"},"schema":{"@context":"https:\/\/schema.org","@graph":[{"@type":"WebPage","@id":"https:\/\/truusk.store\/sv\/produkt\/truusk-dvarg-hamsterbur-i-tra-trestockig-med-trappor-gnagarvilla-gra-115-x-57-x-55-cm\/","url":"https:\/\/truusk.store\/sv\/produkt\/truusk-dvarg-hamsterbur-i-tra-trestockig-med-trappor-gnagarvilla-gra-115-x-57-x-55-cm\/","name":"TRUUSK Dv\u00e4rg Hamsterbur i Tr\u00e4 - Trestockig Med Trappor - Gnagarvilla - Gr\u00e5 - 115 x 57 x 55 cm - TRUUSK - Hem, Tr\u00e4dg\u00e5rd &amp; Fritid","isPartOf":{"@id":"https:\/\/truusk.store\/sv\/#website"},"primaryImageOfPage":{"@id":"https:\/\/truusk.store\/sv\/produkt\/truusk-dvarg-hamsterbur-i-tra-trestockig-med-trappor-gnagarvilla-gra-115-x-57-x-55-cm\/#primaryimage"},"image":{"@id":"https:\/\/truusk.store\/sv\/produkt\/truusk-dvarg-hamsterbur-i-tra-trestockig-med-trappor-gnagarvilla-gra-115-x-57-x-55-cm\/#primaryimage"},"thumbnailUrl":"https:\/\/i0.wp.com\/truusk.store\/wp-content\/uploads\/2025\/06\/dvarg-hamsterbur-gnagarbur-smadjursstall-i-tra-musbur-med-trappor-smadjursbur-gnagarvilla-trestockig-gra-115-x-57-x-55-cm-1.webp?fit=2000%2C2000&ssl=1","datePublished":"2025-06-06T02:57:37+00:00","dateModified":"2026-03-12T08:38:21+00:00","breadcrumb":{"@id":"https:\/\/truusk.store\/sv\/produkt\/truusk-dvarg-hamsterbur-i-tra-trestockig-med-trappor-gnagarvilla-gra-115-x-57-x-55-cm\/#breadcrumb"},"inLanguage":"sv-SE","potentialAction":[{"@type":"ReadAction","target":["https:\/\/truusk.store\/sv\/produkt\/truusk-dvarg-hamsterbur-i-tra-trestockig-med-trappor-gnagarvilla-gra-115-x-57-x-55-cm\/"]}]},{"@type":"ImageObject","inLanguage":"sv-SE","@id":"https:\/\/truusk.store\/sv\/produkt\/truusk-dvarg-hamsterbur-i-tra-trestockig-med-trappor-gnagarvilla-gra-115-x-57-x-55-cm\/#primaryimage","url":"https:\/\/i0.wp.com\/truusk.store\/wp-content\/uploads\/2025\/06\/dvarg-hamsterbur-gnagarbur-smadjursstall-i-tra-musbur-med-trappor-smadjursbur-gnagarvilla-trestockig-gra-115-x-57-x-55-cm-1.webp?fit=2000%2C2000&ssl=1","contentUrl":"https:\/\/i0.wp.com\/truusk.store\/wp-content\/uploads\/2025\/06\/dvarg-hamsterbur-gnagarbur-smadjursstall-i-tra-musbur-med-trappor-smadjursbur-gnagarvilla-trestockig-gra-115-x-57-x-55-cm-1.webp?fit=2000%2C2000&ssl=1","width":2000,"height":2000},{"@type":"BreadcrumbList","@id":"https:\/\/truusk.store\/sv\/produkt\/truusk-dvarg-hamsterbur-i-tra-trestockig-med-trappor-gnagarvilla-gra-115-x-57-x-55-cm\/#breadcrumb","itemListElement":[{"@type":"ListItem","position":1,"name":"Home","item":"https:\/\/truusk.store\/sv\/"},{"@type":"ListItem","position":2,"name":"Shop","item":"https:\/\/truusk.store\/shop\/"},{"@type":"ListItem","position":3,"name":"TRUUSK Dv\u00e4rg Hamsterbur i Tr\u00e4 &#8211; Trestockig Med Trappor &#8211; Gnagarvilla &#8211; Gr\u00e5 &#8211; 115 x 57 x 55 cm"}]},{"@type":"WebSite","@id":"https:\/\/truusk.store\/sv\/#website","url":"https:\/\/truusk.store\/sv\/","name":"TRUUSK - Hem, Tr\u00e4dg\u00e5rd & Fritid","description":"","publisher":{"@id":"https:\/\/truusk.store\/sv\/#organization"},"potentialAction":[{"@type":"SearchAction","target":{"@type":"EntryPoint","urlTemplate":"https:\/\/truusk.store\/sv\/?s={search_term_string}"},"query-input":{"@type":"PropertyValueSpecification","valueRequired":true,"valueName":"search_term_string"}}],"inLanguage":"sv-SE"},{"@type":"Organization","@id":"https:\/\/truusk.store\/sv\/#organization","name":"TRUUSK - Hem, Tr\u00e4dg\u00e5rd & Fritid","url":"https:\/\/truusk.store\/sv\/","logo":{"@type":"ImageObject","inLanguage":"sv-SE","@id":"https:\/\/truusk.store\/sv\/#\/schema\/logo\/image\/","url":"https:\/\/i0.wp.com\/truusk.store\/wp-content\/uploads\/2026\/03\/cropped-TRUUSK.png?fit=2032%2C917&ssl=1","contentUrl":"https:\/\/i0.wp.com\/truusk.store\/wp-content\/uploads\/2026\/03\/cropped-TRUUSK.png?fit=2032%2C917&ssl=1","width":2032,"height":917,"caption":"TRUUSK - Hem, Tr\u00e4dg\u00e5rd & Fritid"},"image":{"@id":"https:\/\/truusk.store\/sv\/#\/schema\/logo\/image\/"}}]}},"jetpack_sharing_enabled":true,"_links":{"self":[{"href":"https:\/\/truusk.store\/sv\/wp-json\/wp\/v2\/product\/75523","targetHints":{"allow":["GET"]}}],"collection":[{"href":"https:\/\/truusk.store\/sv\/wp-json\/wp\/v2\/product"}],"about":[{"href":"https:\/\/truusk.store\/sv\/wp-json\/wp\/v2\/types\/product"}],"wp:featuredmedia":[{"embeddable":true,"href":"https:\/\/truusk.store\/sv\/wp-json\/wp\/v2\/media\/75514"}],"wp:attachment":[{"href":"https:\/\/truusk.store\/sv\/wp-json\/wp\/v2\/media?parent=75523"}],"wp:term":[{"taxonomy":"product_brand","embeddable":true,"href":"https:\/\/truusk.store\/sv\/wp-json\/wp\/v2\/product_brand?post=75523"},{"taxonomy":"product_cat","embeddable":true,"href":"https:\/\/truusk.store\/sv\/wp-json\/wp\/v2\/product_cat?post=75523"},{"taxonomy":"product_tag","embeddable":true,"href":"https:\/\/truusk.store\/sv\/wp-json\/wp\/v2\/product_tag?post=75523"}],"curies":[{"name":"wp","href":"https:\/\/api.w.org\/{rel}","templated":true}]}}