{"id":75533,"date":"2025-06-06T03:58:44","date_gmt":"2025-06-06T02:58:44","guid":{"rendered":"https:\/\/truusk.store\/product\/stodblock-3-ton-barlast-2-stycken-stodblock-inklusive-sakerhetssparrstift-13-stegs-hojdjusterbar-385-mm-till-600-mm-stodblock-for-personbilar-domkraftstativ-for-verkstad-garage-bla\/"},"modified":"2026-03-12T08:42:14","modified_gmt":"2026-03-12T07:42:14","slug":"truusk-stodblock-3-ton-2-stycken-inklusive-sakerhetssparrstift-13-stegs-hojdjusterbar-for-personbilar-domkraftstativ","status":"publish","type":"product","link":"https:\/\/truusk.store\/sv\/produkt\/truusk-stodblock-3-ton-2-stycken-inklusive-sakerhetssparrstift-13-stegs-hojdjusterbar-for-personbilar-domkraftstativ\/","title":{"rendered":"TRUUSK St\u00f6dblock 3 Ton &#8211; 2 Stycken &#8211; Inklusive S\u00e4kerhetssp\u00e4rrstift &#8211; 13-stegs H\u00f6jdjusterbar &#8211; F\u00f6r Personbilar &#8211; Domkraftstativ &#8211;"},"content":{"rendered":"<p>Optimera din fordonsv\u00e5rd med TRUUSK tv\u00e5packs st\u00f6dblock. Tillverkad av robust kolst\u00e5l och gjutj\u00e4rn, b\u00e4r detta st\u00f6dblock 3 ton. Den justerbara rackst\u00e5ngen och den stora st\u00f6dytan m\u00f6jligg\u00f6r m\u00e5ngsidiga anv\u00e4ndningsomr\u00e5den. En pyramidformad bas med fyra breda f\u00f6tter ger optimal stabilitet och lyfter ditt fordon utan anstr\u00e4ngning. Setet \u00e4r l\u00e4tt att f\u00f6rvara och \u00e4r alltid redo f\u00f6r n\u00e4sta d\u00e4ckbyte eller reparationer.<\/p>\n<p>Beskrivning:<\/p>\n<ul>\n<li> Set med tv\u00e5 st\u00f6dblock b\u00e4r upp till 3 ton<\/li>\n<li> 13 justerbara h\u00f6jdomr\u00e5den: 38,5-60 cm, f\u00f6r olika fordon<\/li>\n<li> Ett handtag p\u00e5 st\u00f6dblocket f\u00f6r h\u00f6jdjustering och l\u00e5sning<\/li>\n<li> Robust struktur av kolst\u00e5l och gjutj\u00e4rn f\u00f6r fast grepp<\/li>\n<li> Pyramidbas med fyra breda f\u00f6tter p\u00e5 st\u00f6dblocket \u00f6kar stabiliteten<\/li>\n<li> M\u00e5ngsidig anv\u00e4ndning f\u00f6r underh\u00e5llsarbeten hemma, reparationer i garaget och v\u00e4gassistans<\/li>\n<li> Ingen montering kr\u00e4vs<\/li>\n<\/ul>\n<p> Tekniska data:<\/p>\n<ul>\n<li> F\u00e4rg: Bl\u00e5+Svart<\/li>\n<li> Material: Kolst\u00e5l, Gjutj\u00e4rn<\/li>\n<li> Totala dimensioner: 27L x 24B x 38,5-60H cm<\/li>\n<li> St\u00f6dyta: 10L x 2B cm<\/li>\n<li> B\u00e4rkapacitet: 3 ton (per st\u00e4ll)<\/li>\n<\/ul>\n<p>Leveransinneh\u00e5ll:<\/p>\n<ul>\n<li> 2 x St\u00f6dblock<\/li>\n<li> 1 x Bruksanvisning<\/li>\n<\/ul>\n","protected":false},"excerpt":{"rendered":"<p>Optimera din fordonsv\u00e5rd med TRUUSK tv\u00e5packs st\u00f6dblock. Tillverkad av robust kolst\u00e5l och gjutj\u00e4rn, b\u00e4r detta st\u00f6dblock 3 ton. Den justerbara&#8230;<\/p>\n","protected":false},"featured_media":75524,"template":"","meta":[],"product_brand":[],"product_cat":[691,867,1041],"product_tag":[],"class_list":{"0":"post-75533","1":"product","2":"type-product","3":"status-publish","4":"has-post-thumbnail","6":"product_cat-arbetsbankar-arbetsbockar","7":"product_cat-byggmarknad","8":"product_cat-hemmafixare","10":"first","11":"instock","12":"sale","13":"taxable","14":"shipping-taxable","15":"purchasable","16":"product-type-simple"},"yoast_head":"<!-- This site is optimized with the Yoast SEO plugin v25.4 - https:\/\/yoast.com\/wordpress\/plugins\/seo\/ -->\n<title>TRUUSK St\u00f6dblock 3 Ton - 2 Stycken - Inklusive S\u00e4kerhetssp\u00e4rrstift - 13-stegs H\u00f6jdjusterbar - F\u00f6r Personbilar - Domkraftstativ - TRUUSK - Hem, Tr\u00e4dg\u00e5rd &amp; Fritid<\/title>\n<meta name=\"robots\" content=\"index, follow, max-snippet:-1, max-image-preview:large, max-video-preview:-1\" \/>\n<link rel=\"canonical\" href=\"https:\/\/truusk.store\/sv\/produkt\/truusk-stodblock-3-ton-2-stycken-inklusive-sakerhetssparrstift-13-stegs-hojdjusterbar-for-personbilar-domkraftstativ\/\" \/>\n<meta property=\"og:locale\" content=\"sv_SE\" \/>\n<meta property=\"og:type\" content=\"article\" \/>\n<meta property=\"og:title\" content=\"TRUUSK St\u00f6dblock 3 Ton - 2 Stycken - Inklusive S\u00e4kerhetssp\u00e4rrstift - 13-stegs H\u00f6jdjusterbar - F\u00f6r Personbilar - Domkraftstativ - TRUUSK - Hem, Tr\u00e4dg\u00e5rd &amp; Fritid\" \/>\n<meta property=\"og:description\" content=\"Optimera din fordonsv\u00e5rd med TRUUSK tv\u00e5packs st\u00f6dblock. Tillverkad av robust kolst\u00e5l och gjutj\u00e4rn, b\u00e4r detta st\u00f6dblock 3 ton. Den justerbara...\" \/>\n<meta property=\"og:url\" content=\"https:\/\/truusk.store\/sv\/produkt\/truusk-stodblock-3-ton-2-stycken-inklusive-sakerhetssparrstift-13-stegs-hojdjusterbar-for-personbilar-domkraftstativ\/\" \/>\n<meta property=\"og:site_name\" content=\"TRUUSK - Hem, Tr\u00e4dg\u00e5rd &amp; Fritid\" \/>\n<meta property=\"article:modified_time\" content=\"2026-03-12T07:42:14+00:00\" \/>\n<meta property=\"og:image\" content=\"https:\/\/i0.wp.com\/truusk.se\/wp-content\/uploads\/2025\/06\/stodblock-3-ton-barlast-2-stycken-stodblock-inklusive-sakerhetssparrstift-13-stegs-hojdjusterbar-385-mm-till-600-mm-stodblock-for-personbilar-domkraftstativ-for-verkstad-garage-bla-1.webp?fit=2000%2C2000&ssl=1\" \/>\n\t<meta property=\"og:image:width\" content=\"2000\" \/>\n\t<meta property=\"og:image:height\" content=\"2000\" \/>\n\t<meta property=\"og:image:type\" content=\"image\/webp\" \/>\n<meta name=\"twitter:card\" content=\"summary_large_image\" \/>\n<meta name=\"twitter:label1\" content=\"Ber\u00e4knad l\u00e4stid\" \/>\n\t<meta name=\"twitter:data1\" content=\"1 minut\" \/>\n<!-- \/ Yoast SEO plugin. -->","yoast_head_json":{"title":"TRUUSK St\u00f6dblock 3 Ton - 2 Stycken - Inklusive S\u00e4kerhetssp\u00e4rrstift - 13-stegs H\u00f6jdjusterbar - F\u00f6r Personbilar - Domkraftstativ - TRUUSK - Hem, Tr\u00e4dg\u00e5rd &amp; Fritid","robots":{"index":"index","follow":"follow","max-snippet":"max-snippet:-1","max-image-preview":"max-image-preview:large","max-video-preview":"max-video-preview:-1"},"canonical":"https:\/\/truusk.store\/sv\/produkt\/truusk-stodblock-3-ton-2-stycken-inklusive-sakerhetssparrstift-13-stegs-hojdjusterbar-for-personbilar-domkraftstativ\/","og_locale":"sv_SE","og_type":"article","og_title":"TRUUSK St\u00f6dblock 3 Ton - 2 Stycken - Inklusive S\u00e4kerhetssp\u00e4rrstift - 13-stegs H\u00f6jdjusterbar - F\u00f6r Personbilar - Domkraftstativ - TRUUSK - Hem, Tr\u00e4dg\u00e5rd &amp; Fritid","og_description":"Optimera din fordonsv\u00e5rd med TRUUSK tv\u00e5packs st\u00f6dblock. Tillverkad av robust kolst\u00e5l och gjutj\u00e4rn, b\u00e4r detta st\u00f6dblock 3 ton. Den justerbara...","og_url":"https:\/\/truusk.store\/sv\/produkt\/truusk-stodblock-3-ton-2-stycken-inklusive-sakerhetssparrstift-13-stegs-hojdjusterbar-for-personbilar-domkraftstativ\/","og_site_name":"TRUUSK - Hem, Tr\u00e4dg\u00e5rd &amp; Fritid","article_modified_time":"2026-03-12T07:42:14+00:00","og_image":[{"width":2000,"height":2000,"url":"https:\/\/i0.wp.com\/truusk.se\/wp-content\/uploads\/2025\/06\/stodblock-3-ton-barlast-2-stycken-stodblock-inklusive-sakerhetssparrstift-13-stegs-hojdjusterbar-385-mm-till-600-mm-stodblock-for-personbilar-domkraftstativ-for-verkstad-garage-bla-1.webp?fit=2000%2C2000&ssl=1","type":"image\/webp"}],"twitter_card":"summary_large_image","twitter_misc":{"Ber\u00e4knad l\u00e4stid":"1 minut"},"schema":{"@context":"https:\/\/schema.org","@graph":[{"@type":"WebPage","@id":"https:\/\/truusk.store\/sv\/produkt\/truusk-stodblock-3-ton-2-stycken-inklusive-sakerhetssparrstift-13-stegs-hojdjusterbar-for-personbilar-domkraftstativ\/","url":"https:\/\/truusk.store\/sv\/produkt\/truusk-stodblock-3-ton-2-stycken-inklusive-sakerhetssparrstift-13-stegs-hojdjusterbar-for-personbilar-domkraftstativ\/","name":"TRUUSK St\u00f6dblock 3 Ton - 2 Stycken - Inklusive S\u00e4kerhetssp\u00e4rrstift - 13-stegs H\u00f6jdjusterbar - F\u00f6r Personbilar - Domkraftstativ - TRUUSK - Hem, Tr\u00e4dg\u00e5rd &amp; Fritid","isPartOf":{"@id":"https:\/\/truusk.store\/sv\/#website"},"primaryImageOfPage":{"@id":"https:\/\/truusk.store\/sv\/produkt\/truusk-stodblock-3-ton-2-stycken-inklusive-sakerhetssparrstift-13-stegs-hojdjusterbar-for-personbilar-domkraftstativ\/#primaryimage"},"image":{"@id":"https:\/\/truusk.store\/sv\/produkt\/truusk-stodblock-3-ton-2-stycken-inklusive-sakerhetssparrstift-13-stegs-hojdjusterbar-for-personbilar-domkraftstativ\/#primaryimage"},"thumbnailUrl":"https:\/\/i0.wp.com\/truusk.store\/wp-content\/uploads\/2025\/06\/stodblock-3-ton-barlast-2-stycken-stodblock-inklusive-sakerhetssparrstift-13-stegs-hojdjusterbar-385-mm-till-600-mm-stodblock-for-personbilar-domkraftstativ-for-verkstad-garage-bla-1.webp?fit=2000%2C2000&ssl=1","datePublished":"2025-06-06T02:58:44+00:00","dateModified":"2026-03-12T07:42:14+00:00","breadcrumb":{"@id":"https:\/\/truusk.store\/sv\/produkt\/truusk-stodblock-3-ton-2-stycken-inklusive-sakerhetssparrstift-13-stegs-hojdjusterbar-for-personbilar-domkraftstativ\/#breadcrumb"},"inLanguage":"sv-SE","potentialAction":[{"@type":"ReadAction","target":["https:\/\/truusk.store\/sv\/produkt\/truusk-stodblock-3-ton-2-stycken-inklusive-sakerhetssparrstift-13-stegs-hojdjusterbar-for-personbilar-domkraftstativ\/"]}]},{"@type":"ImageObject","inLanguage":"sv-SE","@id":"https:\/\/truusk.store\/sv\/produkt\/truusk-stodblock-3-ton-2-stycken-inklusive-sakerhetssparrstift-13-stegs-hojdjusterbar-for-personbilar-domkraftstativ\/#primaryimage","url":"https:\/\/i0.wp.com\/truusk.store\/wp-content\/uploads\/2025\/06\/stodblock-3-ton-barlast-2-stycken-stodblock-inklusive-sakerhetssparrstift-13-stegs-hojdjusterbar-385-mm-till-600-mm-stodblock-for-personbilar-domkraftstativ-for-verkstad-garage-bla-1.webp?fit=2000%2C2000&ssl=1","contentUrl":"https:\/\/i0.wp.com\/truusk.store\/wp-content\/uploads\/2025\/06\/stodblock-3-ton-barlast-2-stycken-stodblock-inklusive-sakerhetssparrstift-13-stegs-hojdjusterbar-385-mm-till-600-mm-stodblock-for-personbilar-domkraftstativ-for-verkstad-garage-bla-1.webp?fit=2000%2C2000&ssl=1","width":2000,"height":2000},{"@type":"BreadcrumbList","@id":"https:\/\/truusk.store\/sv\/produkt\/truusk-stodblock-3-ton-2-stycken-inklusive-sakerhetssparrstift-13-stegs-hojdjusterbar-for-personbilar-domkraftstativ\/#breadcrumb","itemListElement":[{"@type":"ListItem","position":1,"name":"Home","item":"https:\/\/truusk.store\/sv\/"},{"@type":"ListItem","position":2,"name":"Shop","item":"https:\/\/truusk.store\/shop\/"},{"@type":"ListItem","position":3,"name":"TRUUSK St\u00f6dblock 3 Ton &#8211; 2 Stycken &#8211; Inklusive S\u00e4kerhetssp\u00e4rrstift &#8211; 13-stegs H\u00f6jdjusterbar &#8211; F\u00f6r Personbilar &#8211; Domkraftstativ &#8211;"}]},{"@type":"WebSite","@id":"https:\/\/truusk.store\/sv\/#website","url":"https:\/\/truusk.store\/sv\/","name":"TRUUSK - Hem, Tr\u00e4dg\u00e5rd & Fritid","description":"","publisher":{"@id":"https:\/\/truusk.store\/sv\/#organization"},"potentialAction":[{"@type":"SearchAction","target":{"@type":"EntryPoint","urlTemplate":"https:\/\/truusk.store\/sv\/?s={search_term_string}"},"query-input":{"@type":"PropertyValueSpecification","valueRequired":true,"valueName":"search_term_string"}}],"inLanguage":"sv-SE"},{"@type":"Organization","@id":"https:\/\/truusk.store\/sv\/#organization","name":"TRUUSK - Hem, Tr\u00e4dg\u00e5rd & Fritid","url":"https:\/\/truusk.store\/sv\/","logo":{"@type":"ImageObject","inLanguage":"sv-SE","@id":"https:\/\/truusk.store\/sv\/#\/schema\/logo\/image\/","url":"https:\/\/i0.wp.com\/truusk.store\/wp-content\/uploads\/2026\/03\/cropped-TRUUSK.png?fit=2032%2C917&ssl=1","contentUrl":"https:\/\/i0.wp.com\/truusk.store\/wp-content\/uploads\/2026\/03\/cropped-TRUUSK.png?fit=2032%2C917&ssl=1","width":2032,"height":917,"caption":"TRUUSK - Hem, Tr\u00e4dg\u00e5rd & Fritid"},"image":{"@id":"https:\/\/truusk.store\/sv\/#\/schema\/logo\/image\/"}}]}},"jetpack_sharing_enabled":true,"_links":{"self":[{"href":"https:\/\/truusk.store\/sv\/wp-json\/wp\/v2\/product\/75533","targetHints":{"allow":["GET"]}}],"collection":[{"href":"https:\/\/truusk.store\/sv\/wp-json\/wp\/v2\/product"}],"about":[{"href":"https:\/\/truusk.store\/sv\/wp-json\/wp\/v2\/types\/product"}],"wp:featuredmedia":[{"embeddable":true,"href":"https:\/\/truusk.store\/sv\/wp-json\/wp\/v2\/media\/75524"}],"wp:attachment":[{"href":"https:\/\/truusk.store\/sv\/wp-json\/wp\/v2\/media?parent=75533"}],"wp:term":[{"taxonomy":"product_brand","embeddable":true,"href":"https:\/\/truusk.store\/sv\/wp-json\/wp\/v2\/product_brand?post=75533"},{"taxonomy":"product_cat","embeddable":true,"href":"https:\/\/truusk.store\/sv\/wp-json\/wp\/v2\/product_cat?post=75533"},{"taxonomy":"product_tag","embeddable":true,"href":"https:\/\/truusk.store\/sv\/wp-json\/wp\/v2\/product_tag?post=75533"}],"curies":[{"name":"wp","href":"https:\/\/api.w.org\/{rel}","templated":true}]}}