{"id":75553,"date":"2025-06-06T04:00:45","date_gmt":"2025-06-06T03:00:45","guid":{"rendered":"https:\/\/truusk.store\/product\/2-sits-tradgardsbank-bank-med-lamell-design-vattenavvisande-tradgardsmobler-med-rygg-armstod-parkbank-med-240kg-kapacitet-balkongbank-for-terrass-tradgard-121-x-64-x-84cm-svart\/"},"modified":"2026-03-12T08:43:16","modified_gmt":"2026-03-12T07:43:16","slug":"truusk-tradgardsbank-med-lamell-design-vattenavvisande-rygg-armstod-kapacitet-240kg-for-terrass-tradgard-121-x-64","status":"publish","type":"product","link":"https:\/\/truusk.store\/sv\/produkt\/truusk-tradgardsbank-med-lamell-design-vattenavvisande-rygg-armstod-kapacitet-240kg-for-terrass-tradgard-121-x-64\/","title":{"rendered":"TRUUSK Tr\u00e4dg\u00e5rdsb\u00e4nk &#8211; Med Lamell-design &#8211; Vattenavvisande &#8211; Rygg- &amp; Armst\u00f6d &#8211; Kapacitet 240kg &#8211; F\u00f6r Terrass, Tr\u00e4dg\u00e5rd &#8211; 121 x 64"},"content":{"rendered":"<p>Njut av avkopplande timmar p\u00e5 den eleganta TRUUSK utomhusb\u00e4nken. Tr\u00e4dg\u00e5rdsb\u00e4nkens robusta st\u00e5lram \u00e4r rostresistent och pulverlackerad. Tr\u00e4dg\u00e5rdsb\u00e4nken b\u00e4r upp till 240 kg och erbjuder bekv\u00e4mt plats f\u00f6r tv\u00e5 vuxna. Ryggst\u00f6det \u00e4r l\u00e4tt lutat \u00f6ver 90\u00b0, vilket garanterar optimal komfort, och den enkla designen passar perfekt i alla utomhusmilj\u00f6er.<\/p>\n<p>Beskrivning:<\/p>\n<ul>\n<li> Tr\u00e4dg\u00e5rdsb\u00e4nkens h\u00e5rda, massiva st\u00e5lram garanterar robust st\u00f6d<\/li>\n<li> Pulverlackerad yta motst\u00e5r rost och \u00f6kar d\u00e4rmed livsl\u00e4ngden<\/li>\n<li> Stark b\u00e4rkapacitet av tr\u00e4dg\u00e5rdsb\u00e4nken st\u00f6der upp till 240 kg<\/li>\n<li> Ryggst\u00f6d lutat \u00f6ver 90\u00b0, f\u00f6rb\u00e4ttrar sittkomforten<\/li>\n<li> Armst\u00f6d erbjuder extra st\u00f6d f\u00f6r avkopplande lounge<\/li>\n<li> Modern, minimalistisk design av parkb\u00e4nken passar till olika utomhusomr\u00e5den<\/li>\n<li> Lamelldesign f\u00f6rhindrar vattenansamlingar, f\u00f6renklar underh\u00e5llet<\/li>\n<li> Enkel montering med detaljerade instruktioner, klar p\u00e5 30 minuter.<\/li>\n<\/ul>\n<p> Tekniska data:<\/p>\n<ul>\n<li> F\u00e4rg: Svart<\/li>\n<li> Material: St\u00e5l<\/li>\n<li> Totala dimensioner: 121L x 64B x 84H cm<\/li>\n<li> Sitsstorlek: 113L x 54B cm<\/li>\n<li> Sitth\u00f6jd: 44 cm<\/li>\n<li> Sitsrygg: 113L x 42B cm<\/li>\n<li> Armst\u00f6d: 57L x 4B cm, 66H cm (fr\u00e5n golvet)<\/li>\n<li> B\u00e4rkapacitet: 240 kg<\/li>\n<\/ul>\n<p>Leveransinneh\u00e5ll:<\/p>\n<ul>\n<li> 1 x Tr\u00e4dg\u00e5rdsb\u00e4nk<\/li>\n<li> 1 x Bruksanvisning<\/li>\n<\/ul>\n","protected":false},"excerpt":{"rendered":"<p>Njut av avkopplande timmar p\u00e5 den eleganta TRUUSK utomhusb\u00e4nken. Tr\u00e4dg\u00e5rdsb\u00e4nkens robusta st\u00e5lram \u00e4r rostresistent och pulverlackerad. Tr\u00e4dg\u00e5rdsb\u00e4nken b\u00e4r upp till&#8230;<\/p>\n","protected":false},"featured_media":75543,"template":"","meta":[],"product_brand":[],"product_cat":[858,454,450],"product_tag":[],"class_list":{"0":"post-75553","1":"product","2":"type-product","3":"status-publish","4":"has-post-thumbnail","6":"product_cat-tradgard-terrass","7":"product_cat-tradgardsbankar","8":"product_cat-tradgardsmobler","10":"first","11":"instock","12":"sale","13":"taxable","14":"shipping-taxable","15":"purchasable","16":"product-type-simple"},"yoast_head":"<!-- This site is optimized with the Yoast SEO plugin v25.4 - https:\/\/yoast.com\/wordpress\/plugins\/seo\/ -->\n<title>TRUUSK Tr\u00e4dg\u00e5rdsb\u00e4nk - Med Lamell-design - Vattenavvisande - Rygg- &amp; Armst\u00f6d - Kapacitet 240kg - F\u00f6r Terrass, Tr\u00e4dg\u00e5rd - 121 x 64 - TRUUSK - Hem, Tr\u00e4dg\u00e5rd &amp; Fritid<\/title>\n<meta name=\"robots\" content=\"index, follow, max-snippet:-1, max-image-preview:large, max-video-preview:-1\" \/>\n<link rel=\"canonical\" href=\"https:\/\/truusk.store\/sv\/produkt\/truusk-tradgardsbank-med-lamell-design-vattenavvisande-rygg-armstod-kapacitet-240kg-for-terrass-tradgard-121-x-64\/\" \/>\n<meta property=\"og:locale\" content=\"sv_SE\" \/>\n<meta property=\"og:type\" content=\"article\" \/>\n<meta property=\"og:title\" content=\"TRUUSK Tr\u00e4dg\u00e5rdsb\u00e4nk - Med Lamell-design - Vattenavvisande - Rygg- &amp; Armst\u00f6d - Kapacitet 240kg - F\u00f6r Terrass, Tr\u00e4dg\u00e5rd - 121 x 64 - TRUUSK - Hem, Tr\u00e4dg\u00e5rd &amp; Fritid\" \/>\n<meta property=\"og:description\" content=\"Njut av avkopplande timmar p\u00e5 den eleganta TRUUSK utomhusb\u00e4nken. Tr\u00e4dg\u00e5rdsb\u00e4nkens robusta st\u00e5lram \u00e4r rostresistent och pulverlackerad. Tr\u00e4dg\u00e5rdsb\u00e4nken b\u00e4r upp till...\" \/>\n<meta property=\"og:url\" content=\"https:\/\/truusk.store\/sv\/produkt\/truusk-tradgardsbank-med-lamell-design-vattenavvisande-rygg-armstod-kapacitet-240kg-for-terrass-tradgard-121-x-64\/\" \/>\n<meta property=\"og:site_name\" content=\"TRUUSK - Hem, Tr\u00e4dg\u00e5rd &amp; Fritid\" \/>\n<meta property=\"article:modified_time\" content=\"2026-03-12T07:43:16+00:00\" \/>\n<meta property=\"og:image\" content=\"https:\/\/i0.wp.com\/truusk.se\/wp-content\/uploads\/2025\/06\/2-sits-tradgardsbank-bank-med-lamell-design-vattenavvisande-tradgardsmobler-med-rygg-armstod-parkbank-med-240kg-kapacitet-balkongbank-for-terrass-tradgard-121-x-64-x-84cm-svart-1.webp?fit=2000%2C2000&ssl=1\" \/>\n\t<meta property=\"og:image:width\" content=\"2000\" \/>\n\t<meta property=\"og:image:height\" content=\"2000\" \/>\n\t<meta property=\"og:image:type\" content=\"image\/webp\" \/>\n<meta name=\"twitter:card\" content=\"summary_large_image\" \/>\n<meta name=\"twitter:label1\" content=\"Ber\u00e4knad l\u00e4stid\" \/>\n\t<meta name=\"twitter:data1\" content=\"1 minut\" \/>\n<!-- \/ Yoast SEO plugin. -->","yoast_head_json":{"title":"TRUUSK Tr\u00e4dg\u00e5rdsb\u00e4nk - Med Lamell-design - Vattenavvisande - Rygg- &amp; Armst\u00f6d - Kapacitet 240kg - F\u00f6r Terrass, Tr\u00e4dg\u00e5rd - 121 x 64 - TRUUSK - Hem, Tr\u00e4dg\u00e5rd &amp; Fritid","robots":{"index":"index","follow":"follow","max-snippet":"max-snippet:-1","max-image-preview":"max-image-preview:large","max-video-preview":"max-video-preview:-1"},"canonical":"https:\/\/truusk.store\/sv\/produkt\/truusk-tradgardsbank-med-lamell-design-vattenavvisande-rygg-armstod-kapacitet-240kg-for-terrass-tradgard-121-x-64\/","og_locale":"sv_SE","og_type":"article","og_title":"TRUUSK Tr\u00e4dg\u00e5rdsb\u00e4nk - Med Lamell-design - Vattenavvisande - Rygg- &amp; Armst\u00f6d - Kapacitet 240kg - F\u00f6r Terrass, Tr\u00e4dg\u00e5rd - 121 x 64 - TRUUSK - Hem, Tr\u00e4dg\u00e5rd &amp; Fritid","og_description":"Njut av avkopplande timmar p\u00e5 den eleganta TRUUSK utomhusb\u00e4nken. Tr\u00e4dg\u00e5rdsb\u00e4nkens robusta st\u00e5lram \u00e4r rostresistent och pulverlackerad. Tr\u00e4dg\u00e5rdsb\u00e4nken b\u00e4r upp till...","og_url":"https:\/\/truusk.store\/sv\/produkt\/truusk-tradgardsbank-med-lamell-design-vattenavvisande-rygg-armstod-kapacitet-240kg-for-terrass-tradgard-121-x-64\/","og_site_name":"TRUUSK - Hem, Tr\u00e4dg\u00e5rd &amp; Fritid","article_modified_time":"2026-03-12T07:43:16+00:00","og_image":[{"width":2000,"height":2000,"url":"https:\/\/i0.wp.com\/truusk.se\/wp-content\/uploads\/2025\/06\/2-sits-tradgardsbank-bank-med-lamell-design-vattenavvisande-tradgardsmobler-med-rygg-armstod-parkbank-med-240kg-kapacitet-balkongbank-for-terrass-tradgard-121-x-64-x-84cm-svart-1.webp?fit=2000%2C2000&ssl=1","type":"image\/webp"}],"twitter_card":"summary_large_image","twitter_misc":{"Ber\u00e4knad l\u00e4stid":"1 minut"},"schema":{"@context":"https:\/\/schema.org","@graph":[{"@type":"WebPage","@id":"https:\/\/truusk.store\/sv\/produkt\/truusk-tradgardsbank-med-lamell-design-vattenavvisande-rygg-armstod-kapacitet-240kg-for-terrass-tradgard-121-x-64\/","url":"https:\/\/truusk.store\/sv\/produkt\/truusk-tradgardsbank-med-lamell-design-vattenavvisande-rygg-armstod-kapacitet-240kg-for-terrass-tradgard-121-x-64\/","name":"TRUUSK Tr\u00e4dg\u00e5rdsb\u00e4nk - Med Lamell-design - Vattenavvisande - Rygg- &amp; Armst\u00f6d - Kapacitet 240kg - F\u00f6r Terrass, Tr\u00e4dg\u00e5rd - 121 x 64 - TRUUSK - Hem, Tr\u00e4dg\u00e5rd &amp; Fritid","isPartOf":{"@id":"https:\/\/truusk.store\/sv\/#website"},"primaryImageOfPage":{"@id":"https:\/\/truusk.store\/sv\/produkt\/truusk-tradgardsbank-med-lamell-design-vattenavvisande-rygg-armstod-kapacitet-240kg-for-terrass-tradgard-121-x-64\/#primaryimage"},"image":{"@id":"https:\/\/truusk.store\/sv\/produkt\/truusk-tradgardsbank-med-lamell-design-vattenavvisande-rygg-armstod-kapacitet-240kg-for-terrass-tradgard-121-x-64\/#primaryimage"},"thumbnailUrl":"https:\/\/i0.wp.com\/truusk.store\/wp-content\/uploads\/2025\/06\/2-sits-tradgardsbank-bank-med-lamell-design-vattenavvisande-tradgardsmobler-med-rygg-armstod-parkbank-med-240kg-kapacitet-balkongbank-for-terrass-tradgard-121-x-64-x-84cm-svart-1.webp?fit=2000%2C2000&ssl=1","datePublished":"2025-06-06T03:00:45+00:00","dateModified":"2026-03-12T07:43:16+00:00","breadcrumb":{"@id":"https:\/\/truusk.store\/sv\/produkt\/truusk-tradgardsbank-med-lamell-design-vattenavvisande-rygg-armstod-kapacitet-240kg-for-terrass-tradgard-121-x-64\/#breadcrumb"},"inLanguage":"sv-SE","potentialAction":[{"@type":"ReadAction","target":["https:\/\/truusk.store\/sv\/produkt\/truusk-tradgardsbank-med-lamell-design-vattenavvisande-rygg-armstod-kapacitet-240kg-for-terrass-tradgard-121-x-64\/"]}]},{"@type":"ImageObject","inLanguage":"sv-SE","@id":"https:\/\/truusk.store\/sv\/produkt\/truusk-tradgardsbank-med-lamell-design-vattenavvisande-rygg-armstod-kapacitet-240kg-for-terrass-tradgard-121-x-64\/#primaryimage","url":"https:\/\/i0.wp.com\/truusk.store\/wp-content\/uploads\/2025\/06\/2-sits-tradgardsbank-bank-med-lamell-design-vattenavvisande-tradgardsmobler-med-rygg-armstod-parkbank-med-240kg-kapacitet-balkongbank-for-terrass-tradgard-121-x-64-x-84cm-svart-1.webp?fit=2000%2C2000&ssl=1","contentUrl":"https:\/\/i0.wp.com\/truusk.store\/wp-content\/uploads\/2025\/06\/2-sits-tradgardsbank-bank-med-lamell-design-vattenavvisande-tradgardsmobler-med-rygg-armstod-parkbank-med-240kg-kapacitet-balkongbank-for-terrass-tradgard-121-x-64-x-84cm-svart-1.webp?fit=2000%2C2000&ssl=1","width":2000,"height":2000},{"@type":"BreadcrumbList","@id":"https:\/\/truusk.store\/sv\/produkt\/truusk-tradgardsbank-med-lamell-design-vattenavvisande-rygg-armstod-kapacitet-240kg-for-terrass-tradgard-121-x-64\/#breadcrumb","itemListElement":[{"@type":"ListItem","position":1,"name":"Home","item":"https:\/\/truusk.store\/sv\/"},{"@type":"ListItem","position":2,"name":"Shop","item":"https:\/\/truusk.store\/shop\/"},{"@type":"ListItem","position":3,"name":"TRUUSK Tr\u00e4dg\u00e5rdsb\u00e4nk &#8211; Med Lamell-design &#8211; Vattenavvisande &#8211; Rygg- &amp; Armst\u00f6d &#8211; Kapacitet 240kg &#8211; F\u00f6r Terrass, Tr\u00e4dg\u00e5rd &#8211; 121 x 64"}]},{"@type":"WebSite","@id":"https:\/\/truusk.store\/sv\/#website","url":"https:\/\/truusk.store\/sv\/","name":"TRUUSK - Hem, Tr\u00e4dg\u00e5rd & Fritid","description":"","publisher":{"@id":"https:\/\/truusk.store\/sv\/#organization"},"potentialAction":[{"@type":"SearchAction","target":{"@type":"EntryPoint","urlTemplate":"https:\/\/truusk.store\/sv\/?s={search_term_string}"},"query-input":{"@type":"PropertyValueSpecification","valueRequired":true,"valueName":"search_term_string"}}],"inLanguage":"sv-SE"},{"@type":"Organization","@id":"https:\/\/truusk.store\/sv\/#organization","name":"TRUUSK - Hem, Tr\u00e4dg\u00e5rd & Fritid","url":"https:\/\/truusk.store\/sv\/","logo":{"@type":"ImageObject","inLanguage":"sv-SE","@id":"https:\/\/truusk.store\/sv\/#\/schema\/logo\/image\/","url":"https:\/\/i0.wp.com\/truusk.store\/wp-content\/uploads\/2026\/03\/cropped-TRUUSK.png?fit=2032%2C917&ssl=1","contentUrl":"https:\/\/i0.wp.com\/truusk.store\/wp-content\/uploads\/2026\/03\/cropped-TRUUSK.png?fit=2032%2C917&ssl=1","width":2032,"height":917,"caption":"TRUUSK - Hem, Tr\u00e4dg\u00e5rd & Fritid"},"image":{"@id":"https:\/\/truusk.store\/sv\/#\/schema\/logo\/image\/"}}]}},"jetpack_sharing_enabled":true,"_links":{"self":[{"href":"https:\/\/truusk.store\/sv\/wp-json\/wp\/v2\/product\/75553","targetHints":{"allow":["GET"]}}],"collection":[{"href":"https:\/\/truusk.store\/sv\/wp-json\/wp\/v2\/product"}],"about":[{"href":"https:\/\/truusk.store\/sv\/wp-json\/wp\/v2\/types\/product"}],"wp:featuredmedia":[{"embeddable":true,"href":"https:\/\/truusk.store\/sv\/wp-json\/wp\/v2\/media\/75543"}],"wp:attachment":[{"href":"https:\/\/truusk.store\/sv\/wp-json\/wp\/v2\/media?parent=75553"}],"wp:term":[{"taxonomy":"product_brand","embeddable":true,"href":"https:\/\/truusk.store\/sv\/wp-json\/wp\/v2\/product_brand?post=75553"},{"taxonomy":"product_cat","embeddable":true,"href":"https:\/\/truusk.store\/sv\/wp-json\/wp\/v2\/product_cat?post=75553"},{"taxonomy":"product_tag","embeddable":true,"href":"https:\/\/truusk.store\/sv\/wp-json\/wp\/v2\/product_tag?post=75553"}],"curies":[{"name":"wp","href":"https:\/\/api.w.org\/{rel}","templated":true}]}}