{"id":75583,"date":"2025-06-06T04:03:56","date_gmt":"2025-06-06T03:03:56","guid":{"rendered":"https:\/\/truusk.store\/product\/fatolj-vardagsrum-loungestol-med-armstod-traben-stor-och-tjock-sits-avkopplande-lasfatolj-med-kuddar-boucle-look-stoppat-sittmobel-for-sovrum-vit\/"},"modified":"2026-03-12T08:44:31","modified_gmt":"2026-03-12T07:44:31","slug":"truusk-loungestol-for-vardagsrum-med-armstod-och-traben-stor-och-tjock-sits-avkopplande-lasfatolj-med-kuddar-boucle-look","status":"publish","type":"product","link":"https:\/\/truusk.store\/sv\/produkt\/truusk-loungestol-for-vardagsrum-med-armstod-och-traben-stor-och-tjock-sits-avkopplande-lasfatolj-med-kuddar-boucle-look\/","title":{"rendered":"TRUUSK Loungestol f\u00f6r Vardagsrum &#8211; Med Armst\u00f6d och Tr\u00e4ben &#8211; Stor och Tjock Sits &#8211; Avkopplande L\u00e4sf\u00e5t\u00f6lj med Kuddar &#8211; Boucl\u00e9-Look"},"content":{"rendered":"<p>Dyk in i den lyxiga komforten hos TRUUSK l\u00e4sf\u00e5t\u00f6ljen, som kombinerar modern stil med bekv\u00e4mlighet. Kl\u00e4dd i mjukt, vitt tyg och st\u00f6dd av en stabil ram av gummitr\u00e4, erbjuder denna sminkstol en frodig stoppning av sittplats och ryggst\u00f6d samt en mysig kudde, perfekt f\u00f6r l\u00e5nga avkopplande kv\u00e4llar. Perfekt f\u00f6r vardagsrum, sovrum eller hemmakontoret!<\/p>\n<p>Beskrivning:<\/p>\n<ul>\n<li> Den vita boucl\u00e9tyget och ramen av relaxstolen i tr\u00e4look ger en elegant touch<\/li>\n<li> Den tjocka stoppningen av stolen \u00f6kar komforten<\/li>\n<li> Boucl\u00e9tyg \u00e4r andningsbart och bekv\u00e4mt<\/li>\n<li> Inkluderar en extra kudde<\/li>\n<li> Den stora sittplatsen g\u00f6r det m\u00f6jligt att sitta i skr\u00e4ddarst\u00e4llning eller ihopkrupen<\/li>\n<li> Ramen av gummitr\u00e4 garanterar stabil st\u00f6d<\/li>\n<li> Enkel montering kr\u00e4vs<\/li>\n<\/ul>\n<p> Tekniska data:<\/p>\n<ul>\n<li> F\u00e4rg: Vit+Naturtr\u00e4<\/li>\n<li> Material: Gummitr\u00e4, Boucl\u00e9 (100 % Polyester), Skum<\/li>\n<li> Totala dimensioner: 67B x 80D x 83H cm<\/li>\n<li> Sittstorlek: 58,5B x 57D x 45H cm<\/li>\n<li> Ryggstorlek: 60B x 46H cm<\/li>\n<li> Kastkudde: 57B x 25D x 11H cm<\/li>\n<li> Tjocklek: 17 cm (sittplats), 11,5 cm (rygg)<\/li>\n<li> Armst\u00f6d till sittplats: 15 cm<\/li>\n<li> B\u00e4rkapacitet: 150 kg<\/li>\n<\/ul>\n<p>Leveransinneh\u00e5ll:<\/p>\n<ul>\n<li> 1 x Accentstol<\/li>\n<li> 1 x Kudde<\/li>\n<li> 1 x Handbok<\/li>\n<\/ul>\n","protected":false},"excerpt":{"rendered":"<p>Dyk in i den lyxiga komforten hos TRUUSK l\u00e4sf\u00e5t\u00f6ljen, som kombinerar modern stil med bekv\u00e4mlighet. Kl\u00e4dd i mjukt, vitt tyg&#8230;<\/p>\n","protected":false},"featured_media":75574,"template":"","meta":[],"product_brand":[],"product_cat":[871,519,910],"product_tag":[],"class_list":{"0":"post-75583","1":"product","2":"type-product","3":"status-publish","4":"has-post-thumbnail","6":"product_cat-hus-hem","7":"product_cat-stoppade-stolar","8":"product_cat-vardagsrum","10":"first","11":"instock","12":"sale","13":"taxable","14":"shipping-taxable","15":"purchasable","16":"product-type-simple"},"yoast_head":"<!-- This site is optimized with the Yoast SEO plugin v25.4 - https:\/\/yoast.com\/wordpress\/plugins\/seo\/ -->\n<title>TRUUSK Loungestol f\u00f6r Vardagsrum - Med Armst\u00f6d och Tr\u00e4ben - Stor och Tjock Sits - Avkopplande L\u00e4sf\u00e5t\u00f6lj med Kuddar - Boucl\u00e9-Look - TRUUSK - Hem, Tr\u00e4dg\u00e5rd &amp; Fritid<\/title>\n<meta name=\"robots\" content=\"index, follow, max-snippet:-1, max-image-preview:large, max-video-preview:-1\" \/>\n<link rel=\"canonical\" href=\"https:\/\/truusk.store\/sv\/produkt\/truusk-loungestol-for-vardagsrum-med-armstod-och-traben-stor-och-tjock-sits-avkopplande-lasfatolj-med-kuddar-boucle-look\/\" \/>\n<meta property=\"og:locale\" content=\"sv_SE\" \/>\n<meta property=\"og:type\" content=\"article\" \/>\n<meta property=\"og:title\" content=\"TRUUSK Loungestol f\u00f6r Vardagsrum - Med Armst\u00f6d och Tr\u00e4ben - Stor och Tjock Sits - Avkopplande L\u00e4sf\u00e5t\u00f6lj med Kuddar - Boucl\u00e9-Look - TRUUSK - Hem, Tr\u00e4dg\u00e5rd &amp; Fritid\" \/>\n<meta property=\"og:description\" content=\"Dyk in i den lyxiga komforten hos TRUUSK l\u00e4sf\u00e5t\u00f6ljen, som kombinerar modern stil med bekv\u00e4mlighet. Kl\u00e4dd i mjukt, vitt tyg...\" \/>\n<meta property=\"og:url\" content=\"https:\/\/truusk.store\/sv\/produkt\/truusk-loungestol-for-vardagsrum-med-armstod-och-traben-stor-och-tjock-sits-avkopplande-lasfatolj-med-kuddar-boucle-look\/\" \/>\n<meta property=\"og:site_name\" content=\"TRUUSK - Hem, Tr\u00e4dg\u00e5rd &amp; Fritid\" \/>\n<meta property=\"article:modified_time\" content=\"2026-03-12T07:44:31+00:00\" \/>\n<meta property=\"og:image\" content=\"https:\/\/i0.wp.com\/truusk.se\/wp-content\/uploads\/2025\/06\/fatolj-vardagsrum-loungestol-med-armstod-traben-stor-och-tjock-sits-avkopplande-lasfatolj-med-kuddar-boucle-look-stoppat-sittmobel-for-sovrum-vit-1.webp?fit=2000%2C2000&ssl=1\" \/>\n\t<meta property=\"og:image:width\" content=\"2000\" \/>\n\t<meta property=\"og:image:height\" content=\"2000\" \/>\n\t<meta property=\"og:image:type\" content=\"image\/webp\" \/>\n<meta name=\"twitter:card\" content=\"summary_large_image\" \/>\n<meta name=\"twitter:label1\" content=\"Ber\u00e4knad l\u00e4stid\" \/>\n\t<meta name=\"twitter:data1\" content=\"1 minut\" \/>\n<!-- \/ Yoast SEO plugin. -->","yoast_head_json":{"title":"TRUUSK Loungestol f\u00f6r Vardagsrum - Med Armst\u00f6d och Tr\u00e4ben - Stor och Tjock Sits - Avkopplande L\u00e4sf\u00e5t\u00f6lj med Kuddar - Boucl\u00e9-Look - TRUUSK - Hem, Tr\u00e4dg\u00e5rd &amp; Fritid","robots":{"index":"index","follow":"follow","max-snippet":"max-snippet:-1","max-image-preview":"max-image-preview:large","max-video-preview":"max-video-preview:-1"},"canonical":"https:\/\/truusk.store\/sv\/produkt\/truusk-loungestol-for-vardagsrum-med-armstod-och-traben-stor-och-tjock-sits-avkopplande-lasfatolj-med-kuddar-boucle-look\/","og_locale":"sv_SE","og_type":"article","og_title":"TRUUSK Loungestol f\u00f6r Vardagsrum - Med Armst\u00f6d och Tr\u00e4ben - Stor och Tjock Sits - Avkopplande L\u00e4sf\u00e5t\u00f6lj med Kuddar - Boucl\u00e9-Look - TRUUSK - Hem, Tr\u00e4dg\u00e5rd &amp; Fritid","og_description":"Dyk in i den lyxiga komforten hos TRUUSK l\u00e4sf\u00e5t\u00f6ljen, som kombinerar modern stil med bekv\u00e4mlighet. Kl\u00e4dd i mjukt, vitt tyg...","og_url":"https:\/\/truusk.store\/sv\/produkt\/truusk-loungestol-for-vardagsrum-med-armstod-och-traben-stor-och-tjock-sits-avkopplande-lasfatolj-med-kuddar-boucle-look\/","og_site_name":"TRUUSK - Hem, Tr\u00e4dg\u00e5rd &amp; Fritid","article_modified_time":"2026-03-12T07:44:31+00:00","og_image":[{"width":2000,"height":2000,"url":"https:\/\/i0.wp.com\/truusk.se\/wp-content\/uploads\/2025\/06\/fatolj-vardagsrum-loungestol-med-armstod-traben-stor-och-tjock-sits-avkopplande-lasfatolj-med-kuddar-boucle-look-stoppat-sittmobel-for-sovrum-vit-1.webp?fit=2000%2C2000&ssl=1","type":"image\/webp"}],"twitter_card":"summary_large_image","twitter_misc":{"Ber\u00e4knad l\u00e4stid":"1 minut"},"schema":{"@context":"https:\/\/schema.org","@graph":[{"@type":"WebPage","@id":"https:\/\/truusk.store\/sv\/produkt\/truusk-loungestol-for-vardagsrum-med-armstod-och-traben-stor-och-tjock-sits-avkopplande-lasfatolj-med-kuddar-boucle-look\/","url":"https:\/\/truusk.store\/sv\/produkt\/truusk-loungestol-for-vardagsrum-med-armstod-och-traben-stor-och-tjock-sits-avkopplande-lasfatolj-med-kuddar-boucle-look\/","name":"TRUUSK Loungestol f\u00f6r Vardagsrum - Med Armst\u00f6d och Tr\u00e4ben - Stor och Tjock Sits - Avkopplande L\u00e4sf\u00e5t\u00f6lj med Kuddar - Boucl\u00e9-Look - TRUUSK - Hem, Tr\u00e4dg\u00e5rd &amp; Fritid","isPartOf":{"@id":"https:\/\/truusk.store\/sv\/#website"},"primaryImageOfPage":{"@id":"https:\/\/truusk.store\/sv\/produkt\/truusk-loungestol-for-vardagsrum-med-armstod-och-traben-stor-och-tjock-sits-avkopplande-lasfatolj-med-kuddar-boucle-look\/#primaryimage"},"image":{"@id":"https:\/\/truusk.store\/sv\/produkt\/truusk-loungestol-for-vardagsrum-med-armstod-och-traben-stor-och-tjock-sits-avkopplande-lasfatolj-med-kuddar-boucle-look\/#primaryimage"},"thumbnailUrl":"https:\/\/i0.wp.com\/truusk.store\/wp-content\/uploads\/2025\/06\/fatolj-vardagsrum-loungestol-med-armstod-traben-stor-och-tjock-sits-avkopplande-lasfatolj-med-kuddar-boucle-look-stoppat-sittmobel-for-sovrum-vit-1.webp?fit=2000%2C2000&ssl=1","datePublished":"2025-06-06T03:03:56+00:00","dateModified":"2026-03-12T07:44:31+00:00","breadcrumb":{"@id":"https:\/\/truusk.store\/sv\/produkt\/truusk-loungestol-for-vardagsrum-med-armstod-och-traben-stor-och-tjock-sits-avkopplande-lasfatolj-med-kuddar-boucle-look\/#breadcrumb"},"inLanguage":"sv-SE","potentialAction":[{"@type":"ReadAction","target":["https:\/\/truusk.store\/sv\/produkt\/truusk-loungestol-for-vardagsrum-med-armstod-och-traben-stor-och-tjock-sits-avkopplande-lasfatolj-med-kuddar-boucle-look\/"]}]},{"@type":"ImageObject","inLanguage":"sv-SE","@id":"https:\/\/truusk.store\/sv\/produkt\/truusk-loungestol-for-vardagsrum-med-armstod-och-traben-stor-och-tjock-sits-avkopplande-lasfatolj-med-kuddar-boucle-look\/#primaryimage","url":"https:\/\/i0.wp.com\/truusk.store\/wp-content\/uploads\/2025\/06\/fatolj-vardagsrum-loungestol-med-armstod-traben-stor-och-tjock-sits-avkopplande-lasfatolj-med-kuddar-boucle-look-stoppat-sittmobel-for-sovrum-vit-1.webp?fit=2000%2C2000&ssl=1","contentUrl":"https:\/\/i0.wp.com\/truusk.store\/wp-content\/uploads\/2025\/06\/fatolj-vardagsrum-loungestol-med-armstod-traben-stor-och-tjock-sits-avkopplande-lasfatolj-med-kuddar-boucle-look-stoppat-sittmobel-for-sovrum-vit-1.webp?fit=2000%2C2000&ssl=1","width":2000,"height":2000},{"@type":"BreadcrumbList","@id":"https:\/\/truusk.store\/sv\/produkt\/truusk-loungestol-for-vardagsrum-med-armstod-och-traben-stor-och-tjock-sits-avkopplande-lasfatolj-med-kuddar-boucle-look\/#breadcrumb","itemListElement":[{"@type":"ListItem","position":1,"name":"Home","item":"https:\/\/truusk.store\/sv\/"},{"@type":"ListItem","position":2,"name":"Shop","item":"https:\/\/truusk.store\/shop\/"},{"@type":"ListItem","position":3,"name":"TRUUSK Loungestol f\u00f6r Vardagsrum &#8211; Med Armst\u00f6d och Tr\u00e4ben &#8211; Stor och Tjock Sits &#8211; Avkopplande L\u00e4sf\u00e5t\u00f6lj med Kuddar &#8211; Boucl\u00e9-Look"}]},{"@type":"WebSite","@id":"https:\/\/truusk.store\/sv\/#website","url":"https:\/\/truusk.store\/sv\/","name":"TRUUSK - Hem, Tr\u00e4dg\u00e5rd & Fritid","description":"","publisher":{"@id":"https:\/\/truusk.store\/sv\/#organization"},"potentialAction":[{"@type":"SearchAction","target":{"@type":"EntryPoint","urlTemplate":"https:\/\/truusk.store\/sv\/?s={search_term_string}"},"query-input":{"@type":"PropertyValueSpecification","valueRequired":true,"valueName":"search_term_string"}}],"inLanguage":"sv-SE"},{"@type":"Organization","@id":"https:\/\/truusk.store\/sv\/#organization","name":"TRUUSK - Hem, Tr\u00e4dg\u00e5rd & Fritid","url":"https:\/\/truusk.store\/sv\/","logo":{"@type":"ImageObject","inLanguage":"sv-SE","@id":"https:\/\/truusk.store\/sv\/#\/schema\/logo\/image\/","url":"https:\/\/i0.wp.com\/truusk.store\/wp-content\/uploads\/2026\/03\/cropped-TRUUSK.png?fit=2032%2C917&ssl=1","contentUrl":"https:\/\/i0.wp.com\/truusk.store\/wp-content\/uploads\/2026\/03\/cropped-TRUUSK.png?fit=2032%2C917&ssl=1","width":2032,"height":917,"caption":"TRUUSK - Hem, Tr\u00e4dg\u00e5rd & Fritid"},"image":{"@id":"https:\/\/truusk.store\/sv\/#\/schema\/logo\/image\/"}}]}},"jetpack_sharing_enabled":true,"_links":{"self":[{"href":"https:\/\/truusk.store\/sv\/wp-json\/wp\/v2\/product\/75583","targetHints":{"allow":["GET"]}}],"collection":[{"href":"https:\/\/truusk.store\/sv\/wp-json\/wp\/v2\/product"}],"about":[{"href":"https:\/\/truusk.store\/sv\/wp-json\/wp\/v2\/types\/product"}],"wp:featuredmedia":[{"embeddable":true,"href":"https:\/\/truusk.store\/sv\/wp-json\/wp\/v2\/media\/75574"}],"wp:attachment":[{"href":"https:\/\/truusk.store\/sv\/wp-json\/wp\/v2\/media?parent=75583"}],"wp:term":[{"taxonomy":"product_brand","embeddable":true,"href":"https:\/\/truusk.store\/sv\/wp-json\/wp\/v2\/product_brand?post=75583"},{"taxonomy":"product_cat","embeddable":true,"href":"https:\/\/truusk.store\/sv\/wp-json\/wp\/v2\/product_cat?post=75583"},{"taxonomy":"product_tag","embeddable":true,"href":"https:\/\/truusk.store\/sv\/wp-json\/wp\/v2\/product_tag?post=75583"}],"curies":[{"name":"wp","href":"https:\/\/api.w.org\/{rel}","templated":true}]}}