{"id":75613,"date":"2025-06-06T04:06:54","date_gmt":"2025-06-06T03:06:54","guid":{"rendered":"https:\/\/truusk.store\/product\/2-i-1-hantelset-30-kg-justerbar-kort-hantel-lang-hantel-professionell-dumbbell-styrketraning-och-viktlyftning-for-hemmafitness\/"},"modified":"2026-03-12T09:41:20","modified_gmt":"2026-03-12T08:41:20","slug":"truusk-2-i-1-hantelset-30-kg-justerbar-kort-hantel-lang-hantel-professionell-dumbbell-for-hemmatraning-viktlyftning","status":"publish","type":"product","link":"https:\/\/truusk.store\/sv\/produkt\/truusk-2-i-1-hantelset-30-kg-justerbar-kort-hantel-lang-hantel-professionell-dumbbell-for-hemmatraning-viktlyftning\/","title":{"rendered":"TRUUSK 2-i-1 Hantelset 30 Kg &#8211; Justerbar Kort Hantel &amp; L\u00e5ng Hantel &#8211; Professionell Dumbbell f\u00f6r Hemmatr\u00e4ning &#8211; Viktlyftning &#8211;"},"content":{"rendered":"<p>Har du sett detta justerbara hantelset fr\u00e5n TRUUSK som ocks\u00e5 kan f\u00f6rvandlas till en skivst\u00e5ng? Den har 12 vikter som du kan s\u00e4tta ihop efter behov. Inneh\u00e5ller 4 x 2,5 kg, 4 x 2 kg, 4 x 1,5 kg och 4 x 1,25 kg, hantelskivor. Dessutom har setet en f\u00f6rl\u00e4ngning f\u00f6r att ansluta b\u00e5da hantelst\u00e4ngerna till en enda st\u00e5ng. Hantelsetet hj\u00e4lper till att tr\u00e4na arm- och \u00f6verkroppsmuskler. Idealisk f\u00f6r tr\u00e4ning hemma, p\u00e5 kontoret eller p\u00e5 gymmet.<\/p>\n<p>Beskrivning:<\/p>\n<ul>\n<li> De justerbara hantlarna best\u00e5r av: 4 x 2,5 kg, 4 x 2 kg, 4 x 1,5 kg, 4 x 1,25 kg hantelskivor, tv\u00e5 st\u00e4nger, en anslutningsst\u00e5ng och 4 l\u00e5smuttrar<\/li>\n<li> De tv\u00e5 st\u00e5lst\u00e4ngerna \u00e4r g\u00e4ngade s\u00e5 att du enkelt kan l\u00e4gga till eller ta bort viktskivor efter behov<\/li>\n<li> Denna hantel kan tr\u00e4na och st\u00e4rka dina muskler i armar, axlar och rygg<\/li>\n<li> Enkel att montera, anv\u00e4nda och lagra\uff1b<\/li>\n<\/ul>\n<p> Tekniska data:<\/p>\n<ul>\n<li> F\u00e4rg: Svart<\/li>\n<li> Material: Metall, HDPE, Sand<\/li>\n<li> Storlek p\u00e5 enkelhantel: \u00d82,5 x 50 cm<\/li>\n<li> Storlek p\u00e5 anslutningsst\u00e5ng: \u00d82,5 x 39 cm<\/li>\n<li> Storlek p\u00e5 2,5 kg hantelskiva: \u00d821 x 4 cm<\/li>\n<li> Storlek p\u00e5 2 kg hantelskiva: \u00d820 x 4 cm<\/li>\n<li> Storlek p\u00e5 1,5 kg hantelskiva: \u00d818 x 3 cm<\/li>\n<li> Storlek p\u00e5 hantelskiva: \u00d818 x 3 cm (1,25 kg)<\/li>\n<\/ul>\n<p>Leveransinneh\u00e5ll:<\/p>\n<ul>\n<li> 4 x 2,5 kg hantelskiva<\/li>\n<li> 4 x 2 kg hantelskiva<\/li>\n<li> 4 x 1,5 kg hantelskiva<\/li>\n<li> 4 x 1,25 kg hantelskiva<\/li>\n<li> 2 x hantelst\u00e5ng<\/li>\n<li> 1 x anslutningsst\u00e5ng<\/li>\n<\/ul>\n","protected":false},"excerpt":{"rendered":"<p>Har du sett detta justerbara hantelset fr\u00e5n TRUUSK som ocks\u00e5 kan f\u00f6rvandlas till en skivst\u00e5ng? Den har 12 vikter som&#8230;<\/p>\n","protected":false},"featured_media":75604,"template":"","meta":[],"product_brand":[],"product_cat":[873,668,647],"product_tag":[],"class_list":{"0":"post-75613","1":"product","2":"type-product","3":"status-publish","4":"has-post-thumbnail","6":"product_cat-fitness-styrketraning","7":"product_cat-hantlar","8":"product_cat-sport-fritid","10":"first","11":"instock","12":"sale","13":"taxable","14":"shipping-taxable","15":"purchasable","16":"product-type-simple"},"yoast_head":"<!-- This site is optimized with the Yoast SEO plugin v25.4 - https:\/\/yoast.com\/wordpress\/plugins\/seo\/ -->\n<title>TRUUSK 2-i-1 Hantelset 30 Kg - Justerbar Kort Hantel &amp; L\u00e5ng Hantel - Professionell Dumbbell f\u00f6r Hemmatr\u00e4ning - Viktlyftning - TRUUSK - Hem, Tr\u00e4dg\u00e5rd &amp; Fritid<\/title>\n<meta name=\"robots\" content=\"index, follow, max-snippet:-1, max-image-preview:large, max-video-preview:-1\" \/>\n<link rel=\"canonical\" href=\"https:\/\/truusk.store\/sv\/produkt\/truusk-2-i-1-hantelset-30-kg-justerbar-kort-hantel-lang-hantel-professionell-dumbbell-for-hemmatraning-viktlyftning\/\" \/>\n<meta property=\"og:locale\" content=\"sv_SE\" \/>\n<meta property=\"og:type\" content=\"article\" \/>\n<meta property=\"og:title\" content=\"TRUUSK 2-i-1 Hantelset 30 Kg - Justerbar Kort Hantel &amp; L\u00e5ng Hantel - Professionell Dumbbell f\u00f6r Hemmatr\u00e4ning - Viktlyftning - TRUUSK - Hem, Tr\u00e4dg\u00e5rd &amp; Fritid\" \/>\n<meta property=\"og:description\" content=\"Har du sett detta justerbara hantelset fr\u00e5n TRUUSK som ocks\u00e5 kan f\u00f6rvandlas till en skivst\u00e5ng? Den har 12 vikter som...\" \/>\n<meta property=\"og:url\" content=\"https:\/\/truusk.store\/sv\/produkt\/truusk-2-i-1-hantelset-30-kg-justerbar-kort-hantel-lang-hantel-professionell-dumbbell-for-hemmatraning-viktlyftning\/\" \/>\n<meta property=\"og:site_name\" content=\"TRUUSK - Hem, Tr\u00e4dg\u00e5rd &amp; Fritid\" \/>\n<meta property=\"article:modified_time\" content=\"2026-03-12T08:41:20+00:00\" \/>\n<meta property=\"og:image\" content=\"https:\/\/i0.wp.com\/truusk.se\/wp-content\/uploads\/2025\/06\/2-i-1-hantelset-30-kg-justerbar-kort-hantel-lang-hantel-professionell-dumbbell-styrketraning-och-viktlyftning-for-hemmafitness-1.webp?fit=2000%2C2000&ssl=1\" \/>\n\t<meta property=\"og:image:width\" content=\"2000\" \/>\n\t<meta property=\"og:image:height\" content=\"2000\" \/>\n\t<meta property=\"og:image:type\" content=\"image\/webp\" \/>\n<meta name=\"twitter:card\" content=\"summary_large_image\" \/>\n<meta name=\"twitter:label1\" content=\"Ber\u00e4knad l\u00e4stid\" \/>\n\t<meta name=\"twitter:data1\" content=\"1 minut\" \/>\n<!-- \/ Yoast SEO plugin. -->","yoast_head_json":{"title":"TRUUSK 2-i-1 Hantelset 30 Kg - Justerbar Kort Hantel &amp; L\u00e5ng Hantel - Professionell Dumbbell f\u00f6r Hemmatr\u00e4ning - Viktlyftning - TRUUSK - Hem, Tr\u00e4dg\u00e5rd &amp; Fritid","robots":{"index":"index","follow":"follow","max-snippet":"max-snippet:-1","max-image-preview":"max-image-preview:large","max-video-preview":"max-video-preview:-1"},"canonical":"https:\/\/truusk.store\/sv\/produkt\/truusk-2-i-1-hantelset-30-kg-justerbar-kort-hantel-lang-hantel-professionell-dumbbell-for-hemmatraning-viktlyftning\/","og_locale":"sv_SE","og_type":"article","og_title":"TRUUSK 2-i-1 Hantelset 30 Kg - Justerbar Kort Hantel &amp; L\u00e5ng Hantel - Professionell Dumbbell f\u00f6r Hemmatr\u00e4ning - Viktlyftning - TRUUSK - Hem, Tr\u00e4dg\u00e5rd &amp; Fritid","og_description":"Har du sett detta justerbara hantelset fr\u00e5n TRUUSK som ocks\u00e5 kan f\u00f6rvandlas till en skivst\u00e5ng? Den har 12 vikter som...","og_url":"https:\/\/truusk.store\/sv\/produkt\/truusk-2-i-1-hantelset-30-kg-justerbar-kort-hantel-lang-hantel-professionell-dumbbell-for-hemmatraning-viktlyftning\/","og_site_name":"TRUUSK - Hem, Tr\u00e4dg\u00e5rd &amp; Fritid","article_modified_time":"2026-03-12T08:41:20+00:00","og_image":[{"width":2000,"height":2000,"url":"https:\/\/i0.wp.com\/truusk.se\/wp-content\/uploads\/2025\/06\/2-i-1-hantelset-30-kg-justerbar-kort-hantel-lang-hantel-professionell-dumbbell-styrketraning-och-viktlyftning-for-hemmafitness-1.webp?fit=2000%2C2000&ssl=1","type":"image\/webp"}],"twitter_card":"summary_large_image","twitter_misc":{"Ber\u00e4knad l\u00e4stid":"1 minut"},"schema":{"@context":"https:\/\/schema.org","@graph":[{"@type":"WebPage","@id":"https:\/\/truusk.store\/sv\/produkt\/truusk-2-i-1-hantelset-30-kg-justerbar-kort-hantel-lang-hantel-professionell-dumbbell-for-hemmatraning-viktlyftning\/","url":"https:\/\/truusk.store\/sv\/produkt\/truusk-2-i-1-hantelset-30-kg-justerbar-kort-hantel-lang-hantel-professionell-dumbbell-for-hemmatraning-viktlyftning\/","name":"TRUUSK 2-i-1 Hantelset 30 Kg - Justerbar Kort Hantel &amp; L\u00e5ng Hantel - Professionell Dumbbell f\u00f6r Hemmatr\u00e4ning - Viktlyftning - TRUUSK - Hem, Tr\u00e4dg\u00e5rd &amp; Fritid","isPartOf":{"@id":"https:\/\/truusk.store\/sv\/#website"},"primaryImageOfPage":{"@id":"https:\/\/truusk.store\/sv\/produkt\/truusk-2-i-1-hantelset-30-kg-justerbar-kort-hantel-lang-hantel-professionell-dumbbell-for-hemmatraning-viktlyftning\/#primaryimage"},"image":{"@id":"https:\/\/truusk.store\/sv\/produkt\/truusk-2-i-1-hantelset-30-kg-justerbar-kort-hantel-lang-hantel-professionell-dumbbell-for-hemmatraning-viktlyftning\/#primaryimage"},"thumbnailUrl":"https:\/\/i0.wp.com\/truusk.store\/wp-content\/uploads\/2025\/06\/2-i-1-hantelset-30-kg-justerbar-kort-hantel-lang-hantel-professionell-dumbbell-styrketraning-och-viktlyftning-for-hemmafitness-1.webp?fit=2000%2C2000&ssl=1","datePublished":"2025-06-06T03:06:54+00:00","dateModified":"2026-03-12T08:41:20+00:00","breadcrumb":{"@id":"https:\/\/truusk.store\/sv\/produkt\/truusk-2-i-1-hantelset-30-kg-justerbar-kort-hantel-lang-hantel-professionell-dumbbell-for-hemmatraning-viktlyftning\/#breadcrumb"},"inLanguage":"sv-SE","potentialAction":[{"@type":"ReadAction","target":["https:\/\/truusk.store\/sv\/produkt\/truusk-2-i-1-hantelset-30-kg-justerbar-kort-hantel-lang-hantel-professionell-dumbbell-for-hemmatraning-viktlyftning\/"]}]},{"@type":"ImageObject","inLanguage":"sv-SE","@id":"https:\/\/truusk.store\/sv\/produkt\/truusk-2-i-1-hantelset-30-kg-justerbar-kort-hantel-lang-hantel-professionell-dumbbell-for-hemmatraning-viktlyftning\/#primaryimage","url":"https:\/\/i0.wp.com\/truusk.store\/wp-content\/uploads\/2025\/06\/2-i-1-hantelset-30-kg-justerbar-kort-hantel-lang-hantel-professionell-dumbbell-styrketraning-och-viktlyftning-for-hemmafitness-1.webp?fit=2000%2C2000&ssl=1","contentUrl":"https:\/\/i0.wp.com\/truusk.store\/wp-content\/uploads\/2025\/06\/2-i-1-hantelset-30-kg-justerbar-kort-hantel-lang-hantel-professionell-dumbbell-styrketraning-och-viktlyftning-for-hemmafitness-1.webp?fit=2000%2C2000&ssl=1","width":2000,"height":2000},{"@type":"BreadcrumbList","@id":"https:\/\/truusk.store\/sv\/produkt\/truusk-2-i-1-hantelset-30-kg-justerbar-kort-hantel-lang-hantel-professionell-dumbbell-for-hemmatraning-viktlyftning\/#breadcrumb","itemListElement":[{"@type":"ListItem","position":1,"name":"Home","item":"https:\/\/truusk.store\/sv\/"},{"@type":"ListItem","position":2,"name":"Shop","item":"https:\/\/truusk.store\/shop\/"},{"@type":"ListItem","position":3,"name":"TRUUSK 2-i-1 Hantelset 30 Kg &#8211; Justerbar Kort Hantel &amp; L\u00e5ng Hantel &#8211; Professionell Dumbbell f\u00f6r Hemmatr\u00e4ning &#8211; Viktlyftning &#8211;"}]},{"@type":"WebSite","@id":"https:\/\/truusk.store\/sv\/#website","url":"https:\/\/truusk.store\/sv\/","name":"TRUUSK - Hem, Tr\u00e4dg\u00e5rd & Fritid","description":"","publisher":{"@id":"https:\/\/truusk.store\/sv\/#organization"},"potentialAction":[{"@type":"SearchAction","target":{"@type":"EntryPoint","urlTemplate":"https:\/\/truusk.store\/sv\/?s={search_term_string}"},"query-input":{"@type":"PropertyValueSpecification","valueRequired":true,"valueName":"search_term_string"}}],"inLanguage":"sv-SE"},{"@type":"Organization","@id":"https:\/\/truusk.store\/sv\/#organization","name":"TRUUSK - Hem, Tr\u00e4dg\u00e5rd & Fritid","url":"https:\/\/truusk.store\/sv\/","logo":{"@type":"ImageObject","inLanguage":"sv-SE","@id":"https:\/\/truusk.store\/sv\/#\/schema\/logo\/image\/","url":"https:\/\/i0.wp.com\/truusk.store\/wp-content\/uploads\/2026\/03\/cropped-TRUUSK.png?fit=2032%2C917&ssl=1","contentUrl":"https:\/\/i0.wp.com\/truusk.store\/wp-content\/uploads\/2026\/03\/cropped-TRUUSK.png?fit=2032%2C917&ssl=1","width":2032,"height":917,"caption":"TRUUSK - Hem, Tr\u00e4dg\u00e5rd & Fritid"},"image":{"@id":"https:\/\/truusk.store\/sv\/#\/schema\/logo\/image\/"}}]}},"jetpack_sharing_enabled":true,"_links":{"self":[{"href":"https:\/\/truusk.store\/sv\/wp-json\/wp\/v2\/product\/75613","targetHints":{"allow":["GET"]}}],"collection":[{"href":"https:\/\/truusk.store\/sv\/wp-json\/wp\/v2\/product"}],"about":[{"href":"https:\/\/truusk.store\/sv\/wp-json\/wp\/v2\/types\/product"}],"wp:featuredmedia":[{"embeddable":true,"href":"https:\/\/truusk.store\/sv\/wp-json\/wp\/v2\/media\/75604"}],"wp:attachment":[{"href":"https:\/\/truusk.store\/sv\/wp-json\/wp\/v2\/media?parent=75613"}],"wp:term":[{"taxonomy":"product_brand","embeddable":true,"href":"https:\/\/truusk.store\/sv\/wp-json\/wp\/v2\/product_brand?post=75613"},{"taxonomy":"product_cat","embeddable":true,"href":"https:\/\/truusk.store\/sv\/wp-json\/wp\/v2\/product_cat?post=75613"},{"taxonomy":"product_tag","embeddable":true,"href":"https:\/\/truusk.store\/sv\/wp-json\/wp\/v2\/product_tag?post=75613"}],"curies":[{"name":"wp","href":"https:\/\/api.w.org\/{rel}","templated":true}]}}