{"id":75643,"date":"2025-06-06T04:09:37","date_gmt":"2025-06-06T03:09:37","guid":{"rendered":"https:\/\/truusk.store\/product\/fitness-trampolin-o91-cm-mini-trampolin-med-halkfria-fotter-trampolin-100kg-belastningskapacitet-for-vuxna-trampolin-for-inomhus-utomhus-hoppning\/"},"modified":"2026-03-12T09:09:22","modified_gmt":"2026-03-12T08:09:22","slug":"truusk-fitness-trampolin-o91-cm-halkfria-fotter-belastningskapacitet-100-kg-for-vuxna-inomhus-utomhus-hoppning","status":"publish","type":"product","link":"https:\/\/truusk.store\/sv\/produkt\/truusk-fitness-trampolin-o91-cm-halkfria-fotter-belastningskapacitet-100-kg-for-vuxna-inomhus-utomhus-hoppning\/","title":{"rendered":"TRUUSK Fitness Trampolin \u00d891 cm &#8211; Halkfria F\u00f6tter &#8211; Belastningskapacitet 100 kg &#8211; F\u00f6r Vuxna &#8211; Inomhus\/Utomhus &#8211; Hoppning"},"content":{"rendered":"<p>Detta fitness trampolin med h\u00f6g sp\u00e4nnkraft har en stark, pulverlackerad st\u00e5lram och robusta st\u00f6dben med halkfria f\u00f6tter, vilket ger mini trampolinen ett s\u00e4kert grepp och d\u00e4rmed garanterar s\u00e4kerheten. Kanterna p\u00e5 mini trampolinen \u00e4r t\u00e4ckta med vadderad plast, vilket f\u00f6rhindrar skador vid fall.<\/p>\n<p>Beskrivning:<\/p>\n<ul>\n<li> Mini trampolin l\u00e4mplig f\u00f6r hemmet, kontoret, gymmet<\/li>\n<li> Ram och st\u00f6dben p\u00e5 fitness trampolinen \u00e4r gjorda av stark, pulverlackerad st\u00e5l<\/li>\n<li> Kanter av vadderad plast<\/li>\n<li> Hoppduken p\u00e5 fitness trampolinen \u00e4r gjord av stark plastn\u00e4ttyg<\/li>\n<li> 30 skruvfj\u00e4drar f\u00f6r h\u00f6g sp\u00e4nnkraft<\/li>\n<li> Med halkfria f\u00f6tter<\/li>\n<li> Enkel montering<\/li>\n<\/ul>\n<p> Tekniska data:<\/p>\n<ul>\n<li> F\u00e4rg: Svart+Bl\u00e5<\/li>\n<li> Material: St\u00e5l, Plast<\/li>\n<li> Vikt: 5,6 kg<\/li>\n<li> Totala m\u00e5tt: \u00d891 x 22,5H cm<\/li>\n<li> Bredd p\u00e5 kanterna: 16 cm<\/li>\n<li> Diameter p\u00e5 st\u00f6dbenen: 25 mm<\/li>\n<li> max. Belastningskapacitet: 100 kg<\/li>\n<\/ul>\n<p>Leveransinneh\u00e5ll:<\/p>\n<ul>\n<li> 1 x Trampolin<\/li>\n<li> 1 x Bruksanvisning<\/li>\n<\/ul>\n","protected":false},"excerpt":{"rendered":"<p>Detta fitness trampolin med h\u00f6g sp\u00e4nnkraft har en stark, pulverlackerad st\u00e5lram och robusta st\u00f6dben med halkfria f\u00f6tter, vilket ger mini&#8230;<\/p>\n","protected":false},"featured_media":75633,"template":"","meta":[],"product_brand":[],"product_cat":[656,647,997],"product_tag":[],"class_list":{"0":"post-75643","1":"product","2":"type-product","3":"status-publish","4":"has-post-thumbnail","6":"product_cat-spel-hobby","7":"product_cat-sport-fritid","8":"product_cat-trampoliner-tillbehor","10":"first","11":"instock","12":"sale","13":"taxable","14":"shipping-taxable","15":"purchasable","16":"product-type-simple"},"yoast_head":"<!-- This site is optimized with the Yoast SEO plugin v25.4 - https:\/\/yoast.com\/wordpress\/plugins\/seo\/ -->\n<title>TRUUSK Fitness Trampolin \u00d891 cm - Halkfria F\u00f6tter - Belastningskapacitet 100 kg - F\u00f6r Vuxna - Inomhus\/Utomhus - Hoppning - TRUUSK - Hem, Tr\u00e4dg\u00e5rd &amp; Fritid<\/title>\n<meta name=\"robots\" content=\"index, follow, max-snippet:-1, max-image-preview:large, max-video-preview:-1\" \/>\n<link rel=\"canonical\" href=\"https:\/\/truusk.store\/sv\/produkt\/truusk-fitness-trampolin-o91-cm-halkfria-fotter-belastningskapacitet-100-kg-for-vuxna-inomhus-utomhus-hoppning\/\" \/>\n<meta property=\"og:locale\" content=\"sv_SE\" \/>\n<meta property=\"og:type\" content=\"article\" \/>\n<meta property=\"og:title\" content=\"TRUUSK Fitness Trampolin \u00d891 cm - Halkfria F\u00f6tter - Belastningskapacitet 100 kg - F\u00f6r Vuxna - Inomhus\/Utomhus - Hoppning - TRUUSK - Hem, Tr\u00e4dg\u00e5rd &amp; Fritid\" \/>\n<meta property=\"og:description\" content=\"Detta fitness trampolin med h\u00f6g sp\u00e4nnkraft har en stark, pulverlackerad st\u00e5lram och robusta st\u00f6dben med halkfria f\u00f6tter, vilket ger mini...\" \/>\n<meta property=\"og:url\" content=\"https:\/\/truusk.store\/sv\/produkt\/truusk-fitness-trampolin-o91-cm-halkfria-fotter-belastningskapacitet-100-kg-for-vuxna-inomhus-utomhus-hoppning\/\" \/>\n<meta property=\"og:site_name\" content=\"TRUUSK - Hem, Tr\u00e4dg\u00e5rd &amp; Fritid\" \/>\n<meta property=\"article:modified_time\" content=\"2026-03-12T08:09:22+00:00\" \/>\n<meta property=\"og:image\" content=\"https:\/\/i0.wp.com\/truusk.se\/wp-content\/uploads\/2025\/06\/fitness-trampolin-o91-cm-mini-trampolin-med-halkfria-fotter-trampolin-100kg-belastningskapacitet-for-vuxna-trampolin-for-inomhus-utomhus-hoppning-1.webp?fit=2000%2C2000&ssl=1\" \/>\n\t<meta property=\"og:image:width\" content=\"2000\" \/>\n\t<meta property=\"og:image:height\" content=\"2000\" \/>\n\t<meta property=\"og:image:type\" content=\"image\/webp\" \/>\n<meta name=\"twitter:card\" content=\"summary_large_image\" \/>\n<meta name=\"twitter:label1\" content=\"Ber\u00e4knad l\u00e4stid\" \/>\n\t<meta name=\"twitter:data1\" content=\"1 minut\" \/>\n<!-- \/ Yoast SEO plugin. -->","yoast_head_json":{"title":"TRUUSK Fitness Trampolin \u00d891 cm - Halkfria F\u00f6tter - Belastningskapacitet 100 kg - F\u00f6r Vuxna - Inomhus\/Utomhus - Hoppning - TRUUSK - Hem, Tr\u00e4dg\u00e5rd &amp; Fritid","robots":{"index":"index","follow":"follow","max-snippet":"max-snippet:-1","max-image-preview":"max-image-preview:large","max-video-preview":"max-video-preview:-1"},"canonical":"https:\/\/truusk.store\/sv\/produkt\/truusk-fitness-trampolin-o91-cm-halkfria-fotter-belastningskapacitet-100-kg-for-vuxna-inomhus-utomhus-hoppning\/","og_locale":"sv_SE","og_type":"article","og_title":"TRUUSK Fitness Trampolin \u00d891 cm - Halkfria F\u00f6tter - Belastningskapacitet 100 kg - F\u00f6r Vuxna - Inomhus\/Utomhus - Hoppning - TRUUSK - Hem, Tr\u00e4dg\u00e5rd &amp; Fritid","og_description":"Detta fitness trampolin med h\u00f6g sp\u00e4nnkraft har en stark, pulverlackerad st\u00e5lram och robusta st\u00f6dben med halkfria f\u00f6tter, vilket ger mini...","og_url":"https:\/\/truusk.store\/sv\/produkt\/truusk-fitness-trampolin-o91-cm-halkfria-fotter-belastningskapacitet-100-kg-for-vuxna-inomhus-utomhus-hoppning\/","og_site_name":"TRUUSK - Hem, Tr\u00e4dg\u00e5rd &amp; Fritid","article_modified_time":"2026-03-12T08:09:22+00:00","og_image":[{"width":2000,"height":2000,"url":"https:\/\/i0.wp.com\/truusk.se\/wp-content\/uploads\/2025\/06\/fitness-trampolin-o91-cm-mini-trampolin-med-halkfria-fotter-trampolin-100kg-belastningskapacitet-for-vuxna-trampolin-for-inomhus-utomhus-hoppning-1.webp?fit=2000%2C2000&ssl=1","type":"image\/webp"}],"twitter_card":"summary_large_image","twitter_misc":{"Ber\u00e4knad l\u00e4stid":"1 minut"},"schema":{"@context":"https:\/\/schema.org","@graph":[{"@type":"WebPage","@id":"https:\/\/truusk.store\/sv\/produkt\/truusk-fitness-trampolin-o91-cm-halkfria-fotter-belastningskapacitet-100-kg-for-vuxna-inomhus-utomhus-hoppning\/","url":"https:\/\/truusk.store\/sv\/produkt\/truusk-fitness-trampolin-o91-cm-halkfria-fotter-belastningskapacitet-100-kg-for-vuxna-inomhus-utomhus-hoppning\/","name":"TRUUSK Fitness Trampolin \u00d891 cm - Halkfria F\u00f6tter - Belastningskapacitet 100 kg - F\u00f6r Vuxna - Inomhus\/Utomhus - Hoppning - TRUUSK - Hem, Tr\u00e4dg\u00e5rd &amp; Fritid","isPartOf":{"@id":"https:\/\/truusk.store\/sv\/#website"},"primaryImageOfPage":{"@id":"https:\/\/truusk.store\/sv\/produkt\/truusk-fitness-trampolin-o91-cm-halkfria-fotter-belastningskapacitet-100-kg-for-vuxna-inomhus-utomhus-hoppning\/#primaryimage"},"image":{"@id":"https:\/\/truusk.store\/sv\/produkt\/truusk-fitness-trampolin-o91-cm-halkfria-fotter-belastningskapacitet-100-kg-for-vuxna-inomhus-utomhus-hoppning\/#primaryimage"},"thumbnailUrl":"https:\/\/i0.wp.com\/truusk.store\/wp-content\/uploads\/2025\/06\/fitness-trampolin-o91-cm-mini-trampolin-med-halkfria-fotter-trampolin-100kg-belastningskapacitet-for-vuxna-trampolin-for-inomhus-utomhus-hoppning-1.webp?fit=2000%2C2000&ssl=1","datePublished":"2025-06-06T03:09:37+00:00","dateModified":"2026-03-12T08:09:22+00:00","breadcrumb":{"@id":"https:\/\/truusk.store\/sv\/produkt\/truusk-fitness-trampolin-o91-cm-halkfria-fotter-belastningskapacitet-100-kg-for-vuxna-inomhus-utomhus-hoppning\/#breadcrumb"},"inLanguage":"sv-SE","potentialAction":[{"@type":"ReadAction","target":["https:\/\/truusk.store\/sv\/produkt\/truusk-fitness-trampolin-o91-cm-halkfria-fotter-belastningskapacitet-100-kg-for-vuxna-inomhus-utomhus-hoppning\/"]}]},{"@type":"ImageObject","inLanguage":"sv-SE","@id":"https:\/\/truusk.store\/sv\/produkt\/truusk-fitness-trampolin-o91-cm-halkfria-fotter-belastningskapacitet-100-kg-for-vuxna-inomhus-utomhus-hoppning\/#primaryimage","url":"https:\/\/i0.wp.com\/truusk.store\/wp-content\/uploads\/2025\/06\/fitness-trampolin-o91-cm-mini-trampolin-med-halkfria-fotter-trampolin-100kg-belastningskapacitet-for-vuxna-trampolin-for-inomhus-utomhus-hoppning-1.webp?fit=2000%2C2000&ssl=1","contentUrl":"https:\/\/i0.wp.com\/truusk.store\/wp-content\/uploads\/2025\/06\/fitness-trampolin-o91-cm-mini-trampolin-med-halkfria-fotter-trampolin-100kg-belastningskapacitet-for-vuxna-trampolin-for-inomhus-utomhus-hoppning-1.webp?fit=2000%2C2000&ssl=1","width":2000,"height":2000},{"@type":"BreadcrumbList","@id":"https:\/\/truusk.store\/sv\/produkt\/truusk-fitness-trampolin-o91-cm-halkfria-fotter-belastningskapacitet-100-kg-for-vuxna-inomhus-utomhus-hoppning\/#breadcrumb","itemListElement":[{"@type":"ListItem","position":1,"name":"Home","item":"https:\/\/truusk.store\/sv\/"},{"@type":"ListItem","position":2,"name":"Shop","item":"https:\/\/truusk.store\/shop\/"},{"@type":"ListItem","position":3,"name":"TRUUSK Fitness Trampolin \u00d891 cm &#8211; Halkfria F\u00f6tter &#8211; Belastningskapacitet 100 kg &#8211; F\u00f6r Vuxna &#8211; Inomhus\/Utomhus &#8211; Hoppning"}]},{"@type":"WebSite","@id":"https:\/\/truusk.store\/sv\/#website","url":"https:\/\/truusk.store\/sv\/","name":"TRUUSK - Hem, Tr\u00e4dg\u00e5rd & Fritid","description":"","publisher":{"@id":"https:\/\/truusk.store\/sv\/#organization"},"potentialAction":[{"@type":"SearchAction","target":{"@type":"EntryPoint","urlTemplate":"https:\/\/truusk.store\/sv\/?s={search_term_string}"},"query-input":{"@type":"PropertyValueSpecification","valueRequired":true,"valueName":"search_term_string"}}],"inLanguage":"sv-SE"},{"@type":"Organization","@id":"https:\/\/truusk.store\/sv\/#organization","name":"TRUUSK - Hem, Tr\u00e4dg\u00e5rd & Fritid","url":"https:\/\/truusk.store\/sv\/","logo":{"@type":"ImageObject","inLanguage":"sv-SE","@id":"https:\/\/truusk.store\/sv\/#\/schema\/logo\/image\/","url":"https:\/\/i0.wp.com\/truusk.store\/wp-content\/uploads\/2026\/03\/cropped-TRUUSK.png?fit=2032%2C917&ssl=1","contentUrl":"https:\/\/i0.wp.com\/truusk.store\/wp-content\/uploads\/2026\/03\/cropped-TRUUSK.png?fit=2032%2C917&ssl=1","width":2032,"height":917,"caption":"TRUUSK - Hem, Tr\u00e4dg\u00e5rd & Fritid"},"image":{"@id":"https:\/\/truusk.store\/sv\/#\/schema\/logo\/image\/"}}]}},"jetpack_sharing_enabled":true,"_links":{"self":[{"href":"https:\/\/truusk.store\/sv\/wp-json\/wp\/v2\/product\/75643","targetHints":{"allow":["GET"]}}],"collection":[{"href":"https:\/\/truusk.store\/sv\/wp-json\/wp\/v2\/product"}],"about":[{"href":"https:\/\/truusk.store\/sv\/wp-json\/wp\/v2\/types\/product"}],"wp:featuredmedia":[{"embeddable":true,"href":"https:\/\/truusk.store\/sv\/wp-json\/wp\/v2\/media\/75633"}],"wp:attachment":[{"href":"https:\/\/truusk.store\/sv\/wp-json\/wp\/v2\/media?parent=75643"}],"wp:term":[{"taxonomy":"product_brand","embeddable":true,"href":"https:\/\/truusk.store\/sv\/wp-json\/wp\/v2\/product_brand?post=75643"},{"taxonomy":"product_cat","embeddable":true,"href":"https:\/\/truusk.store\/sv\/wp-json\/wp\/v2\/product_cat?post=75643"},{"taxonomy":"product_tag","embeddable":true,"href":"https:\/\/truusk.store\/sv\/wp-json\/wp\/v2\/product_tag?post=75643"}],"curies":[{"name":"wp","href":"https:\/\/api.w.org\/{rel}","templated":true}]}}