{"id":75673,"date":"2025-06-06T04:12:50","date_gmt":"2025-06-06T03:12:50","guid":{"rendered":"https:\/\/truusk.store\/product\/kort-hantelset-25kg-med-viktskivor-for-hem-kontor-gym-stal-konstlader-svart-styrketraning\/"},"modified":"2026-03-12T09:41:20","modified_gmt":"2026-03-12T08:41:20","slug":"truusk-kort-hantelset-25kg-med-viktskivor-for-hem-kontor-gym-stal-konstlader-svart-styrketraning","status":"publish","type":"product","link":"https:\/\/truusk.store\/sv\/produkt\/truusk-kort-hantelset-25kg-med-viktskivor-for-hem-kontor-gym-stal-konstlader-svart-styrketraning\/","title":{"rendered":"TRUUSK Kort Hantelset 25KG &#8211; Med Viktskivor &#8211; F\u00f6r Hem, Kontor, Gym &#8211; St\u00e5l, Konstl\u00e4der &#8211; Svart &#8211; Styrketr\u00e4ning"},"content":{"rendered":"<p>V\u00e5rt hantelset fr\u00e5n TRUUSK levereras med olika stora hanteldelar, s\u00e5 att du kan anpassa vikten p\u00e5 hantlarna efter dina behov. Paret inneh\u00e5ller 4 x 2,5KG, 4 x 1,5KG, 4 x 1,25KG hantelskivor och 2 x 2KG anslutningsst\u00e4nger. Det kommer att hj\u00e4lpa dig att tr\u00e4na dina armar, axlar och rygg och bygga muskler. Med detta hantelset kan du tr\u00e4na hemma, p\u00e5 kontoret eller var som helst.<\/p>\n<p>Beskrivning:<\/p>\n<ul>\n<li> Denna produkt inneh\u00e5ller 4 x 2,5KG, 4 x 1,5KG, 4 x 1,25KG hantelskivor och 2 x 2KG anslutningsst\u00e4nger<\/li>\n<li> Hj\u00e4lper dig att tr\u00e4na dina armar, axlar, rygg och \u00e4ven st\u00e4rka dina muskler<\/li>\n<li> Utrustad med halkfritt handtag f\u00f6r att f\u00f6rhindra att det glider under tr\u00e4ningen<\/li>\n<li> Hantelsetet kan staplas tillsammans. Du kan enkelt lagra och b\u00e4ra setet n\u00e4r du \u00e4r klar<\/li>\n<li> T\u00e4ckt med plast f\u00f6r att undvika skador p\u00e5 golvet<\/li>\n<\/ul>\n<p> Tekniska specifikationer:<\/p>\n<ul>\n<li> F\u00e4rg: Svart<\/li>\n<li> Material: St\u00e5l, konstl\u00e4der<\/li>\n<li> Totala m\u00e5tt: 45L x 21B x 21H cm<\/li>\n<li> Storlek p\u00e5 hantelskivor: \u00d821 x 4T cm (4 x 2,5KG)<\/li>\n<li> Storlek p\u00e5 hantelskivor: \u00d818 x 3T cm (4 x 1,5KG)<\/li>\n<li> Storlek p\u00e5 hantelskivor: \u00d818 x 2,5T cm (4 x 1,25KG)<\/li>\n<li> Anslutningsst\u00e5ng: \u00d82,5 x 45L cm (2 x 2KG)<\/li>\n<\/ul>\n<p>Leveransinneh\u00e5ll:<\/p>\n<ul>\n<li> 4 x 2,5KG hantelskivor<\/li>\n<li> 4 x 1,5KG hantelskivor<\/li>\n<li> 4 x 1,25KG hantelskivor<\/li>\n<li> 2 x 2KG anslutningsst\u00e4nger<\/li>\n<\/ul>\n","protected":false},"excerpt":{"rendered":"<p>V\u00e5rt hantelset fr\u00e5n TRUUSK levereras med olika stora hanteldelar, s\u00e5 att du kan anpassa vikten p\u00e5 hantlarna efter dina behov&#8230;.<\/p>\n","protected":false},"featured_media":75664,"template":"","meta":[],"product_brand":[],"product_cat":[980,668,647],"product_tag":[],"class_list":{"0":"post-75673","1":"product","2":"type-product","3":"status-publish","4":"has-post-thumbnail","6":"product_cat-fitness-kraftsport","7":"product_cat-hantlar","8":"product_cat-sport-fritid","10":"first","11":"instock","12":"sale","13":"taxable","14":"shipping-taxable","15":"purchasable","16":"product-type-simple"},"yoast_head":"<!-- This site is optimized with the Yoast SEO plugin v25.4 - https:\/\/yoast.com\/wordpress\/plugins\/seo\/ -->\n<title>TRUUSK Kort Hantelset 25KG - Med Viktskivor - F\u00f6r Hem, Kontor, Gym - St\u00e5l, Konstl\u00e4der - Svart - Styrketr\u00e4ning - TRUUSK - Hem, Tr\u00e4dg\u00e5rd &amp; Fritid<\/title>\n<meta name=\"robots\" content=\"index, follow, max-snippet:-1, max-image-preview:large, max-video-preview:-1\" \/>\n<link rel=\"canonical\" href=\"https:\/\/truusk.store\/sv\/produkt\/truusk-kort-hantelset-25kg-med-viktskivor-for-hem-kontor-gym-stal-konstlader-svart-styrketraning\/\" \/>\n<meta property=\"og:locale\" content=\"sv_SE\" \/>\n<meta property=\"og:type\" content=\"article\" \/>\n<meta property=\"og:title\" content=\"TRUUSK Kort Hantelset 25KG - Med Viktskivor - F\u00f6r Hem, Kontor, Gym - St\u00e5l, Konstl\u00e4der - Svart - Styrketr\u00e4ning - TRUUSK - Hem, Tr\u00e4dg\u00e5rd &amp; Fritid\" \/>\n<meta property=\"og:description\" content=\"V\u00e5rt hantelset fr\u00e5n TRUUSK levereras med olika stora hanteldelar, s\u00e5 att du kan anpassa vikten p\u00e5 hantlarna efter dina behov....\" \/>\n<meta property=\"og:url\" content=\"https:\/\/truusk.store\/sv\/produkt\/truusk-kort-hantelset-25kg-med-viktskivor-for-hem-kontor-gym-stal-konstlader-svart-styrketraning\/\" \/>\n<meta property=\"og:site_name\" content=\"TRUUSK - Hem, Tr\u00e4dg\u00e5rd &amp; Fritid\" \/>\n<meta property=\"article:modified_time\" content=\"2026-03-12T08:41:20+00:00\" \/>\n<meta property=\"og:image\" content=\"https:\/\/i0.wp.com\/truusk.se\/wp-content\/uploads\/2025\/06\/kort-hantelset-25kg-med-viktskivor-for-hem-kontor-gym-stal-konstlader-svart-styrketraning-1.webp?fit=2000%2C2000&ssl=1\" \/>\n\t<meta property=\"og:image:width\" content=\"2000\" \/>\n\t<meta property=\"og:image:height\" content=\"2000\" \/>\n\t<meta property=\"og:image:type\" content=\"image\/webp\" \/>\n<meta name=\"twitter:card\" content=\"summary_large_image\" \/>\n<meta name=\"twitter:label1\" content=\"Ber\u00e4knad l\u00e4stid\" \/>\n\t<meta name=\"twitter:data1\" content=\"1 minut\" \/>\n<!-- \/ Yoast SEO plugin. -->","yoast_head_json":{"title":"TRUUSK Kort Hantelset 25KG - Med Viktskivor - F\u00f6r Hem, Kontor, Gym - St\u00e5l, Konstl\u00e4der - Svart - Styrketr\u00e4ning - TRUUSK - Hem, Tr\u00e4dg\u00e5rd &amp; Fritid","robots":{"index":"index","follow":"follow","max-snippet":"max-snippet:-1","max-image-preview":"max-image-preview:large","max-video-preview":"max-video-preview:-1"},"canonical":"https:\/\/truusk.store\/sv\/produkt\/truusk-kort-hantelset-25kg-med-viktskivor-for-hem-kontor-gym-stal-konstlader-svart-styrketraning\/","og_locale":"sv_SE","og_type":"article","og_title":"TRUUSK Kort Hantelset 25KG - Med Viktskivor - F\u00f6r Hem, Kontor, Gym - St\u00e5l, Konstl\u00e4der - Svart - Styrketr\u00e4ning - TRUUSK - Hem, Tr\u00e4dg\u00e5rd &amp; Fritid","og_description":"V\u00e5rt hantelset fr\u00e5n TRUUSK levereras med olika stora hanteldelar, s\u00e5 att du kan anpassa vikten p\u00e5 hantlarna efter dina behov....","og_url":"https:\/\/truusk.store\/sv\/produkt\/truusk-kort-hantelset-25kg-med-viktskivor-for-hem-kontor-gym-stal-konstlader-svart-styrketraning\/","og_site_name":"TRUUSK - Hem, Tr\u00e4dg\u00e5rd &amp; Fritid","article_modified_time":"2026-03-12T08:41:20+00:00","og_image":[{"width":2000,"height":2000,"url":"https:\/\/i0.wp.com\/truusk.se\/wp-content\/uploads\/2025\/06\/kort-hantelset-25kg-med-viktskivor-for-hem-kontor-gym-stal-konstlader-svart-styrketraning-1.webp?fit=2000%2C2000&ssl=1","type":"image\/webp"}],"twitter_card":"summary_large_image","twitter_misc":{"Ber\u00e4knad l\u00e4stid":"1 minut"},"schema":{"@context":"https:\/\/schema.org","@graph":[{"@type":"WebPage","@id":"https:\/\/truusk.store\/sv\/produkt\/truusk-kort-hantelset-25kg-med-viktskivor-for-hem-kontor-gym-stal-konstlader-svart-styrketraning\/","url":"https:\/\/truusk.store\/sv\/produkt\/truusk-kort-hantelset-25kg-med-viktskivor-for-hem-kontor-gym-stal-konstlader-svart-styrketraning\/","name":"TRUUSK Kort Hantelset 25KG - Med Viktskivor - F\u00f6r Hem, Kontor, Gym - St\u00e5l, Konstl\u00e4der - Svart - Styrketr\u00e4ning - TRUUSK - Hem, Tr\u00e4dg\u00e5rd &amp; Fritid","isPartOf":{"@id":"https:\/\/truusk.store\/sv\/#website"},"primaryImageOfPage":{"@id":"https:\/\/truusk.store\/sv\/produkt\/truusk-kort-hantelset-25kg-med-viktskivor-for-hem-kontor-gym-stal-konstlader-svart-styrketraning\/#primaryimage"},"image":{"@id":"https:\/\/truusk.store\/sv\/produkt\/truusk-kort-hantelset-25kg-med-viktskivor-for-hem-kontor-gym-stal-konstlader-svart-styrketraning\/#primaryimage"},"thumbnailUrl":"https:\/\/i0.wp.com\/truusk.store\/wp-content\/uploads\/2025\/06\/kort-hantelset-25kg-med-viktskivor-for-hem-kontor-gym-stal-konstlader-svart-styrketraning-1.webp?fit=2000%2C2000&ssl=1","datePublished":"2025-06-06T03:12:50+00:00","dateModified":"2026-03-12T08:41:20+00:00","breadcrumb":{"@id":"https:\/\/truusk.store\/sv\/produkt\/truusk-kort-hantelset-25kg-med-viktskivor-for-hem-kontor-gym-stal-konstlader-svart-styrketraning\/#breadcrumb"},"inLanguage":"sv-SE","potentialAction":[{"@type":"ReadAction","target":["https:\/\/truusk.store\/sv\/produkt\/truusk-kort-hantelset-25kg-med-viktskivor-for-hem-kontor-gym-stal-konstlader-svart-styrketraning\/"]}]},{"@type":"ImageObject","inLanguage":"sv-SE","@id":"https:\/\/truusk.store\/sv\/produkt\/truusk-kort-hantelset-25kg-med-viktskivor-for-hem-kontor-gym-stal-konstlader-svart-styrketraning\/#primaryimage","url":"https:\/\/i0.wp.com\/truusk.store\/wp-content\/uploads\/2025\/06\/kort-hantelset-25kg-med-viktskivor-for-hem-kontor-gym-stal-konstlader-svart-styrketraning-1.webp?fit=2000%2C2000&ssl=1","contentUrl":"https:\/\/i0.wp.com\/truusk.store\/wp-content\/uploads\/2025\/06\/kort-hantelset-25kg-med-viktskivor-for-hem-kontor-gym-stal-konstlader-svart-styrketraning-1.webp?fit=2000%2C2000&ssl=1","width":2000,"height":2000},{"@type":"BreadcrumbList","@id":"https:\/\/truusk.store\/sv\/produkt\/truusk-kort-hantelset-25kg-med-viktskivor-for-hem-kontor-gym-stal-konstlader-svart-styrketraning\/#breadcrumb","itemListElement":[{"@type":"ListItem","position":1,"name":"Home","item":"https:\/\/truusk.store\/sv\/"},{"@type":"ListItem","position":2,"name":"Shop","item":"https:\/\/truusk.store\/shop\/"},{"@type":"ListItem","position":3,"name":"TRUUSK Kort Hantelset 25KG &#8211; Med Viktskivor &#8211; F\u00f6r Hem, Kontor, Gym &#8211; St\u00e5l, Konstl\u00e4der &#8211; Svart &#8211; Styrketr\u00e4ning"}]},{"@type":"WebSite","@id":"https:\/\/truusk.store\/sv\/#website","url":"https:\/\/truusk.store\/sv\/","name":"TRUUSK - Hem, Tr\u00e4dg\u00e5rd & Fritid","description":"","publisher":{"@id":"https:\/\/truusk.store\/sv\/#organization"},"potentialAction":[{"@type":"SearchAction","target":{"@type":"EntryPoint","urlTemplate":"https:\/\/truusk.store\/sv\/?s={search_term_string}"},"query-input":{"@type":"PropertyValueSpecification","valueRequired":true,"valueName":"search_term_string"}}],"inLanguage":"sv-SE"},{"@type":"Organization","@id":"https:\/\/truusk.store\/sv\/#organization","name":"TRUUSK - Hem, Tr\u00e4dg\u00e5rd & Fritid","url":"https:\/\/truusk.store\/sv\/","logo":{"@type":"ImageObject","inLanguage":"sv-SE","@id":"https:\/\/truusk.store\/sv\/#\/schema\/logo\/image\/","url":"https:\/\/i0.wp.com\/truusk.store\/wp-content\/uploads\/2026\/03\/cropped-TRUUSK.png?fit=2032%2C917&ssl=1","contentUrl":"https:\/\/i0.wp.com\/truusk.store\/wp-content\/uploads\/2026\/03\/cropped-TRUUSK.png?fit=2032%2C917&ssl=1","width":2032,"height":917,"caption":"TRUUSK - Hem, Tr\u00e4dg\u00e5rd & Fritid"},"image":{"@id":"https:\/\/truusk.store\/sv\/#\/schema\/logo\/image\/"}}]}},"jetpack_sharing_enabled":true,"_links":{"self":[{"href":"https:\/\/truusk.store\/sv\/wp-json\/wp\/v2\/product\/75673","targetHints":{"allow":["GET"]}}],"collection":[{"href":"https:\/\/truusk.store\/sv\/wp-json\/wp\/v2\/product"}],"about":[{"href":"https:\/\/truusk.store\/sv\/wp-json\/wp\/v2\/types\/product"}],"wp:featuredmedia":[{"embeddable":true,"href":"https:\/\/truusk.store\/sv\/wp-json\/wp\/v2\/media\/75664"}],"wp:attachment":[{"href":"https:\/\/truusk.store\/sv\/wp-json\/wp\/v2\/media?parent=75673"}],"wp:term":[{"taxonomy":"product_brand","embeddable":true,"href":"https:\/\/truusk.store\/sv\/wp-json\/wp\/v2\/product_brand?post=75673"},{"taxonomy":"product_cat","embeddable":true,"href":"https:\/\/truusk.store\/sv\/wp-json\/wp\/v2\/product_cat?post=75673"},{"taxonomy":"product_tag","embeddable":true,"href":"https:\/\/truusk.store\/sv\/wp-json\/wp\/v2\/product_tag?post=75673"}],"curies":[{"name":"wp","href":"https:\/\/api.w.org\/{rel}","templated":true}]}}