{"id":75703,"date":"2025-06-06T04:15:41","date_gmt":"2025-06-06T03:15:41","guid":{"rendered":"https:\/\/truusk.store\/product\/golvlampa-vardagsrum-golvlampa-med-linneskarm-staende-lampa-med-e27-sockel-fotbrytare-hojdjusterbar-baglampa-for-sovrum-svart-exkl-glodlampa\/"},"modified":"2026-03-12T08:44:07","modified_gmt":"2026-03-12T07:44:07","slug":"truusk-golvlampa-med-linneskarm-staende-lampa-med-fotbrytare-hojdjusterbar-baglampa-for-sovrum-svart-e27-sockel","status":"publish","type":"product","link":"https:\/\/truusk.store\/sv\/produkt\/truusk-golvlampa-med-linneskarm-staende-lampa-med-fotbrytare-hojdjusterbar-baglampa-for-sovrum-svart-e27-sockel\/","title":{"rendered":"TRUUSK Golvlampa Med Linnesk\u00e4rm &#8211; St\u00e5ende Lampa Med Fotbrytare &#8211; H\u00f6jdjusterbar B\u00e5glampa F\u00f6r Sovrum &#8211; Svart &#8211; E27-sockel"},"content":{"rendered":"<p>Upplev magin med TRUUSK LED-lampan, d\u00e4r tradition m\u00f6ter samtida design. Den dubbelskiktade lampsk\u00e4rmen av hamparep och svart metall ger ett varmt, inbjudande ljus i alla milj\u00f6er. Justera h\u00f6jden med l\u00e4tthet och aktivera ljuset med ett l\u00e4tt fottryck. Oavsett om det \u00e4r en elegant golvlampa i vardagsrummet eller en h\u00f6g lampa i ett h\u00f6rn &#8211; den berikar varje rum.<\/p>\n<p>Beskrivning:<\/p>\n<ul>\n<li> Dubbelskiktad lampsk\u00e4rm med hamparep och svart metall i klassisk lyktstil<\/li>\n<li> H\u00f6jden kan justeras f\u00f6r att m\u00f6ta olika krav<\/li>\n<li> Fotbrytare f\u00f6r bekv\u00e4m ljusstyrning<\/li>\n<li> Robust konstruktion av metall och marmor med lackerad finish<\/li>\n<li> Montering kr\u00e4vs<\/li>\n<\/ul>\n<p> Tekniska data:<\/p>\n<ul>\n<li> F\u00e4rg: Svart+Brun+Vit<\/li>\n<li> Material: Metall, Marmor, Linne, TC-tyg<\/li>\n<li> Totala dimensioner: 93L x 34B x 144-175H cm<\/li>\n<li> Yttre lampsk\u00e4rmstorlek: \u00d834 x 20H cm<\/li>\n<li> Inre lampsk\u00e4rmstorlek: \u00d828 x 19H cm<\/li>\n<li> Basstorlek: \u00d830 x 3,5H cm<\/li>\n<li> L\u00e4ngd p\u00e5 str\u00f6mkabel: 2 m<\/li>\n<li> Sockel: E27 sockel (ljusk\u00e4lla ing\u00e5r ej)<\/li>\n<li> Sp\u00e4nning: 220-240V, 50Hz<\/li>\n<li> Effekt: 40 W<\/li>\n<\/ul>\n<p>Leveransinneh\u00e5ll:<\/p>\n<ul>\n<li> 1 x Golvlampa<\/li>\n<li> 1 x Bruksanvisning<\/li>\n<\/ul>\n","protected":false},"excerpt":{"rendered":"<p>Upplev magin med TRUUSK LED-lampan, d\u00e4r tradition m\u00f6ter samtida design. Den dubbelskiktade lampsk\u00e4rmen av hamparep och svart metall ger ett&#8230;<\/p>\n","protected":false},"featured_media":75694,"template":"","meta":[],"product_brand":[],"product_cat":[486,907,871],"product_tag":[],"class_list":{"0":"post-75703","1":"product","2":"type-product","3":"status-publish","4":"has-post-thumbnail","6":"product_cat-belysning","7":"product_cat-golvlampor","8":"product_cat-hus-hem","10":"first","11":"instock","12":"sale","13":"taxable","14":"shipping-taxable","15":"purchasable","16":"product-type-simple"},"yoast_head":"<!-- This site is optimized with the Yoast SEO plugin v25.4 - https:\/\/yoast.com\/wordpress\/plugins\/seo\/ -->\n<title>TRUUSK Golvlampa Med Linnesk\u00e4rm - St\u00e5ende Lampa Med Fotbrytare - H\u00f6jdjusterbar B\u00e5glampa F\u00f6r Sovrum - Svart - E27-sockel - TRUUSK - Hem, Tr\u00e4dg\u00e5rd &amp; Fritid<\/title>\n<meta name=\"robots\" content=\"index, follow, max-snippet:-1, max-image-preview:large, max-video-preview:-1\" \/>\n<link rel=\"canonical\" href=\"https:\/\/truusk.store\/sv\/produkt\/truusk-golvlampa-med-linneskarm-staende-lampa-med-fotbrytare-hojdjusterbar-baglampa-for-sovrum-svart-e27-sockel\/\" \/>\n<meta property=\"og:locale\" content=\"sv_SE\" \/>\n<meta property=\"og:type\" content=\"article\" \/>\n<meta property=\"og:title\" content=\"TRUUSK Golvlampa Med Linnesk\u00e4rm - St\u00e5ende Lampa Med Fotbrytare - H\u00f6jdjusterbar B\u00e5glampa F\u00f6r Sovrum - Svart - E27-sockel - TRUUSK - Hem, Tr\u00e4dg\u00e5rd &amp; Fritid\" \/>\n<meta property=\"og:description\" content=\"Upplev magin med TRUUSK LED-lampan, d\u00e4r tradition m\u00f6ter samtida design. Den dubbelskiktade lampsk\u00e4rmen av hamparep och svart metall ger ett...\" \/>\n<meta property=\"og:url\" content=\"https:\/\/truusk.store\/sv\/produkt\/truusk-golvlampa-med-linneskarm-staende-lampa-med-fotbrytare-hojdjusterbar-baglampa-for-sovrum-svart-e27-sockel\/\" \/>\n<meta property=\"og:site_name\" content=\"TRUUSK - Hem, Tr\u00e4dg\u00e5rd &amp; Fritid\" \/>\n<meta property=\"article:modified_time\" content=\"2026-03-12T07:44:07+00:00\" \/>\n<meta property=\"og:image\" content=\"https:\/\/i0.wp.com\/truusk.se\/wp-content\/uploads\/2025\/06\/golvlampa-vardagsrum-golvlampa-med-linneskarm-staende-lampa-med-e27-sockel-fotbrytare-hojdjusterbar-baglampa-for-sovrum-svart-exkl-glodlampa-1.webp?fit=2000%2C2000&ssl=1\" \/>\n\t<meta property=\"og:image:width\" content=\"2000\" \/>\n\t<meta property=\"og:image:height\" content=\"2000\" \/>\n\t<meta property=\"og:image:type\" content=\"image\/webp\" \/>\n<meta name=\"twitter:card\" content=\"summary_large_image\" \/>\n<meta name=\"twitter:label1\" content=\"Ber\u00e4knad l\u00e4stid\" \/>\n\t<meta name=\"twitter:data1\" content=\"1 minut\" \/>\n<!-- \/ Yoast SEO plugin. -->","yoast_head_json":{"title":"TRUUSK Golvlampa Med Linnesk\u00e4rm - St\u00e5ende Lampa Med Fotbrytare - H\u00f6jdjusterbar B\u00e5glampa F\u00f6r Sovrum - Svart - E27-sockel - TRUUSK - Hem, Tr\u00e4dg\u00e5rd &amp; Fritid","robots":{"index":"index","follow":"follow","max-snippet":"max-snippet:-1","max-image-preview":"max-image-preview:large","max-video-preview":"max-video-preview:-1"},"canonical":"https:\/\/truusk.store\/sv\/produkt\/truusk-golvlampa-med-linneskarm-staende-lampa-med-fotbrytare-hojdjusterbar-baglampa-for-sovrum-svart-e27-sockel\/","og_locale":"sv_SE","og_type":"article","og_title":"TRUUSK Golvlampa Med Linnesk\u00e4rm - St\u00e5ende Lampa Med Fotbrytare - H\u00f6jdjusterbar B\u00e5glampa F\u00f6r Sovrum - Svart - E27-sockel - TRUUSK - Hem, Tr\u00e4dg\u00e5rd &amp; Fritid","og_description":"Upplev magin med TRUUSK LED-lampan, d\u00e4r tradition m\u00f6ter samtida design. Den dubbelskiktade lampsk\u00e4rmen av hamparep och svart metall ger ett...","og_url":"https:\/\/truusk.store\/sv\/produkt\/truusk-golvlampa-med-linneskarm-staende-lampa-med-fotbrytare-hojdjusterbar-baglampa-for-sovrum-svart-e27-sockel\/","og_site_name":"TRUUSK - Hem, Tr\u00e4dg\u00e5rd &amp; Fritid","article_modified_time":"2026-03-12T07:44:07+00:00","og_image":[{"width":2000,"height":2000,"url":"https:\/\/i0.wp.com\/truusk.se\/wp-content\/uploads\/2025\/06\/golvlampa-vardagsrum-golvlampa-med-linneskarm-staende-lampa-med-e27-sockel-fotbrytare-hojdjusterbar-baglampa-for-sovrum-svart-exkl-glodlampa-1.webp?fit=2000%2C2000&ssl=1","type":"image\/webp"}],"twitter_card":"summary_large_image","twitter_misc":{"Ber\u00e4knad l\u00e4stid":"1 minut"},"schema":{"@context":"https:\/\/schema.org","@graph":[{"@type":"WebPage","@id":"https:\/\/truusk.store\/sv\/produkt\/truusk-golvlampa-med-linneskarm-staende-lampa-med-fotbrytare-hojdjusterbar-baglampa-for-sovrum-svart-e27-sockel\/","url":"https:\/\/truusk.store\/sv\/produkt\/truusk-golvlampa-med-linneskarm-staende-lampa-med-fotbrytare-hojdjusterbar-baglampa-for-sovrum-svart-e27-sockel\/","name":"TRUUSK Golvlampa Med Linnesk\u00e4rm - St\u00e5ende Lampa Med Fotbrytare - H\u00f6jdjusterbar B\u00e5glampa F\u00f6r Sovrum - Svart - E27-sockel - TRUUSK - Hem, Tr\u00e4dg\u00e5rd &amp; Fritid","isPartOf":{"@id":"https:\/\/truusk.store\/sv\/#website"},"primaryImageOfPage":{"@id":"https:\/\/truusk.store\/sv\/produkt\/truusk-golvlampa-med-linneskarm-staende-lampa-med-fotbrytare-hojdjusterbar-baglampa-for-sovrum-svart-e27-sockel\/#primaryimage"},"image":{"@id":"https:\/\/truusk.store\/sv\/produkt\/truusk-golvlampa-med-linneskarm-staende-lampa-med-fotbrytare-hojdjusterbar-baglampa-for-sovrum-svart-e27-sockel\/#primaryimage"},"thumbnailUrl":"https:\/\/i0.wp.com\/truusk.store\/wp-content\/uploads\/2025\/06\/golvlampa-vardagsrum-golvlampa-med-linneskarm-staende-lampa-med-e27-sockel-fotbrytare-hojdjusterbar-baglampa-for-sovrum-svart-exkl-glodlampa-1.webp?fit=2000%2C2000&ssl=1","datePublished":"2025-06-06T03:15:41+00:00","dateModified":"2026-03-12T07:44:07+00:00","breadcrumb":{"@id":"https:\/\/truusk.store\/sv\/produkt\/truusk-golvlampa-med-linneskarm-staende-lampa-med-fotbrytare-hojdjusterbar-baglampa-for-sovrum-svart-e27-sockel\/#breadcrumb"},"inLanguage":"sv-SE","potentialAction":[{"@type":"ReadAction","target":["https:\/\/truusk.store\/sv\/produkt\/truusk-golvlampa-med-linneskarm-staende-lampa-med-fotbrytare-hojdjusterbar-baglampa-for-sovrum-svart-e27-sockel\/"]}]},{"@type":"ImageObject","inLanguage":"sv-SE","@id":"https:\/\/truusk.store\/sv\/produkt\/truusk-golvlampa-med-linneskarm-staende-lampa-med-fotbrytare-hojdjusterbar-baglampa-for-sovrum-svart-e27-sockel\/#primaryimage","url":"https:\/\/i0.wp.com\/truusk.store\/wp-content\/uploads\/2025\/06\/golvlampa-vardagsrum-golvlampa-med-linneskarm-staende-lampa-med-e27-sockel-fotbrytare-hojdjusterbar-baglampa-for-sovrum-svart-exkl-glodlampa-1.webp?fit=2000%2C2000&ssl=1","contentUrl":"https:\/\/i0.wp.com\/truusk.store\/wp-content\/uploads\/2025\/06\/golvlampa-vardagsrum-golvlampa-med-linneskarm-staende-lampa-med-e27-sockel-fotbrytare-hojdjusterbar-baglampa-for-sovrum-svart-exkl-glodlampa-1.webp?fit=2000%2C2000&ssl=1","width":2000,"height":2000},{"@type":"BreadcrumbList","@id":"https:\/\/truusk.store\/sv\/produkt\/truusk-golvlampa-med-linneskarm-staende-lampa-med-fotbrytare-hojdjusterbar-baglampa-for-sovrum-svart-e27-sockel\/#breadcrumb","itemListElement":[{"@type":"ListItem","position":1,"name":"Home","item":"https:\/\/truusk.store\/sv\/"},{"@type":"ListItem","position":2,"name":"Shop","item":"https:\/\/truusk.store\/shop\/"},{"@type":"ListItem","position":3,"name":"TRUUSK Golvlampa Med Linnesk\u00e4rm &#8211; St\u00e5ende Lampa Med Fotbrytare &#8211; H\u00f6jdjusterbar B\u00e5glampa F\u00f6r Sovrum &#8211; Svart &#8211; E27-sockel"}]},{"@type":"WebSite","@id":"https:\/\/truusk.store\/sv\/#website","url":"https:\/\/truusk.store\/sv\/","name":"TRUUSK - Hem, Tr\u00e4dg\u00e5rd & Fritid","description":"","publisher":{"@id":"https:\/\/truusk.store\/sv\/#organization"},"potentialAction":[{"@type":"SearchAction","target":{"@type":"EntryPoint","urlTemplate":"https:\/\/truusk.store\/sv\/?s={search_term_string}"},"query-input":{"@type":"PropertyValueSpecification","valueRequired":true,"valueName":"search_term_string"}}],"inLanguage":"sv-SE"},{"@type":"Organization","@id":"https:\/\/truusk.store\/sv\/#organization","name":"TRUUSK - Hem, Tr\u00e4dg\u00e5rd & Fritid","url":"https:\/\/truusk.store\/sv\/","logo":{"@type":"ImageObject","inLanguage":"sv-SE","@id":"https:\/\/truusk.store\/sv\/#\/schema\/logo\/image\/","url":"https:\/\/i0.wp.com\/truusk.store\/wp-content\/uploads\/2026\/03\/cropped-TRUUSK.png?fit=2032%2C917&ssl=1","contentUrl":"https:\/\/i0.wp.com\/truusk.store\/wp-content\/uploads\/2026\/03\/cropped-TRUUSK.png?fit=2032%2C917&ssl=1","width":2032,"height":917,"caption":"TRUUSK - Hem, Tr\u00e4dg\u00e5rd & Fritid"},"image":{"@id":"https:\/\/truusk.store\/sv\/#\/schema\/logo\/image\/"}}]}},"jetpack_sharing_enabled":true,"_links":{"self":[{"href":"https:\/\/truusk.store\/sv\/wp-json\/wp\/v2\/product\/75703","targetHints":{"allow":["GET"]}}],"collection":[{"href":"https:\/\/truusk.store\/sv\/wp-json\/wp\/v2\/product"}],"about":[{"href":"https:\/\/truusk.store\/sv\/wp-json\/wp\/v2\/types\/product"}],"wp:featuredmedia":[{"embeddable":true,"href":"https:\/\/truusk.store\/sv\/wp-json\/wp\/v2\/media\/75694"}],"wp:attachment":[{"href":"https:\/\/truusk.store\/sv\/wp-json\/wp\/v2\/media?parent=75703"}],"wp:term":[{"taxonomy":"product_brand","embeddable":true,"href":"https:\/\/truusk.store\/sv\/wp-json\/wp\/v2\/product_brand?post=75703"},{"taxonomy":"product_cat","embeddable":true,"href":"https:\/\/truusk.store\/sv\/wp-json\/wp\/v2\/product_cat?post=75703"},{"taxonomy":"product_tag","embeddable":true,"href":"https:\/\/truusk.store\/sv\/wp-json\/wp\/v2\/product_tag?post=75703"}],"curies":[{"name":"wp","href":"https:\/\/api.w.org\/{rel}","templated":true}]}}