{"id":75713,"date":"2025-06-06T04:16:44","date_gmt":"2025-06-06T03:16:44","guid":{"rendered":"https:\/\/truusk.store\/product\/golvlampa-staende-lampa-med-3-fack-e27-sockel-staende-lampa-med-tyg-lampskarm-usb-a-usb-c-anslutningar-for-vardagsrum-vitsvart-exkl-glodlampa\/"},"modified":"2026-03-12T08:43:20","modified_gmt":"2026-03-12T07:43:20","slug":"truusk-golvlampa-med-3-fack-staende-lampa-med-tygskarm-usb-anslutningar-vit-svart-exkl-glodlampa","status":"publish","type":"product","link":"https:\/\/truusk.store\/sv\/produkt\/truusk-golvlampa-med-3-fack-staende-lampa-med-tygskarm-usb-anslutningar-vit-svart-exkl-glodlampa\/","title":{"rendered":"TRUUSK Golvlampa med 3 fack &#8211; St\u00e5ende lampa med tygsk\u00e4rm &#8211; USB-anslutningar &#8211; Vit\/Svart &#8211; Exkl. Gl\u00f6dlampa"},"content":{"rendered":"<p>Belys ditt rum stilfullt med TRUUSK golvlampan, som kombinerar funktionalitet och elegans. Med inbyggda USB-A- och USB-C-portar samt en anv\u00e4ndbar uttag h\u00e5ller dina enheter alltid redo att anv\u00e4ndas. En trestegshylla och en smart designad l\u00e5da ger ordning och reda. Fotomkopplaren \u00f6kar komforten och passar s\u00f6ml\u00f6st in i moderna boendekoncept.<\/p>\n<p>Beskrivning:<\/p>\n<ul>\n<li> Utrustad med USB-A, USB-C-portar och ett uttag f\u00f6r enkel laddning<\/li>\n<li> Trestegshylla med en extra l\u00e5da f\u00f6r gener\u00f6st f\u00f6rvaringsutrymme<\/li>\n<li> Fotomkopplarkontroll f\u00f6r bekv\u00e4m anv\u00e4ndning<\/li>\n<li> E27 lampsockel, kompatibel med olika typer av gl\u00f6dlampor<\/li>\n<li> MDF-platta med tr\u00e4\u00e5dringseffekt-faner f\u00f6r ett minimalistiskt utseende<\/li>\n<li> Robust ram av MDF och plywood garanterar l\u00e5ngvarig anv\u00e4ndning<\/li>\n<li> Montering kr\u00e4vs<\/li>\n<\/ul>\n<p> Tekniska data:<\/p>\n<ul>\n<li> F\u00e4rg: Svart+Vit<\/li>\n<li> Material: MDF, Plywood<\/li>\n<li> Totala dimensioner: 26L x 26B x 159H cm<\/li>\n<li> Lampsk\u00e4rmsstorlek: 26L x 26B x 35H cm<\/li>\n<li> Hyllstorlek: 26L x 26B x 39H cm<\/li>\n<li> Kabell\u00e4ngd: 1,8 m<\/li>\n<li> Belastningskapacitet: 3 kg<\/li>\n<li> Sockel: E27 (gl\u00f6dlampa ing\u00e5r ej)<\/li>\n<li> Gl\u00f6dlampans effekt: 40W<\/li>\n<li> Ing\u00e5ng\/Utg\u00e5ng: 220-240V, 50Hz<\/li>\n<\/ul>\n<p>Leveransinneh\u00e5ll:<\/p>\n<ul>\n<li> 1 x Golvlampa<\/li>\n<li> 1 x Bruksanvisning<\/li>\n<\/ul>\n","protected":false},"excerpt":{"rendered":"<p>Belys ditt rum stilfullt med TRUUSK golvlampan, som kombinerar funktionalitet och elegans. Med inbyggda USB-A- och USB-C-portar samt en anv\u00e4ndbar&#8230;<\/p>\n","protected":false},"featured_media":75704,"template":"","meta":[],"product_brand":[],"product_cat":[486,907,871],"product_tag":[],"class_list":{"0":"post-75713","1":"product","2":"type-product","3":"status-publish","4":"has-post-thumbnail","6":"product_cat-belysning","7":"product_cat-golvlampor","8":"product_cat-hus-hem","10":"first","11":"instock","12":"sale","13":"taxable","14":"shipping-taxable","15":"purchasable","16":"product-type-simple"},"yoast_head":"<!-- This site is optimized with the Yoast SEO plugin v25.4 - https:\/\/yoast.com\/wordpress\/plugins\/seo\/ -->\n<title>TRUUSK Golvlampa med 3 fack - St\u00e5ende lampa med tygsk\u00e4rm - USB-anslutningar - Vit\/Svart - Exkl. Gl\u00f6dlampa - TRUUSK - Hem, Tr\u00e4dg\u00e5rd &amp; Fritid<\/title>\n<meta name=\"robots\" content=\"index, follow, max-snippet:-1, max-image-preview:large, max-video-preview:-1\" \/>\n<link rel=\"canonical\" href=\"https:\/\/truusk.store\/sv\/produkt\/truusk-golvlampa-med-3-fack-staende-lampa-med-tygskarm-usb-anslutningar-vit-svart-exkl-glodlampa\/\" \/>\n<meta property=\"og:locale\" content=\"sv_SE\" \/>\n<meta property=\"og:type\" content=\"article\" \/>\n<meta property=\"og:title\" content=\"TRUUSK Golvlampa med 3 fack - St\u00e5ende lampa med tygsk\u00e4rm - USB-anslutningar - Vit\/Svart - Exkl. Gl\u00f6dlampa - TRUUSK - Hem, Tr\u00e4dg\u00e5rd &amp; Fritid\" \/>\n<meta property=\"og:description\" content=\"Belys ditt rum stilfullt med TRUUSK golvlampan, som kombinerar funktionalitet och elegans. Med inbyggda USB-A- och USB-C-portar samt en anv\u00e4ndbar...\" \/>\n<meta property=\"og:url\" content=\"https:\/\/truusk.store\/sv\/produkt\/truusk-golvlampa-med-3-fack-staende-lampa-med-tygskarm-usb-anslutningar-vit-svart-exkl-glodlampa\/\" \/>\n<meta property=\"og:site_name\" content=\"TRUUSK - Hem, Tr\u00e4dg\u00e5rd &amp; Fritid\" \/>\n<meta property=\"article:modified_time\" content=\"2026-03-12T07:43:20+00:00\" \/>\n<meta property=\"og:image\" content=\"https:\/\/i0.wp.com\/truusk.se\/wp-content\/uploads\/2025\/06\/golvlampa-staende-lampa-med-3-fack-e27-sockel-staende-lampa-med-tyg-lampskarm-usb-a-usb-c-anslutningar-for-vardagsrum-vitsvart-exkl-glodlampa-1.webp?fit=2000%2C2000&ssl=1\" \/>\n\t<meta property=\"og:image:width\" content=\"2000\" \/>\n\t<meta property=\"og:image:height\" content=\"2000\" \/>\n\t<meta property=\"og:image:type\" content=\"image\/webp\" \/>\n<meta name=\"twitter:card\" content=\"summary_large_image\" \/>\n<meta name=\"twitter:label1\" content=\"Ber\u00e4knad l\u00e4stid\" \/>\n\t<meta name=\"twitter:data1\" content=\"1 minut\" \/>\n<!-- \/ Yoast SEO plugin. -->","yoast_head_json":{"title":"TRUUSK Golvlampa med 3 fack - St\u00e5ende lampa med tygsk\u00e4rm - USB-anslutningar - Vit\/Svart - Exkl. Gl\u00f6dlampa - TRUUSK - Hem, Tr\u00e4dg\u00e5rd &amp; Fritid","robots":{"index":"index","follow":"follow","max-snippet":"max-snippet:-1","max-image-preview":"max-image-preview:large","max-video-preview":"max-video-preview:-1"},"canonical":"https:\/\/truusk.store\/sv\/produkt\/truusk-golvlampa-med-3-fack-staende-lampa-med-tygskarm-usb-anslutningar-vit-svart-exkl-glodlampa\/","og_locale":"sv_SE","og_type":"article","og_title":"TRUUSK Golvlampa med 3 fack - St\u00e5ende lampa med tygsk\u00e4rm - USB-anslutningar - Vit\/Svart - Exkl. Gl\u00f6dlampa - TRUUSK - Hem, Tr\u00e4dg\u00e5rd &amp; Fritid","og_description":"Belys ditt rum stilfullt med TRUUSK golvlampan, som kombinerar funktionalitet och elegans. Med inbyggda USB-A- och USB-C-portar samt en anv\u00e4ndbar...","og_url":"https:\/\/truusk.store\/sv\/produkt\/truusk-golvlampa-med-3-fack-staende-lampa-med-tygskarm-usb-anslutningar-vit-svart-exkl-glodlampa\/","og_site_name":"TRUUSK - Hem, Tr\u00e4dg\u00e5rd &amp; Fritid","article_modified_time":"2026-03-12T07:43:20+00:00","og_image":[{"width":2000,"height":2000,"url":"https:\/\/i0.wp.com\/truusk.se\/wp-content\/uploads\/2025\/06\/golvlampa-staende-lampa-med-3-fack-e27-sockel-staende-lampa-med-tyg-lampskarm-usb-a-usb-c-anslutningar-for-vardagsrum-vitsvart-exkl-glodlampa-1.webp?fit=2000%2C2000&ssl=1","type":"image\/webp"}],"twitter_card":"summary_large_image","twitter_misc":{"Ber\u00e4knad l\u00e4stid":"1 minut"},"schema":{"@context":"https:\/\/schema.org","@graph":[{"@type":"WebPage","@id":"https:\/\/truusk.store\/sv\/produkt\/truusk-golvlampa-med-3-fack-staende-lampa-med-tygskarm-usb-anslutningar-vit-svart-exkl-glodlampa\/","url":"https:\/\/truusk.store\/sv\/produkt\/truusk-golvlampa-med-3-fack-staende-lampa-med-tygskarm-usb-anslutningar-vit-svart-exkl-glodlampa\/","name":"TRUUSK Golvlampa med 3 fack - St\u00e5ende lampa med tygsk\u00e4rm - USB-anslutningar - Vit\/Svart - Exkl. Gl\u00f6dlampa - TRUUSK - Hem, Tr\u00e4dg\u00e5rd &amp; Fritid","isPartOf":{"@id":"https:\/\/truusk.store\/sv\/#website"},"primaryImageOfPage":{"@id":"https:\/\/truusk.store\/sv\/produkt\/truusk-golvlampa-med-3-fack-staende-lampa-med-tygskarm-usb-anslutningar-vit-svart-exkl-glodlampa\/#primaryimage"},"image":{"@id":"https:\/\/truusk.store\/sv\/produkt\/truusk-golvlampa-med-3-fack-staende-lampa-med-tygskarm-usb-anslutningar-vit-svart-exkl-glodlampa\/#primaryimage"},"thumbnailUrl":"https:\/\/i0.wp.com\/truusk.store\/wp-content\/uploads\/2025\/06\/golvlampa-staende-lampa-med-3-fack-e27-sockel-staende-lampa-med-tyg-lampskarm-usb-a-usb-c-anslutningar-for-vardagsrum-vitsvart-exkl-glodlampa-1.webp?fit=2000%2C2000&ssl=1","datePublished":"2025-06-06T03:16:44+00:00","dateModified":"2026-03-12T07:43:20+00:00","breadcrumb":{"@id":"https:\/\/truusk.store\/sv\/produkt\/truusk-golvlampa-med-3-fack-staende-lampa-med-tygskarm-usb-anslutningar-vit-svart-exkl-glodlampa\/#breadcrumb"},"inLanguage":"sv-SE","potentialAction":[{"@type":"ReadAction","target":["https:\/\/truusk.store\/sv\/produkt\/truusk-golvlampa-med-3-fack-staende-lampa-med-tygskarm-usb-anslutningar-vit-svart-exkl-glodlampa\/"]}]},{"@type":"ImageObject","inLanguage":"sv-SE","@id":"https:\/\/truusk.store\/sv\/produkt\/truusk-golvlampa-med-3-fack-staende-lampa-med-tygskarm-usb-anslutningar-vit-svart-exkl-glodlampa\/#primaryimage","url":"https:\/\/i0.wp.com\/truusk.store\/wp-content\/uploads\/2025\/06\/golvlampa-staende-lampa-med-3-fack-e27-sockel-staende-lampa-med-tyg-lampskarm-usb-a-usb-c-anslutningar-for-vardagsrum-vitsvart-exkl-glodlampa-1.webp?fit=2000%2C2000&ssl=1","contentUrl":"https:\/\/i0.wp.com\/truusk.store\/wp-content\/uploads\/2025\/06\/golvlampa-staende-lampa-med-3-fack-e27-sockel-staende-lampa-med-tyg-lampskarm-usb-a-usb-c-anslutningar-for-vardagsrum-vitsvart-exkl-glodlampa-1.webp?fit=2000%2C2000&ssl=1","width":2000,"height":2000},{"@type":"BreadcrumbList","@id":"https:\/\/truusk.store\/sv\/produkt\/truusk-golvlampa-med-3-fack-staende-lampa-med-tygskarm-usb-anslutningar-vit-svart-exkl-glodlampa\/#breadcrumb","itemListElement":[{"@type":"ListItem","position":1,"name":"Home","item":"https:\/\/truusk.store\/sv\/"},{"@type":"ListItem","position":2,"name":"Shop","item":"https:\/\/truusk.store\/shop\/"},{"@type":"ListItem","position":3,"name":"TRUUSK Golvlampa med 3 fack &#8211; St\u00e5ende lampa med tygsk\u00e4rm &#8211; USB-anslutningar &#8211; Vit\/Svart &#8211; Exkl. Gl\u00f6dlampa"}]},{"@type":"WebSite","@id":"https:\/\/truusk.store\/sv\/#website","url":"https:\/\/truusk.store\/sv\/","name":"TRUUSK - Hem, Tr\u00e4dg\u00e5rd & Fritid","description":"","publisher":{"@id":"https:\/\/truusk.store\/sv\/#organization"},"potentialAction":[{"@type":"SearchAction","target":{"@type":"EntryPoint","urlTemplate":"https:\/\/truusk.store\/sv\/?s={search_term_string}"},"query-input":{"@type":"PropertyValueSpecification","valueRequired":true,"valueName":"search_term_string"}}],"inLanguage":"sv-SE"},{"@type":"Organization","@id":"https:\/\/truusk.store\/sv\/#organization","name":"TRUUSK - Hem, Tr\u00e4dg\u00e5rd & Fritid","url":"https:\/\/truusk.store\/sv\/","logo":{"@type":"ImageObject","inLanguage":"sv-SE","@id":"https:\/\/truusk.store\/sv\/#\/schema\/logo\/image\/","url":"https:\/\/i0.wp.com\/truusk.store\/wp-content\/uploads\/2026\/03\/cropped-TRUUSK.png?fit=2032%2C917&ssl=1","contentUrl":"https:\/\/i0.wp.com\/truusk.store\/wp-content\/uploads\/2026\/03\/cropped-TRUUSK.png?fit=2032%2C917&ssl=1","width":2032,"height":917,"caption":"TRUUSK - Hem, Tr\u00e4dg\u00e5rd & Fritid"},"image":{"@id":"https:\/\/truusk.store\/sv\/#\/schema\/logo\/image\/"}}]}},"jetpack_sharing_enabled":true,"_links":{"self":[{"href":"https:\/\/truusk.store\/sv\/wp-json\/wp\/v2\/product\/75713","targetHints":{"allow":["GET"]}}],"collection":[{"href":"https:\/\/truusk.store\/sv\/wp-json\/wp\/v2\/product"}],"about":[{"href":"https:\/\/truusk.store\/sv\/wp-json\/wp\/v2\/types\/product"}],"wp:featuredmedia":[{"embeddable":true,"href":"https:\/\/truusk.store\/sv\/wp-json\/wp\/v2\/media\/75704"}],"wp:attachment":[{"href":"https:\/\/truusk.store\/sv\/wp-json\/wp\/v2\/media?parent=75713"}],"wp:term":[{"taxonomy":"product_brand","embeddable":true,"href":"https:\/\/truusk.store\/sv\/wp-json\/wp\/v2\/product_brand?post=75713"},{"taxonomy":"product_cat","embeddable":true,"href":"https:\/\/truusk.store\/sv\/wp-json\/wp\/v2\/product_cat?post=75713"},{"taxonomy":"product_tag","embeddable":true,"href":"https:\/\/truusk.store\/sv\/wp-json\/wp\/v2\/product_tag?post=75713"}],"curies":[{"name":"wp","href":"https:\/\/api.w.org\/{rel}","templated":true}]}}