{"id":75743,"date":"2025-06-06T04:19:34","date_gmt":"2025-06-06T03:19:34","guid":{"rendered":"https:\/\/truusk.store\/product\/2-pack-konstgjord-lavendel-60-cm-konstgjorda-vaxter-med-uv-skydd-konstvaxt-som-ser-akta-ut-med-markpinnar-for-sovrum-vardagsrum-kontor-tradgard-modern-dekoration\/"},"modified":"2026-03-12T08:44:34","modified_gmt":"2026-03-12T07:44:34","slug":"truusk-2-pack-konstgjord-lavendel-60-cm-uv-skydd-akta-utseende-markpinnar-modern-dekoration-for-inomhus-och-utomhus","status":"publish","type":"product","link":"https:\/\/truusk.store\/sv\/produkt\/truusk-2-pack-konstgjord-lavendel-60-cm-uv-skydd-akta-utseende-markpinnar-modern-dekoration-for-inomhus-och-utomhus\/","title":{"rendered":"TRUUSK 2-pack Konstgjord Lavendel 60 Cm &#8211; UV-skydd &#8211; \u00c4kta Utseende &#8211; Markpinnar &#8211; Modern Dekoration &#8211; F\u00f6r Inomhus och Utomhus &#8211;"},"content":{"rendered":"<p>Forma om din omgivning med de konstgjorda lavendeltr\u00e4den fr\u00e5n TRUUSK! Varje set inneh\u00e5ller tv\u00e5 tr\u00e4d med 454 blad och 228 blommor vardera, vilket skapar en livlig och naturtrogen atmosf\u00e4r. Perfekt f\u00f6r alla platser, fr\u00e5n terrassen till balkongen, dessa UV-resistenta konstv\u00e4xter \u00e4r l\u00e4tta att sk\u00f6ta och ger gl\u00e4dje \u00e5ret runt utan vattning eller besk\u00e4rning!<\/p>\n<p>Beskrivning:<\/p>\n<ul>\n<li> Tv\u00e5delat set f\u00f6rb\u00e4ttrar inredningen med realistiska lavendeltr\u00e4d<\/li>\n<li> Varje tr\u00e4d presenterar 454 blad och 228 blommor<\/li>\n<li> Inkluderar jordspett f\u00f6r enkel placering var som helst<\/li>\n<li> UV-skyddsmaterial skyddar mot solskador<\/li>\n<li> Enkel sk\u00f6tsel, ingen vattning eller besk\u00e4rning kr\u00e4vs<\/li>\n<li> L\u00e4mplig f\u00f6r uppfarter, terrasser, balkonger eller inomhus<\/li>\n<li> Enkel montering<\/li>\n<\/ul>\n<p> Tekniska data:<\/p>\n<ul>\n<li> F\u00e4rg: Lila+Gr\u00f6n<\/li>\n<li> Material: PE<\/li>\n<li> Typ: Lavendel<\/li>\n<li> Totala dimensioner: \u00d840 x 60H cm<\/li>\n<li> Jordspettsdimensioner: \u00d811,5 x 16H cm<\/li>\n<\/ul>\n<p>Leveransinneh\u00e5ll:<\/p>\n<ul>\n<li> 2 x Konstgjord v\u00e4xt;<\/li>\n<\/ul>\n","protected":false},"excerpt":{"rendered":"<p>Forma om din omgivning med de konstgjorda lavendeltr\u00e4den fr\u00e5n TRUUSK! Varje set inneh\u00e5ller tv\u00e5 tr\u00e4d med 454 blad och 228&#8230;<\/p>\n","protected":false},"featured_media":75734,"template":"","meta":[],"product_brand":[],"product_cat":[962,871,681],"product_tag":[],"class_list":{"0":"post-75743","1":"product","2":"type-product","3":"status-publish","4":"has-post-thumbnail","6":"product_cat-dekoration","7":"product_cat-hus-hem","8":"product_cat-konstgjorda-vaxter","10":"first","11":"instock","12":"sale","13":"taxable","14":"shipping-taxable","15":"purchasable","16":"product-type-simple"},"yoast_head":"<!-- This site is optimized with the Yoast SEO plugin v25.4 - https:\/\/yoast.com\/wordpress\/plugins\/seo\/ -->\n<title>TRUUSK 2-pack Konstgjord Lavendel 60 Cm - UV-skydd - \u00c4kta Utseende - Markpinnar - Modern Dekoration - F\u00f6r Inomhus och Utomhus - TRUUSK - Hem, Tr\u00e4dg\u00e5rd &amp; Fritid<\/title>\n<meta name=\"robots\" content=\"index, follow, max-snippet:-1, max-image-preview:large, max-video-preview:-1\" \/>\n<link rel=\"canonical\" href=\"https:\/\/truusk.store\/sv\/produkt\/truusk-2-pack-konstgjord-lavendel-60-cm-uv-skydd-akta-utseende-markpinnar-modern-dekoration-for-inomhus-och-utomhus\/\" \/>\n<meta property=\"og:locale\" content=\"sv_SE\" \/>\n<meta property=\"og:type\" content=\"article\" \/>\n<meta property=\"og:title\" content=\"TRUUSK 2-pack Konstgjord Lavendel 60 Cm - UV-skydd - \u00c4kta Utseende - Markpinnar - Modern Dekoration - F\u00f6r Inomhus och Utomhus - TRUUSK - Hem, Tr\u00e4dg\u00e5rd &amp; Fritid\" \/>\n<meta property=\"og:description\" content=\"Forma om din omgivning med de konstgjorda lavendeltr\u00e4den fr\u00e5n TRUUSK! Varje set inneh\u00e5ller tv\u00e5 tr\u00e4d med 454 blad och 228...\" \/>\n<meta property=\"og:url\" content=\"https:\/\/truusk.store\/sv\/produkt\/truusk-2-pack-konstgjord-lavendel-60-cm-uv-skydd-akta-utseende-markpinnar-modern-dekoration-for-inomhus-och-utomhus\/\" \/>\n<meta property=\"og:site_name\" content=\"TRUUSK - Hem, Tr\u00e4dg\u00e5rd &amp; Fritid\" \/>\n<meta property=\"article:modified_time\" content=\"2026-03-12T07:44:34+00:00\" \/>\n<meta property=\"og:image\" content=\"https:\/\/i0.wp.com\/truusk.se\/wp-content\/uploads\/2025\/06\/2-pack-konstgjord-lavendel-60-cm-konstgjorda-vaxter-med-uv-skydd-konstvaxt-som-ser-akta-ut-med-markpinnar-for-sovrum-vardagsrum-kontor-tradgard-modern-dekoration-1.webp?fit=2000%2C2000&ssl=1\" \/>\n\t<meta property=\"og:image:width\" content=\"2000\" \/>\n\t<meta property=\"og:image:height\" content=\"2000\" \/>\n\t<meta property=\"og:image:type\" content=\"image\/webp\" \/>\n<meta name=\"twitter:card\" content=\"summary_large_image\" \/>\n<meta name=\"twitter:label1\" content=\"Ber\u00e4knad l\u00e4stid\" \/>\n\t<meta name=\"twitter:data1\" content=\"1 minut\" \/>\n<!-- \/ Yoast SEO plugin. -->","yoast_head_json":{"title":"TRUUSK 2-pack Konstgjord Lavendel 60 Cm - UV-skydd - \u00c4kta Utseende - Markpinnar - Modern Dekoration - F\u00f6r Inomhus och Utomhus - TRUUSK - Hem, Tr\u00e4dg\u00e5rd &amp; Fritid","robots":{"index":"index","follow":"follow","max-snippet":"max-snippet:-1","max-image-preview":"max-image-preview:large","max-video-preview":"max-video-preview:-1"},"canonical":"https:\/\/truusk.store\/sv\/produkt\/truusk-2-pack-konstgjord-lavendel-60-cm-uv-skydd-akta-utseende-markpinnar-modern-dekoration-for-inomhus-och-utomhus\/","og_locale":"sv_SE","og_type":"article","og_title":"TRUUSK 2-pack Konstgjord Lavendel 60 Cm - UV-skydd - \u00c4kta Utseende - Markpinnar - Modern Dekoration - F\u00f6r Inomhus och Utomhus - TRUUSK - Hem, Tr\u00e4dg\u00e5rd &amp; Fritid","og_description":"Forma om din omgivning med de konstgjorda lavendeltr\u00e4den fr\u00e5n TRUUSK! Varje set inneh\u00e5ller tv\u00e5 tr\u00e4d med 454 blad och 228...","og_url":"https:\/\/truusk.store\/sv\/produkt\/truusk-2-pack-konstgjord-lavendel-60-cm-uv-skydd-akta-utseende-markpinnar-modern-dekoration-for-inomhus-och-utomhus\/","og_site_name":"TRUUSK - Hem, Tr\u00e4dg\u00e5rd &amp; Fritid","article_modified_time":"2026-03-12T07:44:34+00:00","og_image":[{"width":2000,"height":2000,"url":"https:\/\/i0.wp.com\/truusk.se\/wp-content\/uploads\/2025\/06\/2-pack-konstgjord-lavendel-60-cm-konstgjorda-vaxter-med-uv-skydd-konstvaxt-som-ser-akta-ut-med-markpinnar-for-sovrum-vardagsrum-kontor-tradgard-modern-dekoration-1.webp?fit=2000%2C2000&ssl=1","type":"image\/webp"}],"twitter_card":"summary_large_image","twitter_misc":{"Ber\u00e4knad l\u00e4stid":"1 minut"},"schema":{"@context":"https:\/\/schema.org","@graph":[{"@type":"WebPage","@id":"https:\/\/truusk.store\/sv\/produkt\/truusk-2-pack-konstgjord-lavendel-60-cm-uv-skydd-akta-utseende-markpinnar-modern-dekoration-for-inomhus-och-utomhus\/","url":"https:\/\/truusk.store\/sv\/produkt\/truusk-2-pack-konstgjord-lavendel-60-cm-uv-skydd-akta-utseende-markpinnar-modern-dekoration-for-inomhus-och-utomhus\/","name":"TRUUSK 2-pack Konstgjord Lavendel 60 Cm - UV-skydd - \u00c4kta Utseende - Markpinnar - Modern Dekoration - F\u00f6r Inomhus och Utomhus - TRUUSK - Hem, Tr\u00e4dg\u00e5rd &amp; Fritid","isPartOf":{"@id":"https:\/\/truusk.store\/sv\/#website"},"primaryImageOfPage":{"@id":"https:\/\/truusk.store\/sv\/produkt\/truusk-2-pack-konstgjord-lavendel-60-cm-uv-skydd-akta-utseende-markpinnar-modern-dekoration-for-inomhus-och-utomhus\/#primaryimage"},"image":{"@id":"https:\/\/truusk.store\/sv\/produkt\/truusk-2-pack-konstgjord-lavendel-60-cm-uv-skydd-akta-utseende-markpinnar-modern-dekoration-for-inomhus-och-utomhus\/#primaryimage"},"thumbnailUrl":"https:\/\/i0.wp.com\/truusk.store\/wp-content\/uploads\/2025\/06\/2-pack-konstgjord-lavendel-60-cm-konstgjorda-vaxter-med-uv-skydd-konstvaxt-som-ser-akta-ut-med-markpinnar-for-sovrum-vardagsrum-kontor-tradgard-modern-dekoration-1.webp?fit=2000%2C2000&ssl=1","datePublished":"2025-06-06T03:19:34+00:00","dateModified":"2026-03-12T07:44:34+00:00","breadcrumb":{"@id":"https:\/\/truusk.store\/sv\/produkt\/truusk-2-pack-konstgjord-lavendel-60-cm-uv-skydd-akta-utseende-markpinnar-modern-dekoration-for-inomhus-och-utomhus\/#breadcrumb"},"inLanguage":"sv-SE","potentialAction":[{"@type":"ReadAction","target":["https:\/\/truusk.store\/sv\/produkt\/truusk-2-pack-konstgjord-lavendel-60-cm-uv-skydd-akta-utseende-markpinnar-modern-dekoration-for-inomhus-och-utomhus\/"]}]},{"@type":"ImageObject","inLanguage":"sv-SE","@id":"https:\/\/truusk.store\/sv\/produkt\/truusk-2-pack-konstgjord-lavendel-60-cm-uv-skydd-akta-utseende-markpinnar-modern-dekoration-for-inomhus-och-utomhus\/#primaryimage","url":"https:\/\/i0.wp.com\/truusk.store\/wp-content\/uploads\/2025\/06\/2-pack-konstgjord-lavendel-60-cm-konstgjorda-vaxter-med-uv-skydd-konstvaxt-som-ser-akta-ut-med-markpinnar-for-sovrum-vardagsrum-kontor-tradgard-modern-dekoration-1.webp?fit=2000%2C2000&ssl=1","contentUrl":"https:\/\/i0.wp.com\/truusk.store\/wp-content\/uploads\/2025\/06\/2-pack-konstgjord-lavendel-60-cm-konstgjorda-vaxter-med-uv-skydd-konstvaxt-som-ser-akta-ut-med-markpinnar-for-sovrum-vardagsrum-kontor-tradgard-modern-dekoration-1.webp?fit=2000%2C2000&ssl=1","width":2000,"height":2000},{"@type":"BreadcrumbList","@id":"https:\/\/truusk.store\/sv\/produkt\/truusk-2-pack-konstgjord-lavendel-60-cm-uv-skydd-akta-utseende-markpinnar-modern-dekoration-for-inomhus-och-utomhus\/#breadcrumb","itemListElement":[{"@type":"ListItem","position":1,"name":"Home","item":"https:\/\/truusk.store\/sv\/"},{"@type":"ListItem","position":2,"name":"Shop","item":"https:\/\/truusk.store\/shop\/"},{"@type":"ListItem","position":3,"name":"TRUUSK 2-pack Konstgjord Lavendel 60 Cm &#8211; UV-skydd &#8211; \u00c4kta Utseende &#8211; Markpinnar &#8211; Modern Dekoration &#8211; F\u00f6r Inomhus och Utomhus &#8211;"}]},{"@type":"WebSite","@id":"https:\/\/truusk.store\/sv\/#website","url":"https:\/\/truusk.store\/sv\/","name":"TRUUSK - Hem, Tr\u00e4dg\u00e5rd & Fritid","description":"","publisher":{"@id":"https:\/\/truusk.store\/sv\/#organization"},"potentialAction":[{"@type":"SearchAction","target":{"@type":"EntryPoint","urlTemplate":"https:\/\/truusk.store\/sv\/?s={search_term_string}"},"query-input":{"@type":"PropertyValueSpecification","valueRequired":true,"valueName":"search_term_string"}}],"inLanguage":"sv-SE"},{"@type":"Organization","@id":"https:\/\/truusk.store\/sv\/#organization","name":"TRUUSK - Hem, Tr\u00e4dg\u00e5rd & Fritid","url":"https:\/\/truusk.store\/sv\/","logo":{"@type":"ImageObject","inLanguage":"sv-SE","@id":"https:\/\/truusk.store\/sv\/#\/schema\/logo\/image\/","url":"https:\/\/i0.wp.com\/truusk.store\/wp-content\/uploads\/2026\/03\/cropped-TRUUSK.png?fit=2032%2C917&ssl=1","contentUrl":"https:\/\/i0.wp.com\/truusk.store\/wp-content\/uploads\/2026\/03\/cropped-TRUUSK.png?fit=2032%2C917&ssl=1","width":2032,"height":917,"caption":"TRUUSK - Hem, Tr\u00e4dg\u00e5rd & Fritid"},"image":{"@id":"https:\/\/truusk.store\/sv\/#\/schema\/logo\/image\/"}}]}},"jetpack_sharing_enabled":true,"_links":{"self":[{"href":"https:\/\/truusk.store\/sv\/wp-json\/wp\/v2\/product\/75743","targetHints":{"allow":["GET"]}}],"collection":[{"href":"https:\/\/truusk.store\/sv\/wp-json\/wp\/v2\/product"}],"about":[{"href":"https:\/\/truusk.store\/sv\/wp-json\/wp\/v2\/types\/product"}],"wp:featuredmedia":[{"embeddable":true,"href":"https:\/\/truusk.store\/sv\/wp-json\/wp\/v2\/media\/75734"}],"wp:attachment":[{"href":"https:\/\/truusk.store\/sv\/wp-json\/wp\/v2\/media?parent=75743"}],"wp:term":[{"taxonomy":"product_brand","embeddable":true,"href":"https:\/\/truusk.store\/sv\/wp-json\/wp\/v2\/product_brand?post=75743"},{"taxonomy":"product_cat","embeddable":true,"href":"https:\/\/truusk.store\/sv\/wp-json\/wp\/v2\/product_cat?post=75743"},{"taxonomy":"product_tag","embeddable":true,"href":"https:\/\/truusk.store\/sv\/wp-json\/wp\/v2\/product_tag?post=75743"}],"curies":[{"name":"wp","href":"https:\/\/api.w.org\/{rel}","templated":true}]}}