{"id":7575,"date":"2024-02-13T08:55:31","date_gmt":"2024-02-13T07:55:31","guid":{"rendered":"https:\/\/truusk.store\/product\/parasoll-oval-kramvit-440-x-256-cm\/"},"modified":"2026-03-12T08:55:35","modified_gmt":"2026-03-12T07:55:35","slug":"truusk-parasoll-oval-kramvit-440-x-256-cm-uv-skydd-justerbar-hojd-vindtalig-for-tradgard-och-uteplats","status":"publish","type":"product","link":"https:\/\/truusk.store\/sv\/produkt\/truusk-parasoll-oval-kramvit-440-x-256-cm-uv-skydd-justerbar-hojd-vindtalig-for-tradgard-och-uteplats\/","title":{"rendered":"TRUUSK Parasoll Oval Kr\u00e4mvit &#8211; 440 x 256 cm &#8211; UV-skydd &#8211; Justerbar h\u00f6jd &#8211; Vindt\u00e5lig &#8211; F\u00f6r tr\u00e4dg\u00e5rd och uteplats"},"content":{"rendered":"<p>L\u00e5t din tr\u00e4dg\u00e5rd eller uteplats gl\u00e4nsa med detta dubbla parasoll! Det smakfullt designade parasollet har 36 LED-lampor f\u00e4sta p\u00e5 stagen, s\u00e5 att du har tillr\u00e4ckligt med ljus f\u00f6r l\u00e4sning eller andra fritidsintressen \u00e4ven i m\u00f6rkret. Under dagen skyddar det stora dubbla tr\u00e4dg\u00e5rdsparasollet dig fr\u00e5n direkt solljus. Om du vill f\u00f6rsk\u00f6na din tr\u00e4dg\u00e5rd, d\u00e5 \u00e4r detta tr\u00e4dg\u00e5rdsparaply precis r\u00e4tt val.<\/p>\n<h3>Beskrivning:<\/h3>\n<ul>\n<li>Beskrivning:<\/li>\n<li>L\u00e4mplig f\u00f6r tr\u00e4dg\u00e5rdar, uteplatser och andra utomhusomr\u00e5den;<\/li>\n<\/ul>\n<h3>Teknisk data:<\/h3>\n<ul>\n<li>Teknisk data:<\/li>\n<li>F\u00e4rg: kr\u00e4mvit;<\/li>\n<\/ul>\n<h3>Leveransens omfattning:<\/h3>\n<ul>\n<li>1 x dubbelsidigt parasoll<\/li>\n<li>1 x Instruktioner<\/li>\n<\/ul>\n","protected":false},"excerpt":{"rendered":"<p>L\u00e5t din tr\u00e4dg\u00e5rd eller uteplats gl\u00e4nsa med detta dubbla parasoll! Det smakfullt designade parasollet har 36 LED-lampor f\u00e4sta p\u00e5 stagen,&#8230;<\/p>\n","protected":false},"featured_media":7576,"template":"","meta":[],"product_brand":[],"product_cat":[472,471,435],"product_tag":[],"class_list":{"0":"post-7575","1":"product","2":"type-product","3":"status-publish","4":"has-post-thumbnail","6":"product_cat-parasoller","7":"product_cat-solskydd-integritetsskydd","8":"product_cat-tradgard-och-terrass","10":"first","11":"instock","12":"sale","13":"taxable","14":"shipping-taxable","15":"purchasable","16":"product-type-simple"},"yoast_head":"<!-- This site is optimized with the Yoast SEO plugin v25.4 - https:\/\/yoast.com\/wordpress\/plugins\/seo\/ -->\n<title>TRUUSK Parasoll Oval Kr\u00e4mvit - 440 x 256 cm - UV-skydd - Justerbar h\u00f6jd - Vindt\u00e5lig - F\u00f6r tr\u00e4dg\u00e5rd och uteplats - TRUUSK - Hem, Tr\u00e4dg\u00e5rd &amp; Fritid<\/title>\n<meta name=\"robots\" content=\"index, follow, max-snippet:-1, max-image-preview:large, max-video-preview:-1\" \/>\n<link rel=\"canonical\" href=\"https:\/\/truusk.store\/sv\/produkt\/truusk-parasoll-oval-kramvit-440-x-256-cm-uv-skydd-justerbar-hojd-vindtalig-for-tradgard-och-uteplats\/\" \/>\n<meta property=\"og:locale\" content=\"sv_SE\" \/>\n<meta property=\"og:type\" content=\"article\" \/>\n<meta property=\"og:title\" content=\"TRUUSK Parasoll Oval Kr\u00e4mvit - 440 x 256 cm - UV-skydd - Justerbar h\u00f6jd - Vindt\u00e5lig - F\u00f6r tr\u00e4dg\u00e5rd och uteplats - TRUUSK - Hem, Tr\u00e4dg\u00e5rd &amp; Fritid\" \/>\n<meta property=\"og:description\" content=\"L\u00e5t din tr\u00e4dg\u00e5rd eller uteplats gl\u00e4nsa med detta dubbla parasoll! Det smakfullt designade parasollet har 36 LED-lampor f\u00e4sta p\u00e5 stagen,...\" \/>\n<meta property=\"og:url\" content=\"https:\/\/truusk.store\/sv\/produkt\/truusk-parasoll-oval-kramvit-440-x-256-cm-uv-skydd-justerbar-hojd-vindtalig-for-tradgard-och-uteplats\/\" \/>\n<meta property=\"og:site_name\" content=\"TRUUSK - Hem, Tr\u00e4dg\u00e5rd &amp; Fritid\" \/>\n<meta property=\"article:modified_time\" content=\"2026-03-12T07:55:35+00:00\" \/>\n<meta property=\"og:image\" content=\"https:\/\/i0.wp.com\/truusk.se\/wp-content\/uploads\/2024\/02\/parasoll-oval-kramvit-440-x-256-cm.webp?fit=800%2C800&ssl=1\" \/>\n\t<meta property=\"og:image:width\" content=\"800\" \/>\n\t<meta property=\"og:image:height\" content=\"800\" \/>\n\t<meta property=\"og:image:type\" content=\"image\/webp\" \/>\n<meta name=\"twitter:card\" content=\"summary_large_image\" \/>\n<meta name=\"twitter:label1\" content=\"Ber\u00e4knad l\u00e4stid\" \/>\n\t<meta name=\"twitter:data1\" content=\"1 minut\" \/>\n<!-- \/ Yoast SEO plugin. -->","yoast_head_json":{"title":"TRUUSK Parasoll Oval Kr\u00e4mvit - 440 x 256 cm - UV-skydd - Justerbar h\u00f6jd - Vindt\u00e5lig - F\u00f6r tr\u00e4dg\u00e5rd och uteplats - TRUUSK - Hem, Tr\u00e4dg\u00e5rd &amp; Fritid","robots":{"index":"index","follow":"follow","max-snippet":"max-snippet:-1","max-image-preview":"max-image-preview:large","max-video-preview":"max-video-preview:-1"},"canonical":"https:\/\/truusk.store\/sv\/produkt\/truusk-parasoll-oval-kramvit-440-x-256-cm-uv-skydd-justerbar-hojd-vindtalig-for-tradgard-och-uteplats\/","og_locale":"sv_SE","og_type":"article","og_title":"TRUUSK Parasoll Oval Kr\u00e4mvit - 440 x 256 cm - UV-skydd - Justerbar h\u00f6jd - Vindt\u00e5lig - F\u00f6r tr\u00e4dg\u00e5rd och uteplats - TRUUSK - Hem, Tr\u00e4dg\u00e5rd &amp; Fritid","og_description":"L\u00e5t din tr\u00e4dg\u00e5rd eller uteplats gl\u00e4nsa med detta dubbla parasoll! Det smakfullt designade parasollet har 36 LED-lampor f\u00e4sta p\u00e5 stagen,...","og_url":"https:\/\/truusk.store\/sv\/produkt\/truusk-parasoll-oval-kramvit-440-x-256-cm-uv-skydd-justerbar-hojd-vindtalig-for-tradgard-och-uteplats\/","og_site_name":"TRUUSK - Hem, Tr\u00e4dg\u00e5rd &amp; Fritid","article_modified_time":"2026-03-12T07:55:35+00:00","og_image":[{"width":800,"height":800,"url":"https:\/\/i0.wp.com\/truusk.se\/wp-content\/uploads\/2024\/02\/parasoll-oval-kramvit-440-x-256-cm.webp?fit=800%2C800&ssl=1","type":"image\/webp"}],"twitter_card":"summary_large_image","twitter_misc":{"Ber\u00e4knad l\u00e4stid":"1 minut"},"schema":{"@context":"https:\/\/schema.org","@graph":[{"@type":"WebPage","@id":"https:\/\/truusk.store\/sv\/produkt\/truusk-parasoll-oval-kramvit-440-x-256-cm-uv-skydd-justerbar-hojd-vindtalig-for-tradgard-och-uteplats\/","url":"https:\/\/truusk.store\/sv\/produkt\/truusk-parasoll-oval-kramvit-440-x-256-cm-uv-skydd-justerbar-hojd-vindtalig-for-tradgard-och-uteplats\/","name":"TRUUSK Parasoll Oval Kr\u00e4mvit - 440 x 256 cm - UV-skydd - Justerbar h\u00f6jd - Vindt\u00e5lig - F\u00f6r tr\u00e4dg\u00e5rd och uteplats - TRUUSK - Hem, Tr\u00e4dg\u00e5rd &amp; Fritid","isPartOf":{"@id":"https:\/\/truusk.store\/sv\/#website"},"primaryImageOfPage":{"@id":"https:\/\/truusk.store\/sv\/produkt\/truusk-parasoll-oval-kramvit-440-x-256-cm-uv-skydd-justerbar-hojd-vindtalig-for-tradgard-och-uteplats\/#primaryimage"},"image":{"@id":"https:\/\/truusk.store\/sv\/produkt\/truusk-parasoll-oval-kramvit-440-x-256-cm-uv-skydd-justerbar-hojd-vindtalig-for-tradgard-och-uteplats\/#primaryimage"},"thumbnailUrl":"https:\/\/i0.wp.com\/truusk.store\/wp-content\/uploads\/2024\/02\/parasoll-oval-kramvit-440-x-256-cm.webp?fit=800%2C800&ssl=1","datePublished":"2024-02-13T07:55:31+00:00","dateModified":"2026-03-12T07:55:35+00:00","breadcrumb":{"@id":"https:\/\/truusk.store\/sv\/produkt\/truusk-parasoll-oval-kramvit-440-x-256-cm-uv-skydd-justerbar-hojd-vindtalig-for-tradgard-och-uteplats\/#breadcrumb"},"inLanguage":"sv-SE","potentialAction":[{"@type":"ReadAction","target":["https:\/\/truusk.store\/sv\/produkt\/truusk-parasoll-oval-kramvit-440-x-256-cm-uv-skydd-justerbar-hojd-vindtalig-for-tradgard-och-uteplats\/"]}]},{"@type":"ImageObject","inLanguage":"sv-SE","@id":"https:\/\/truusk.store\/sv\/produkt\/truusk-parasoll-oval-kramvit-440-x-256-cm-uv-skydd-justerbar-hojd-vindtalig-for-tradgard-och-uteplats\/#primaryimage","url":"https:\/\/i0.wp.com\/truusk.store\/wp-content\/uploads\/2024\/02\/parasoll-oval-kramvit-440-x-256-cm.webp?fit=800%2C800&ssl=1","contentUrl":"https:\/\/i0.wp.com\/truusk.store\/wp-content\/uploads\/2024\/02\/parasoll-oval-kramvit-440-x-256-cm.webp?fit=800%2C800&ssl=1","width":800,"height":800,"caption":"Parasoll Oval Kr\u00e4mvit 440 X 256 Cm 1"},{"@type":"BreadcrumbList","@id":"https:\/\/truusk.store\/sv\/produkt\/truusk-parasoll-oval-kramvit-440-x-256-cm-uv-skydd-justerbar-hojd-vindtalig-for-tradgard-och-uteplats\/#breadcrumb","itemListElement":[{"@type":"ListItem","position":1,"name":"Home","item":"https:\/\/truusk.store\/sv\/"},{"@type":"ListItem","position":2,"name":"Shop","item":"https:\/\/truusk.store\/shop\/"},{"@type":"ListItem","position":3,"name":"TRUUSK Parasoll Oval Kr\u00e4mvit &#8211; 440 x 256 cm &#8211; UV-skydd &#8211; Justerbar h\u00f6jd &#8211; Vindt\u00e5lig &#8211; F\u00f6r tr\u00e4dg\u00e5rd och uteplats"}]},{"@type":"WebSite","@id":"https:\/\/truusk.store\/sv\/#website","url":"https:\/\/truusk.store\/sv\/","name":"TRUUSK - Hem, Tr\u00e4dg\u00e5rd & Fritid","description":"","publisher":{"@id":"https:\/\/truusk.store\/sv\/#organization"},"potentialAction":[{"@type":"SearchAction","target":{"@type":"EntryPoint","urlTemplate":"https:\/\/truusk.store\/sv\/?s={search_term_string}"},"query-input":{"@type":"PropertyValueSpecification","valueRequired":true,"valueName":"search_term_string"}}],"inLanguage":"sv-SE"},{"@type":"Organization","@id":"https:\/\/truusk.store\/sv\/#organization","name":"TRUUSK - Hem, Tr\u00e4dg\u00e5rd & Fritid","url":"https:\/\/truusk.store\/sv\/","logo":{"@type":"ImageObject","inLanguage":"sv-SE","@id":"https:\/\/truusk.store\/sv\/#\/schema\/logo\/image\/","url":"https:\/\/i0.wp.com\/truusk.store\/wp-content\/uploads\/2026\/03\/cropped-TRUUSK.png?fit=2032%2C917&ssl=1","contentUrl":"https:\/\/i0.wp.com\/truusk.store\/wp-content\/uploads\/2026\/03\/cropped-TRUUSK.png?fit=2032%2C917&ssl=1","width":2032,"height":917,"caption":"TRUUSK - Hem, Tr\u00e4dg\u00e5rd & Fritid"},"image":{"@id":"https:\/\/truusk.store\/sv\/#\/schema\/logo\/image\/"}}]}},"jetpack_sharing_enabled":true,"_links":{"self":[{"href":"https:\/\/truusk.store\/sv\/wp-json\/wp\/v2\/product\/7575","targetHints":{"allow":["GET"]}}],"collection":[{"href":"https:\/\/truusk.store\/sv\/wp-json\/wp\/v2\/product"}],"about":[{"href":"https:\/\/truusk.store\/sv\/wp-json\/wp\/v2\/types\/product"}],"wp:featuredmedia":[{"embeddable":true,"href":"https:\/\/truusk.store\/sv\/wp-json\/wp\/v2\/media\/7576"}],"wp:attachment":[{"href":"https:\/\/truusk.store\/sv\/wp-json\/wp\/v2\/media?parent=7575"}],"wp:term":[{"taxonomy":"product_brand","embeddable":true,"href":"https:\/\/truusk.store\/sv\/wp-json\/wp\/v2\/product_brand?post=7575"},{"taxonomy":"product_cat","embeddable":true,"href":"https:\/\/truusk.store\/sv\/wp-json\/wp\/v2\/product_cat?post=7575"},{"taxonomy":"product_tag","embeddable":true,"href":"https:\/\/truusk.store\/sv\/wp-json\/wp\/v2\/product_tag?post=7575"}],"curies":[{"name":"wp","href":"https:\/\/api.w.org\/{rel}","templated":true}]}}