{"id":75753,"date":"2025-06-06T04:20:46","date_gmt":"2025-06-06T03:20:46","guid":{"rendered":"https:\/\/truusk.store\/product\/smalt-badrumsskap-hogskap-toalettskap-med-lada-och-4-oppna-fack-badrumsskap-for-sma-utrymmen-badrum-vardagsrum-20-x-20-x-180-cm-vit\/"},"modified":"2026-03-12T08:42:33","modified_gmt":"2026-03-12T07:42:33","slug":"truusk-smalt-badrumsskap-hogskap-toalettskap-med-lada-4-oppna-fack-for-sma-utrymmen-20x20x180-cm-vit","status":"publish","type":"product","link":"https:\/\/truusk.store\/sv\/produkt\/truusk-smalt-badrumsskap-hogskap-toalettskap-med-lada-4-oppna-fack-for-sma-utrymmen-20x20x180-cm-vit\/","title":{"rendered":"TRUUSK Smalt Badrumssk\u00e5p &#8211; H\u00f6gsk\u00e5p Toalettsk\u00e5p Med L\u00e5da &#8211; 4 \u00f6ppna Fack &#8211; F\u00f6r Sm\u00e5 Utrymmen &#8211; 20x20x180 cm &#8211; Vit"},"content":{"rendered":"<p>TRUUSK sk\u00e5pet \u00e4r idealiskt f\u00f6r sm\u00e5 badrum som beh\u00f6ver effektivt f\u00f6rvaringsutrymme. Med en storlek p\u00e5 180 x 20 cm, sk\u00e5p ovan och under, en l\u00e5da och fyra \u00f6ppna hyllor, erbjuder det omfattande utrymme f\u00f6r dina badrumsartiklar. Den robusta sp\u00e5nskivekonstruktionen med melaminbel\u00e4ggning skyddar l\u00e4tt mot dagligt slitage. Dess klara, vita design ger ett modernt och anpassningsbart utseende.<\/p>\n<p>Beskrivning:<\/p>\n<ul>\n<li> Sk\u00e5pet best\u00e5r av ett \u00f6vre och nedre sk\u00e5p, l\u00e5da och fyra \u00f6ppna hyllor<\/li>\n<li> Utrymme f\u00f6r badrums- och hygienartiklar &#8211; handdukar, reng\u00f6ringsmedel, toalettpappersrullar<\/li>\n<li> I b\u00e5da sk\u00e5pen \u00e4r hyllorna justerbara i tre steg<\/li>\n<li> Robust sp\u00e5nskivekonstruktion i modern look<\/li>\n<li> Melaminbel\u00e4ggning och halkfria f\u00f6tter f\u00f6r mjukt skydd<\/li>\n<li> Inkluderar s\u00e4kerhetsremmar f\u00f6r att f\u00f6rhindra tippning<\/li>\n<li> Maximal belastning 30kg, montering kr\u00e4vs.<\/li>\n<\/ul>\n<p> Tekniska data:<\/p>\n<ul>\n<li> F\u00e4rg: Vit<\/li>\n<li> Material: Sp\u00e5nskiva<\/li>\n<li> Totala dimensioner: 20B x 20T x 180H cm<\/li>\n<li> \u00d6vre hyllans storlek: 17,5B x 18T x 15H cm (varje fack)<\/li>\n<li> Nedre hyllans storlek: 17,5B x 18T x 22H cm<\/li>\n<li> \u00d6vre sk\u00e5pets inre dimensioner: 17,5B x 16T x 17H cm (varje fack)<\/li>\n<li> Nedre sk\u00e5pets inre dimensioner: 17,5B x 17T x 24,3H cm (varje fack)<\/li>\n<li> Inre storlek p\u00e5 l\u00e5dan: 14,5B x 15,5T x 14,2H cm<\/li>\n<li> Belastningskapacitet: 30 kg (totalt), 5 kg (hylla)<\/li>\n<\/ul>\n<p>Leveransinneh\u00e5ll:<\/p>\n<ul>\n<li> 1 x badrumssk\u00e5p<\/li>\n<li> 1 x bruksanvisning<\/li>\n<\/ul>\n","protected":false},"excerpt":{"rendered":"<p>TRUUSK sk\u00e5pet \u00e4r idealiskt f\u00f6r sm\u00e5 badrum som beh\u00f6ver effektivt f\u00f6rvaringsutrymme. Med en storlek p\u00e5 180 x 20 cm, sk\u00e5p&#8230;<\/p>\n","protected":false},"featured_media":75744,"template":"","meta":[],"product_brand":[],"product_cat":[915,535,871],"product_tag":[],"class_list":{"0":"post-75753","1":"product","2":"type-product","3":"status-publish","4":"has-post-thumbnail","6":"product_cat-badrum","7":"product_cat-badrumsskap","8":"product_cat-hus-hem","10":"first","11":"instock","12":"sale","13":"taxable","14":"shipping-taxable","15":"purchasable","16":"product-type-simple"},"yoast_head":"<!-- This site is optimized with the Yoast SEO plugin v25.4 - https:\/\/yoast.com\/wordpress\/plugins\/seo\/ -->\n<title>TRUUSK Smalt Badrumssk\u00e5p - H\u00f6gsk\u00e5p Toalettsk\u00e5p Med L\u00e5da - 4 \u00f6ppna Fack - F\u00f6r Sm\u00e5 Utrymmen - 20x20x180 cm - Vit - TRUUSK - Hem, Tr\u00e4dg\u00e5rd &amp; Fritid<\/title>\n<meta name=\"robots\" content=\"index, follow, max-snippet:-1, max-image-preview:large, max-video-preview:-1\" \/>\n<link rel=\"canonical\" href=\"https:\/\/truusk.store\/sv\/produkt\/truusk-smalt-badrumsskap-hogskap-toalettskap-med-lada-4-oppna-fack-for-sma-utrymmen-20x20x180-cm-vit\/\" \/>\n<meta property=\"og:locale\" content=\"sv_SE\" \/>\n<meta property=\"og:type\" content=\"article\" \/>\n<meta property=\"og:title\" content=\"TRUUSK Smalt Badrumssk\u00e5p - H\u00f6gsk\u00e5p Toalettsk\u00e5p Med L\u00e5da - 4 \u00f6ppna Fack - F\u00f6r Sm\u00e5 Utrymmen - 20x20x180 cm - Vit - TRUUSK - Hem, Tr\u00e4dg\u00e5rd &amp; Fritid\" \/>\n<meta property=\"og:description\" content=\"TRUUSK sk\u00e5pet \u00e4r idealiskt f\u00f6r sm\u00e5 badrum som beh\u00f6ver effektivt f\u00f6rvaringsutrymme. Med en storlek p\u00e5 180 x 20 cm, sk\u00e5p...\" \/>\n<meta property=\"og:url\" content=\"https:\/\/truusk.store\/sv\/produkt\/truusk-smalt-badrumsskap-hogskap-toalettskap-med-lada-4-oppna-fack-for-sma-utrymmen-20x20x180-cm-vit\/\" \/>\n<meta property=\"og:site_name\" content=\"TRUUSK - Hem, Tr\u00e4dg\u00e5rd &amp; Fritid\" \/>\n<meta property=\"article:modified_time\" content=\"2026-03-12T07:42:33+00:00\" \/>\n<meta property=\"og:image\" content=\"https:\/\/i0.wp.com\/truusk.se\/wp-content\/uploads\/2025\/06\/smalt-badrumsskap-hogskap-toalettskap-med-lada-och-4-oppna-fack-badrumsskap-for-sma-utrymmen-badrum-vardagsrum-20-x-20-x-180-cm-vit-1.webp?fit=2000%2C2000&ssl=1\" \/>\n\t<meta property=\"og:image:width\" content=\"2000\" \/>\n\t<meta property=\"og:image:height\" content=\"2000\" \/>\n\t<meta property=\"og:image:type\" content=\"image\/webp\" \/>\n<meta name=\"twitter:card\" content=\"summary_large_image\" \/>\n<meta name=\"twitter:label1\" content=\"Ber\u00e4knad l\u00e4stid\" \/>\n\t<meta name=\"twitter:data1\" content=\"1 minut\" \/>\n<!-- \/ Yoast SEO plugin. -->","yoast_head_json":{"title":"TRUUSK Smalt Badrumssk\u00e5p - H\u00f6gsk\u00e5p Toalettsk\u00e5p Med L\u00e5da - 4 \u00f6ppna Fack - F\u00f6r Sm\u00e5 Utrymmen - 20x20x180 cm - Vit - TRUUSK - Hem, Tr\u00e4dg\u00e5rd &amp; Fritid","robots":{"index":"index","follow":"follow","max-snippet":"max-snippet:-1","max-image-preview":"max-image-preview:large","max-video-preview":"max-video-preview:-1"},"canonical":"https:\/\/truusk.store\/sv\/produkt\/truusk-smalt-badrumsskap-hogskap-toalettskap-med-lada-4-oppna-fack-for-sma-utrymmen-20x20x180-cm-vit\/","og_locale":"sv_SE","og_type":"article","og_title":"TRUUSK Smalt Badrumssk\u00e5p - H\u00f6gsk\u00e5p Toalettsk\u00e5p Med L\u00e5da - 4 \u00f6ppna Fack - F\u00f6r Sm\u00e5 Utrymmen - 20x20x180 cm - Vit - TRUUSK - Hem, Tr\u00e4dg\u00e5rd &amp; Fritid","og_description":"TRUUSK sk\u00e5pet \u00e4r idealiskt f\u00f6r sm\u00e5 badrum som beh\u00f6ver effektivt f\u00f6rvaringsutrymme. Med en storlek p\u00e5 180 x 20 cm, sk\u00e5p...","og_url":"https:\/\/truusk.store\/sv\/produkt\/truusk-smalt-badrumsskap-hogskap-toalettskap-med-lada-4-oppna-fack-for-sma-utrymmen-20x20x180-cm-vit\/","og_site_name":"TRUUSK - Hem, Tr\u00e4dg\u00e5rd &amp; Fritid","article_modified_time":"2026-03-12T07:42:33+00:00","og_image":[{"width":2000,"height":2000,"url":"https:\/\/i0.wp.com\/truusk.se\/wp-content\/uploads\/2025\/06\/smalt-badrumsskap-hogskap-toalettskap-med-lada-och-4-oppna-fack-badrumsskap-for-sma-utrymmen-badrum-vardagsrum-20-x-20-x-180-cm-vit-1.webp?fit=2000%2C2000&ssl=1","type":"image\/webp"}],"twitter_card":"summary_large_image","twitter_misc":{"Ber\u00e4knad l\u00e4stid":"1 minut"},"schema":{"@context":"https:\/\/schema.org","@graph":[{"@type":"WebPage","@id":"https:\/\/truusk.store\/sv\/produkt\/truusk-smalt-badrumsskap-hogskap-toalettskap-med-lada-4-oppna-fack-for-sma-utrymmen-20x20x180-cm-vit\/","url":"https:\/\/truusk.store\/sv\/produkt\/truusk-smalt-badrumsskap-hogskap-toalettskap-med-lada-4-oppna-fack-for-sma-utrymmen-20x20x180-cm-vit\/","name":"TRUUSK Smalt Badrumssk\u00e5p - H\u00f6gsk\u00e5p Toalettsk\u00e5p Med L\u00e5da - 4 \u00f6ppna Fack - F\u00f6r Sm\u00e5 Utrymmen - 20x20x180 cm - Vit - TRUUSK - Hem, Tr\u00e4dg\u00e5rd &amp; Fritid","isPartOf":{"@id":"https:\/\/truusk.store\/sv\/#website"},"primaryImageOfPage":{"@id":"https:\/\/truusk.store\/sv\/produkt\/truusk-smalt-badrumsskap-hogskap-toalettskap-med-lada-4-oppna-fack-for-sma-utrymmen-20x20x180-cm-vit\/#primaryimage"},"image":{"@id":"https:\/\/truusk.store\/sv\/produkt\/truusk-smalt-badrumsskap-hogskap-toalettskap-med-lada-4-oppna-fack-for-sma-utrymmen-20x20x180-cm-vit\/#primaryimage"},"thumbnailUrl":"https:\/\/i0.wp.com\/truusk.store\/wp-content\/uploads\/2025\/06\/smalt-badrumsskap-hogskap-toalettskap-med-lada-och-4-oppna-fack-badrumsskap-for-sma-utrymmen-badrum-vardagsrum-20-x-20-x-180-cm-vit-1.webp?fit=2000%2C2000&ssl=1","datePublished":"2025-06-06T03:20:46+00:00","dateModified":"2026-03-12T07:42:33+00:00","breadcrumb":{"@id":"https:\/\/truusk.store\/sv\/produkt\/truusk-smalt-badrumsskap-hogskap-toalettskap-med-lada-4-oppna-fack-for-sma-utrymmen-20x20x180-cm-vit\/#breadcrumb"},"inLanguage":"sv-SE","potentialAction":[{"@type":"ReadAction","target":["https:\/\/truusk.store\/sv\/produkt\/truusk-smalt-badrumsskap-hogskap-toalettskap-med-lada-4-oppna-fack-for-sma-utrymmen-20x20x180-cm-vit\/"]}]},{"@type":"ImageObject","inLanguage":"sv-SE","@id":"https:\/\/truusk.store\/sv\/produkt\/truusk-smalt-badrumsskap-hogskap-toalettskap-med-lada-4-oppna-fack-for-sma-utrymmen-20x20x180-cm-vit\/#primaryimage","url":"https:\/\/i0.wp.com\/truusk.store\/wp-content\/uploads\/2025\/06\/smalt-badrumsskap-hogskap-toalettskap-med-lada-och-4-oppna-fack-badrumsskap-for-sma-utrymmen-badrum-vardagsrum-20-x-20-x-180-cm-vit-1.webp?fit=2000%2C2000&ssl=1","contentUrl":"https:\/\/i0.wp.com\/truusk.store\/wp-content\/uploads\/2025\/06\/smalt-badrumsskap-hogskap-toalettskap-med-lada-och-4-oppna-fack-badrumsskap-for-sma-utrymmen-badrum-vardagsrum-20-x-20-x-180-cm-vit-1.webp?fit=2000%2C2000&ssl=1","width":2000,"height":2000},{"@type":"BreadcrumbList","@id":"https:\/\/truusk.store\/sv\/produkt\/truusk-smalt-badrumsskap-hogskap-toalettskap-med-lada-4-oppna-fack-for-sma-utrymmen-20x20x180-cm-vit\/#breadcrumb","itemListElement":[{"@type":"ListItem","position":1,"name":"Home","item":"https:\/\/truusk.store\/sv\/"},{"@type":"ListItem","position":2,"name":"Shop","item":"https:\/\/truusk.store\/shop\/"},{"@type":"ListItem","position":3,"name":"TRUUSK Smalt Badrumssk\u00e5p &#8211; H\u00f6gsk\u00e5p Toalettsk\u00e5p Med L\u00e5da &#8211; 4 \u00f6ppna Fack &#8211; F\u00f6r Sm\u00e5 Utrymmen &#8211; 20x20x180 cm &#8211; Vit"}]},{"@type":"WebSite","@id":"https:\/\/truusk.store\/sv\/#website","url":"https:\/\/truusk.store\/sv\/","name":"TRUUSK - Hem, Tr\u00e4dg\u00e5rd & Fritid","description":"","publisher":{"@id":"https:\/\/truusk.store\/sv\/#organization"},"potentialAction":[{"@type":"SearchAction","target":{"@type":"EntryPoint","urlTemplate":"https:\/\/truusk.store\/sv\/?s={search_term_string}"},"query-input":{"@type":"PropertyValueSpecification","valueRequired":true,"valueName":"search_term_string"}}],"inLanguage":"sv-SE"},{"@type":"Organization","@id":"https:\/\/truusk.store\/sv\/#organization","name":"TRUUSK - Hem, Tr\u00e4dg\u00e5rd & Fritid","url":"https:\/\/truusk.store\/sv\/","logo":{"@type":"ImageObject","inLanguage":"sv-SE","@id":"https:\/\/truusk.store\/sv\/#\/schema\/logo\/image\/","url":"https:\/\/i0.wp.com\/truusk.store\/wp-content\/uploads\/2026\/03\/cropped-TRUUSK.png?fit=2032%2C917&ssl=1","contentUrl":"https:\/\/i0.wp.com\/truusk.store\/wp-content\/uploads\/2026\/03\/cropped-TRUUSK.png?fit=2032%2C917&ssl=1","width":2032,"height":917,"caption":"TRUUSK - Hem, Tr\u00e4dg\u00e5rd & Fritid"},"image":{"@id":"https:\/\/truusk.store\/sv\/#\/schema\/logo\/image\/"}}]}},"jetpack_sharing_enabled":true,"_links":{"self":[{"href":"https:\/\/truusk.store\/sv\/wp-json\/wp\/v2\/product\/75753","targetHints":{"allow":["GET"]}}],"collection":[{"href":"https:\/\/truusk.store\/sv\/wp-json\/wp\/v2\/product"}],"about":[{"href":"https:\/\/truusk.store\/sv\/wp-json\/wp\/v2\/types\/product"}],"wp:featuredmedia":[{"embeddable":true,"href":"https:\/\/truusk.store\/sv\/wp-json\/wp\/v2\/media\/75744"}],"wp:attachment":[{"href":"https:\/\/truusk.store\/sv\/wp-json\/wp\/v2\/media?parent=75753"}],"wp:term":[{"taxonomy":"product_brand","embeddable":true,"href":"https:\/\/truusk.store\/sv\/wp-json\/wp\/v2\/product_brand?post=75753"},{"taxonomy":"product_cat","embeddable":true,"href":"https:\/\/truusk.store\/sv\/wp-json\/wp\/v2\/product_cat?post=75753"},{"taxonomy":"product_tag","embeddable":true,"href":"https:\/\/truusk.store\/sv\/wp-json\/wp\/v2\/product_tag?post=75753"}],"curies":[{"name":"wp","href":"https:\/\/api.w.org\/{rel}","templated":true}]}}