{"id":7585,"date":"2024-02-13T08:55:51","date_gmt":"2024-02-13T07:55:51","guid":{"rendered":"https:\/\/truusk.store\/product\/bank-sangbank-skobank-med-upphojda-ben-sovrum-sammet-ljusgra-118-x-45-x-42-cm\/"},"modified":"2026-03-12T08:55:36","modified_gmt":"2026-03-12T07:55:36","slug":"truusk-bank-sangbank-skobank-sammet-ljusgra-upphojda-ben-sovrum-118-x-45-x-42-cm","status":"publish","type":"product","link":"https:\/\/truusk.store\/sv\/produkt\/truusk-bank-sangbank-skobank-sammet-ljusgra-upphojda-ben-sovrum-118-x-45-x-42-cm\/","title":{"rendered":"TRUUSK B\u00e4nk, S\u00e4ngb\u00e4nk, Skob\u00e4nk &#8211; Sammet Ljusgr\u00e5 &#8211; Upph\u00f6jda Ben &#8211; Sovrum &#8211; 118 x 45 x 42 cm"},"content":{"rendered":"<p>Ta in ren lyx i ditt hem. V\u00e5r stoppade pall \u00e4r idealisk f\u00f6r ditt vardagsrum, sovrum, hall, etc. Den eleganta formen och sammetsdetaljerna, tillsammans med de fyra gyllene benen g\u00f6r denna stoppade pall till ett absolut blickf\u00e5ng. Den passar som pall eller vadderat sidobord. Unna dig sj\u00e4lv den lyx du f\u00f6rtj\u00e4nar.<\/p>\n<h3>Beskrivning:<\/h3>\n<ul>\n<li>Mjuk plysch vaddering med snygg design. Perfekt f\u00f6r sovrum, vardagsrum, hallar, etc.<\/li>\n<li>4 guldmetallben och tr\u00e4ram garanterar \u00f6verl\u00e4gsen stabilitet<\/li>\n<li>Skum vadderad sits f\u00f6r b\u00e4ttre komfort<\/li>\n<li>L\u00e4tt att reng\u00f6ra tack vare h\u00f6ga ben<\/li>\n<li>Montering kr\u00e4vs<\/li>\n<\/ul>\n<h3>Teknisk data:<\/h3>\n<ul>\n<li>Material: tr\u00e4, sammet, skum, metall<\/li>\n<li>M\u00e5tt: L118 x B45 x H42 cm<\/li>\n<li>M\u00e5tt (sits): L118 x B45 cm<\/li>\n<li>Nettovikt: 14 kg<\/li>\n<li>Lastkapacitet: 120 kg<\/li>\n<li>F\u00e4rg: Ljusgr\u00e5+guld<\/li>\n<\/ul>\n<h3>Leveransens omfattning:<\/h3>\n<ul>\n<li>1 x b\u00e4nk<\/li>\n<li>1 x Monteringsanvisning<\/li>\n<\/ul>\n","protected":false},"excerpt":{"rendered":"<p>Ta in ren lyx i ditt hem. V\u00e5r stoppade pall \u00e4r idealisk f\u00f6r ditt vardagsrum, sovrum, hall, etc. Den eleganta&#8230;<\/p>\n","protected":false},"featured_media":7586,"template":"","meta":[],"product_brand":[],"product_cat":[485,537,540],"product_tag":[],"class_list":{"0":"post-7585","1":"product","2":"type-product","3":"status-publish","4":"has-post-thumbnail","6":"product_cat-hus-bo","7":"product_cat-sittplatser-bankar","8":"product_cat-stoppade-bankar","10":"first","11":"instock","12":"sale","13":"taxable","14":"shipping-taxable","15":"purchasable","16":"product-type-simple"},"yoast_head":"<!-- This site is optimized with the Yoast SEO plugin v25.4 - https:\/\/yoast.com\/wordpress\/plugins\/seo\/ -->\n<title>TRUUSK B\u00e4nk, S\u00e4ngb\u00e4nk, Skob\u00e4nk - Sammet Ljusgr\u00e5 - Upph\u00f6jda Ben - Sovrum - 118 x 45 x 42 cm - TRUUSK - Hem, Tr\u00e4dg\u00e5rd &amp; Fritid<\/title>\n<meta name=\"robots\" content=\"index, follow, max-snippet:-1, max-image-preview:large, max-video-preview:-1\" \/>\n<link rel=\"canonical\" href=\"https:\/\/truusk.store\/sv\/produkt\/truusk-bank-sangbank-skobank-sammet-ljusgra-upphojda-ben-sovrum-118-x-45-x-42-cm\/\" \/>\n<meta property=\"og:locale\" content=\"sv_SE\" \/>\n<meta property=\"og:type\" content=\"article\" \/>\n<meta property=\"og:title\" content=\"TRUUSK B\u00e4nk, S\u00e4ngb\u00e4nk, Skob\u00e4nk - Sammet Ljusgr\u00e5 - Upph\u00f6jda Ben - Sovrum - 118 x 45 x 42 cm - TRUUSK - Hem, Tr\u00e4dg\u00e5rd &amp; Fritid\" \/>\n<meta property=\"og:description\" content=\"Ta in ren lyx i ditt hem. V\u00e5r stoppade pall \u00e4r idealisk f\u00f6r ditt vardagsrum, sovrum, hall, etc. Den eleganta...\" \/>\n<meta property=\"og:url\" content=\"https:\/\/truusk.store\/sv\/produkt\/truusk-bank-sangbank-skobank-sammet-ljusgra-upphojda-ben-sovrum-118-x-45-x-42-cm\/\" \/>\n<meta property=\"og:site_name\" content=\"TRUUSK - Hem, Tr\u00e4dg\u00e5rd &amp; Fritid\" \/>\n<meta property=\"article:modified_time\" content=\"2026-03-12T07:55:36+00:00\" \/>\n<meta property=\"og:image\" content=\"https:\/\/i0.wp.com\/truusk.se\/wp-content\/uploads\/2024\/02\/bank-sangbank-skobank-med-upphojda-ben-sovrum-sammet-ljusgra-118-x-45-x-42-cm.webp?fit=800%2C800&ssl=1\" \/>\n\t<meta property=\"og:image:width\" content=\"800\" \/>\n\t<meta property=\"og:image:height\" content=\"800\" \/>\n\t<meta property=\"og:image:type\" content=\"image\/webp\" \/>\n<meta name=\"twitter:card\" content=\"summary_large_image\" \/>\n<meta name=\"twitter:label1\" content=\"Ber\u00e4knad l\u00e4stid\" \/>\n\t<meta name=\"twitter:data1\" content=\"1 minut\" \/>\n<!-- \/ Yoast SEO plugin. -->","yoast_head_json":{"title":"TRUUSK B\u00e4nk, S\u00e4ngb\u00e4nk, Skob\u00e4nk - Sammet Ljusgr\u00e5 - Upph\u00f6jda Ben - Sovrum - 118 x 45 x 42 cm - TRUUSK - Hem, Tr\u00e4dg\u00e5rd &amp; Fritid","robots":{"index":"index","follow":"follow","max-snippet":"max-snippet:-1","max-image-preview":"max-image-preview:large","max-video-preview":"max-video-preview:-1"},"canonical":"https:\/\/truusk.store\/sv\/produkt\/truusk-bank-sangbank-skobank-sammet-ljusgra-upphojda-ben-sovrum-118-x-45-x-42-cm\/","og_locale":"sv_SE","og_type":"article","og_title":"TRUUSK B\u00e4nk, S\u00e4ngb\u00e4nk, Skob\u00e4nk - Sammet Ljusgr\u00e5 - Upph\u00f6jda Ben - Sovrum - 118 x 45 x 42 cm - TRUUSK - Hem, Tr\u00e4dg\u00e5rd &amp; Fritid","og_description":"Ta in ren lyx i ditt hem. V\u00e5r stoppade pall \u00e4r idealisk f\u00f6r ditt vardagsrum, sovrum, hall, etc. Den eleganta...","og_url":"https:\/\/truusk.store\/sv\/produkt\/truusk-bank-sangbank-skobank-sammet-ljusgra-upphojda-ben-sovrum-118-x-45-x-42-cm\/","og_site_name":"TRUUSK - Hem, Tr\u00e4dg\u00e5rd &amp; Fritid","article_modified_time":"2026-03-12T07:55:36+00:00","og_image":[{"width":800,"height":800,"url":"https:\/\/i0.wp.com\/truusk.se\/wp-content\/uploads\/2024\/02\/bank-sangbank-skobank-med-upphojda-ben-sovrum-sammet-ljusgra-118-x-45-x-42-cm.webp?fit=800%2C800&ssl=1","type":"image\/webp"}],"twitter_card":"summary_large_image","twitter_misc":{"Ber\u00e4knad l\u00e4stid":"1 minut"},"schema":{"@context":"https:\/\/schema.org","@graph":[{"@type":"WebPage","@id":"https:\/\/truusk.store\/sv\/produkt\/truusk-bank-sangbank-skobank-sammet-ljusgra-upphojda-ben-sovrum-118-x-45-x-42-cm\/","url":"https:\/\/truusk.store\/sv\/produkt\/truusk-bank-sangbank-skobank-sammet-ljusgra-upphojda-ben-sovrum-118-x-45-x-42-cm\/","name":"TRUUSK B\u00e4nk, S\u00e4ngb\u00e4nk, Skob\u00e4nk - Sammet Ljusgr\u00e5 - Upph\u00f6jda Ben - Sovrum - 118 x 45 x 42 cm - TRUUSK - Hem, Tr\u00e4dg\u00e5rd &amp; Fritid","isPartOf":{"@id":"https:\/\/truusk.store\/sv\/#website"},"primaryImageOfPage":{"@id":"https:\/\/truusk.store\/sv\/produkt\/truusk-bank-sangbank-skobank-sammet-ljusgra-upphojda-ben-sovrum-118-x-45-x-42-cm\/#primaryimage"},"image":{"@id":"https:\/\/truusk.store\/sv\/produkt\/truusk-bank-sangbank-skobank-sammet-ljusgra-upphojda-ben-sovrum-118-x-45-x-42-cm\/#primaryimage"},"thumbnailUrl":"https:\/\/i0.wp.com\/truusk.store\/wp-content\/uploads\/2024\/02\/bank-sangbank-skobank-med-upphojda-ben-sovrum-sammet-ljusgra-118-x-45-x-42-cm.webp?fit=800%2C800&ssl=1","datePublished":"2024-02-13T07:55:51+00:00","dateModified":"2026-03-12T07:55:36+00:00","breadcrumb":{"@id":"https:\/\/truusk.store\/sv\/produkt\/truusk-bank-sangbank-skobank-sammet-ljusgra-upphojda-ben-sovrum-118-x-45-x-42-cm\/#breadcrumb"},"inLanguage":"sv-SE","potentialAction":[{"@type":"ReadAction","target":["https:\/\/truusk.store\/sv\/produkt\/truusk-bank-sangbank-skobank-sammet-ljusgra-upphojda-ben-sovrum-118-x-45-x-42-cm\/"]}]},{"@type":"ImageObject","inLanguage":"sv-SE","@id":"https:\/\/truusk.store\/sv\/produkt\/truusk-bank-sangbank-skobank-sammet-ljusgra-upphojda-ben-sovrum-118-x-45-x-42-cm\/#primaryimage","url":"https:\/\/i0.wp.com\/truusk.store\/wp-content\/uploads\/2024\/02\/bank-sangbank-skobank-med-upphojda-ben-sovrum-sammet-ljusgra-118-x-45-x-42-cm.webp?fit=800%2C800&ssl=1","contentUrl":"https:\/\/i0.wp.com\/truusk.store\/wp-content\/uploads\/2024\/02\/bank-sangbank-skobank-med-upphojda-ben-sovrum-sammet-ljusgra-118-x-45-x-42-cm.webp?fit=800%2C800&ssl=1","width":800,"height":800,"caption":"B\u00e4nk, S\u00e4ngb\u00e4nk, Skob\u00e4nk Med Upph\u00f6jda Ben, Sovrum, Sammet Ljusgr\u00e5 118 X 45 X 42 Cm 1"},{"@type":"BreadcrumbList","@id":"https:\/\/truusk.store\/sv\/produkt\/truusk-bank-sangbank-skobank-sammet-ljusgra-upphojda-ben-sovrum-118-x-45-x-42-cm\/#breadcrumb","itemListElement":[{"@type":"ListItem","position":1,"name":"Home","item":"https:\/\/truusk.store\/sv\/"},{"@type":"ListItem","position":2,"name":"Shop","item":"https:\/\/truusk.store\/shop\/"},{"@type":"ListItem","position":3,"name":"TRUUSK B\u00e4nk, S\u00e4ngb\u00e4nk, Skob\u00e4nk &#8211; Sammet Ljusgr\u00e5 &#8211; Upph\u00f6jda Ben &#8211; Sovrum &#8211; 118 x 45 x 42 cm"}]},{"@type":"WebSite","@id":"https:\/\/truusk.store\/sv\/#website","url":"https:\/\/truusk.store\/sv\/","name":"TRUUSK - Hem, Tr\u00e4dg\u00e5rd & Fritid","description":"","publisher":{"@id":"https:\/\/truusk.store\/sv\/#organization"},"potentialAction":[{"@type":"SearchAction","target":{"@type":"EntryPoint","urlTemplate":"https:\/\/truusk.store\/sv\/?s={search_term_string}"},"query-input":{"@type":"PropertyValueSpecification","valueRequired":true,"valueName":"search_term_string"}}],"inLanguage":"sv-SE"},{"@type":"Organization","@id":"https:\/\/truusk.store\/sv\/#organization","name":"TRUUSK - Hem, Tr\u00e4dg\u00e5rd & Fritid","url":"https:\/\/truusk.store\/sv\/","logo":{"@type":"ImageObject","inLanguage":"sv-SE","@id":"https:\/\/truusk.store\/sv\/#\/schema\/logo\/image\/","url":"https:\/\/i0.wp.com\/truusk.store\/wp-content\/uploads\/2026\/03\/cropped-TRUUSK.png?fit=2032%2C917&ssl=1","contentUrl":"https:\/\/i0.wp.com\/truusk.store\/wp-content\/uploads\/2026\/03\/cropped-TRUUSK.png?fit=2032%2C917&ssl=1","width":2032,"height":917,"caption":"TRUUSK - Hem, Tr\u00e4dg\u00e5rd & Fritid"},"image":{"@id":"https:\/\/truusk.store\/sv\/#\/schema\/logo\/image\/"}}]}},"jetpack_sharing_enabled":true,"_links":{"self":[{"href":"https:\/\/truusk.store\/sv\/wp-json\/wp\/v2\/product\/7585","targetHints":{"allow":["GET"]}}],"collection":[{"href":"https:\/\/truusk.store\/sv\/wp-json\/wp\/v2\/product"}],"about":[{"href":"https:\/\/truusk.store\/sv\/wp-json\/wp\/v2\/types\/product"}],"wp:featuredmedia":[{"embeddable":true,"href":"https:\/\/truusk.store\/sv\/wp-json\/wp\/v2\/media\/7586"}],"wp:attachment":[{"href":"https:\/\/truusk.store\/sv\/wp-json\/wp\/v2\/media?parent=7585"}],"wp:term":[{"taxonomy":"product_brand","embeddable":true,"href":"https:\/\/truusk.store\/sv\/wp-json\/wp\/v2\/product_brand?post=7585"},{"taxonomy":"product_cat","embeddable":true,"href":"https:\/\/truusk.store\/sv\/wp-json\/wp\/v2\/product_cat?post=7585"},{"taxonomy":"product_tag","embeddable":true,"href":"https:\/\/truusk.store\/sv\/wp-json\/wp\/v2\/product_tag?post=7585"}],"curies":[{"name":"wp","href":"https:\/\/api.w.org\/{rel}","templated":true}]}}