{"id":75863,"date":"2025-06-06T04:31:46","date_gmt":"2025-06-06T03:31:46","guid":{"rendered":"https:\/\/truusk.store\/product\/picknickkorg-av-piltra-for-4-personer-med-picknickfilt-bestickset-flaskoppnare-picknickbord-komplett-picknickset-for-camping-strand-jul-ljusbrun\/"},"modified":"2026-03-12T08:42:46","modified_gmt":"2026-03-12T07:42:46","slug":"truusk-picknickkorg-av-piltra-for-4-personer-picknickfilt-bestickset-flaskoppnare-picknickbord-komplett-set-for","status":"publish","type":"product","link":"https:\/\/truusk.store\/sv\/produkt\/truusk-picknickkorg-av-piltra-for-4-personer-picknickfilt-bestickset-flaskoppnare-picknickbord-komplett-set-for\/","title":{"rendered":"TRUUSK Picknickkorg av piltr\u00e4 f\u00f6r 4 personer &#8211; Picknickfilt &#8211; Bestickset &#8211; Flask\u00f6ppnare &#8211; Picknickbord &#8211; Komplett set f\u00f6r"},"content":{"rendered":"<p>Njut stilfullt utomhus med TRUUSK picknickkorgen, perfekt f\u00f6r m\u00e5ltider med v\u00e4nner eller familj. Detta set f\u00f6r 4 personer inkluderar keramiktallrikar, vinglas och en flask\u00f6ppnare. Picknickkorgen erbjuder ocks\u00e5 ett avtagbart furutr\u00e4vinbord med f\u00e4llbara ben och speciella sp\u00e5r f\u00f6r s\u00e4ker, spillfri njutning. Den handgjorda korgv\u00e4vkonstruktionen och den eleganta dukklaffen ger klassisk charm.<\/p>\n<p>Beskrivning:<\/p>\n<ul>\n<li> Picknickkorgsetet f\u00f6r fyra personer garanterar en komplett matupplevelse<\/li>\n<li> Det avtagbara furubordet p\u00e5 picknickkorgen fungerar ocks\u00e5 som ett s\u00e4kert lock<\/li>\n<li> Handgjord korgv\u00e4vkonstruktion erbjuder h\u00e5llbarhet och stil<\/li>\n<li> F\u00e4llbara metallben p\u00e5 picknickkorgen ger stabilitet p\u00e5 olika underlag<\/li>\n<li> Vinsp\u00e5r i bordet f\u00f6rhindrar spill och \u00f6kar njutningen<\/li>\n<li> Justerbart bomullsband med l\u00e4derdyna p\u00e5 korgv\u00e4ven f\u00f6r bekv\u00e4m b\u00e4rning<\/li>\n<li> Elegant honungsf\u00e4rgad utseende \u00f6kar den estetiska dragningskraften utomhus<\/li>\n<\/ul>\n<p> Tekniska data:<\/p>\n<ul>\n<li> F\u00e4rg: Ljusbrun<\/li>\n<li> Material: Furutr\u00e4, pilrot, keramik, h\u00e4rdat glas, polyester<\/li>\n<li> Totala dimensioner: 51L x 33B x 25H cm<\/li>\n<li> Lagringsdimensioner: 46L x 29B x 21H cm<\/li>\n<li> Picknickbordsdimensioner: 50L x 33B x 1,5T cm<\/li>\n<li> B\u00e4rkapacitet: 6 kg (handtag)<\/li>\n<\/ul>\n<p>Leverans inneh\u00e5ller:<\/p>\n<ul>\n<li> 1 x Picknickkorg<\/li>\n<li> 4 x 7&#8243; keramiktallrikar<\/li>\n<li> 4 x Rostfria skedar<\/li>\n<li> 4 x Rostfria gafflar<\/li>\n<li> 4 x Rostfria knivar<\/li>\n<li> 4 x Vinglas<\/li>\n<li> 1 x Flask\u00f6ppnare<\/li>\n<li> 1 x Picknickfilt<\/li>\n<\/ul>\n","protected":false},"excerpt":{"rendered":"<p>Njut stilfullt utomhus med TRUUSK picknickkorgen, perfekt f\u00f6r m\u00e5ltider med v\u00e4nner eller familj. Detta set f\u00f6r 4 personer inkluderar keramiktallrikar,&#8230;<\/p>\n","protected":false},"featured_media":75854,"template":"","meta":[],"product_brand":[],"product_cat":[648,647],"product_tag":[],"class_list":{"0":"post-75863","1":"product","2":"type-product","3":"status-publish","4":"has-post-thumbnail","6":"product_cat-camping-tillbehor","7":"product_cat-sport-fritid","9":"first","10":"instock","11":"sale","12":"taxable","13":"shipping-taxable","14":"purchasable","15":"product-type-simple"},"yoast_head":"<!-- This site is optimized with the Yoast SEO plugin v25.4 - https:\/\/yoast.com\/wordpress\/plugins\/seo\/ -->\n<title>TRUUSK Picknickkorg av piltr\u00e4 f\u00f6r 4 personer - Picknickfilt - Bestickset - Flask\u00f6ppnare - Picknickbord - Komplett set f\u00f6r - TRUUSK - Hem, Tr\u00e4dg\u00e5rd &amp; Fritid<\/title>\n<meta name=\"robots\" content=\"index, follow, max-snippet:-1, max-image-preview:large, max-video-preview:-1\" \/>\n<link rel=\"canonical\" href=\"https:\/\/truusk.store\/sv\/produkt\/truusk-picknickkorg-av-piltra-for-4-personer-picknickfilt-bestickset-flaskoppnare-picknickbord-komplett-set-for\/\" \/>\n<meta property=\"og:locale\" content=\"sv_SE\" \/>\n<meta property=\"og:type\" content=\"article\" \/>\n<meta property=\"og:title\" content=\"TRUUSK Picknickkorg av piltr\u00e4 f\u00f6r 4 personer - Picknickfilt - Bestickset - Flask\u00f6ppnare - Picknickbord - Komplett set f\u00f6r - TRUUSK - Hem, Tr\u00e4dg\u00e5rd &amp; Fritid\" \/>\n<meta property=\"og:description\" content=\"Njut stilfullt utomhus med TRUUSK picknickkorgen, perfekt f\u00f6r m\u00e5ltider med v\u00e4nner eller familj. Detta set f\u00f6r 4 personer inkluderar keramiktallrikar,...\" \/>\n<meta property=\"og:url\" content=\"https:\/\/truusk.store\/sv\/produkt\/truusk-picknickkorg-av-piltra-for-4-personer-picknickfilt-bestickset-flaskoppnare-picknickbord-komplett-set-for\/\" \/>\n<meta property=\"og:site_name\" content=\"TRUUSK - Hem, Tr\u00e4dg\u00e5rd &amp; Fritid\" \/>\n<meta property=\"article:modified_time\" content=\"2026-03-12T07:42:46+00:00\" \/>\n<meta property=\"og:image\" content=\"https:\/\/i0.wp.com\/truusk.se\/wp-content\/uploads\/2025\/06\/picknickkorg-av-piltra-for-4-personer-med-picknickfilt-bestickset-flaskoppnare-picknickbord-komplett-picknickset-for-camping-strand-jul-ljusbrun-1.webp?fit=2000%2C2000&ssl=1\" \/>\n\t<meta property=\"og:image:width\" content=\"2000\" \/>\n\t<meta property=\"og:image:height\" content=\"2000\" \/>\n\t<meta property=\"og:image:type\" content=\"image\/webp\" \/>\n<meta name=\"twitter:card\" content=\"summary_large_image\" \/>\n<meta name=\"twitter:label1\" content=\"Ber\u00e4knad l\u00e4stid\" \/>\n\t<meta name=\"twitter:data1\" content=\"1 minut\" \/>\n<!-- \/ Yoast SEO plugin. -->","yoast_head_json":{"title":"TRUUSK Picknickkorg av piltr\u00e4 f\u00f6r 4 personer - Picknickfilt - Bestickset - Flask\u00f6ppnare - Picknickbord - Komplett set f\u00f6r - TRUUSK - Hem, Tr\u00e4dg\u00e5rd &amp; Fritid","robots":{"index":"index","follow":"follow","max-snippet":"max-snippet:-1","max-image-preview":"max-image-preview:large","max-video-preview":"max-video-preview:-1"},"canonical":"https:\/\/truusk.store\/sv\/produkt\/truusk-picknickkorg-av-piltra-for-4-personer-picknickfilt-bestickset-flaskoppnare-picknickbord-komplett-set-for\/","og_locale":"sv_SE","og_type":"article","og_title":"TRUUSK Picknickkorg av piltr\u00e4 f\u00f6r 4 personer - Picknickfilt - Bestickset - Flask\u00f6ppnare - Picknickbord - Komplett set f\u00f6r - TRUUSK - Hem, Tr\u00e4dg\u00e5rd &amp; Fritid","og_description":"Njut stilfullt utomhus med TRUUSK picknickkorgen, perfekt f\u00f6r m\u00e5ltider med v\u00e4nner eller familj. Detta set f\u00f6r 4 personer inkluderar keramiktallrikar,...","og_url":"https:\/\/truusk.store\/sv\/produkt\/truusk-picknickkorg-av-piltra-for-4-personer-picknickfilt-bestickset-flaskoppnare-picknickbord-komplett-set-for\/","og_site_name":"TRUUSK - Hem, Tr\u00e4dg\u00e5rd &amp; Fritid","article_modified_time":"2026-03-12T07:42:46+00:00","og_image":[{"width":2000,"height":2000,"url":"https:\/\/i0.wp.com\/truusk.se\/wp-content\/uploads\/2025\/06\/picknickkorg-av-piltra-for-4-personer-med-picknickfilt-bestickset-flaskoppnare-picknickbord-komplett-picknickset-for-camping-strand-jul-ljusbrun-1.webp?fit=2000%2C2000&ssl=1","type":"image\/webp"}],"twitter_card":"summary_large_image","twitter_misc":{"Ber\u00e4knad l\u00e4stid":"1 minut"},"schema":{"@context":"https:\/\/schema.org","@graph":[{"@type":"WebPage","@id":"https:\/\/truusk.store\/sv\/produkt\/truusk-picknickkorg-av-piltra-for-4-personer-picknickfilt-bestickset-flaskoppnare-picknickbord-komplett-set-for\/","url":"https:\/\/truusk.store\/sv\/produkt\/truusk-picknickkorg-av-piltra-for-4-personer-picknickfilt-bestickset-flaskoppnare-picknickbord-komplett-set-for\/","name":"TRUUSK Picknickkorg av piltr\u00e4 f\u00f6r 4 personer - Picknickfilt - Bestickset - Flask\u00f6ppnare - Picknickbord - Komplett set f\u00f6r - TRUUSK - Hem, Tr\u00e4dg\u00e5rd &amp; Fritid","isPartOf":{"@id":"https:\/\/truusk.store\/sv\/#website"},"primaryImageOfPage":{"@id":"https:\/\/truusk.store\/sv\/produkt\/truusk-picknickkorg-av-piltra-for-4-personer-picknickfilt-bestickset-flaskoppnare-picknickbord-komplett-set-for\/#primaryimage"},"image":{"@id":"https:\/\/truusk.store\/sv\/produkt\/truusk-picknickkorg-av-piltra-for-4-personer-picknickfilt-bestickset-flaskoppnare-picknickbord-komplett-set-for\/#primaryimage"},"thumbnailUrl":"https:\/\/i0.wp.com\/truusk.store\/wp-content\/uploads\/2025\/06\/picknickkorg-av-piltra-for-4-personer-med-picknickfilt-bestickset-flaskoppnare-picknickbord-komplett-picknickset-for-camping-strand-jul-ljusbrun-1.webp?fit=2000%2C2000&ssl=1","datePublished":"2025-06-06T03:31:46+00:00","dateModified":"2026-03-12T07:42:46+00:00","breadcrumb":{"@id":"https:\/\/truusk.store\/sv\/produkt\/truusk-picknickkorg-av-piltra-for-4-personer-picknickfilt-bestickset-flaskoppnare-picknickbord-komplett-set-for\/#breadcrumb"},"inLanguage":"sv-SE","potentialAction":[{"@type":"ReadAction","target":["https:\/\/truusk.store\/sv\/produkt\/truusk-picknickkorg-av-piltra-for-4-personer-picknickfilt-bestickset-flaskoppnare-picknickbord-komplett-set-for\/"]}]},{"@type":"ImageObject","inLanguage":"sv-SE","@id":"https:\/\/truusk.store\/sv\/produkt\/truusk-picknickkorg-av-piltra-for-4-personer-picknickfilt-bestickset-flaskoppnare-picknickbord-komplett-set-for\/#primaryimage","url":"https:\/\/i0.wp.com\/truusk.store\/wp-content\/uploads\/2025\/06\/picknickkorg-av-piltra-for-4-personer-med-picknickfilt-bestickset-flaskoppnare-picknickbord-komplett-picknickset-for-camping-strand-jul-ljusbrun-1.webp?fit=2000%2C2000&ssl=1","contentUrl":"https:\/\/i0.wp.com\/truusk.store\/wp-content\/uploads\/2025\/06\/picknickkorg-av-piltra-for-4-personer-med-picknickfilt-bestickset-flaskoppnare-picknickbord-komplett-picknickset-for-camping-strand-jul-ljusbrun-1.webp?fit=2000%2C2000&ssl=1","width":2000,"height":2000},{"@type":"BreadcrumbList","@id":"https:\/\/truusk.store\/sv\/produkt\/truusk-picknickkorg-av-piltra-for-4-personer-picknickfilt-bestickset-flaskoppnare-picknickbord-komplett-set-for\/#breadcrumb","itemListElement":[{"@type":"ListItem","position":1,"name":"Home","item":"https:\/\/truusk.store\/sv\/"},{"@type":"ListItem","position":2,"name":"Shop","item":"https:\/\/truusk.store\/shop\/"},{"@type":"ListItem","position":3,"name":"TRUUSK Picknickkorg av piltr\u00e4 f\u00f6r 4 personer &#8211; Picknickfilt &#8211; Bestickset &#8211; Flask\u00f6ppnare &#8211; Picknickbord &#8211; Komplett set f\u00f6r"}]},{"@type":"WebSite","@id":"https:\/\/truusk.store\/sv\/#website","url":"https:\/\/truusk.store\/sv\/","name":"TRUUSK - Hem, Tr\u00e4dg\u00e5rd & Fritid","description":"","publisher":{"@id":"https:\/\/truusk.store\/sv\/#organization"},"potentialAction":[{"@type":"SearchAction","target":{"@type":"EntryPoint","urlTemplate":"https:\/\/truusk.store\/sv\/?s={search_term_string}"},"query-input":{"@type":"PropertyValueSpecification","valueRequired":true,"valueName":"search_term_string"}}],"inLanguage":"sv-SE"},{"@type":"Organization","@id":"https:\/\/truusk.store\/sv\/#organization","name":"TRUUSK - Hem, Tr\u00e4dg\u00e5rd & Fritid","url":"https:\/\/truusk.store\/sv\/","logo":{"@type":"ImageObject","inLanguage":"sv-SE","@id":"https:\/\/truusk.store\/sv\/#\/schema\/logo\/image\/","url":"https:\/\/i0.wp.com\/truusk.store\/wp-content\/uploads\/2026\/03\/cropped-TRUUSK.png?fit=2032%2C917&ssl=1","contentUrl":"https:\/\/i0.wp.com\/truusk.store\/wp-content\/uploads\/2026\/03\/cropped-TRUUSK.png?fit=2032%2C917&ssl=1","width":2032,"height":917,"caption":"TRUUSK - Hem, Tr\u00e4dg\u00e5rd & Fritid"},"image":{"@id":"https:\/\/truusk.store\/sv\/#\/schema\/logo\/image\/"}}]}},"jetpack_sharing_enabled":true,"_links":{"self":[{"href":"https:\/\/truusk.store\/sv\/wp-json\/wp\/v2\/product\/75863","targetHints":{"allow":["GET"]}}],"collection":[{"href":"https:\/\/truusk.store\/sv\/wp-json\/wp\/v2\/product"}],"about":[{"href":"https:\/\/truusk.store\/sv\/wp-json\/wp\/v2\/types\/product"}],"wp:featuredmedia":[{"embeddable":true,"href":"https:\/\/truusk.store\/sv\/wp-json\/wp\/v2\/media\/75854"}],"wp:attachment":[{"href":"https:\/\/truusk.store\/sv\/wp-json\/wp\/v2\/media?parent=75863"}],"wp:term":[{"taxonomy":"product_brand","embeddable":true,"href":"https:\/\/truusk.store\/sv\/wp-json\/wp\/v2\/product_brand?post=75863"},{"taxonomy":"product_cat","embeddable":true,"href":"https:\/\/truusk.store\/sv\/wp-json\/wp\/v2\/product_cat?post=75863"},{"taxonomy":"product_tag","embeddable":true,"href":"https:\/\/truusk.store\/sv\/wp-json\/wp\/v2\/product_tag?post=75863"}],"curies":[{"name":"wp","href":"https:\/\/api.w.org\/{rel}","templated":true}]}}