{"id":75893,"date":"2025-06-06T04:34:45","date_gmt":"2025-06-06T03:34:45","guid":{"rendered":"https:\/\/truusk.store\/product\/tradgardsbord-152x90-cm-vaderbestandigt-balkongbord-av-stal-sidobord-med-paraplyhal-ribbdesign-matbord-utomhus-campingbord-rektangulart-terrassbord-for-tradgard-balkong-svart\/"},"modified":"2026-03-12T08:42:17","modified_gmt":"2026-03-12T07:42:17","slug":"truusk-tradgardsbord-152x90-cm-vaderbestandigt-stal-paraplyhal-ribbdesign-utomhusmatbord-campingbord-rektangulart","status":"publish","type":"product","link":"https:\/\/truusk.store\/sv\/produkt\/truusk-tradgardsbord-152x90-cm-vaderbestandigt-stal-paraplyhal-ribbdesign-utomhusmatbord-campingbord-rektangulart\/","title":{"rendered":"TRUUSK Tr\u00e4dg\u00e5rdsbord 152&#215;90 cm &#8211; V\u00e4derbest\u00e4ndigt st\u00e5l &#8211; Paraplyh\u00e5l &#8211; Ribbdesign &#8211; Utomhusmatbord &#8211; Campingbord &#8211; Rektangul\u00e4rt"},"content":{"rendered":"<p>Upplev charmen med TRUUSK tr\u00e4dg\u00e5rdsbordet med parasollh\u00e5l, den nya centrala platsen f\u00f6r dina m\u00f6ten. Det gener\u00f6sa 152 x 90 cm tr\u00e4dg\u00e5rdsbordet rymmer sex personer bekv\u00e4mt och visar en attraktiv lattadesign f\u00f6r dr\u00e4nering och estetik. Med praktiskt parasollh\u00e5l f\u00f6r soliga dagar. Perfekt f\u00f6r inomhus och utomhus, fr\u00e5n tr\u00e4dg\u00e5rdar till balkonger, kombinerar detta uteplatsbord stil med funktionalitet.<\/p>\n<p>Beskrivning:<\/p>\n<ul>\n<li> Rymlig 152 x 90 cm stor bordsskiva erbjuder bekv\u00e4mt plats f\u00f6r sex personer<\/li>\n<li> Parasollh\u00e5let p\u00e5 uteplatsbordet passar de flesta st\u00e4nger f\u00f6r skugga<\/li>\n<li> Lattadesignen p\u00e5 uteplatsbordet f\u00f6rhindrar vattenansamlingar och garanterar h\u00e5llbarhet<\/li>\n<li> Robust metall- och pulverlackerad st\u00e5lram p\u00e5 tr\u00e4dg\u00e5rdsbordet b\u00e4r 50 kg<\/li>\n<li> L\u00e4mplig f\u00f6r olika milj\u00f6er som bakg\u00e5rdar och matsalar<\/li>\n<li> Montering kr\u00e4vs<\/li>\n<\/ul>\n<p> Tekniska data:<\/p>\n<ul>\n<li> F\u00e4rg: Svart<\/li>\n<li> Material: St\u00e5l<\/li>\n<li> Totala dimensioner: 152L x 90B x 74H cm<\/li>\n<li> Diameter p\u00e5 parasollh\u00e5let: 50 mm<\/li>\n<li> Tjocklek p\u00e5 bordsskivan: 4 cm<\/li>\n<li> B\u00e4rkapacitet: 50 kg<\/li>\n<\/ul>\n<p>Leveransinneh\u00e5ll:<\/p>\n<ul>\n<li> 1 x Tr\u00e4dg\u00e5rdsbord<\/li>\n<li> 1 x Bruksanvisning<\/li>\n<\/ul>\n","protected":false},"excerpt":{"rendered":"<p>Upplev charmen med TRUUSK tr\u00e4dg\u00e5rdsbordet med parasollh\u00e5l, den nya centrala platsen f\u00f6r dina m\u00f6ten. Det gener\u00f6sa 152 x 90 cm&#8230;<\/p>\n","protected":false},"featured_media":75884,"template":"","meta":[],"product_brand":[],"product_cat":[858,457,450],"product_tag":[],"class_list":{"0":"post-75893","1":"product","2":"type-product","3":"status-publish","4":"has-post-thumbnail","6":"product_cat-tradgard-terrass","7":"product_cat-tradgardsbord","8":"product_cat-tradgardsmobler","10":"first","11":"instock","12":"sale","13":"taxable","14":"shipping-taxable","15":"purchasable","16":"product-type-simple"},"yoast_head":"<!-- This site is optimized with the Yoast SEO plugin v25.4 - https:\/\/yoast.com\/wordpress\/plugins\/seo\/ -->\n<title>TRUUSK Tr\u00e4dg\u00e5rdsbord 152x90 cm - V\u00e4derbest\u00e4ndigt st\u00e5l - Paraplyh\u00e5l - Ribbdesign - Utomhusmatbord - Campingbord - Rektangul\u00e4rt - TRUUSK - Hem, Tr\u00e4dg\u00e5rd &amp; Fritid<\/title>\n<meta name=\"robots\" content=\"index, follow, max-snippet:-1, max-image-preview:large, max-video-preview:-1\" \/>\n<link rel=\"canonical\" href=\"https:\/\/truusk.store\/sv\/produkt\/truusk-tradgardsbord-152x90-cm-vaderbestandigt-stal-paraplyhal-ribbdesign-utomhusmatbord-campingbord-rektangulart\/\" \/>\n<meta property=\"og:locale\" content=\"sv_SE\" \/>\n<meta property=\"og:type\" content=\"article\" \/>\n<meta property=\"og:title\" content=\"TRUUSK Tr\u00e4dg\u00e5rdsbord 152x90 cm - V\u00e4derbest\u00e4ndigt st\u00e5l - Paraplyh\u00e5l - Ribbdesign - Utomhusmatbord - Campingbord - Rektangul\u00e4rt - TRUUSK - Hem, Tr\u00e4dg\u00e5rd &amp; Fritid\" \/>\n<meta property=\"og:description\" content=\"Upplev charmen med TRUUSK tr\u00e4dg\u00e5rdsbordet med parasollh\u00e5l, den nya centrala platsen f\u00f6r dina m\u00f6ten. Det gener\u00f6sa 152 x 90 cm...\" \/>\n<meta property=\"og:url\" content=\"https:\/\/truusk.store\/sv\/produkt\/truusk-tradgardsbord-152x90-cm-vaderbestandigt-stal-paraplyhal-ribbdesign-utomhusmatbord-campingbord-rektangulart\/\" \/>\n<meta property=\"og:site_name\" content=\"TRUUSK - Hem, Tr\u00e4dg\u00e5rd &amp; Fritid\" \/>\n<meta property=\"article:modified_time\" content=\"2026-03-12T07:42:17+00:00\" \/>\n<meta property=\"og:image\" content=\"https:\/\/i0.wp.com\/truusk.se\/wp-content\/uploads\/2025\/06\/tradgardsbord-152x90-cm-vaderbestandigt-balkongbord-av-stal-sidobord-med-paraplyhal-ribbdesign-matbord-utomhus-campingbord-rektangulart-terrassbord-for-tradgard-balkong-svart-1.webp?fit=2000%2C2000&ssl=1\" \/>\n\t<meta property=\"og:image:width\" content=\"2000\" \/>\n\t<meta property=\"og:image:height\" content=\"2000\" \/>\n\t<meta property=\"og:image:type\" content=\"image\/webp\" \/>\n<meta name=\"twitter:card\" content=\"summary_large_image\" \/>\n<meta name=\"twitter:label1\" content=\"Ber\u00e4knad l\u00e4stid\" \/>\n\t<meta name=\"twitter:data1\" content=\"1 minut\" \/>\n<!-- \/ Yoast SEO plugin. -->","yoast_head_json":{"title":"TRUUSK Tr\u00e4dg\u00e5rdsbord 152x90 cm - V\u00e4derbest\u00e4ndigt st\u00e5l - Paraplyh\u00e5l - Ribbdesign - Utomhusmatbord - Campingbord - Rektangul\u00e4rt - TRUUSK - Hem, Tr\u00e4dg\u00e5rd &amp; Fritid","robots":{"index":"index","follow":"follow","max-snippet":"max-snippet:-1","max-image-preview":"max-image-preview:large","max-video-preview":"max-video-preview:-1"},"canonical":"https:\/\/truusk.store\/sv\/produkt\/truusk-tradgardsbord-152x90-cm-vaderbestandigt-stal-paraplyhal-ribbdesign-utomhusmatbord-campingbord-rektangulart\/","og_locale":"sv_SE","og_type":"article","og_title":"TRUUSK Tr\u00e4dg\u00e5rdsbord 152x90 cm - V\u00e4derbest\u00e4ndigt st\u00e5l - Paraplyh\u00e5l - Ribbdesign - Utomhusmatbord - Campingbord - Rektangul\u00e4rt - TRUUSK - Hem, Tr\u00e4dg\u00e5rd &amp; Fritid","og_description":"Upplev charmen med TRUUSK tr\u00e4dg\u00e5rdsbordet med parasollh\u00e5l, den nya centrala platsen f\u00f6r dina m\u00f6ten. Det gener\u00f6sa 152 x 90 cm...","og_url":"https:\/\/truusk.store\/sv\/produkt\/truusk-tradgardsbord-152x90-cm-vaderbestandigt-stal-paraplyhal-ribbdesign-utomhusmatbord-campingbord-rektangulart\/","og_site_name":"TRUUSK - Hem, Tr\u00e4dg\u00e5rd &amp; Fritid","article_modified_time":"2026-03-12T07:42:17+00:00","og_image":[{"width":2000,"height":2000,"url":"https:\/\/i0.wp.com\/truusk.se\/wp-content\/uploads\/2025\/06\/tradgardsbord-152x90-cm-vaderbestandigt-balkongbord-av-stal-sidobord-med-paraplyhal-ribbdesign-matbord-utomhus-campingbord-rektangulart-terrassbord-for-tradgard-balkong-svart-1.webp?fit=2000%2C2000&ssl=1","type":"image\/webp"}],"twitter_card":"summary_large_image","twitter_misc":{"Ber\u00e4knad l\u00e4stid":"1 minut"},"schema":{"@context":"https:\/\/schema.org","@graph":[{"@type":"WebPage","@id":"https:\/\/truusk.store\/sv\/produkt\/truusk-tradgardsbord-152x90-cm-vaderbestandigt-stal-paraplyhal-ribbdesign-utomhusmatbord-campingbord-rektangulart\/","url":"https:\/\/truusk.store\/sv\/produkt\/truusk-tradgardsbord-152x90-cm-vaderbestandigt-stal-paraplyhal-ribbdesign-utomhusmatbord-campingbord-rektangulart\/","name":"TRUUSK Tr\u00e4dg\u00e5rdsbord 152x90 cm - V\u00e4derbest\u00e4ndigt st\u00e5l - Paraplyh\u00e5l - Ribbdesign - Utomhusmatbord - Campingbord - Rektangul\u00e4rt - TRUUSK - Hem, Tr\u00e4dg\u00e5rd &amp; Fritid","isPartOf":{"@id":"https:\/\/truusk.store\/sv\/#website"},"primaryImageOfPage":{"@id":"https:\/\/truusk.store\/sv\/produkt\/truusk-tradgardsbord-152x90-cm-vaderbestandigt-stal-paraplyhal-ribbdesign-utomhusmatbord-campingbord-rektangulart\/#primaryimage"},"image":{"@id":"https:\/\/truusk.store\/sv\/produkt\/truusk-tradgardsbord-152x90-cm-vaderbestandigt-stal-paraplyhal-ribbdesign-utomhusmatbord-campingbord-rektangulart\/#primaryimage"},"thumbnailUrl":"https:\/\/i0.wp.com\/truusk.store\/wp-content\/uploads\/2025\/06\/tradgardsbord-152x90-cm-vaderbestandigt-balkongbord-av-stal-sidobord-med-paraplyhal-ribbdesign-matbord-utomhus-campingbord-rektangulart-terrassbord-for-tradgard-balkong-svart-1.webp?fit=2000%2C2000&ssl=1","datePublished":"2025-06-06T03:34:45+00:00","dateModified":"2026-03-12T07:42:17+00:00","breadcrumb":{"@id":"https:\/\/truusk.store\/sv\/produkt\/truusk-tradgardsbord-152x90-cm-vaderbestandigt-stal-paraplyhal-ribbdesign-utomhusmatbord-campingbord-rektangulart\/#breadcrumb"},"inLanguage":"sv-SE","potentialAction":[{"@type":"ReadAction","target":["https:\/\/truusk.store\/sv\/produkt\/truusk-tradgardsbord-152x90-cm-vaderbestandigt-stal-paraplyhal-ribbdesign-utomhusmatbord-campingbord-rektangulart\/"]}]},{"@type":"ImageObject","inLanguage":"sv-SE","@id":"https:\/\/truusk.store\/sv\/produkt\/truusk-tradgardsbord-152x90-cm-vaderbestandigt-stal-paraplyhal-ribbdesign-utomhusmatbord-campingbord-rektangulart\/#primaryimage","url":"https:\/\/i0.wp.com\/truusk.store\/wp-content\/uploads\/2025\/06\/tradgardsbord-152x90-cm-vaderbestandigt-balkongbord-av-stal-sidobord-med-paraplyhal-ribbdesign-matbord-utomhus-campingbord-rektangulart-terrassbord-for-tradgard-balkong-svart-1.webp?fit=2000%2C2000&ssl=1","contentUrl":"https:\/\/i0.wp.com\/truusk.store\/wp-content\/uploads\/2025\/06\/tradgardsbord-152x90-cm-vaderbestandigt-balkongbord-av-stal-sidobord-med-paraplyhal-ribbdesign-matbord-utomhus-campingbord-rektangulart-terrassbord-for-tradgard-balkong-svart-1.webp?fit=2000%2C2000&ssl=1","width":2000,"height":2000},{"@type":"BreadcrumbList","@id":"https:\/\/truusk.store\/sv\/produkt\/truusk-tradgardsbord-152x90-cm-vaderbestandigt-stal-paraplyhal-ribbdesign-utomhusmatbord-campingbord-rektangulart\/#breadcrumb","itemListElement":[{"@type":"ListItem","position":1,"name":"Home","item":"https:\/\/truusk.store\/sv\/"},{"@type":"ListItem","position":2,"name":"Shop","item":"https:\/\/truusk.store\/shop\/"},{"@type":"ListItem","position":3,"name":"TRUUSK Tr\u00e4dg\u00e5rdsbord 152&#215;90 cm &#8211; V\u00e4derbest\u00e4ndigt st\u00e5l &#8211; Paraplyh\u00e5l &#8211; Ribbdesign &#8211; Utomhusmatbord &#8211; Campingbord &#8211; Rektangul\u00e4rt"}]},{"@type":"WebSite","@id":"https:\/\/truusk.store\/sv\/#website","url":"https:\/\/truusk.store\/sv\/","name":"TRUUSK - Hem, Tr\u00e4dg\u00e5rd & Fritid","description":"","publisher":{"@id":"https:\/\/truusk.store\/sv\/#organization"},"potentialAction":[{"@type":"SearchAction","target":{"@type":"EntryPoint","urlTemplate":"https:\/\/truusk.store\/sv\/?s={search_term_string}"},"query-input":{"@type":"PropertyValueSpecification","valueRequired":true,"valueName":"search_term_string"}}],"inLanguage":"sv-SE"},{"@type":"Organization","@id":"https:\/\/truusk.store\/sv\/#organization","name":"TRUUSK - Hem, Tr\u00e4dg\u00e5rd & Fritid","url":"https:\/\/truusk.store\/sv\/","logo":{"@type":"ImageObject","inLanguage":"sv-SE","@id":"https:\/\/truusk.store\/sv\/#\/schema\/logo\/image\/","url":"https:\/\/i0.wp.com\/truusk.store\/wp-content\/uploads\/2026\/03\/cropped-TRUUSK.png?fit=2032%2C917&ssl=1","contentUrl":"https:\/\/i0.wp.com\/truusk.store\/wp-content\/uploads\/2026\/03\/cropped-TRUUSK.png?fit=2032%2C917&ssl=1","width":2032,"height":917,"caption":"TRUUSK - Hem, Tr\u00e4dg\u00e5rd & Fritid"},"image":{"@id":"https:\/\/truusk.store\/sv\/#\/schema\/logo\/image\/"}}]}},"jetpack_sharing_enabled":true,"_links":{"self":[{"href":"https:\/\/truusk.store\/sv\/wp-json\/wp\/v2\/product\/75893","targetHints":{"allow":["GET"]}}],"collection":[{"href":"https:\/\/truusk.store\/sv\/wp-json\/wp\/v2\/product"}],"about":[{"href":"https:\/\/truusk.store\/sv\/wp-json\/wp\/v2\/types\/product"}],"wp:featuredmedia":[{"embeddable":true,"href":"https:\/\/truusk.store\/sv\/wp-json\/wp\/v2\/media\/75884"}],"wp:attachment":[{"href":"https:\/\/truusk.store\/sv\/wp-json\/wp\/v2\/media?parent=75893"}],"wp:term":[{"taxonomy":"product_brand","embeddable":true,"href":"https:\/\/truusk.store\/sv\/wp-json\/wp\/v2\/product_brand?post=75893"},{"taxonomy":"product_cat","embeddable":true,"href":"https:\/\/truusk.store\/sv\/wp-json\/wp\/v2\/product_cat?post=75893"},{"taxonomy":"product_tag","embeddable":true,"href":"https:\/\/truusk.store\/sv\/wp-json\/wp\/v2\/product_tag?post=75893"}],"curies":[{"name":"wp","href":"https:\/\/api.w.org\/{rel}","templated":true}]}}