{"id":75923,"date":"2025-06-06T04:37:48","date_gmt":"2025-06-06T03:37:48","guid":{"rendered":"https:\/\/truusk.store\/product\/tradgardsskap-i-tra-redskapsskjul-med-stegformad-sadeltak-fallbar-hylla-bord-dubbla-dorrar-110-x-54-x-136-cm-vaderbestandigt-redskapsskap-redskapshus-tradgardsskjul-for-tradgard-terrass-natur\/"},"modified":"2026-03-12T08:42:14","modified_gmt":"2026-03-12T07:42:14","slug":"truusk-tradgardsskap-i-tra-med-stegformad-sadeltak-fallbar-hylla-vaderbestandigt-for-tradgard-och-terrass-naturligt-tra","status":"publish","type":"product","link":"https:\/\/truusk.store\/sv\/produkt\/truusk-tradgardsskap-i-tra-med-stegformad-sadeltak-fallbar-hylla-vaderbestandigt-for-tradgard-och-terrass-naturligt-tra\/","title":{"rendered":"TRUUSK Tr\u00e4dg\u00e5rdssk\u00e5p i tr\u00e4 &#8211; Med stegformad sadeltak &#8211; F\u00e4llbar hylla &#8211; V\u00e4derbest\u00e4ndigt &#8211; F\u00f6r tr\u00e4dg\u00e5rd och terrass &#8211; Naturligt tr\u00e4"},"content":{"rendered":"<p>G\u00f6r om din tr\u00e4dg\u00e5rd med TRUUSK v\u00e4derbest\u00e4ndiga tr\u00e4dg\u00e5rdssk\u00e5p. Detta eleganta tr\u00e4redskapshus med tre fack erbjuder ett utf\u00e4llbart bord som ocks\u00e5 fungerar som bar. Tr\u00e4dg\u00e5rdsskjulets stegvisa tak leder effektivt bort regnvatten f\u00f6r att h\u00e5lla dina saker torra. Det naturliga bruna tr\u00e4et sm\u00e4lter s\u00f6ml\u00f6st in i alla tr\u00e4dg\u00e5rdsdesigner och \u00e4r ett stilfullt, praktiskt tillskott till din utomhusomr\u00e5de.<\/p>\n<p>Beskrivning:<\/p>\n<ul>\n<li> Tr\u00e4dg\u00e5rdsskjulets tredelade f\u00f6rvaringsutrymme skapar ordning och fungerar samtidigt som en bar<\/li>\n<li> Fyra expansionspluggar garanterar fast f\u00f6rankring och vindmotst\u00e5nd<\/li>\n<li> Det sluttande stegvisa taket p\u00e5 tr\u00e4redskapssk\u00e5pet g\u00f6r att regnvatten och sn\u00f6 l\u00e4tt kan rinna av<\/li>\n<li> Det bruna tr\u00e4utseendet p\u00e5 tr\u00e4tr\u00e4dg\u00e5rdssk\u00e5pet kompletterar naturliga milj\u00f6er och dekorationer underbart<\/li>\n<li> Montering kr\u00e4vs f\u00f6r 2 personer<\/li>\n<\/ul>\n<p>Tekniska data:<\/p>\n<ul>\n<li> F\u00e4rg: Brun<\/li>\n<li> Material: Grantr\u00e4<\/li>\n<li> Totala dimensioner: 110L x 54B x 116\/136H cm<\/li>\n<li> Golvdimensioner: 102B x 48T cm, 0,5 m\u00b2<\/li>\n<li> \u00d6vre f\u00f6rvaringsutrymme: 98B x 46T x 36H cm<\/li>\n<li> Nedre f\u00f6rvaringsutrymme: 48B x 46T x 70H cm (individuellt)<\/li>\n<li> Maximal belastning: 30 kg (per hylla)<\/li>\n<li> Sn\u00f6lastkapacitet: 30 kg<\/li>\n<\/ul>\n<p>Leveransinneh\u00e5ll:<\/p>\n<ul>\n<li> 1 x Tr\u00e4dg\u00e5rdsredskapsskjul<\/li>\n<li> 4 x Expansionspluggar<\/li>\n<li> 4 x L-formade f\u00e4sten<\/li>\n<li> 1 x Bruksanvisning<\/li>\n<\/ul>\n","protected":false},"excerpt":{"rendered":"<p>G\u00f6r om din tr\u00e4dg\u00e5rd med TRUUSK v\u00e4derbest\u00e4ndiga tr\u00e4dg\u00e5rdssk\u00e5p. Detta eleganta tr\u00e4redskapshus med tre fack erbjuder ett utf\u00e4llbart bord som ocks\u00e5&#8230;<\/p>\n","protected":false},"featured_media":75914,"template":"","meta":[],"product_brand":[],"product_cat":[901,858,437],"product_tag":[],"class_list":{"0":"post-75923","1":"product","2":"type-product","3":"status-publish","4":"has-post-thumbnail","6":"product_cat-ordning-i-tradgarden","7":"product_cat-tradgard-terrass","8":"product_cat-tradgardsskap","10":"first","11":"instock","12":"sale","13":"taxable","14":"shipping-taxable","15":"purchasable","16":"product-type-simple"},"yoast_head":"<!-- This site is optimized with the Yoast SEO plugin v25.4 - https:\/\/yoast.com\/wordpress\/plugins\/seo\/ -->\n<title>TRUUSK Tr\u00e4dg\u00e5rdssk\u00e5p i tr\u00e4 - Med stegformad sadeltak - F\u00e4llbar hylla - V\u00e4derbest\u00e4ndigt - F\u00f6r tr\u00e4dg\u00e5rd och terrass - Naturligt tr\u00e4 - TRUUSK - Hem, Tr\u00e4dg\u00e5rd &amp; Fritid<\/title>\n<meta name=\"robots\" content=\"index, follow, max-snippet:-1, max-image-preview:large, max-video-preview:-1\" \/>\n<link rel=\"canonical\" href=\"https:\/\/truusk.store\/sv\/produkt\/truusk-tradgardsskap-i-tra-med-stegformad-sadeltak-fallbar-hylla-vaderbestandigt-for-tradgard-och-terrass-naturligt-tra\/\" \/>\n<meta property=\"og:locale\" content=\"sv_SE\" \/>\n<meta property=\"og:type\" content=\"article\" \/>\n<meta property=\"og:title\" content=\"TRUUSK Tr\u00e4dg\u00e5rdssk\u00e5p i tr\u00e4 - Med stegformad sadeltak - F\u00e4llbar hylla - V\u00e4derbest\u00e4ndigt - F\u00f6r tr\u00e4dg\u00e5rd och terrass - Naturligt tr\u00e4 - TRUUSK - Hem, Tr\u00e4dg\u00e5rd &amp; Fritid\" \/>\n<meta property=\"og:description\" content=\"G\u00f6r om din tr\u00e4dg\u00e5rd med TRUUSK v\u00e4derbest\u00e4ndiga tr\u00e4dg\u00e5rdssk\u00e5p. Detta eleganta tr\u00e4redskapshus med tre fack erbjuder ett utf\u00e4llbart bord som ocks\u00e5...\" \/>\n<meta property=\"og:url\" content=\"https:\/\/truusk.store\/sv\/produkt\/truusk-tradgardsskap-i-tra-med-stegformad-sadeltak-fallbar-hylla-vaderbestandigt-for-tradgard-och-terrass-naturligt-tra\/\" \/>\n<meta property=\"og:site_name\" content=\"TRUUSK - Hem, Tr\u00e4dg\u00e5rd &amp; Fritid\" \/>\n<meta property=\"article:modified_time\" content=\"2026-03-12T07:42:14+00:00\" \/>\n<meta property=\"og:image\" content=\"https:\/\/i0.wp.com\/truusk.se\/wp-content\/uploads\/2025\/06\/tradgardsskap-i-tra-redskapsskjul-med-stegformad-sadeltak-fallbar-hylla-bord-dubbla-dorrar-110-x-54-x-136-cm-vaderbestandigt-redskapsskap-redskapshus-tradgardsskjul-for-tradgard-terrass-natur-1.webp?fit=2000%2C2000&ssl=1\" \/>\n\t<meta property=\"og:image:width\" content=\"2000\" \/>\n\t<meta property=\"og:image:height\" content=\"2000\" \/>\n\t<meta property=\"og:image:type\" content=\"image\/webp\" \/>\n<meta name=\"twitter:card\" content=\"summary_large_image\" \/>\n<meta name=\"twitter:label1\" content=\"Ber\u00e4knad l\u00e4stid\" \/>\n\t<meta name=\"twitter:data1\" content=\"1 minut\" \/>\n<!-- \/ Yoast SEO plugin. -->","yoast_head_json":{"title":"TRUUSK Tr\u00e4dg\u00e5rdssk\u00e5p i tr\u00e4 - Med stegformad sadeltak - F\u00e4llbar hylla - V\u00e4derbest\u00e4ndigt - F\u00f6r tr\u00e4dg\u00e5rd och terrass - Naturligt tr\u00e4 - TRUUSK - Hem, Tr\u00e4dg\u00e5rd &amp; Fritid","robots":{"index":"index","follow":"follow","max-snippet":"max-snippet:-1","max-image-preview":"max-image-preview:large","max-video-preview":"max-video-preview:-1"},"canonical":"https:\/\/truusk.store\/sv\/produkt\/truusk-tradgardsskap-i-tra-med-stegformad-sadeltak-fallbar-hylla-vaderbestandigt-for-tradgard-och-terrass-naturligt-tra\/","og_locale":"sv_SE","og_type":"article","og_title":"TRUUSK Tr\u00e4dg\u00e5rdssk\u00e5p i tr\u00e4 - Med stegformad sadeltak - F\u00e4llbar hylla - V\u00e4derbest\u00e4ndigt - F\u00f6r tr\u00e4dg\u00e5rd och terrass - Naturligt tr\u00e4 - TRUUSK - Hem, Tr\u00e4dg\u00e5rd &amp; Fritid","og_description":"G\u00f6r om din tr\u00e4dg\u00e5rd med TRUUSK v\u00e4derbest\u00e4ndiga tr\u00e4dg\u00e5rdssk\u00e5p. Detta eleganta tr\u00e4redskapshus med tre fack erbjuder ett utf\u00e4llbart bord som ocks\u00e5...","og_url":"https:\/\/truusk.store\/sv\/produkt\/truusk-tradgardsskap-i-tra-med-stegformad-sadeltak-fallbar-hylla-vaderbestandigt-for-tradgard-och-terrass-naturligt-tra\/","og_site_name":"TRUUSK - Hem, Tr\u00e4dg\u00e5rd &amp; Fritid","article_modified_time":"2026-03-12T07:42:14+00:00","og_image":[{"width":2000,"height":2000,"url":"https:\/\/i0.wp.com\/truusk.se\/wp-content\/uploads\/2025\/06\/tradgardsskap-i-tra-redskapsskjul-med-stegformad-sadeltak-fallbar-hylla-bord-dubbla-dorrar-110-x-54-x-136-cm-vaderbestandigt-redskapsskap-redskapshus-tradgardsskjul-for-tradgard-terrass-natur-1.webp?fit=2000%2C2000&ssl=1","type":"image\/webp"}],"twitter_card":"summary_large_image","twitter_misc":{"Ber\u00e4knad l\u00e4stid":"1 minut"},"schema":{"@context":"https:\/\/schema.org","@graph":[{"@type":"WebPage","@id":"https:\/\/truusk.store\/sv\/produkt\/truusk-tradgardsskap-i-tra-med-stegformad-sadeltak-fallbar-hylla-vaderbestandigt-for-tradgard-och-terrass-naturligt-tra\/","url":"https:\/\/truusk.store\/sv\/produkt\/truusk-tradgardsskap-i-tra-med-stegformad-sadeltak-fallbar-hylla-vaderbestandigt-for-tradgard-och-terrass-naturligt-tra\/","name":"TRUUSK Tr\u00e4dg\u00e5rdssk\u00e5p i tr\u00e4 - Med stegformad sadeltak - F\u00e4llbar hylla - V\u00e4derbest\u00e4ndigt - F\u00f6r tr\u00e4dg\u00e5rd och terrass - Naturligt tr\u00e4 - TRUUSK - Hem, Tr\u00e4dg\u00e5rd &amp; Fritid","isPartOf":{"@id":"https:\/\/truusk.store\/sv\/#website"},"primaryImageOfPage":{"@id":"https:\/\/truusk.store\/sv\/produkt\/truusk-tradgardsskap-i-tra-med-stegformad-sadeltak-fallbar-hylla-vaderbestandigt-for-tradgard-och-terrass-naturligt-tra\/#primaryimage"},"image":{"@id":"https:\/\/truusk.store\/sv\/produkt\/truusk-tradgardsskap-i-tra-med-stegformad-sadeltak-fallbar-hylla-vaderbestandigt-for-tradgard-och-terrass-naturligt-tra\/#primaryimage"},"thumbnailUrl":"https:\/\/i0.wp.com\/truusk.store\/wp-content\/uploads\/2025\/06\/tradgardsskap-i-tra-redskapsskjul-med-stegformad-sadeltak-fallbar-hylla-bord-dubbla-dorrar-110-x-54-x-136-cm-vaderbestandigt-redskapsskap-redskapshus-tradgardsskjul-for-tradgard-terrass-natur-1.webp?fit=2000%2C2000&ssl=1","datePublished":"2025-06-06T03:37:48+00:00","dateModified":"2026-03-12T07:42:14+00:00","breadcrumb":{"@id":"https:\/\/truusk.store\/sv\/produkt\/truusk-tradgardsskap-i-tra-med-stegformad-sadeltak-fallbar-hylla-vaderbestandigt-for-tradgard-och-terrass-naturligt-tra\/#breadcrumb"},"inLanguage":"sv-SE","potentialAction":[{"@type":"ReadAction","target":["https:\/\/truusk.store\/sv\/produkt\/truusk-tradgardsskap-i-tra-med-stegformad-sadeltak-fallbar-hylla-vaderbestandigt-for-tradgard-och-terrass-naturligt-tra\/"]}]},{"@type":"ImageObject","inLanguage":"sv-SE","@id":"https:\/\/truusk.store\/sv\/produkt\/truusk-tradgardsskap-i-tra-med-stegformad-sadeltak-fallbar-hylla-vaderbestandigt-for-tradgard-och-terrass-naturligt-tra\/#primaryimage","url":"https:\/\/i0.wp.com\/truusk.store\/wp-content\/uploads\/2025\/06\/tradgardsskap-i-tra-redskapsskjul-med-stegformad-sadeltak-fallbar-hylla-bord-dubbla-dorrar-110-x-54-x-136-cm-vaderbestandigt-redskapsskap-redskapshus-tradgardsskjul-for-tradgard-terrass-natur-1.webp?fit=2000%2C2000&ssl=1","contentUrl":"https:\/\/i0.wp.com\/truusk.store\/wp-content\/uploads\/2025\/06\/tradgardsskap-i-tra-redskapsskjul-med-stegformad-sadeltak-fallbar-hylla-bord-dubbla-dorrar-110-x-54-x-136-cm-vaderbestandigt-redskapsskap-redskapshus-tradgardsskjul-for-tradgard-terrass-natur-1.webp?fit=2000%2C2000&ssl=1","width":2000,"height":2000},{"@type":"BreadcrumbList","@id":"https:\/\/truusk.store\/sv\/produkt\/truusk-tradgardsskap-i-tra-med-stegformad-sadeltak-fallbar-hylla-vaderbestandigt-for-tradgard-och-terrass-naturligt-tra\/#breadcrumb","itemListElement":[{"@type":"ListItem","position":1,"name":"Home","item":"https:\/\/truusk.store\/sv\/"},{"@type":"ListItem","position":2,"name":"Shop","item":"https:\/\/truusk.store\/shop\/"},{"@type":"ListItem","position":3,"name":"TRUUSK Tr\u00e4dg\u00e5rdssk\u00e5p i tr\u00e4 &#8211; Med stegformad sadeltak &#8211; F\u00e4llbar hylla &#8211; V\u00e4derbest\u00e4ndigt &#8211; F\u00f6r tr\u00e4dg\u00e5rd och terrass &#8211; Naturligt tr\u00e4"}]},{"@type":"WebSite","@id":"https:\/\/truusk.store\/sv\/#website","url":"https:\/\/truusk.store\/sv\/","name":"TRUUSK - Hem, Tr\u00e4dg\u00e5rd & Fritid","description":"","publisher":{"@id":"https:\/\/truusk.store\/sv\/#organization"},"potentialAction":[{"@type":"SearchAction","target":{"@type":"EntryPoint","urlTemplate":"https:\/\/truusk.store\/sv\/?s={search_term_string}"},"query-input":{"@type":"PropertyValueSpecification","valueRequired":true,"valueName":"search_term_string"}}],"inLanguage":"sv-SE"},{"@type":"Organization","@id":"https:\/\/truusk.store\/sv\/#organization","name":"TRUUSK - Hem, Tr\u00e4dg\u00e5rd & Fritid","url":"https:\/\/truusk.store\/sv\/","logo":{"@type":"ImageObject","inLanguage":"sv-SE","@id":"https:\/\/truusk.store\/sv\/#\/schema\/logo\/image\/","url":"https:\/\/i0.wp.com\/truusk.store\/wp-content\/uploads\/2026\/03\/cropped-TRUUSK.png?fit=2032%2C917&ssl=1","contentUrl":"https:\/\/i0.wp.com\/truusk.store\/wp-content\/uploads\/2026\/03\/cropped-TRUUSK.png?fit=2032%2C917&ssl=1","width":2032,"height":917,"caption":"TRUUSK - Hem, Tr\u00e4dg\u00e5rd & Fritid"},"image":{"@id":"https:\/\/truusk.store\/sv\/#\/schema\/logo\/image\/"}}]}},"jetpack_sharing_enabled":true,"_links":{"self":[{"href":"https:\/\/truusk.store\/sv\/wp-json\/wp\/v2\/product\/75923","targetHints":{"allow":["GET"]}}],"collection":[{"href":"https:\/\/truusk.store\/sv\/wp-json\/wp\/v2\/product"}],"about":[{"href":"https:\/\/truusk.store\/sv\/wp-json\/wp\/v2\/types\/product"}],"wp:featuredmedia":[{"embeddable":true,"href":"https:\/\/truusk.store\/sv\/wp-json\/wp\/v2\/media\/75914"}],"wp:attachment":[{"href":"https:\/\/truusk.store\/sv\/wp-json\/wp\/v2\/media?parent=75923"}],"wp:term":[{"taxonomy":"product_brand","embeddable":true,"href":"https:\/\/truusk.store\/sv\/wp-json\/wp\/v2\/product_brand?post=75923"},{"taxonomy":"product_cat","embeddable":true,"href":"https:\/\/truusk.store\/sv\/wp-json\/wp\/v2\/product_cat?post=75923"},{"taxonomy":"product_tag","embeddable":true,"href":"https:\/\/truusk.store\/sv\/wp-json\/wp\/v2\/product_tag?post=75923"}],"curies":[{"name":"wp","href":"https:\/\/api.w.org\/{rel}","templated":true}]}}