{"id":75933,"date":"2025-06-06T04:38:44","date_gmt":"2025-06-06T03:38:44","guid":{"rendered":"https:\/\/truusk.store\/product\/2-delat-set-stapelbara-sidobord-rund-tradgardsbord-vaderbestandigt-balkongbord-med-x-ben-glasplatta-stal-campingbord-kaffebord-for-vardagsrum-kontor-utomhus-inomhus-svartgra\/"},"modified":"2026-03-12T08:42:37","modified_gmt":"2026-03-12T07:42:37","slug":"truusk-2-delat-stapelbart-sidobord-vaderbestandigt-glasplatta-x-ben-stal-svartgra-for-inomhus-och-utomhus","status":"publish","type":"product","link":"https:\/\/truusk.store\/sv\/produkt\/truusk-2-delat-stapelbart-sidobord-vaderbestandigt-glasplatta-x-ben-stal-svartgra-for-inomhus-och-utomhus\/","title":{"rendered":"TRUUSK 2-delat Stapelbart Sidobord &#8211; V\u00e4derbest\u00e4ndigt &#8211; Glasplatta &#8211; X-ben &#8211; St\u00e5l &#8211; Svart+Gr\u00e5 &#8211; F\u00f6r Inomhus och Utomhus"},"content":{"rendered":"<p>Upplev elegansen i detta utomhus sidobordssats, som kombinerar m\u00e5ngsidighet med chic design. Oavsett om de placeras tillsammans eller separat, imponerar det tv\u00e5delade tr\u00e4dg\u00e5rdsbordssatsen i alla milj\u00f6er och erbjuder gott om utrymme med bordsskivor p\u00e5 70 cm och 50 cm i diameter. Tillverkad av pulverlackerat st\u00e5l och f\u00f6rsedd med h\u00e4rdat glas, garanterar dessa balkongbord stilfull enkelhet och l\u00e4tt underh\u00e5ll f\u00f6r ditt utomhusomr\u00e5de.<\/p>\n<p>Beskrivning:<\/p>\n<ul>\n<li> Det tv\u00e5delade balkongbordssatsen m\u00f6jligg\u00f6r flexibla arrangemang<\/li>\n<li> Stora och sm\u00e5 bordsskivor p\u00e5 sidobordet erbjuder mycket utrymme f\u00f6r presentation<\/li>\n<li> Pulverlackerat st\u00e5l p\u00e5 sidobordet f\u00f6rhindrar rost och \u00f6kar h\u00e5llbarheten<\/li>\n<li> Stabila X-formade ben p\u00e5 balkongbordet garanterar robust st\u00f6d<\/li>\n<li> Toppdelar av h\u00e4rdat glas underl\u00e4ttar enkel reng\u00f6ring<\/li>\n<li> M\u00e5ngsidig design som kompletterar olika dekorationsstilar<\/li>\n<li> Montering kr\u00e4vs<\/li>\n<\/ul>\n<p> Tekniska data:<\/p>\n<ul>\n<li> F\u00e4rg: Svart+Gr\u00e5<\/li>\n<li> Material: St\u00e5l, h\u00e4rdat glas<\/li>\n<li> Totala dimensioner: \u00d870 x 45H cm (stor), \u00d850 x 35H cm (liten)<\/li>\n<li> Belastningskapacitet: 50 kg (stor), 30 kg (liten)<\/li>\n<\/ul>\n<p>Leveransinneh\u00e5ll:<\/p>\n<ul>\n<li> 2 x Terrassbord<\/li>\n<li> 1 x Handbok<\/li>\n<\/ul>\n","protected":false},"excerpt":{"rendered":"<p>Upplev elegansen i detta utomhus sidobordssats, som kombinerar m\u00e5ngsidighet med chic design. Oavsett om de placeras tillsammans eller separat, imponerar&#8230;<\/p>\n","protected":false},"featured_media":75924,"template":"","meta":[],"product_brand":[],"product_cat":[858,457,450],"product_tag":[],"class_list":{"0":"post-75933","1":"product","2":"type-product","3":"status-publish","4":"has-post-thumbnail","6":"product_cat-tradgard-terrass","7":"product_cat-tradgardsbord","8":"product_cat-tradgardsmobler","10":"first","11":"instock","12":"sale","13":"taxable","14":"shipping-taxable","15":"purchasable","16":"product-type-simple"},"yoast_head":"<!-- This site is optimized with the Yoast SEO plugin v25.4 - https:\/\/yoast.com\/wordpress\/plugins\/seo\/ -->\n<title>TRUUSK 2-delat Stapelbart Sidobord - V\u00e4derbest\u00e4ndigt - Glasplatta - X-ben - St\u00e5l - Svart+Gr\u00e5 - F\u00f6r Inomhus och Utomhus - TRUUSK - Hem, Tr\u00e4dg\u00e5rd &amp; Fritid<\/title>\n<meta name=\"robots\" content=\"index, follow, max-snippet:-1, max-image-preview:large, max-video-preview:-1\" \/>\n<link rel=\"canonical\" href=\"https:\/\/truusk.store\/sv\/produkt\/truusk-2-delat-stapelbart-sidobord-vaderbestandigt-glasplatta-x-ben-stal-svartgra-for-inomhus-och-utomhus\/\" \/>\n<meta property=\"og:locale\" content=\"sv_SE\" \/>\n<meta property=\"og:type\" content=\"article\" \/>\n<meta property=\"og:title\" content=\"TRUUSK 2-delat Stapelbart Sidobord - V\u00e4derbest\u00e4ndigt - Glasplatta - X-ben - St\u00e5l - Svart+Gr\u00e5 - F\u00f6r Inomhus och Utomhus - TRUUSK - Hem, Tr\u00e4dg\u00e5rd &amp; Fritid\" \/>\n<meta property=\"og:description\" content=\"Upplev elegansen i detta utomhus sidobordssats, som kombinerar m\u00e5ngsidighet med chic design. Oavsett om de placeras tillsammans eller separat, imponerar...\" \/>\n<meta property=\"og:url\" content=\"https:\/\/truusk.store\/sv\/produkt\/truusk-2-delat-stapelbart-sidobord-vaderbestandigt-glasplatta-x-ben-stal-svartgra-for-inomhus-och-utomhus\/\" \/>\n<meta property=\"og:site_name\" content=\"TRUUSK - Hem, Tr\u00e4dg\u00e5rd &amp; Fritid\" \/>\n<meta property=\"article:modified_time\" content=\"2026-03-12T07:42:37+00:00\" \/>\n<meta property=\"og:image\" content=\"https:\/\/i0.wp.com\/truusk.se\/wp-content\/uploads\/2025\/06\/2-delat-set-stapelbara-sidobord-rund-tradgardsbord-vaderbestandigt-balkongbord-med-x-ben-glasplatta-stal-campingbord-kaffebord-for-vardagsrum-kontor-utomhus-inomhus-svartgra-1.webp?fit=2000%2C2000&ssl=1\" \/>\n\t<meta property=\"og:image:width\" content=\"2000\" \/>\n\t<meta property=\"og:image:height\" content=\"2000\" \/>\n\t<meta property=\"og:image:type\" content=\"image\/webp\" \/>\n<meta name=\"twitter:card\" content=\"summary_large_image\" \/>\n<meta name=\"twitter:label1\" content=\"Ber\u00e4knad l\u00e4stid\" \/>\n\t<meta name=\"twitter:data1\" content=\"1 minut\" \/>\n<!-- \/ Yoast SEO plugin. -->","yoast_head_json":{"title":"TRUUSK 2-delat Stapelbart Sidobord - V\u00e4derbest\u00e4ndigt - Glasplatta - X-ben - St\u00e5l - Svart+Gr\u00e5 - F\u00f6r Inomhus och Utomhus - TRUUSK - Hem, Tr\u00e4dg\u00e5rd &amp; Fritid","robots":{"index":"index","follow":"follow","max-snippet":"max-snippet:-1","max-image-preview":"max-image-preview:large","max-video-preview":"max-video-preview:-1"},"canonical":"https:\/\/truusk.store\/sv\/produkt\/truusk-2-delat-stapelbart-sidobord-vaderbestandigt-glasplatta-x-ben-stal-svartgra-for-inomhus-och-utomhus\/","og_locale":"sv_SE","og_type":"article","og_title":"TRUUSK 2-delat Stapelbart Sidobord - V\u00e4derbest\u00e4ndigt - Glasplatta - X-ben - St\u00e5l - Svart+Gr\u00e5 - F\u00f6r Inomhus och Utomhus - TRUUSK - Hem, Tr\u00e4dg\u00e5rd &amp; Fritid","og_description":"Upplev elegansen i detta utomhus sidobordssats, som kombinerar m\u00e5ngsidighet med chic design. Oavsett om de placeras tillsammans eller separat, imponerar...","og_url":"https:\/\/truusk.store\/sv\/produkt\/truusk-2-delat-stapelbart-sidobord-vaderbestandigt-glasplatta-x-ben-stal-svartgra-for-inomhus-och-utomhus\/","og_site_name":"TRUUSK - Hem, Tr\u00e4dg\u00e5rd &amp; Fritid","article_modified_time":"2026-03-12T07:42:37+00:00","og_image":[{"width":2000,"height":2000,"url":"https:\/\/i0.wp.com\/truusk.se\/wp-content\/uploads\/2025\/06\/2-delat-set-stapelbara-sidobord-rund-tradgardsbord-vaderbestandigt-balkongbord-med-x-ben-glasplatta-stal-campingbord-kaffebord-for-vardagsrum-kontor-utomhus-inomhus-svartgra-1.webp?fit=2000%2C2000&ssl=1","type":"image\/webp"}],"twitter_card":"summary_large_image","twitter_misc":{"Ber\u00e4knad l\u00e4stid":"1 minut"},"schema":{"@context":"https:\/\/schema.org","@graph":[{"@type":"WebPage","@id":"https:\/\/truusk.store\/sv\/produkt\/truusk-2-delat-stapelbart-sidobord-vaderbestandigt-glasplatta-x-ben-stal-svartgra-for-inomhus-och-utomhus\/","url":"https:\/\/truusk.store\/sv\/produkt\/truusk-2-delat-stapelbart-sidobord-vaderbestandigt-glasplatta-x-ben-stal-svartgra-for-inomhus-och-utomhus\/","name":"TRUUSK 2-delat Stapelbart Sidobord - V\u00e4derbest\u00e4ndigt - Glasplatta - X-ben - St\u00e5l - Svart+Gr\u00e5 - F\u00f6r Inomhus och Utomhus - TRUUSK - Hem, Tr\u00e4dg\u00e5rd &amp; Fritid","isPartOf":{"@id":"https:\/\/truusk.store\/sv\/#website"},"primaryImageOfPage":{"@id":"https:\/\/truusk.store\/sv\/produkt\/truusk-2-delat-stapelbart-sidobord-vaderbestandigt-glasplatta-x-ben-stal-svartgra-for-inomhus-och-utomhus\/#primaryimage"},"image":{"@id":"https:\/\/truusk.store\/sv\/produkt\/truusk-2-delat-stapelbart-sidobord-vaderbestandigt-glasplatta-x-ben-stal-svartgra-for-inomhus-och-utomhus\/#primaryimage"},"thumbnailUrl":"https:\/\/i0.wp.com\/truusk.store\/wp-content\/uploads\/2025\/06\/2-delat-set-stapelbara-sidobord-rund-tradgardsbord-vaderbestandigt-balkongbord-med-x-ben-glasplatta-stal-campingbord-kaffebord-for-vardagsrum-kontor-utomhus-inomhus-svartgra-1.webp?fit=2000%2C2000&ssl=1","datePublished":"2025-06-06T03:38:44+00:00","dateModified":"2026-03-12T07:42:37+00:00","breadcrumb":{"@id":"https:\/\/truusk.store\/sv\/produkt\/truusk-2-delat-stapelbart-sidobord-vaderbestandigt-glasplatta-x-ben-stal-svartgra-for-inomhus-och-utomhus\/#breadcrumb"},"inLanguage":"sv-SE","potentialAction":[{"@type":"ReadAction","target":["https:\/\/truusk.store\/sv\/produkt\/truusk-2-delat-stapelbart-sidobord-vaderbestandigt-glasplatta-x-ben-stal-svartgra-for-inomhus-och-utomhus\/"]}]},{"@type":"ImageObject","inLanguage":"sv-SE","@id":"https:\/\/truusk.store\/sv\/produkt\/truusk-2-delat-stapelbart-sidobord-vaderbestandigt-glasplatta-x-ben-stal-svartgra-for-inomhus-och-utomhus\/#primaryimage","url":"https:\/\/i0.wp.com\/truusk.store\/wp-content\/uploads\/2025\/06\/2-delat-set-stapelbara-sidobord-rund-tradgardsbord-vaderbestandigt-balkongbord-med-x-ben-glasplatta-stal-campingbord-kaffebord-for-vardagsrum-kontor-utomhus-inomhus-svartgra-1.webp?fit=2000%2C2000&ssl=1","contentUrl":"https:\/\/i0.wp.com\/truusk.store\/wp-content\/uploads\/2025\/06\/2-delat-set-stapelbara-sidobord-rund-tradgardsbord-vaderbestandigt-balkongbord-med-x-ben-glasplatta-stal-campingbord-kaffebord-for-vardagsrum-kontor-utomhus-inomhus-svartgra-1.webp?fit=2000%2C2000&ssl=1","width":2000,"height":2000},{"@type":"BreadcrumbList","@id":"https:\/\/truusk.store\/sv\/produkt\/truusk-2-delat-stapelbart-sidobord-vaderbestandigt-glasplatta-x-ben-stal-svartgra-for-inomhus-och-utomhus\/#breadcrumb","itemListElement":[{"@type":"ListItem","position":1,"name":"Home","item":"https:\/\/truusk.store\/sv\/"},{"@type":"ListItem","position":2,"name":"Shop","item":"https:\/\/truusk.store\/shop\/"},{"@type":"ListItem","position":3,"name":"TRUUSK 2-delat Stapelbart Sidobord &#8211; V\u00e4derbest\u00e4ndigt &#8211; Glasplatta &#8211; X-ben &#8211; St\u00e5l &#8211; Svart+Gr\u00e5 &#8211; F\u00f6r Inomhus och Utomhus"}]},{"@type":"WebSite","@id":"https:\/\/truusk.store\/sv\/#website","url":"https:\/\/truusk.store\/sv\/","name":"TRUUSK - Hem, Tr\u00e4dg\u00e5rd & Fritid","description":"","publisher":{"@id":"https:\/\/truusk.store\/sv\/#organization"},"potentialAction":[{"@type":"SearchAction","target":{"@type":"EntryPoint","urlTemplate":"https:\/\/truusk.store\/sv\/?s={search_term_string}"},"query-input":{"@type":"PropertyValueSpecification","valueRequired":true,"valueName":"search_term_string"}}],"inLanguage":"sv-SE"},{"@type":"Organization","@id":"https:\/\/truusk.store\/sv\/#organization","name":"TRUUSK - Hem, Tr\u00e4dg\u00e5rd & Fritid","url":"https:\/\/truusk.store\/sv\/","logo":{"@type":"ImageObject","inLanguage":"sv-SE","@id":"https:\/\/truusk.store\/sv\/#\/schema\/logo\/image\/","url":"https:\/\/i0.wp.com\/truusk.store\/wp-content\/uploads\/2026\/03\/cropped-TRUUSK.png?fit=2032%2C917&ssl=1","contentUrl":"https:\/\/i0.wp.com\/truusk.store\/wp-content\/uploads\/2026\/03\/cropped-TRUUSK.png?fit=2032%2C917&ssl=1","width":2032,"height":917,"caption":"TRUUSK - Hem, Tr\u00e4dg\u00e5rd & Fritid"},"image":{"@id":"https:\/\/truusk.store\/sv\/#\/schema\/logo\/image\/"}}]}},"jetpack_sharing_enabled":true,"_links":{"self":[{"href":"https:\/\/truusk.store\/sv\/wp-json\/wp\/v2\/product\/75933","targetHints":{"allow":["GET"]}}],"collection":[{"href":"https:\/\/truusk.store\/sv\/wp-json\/wp\/v2\/product"}],"about":[{"href":"https:\/\/truusk.store\/sv\/wp-json\/wp\/v2\/types\/product"}],"wp:featuredmedia":[{"embeddable":true,"href":"https:\/\/truusk.store\/sv\/wp-json\/wp\/v2\/media\/75924"}],"wp:attachment":[{"href":"https:\/\/truusk.store\/sv\/wp-json\/wp\/v2\/media?parent=75933"}],"wp:term":[{"taxonomy":"product_brand","embeddable":true,"href":"https:\/\/truusk.store\/sv\/wp-json\/wp\/v2\/product_brand?post=75933"},{"taxonomy":"product_cat","embeddable":true,"href":"https:\/\/truusk.store\/sv\/wp-json\/wp\/v2\/product_cat?post=75933"},{"taxonomy":"product_tag","embeddable":true,"href":"https:\/\/truusk.store\/sv\/wp-json\/wp\/v2\/product_tag?post=75933"}],"curies":[{"name":"wp","href":"https:\/\/api.w.org\/{rel}","templated":true}]}}