{"id":75943,"date":"2025-06-06T04:39:47","date_gmt":"2025-06-06T03:39:47","guid":{"rendered":"https:\/\/truusk.store\/product\/pergola-paviljong-3x25m-uv-30stabil-vinterfast-solskydd-med-justerbart-skjutbart-tak-insynsskydd-planteringskarl-fristaende-tradgardspaviljong-terrasstak-for-tradgard-balkong-morkbrun\/"},"modified":"2026-03-12T08:40:26","modified_gmt":"2026-03-12T07:40:26","slug":"truusk-pergola-paviljong-3x25m-uv-30-stabil-vinterfast-solskydd-justerbart-skjutbart-tak-insynsskydd-planteringskarl","status":"publish","type":"product","link":"https:\/\/truusk.store\/sv\/produkt\/truusk-pergola-paviljong-3x25m-uv-30-stabil-vinterfast-solskydd-justerbart-skjutbart-tak-insynsskydd-planteringskarl\/","title":{"rendered":"TRUUSK Pergola Paviljong 3&#215;2,5m &#8211; UV 30+ Stabil Vinterfast Solskydd &#8211; Justerbart Skjutbart Tak &#8211; Insynsskydd &#8211; Planteringsk\u00e4rl &#8211;"},"content":{"rendered":"<p>F\u00f6rvandla din tr\u00e4dg\u00e5rd till en oas med v\u00e5r eleganta frist\u00e5ende terrass\u00f6verbyggnad! Njut av privata stunder bakom metallsk\u00e4rmar och en blomkruka f\u00f6r dina blommor. Justera pergolans tak enkelt f\u00f6r att undvika bl\u00e4ndning och erbjuda optimal skugga, vilket ger dig en trevlig tillflyktsort. UPF30+ polyestertyget ger skydd och ger din utomhusplats b\u00e5de h\u00e5llbarhet och stil.<\/p>\n<p>Beskrivning:<\/p>\n<ul>\n<li> Metallsk\u00e4rmar p\u00e5 pergolan ger extra avskildhet<\/li>\n<li> Inbyggda planteringsk\u00e4rl st\u00f6der v\u00e4xttillv\u00e4xt och \u00f6kar den visuella dragningskraften<\/li>\n<li> Justerbart tak p\u00e5 pergolan kan flyttas f\u00f6r att anpassa skuggan och blockera bl\u00e4ndning<\/li>\n<li> Polyestertyget p\u00e5 paviljongen \u00e4r motst\u00e5ndskraftigt mot blekning och ger UPF30+ skydd<\/li>\n<li> Pulverlackerad ram med s\u00e4kra installationsm\u00f6jligheter f\u00f6r stabilitet<\/li>\n<li> Montering kr\u00e4vs<\/li>\n<\/ul>\n<p> Tekniska specifikationer:<\/p>\n<ul>\n<li> F\u00e4rg: M\u00f6rkbrun<\/li>\n<li> Material: Metall, Polyester<\/li>\n<li> Totala dimensioner: 295L x 252B x 230H cm<\/li>\n<li> Planteringsk\u00e4rls dimensioner: 65L x 36B x 28H cm<\/li>\n<li> Sk\u00e4rmdimensioner: 220L x 65B cm<\/li>\n<li> Pelaravst\u00e5nd: 240L x 240B cm<\/li>\n<li> Pelardimensioner: 60L x 60B mm<\/li>\n<li> Vindt\u00e5lighetsniv\u00e5: 7 (50-61 km\/h) (med expansionspluggar)<\/li>\n<\/ul>\n<p>Leveransinneh\u00e5ll:<\/p>\n<ul>\n<li> 1 x Pergola<\/li>\n<li> 8 x Markspik<\/li>\n<li> 8 x Plugg<\/li>\n<li> 1 x Manual<\/li>\n<li>Viktigt: Vi levererar artikeln till dig kostnadsfritt till trottoarkanten. Var v\u00e4nlig och se till att adressen och telefonnumret \u00e4r korrekt..<\/li>\n<\/ul>\n","protected":false},"excerpt":{"rendered":"<p>F\u00f6rvandla din tr\u00e4dg\u00e5rd till en oas med v\u00e5r eleganta frist\u00e5ende terrass\u00f6verbyggnad! Njut av privata stunder bakom metallsk\u00e4rmar och en blomkruka&#8230;<\/p>\n","protected":false},"featured_media":75934,"template":"","meta":[],"product_brand":[],"product_cat":[478,858,476],"product_tag":[],"class_list":{"0":"post-75943","1":"product","2":"type-product","3":"status-publish","4":"has-post-thumbnail","6":"product_cat-pergola","7":"product_cat-tradgard-terrass","8":"product_cat-tradgardspaviljonger","10":"first","11":"instock","12":"sale","13":"taxable","14":"shipping-taxable","15":"purchasable","16":"product-type-simple"},"yoast_head":"<!-- This site is optimized with the Yoast SEO plugin v25.4 - https:\/\/yoast.com\/wordpress\/plugins\/seo\/ -->\n<title>TRUUSK Pergola Paviljong 3x2,5m - UV 30+ Stabil Vinterfast Solskydd - Justerbart Skjutbart Tak - Insynsskydd - Planteringsk\u00e4rl - TRUUSK - Hem, Tr\u00e4dg\u00e5rd &amp; Fritid<\/title>\n<meta name=\"robots\" content=\"index, follow, max-snippet:-1, max-image-preview:large, max-video-preview:-1\" \/>\n<link rel=\"canonical\" href=\"https:\/\/truusk.store\/sv\/produkt\/truusk-pergola-paviljong-3x25m-uv-30-stabil-vinterfast-solskydd-justerbart-skjutbart-tak-insynsskydd-planteringskarl\/\" \/>\n<meta property=\"og:locale\" content=\"sv_SE\" \/>\n<meta property=\"og:type\" content=\"article\" \/>\n<meta property=\"og:title\" content=\"TRUUSK Pergola Paviljong 3x2,5m - UV 30+ Stabil Vinterfast Solskydd - Justerbart Skjutbart Tak - Insynsskydd - Planteringsk\u00e4rl - TRUUSK - Hem, Tr\u00e4dg\u00e5rd &amp; Fritid\" \/>\n<meta property=\"og:description\" content=\"F\u00f6rvandla din tr\u00e4dg\u00e5rd till en oas med v\u00e5r eleganta frist\u00e5ende terrass\u00f6verbyggnad! Njut av privata stunder bakom metallsk\u00e4rmar och en blomkruka...\" \/>\n<meta property=\"og:url\" content=\"https:\/\/truusk.store\/sv\/produkt\/truusk-pergola-paviljong-3x25m-uv-30-stabil-vinterfast-solskydd-justerbart-skjutbart-tak-insynsskydd-planteringskarl\/\" \/>\n<meta property=\"og:site_name\" content=\"TRUUSK - Hem, Tr\u00e4dg\u00e5rd &amp; Fritid\" \/>\n<meta property=\"article:modified_time\" content=\"2026-03-12T07:40:26+00:00\" \/>\n<meta property=\"og:image\" content=\"https:\/\/i0.wp.com\/truusk.se\/wp-content\/uploads\/2025\/06\/pergola-paviljong-3x25m-uv-30stabil-vinterfast-solskydd-med-justerbart-skjutbart-tak-insynsskydd-planteringskarl-fristaende-tradgardspaviljong-terrasstak-for-tradgard-balkong-morkbrun-1.webp?fit=2000%2C2000&ssl=1\" \/>\n\t<meta property=\"og:image:width\" content=\"2000\" \/>\n\t<meta property=\"og:image:height\" content=\"2000\" \/>\n\t<meta property=\"og:image:type\" content=\"image\/webp\" \/>\n<meta name=\"twitter:card\" content=\"summary_large_image\" \/>\n<meta name=\"twitter:label1\" content=\"Ber\u00e4knad l\u00e4stid\" \/>\n\t<meta name=\"twitter:data1\" content=\"1 minut\" \/>\n<!-- \/ Yoast SEO plugin. -->","yoast_head_json":{"title":"TRUUSK Pergola Paviljong 3x2,5m - UV 30+ Stabil Vinterfast Solskydd - Justerbart Skjutbart Tak - Insynsskydd - Planteringsk\u00e4rl - TRUUSK - Hem, Tr\u00e4dg\u00e5rd &amp; Fritid","robots":{"index":"index","follow":"follow","max-snippet":"max-snippet:-1","max-image-preview":"max-image-preview:large","max-video-preview":"max-video-preview:-1"},"canonical":"https:\/\/truusk.store\/sv\/produkt\/truusk-pergola-paviljong-3x25m-uv-30-stabil-vinterfast-solskydd-justerbart-skjutbart-tak-insynsskydd-planteringskarl\/","og_locale":"sv_SE","og_type":"article","og_title":"TRUUSK Pergola Paviljong 3x2,5m - UV 30+ Stabil Vinterfast Solskydd - Justerbart Skjutbart Tak - Insynsskydd - Planteringsk\u00e4rl - TRUUSK - Hem, Tr\u00e4dg\u00e5rd &amp; Fritid","og_description":"F\u00f6rvandla din tr\u00e4dg\u00e5rd till en oas med v\u00e5r eleganta frist\u00e5ende terrass\u00f6verbyggnad! Njut av privata stunder bakom metallsk\u00e4rmar och en blomkruka...","og_url":"https:\/\/truusk.store\/sv\/produkt\/truusk-pergola-paviljong-3x25m-uv-30-stabil-vinterfast-solskydd-justerbart-skjutbart-tak-insynsskydd-planteringskarl\/","og_site_name":"TRUUSK - Hem, Tr\u00e4dg\u00e5rd &amp; Fritid","article_modified_time":"2026-03-12T07:40:26+00:00","og_image":[{"width":2000,"height":2000,"url":"https:\/\/i0.wp.com\/truusk.se\/wp-content\/uploads\/2025\/06\/pergola-paviljong-3x25m-uv-30stabil-vinterfast-solskydd-med-justerbart-skjutbart-tak-insynsskydd-planteringskarl-fristaende-tradgardspaviljong-terrasstak-for-tradgard-balkong-morkbrun-1.webp?fit=2000%2C2000&ssl=1","type":"image\/webp"}],"twitter_card":"summary_large_image","twitter_misc":{"Ber\u00e4knad l\u00e4stid":"1 minut"},"schema":{"@context":"https:\/\/schema.org","@graph":[{"@type":"WebPage","@id":"https:\/\/truusk.store\/sv\/produkt\/truusk-pergola-paviljong-3x25m-uv-30-stabil-vinterfast-solskydd-justerbart-skjutbart-tak-insynsskydd-planteringskarl\/","url":"https:\/\/truusk.store\/sv\/produkt\/truusk-pergola-paviljong-3x25m-uv-30-stabil-vinterfast-solskydd-justerbart-skjutbart-tak-insynsskydd-planteringskarl\/","name":"TRUUSK Pergola Paviljong 3x2,5m - UV 30+ Stabil Vinterfast Solskydd - Justerbart Skjutbart Tak - Insynsskydd - Planteringsk\u00e4rl - TRUUSK - Hem, Tr\u00e4dg\u00e5rd &amp; Fritid","isPartOf":{"@id":"https:\/\/truusk.store\/sv\/#website"},"primaryImageOfPage":{"@id":"https:\/\/truusk.store\/sv\/produkt\/truusk-pergola-paviljong-3x25m-uv-30-stabil-vinterfast-solskydd-justerbart-skjutbart-tak-insynsskydd-planteringskarl\/#primaryimage"},"image":{"@id":"https:\/\/truusk.store\/sv\/produkt\/truusk-pergola-paviljong-3x25m-uv-30-stabil-vinterfast-solskydd-justerbart-skjutbart-tak-insynsskydd-planteringskarl\/#primaryimage"},"thumbnailUrl":"https:\/\/i0.wp.com\/truusk.store\/wp-content\/uploads\/2025\/06\/pergola-paviljong-3x25m-uv-30stabil-vinterfast-solskydd-med-justerbart-skjutbart-tak-insynsskydd-planteringskarl-fristaende-tradgardspaviljong-terrasstak-for-tradgard-balkong-morkbrun-1.webp?fit=2000%2C2000&ssl=1","datePublished":"2025-06-06T03:39:47+00:00","dateModified":"2026-03-12T07:40:26+00:00","breadcrumb":{"@id":"https:\/\/truusk.store\/sv\/produkt\/truusk-pergola-paviljong-3x25m-uv-30-stabil-vinterfast-solskydd-justerbart-skjutbart-tak-insynsskydd-planteringskarl\/#breadcrumb"},"inLanguage":"sv-SE","potentialAction":[{"@type":"ReadAction","target":["https:\/\/truusk.store\/sv\/produkt\/truusk-pergola-paviljong-3x25m-uv-30-stabil-vinterfast-solskydd-justerbart-skjutbart-tak-insynsskydd-planteringskarl\/"]}]},{"@type":"ImageObject","inLanguage":"sv-SE","@id":"https:\/\/truusk.store\/sv\/produkt\/truusk-pergola-paviljong-3x25m-uv-30-stabil-vinterfast-solskydd-justerbart-skjutbart-tak-insynsskydd-planteringskarl\/#primaryimage","url":"https:\/\/i0.wp.com\/truusk.store\/wp-content\/uploads\/2025\/06\/pergola-paviljong-3x25m-uv-30stabil-vinterfast-solskydd-med-justerbart-skjutbart-tak-insynsskydd-planteringskarl-fristaende-tradgardspaviljong-terrasstak-for-tradgard-balkong-morkbrun-1.webp?fit=2000%2C2000&ssl=1","contentUrl":"https:\/\/i0.wp.com\/truusk.store\/wp-content\/uploads\/2025\/06\/pergola-paviljong-3x25m-uv-30stabil-vinterfast-solskydd-med-justerbart-skjutbart-tak-insynsskydd-planteringskarl-fristaende-tradgardspaviljong-terrasstak-for-tradgard-balkong-morkbrun-1.webp?fit=2000%2C2000&ssl=1","width":2000,"height":2000},{"@type":"BreadcrumbList","@id":"https:\/\/truusk.store\/sv\/produkt\/truusk-pergola-paviljong-3x25m-uv-30-stabil-vinterfast-solskydd-justerbart-skjutbart-tak-insynsskydd-planteringskarl\/#breadcrumb","itemListElement":[{"@type":"ListItem","position":1,"name":"Home","item":"https:\/\/truusk.store\/sv\/"},{"@type":"ListItem","position":2,"name":"Shop","item":"https:\/\/truusk.store\/shop\/"},{"@type":"ListItem","position":3,"name":"TRUUSK Pergola Paviljong 3&#215;2,5m &#8211; UV 30+ Stabil Vinterfast Solskydd &#8211; Justerbart Skjutbart Tak &#8211; Insynsskydd &#8211; Planteringsk\u00e4rl &#8211;"}]},{"@type":"WebSite","@id":"https:\/\/truusk.store\/sv\/#website","url":"https:\/\/truusk.store\/sv\/","name":"TRUUSK - Hem, Tr\u00e4dg\u00e5rd & Fritid","description":"","publisher":{"@id":"https:\/\/truusk.store\/sv\/#organization"},"potentialAction":[{"@type":"SearchAction","target":{"@type":"EntryPoint","urlTemplate":"https:\/\/truusk.store\/sv\/?s={search_term_string}"},"query-input":{"@type":"PropertyValueSpecification","valueRequired":true,"valueName":"search_term_string"}}],"inLanguage":"sv-SE"},{"@type":"Organization","@id":"https:\/\/truusk.store\/sv\/#organization","name":"TRUUSK - Hem, Tr\u00e4dg\u00e5rd & Fritid","url":"https:\/\/truusk.store\/sv\/","logo":{"@type":"ImageObject","inLanguage":"sv-SE","@id":"https:\/\/truusk.store\/sv\/#\/schema\/logo\/image\/","url":"https:\/\/i0.wp.com\/truusk.store\/wp-content\/uploads\/2026\/03\/cropped-TRUUSK.png?fit=2032%2C917&ssl=1","contentUrl":"https:\/\/i0.wp.com\/truusk.store\/wp-content\/uploads\/2026\/03\/cropped-TRUUSK.png?fit=2032%2C917&ssl=1","width":2032,"height":917,"caption":"TRUUSK - Hem, Tr\u00e4dg\u00e5rd & Fritid"},"image":{"@id":"https:\/\/truusk.store\/sv\/#\/schema\/logo\/image\/"}}]}},"jetpack_sharing_enabled":true,"_links":{"self":[{"href":"https:\/\/truusk.store\/sv\/wp-json\/wp\/v2\/product\/75943","targetHints":{"allow":["GET"]}}],"collection":[{"href":"https:\/\/truusk.store\/sv\/wp-json\/wp\/v2\/product"}],"about":[{"href":"https:\/\/truusk.store\/sv\/wp-json\/wp\/v2\/types\/product"}],"wp:featuredmedia":[{"embeddable":true,"href":"https:\/\/truusk.store\/sv\/wp-json\/wp\/v2\/media\/75934"}],"wp:attachment":[{"href":"https:\/\/truusk.store\/sv\/wp-json\/wp\/v2\/media?parent=75943"}],"wp:term":[{"taxonomy":"product_brand","embeddable":true,"href":"https:\/\/truusk.store\/sv\/wp-json\/wp\/v2\/product_brand?post=75943"},{"taxonomy":"product_cat","embeddable":true,"href":"https:\/\/truusk.store\/sv\/wp-json\/wp\/v2\/product_cat?post=75943"},{"taxonomy":"product_tag","embeddable":true,"href":"https:\/\/truusk.store\/sv\/wp-json\/wp\/v2\/product_tag?post=75943"}],"curies":[{"name":"wp","href":"https:\/\/api.w.org\/{rel}","templated":true}]}}