{"id":75953,"date":"2025-06-06T04:40:51","date_gmt":"2025-06-06T03:40:51","guid":{"rendered":"https:\/\/truusk.store\/product\/5-delad-matgrupp-i-stal-for-4-personer-matbord-med-4-hopfallbara-stolar-matsalsgrupp-med-glasbord-koksbordssats-balkongmobler-tradgardsmobler-for-terrass-balkong-gra\/"},"modified":"2026-03-12T08:40:46","modified_gmt":"2026-03-12T07:40:46","slug":"truusk-5-delad-matgrupp-i-stal-matbord-med-glasbord-4-hopfallbara-stolar-for-4-personer-balkongmobler-gra","status":"publish","type":"product","link":"https:\/\/truusk.store\/sv\/produkt\/truusk-5-delad-matgrupp-i-stal-matbord-med-glasbord-4-hopfallbara-stolar-for-4-personer-balkongmobler-gra\/","title":{"rendered":"TRUUSK 5-delad Matgrupp I St\u00e5l &#8211; Matbord Med Glasbord &#8211; 4 Hopf\u00e4llbara Stolar &#8211; F\u00f6r 4 Personer &#8211; Balkongm\u00f6bler &#8211; Gr\u00e5"},"content":{"rendered":"<p>G\u00f6r dig redo f\u00f6r soliga bruncher och middagar under bar himmel med TRUUSK tr\u00e4dg\u00e5rdsm\u00f6belset. Detta stilfulla 5-delade tr\u00e4dg\u00e5rdsm\u00f6belset, best\u00e5ende av ett bord med en elegant 5mm h\u00e4rdat glasyta, garanterar l\u00e4tt sk\u00f6tsel och best\u00e5ende charm. Varje stol i tr\u00e4dg\u00e5rdssetet erbjuder h\u00f6gsta komfort med en Texteline-sits, ryggst\u00f6d och armst\u00f6d. De hopf\u00e4llbara stolarna underl\u00e4ttar ocks\u00e5 f\u00f6rvaring.<\/p>\n<p>Beskrivning:<\/p>\n<ul>\n<li> Det femdelade tr\u00e4dg\u00e5rdsm\u00f6belsetet inkluderar fyra stolar och ett bord<\/li>\n<li> 5 mm h\u00e4rdat glasplatta, l\u00e4tt att sk\u00f6ta<\/li>\n<li> Texteline-sitser och ryggst\u00f6d i tr\u00e4dg\u00e5rdssetet ger bekv\u00e4m sittning<\/li>\n<li> Armst\u00f6d p\u00e5 varje stol \u00f6kar komforten<\/li>\n<li> St\u00e5lram med pulverbel\u00e4ggning, robust och rostbest\u00e4ndig<\/li>\n<li> Stolarna i tr\u00e4dg\u00e5rdssetet kan f\u00e4llas ihop f\u00f6r platsbesparande f\u00f6rvaring<\/li>\n<li> Montering kr\u00e4vs<\/li>\n<\/ul>\n<p> Tekniska data:<\/p>\n<ul>\n<li> F\u00e4rg: Gr\u00e5<\/li>\n<li> Material: St\u00e5l, Textilene, H\u00e4rdat glas<\/li>\n<li> Bord: 150L x 90B x 72H cm<\/li>\n<li> Stol: 58B x 55T x 89H cm<\/li>\n<li> Sits: 47B x 41T x 44H cm<\/li>\n<li> Ryggst\u00f6d: 58L x 23H cm<\/li>\n<li> Hopf\u00e4llda m\u00e5tt f\u00f6r stolen: 90L x 52B x 16H cm<\/li>\n<li> Maximal belastning: 50 kg (bord), 120 kg (stol)<\/li>\n<\/ul>\n<p>Leveransinneh\u00e5ll:<\/p>\n<ul>\n<li> 4 x Stol<\/li>\n<li> 1 x Bord<\/li>\n<li> 1 x Handbok<\/li>\n<\/ul>\n","protected":false},"excerpt":{"rendered":"<p>G\u00f6r dig redo f\u00f6r soliga bruncher och middagar under bar himmel med TRUUSK tr\u00e4dg\u00e5rdsm\u00f6belset. Detta stilfulla 5-delade tr\u00e4dg\u00e5rdsm\u00f6belset, best\u00e5ende av&#8230;<\/p>\n","protected":false},"featured_media":75944,"template":"","meta":[],"product_brand":[],"product_cat":[858,450,456],"product_tag":[],"class_list":{"0":"post-75953","1":"product","2":"type-product","3":"status-publish","4":"has-post-thumbnail","6":"product_cat-tradgard-terrass","7":"product_cat-tradgardsmobler","8":"product_cat-tradgardsmobler-set","10":"first","11":"instock","12":"sale","13":"taxable","14":"shipping-taxable","15":"purchasable","16":"product-type-simple"},"yoast_head":"<!-- This site is optimized with the Yoast SEO plugin v25.4 - https:\/\/yoast.com\/wordpress\/plugins\/seo\/ -->\n<title>TRUUSK 5-delad Matgrupp I St\u00e5l - Matbord Med Glasbord - 4 Hopf\u00e4llbara Stolar - F\u00f6r 4 Personer - Balkongm\u00f6bler - Gr\u00e5 - TRUUSK - Hem, Tr\u00e4dg\u00e5rd &amp; Fritid<\/title>\n<meta name=\"robots\" content=\"index, follow, max-snippet:-1, max-image-preview:large, max-video-preview:-1\" \/>\n<link rel=\"canonical\" href=\"https:\/\/truusk.store\/sv\/produkt\/truusk-5-delad-matgrupp-i-stal-matbord-med-glasbord-4-hopfallbara-stolar-for-4-personer-balkongmobler-gra\/\" \/>\n<meta property=\"og:locale\" content=\"sv_SE\" \/>\n<meta property=\"og:type\" content=\"article\" \/>\n<meta property=\"og:title\" content=\"TRUUSK 5-delad Matgrupp I St\u00e5l - Matbord Med Glasbord - 4 Hopf\u00e4llbara Stolar - F\u00f6r 4 Personer - Balkongm\u00f6bler - Gr\u00e5 - TRUUSK - Hem, Tr\u00e4dg\u00e5rd &amp; Fritid\" \/>\n<meta property=\"og:description\" content=\"G\u00f6r dig redo f\u00f6r soliga bruncher och middagar under bar himmel med TRUUSK tr\u00e4dg\u00e5rdsm\u00f6belset. Detta stilfulla 5-delade tr\u00e4dg\u00e5rdsm\u00f6belset, best\u00e5ende av...\" \/>\n<meta property=\"og:url\" content=\"https:\/\/truusk.store\/sv\/produkt\/truusk-5-delad-matgrupp-i-stal-matbord-med-glasbord-4-hopfallbara-stolar-for-4-personer-balkongmobler-gra\/\" \/>\n<meta property=\"og:site_name\" content=\"TRUUSK - Hem, Tr\u00e4dg\u00e5rd &amp; Fritid\" \/>\n<meta property=\"article:modified_time\" content=\"2026-03-12T07:40:46+00:00\" \/>\n<meta property=\"og:image\" content=\"https:\/\/i0.wp.com\/truusk.se\/wp-content\/uploads\/2025\/06\/5-delad-matgrupp-i-stal-for-4-personer-matbord-med-4-hopfallbara-stolar-matsalsgrupp-med-glasbord-koksbordssats-balkongmobler-tradgardsmobler-for-terrass-balkong-gra-1.webp?fit=2000%2C2000&ssl=1\" \/>\n\t<meta property=\"og:image:width\" content=\"2000\" \/>\n\t<meta property=\"og:image:height\" content=\"2000\" \/>\n\t<meta property=\"og:image:type\" content=\"image\/webp\" \/>\n<meta name=\"twitter:card\" content=\"summary_large_image\" \/>\n<meta name=\"twitter:label1\" content=\"Ber\u00e4knad l\u00e4stid\" \/>\n\t<meta name=\"twitter:data1\" content=\"1 minut\" \/>\n<!-- \/ Yoast SEO plugin. -->","yoast_head_json":{"title":"TRUUSK 5-delad Matgrupp I St\u00e5l - Matbord Med Glasbord - 4 Hopf\u00e4llbara Stolar - F\u00f6r 4 Personer - Balkongm\u00f6bler - Gr\u00e5 - TRUUSK - Hem, Tr\u00e4dg\u00e5rd &amp; Fritid","robots":{"index":"index","follow":"follow","max-snippet":"max-snippet:-1","max-image-preview":"max-image-preview:large","max-video-preview":"max-video-preview:-1"},"canonical":"https:\/\/truusk.store\/sv\/produkt\/truusk-5-delad-matgrupp-i-stal-matbord-med-glasbord-4-hopfallbara-stolar-for-4-personer-balkongmobler-gra\/","og_locale":"sv_SE","og_type":"article","og_title":"TRUUSK 5-delad Matgrupp I St\u00e5l - Matbord Med Glasbord - 4 Hopf\u00e4llbara Stolar - F\u00f6r 4 Personer - Balkongm\u00f6bler - Gr\u00e5 - TRUUSK - Hem, Tr\u00e4dg\u00e5rd &amp; Fritid","og_description":"G\u00f6r dig redo f\u00f6r soliga bruncher och middagar under bar himmel med TRUUSK tr\u00e4dg\u00e5rdsm\u00f6belset. Detta stilfulla 5-delade tr\u00e4dg\u00e5rdsm\u00f6belset, best\u00e5ende av...","og_url":"https:\/\/truusk.store\/sv\/produkt\/truusk-5-delad-matgrupp-i-stal-matbord-med-glasbord-4-hopfallbara-stolar-for-4-personer-balkongmobler-gra\/","og_site_name":"TRUUSK - Hem, Tr\u00e4dg\u00e5rd &amp; Fritid","article_modified_time":"2026-03-12T07:40:46+00:00","og_image":[{"width":2000,"height":2000,"url":"https:\/\/i0.wp.com\/truusk.se\/wp-content\/uploads\/2025\/06\/5-delad-matgrupp-i-stal-for-4-personer-matbord-med-4-hopfallbara-stolar-matsalsgrupp-med-glasbord-koksbordssats-balkongmobler-tradgardsmobler-for-terrass-balkong-gra-1.webp?fit=2000%2C2000&ssl=1","type":"image\/webp"}],"twitter_card":"summary_large_image","twitter_misc":{"Ber\u00e4knad l\u00e4stid":"1 minut"},"schema":{"@context":"https:\/\/schema.org","@graph":[{"@type":"WebPage","@id":"https:\/\/truusk.store\/sv\/produkt\/truusk-5-delad-matgrupp-i-stal-matbord-med-glasbord-4-hopfallbara-stolar-for-4-personer-balkongmobler-gra\/","url":"https:\/\/truusk.store\/sv\/produkt\/truusk-5-delad-matgrupp-i-stal-matbord-med-glasbord-4-hopfallbara-stolar-for-4-personer-balkongmobler-gra\/","name":"TRUUSK 5-delad Matgrupp I St\u00e5l - Matbord Med Glasbord - 4 Hopf\u00e4llbara Stolar - F\u00f6r 4 Personer - Balkongm\u00f6bler - Gr\u00e5 - TRUUSK - Hem, Tr\u00e4dg\u00e5rd &amp; Fritid","isPartOf":{"@id":"https:\/\/truusk.store\/sv\/#website"},"primaryImageOfPage":{"@id":"https:\/\/truusk.store\/sv\/produkt\/truusk-5-delad-matgrupp-i-stal-matbord-med-glasbord-4-hopfallbara-stolar-for-4-personer-balkongmobler-gra\/#primaryimage"},"image":{"@id":"https:\/\/truusk.store\/sv\/produkt\/truusk-5-delad-matgrupp-i-stal-matbord-med-glasbord-4-hopfallbara-stolar-for-4-personer-balkongmobler-gra\/#primaryimage"},"thumbnailUrl":"https:\/\/i0.wp.com\/truusk.store\/wp-content\/uploads\/2025\/06\/5-delad-matgrupp-i-stal-for-4-personer-matbord-med-4-hopfallbara-stolar-matsalsgrupp-med-glasbord-koksbordssats-balkongmobler-tradgardsmobler-for-terrass-balkong-gra-1.webp?fit=2000%2C2000&ssl=1","datePublished":"2025-06-06T03:40:51+00:00","dateModified":"2026-03-12T07:40:46+00:00","breadcrumb":{"@id":"https:\/\/truusk.store\/sv\/produkt\/truusk-5-delad-matgrupp-i-stal-matbord-med-glasbord-4-hopfallbara-stolar-for-4-personer-balkongmobler-gra\/#breadcrumb"},"inLanguage":"sv-SE","potentialAction":[{"@type":"ReadAction","target":["https:\/\/truusk.store\/sv\/produkt\/truusk-5-delad-matgrupp-i-stal-matbord-med-glasbord-4-hopfallbara-stolar-for-4-personer-balkongmobler-gra\/"]}]},{"@type":"ImageObject","inLanguage":"sv-SE","@id":"https:\/\/truusk.store\/sv\/produkt\/truusk-5-delad-matgrupp-i-stal-matbord-med-glasbord-4-hopfallbara-stolar-for-4-personer-balkongmobler-gra\/#primaryimage","url":"https:\/\/i0.wp.com\/truusk.store\/wp-content\/uploads\/2025\/06\/5-delad-matgrupp-i-stal-for-4-personer-matbord-med-4-hopfallbara-stolar-matsalsgrupp-med-glasbord-koksbordssats-balkongmobler-tradgardsmobler-for-terrass-balkong-gra-1.webp?fit=2000%2C2000&ssl=1","contentUrl":"https:\/\/i0.wp.com\/truusk.store\/wp-content\/uploads\/2025\/06\/5-delad-matgrupp-i-stal-for-4-personer-matbord-med-4-hopfallbara-stolar-matsalsgrupp-med-glasbord-koksbordssats-balkongmobler-tradgardsmobler-for-terrass-balkong-gra-1.webp?fit=2000%2C2000&ssl=1","width":2000,"height":2000},{"@type":"BreadcrumbList","@id":"https:\/\/truusk.store\/sv\/produkt\/truusk-5-delad-matgrupp-i-stal-matbord-med-glasbord-4-hopfallbara-stolar-for-4-personer-balkongmobler-gra\/#breadcrumb","itemListElement":[{"@type":"ListItem","position":1,"name":"Home","item":"https:\/\/truusk.store\/sv\/"},{"@type":"ListItem","position":2,"name":"Shop","item":"https:\/\/truusk.store\/shop\/"},{"@type":"ListItem","position":3,"name":"TRUUSK 5-delad Matgrupp I St\u00e5l &#8211; Matbord Med Glasbord &#8211; 4 Hopf\u00e4llbara Stolar &#8211; F\u00f6r 4 Personer &#8211; Balkongm\u00f6bler &#8211; Gr\u00e5"}]},{"@type":"WebSite","@id":"https:\/\/truusk.store\/sv\/#website","url":"https:\/\/truusk.store\/sv\/","name":"TRUUSK - Hem, Tr\u00e4dg\u00e5rd & Fritid","description":"","publisher":{"@id":"https:\/\/truusk.store\/sv\/#organization"},"potentialAction":[{"@type":"SearchAction","target":{"@type":"EntryPoint","urlTemplate":"https:\/\/truusk.store\/sv\/?s={search_term_string}"},"query-input":{"@type":"PropertyValueSpecification","valueRequired":true,"valueName":"search_term_string"}}],"inLanguage":"sv-SE"},{"@type":"Organization","@id":"https:\/\/truusk.store\/sv\/#organization","name":"TRUUSK - Hem, Tr\u00e4dg\u00e5rd & Fritid","url":"https:\/\/truusk.store\/sv\/","logo":{"@type":"ImageObject","inLanguage":"sv-SE","@id":"https:\/\/truusk.store\/sv\/#\/schema\/logo\/image\/","url":"https:\/\/i0.wp.com\/truusk.store\/wp-content\/uploads\/2026\/03\/cropped-TRUUSK.png?fit=2032%2C917&ssl=1","contentUrl":"https:\/\/i0.wp.com\/truusk.store\/wp-content\/uploads\/2026\/03\/cropped-TRUUSK.png?fit=2032%2C917&ssl=1","width":2032,"height":917,"caption":"TRUUSK - Hem, Tr\u00e4dg\u00e5rd & Fritid"},"image":{"@id":"https:\/\/truusk.store\/sv\/#\/schema\/logo\/image\/"}}]}},"jetpack_sharing_enabled":true,"_links":{"self":[{"href":"https:\/\/truusk.store\/sv\/wp-json\/wp\/v2\/product\/75953","targetHints":{"allow":["GET"]}}],"collection":[{"href":"https:\/\/truusk.store\/sv\/wp-json\/wp\/v2\/product"}],"about":[{"href":"https:\/\/truusk.store\/sv\/wp-json\/wp\/v2\/types\/product"}],"wp:featuredmedia":[{"embeddable":true,"href":"https:\/\/truusk.store\/sv\/wp-json\/wp\/v2\/media\/75944"}],"wp:attachment":[{"href":"https:\/\/truusk.store\/sv\/wp-json\/wp\/v2\/media?parent=75953"}],"wp:term":[{"taxonomy":"product_brand","embeddable":true,"href":"https:\/\/truusk.store\/sv\/wp-json\/wp\/v2\/product_brand?post=75953"},{"taxonomy":"product_cat","embeddable":true,"href":"https:\/\/truusk.store\/sv\/wp-json\/wp\/v2\/product_cat?post=75953"},{"taxonomy":"product_tag","embeddable":true,"href":"https:\/\/truusk.store\/sv\/wp-json\/wp\/v2\/product_tag?post=75953"}],"curies":[{"name":"wp","href":"https:\/\/api.w.org\/{rel}","templated":true}]}}