{"id":75963,"date":"2025-06-06T04:41:52","date_gmt":"2025-06-06T03:41:52","guid":{"rendered":"https:\/\/truusk.store\/product\/hogbadd-planteringslada-med-klatterstallning-oppen-botten-spalje-planteringskarl-blomlada-i-tra-tradgardsspalje-65x65x60cm-for-tradgard-balkong-blomkarl-for-klattervaxter-korgvaxter-blommor\/"},"modified":"2026-03-12T08:43:10","modified_gmt":"2026-03-12T07:43:10","slug":"truusk-hogbadd-planteringslada-med-klatterstallning-oppen-botten-spalje-planteringskarl-i-tra-tradgardsspalje-65x65x60cm","status":"publish","type":"product","link":"https:\/\/truusk.store\/sv\/produkt\/truusk-hogbadd-planteringslada-med-klatterstallning-oppen-botten-spalje-planteringskarl-i-tra-tradgardsspalje-65x65x60cm\/","title":{"rendered":"TRUUSK H\u00f6gb\u00e4dd Planteringsl\u00e5da Med Kl\u00e4tterst\u00e4llning &#8211; \u00d6ppen Botten &#8211; Spalj\u00e9 Planteringsk\u00e4rl I Tr\u00e4 &#8211; Tr\u00e4dg\u00e5rdsspalj\u00e9 65x65x60cm &#8211;"},"content":{"rendered":"<p>Uppt\u00e4ck tr\u00e4dg\u00e5rdsgl\u00e4djen med TRUUSK h\u00f6gkvarter med kl\u00e4tterst\u00f6d av massiv gran. Denna h\u00f6gkvarter f\u00f6r tr\u00e4dg\u00e5rden \u00e4r motst\u00e5ndskraftig mot sprickor och deformationer och berikar visuellt din tr\u00e4dg\u00e5rd. Tack vare den \u00f6ppna botten \u00e4r en idealisk dr\u00e4nering m\u00f6jlig, vilket st\u00f6der rottillv\u00e4xten. Den integrerade kl\u00e4tterst\u00f6det f\u00f6r h\u00f6gkvarteret \u00e4r perfekt f\u00f6r kl\u00e4tterv\u00e4xter och mer.<\/p>\n<p>Beskrivning:<\/p>\n<ul>\n<li> Solid grantr\u00e4konstruktion av h\u00f6gkvarteret motst\u00e5r sprickor och deformationer utm\u00e4rkt<\/li>\n<li> H\u00f6rnstolpar och tv\u00e4rstag f\u00f6rst\u00e4rker den strukturella integriteten<\/li>\n<li> \u00d6ppen botten design av h\u00f6gkvarteret fr\u00e4mjar utm\u00e4rkt rotdr\u00e4nering<\/li>\n<li> Kl\u00e4tterst\u00f6d omger h\u00f6gkvarteret, l\u00e4mpligt f\u00f6r kl\u00e4tterv\u00e4xter<\/li>\n<li> Tillg\u00e4nglig i tre h\u00f6jder, l\u00e4mplig f\u00f6r olika v\u00e4xtarter<\/li>\n<li> Rymlig f\u00f6r odling av gr\u00f6nsaker, frukt, blommor och \u00f6rter<\/li>\n<li> Montering kr\u00e4vs<\/li>\n<\/ul>\n<p> Tekniska data:<\/p>\n<ul>\n<li> F\u00e4rg: Karamellbrun<\/li>\n<li> Material: Grantr\u00e4<\/li>\n<li> Totala dimensioner: 65L x 65B x 73H cm<\/li>\n<li> Planteringsomr\u00e5dets dimensioner: 53L x 53B x 73H cm<\/li>\n<\/ul>\n<p>Leveransinneh\u00e5ll:<\/p>\n<ul>\n<li> 1 x H\u00f6gkvarter<\/li>\n<li> 1 x Bruksanvisning<\/li>\n<\/ul>\n","protected":false},"excerpt":{"rendered":"<p>Uppt\u00e4ck tr\u00e4dg\u00e5rdsgl\u00e4djen med TRUUSK h\u00f6gkvarter med kl\u00e4tterst\u00f6d av massiv gran. Denna h\u00f6gkvarter f\u00f6r tr\u00e4dg\u00e5rden \u00e4r motst\u00e5ndskraftig mot sprickor och deformationer&#8230;<\/p>\n","protected":false},"featured_media":75954,"template":"","meta":[],"product_brand":[],"product_cat":[924,858,443],"product_tag":[],"class_list":{"0":"post-75963","1":"product","2":"type-product","3":"status-publish","4":"has-post-thumbnail","6":"product_cat-plantkarl","7":"product_cat-tradgard-terrass","8":"product_cat-vaxthus-tradgardsskotsel","10":"first","11":"instock","12":"sale","13":"taxable","14":"shipping-taxable","15":"purchasable","16":"product-type-simple"},"yoast_head":"<!-- This site is optimized with the Yoast SEO plugin v25.4 - https:\/\/yoast.com\/wordpress\/plugins\/seo\/ -->\n<title>TRUUSK H\u00f6gb\u00e4dd Planteringsl\u00e5da Med Kl\u00e4tterst\u00e4llning - \u00d6ppen Botten - Spalj\u00e9 Planteringsk\u00e4rl I Tr\u00e4 - Tr\u00e4dg\u00e5rdsspalj\u00e9 65x65x60cm - TRUUSK - Hem, Tr\u00e4dg\u00e5rd &amp; Fritid<\/title>\n<meta name=\"robots\" content=\"index, follow, max-snippet:-1, max-image-preview:large, max-video-preview:-1\" \/>\n<link rel=\"canonical\" href=\"https:\/\/truusk.store\/sv\/produkt\/truusk-hogbadd-planteringslada-med-klatterstallning-oppen-botten-spalje-planteringskarl-i-tra-tradgardsspalje-65x65x60cm\/\" \/>\n<meta property=\"og:locale\" content=\"sv_SE\" \/>\n<meta property=\"og:type\" content=\"article\" \/>\n<meta property=\"og:title\" content=\"TRUUSK H\u00f6gb\u00e4dd Planteringsl\u00e5da Med Kl\u00e4tterst\u00e4llning - \u00d6ppen Botten - Spalj\u00e9 Planteringsk\u00e4rl I Tr\u00e4 - Tr\u00e4dg\u00e5rdsspalj\u00e9 65x65x60cm - TRUUSK - Hem, Tr\u00e4dg\u00e5rd &amp; Fritid\" \/>\n<meta property=\"og:description\" content=\"Uppt\u00e4ck tr\u00e4dg\u00e5rdsgl\u00e4djen med TRUUSK h\u00f6gkvarter med kl\u00e4tterst\u00f6d av massiv gran. Denna h\u00f6gkvarter f\u00f6r tr\u00e4dg\u00e5rden \u00e4r motst\u00e5ndskraftig mot sprickor och deformationer...\" \/>\n<meta property=\"og:url\" content=\"https:\/\/truusk.store\/sv\/produkt\/truusk-hogbadd-planteringslada-med-klatterstallning-oppen-botten-spalje-planteringskarl-i-tra-tradgardsspalje-65x65x60cm\/\" \/>\n<meta property=\"og:site_name\" content=\"TRUUSK - Hem, Tr\u00e4dg\u00e5rd &amp; Fritid\" \/>\n<meta property=\"article:modified_time\" content=\"2026-03-12T07:43:10+00:00\" \/>\n<meta property=\"og:image\" content=\"https:\/\/i0.wp.com\/truusk.se\/wp-content\/uploads\/2025\/06\/hogbadd-planteringslada-med-klatterstallning-oppen-botten-spalje-planteringskarl-blomlada-i-tra-tradgardsspalje-65x65x60cm-for-tradgard-balkong-blomkarl-for-klattervaxter-korgvaxter-blommor-1.webp?fit=2000%2C2000&ssl=1\" \/>\n\t<meta property=\"og:image:width\" content=\"2000\" \/>\n\t<meta property=\"og:image:height\" content=\"2000\" \/>\n\t<meta property=\"og:image:type\" content=\"image\/webp\" \/>\n<meta name=\"twitter:card\" content=\"summary_large_image\" \/>\n<meta name=\"twitter:label1\" content=\"Ber\u00e4knad l\u00e4stid\" \/>\n\t<meta name=\"twitter:data1\" content=\"1 minut\" \/>\n<!-- \/ Yoast SEO plugin. -->","yoast_head_json":{"title":"TRUUSK H\u00f6gb\u00e4dd Planteringsl\u00e5da Med Kl\u00e4tterst\u00e4llning - \u00d6ppen Botten - Spalj\u00e9 Planteringsk\u00e4rl I Tr\u00e4 - Tr\u00e4dg\u00e5rdsspalj\u00e9 65x65x60cm - TRUUSK - Hem, Tr\u00e4dg\u00e5rd &amp; Fritid","robots":{"index":"index","follow":"follow","max-snippet":"max-snippet:-1","max-image-preview":"max-image-preview:large","max-video-preview":"max-video-preview:-1"},"canonical":"https:\/\/truusk.store\/sv\/produkt\/truusk-hogbadd-planteringslada-med-klatterstallning-oppen-botten-spalje-planteringskarl-i-tra-tradgardsspalje-65x65x60cm\/","og_locale":"sv_SE","og_type":"article","og_title":"TRUUSK H\u00f6gb\u00e4dd Planteringsl\u00e5da Med Kl\u00e4tterst\u00e4llning - \u00d6ppen Botten - Spalj\u00e9 Planteringsk\u00e4rl I Tr\u00e4 - Tr\u00e4dg\u00e5rdsspalj\u00e9 65x65x60cm - TRUUSK - Hem, Tr\u00e4dg\u00e5rd &amp; Fritid","og_description":"Uppt\u00e4ck tr\u00e4dg\u00e5rdsgl\u00e4djen med TRUUSK h\u00f6gkvarter med kl\u00e4tterst\u00f6d av massiv gran. Denna h\u00f6gkvarter f\u00f6r tr\u00e4dg\u00e5rden \u00e4r motst\u00e5ndskraftig mot sprickor och deformationer...","og_url":"https:\/\/truusk.store\/sv\/produkt\/truusk-hogbadd-planteringslada-med-klatterstallning-oppen-botten-spalje-planteringskarl-i-tra-tradgardsspalje-65x65x60cm\/","og_site_name":"TRUUSK - Hem, Tr\u00e4dg\u00e5rd &amp; Fritid","article_modified_time":"2026-03-12T07:43:10+00:00","og_image":[{"width":2000,"height":2000,"url":"https:\/\/i0.wp.com\/truusk.se\/wp-content\/uploads\/2025\/06\/hogbadd-planteringslada-med-klatterstallning-oppen-botten-spalje-planteringskarl-blomlada-i-tra-tradgardsspalje-65x65x60cm-for-tradgard-balkong-blomkarl-for-klattervaxter-korgvaxter-blommor-1.webp?fit=2000%2C2000&ssl=1","type":"image\/webp"}],"twitter_card":"summary_large_image","twitter_misc":{"Ber\u00e4knad l\u00e4stid":"1 minut"},"schema":{"@context":"https:\/\/schema.org","@graph":[{"@type":"WebPage","@id":"https:\/\/truusk.store\/sv\/produkt\/truusk-hogbadd-planteringslada-med-klatterstallning-oppen-botten-spalje-planteringskarl-i-tra-tradgardsspalje-65x65x60cm\/","url":"https:\/\/truusk.store\/sv\/produkt\/truusk-hogbadd-planteringslada-med-klatterstallning-oppen-botten-spalje-planteringskarl-i-tra-tradgardsspalje-65x65x60cm\/","name":"TRUUSK H\u00f6gb\u00e4dd Planteringsl\u00e5da Med Kl\u00e4tterst\u00e4llning - \u00d6ppen Botten - Spalj\u00e9 Planteringsk\u00e4rl I Tr\u00e4 - Tr\u00e4dg\u00e5rdsspalj\u00e9 65x65x60cm - TRUUSK - Hem, Tr\u00e4dg\u00e5rd &amp; Fritid","isPartOf":{"@id":"https:\/\/truusk.store\/sv\/#website"},"primaryImageOfPage":{"@id":"https:\/\/truusk.store\/sv\/produkt\/truusk-hogbadd-planteringslada-med-klatterstallning-oppen-botten-spalje-planteringskarl-i-tra-tradgardsspalje-65x65x60cm\/#primaryimage"},"image":{"@id":"https:\/\/truusk.store\/sv\/produkt\/truusk-hogbadd-planteringslada-med-klatterstallning-oppen-botten-spalje-planteringskarl-i-tra-tradgardsspalje-65x65x60cm\/#primaryimage"},"thumbnailUrl":"https:\/\/i0.wp.com\/truusk.store\/wp-content\/uploads\/2025\/06\/hogbadd-planteringslada-med-klatterstallning-oppen-botten-spalje-planteringskarl-blomlada-i-tra-tradgardsspalje-65x65x60cm-for-tradgard-balkong-blomkarl-for-klattervaxter-korgvaxter-blommor-1.webp?fit=2000%2C2000&ssl=1","datePublished":"2025-06-06T03:41:52+00:00","dateModified":"2026-03-12T07:43:10+00:00","breadcrumb":{"@id":"https:\/\/truusk.store\/sv\/produkt\/truusk-hogbadd-planteringslada-med-klatterstallning-oppen-botten-spalje-planteringskarl-i-tra-tradgardsspalje-65x65x60cm\/#breadcrumb"},"inLanguage":"sv-SE","potentialAction":[{"@type":"ReadAction","target":["https:\/\/truusk.store\/sv\/produkt\/truusk-hogbadd-planteringslada-med-klatterstallning-oppen-botten-spalje-planteringskarl-i-tra-tradgardsspalje-65x65x60cm\/"]}]},{"@type":"ImageObject","inLanguage":"sv-SE","@id":"https:\/\/truusk.store\/sv\/produkt\/truusk-hogbadd-planteringslada-med-klatterstallning-oppen-botten-spalje-planteringskarl-i-tra-tradgardsspalje-65x65x60cm\/#primaryimage","url":"https:\/\/i0.wp.com\/truusk.store\/wp-content\/uploads\/2025\/06\/hogbadd-planteringslada-med-klatterstallning-oppen-botten-spalje-planteringskarl-blomlada-i-tra-tradgardsspalje-65x65x60cm-for-tradgard-balkong-blomkarl-for-klattervaxter-korgvaxter-blommor-1.webp?fit=2000%2C2000&ssl=1","contentUrl":"https:\/\/i0.wp.com\/truusk.store\/wp-content\/uploads\/2025\/06\/hogbadd-planteringslada-med-klatterstallning-oppen-botten-spalje-planteringskarl-blomlada-i-tra-tradgardsspalje-65x65x60cm-for-tradgard-balkong-blomkarl-for-klattervaxter-korgvaxter-blommor-1.webp?fit=2000%2C2000&ssl=1","width":2000,"height":2000},{"@type":"BreadcrumbList","@id":"https:\/\/truusk.store\/sv\/produkt\/truusk-hogbadd-planteringslada-med-klatterstallning-oppen-botten-spalje-planteringskarl-i-tra-tradgardsspalje-65x65x60cm\/#breadcrumb","itemListElement":[{"@type":"ListItem","position":1,"name":"Home","item":"https:\/\/truusk.store\/sv\/"},{"@type":"ListItem","position":2,"name":"Shop","item":"https:\/\/truusk.store\/shop\/"},{"@type":"ListItem","position":3,"name":"TRUUSK H\u00f6gb\u00e4dd Planteringsl\u00e5da Med Kl\u00e4tterst\u00e4llning &#8211; \u00d6ppen Botten &#8211; Spalj\u00e9 Planteringsk\u00e4rl I Tr\u00e4 &#8211; Tr\u00e4dg\u00e5rdsspalj\u00e9 65x65x60cm &#8211;"}]},{"@type":"WebSite","@id":"https:\/\/truusk.store\/sv\/#website","url":"https:\/\/truusk.store\/sv\/","name":"TRUUSK - Hem, Tr\u00e4dg\u00e5rd & Fritid","description":"","publisher":{"@id":"https:\/\/truusk.store\/sv\/#organization"},"potentialAction":[{"@type":"SearchAction","target":{"@type":"EntryPoint","urlTemplate":"https:\/\/truusk.store\/sv\/?s={search_term_string}"},"query-input":{"@type":"PropertyValueSpecification","valueRequired":true,"valueName":"search_term_string"}}],"inLanguage":"sv-SE"},{"@type":"Organization","@id":"https:\/\/truusk.store\/sv\/#organization","name":"TRUUSK - Hem, Tr\u00e4dg\u00e5rd & Fritid","url":"https:\/\/truusk.store\/sv\/","logo":{"@type":"ImageObject","inLanguage":"sv-SE","@id":"https:\/\/truusk.store\/sv\/#\/schema\/logo\/image\/","url":"https:\/\/i0.wp.com\/truusk.store\/wp-content\/uploads\/2026\/03\/cropped-TRUUSK.png?fit=2032%2C917&ssl=1","contentUrl":"https:\/\/i0.wp.com\/truusk.store\/wp-content\/uploads\/2026\/03\/cropped-TRUUSK.png?fit=2032%2C917&ssl=1","width":2032,"height":917,"caption":"TRUUSK - Hem, Tr\u00e4dg\u00e5rd & Fritid"},"image":{"@id":"https:\/\/truusk.store\/sv\/#\/schema\/logo\/image\/"}}]}},"jetpack_sharing_enabled":true,"_links":{"self":[{"href":"https:\/\/truusk.store\/sv\/wp-json\/wp\/v2\/product\/75963","targetHints":{"allow":["GET"]}}],"collection":[{"href":"https:\/\/truusk.store\/sv\/wp-json\/wp\/v2\/product"}],"about":[{"href":"https:\/\/truusk.store\/sv\/wp-json\/wp\/v2\/types\/product"}],"wp:featuredmedia":[{"embeddable":true,"href":"https:\/\/truusk.store\/sv\/wp-json\/wp\/v2\/media\/75954"}],"wp:attachment":[{"href":"https:\/\/truusk.store\/sv\/wp-json\/wp\/v2\/media?parent=75963"}],"wp:term":[{"taxonomy":"product_brand","embeddable":true,"href":"https:\/\/truusk.store\/sv\/wp-json\/wp\/v2\/product_brand?post=75963"},{"taxonomy":"product_cat","embeddable":true,"href":"https:\/\/truusk.store\/sv\/wp-json\/wp\/v2\/product_cat?post=75963"},{"taxonomy":"product_tag","embeddable":true,"href":"https:\/\/truusk.store\/sv\/wp-json\/wp\/v2\/product_tag?post=75963"}],"curies":[{"name":"wp","href":"https:\/\/api.w.org\/{rel}","templated":true}]}}