{"id":75973,"date":"2025-06-06T04:42:50","date_gmt":"2025-06-06T03:42:50","guid":{"rendered":"https:\/\/truusk.store\/product\/tradgardsmobelset-i-polyrattan-lounge-set-med-2-soffa-stol-bord-kuddar-vaderbestandig-sittgrupp-for-4-personer-utomhus-balkongmobelset-terrassmobler-for-tradgard-balkong-terrass-khaki\/"},"modified":"2026-03-12T08:40:15","modified_gmt":"2026-03-12T07:40:15","slug":"truusk-tradgardsmobelset-i-polyrattan-lounge-set-med-2-soffa-stol-bord-vaderbestandig-sittgrupp-for-4-personer-utomhus","status":"publish","type":"product","link":"https:\/\/truusk.store\/sv\/produkt\/truusk-tradgardsmobelset-i-polyrattan-lounge-set-med-2-soffa-stol-bord-vaderbestandig-sittgrupp-for-4-personer-utomhus\/","title":{"rendered":"TRUUSK Tr\u00e4dg\u00e5rdsm\u00f6belset i Polyrattan &#8211; Lounge-set med 2-soffa, stol, bord &#8211; V\u00e4derbest\u00e4ndig sittgrupp f\u00f6r 4 personer &#8211; Utomhus"},"content":{"rendered":"<p>G\u00f6r din tr\u00e4dg\u00e5rd till en mysig tillflyktsort med TRUUSK Polyrattan-tr\u00e4dg\u00e5rdsm\u00f6belset. Polyrattan-sittgruppen inneh\u00e5ller en loveseat, tv\u00e5 f\u00e5t\u00f6ljer och ett runt soffbord, komplett med mjuka, tv\u00e4ttbara sitt- och ryggkuddar. Dessa rattan-tr\u00e4dg\u00e5rdsm\u00f6bler erbjuder h\u00f6g h\u00e5llbarhet tack vare det pulverlackerade st\u00e5lramen och UV-resistenta PE-rattan &#8211; perfekt f\u00f6r terrassen eller tr\u00e4dg\u00e5rden.<\/p>\n<p>Beskrivning:<\/p>\n<ul>\n<li> Fyrdelat rattan-tr\u00e4dg\u00e5rdsm\u00f6belset: Inneh\u00e5ller en loveseat, tv\u00e5 f\u00e5t\u00f6ljer och ett soffbord<\/li>\n<li> Sittkuddar och ryggkuddar med dragkedjor \u00e4r avtagbara och tv\u00e4ttbara<\/li>\n<li> Runt metallbord f\u00f6r sittgruppen l\u00e4mpligt f\u00f6r stabil placering av snacks<\/li>\n<li> Pulverlackerad st\u00e5lram av polyrattan-lounge-setet omsluten med UV-resistent, v\u00e4derbest\u00e4ndig rund PE-rattan<\/li>\n<li> Montering kr\u00e4vs<\/li>\n<\/ul>\n<p> Tekniska data:<\/p>\n<ul>\n<li> F\u00e4rg: Kr\u00e4mvit+Khaki<\/li>\n<li> Material: St\u00e5l, PE Rattan, Polyester, Skum<\/li>\n<li> Storlek p\u00e5 f\u00e5t\u00f6lj: 62L x 65B x 69H cm<\/li>\n<li> Loveseat-storlek: 132L x 65B x 69H cm<\/li>\n<li> Bordstorlek: \u00d860 x 44H cm<\/li>\n<li> Sittstorlek: 52B x 50T x 35H cm (f\u00e5t\u00f6lj), 122B x 50T x 35H cm (loveseat)<\/li>\n<li> Ryggstorlek: 40L x 46B x 38H cm (f\u00e5t\u00f6lj), 40L x 120B x 38H cm (loveseat)<\/li>\n<li> Storlek p\u00e5 sittkudde: 52L x 50B x 7T cm (f\u00e5t\u00f6lj), 122L x 50B x 7T cm (loveseat)<\/li>\n<li> Storlek p\u00e5 ryggkudde: 47L x 44B x 10T cm<\/li>\n<li> B\u00e4rkapacitet: 120 kg (f\u00e5t\u00f6lj), 240 kg (loveseat), 50 kg (bord)<\/li>\n<\/ul>\n<p>Leveransinneh\u00e5ll:<\/p>\n<ul>\n<li> 2 x F\u00e5t\u00f6ljer<\/li>\n<li> 1 x Loveseat<\/li>\n<li> 1 x Bord<\/li>\n<li> 3 x Sittkuddar<\/li>\n<li> 4 x Ryggkuddar<\/li>\n<li> 1 x Bruksanvisning<\/li>\n<\/ul>\n","protected":false},"excerpt":{"rendered":"<p>G\u00f6r din tr\u00e4dg\u00e5rd till en mysig tillflyktsort med TRUUSK Polyrattan-tr\u00e4dg\u00e5rdsm\u00f6belset. Polyrattan-sittgruppen inneh\u00e5ller en loveseat, tv\u00e5 f\u00e5t\u00f6ljer och ett runt soffbord,&#8230;<\/p>\n","protected":false},"featured_media":75964,"template":"","meta":[],"product_brand":[],"product_cat":[858,450,456],"product_tag":[],"class_list":{"0":"post-75973","1":"product","2":"type-product","3":"status-publish","4":"has-post-thumbnail","6":"product_cat-tradgard-terrass","7":"product_cat-tradgardsmobler","8":"product_cat-tradgardsmobler-set","10":"first","11":"instock","12":"sale","13":"taxable","14":"shipping-taxable","15":"purchasable","16":"product-type-simple"},"yoast_head":"<!-- This site is optimized with the Yoast SEO plugin v25.4 - https:\/\/yoast.com\/wordpress\/plugins\/seo\/ -->\n<title>TRUUSK Tr\u00e4dg\u00e5rdsm\u00f6belset i Polyrattan - Lounge-set med 2-soffa, stol, bord - V\u00e4derbest\u00e4ndig sittgrupp f\u00f6r 4 personer - Utomhus - TRUUSK - Hem, Tr\u00e4dg\u00e5rd &amp; Fritid<\/title>\n<meta name=\"robots\" content=\"index, follow, max-snippet:-1, max-image-preview:large, max-video-preview:-1\" \/>\n<link rel=\"canonical\" href=\"https:\/\/truusk.store\/sv\/produkt\/truusk-tradgardsmobelset-i-polyrattan-lounge-set-med-2-soffa-stol-bord-vaderbestandig-sittgrupp-for-4-personer-utomhus\/\" \/>\n<meta property=\"og:locale\" content=\"sv_SE\" \/>\n<meta property=\"og:type\" content=\"article\" \/>\n<meta property=\"og:title\" content=\"TRUUSK Tr\u00e4dg\u00e5rdsm\u00f6belset i Polyrattan - Lounge-set med 2-soffa, stol, bord - V\u00e4derbest\u00e4ndig sittgrupp f\u00f6r 4 personer - Utomhus - TRUUSK - Hem, Tr\u00e4dg\u00e5rd &amp; Fritid\" \/>\n<meta property=\"og:description\" content=\"G\u00f6r din tr\u00e4dg\u00e5rd till en mysig tillflyktsort med TRUUSK Polyrattan-tr\u00e4dg\u00e5rdsm\u00f6belset. Polyrattan-sittgruppen inneh\u00e5ller en loveseat, tv\u00e5 f\u00e5t\u00f6ljer och ett runt soffbord,...\" \/>\n<meta property=\"og:url\" content=\"https:\/\/truusk.store\/sv\/produkt\/truusk-tradgardsmobelset-i-polyrattan-lounge-set-med-2-soffa-stol-bord-vaderbestandig-sittgrupp-for-4-personer-utomhus\/\" \/>\n<meta property=\"og:site_name\" content=\"TRUUSK - Hem, Tr\u00e4dg\u00e5rd &amp; Fritid\" \/>\n<meta property=\"article:modified_time\" content=\"2026-03-12T07:40:15+00:00\" \/>\n<meta property=\"og:image\" content=\"https:\/\/i0.wp.com\/truusk.se\/wp-content\/uploads\/2025\/06\/tradgardsmobelset-i-polyrattan-lounge-set-med-2-soffa-stol-bord-kuddar-vaderbestandig-sittgrupp-for-4-personer-utomhus-balkongmobelset-terrassmobler-for-tradgard-balkong-terrass-khaki-1.webp?fit=2000%2C2000&ssl=1\" \/>\n\t<meta property=\"og:image:width\" content=\"2000\" \/>\n\t<meta property=\"og:image:height\" content=\"2000\" \/>\n\t<meta property=\"og:image:type\" content=\"image\/webp\" \/>\n<meta name=\"twitter:card\" content=\"summary_large_image\" \/>\n<meta name=\"twitter:label1\" content=\"Ber\u00e4knad l\u00e4stid\" \/>\n\t<meta name=\"twitter:data1\" content=\"1 minut\" \/>\n<!-- \/ Yoast SEO plugin. -->","yoast_head_json":{"title":"TRUUSK Tr\u00e4dg\u00e5rdsm\u00f6belset i Polyrattan - Lounge-set med 2-soffa, stol, bord - V\u00e4derbest\u00e4ndig sittgrupp f\u00f6r 4 personer - Utomhus - TRUUSK - Hem, Tr\u00e4dg\u00e5rd &amp; Fritid","robots":{"index":"index","follow":"follow","max-snippet":"max-snippet:-1","max-image-preview":"max-image-preview:large","max-video-preview":"max-video-preview:-1"},"canonical":"https:\/\/truusk.store\/sv\/produkt\/truusk-tradgardsmobelset-i-polyrattan-lounge-set-med-2-soffa-stol-bord-vaderbestandig-sittgrupp-for-4-personer-utomhus\/","og_locale":"sv_SE","og_type":"article","og_title":"TRUUSK Tr\u00e4dg\u00e5rdsm\u00f6belset i Polyrattan - Lounge-set med 2-soffa, stol, bord - V\u00e4derbest\u00e4ndig sittgrupp f\u00f6r 4 personer - Utomhus - TRUUSK - Hem, Tr\u00e4dg\u00e5rd &amp; Fritid","og_description":"G\u00f6r din tr\u00e4dg\u00e5rd till en mysig tillflyktsort med TRUUSK Polyrattan-tr\u00e4dg\u00e5rdsm\u00f6belset. Polyrattan-sittgruppen inneh\u00e5ller en loveseat, tv\u00e5 f\u00e5t\u00f6ljer och ett runt soffbord,...","og_url":"https:\/\/truusk.store\/sv\/produkt\/truusk-tradgardsmobelset-i-polyrattan-lounge-set-med-2-soffa-stol-bord-vaderbestandig-sittgrupp-for-4-personer-utomhus\/","og_site_name":"TRUUSK - Hem, Tr\u00e4dg\u00e5rd &amp; Fritid","article_modified_time":"2026-03-12T07:40:15+00:00","og_image":[{"width":2000,"height":2000,"url":"https:\/\/i0.wp.com\/truusk.se\/wp-content\/uploads\/2025\/06\/tradgardsmobelset-i-polyrattan-lounge-set-med-2-soffa-stol-bord-kuddar-vaderbestandig-sittgrupp-for-4-personer-utomhus-balkongmobelset-terrassmobler-for-tradgard-balkong-terrass-khaki-1.webp?fit=2000%2C2000&ssl=1","type":"image\/webp"}],"twitter_card":"summary_large_image","twitter_misc":{"Ber\u00e4knad l\u00e4stid":"1 minut"},"schema":{"@context":"https:\/\/schema.org","@graph":[{"@type":"WebPage","@id":"https:\/\/truusk.store\/sv\/produkt\/truusk-tradgardsmobelset-i-polyrattan-lounge-set-med-2-soffa-stol-bord-vaderbestandig-sittgrupp-for-4-personer-utomhus\/","url":"https:\/\/truusk.store\/sv\/produkt\/truusk-tradgardsmobelset-i-polyrattan-lounge-set-med-2-soffa-stol-bord-vaderbestandig-sittgrupp-for-4-personer-utomhus\/","name":"TRUUSK Tr\u00e4dg\u00e5rdsm\u00f6belset i Polyrattan - Lounge-set med 2-soffa, stol, bord - V\u00e4derbest\u00e4ndig sittgrupp f\u00f6r 4 personer - Utomhus - TRUUSK - Hem, Tr\u00e4dg\u00e5rd &amp; Fritid","isPartOf":{"@id":"https:\/\/truusk.store\/sv\/#website"},"primaryImageOfPage":{"@id":"https:\/\/truusk.store\/sv\/produkt\/truusk-tradgardsmobelset-i-polyrattan-lounge-set-med-2-soffa-stol-bord-vaderbestandig-sittgrupp-for-4-personer-utomhus\/#primaryimage"},"image":{"@id":"https:\/\/truusk.store\/sv\/produkt\/truusk-tradgardsmobelset-i-polyrattan-lounge-set-med-2-soffa-stol-bord-vaderbestandig-sittgrupp-for-4-personer-utomhus\/#primaryimage"},"thumbnailUrl":"https:\/\/i0.wp.com\/truusk.store\/wp-content\/uploads\/2025\/06\/tradgardsmobelset-i-polyrattan-lounge-set-med-2-soffa-stol-bord-kuddar-vaderbestandig-sittgrupp-for-4-personer-utomhus-balkongmobelset-terrassmobler-for-tradgard-balkong-terrass-khaki-1.webp?fit=2000%2C2000&ssl=1","datePublished":"2025-06-06T03:42:50+00:00","dateModified":"2026-03-12T07:40:15+00:00","breadcrumb":{"@id":"https:\/\/truusk.store\/sv\/produkt\/truusk-tradgardsmobelset-i-polyrattan-lounge-set-med-2-soffa-stol-bord-vaderbestandig-sittgrupp-for-4-personer-utomhus\/#breadcrumb"},"inLanguage":"sv-SE","potentialAction":[{"@type":"ReadAction","target":["https:\/\/truusk.store\/sv\/produkt\/truusk-tradgardsmobelset-i-polyrattan-lounge-set-med-2-soffa-stol-bord-vaderbestandig-sittgrupp-for-4-personer-utomhus\/"]}]},{"@type":"ImageObject","inLanguage":"sv-SE","@id":"https:\/\/truusk.store\/sv\/produkt\/truusk-tradgardsmobelset-i-polyrattan-lounge-set-med-2-soffa-stol-bord-vaderbestandig-sittgrupp-for-4-personer-utomhus\/#primaryimage","url":"https:\/\/i0.wp.com\/truusk.store\/wp-content\/uploads\/2025\/06\/tradgardsmobelset-i-polyrattan-lounge-set-med-2-soffa-stol-bord-kuddar-vaderbestandig-sittgrupp-for-4-personer-utomhus-balkongmobelset-terrassmobler-for-tradgard-balkong-terrass-khaki-1.webp?fit=2000%2C2000&ssl=1","contentUrl":"https:\/\/i0.wp.com\/truusk.store\/wp-content\/uploads\/2025\/06\/tradgardsmobelset-i-polyrattan-lounge-set-med-2-soffa-stol-bord-kuddar-vaderbestandig-sittgrupp-for-4-personer-utomhus-balkongmobelset-terrassmobler-for-tradgard-balkong-terrass-khaki-1.webp?fit=2000%2C2000&ssl=1","width":2000,"height":2000},{"@type":"BreadcrumbList","@id":"https:\/\/truusk.store\/sv\/produkt\/truusk-tradgardsmobelset-i-polyrattan-lounge-set-med-2-soffa-stol-bord-vaderbestandig-sittgrupp-for-4-personer-utomhus\/#breadcrumb","itemListElement":[{"@type":"ListItem","position":1,"name":"Home","item":"https:\/\/truusk.store\/sv\/"},{"@type":"ListItem","position":2,"name":"Shop","item":"https:\/\/truusk.store\/shop\/"},{"@type":"ListItem","position":3,"name":"TRUUSK Tr\u00e4dg\u00e5rdsm\u00f6belset i Polyrattan &#8211; Lounge-set med 2-soffa, stol, bord &#8211; V\u00e4derbest\u00e4ndig sittgrupp f\u00f6r 4 personer &#8211; Utomhus"}]},{"@type":"WebSite","@id":"https:\/\/truusk.store\/sv\/#website","url":"https:\/\/truusk.store\/sv\/","name":"TRUUSK - Hem, Tr\u00e4dg\u00e5rd & Fritid","description":"","publisher":{"@id":"https:\/\/truusk.store\/sv\/#organization"},"potentialAction":[{"@type":"SearchAction","target":{"@type":"EntryPoint","urlTemplate":"https:\/\/truusk.store\/sv\/?s={search_term_string}"},"query-input":{"@type":"PropertyValueSpecification","valueRequired":true,"valueName":"search_term_string"}}],"inLanguage":"sv-SE"},{"@type":"Organization","@id":"https:\/\/truusk.store\/sv\/#organization","name":"TRUUSK - Hem, Tr\u00e4dg\u00e5rd & Fritid","url":"https:\/\/truusk.store\/sv\/","logo":{"@type":"ImageObject","inLanguage":"sv-SE","@id":"https:\/\/truusk.store\/sv\/#\/schema\/logo\/image\/","url":"https:\/\/i0.wp.com\/truusk.store\/wp-content\/uploads\/2026\/03\/cropped-TRUUSK.png?fit=2032%2C917&ssl=1","contentUrl":"https:\/\/i0.wp.com\/truusk.store\/wp-content\/uploads\/2026\/03\/cropped-TRUUSK.png?fit=2032%2C917&ssl=1","width":2032,"height":917,"caption":"TRUUSK - Hem, Tr\u00e4dg\u00e5rd & Fritid"},"image":{"@id":"https:\/\/truusk.store\/sv\/#\/schema\/logo\/image\/"}}]}},"jetpack_sharing_enabled":true,"_links":{"self":[{"href":"https:\/\/truusk.store\/sv\/wp-json\/wp\/v2\/product\/75973","targetHints":{"allow":["GET"]}}],"collection":[{"href":"https:\/\/truusk.store\/sv\/wp-json\/wp\/v2\/product"}],"about":[{"href":"https:\/\/truusk.store\/sv\/wp-json\/wp\/v2\/types\/product"}],"wp:featuredmedia":[{"embeddable":true,"href":"https:\/\/truusk.store\/sv\/wp-json\/wp\/v2\/media\/75964"}],"wp:attachment":[{"href":"https:\/\/truusk.store\/sv\/wp-json\/wp\/v2\/media?parent=75973"}],"wp:term":[{"taxonomy":"product_brand","embeddable":true,"href":"https:\/\/truusk.store\/sv\/wp-json\/wp\/v2\/product_brand?post=75973"},{"taxonomy":"product_cat","embeddable":true,"href":"https:\/\/truusk.store\/sv\/wp-json\/wp\/v2\/product_cat?post=75973"},{"taxonomy":"product_tag","embeddable":true,"href":"https:\/\/truusk.store\/sv\/wp-json\/wp\/v2\/product_tag?post=75973"}],"curies":[{"name":"wp","href":"https:\/\/api.w.org\/{rel}","templated":true}]}}