{"id":76004,"date":"2025-06-06T04:45:59","date_gmt":"2025-06-06T03:45:59","guid":{"rendered":"https:\/\/truusk.store\/product\/vattenkokare-brodrost-set-frukost-set-med-17l-vattenkokare-4-skivor-brodrost-2200-w-7-bronningsnivaer-upptining-uppvarmning-och-smultrag-utter-termostat-svart\/"},"modified":"2026-03-12T08:44:24","modified_gmt":"2026-03-12T07:44:24","slug":"truusk-vattenkokare-och-brodrost-set-17l-vattenkokare-4-skivor-brodrost-2200-w-7-bronningsnivaer-upptining","status":"publish","type":"product","link":"https:\/\/truusk.store\/sv\/produkt\/truusk-vattenkokare-och-brodrost-set-17l-vattenkokare-4-skivor-brodrost-2200-w-7-bronningsnivaer-upptining\/","title":{"rendered":"TRUUSK Vattenkokare och Br\u00f6drost Set &#8211; 1,7L Vattenkokare &#8211; 4 Skivor Br\u00f6drost &#8211; 2200 W &#8211; 7 Br\u00f6nningsniv\u00e5er &#8211; Upptining &#8211;"},"content":{"rendered":"<p>Starta din stilfulla k\u00f6k med detta TRUUSK 2-i-1 vattenkokare br\u00f6drost set! Den 1,7 liter vattenkokaren och fyra-skivor br\u00f6drosten i elegant kiselstensdesign \u00e4r inte bara en blickf\u00e5ngare, utan ocks\u00e5 extremt praktiska. Br\u00f6drosten i vattenkokare-setet erbjuder sju rostningsniv\u00e5er f\u00f6r perfekt rostat br\u00f6d enligt din smak. Vattenkokaren rymmer upp till sex koppar &#8211; idealisk f\u00f6r sociala te-rundor. Perfekt f\u00f6r alla som v\u00e4rdes\u00e4tter design och funktionalitet.<\/p>\n<p>Beskrivning:<\/p>\n<ul>\n<li> Sju rostningsniv\u00e5er p\u00e5 br\u00f6drosten &#8211; v\u00e4lj \u00f6nskad rostningsgrad<\/li>\n<li> Br\u00f6drosten har avfrostnings-, uppv\u00e4rmnings- och avbrytningsfunktioner<\/li>\n<li> Ditt rostade br\u00f6d poppar automatiskt upp n\u00e4r det \u00e4r klart, och den automatiska centreringsfunktionen s\u00e4kerst\u00e4ller j\u00e4mn rostning<\/li>\n<li> Smulbricka p\u00e5 br\u00f6drosten f\u00f6r enkel reng\u00f6ring<\/li>\n<li> 1,7 liter vattenkokare i br\u00f6drost och vattenkokare-setet med l\u00e4ttl\u00e4st vattenniv\u00e5indikator och Otter-termostat<\/li>\n<li> Vattenkokaren har tre s\u00e4kerhetsfunktioner: automatisk avst\u00e4ngning, \u00f6verhettningsskydd och torrkokningsskydd<\/li>\n<li> LED-indikatorer p\u00e5 vattenkokare br\u00f6drost setet p\u00e5 knapparna visar enhetens status och \u00e4r anv\u00e4ndarv\u00e4nliga<\/li>\n<li> Inbyggd kabelhantering h\u00e5ller arbetsytan ren<\/li>\n<\/ul>\n<p> Tekniska data:<\/p>\n<ul>\n<li> F\u00e4rg: Svart<\/li>\n<li> Material: Plast<\/li>\n<li> Vattenkokarens dimensioner: 24,1L x 19,5B x 23,2H cm (med bas), 24,1L x 19,5B x 21,7H cm (utan bas)<\/li>\n<li> Br\u00f6drostens dimensioner: 29,2L x 27,5B x 18,9H cm<\/li>\n<li> Storlek p\u00e5 varje spalt: 13,5L x 3,5B x 13,5H cm<\/li>\n<li> Maximal storlek f\u00f6r br\u00f6d: 12L x 12B x 1,5T cm<\/li>\n<li> Vattenkokarens kapacitet: 1,7L<\/li>\n<li> Sp\u00e4nning: 220-240 V, 50-60Hz (vattenkokare, br\u00f6drost)<\/li>\n<li> Effekt: 1350-1600W (br\u00f6drost), 1850-2200W (vattenkokare)<\/li>\n<li> Kabell\u00e4ngd: 0,7 m (vattenkokare, br\u00f6drost)<\/li>\n<\/ul>\n<p>Leveransinneh\u00e5ll:<\/p>\n<ul>\n<li> 1 x Vattenkokare<\/li>\n<li> 1 x Br\u00f6drost<\/li>\n<li> 1 x Instruktioner<\/li>\n<\/ul>\n","protected":false},"excerpt":{"rendered":"<p>Starta din stilfulla k\u00f6k med detta TRUUSK 2-i-1 vattenkokare br\u00f6drost set! Den 1,7 liter vattenkokaren och fyra-skivor br\u00f6drosten i elegant&#8230;<\/p>\n","protected":false},"featured_media":75994,"template":"","meta":[],"product_brand":[],"product_cat":[871,498,984,933],"product_tag":[],"class_list":{"0":"post-76004","1":"product","2":"type-product","3":"status-publish","4":"has-post-thumbnail","6":"product_cat-hus-hem","7":"product_cat-hushallsapparater","8":"product_cat-kleingerate","9":"product_cat-koksapparater","11":"first","12":"instock","13":"sale","14":"taxable","15":"shipping-taxable","16":"purchasable","17":"product-type-simple"},"yoast_head":"<!-- This site is optimized with the Yoast SEO plugin v25.4 - https:\/\/yoast.com\/wordpress\/plugins\/seo\/ -->\n<title>TRUUSK Vattenkokare och Br\u00f6drost Set - 1,7L Vattenkokare - 4 Skivor Br\u00f6drost - 2200 W - 7 Br\u00f6nningsniv\u00e5er - Upptining - TRUUSK - Hem, Tr\u00e4dg\u00e5rd &amp; Fritid<\/title>\n<meta name=\"robots\" content=\"index, follow, max-snippet:-1, max-image-preview:large, max-video-preview:-1\" \/>\n<link rel=\"canonical\" href=\"https:\/\/truusk.store\/sv\/produkt\/truusk-vattenkokare-och-brodrost-set-17l-vattenkokare-4-skivor-brodrost-2200-w-7-bronningsnivaer-upptining\/\" \/>\n<meta property=\"og:locale\" content=\"sv_SE\" \/>\n<meta property=\"og:type\" content=\"article\" \/>\n<meta property=\"og:title\" content=\"TRUUSK Vattenkokare och Br\u00f6drost Set - 1,7L Vattenkokare - 4 Skivor Br\u00f6drost - 2200 W - 7 Br\u00f6nningsniv\u00e5er - Upptining - TRUUSK - Hem, Tr\u00e4dg\u00e5rd &amp; Fritid\" \/>\n<meta property=\"og:description\" content=\"Starta din stilfulla k\u00f6k med detta TRUUSK 2-i-1 vattenkokare br\u00f6drost set! Den 1,7 liter vattenkokaren och fyra-skivor br\u00f6drosten i elegant...\" \/>\n<meta property=\"og:url\" content=\"https:\/\/truusk.store\/sv\/produkt\/truusk-vattenkokare-och-brodrost-set-17l-vattenkokare-4-skivor-brodrost-2200-w-7-bronningsnivaer-upptining\/\" \/>\n<meta property=\"og:site_name\" content=\"TRUUSK - Hem, Tr\u00e4dg\u00e5rd &amp; Fritid\" \/>\n<meta property=\"article:modified_time\" content=\"2026-03-12T07:44:24+00:00\" \/>\n<meta property=\"og:image\" content=\"https:\/\/i0.wp.com\/truusk.se\/wp-content\/uploads\/2025\/06\/vattenkokare-brodrost-set-frukost-set-med-17l-vattenkokare-4-skivor-brodrost-2200-w-7-bronningsnivaer-upptining-uppvarmning-och-smultrag-utter-termostat-svart-1.webp?fit=2000%2C2000&ssl=1\" \/>\n\t<meta property=\"og:image:width\" content=\"2000\" \/>\n\t<meta property=\"og:image:height\" content=\"2000\" \/>\n\t<meta property=\"og:image:type\" content=\"image\/webp\" \/>\n<meta name=\"twitter:card\" content=\"summary_large_image\" \/>\n<meta name=\"twitter:label1\" content=\"Ber\u00e4knad l\u00e4stid\" \/>\n\t<meta name=\"twitter:data1\" content=\"1 minut\" \/>\n<!-- \/ Yoast SEO plugin. -->","yoast_head_json":{"title":"TRUUSK Vattenkokare och Br\u00f6drost Set - 1,7L Vattenkokare - 4 Skivor Br\u00f6drost - 2200 W - 7 Br\u00f6nningsniv\u00e5er - Upptining - TRUUSK - Hem, Tr\u00e4dg\u00e5rd &amp; Fritid","robots":{"index":"index","follow":"follow","max-snippet":"max-snippet:-1","max-image-preview":"max-image-preview:large","max-video-preview":"max-video-preview:-1"},"canonical":"https:\/\/truusk.store\/sv\/produkt\/truusk-vattenkokare-och-brodrost-set-17l-vattenkokare-4-skivor-brodrost-2200-w-7-bronningsnivaer-upptining\/","og_locale":"sv_SE","og_type":"article","og_title":"TRUUSK Vattenkokare och Br\u00f6drost Set - 1,7L Vattenkokare - 4 Skivor Br\u00f6drost - 2200 W - 7 Br\u00f6nningsniv\u00e5er - Upptining - TRUUSK - Hem, Tr\u00e4dg\u00e5rd &amp; Fritid","og_description":"Starta din stilfulla k\u00f6k med detta TRUUSK 2-i-1 vattenkokare br\u00f6drost set! Den 1,7 liter vattenkokaren och fyra-skivor br\u00f6drosten i elegant...","og_url":"https:\/\/truusk.store\/sv\/produkt\/truusk-vattenkokare-och-brodrost-set-17l-vattenkokare-4-skivor-brodrost-2200-w-7-bronningsnivaer-upptining\/","og_site_name":"TRUUSK - Hem, Tr\u00e4dg\u00e5rd &amp; Fritid","article_modified_time":"2026-03-12T07:44:24+00:00","og_image":[{"width":2000,"height":2000,"url":"https:\/\/i0.wp.com\/truusk.se\/wp-content\/uploads\/2025\/06\/vattenkokare-brodrost-set-frukost-set-med-17l-vattenkokare-4-skivor-brodrost-2200-w-7-bronningsnivaer-upptining-uppvarmning-och-smultrag-utter-termostat-svart-1.webp?fit=2000%2C2000&ssl=1","type":"image\/webp"}],"twitter_card":"summary_large_image","twitter_misc":{"Ber\u00e4knad l\u00e4stid":"1 minut"},"schema":{"@context":"https:\/\/schema.org","@graph":[{"@type":"WebPage","@id":"https:\/\/truusk.store\/sv\/produkt\/truusk-vattenkokare-och-brodrost-set-17l-vattenkokare-4-skivor-brodrost-2200-w-7-bronningsnivaer-upptining\/","url":"https:\/\/truusk.store\/sv\/produkt\/truusk-vattenkokare-och-brodrost-set-17l-vattenkokare-4-skivor-brodrost-2200-w-7-bronningsnivaer-upptining\/","name":"TRUUSK Vattenkokare och Br\u00f6drost Set - 1,7L Vattenkokare - 4 Skivor Br\u00f6drost - 2200 W - 7 Br\u00f6nningsniv\u00e5er - Upptining - TRUUSK - Hem, Tr\u00e4dg\u00e5rd &amp; Fritid","isPartOf":{"@id":"https:\/\/truusk.store\/sv\/#website"},"primaryImageOfPage":{"@id":"https:\/\/truusk.store\/sv\/produkt\/truusk-vattenkokare-och-brodrost-set-17l-vattenkokare-4-skivor-brodrost-2200-w-7-bronningsnivaer-upptining\/#primaryimage"},"image":{"@id":"https:\/\/truusk.store\/sv\/produkt\/truusk-vattenkokare-och-brodrost-set-17l-vattenkokare-4-skivor-brodrost-2200-w-7-bronningsnivaer-upptining\/#primaryimage"},"thumbnailUrl":"https:\/\/i0.wp.com\/truusk.store\/wp-content\/uploads\/2025\/06\/vattenkokare-brodrost-set-frukost-set-med-17l-vattenkokare-4-skivor-brodrost-2200-w-7-bronningsnivaer-upptining-uppvarmning-och-smultrag-utter-termostat-svart-1.webp?fit=2000%2C2000&ssl=1","datePublished":"2025-06-06T03:45:59+00:00","dateModified":"2026-03-12T07:44:24+00:00","breadcrumb":{"@id":"https:\/\/truusk.store\/sv\/produkt\/truusk-vattenkokare-och-brodrost-set-17l-vattenkokare-4-skivor-brodrost-2200-w-7-bronningsnivaer-upptining\/#breadcrumb"},"inLanguage":"sv-SE","potentialAction":[{"@type":"ReadAction","target":["https:\/\/truusk.store\/sv\/produkt\/truusk-vattenkokare-och-brodrost-set-17l-vattenkokare-4-skivor-brodrost-2200-w-7-bronningsnivaer-upptining\/"]}]},{"@type":"ImageObject","inLanguage":"sv-SE","@id":"https:\/\/truusk.store\/sv\/produkt\/truusk-vattenkokare-och-brodrost-set-17l-vattenkokare-4-skivor-brodrost-2200-w-7-bronningsnivaer-upptining\/#primaryimage","url":"https:\/\/i0.wp.com\/truusk.store\/wp-content\/uploads\/2025\/06\/vattenkokare-brodrost-set-frukost-set-med-17l-vattenkokare-4-skivor-brodrost-2200-w-7-bronningsnivaer-upptining-uppvarmning-och-smultrag-utter-termostat-svart-1.webp?fit=2000%2C2000&ssl=1","contentUrl":"https:\/\/i0.wp.com\/truusk.store\/wp-content\/uploads\/2025\/06\/vattenkokare-brodrost-set-frukost-set-med-17l-vattenkokare-4-skivor-brodrost-2200-w-7-bronningsnivaer-upptining-uppvarmning-och-smultrag-utter-termostat-svart-1.webp?fit=2000%2C2000&ssl=1","width":2000,"height":2000},{"@type":"BreadcrumbList","@id":"https:\/\/truusk.store\/sv\/produkt\/truusk-vattenkokare-och-brodrost-set-17l-vattenkokare-4-skivor-brodrost-2200-w-7-bronningsnivaer-upptining\/#breadcrumb","itemListElement":[{"@type":"ListItem","position":1,"name":"Home","item":"https:\/\/truusk.store\/sv\/"},{"@type":"ListItem","position":2,"name":"Shop","item":"https:\/\/truusk.store\/shop\/"},{"@type":"ListItem","position":3,"name":"TRUUSK Vattenkokare och Br\u00f6drost Set &#8211; 1,7L Vattenkokare &#8211; 4 Skivor Br\u00f6drost &#8211; 2200 W &#8211; 7 Br\u00f6nningsniv\u00e5er &#8211; Upptining &#8211;"}]},{"@type":"WebSite","@id":"https:\/\/truusk.store\/sv\/#website","url":"https:\/\/truusk.store\/sv\/","name":"TRUUSK - Hem, Tr\u00e4dg\u00e5rd & Fritid","description":"","publisher":{"@id":"https:\/\/truusk.store\/sv\/#organization"},"potentialAction":[{"@type":"SearchAction","target":{"@type":"EntryPoint","urlTemplate":"https:\/\/truusk.store\/sv\/?s={search_term_string}"},"query-input":{"@type":"PropertyValueSpecification","valueRequired":true,"valueName":"search_term_string"}}],"inLanguage":"sv-SE"},{"@type":"Organization","@id":"https:\/\/truusk.store\/sv\/#organization","name":"TRUUSK - Hem, Tr\u00e4dg\u00e5rd & Fritid","url":"https:\/\/truusk.store\/sv\/","logo":{"@type":"ImageObject","inLanguage":"sv-SE","@id":"https:\/\/truusk.store\/sv\/#\/schema\/logo\/image\/","url":"https:\/\/i0.wp.com\/truusk.store\/wp-content\/uploads\/2026\/03\/cropped-TRUUSK.png?fit=2032%2C917&ssl=1","contentUrl":"https:\/\/i0.wp.com\/truusk.store\/wp-content\/uploads\/2026\/03\/cropped-TRUUSK.png?fit=2032%2C917&ssl=1","width":2032,"height":917,"caption":"TRUUSK - Hem, Tr\u00e4dg\u00e5rd & Fritid"},"image":{"@id":"https:\/\/truusk.store\/sv\/#\/schema\/logo\/image\/"}}]}},"jetpack_sharing_enabled":true,"_links":{"self":[{"href":"https:\/\/truusk.store\/sv\/wp-json\/wp\/v2\/product\/76004","targetHints":{"allow":["GET"]}}],"collection":[{"href":"https:\/\/truusk.store\/sv\/wp-json\/wp\/v2\/product"}],"about":[{"href":"https:\/\/truusk.store\/sv\/wp-json\/wp\/v2\/types\/product"}],"wp:featuredmedia":[{"embeddable":true,"href":"https:\/\/truusk.store\/sv\/wp-json\/wp\/v2\/media\/75994"}],"wp:attachment":[{"href":"https:\/\/truusk.store\/sv\/wp-json\/wp\/v2\/media?parent=76004"}],"wp:term":[{"taxonomy":"product_brand","embeddable":true,"href":"https:\/\/truusk.store\/sv\/wp-json\/wp\/v2\/product_brand?post=76004"},{"taxonomy":"product_cat","embeddable":true,"href":"https:\/\/truusk.store\/sv\/wp-json\/wp\/v2\/product_cat?post=76004"},{"taxonomy":"product_tag","embeddable":true,"href":"https:\/\/truusk.store\/sv\/wp-json\/wp\/v2\/product_tag?post=76004"}],"curies":[{"name":"wp","href":"https:\/\/api.w.org\/{rel}","templated":true}]}}