{"id":76023,"date":"2025-06-06T04:48:04","date_gmt":"2025-06-06T03:48:04","guid":{"rendered":"https:\/\/truusk.store\/product\/tradgardsmobelset-i-polyrattan-lounge-set-med-2-sits-soffa-stol-glasbord-kuddar-vaderbestandig-sittgrupp-for-4-personer-utomhus-balkongmobelset-terrassmobler-for-tradgard-balkong-brungra\/"},"modified":"2026-03-12T08:42:18","modified_gmt":"2026-03-12T07:42:18","slug":"truusk-tradgardsmobelset-i-polyrattan-lounge-set-med-2-sits-soffa-stol-glasbord-kuddar-vaderbestandig-sittgrupp-for-4","status":"publish","type":"product","link":"https:\/\/truusk.store\/sv\/produkt\/truusk-tradgardsmobelset-i-polyrattan-lounge-set-med-2-sits-soffa-stol-glasbord-kuddar-vaderbestandig-sittgrupp-for-4\/","title":{"rendered":"TRUUSK Tr\u00e4dg\u00e5rdsm\u00f6belset i Polyrattan &#8211; Lounge-set med 2-sits soffa, stol, glasbord, kuddar &#8211; V\u00e4derbest\u00e4ndig sittgrupp f\u00f6r 4"},"content":{"rendered":"<p>F\u00f6rvandla din tr\u00e4dg\u00e5rd till en fristad med det fyrdelade TRUUSK Polyrattan-tr\u00e4dg\u00e5rdsm\u00f6belsetet. Med tv\u00e5 bekv\u00e4ma stolar, en mysig Loveseat och ett elegant soffbord med h\u00e4rdat glas &#8211; perfekt f\u00f6r morgonkaffe eller kv\u00e4llscocktails. Rattan-lounge-setet med pulverlackerat st\u00e5lram och PE-rattan inneh\u00e5ller l\u00e4tt att reng\u00f6ra, tv\u00e4ttbara kudd\u00f6verdrag.<\/p>\n<p>Beskrivning:<\/p>\n<ul>\n<li> Den fyrdelade Polyrattan-sittgruppen m\u00f6jligg\u00f6r olika arrangemangskonfigurationer<\/li>\n<li> Pulverlackerad st\u00e5lram f\u00f6r sittloungen \u00f6kar h\u00e5llbarheten och livsl\u00e4ngden<\/li>\n<li> UV-resistent v\u00e4vt PE-rattan trotsar UV-str\u00e5lar och erbjuder sk\u00f6nhet<\/li>\n<li> Mjuka sittkuddar erbjuder \u00f6kad komfort<\/li>\n<li> Dragkedjefodral f\u00f6r kuddarna f\u00f6renklar reng\u00f6ringen<\/li>\n<li> Rektangul\u00e4rt soffbord med robust h\u00e4rdat glas<\/li>\n<li> Skyddande fotdynor f\u00f6r rattan-tr\u00e4dg\u00e5rdsm\u00f6blerna f\u00f6rhindrar repor p\u00e5 ditt golv<\/li>\n<li> Montering kr\u00e4vs<\/li>\n<\/ul>\n<p> Tekniska data:<\/p>\n<ul>\n<li> F\u00e4rg: Ljusgr\u00e5+Brun<\/li>\n<li> Material: St\u00e5l, PE-rattan, Polyester, H\u00e4rdat glas<\/li>\n<li> Stolens dimensioner: 62L x 68B x 82H cm<\/li>\n<li> Tv\u00e5sitsdimensioner: 116L x 68B x 82H cm<\/li>\n<li> Bordets dimensioner: 90L x 50B x 45H cm<\/li>\n<li> H\u00e4rdat glasstorlek: 90L x 50B x 0,5T cm<\/li>\n<li> Sitsstorlek: 55B x 50T x 36H cm (Stol), 110B x 50T x 36H cm (Tv\u00e5sits)<\/li>\n<li> Ryggst\u00f6dets storlek: 55B x 47L x 45H cm (Stol), 110B x 47L x 45H cm (Tv\u00e5sits)<\/li>\n<li> Sitskuddens storlek: 55L x 50B x 5T cm (Stol), 110L x 50B x 5T cm (Tv\u00e5sits)<\/li>\n<li> Vattent\u00e4thetsniv\u00e5: St\u00e4nks\u00e4ker<\/li>\n<li> UV-skyddsniv\u00e5: Europeisk standardniv\u00e5 4<\/li>\n<li> UV-resistans tid: 2000 timmar (Rattan)<\/li>\n<li> Belastningskapacitet: 240 kg (Tv\u00e5sits), 120 kg (Stol), 50 kg (Bord)<\/li>\n<\/ul>\n<p>Leveransinneh\u00e5ll:<\/p>\n<ul>\n<li> 1 x Loveseat<\/li>\n<li> 2 x Stolar<\/li>\n<li> 1 x Soffbord<\/li>\n<li> 3 x Sittkuddar<\/li>\n<li> 1 x Bruksanvisning<\/li>\n<\/ul>\n","protected":false},"excerpt":{"rendered":"<p>F\u00f6rvandla din tr\u00e4dg\u00e5rd till en fristad med det fyrdelade TRUUSK Polyrattan-tr\u00e4dg\u00e5rdsm\u00f6belsetet. Med tv\u00e5 bekv\u00e4ma stolar, en mysig Loveseat och ett&#8230;<\/p>\n","protected":false},"featured_media":76014,"template":"","meta":[],"product_brand":[],"product_cat":[858,450,456],"product_tag":[],"class_list":{"0":"post-76023","1":"product","2":"type-product","3":"status-publish","4":"has-post-thumbnail","6":"product_cat-tradgard-terrass","7":"product_cat-tradgardsmobler","8":"product_cat-tradgardsmobler-set","10":"first","11":"instock","12":"sale","13":"taxable","14":"shipping-taxable","15":"purchasable","16":"product-type-simple"},"yoast_head":"<!-- This site is optimized with the Yoast SEO plugin v25.4 - https:\/\/yoast.com\/wordpress\/plugins\/seo\/ -->\n<title>TRUUSK Tr\u00e4dg\u00e5rdsm\u00f6belset i Polyrattan - Lounge-set med 2-sits soffa, stol, glasbord, kuddar - V\u00e4derbest\u00e4ndig sittgrupp f\u00f6r 4 - TRUUSK - Hem, Tr\u00e4dg\u00e5rd &amp; Fritid<\/title>\n<meta name=\"robots\" content=\"index, follow, max-snippet:-1, max-image-preview:large, max-video-preview:-1\" \/>\n<link rel=\"canonical\" href=\"https:\/\/truusk.store\/sv\/produkt\/truusk-tradgardsmobelset-i-polyrattan-lounge-set-med-2-sits-soffa-stol-glasbord-kuddar-vaderbestandig-sittgrupp-for-4\/\" \/>\n<meta property=\"og:locale\" content=\"sv_SE\" \/>\n<meta property=\"og:type\" content=\"article\" \/>\n<meta property=\"og:title\" content=\"TRUUSK Tr\u00e4dg\u00e5rdsm\u00f6belset i Polyrattan - Lounge-set med 2-sits soffa, stol, glasbord, kuddar - V\u00e4derbest\u00e4ndig sittgrupp f\u00f6r 4 - TRUUSK - Hem, Tr\u00e4dg\u00e5rd &amp; Fritid\" \/>\n<meta property=\"og:description\" content=\"F\u00f6rvandla din tr\u00e4dg\u00e5rd till en fristad med det fyrdelade TRUUSK Polyrattan-tr\u00e4dg\u00e5rdsm\u00f6belsetet. Med tv\u00e5 bekv\u00e4ma stolar, en mysig Loveseat och ett...\" \/>\n<meta property=\"og:url\" content=\"https:\/\/truusk.store\/sv\/produkt\/truusk-tradgardsmobelset-i-polyrattan-lounge-set-med-2-sits-soffa-stol-glasbord-kuddar-vaderbestandig-sittgrupp-for-4\/\" \/>\n<meta property=\"og:site_name\" content=\"TRUUSK - Hem, Tr\u00e4dg\u00e5rd &amp; Fritid\" \/>\n<meta property=\"article:modified_time\" content=\"2026-03-12T07:42:18+00:00\" \/>\n<meta property=\"og:image\" content=\"https:\/\/i0.wp.com\/truusk.se\/wp-content\/uploads\/2025\/06\/tradgardsmobelset-i-polyrattan-lounge-set-med-2-sits-soffa-stol-glasbord-kuddar-vaderbestandig-sittgrupp-for-4-personer-utomhus-balkongmobelset-terrassmobler-for-tradgard-balkong-brungra-1.webp?fit=2000%2C2000&ssl=1\" \/>\n\t<meta property=\"og:image:width\" content=\"2000\" \/>\n\t<meta property=\"og:image:height\" content=\"2000\" \/>\n\t<meta property=\"og:image:type\" content=\"image\/webp\" \/>\n<meta name=\"twitter:card\" content=\"summary_large_image\" \/>\n<meta name=\"twitter:label1\" content=\"Ber\u00e4knad l\u00e4stid\" \/>\n\t<meta name=\"twitter:data1\" content=\"1 minut\" \/>\n<!-- \/ Yoast SEO plugin. -->","yoast_head_json":{"title":"TRUUSK Tr\u00e4dg\u00e5rdsm\u00f6belset i Polyrattan - Lounge-set med 2-sits soffa, stol, glasbord, kuddar - V\u00e4derbest\u00e4ndig sittgrupp f\u00f6r 4 - TRUUSK - Hem, Tr\u00e4dg\u00e5rd &amp; Fritid","robots":{"index":"index","follow":"follow","max-snippet":"max-snippet:-1","max-image-preview":"max-image-preview:large","max-video-preview":"max-video-preview:-1"},"canonical":"https:\/\/truusk.store\/sv\/produkt\/truusk-tradgardsmobelset-i-polyrattan-lounge-set-med-2-sits-soffa-stol-glasbord-kuddar-vaderbestandig-sittgrupp-for-4\/","og_locale":"sv_SE","og_type":"article","og_title":"TRUUSK Tr\u00e4dg\u00e5rdsm\u00f6belset i Polyrattan - Lounge-set med 2-sits soffa, stol, glasbord, kuddar - V\u00e4derbest\u00e4ndig sittgrupp f\u00f6r 4 - TRUUSK - Hem, Tr\u00e4dg\u00e5rd &amp; Fritid","og_description":"F\u00f6rvandla din tr\u00e4dg\u00e5rd till en fristad med det fyrdelade TRUUSK Polyrattan-tr\u00e4dg\u00e5rdsm\u00f6belsetet. Med tv\u00e5 bekv\u00e4ma stolar, en mysig Loveseat och ett...","og_url":"https:\/\/truusk.store\/sv\/produkt\/truusk-tradgardsmobelset-i-polyrattan-lounge-set-med-2-sits-soffa-stol-glasbord-kuddar-vaderbestandig-sittgrupp-for-4\/","og_site_name":"TRUUSK - Hem, Tr\u00e4dg\u00e5rd &amp; Fritid","article_modified_time":"2026-03-12T07:42:18+00:00","og_image":[{"width":2000,"height":2000,"url":"https:\/\/i0.wp.com\/truusk.se\/wp-content\/uploads\/2025\/06\/tradgardsmobelset-i-polyrattan-lounge-set-med-2-sits-soffa-stol-glasbord-kuddar-vaderbestandig-sittgrupp-for-4-personer-utomhus-balkongmobelset-terrassmobler-for-tradgard-balkong-brungra-1.webp?fit=2000%2C2000&ssl=1","type":"image\/webp"}],"twitter_card":"summary_large_image","twitter_misc":{"Ber\u00e4knad l\u00e4stid":"1 minut"},"schema":{"@context":"https:\/\/schema.org","@graph":[{"@type":"WebPage","@id":"https:\/\/truusk.store\/sv\/produkt\/truusk-tradgardsmobelset-i-polyrattan-lounge-set-med-2-sits-soffa-stol-glasbord-kuddar-vaderbestandig-sittgrupp-for-4\/","url":"https:\/\/truusk.store\/sv\/produkt\/truusk-tradgardsmobelset-i-polyrattan-lounge-set-med-2-sits-soffa-stol-glasbord-kuddar-vaderbestandig-sittgrupp-for-4\/","name":"TRUUSK Tr\u00e4dg\u00e5rdsm\u00f6belset i Polyrattan - Lounge-set med 2-sits soffa, stol, glasbord, kuddar - V\u00e4derbest\u00e4ndig sittgrupp f\u00f6r 4 - TRUUSK - Hem, Tr\u00e4dg\u00e5rd &amp; Fritid","isPartOf":{"@id":"https:\/\/truusk.store\/sv\/#website"},"primaryImageOfPage":{"@id":"https:\/\/truusk.store\/sv\/produkt\/truusk-tradgardsmobelset-i-polyrattan-lounge-set-med-2-sits-soffa-stol-glasbord-kuddar-vaderbestandig-sittgrupp-for-4\/#primaryimage"},"image":{"@id":"https:\/\/truusk.store\/sv\/produkt\/truusk-tradgardsmobelset-i-polyrattan-lounge-set-med-2-sits-soffa-stol-glasbord-kuddar-vaderbestandig-sittgrupp-for-4\/#primaryimage"},"thumbnailUrl":"https:\/\/i0.wp.com\/truusk.store\/wp-content\/uploads\/2025\/06\/tradgardsmobelset-i-polyrattan-lounge-set-med-2-sits-soffa-stol-glasbord-kuddar-vaderbestandig-sittgrupp-for-4-personer-utomhus-balkongmobelset-terrassmobler-for-tradgard-balkong-brungra-1.webp?fit=2000%2C2000&ssl=1","datePublished":"2025-06-06T03:48:04+00:00","dateModified":"2026-03-12T07:42:18+00:00","breadcrumb":{"@id":"https:\/\/truusk.store\/sv\/produkt\/truusk-tradgardsmobelset-i-polyrattan-lounge-set-med-2-sits-soffa-stol-glasbord-kuddar-vaderbestandig-sittgrupp-for-4\/#breadcrumb"},"inLanguage":"sv-SE","potentialAction":[{"@type":"ReadAction","target":["https:\/\/truusk.store\/sv\/produkt\/truusk-tradgardsmobelset-i-polyrattan-lounge-set-med-2-sits-soffa-stol-glasbord-kuddar-vaderbestandig-sittgrupp-for-4\/"]}]},{"@type":"ImageObject","inLanguage":"sv-SE","@id":"https:\/\/truusk.store\/sv\/produkt\/truusk-tradgardsmobelset-i-polyrattan-lounge-set-med-2-sits-soffa-stol-glasbord-kuddar-vaderbestandig-sittgrupp-for-4\/#primaryimage","url":"https:\/\/i0.wp.com\/truusk.store\/wp-content\/uploads\/2025\/06\/tradgardsmobelset-i-polyrattan-lounge-set-med-2-sits-soffa-stol-glasbord-kuddar-vaderbestandig-sittgrupp-for-4-personer-utomhus-balkongmobelset-terrassmobler-for-tradgard-balkong-brungra-1.webp?fit=2000%2C2000&ssl=1","contentUrl":"https:\/\/i0.wp.com\/truusk.store\/wp-content\/uploads\/2025\/06\/tradgardsmobelset-i-polyrattan-lounge-set-med-2-sits-soffa-stol-glasbord-kuddar-vaderbestandig-sittgrupp-for-4-personer-utomhus-balkongmobelset-terrassmobler-for-tradgard-balkong-brungra-1.webp?fit=2000%2C2000&ssl=1","width":2000,"height":2000},{"@type":"BreadcrumbList","@id":"https:\/\/truusk.store\/sv\/produkt\/truusk-tradgardsmobelset-i-polyrattan-lounge-set-med-2-sits-soffa-stol-glasbord-kuddar-vaderbestandig-sittgrupp-for-4\/#breadcrumb","itemListElement":[{"@type":"ListItem","position":1,"name":"Home","item":"https:\/\/truusk.store\/sv\/"},{"@type":"ListItem","position":2,"name":"Shop","item":"https:\/\/truusk.store\/shop\/"},{"@type":"ListItem","position":3,"name":"TRUUSK Tr\u00e4dg\u00e5rdsm\u00f6belset i Polyrattan &#8211; Lounge-set med 2-sits soffa, stol, glasbord, kuddar &#8211; V\u00e4derbest\u00e4ndig sittgrupp f\u00f6r 4"}]},{"@type":"WebSite","@id":"https:\/\/truusk.store\/sv\/#website","url":"https:\/\/truusk.store\/sv\/","name":"TRUUSK - Hem, Tr\u00e4dg\u00e5rd & Fritid","description":"","publisher":{"@id":"https:\/\/truusk.store\/sv\/#organization"},"potentialAction":[{"@type":"SearchAction","target":{"@type":"EntryPoint","urlTemplate":"https:\/\/truusk.store\/sv\/?s={search_term_string}"},"query-input":{"@type":"PropertyValueSpecification","valueRequired":true,"valueName":"search_term_string"}}],"inLanguage":"sv-SE"},{"@type":"Organization","@id":"https:\/\/truusk.store\/sv\/#organization","name":"TRUUSK - Hem, Tr\u00e4dg\u00e5rd & Fritid","url":"https:\/\/truusk.store\/sv\/","logo":{"@type":"ImageObject","inLanguage":"sv-SE","@id":"https:\/\/truusk.store\/sv\/#\/schema\/logo\/image\/","url":"https:\/\/i0.wp.com\/truusk.store\/wp-content\/uploads\/2026\/03\/cropped-TRUUSK.png?fit=2032%2C917&ssl=1","contentUrl":"https:\/\/i0.wp.com\/truusk.store\/wp-content\/uploads\/2026\/03\/cropped-TRUUSK.png?fit=2032%2C917&ssl=1","width":2032,"height":917,"caption":"TRUUSK - Hem, Tr\u00e4dg\u00e5rd & Fritid"},"image":{"@id":"https:\/\/truusk.store\/sv\/#\/schema\/logo\/image\/"}}]}},"jetpack_sharing_enabled":true,"_links":{"self":[{"href":"https:\/\/truusk.store\/sv\/wp-json\/wp\/v2\/product\/76023","targetHints":{"allow":["GET"]}}],"collection":[{"href":"https:\/\/truusk.store\/sv\/wp-json\/wp\/v2\/product"}],"about":[{"href":"https:\/\/truusk.store\/sv\/wp-json\/wp\/v2\/types\/product"}],"wp:featuredmedia":[{"embeddable":true,"href":"https:\/\/truusk.store\/sv\/wp-json\/wp\/v2\/media\/76014"}],"wp:attachment":[{"href":"https:\/\/truusk.store\/sv\/wp-json\/wp\/v2\/media?parent=76023"}],"wp:term":[{"taxonomy":"product_brand","embeddable":true,"href":"https:\/\/truusk.store\/sv\/wp-json\/wp\/v2\/product_brand?post=76023"},{"taxonomy":"product_cat","embeddable":true,"href":"https:\/\/truusk.store\/sv\/wp-json\/wp\/v2\/product_cat?post=76023"},{"taxonomy":"product_tag","embeddable":true,"href":"https:\/\/truusk.store\/sv\/wp-json\/wp\/v2\/product_tag?post=76023"}],"curies":[{"name":"wp","href":"https:\/\/api.w.org\/{rel}","templated":true}]}}