{"id":76035,"date":"2025-06-06T04:49:01","date_gmt":"2025-06-06T03:49:01","guid":{"rendered":"https:\/\/truusk.store\/product\/tradgardsmobelset-i-polyrattan-lounge-set-med-2-sits-soffa-stol-glasbord-kuddar-vaderbestandig-sittgrupp-for-4-personer-utemobler-for-balkong-terrassmobler-for-tradgard-balkong-morkgragul\/"},"modified":"2026-03-12T08:42:16","modified_gmt":"2026-03-12T07:42:16","slug":"truusk-tradgardsmobelset-i-polyrattan-lounge-set-med-2-sits-soffa-stol-glasbord-vaderbestandig-sittgrupp-for-4-personer","status":"publish","type":"product","link":"https:\/\/truusk.store\/sv\/produkt\/truusk-tradgardsmobelset-i-polyrattan-lounge-set-med-2-sits-soffa-stol-glasbord-vaderbestandig-sittgrupp-for-4-personer\/","title":{"rendered":"TRUUSK Tr\u00e4dg\u00e5rdsm\u00f6belset i Polyrattan &#8211; Lounge-set med 2-sits soffa, stol, glasbord &#8211; V\u00e4derbest\u00e4ndig sittgrupp f\u00f6r 4 personer &#8211;"},"content":{"rendered":"<p>F\u00f6rvandla din tr\u00e4dg\u00e5rd till ett paradis av lugn med TRUUSKs fyradelade polyrattan tr\u00e4dg\u00e5rdsm\u00f6belset. Sittgruppen best\u00e5r av tv\u00e5 f\u00e5t\u00f6ljer, en loveseat och ett soffbord, perfekt anpassningsbar f\u00f6r alla tillf\u00e4llen. Tillverkad med en pulverlackerad st\u00e5lram och UV-resistent rattan, garanterar denna polyrattan sittgrupp l\u00e5ngvarig utomhusanv\u00e4ndning. De vattensprutresistenta tygerna och mjuka sittkuddarna erbjuder optimal komfort vid dina utomhusevenemang.<\/p>\n<p>Beskrivning:<\/p>\n<ul>\n<li> Fyradelat rattan tr\u00e4dg\u00e5rdsm\u00f6belset m\u00f6jligg\u00f6r olika arrangemangsm\u00f6jligheter<\/li>\n<li> Mjuka sittkuddar med dragkedjefodral f\u00f6r enkel reng\u00f6ring<\/li>\n<li> Pulverlackerad st\u00e5lram av tr\u00e4dg\u00e5rdsm\u00f6belset \u00f6kar h\u00e5llbarheten mot v\u00e4derp\u00e5verkan<\/li>\n<li> UV-resistent rattan och vattensprutskyddat tyg \u00e4r designade f\u00f6r utomhusbruk<\/li>\n<li> Soffbord i tr\u00e4effekt med s\u00e4kerhetsglas<\/li>\n<li> Skyddande fotdynor av polyrattan lounge-set f\u00f6rhindrar repor p\u00e5 ditt golv<\/li>\n<li> Montering kr\u00e4vs<\/li>\n<\/ul>\n<p> Tekniska data:<\/p>\n<ul>\n<li> F\u00e4rg: M\u00f6rkgr\u00e5+Gul<\/li>\n<li> Material: St\u00e5l, PE-rattan, Polyester, H\u00e4rdat glas<\/li>\n<li> F\u00e5t\u00f6ljdimensioner: 62L x 64B x 82H cm<\/li>\n<li> Tv\u00e5sitsdimensioner: 112L x 64B x 82H cm<\/li>\n<li> Borddimensioner: 90L x 55B x 45H cm<\/li>\n<li> Sittstorlek: 55B x 45T x 40H cm (F\u00e5t\u00f6lj), 105B x 45T x 40H cm (Tv\u00e5sits)<\/li>\n<li> Ryggst\u00f6dsdimensioner: 55B x 46L x 45H cm (F\u00e5t\u00f6lj), 105B x 46L x 45H cm (Tv\u00e5sits)<\/li>\n<li> Sittkuddsdimensioner: 55L x 46B x 4T cm (F\u00e5t\u00f6lj), 105L x 46B x 4T cm (Tv\u00e5sits)<\/li>\n<li> Vattent\u00e4thetsniv\u00e5: Vattensprutresistent<\/li>\n<li> UV-skyddsniv\u00e5: Europeisk standardniv\u00e5 4<\/li>\n<li> UV-resistens: 2000 timmar (Rattan)<\/li>\n<li> Belastningskapacitet: 120 kg (F\u00e5t\u00f6lj), 240 kg (Tv\u00e5sits), 50 kg (Bord)<\/li>\n<\/ul>\n<p>Leveransinneh\u00e5ll:<\/p>\n<ul>\n<li> 1 x Loveseat<\/li>\n<li> 2 x F\u00e5t\u00f6lj<\/li>\n<li> 1 x Soffbord<\/li>\n<li> 3 x Sittkudde<\/li>\n<li> 1 x Bruksanvisning<\/li>\n<\/ul>\n","protected":false},"excerpt":{"rendered":"<p>F\u00f6rvandla din tr\u00e4dg\u00e5rd till ett paradis av lugn med TRUUSKs fyradelade polyrattan tr\u00e4dg\u00e5rdsm\u00f6belset. Sittgruppen best\u00e5r av tv\u00e5 f\u00e5t\u00f6ljer, en loveseat&#8230;<\/p>\n","protected":false},"featured_media":76024,"template":"","meta":[],"product_brand":[],"product_cat":[858,450,456],"product_tag":[],"class_list":{"0":"post-76035","1":"product","2":"type-product","3":"status-publish","4":"has-post-thumbnail","6":"product_cat-tradgard-terrass","7":"product_cat-tradgardsmobler","8":"product_cat-tradgardsmobler-set","10":"first","11":"instock","12":"sale","13":"taxable","14":"shipping-taxable","15":"purchasable","16":"product-type-simple"},"yoast_head":"<!-- This site is optimized with the Yoast SEO plugin v25.4 - https:\/\/yoast.com\/wordpress\/plugins\/seo\/ -->\n<title>TRUUSK Tr\u00e4dg\u00e5rdsm\u00f6belset i Polyrattan - Lounge-set med 2-sits soffa, stol, glasbord - V\u00e4derbest\u00e4ndig sittgrupp f\u00f6r 4 personer - TRUUSK - Hem, Tr\u00e4dg\u00e5rd &amp; Fritid<\/title>\n<meta name=\"robots\" content=\"index, follow, max-snippet:-1, max-image-preview:large, max-video-preview:-1\" \/>\n<link rel=\"canonical\" href=\"https:\/\/truusk.store\/sv\/produkt\/truusk-tradgardsmobelset-i-polyrattan-lounge-set-med-2-sits-soffa-stol-glasbord-vaderbestandig-sittgrupp-for-4-personer\/\" \/>\n<meta property=\"og:locale\" content=\"sv_SE\" \/>\n<meta property=\"og:type\" content=\"article\" \/>\n<meta property=\"og:title\" content=\"TRUUSK Tr\u00e4dg\u00e5rdsm\u00f6belset i Polyrattan - Lounge-set med 2-sits soffa, stol, glasbord - V\u00e4derbest\u00e4ndig sittgrupp f\u00f6r 4 personer - TRUUSK - Hem, Tr\u00e4dg\u00e5rd &amp; Fritid\" \/>\n<meta property=\"og:description\" content=\"F\u00f6rvandla din tr\u00e4dg\u00e5rd till ett paradis av lugn med TRUUSKs fyradelade polyrattan tr\u00e4dg\u00e5rdsm\u00f6belset. Sittgruppen best\u00e5r av tv\u00e5 f\u00e5t\u00f6ljer, en loveseat...\" \/>\n<meta property=\"og:url\" content=\"https:\/\/truusk.store\/sv\/produkt\/truusk-tradgardsmobelset-i-polyrattan-lounge-set-med-2-sits-soffa-stol-glasbord-vaderbestandig-sittgrupp-for-4-personer\/\" \/>\n<meta property=\"og:site_name\" content=\"TRUUSK - Hem, Tr\u00e4dg\u00e5rd &amp; Fritid\" \/>\n<meta property=\"article:modified_time\" content=\"2026-03-12T07:42:16+00:00\" \/>\n<meta property=\"og:image\" content=\"https:\/\/i0.wp.com\/truusk.se\/wp-content\/uploads\/2025\/06\/tradgardsmobelset-i-polyrattan-lounge-set-med-2-sits-soffa-stol-glasbord-kuddar-vaderbestandig-sittgrupp-for-4-personer-utemobler-for-balkong-terrassmobler-for-tradgard-balkong-morkgragul-1.webp?fit=2000%2C2000&ssl=1\" \/>\n\t<meta property=\"og:image:width\" content=\"2000\" \/>\n\t<meta property=\"og:image:height\" content=\"2000\" \/>\n\t<meta property=\"og:image:type\" content=\"image\/webp\" \/>\n<meta name=\"twitter:card\" content=\"summary_large_image\" \/>\n<meta name=\"twitter:label1\" content=\"Ber\u00e4knad l\u00e4stid\" \/>\n\t<meta name=\"twitter:data1\" content=\"1 minut\" \/>\n<!-- \/ Yoast SEO plugin. -->","yoast_head_json":{"title":"TRUUSK Tr\u00e4dg\u00e5rdsm\u00f6belset i Polyrattan - Lounge-set med 2-sits soffa, stol, glasbord - V\u00e4derbest\u00e4ndig sittgrupp f\u00f6r 4 personer - TRUUSK - Hem, Tr\u00e4dg\u00e5rd &amp; Fritid","robots":{"index":"index","follow":"follow","max-snippet":"max-snippet:-1","max-image-preview":"max-image-preview:large","max-video-preview":"max-video-preview:-1"},"canonical":"https:\/\/truusk.store\/sv\/produkt\/truusk-tradgardsmobelset-i-polyrattan-lounge-set-med-2-sits-soffa-stol-glasbord-vaderbestandig-sittgrupp-for-4-personer\/","og_locale":"sv_SE","og_type":"article","og_title":"TRUUSK Tr\u00e4dg\u00e5rdsm\u00f6belset i Polyrattan - Lounge-set med 2-sits soffa, stol, glasbord - V\u00e4derbest\u00e4ndig sittgrupp f\u00f6r 4 personer - TRUUSK - Hem, Tr\u00e4dg\u00e5rd &amp; Fritid","og_description":"F\u00f6rvandla din tr\u00e4dg\u00e5rd till ett paradis av lugn med TRUUSKs fyradelade polyrattan tr\u00e4dg\u00e5rdsm\u00f6belset. Sittgruppen best\u00e5r av tv\u00e5 f\u00e5t\u00f6ljer, en loveseat...","og_url":"https:\/\/truusk.store\/sv\/produkt\/truusk-tradgardsmobelset-i-polyrattan-lounge-set-med-2-sits-soffa-stol-glasbord-vaderbestandig-sittgrupp-for-4-personer\/","og_site_name":"TRUUSK - Hem, Tr\u00e4dg\u00e5rd &amp; Fritid","article_modified_time":"2026-03-12T07:42:16+00:00","og_image":[{"width":2000,"height":2000,"url":"https:\/\/i0.wp.com\/truusk.se\/wp-content\/uploads\/2025\/06\/tradgardsmobelset-i-polyrattan-lounge-set-med-2-sits-soffa-stol-glasbord-kuddar-vaderbestandig-sittgrupp-for-4-personer-utemobler-for-balkong-terrassmobler-for-tradgard-balkong-morkgragul-1.webp?fit=2000%2C2000&ssl=1","type":"image\/webp"}],"twitter_card":"summary_large_image","twitter_misc":{"Ber\u00e4knad l\u00e4stid":"1 minut"},"schema":{"@context":"https:\/\/schema.org","@graph":[{"@type":"WebPage","@id":"https:\/\/truusk.store\/sv\/produkt\/truusk-tradgardsmobelset-i-polyrattan-lounge-set-med-2-sits-soffa-stol-glasbord-vaderbestandig-sittgrupp-for-4-personer\/","url":"https:\/\/truusk.store\/sv\/produkt\/truusk-tradgardsmobelset-i-polyrattan-lounge-set-med-2-sits-soffa-stol-glasbord-vaderbestandig-sittgrupp-for-4-personer\/","name":"TRUUSK Tr\u00e4dg\u00e5rdsm\u00f6belset i Polyrattan - Lounge-set med 2-sits soffa, stol, glasbord - V\u00e4derbest\u00e4ndig sittgrupp f\u00f6r 4 personer - TRUUSK - Hem, Tr\u00e4dg\u00e5rd &amp; Fritid","isPartOf":{"@id":"https:\/\/truusk.store\/sv\/#website"},"primaryImageOfPage":{"@id":"https:\/\/truusk.store\/sv\/produkt\/truusk-tradgardsmobelset-i-polyrattan-lounge-set-med-2-sits-soffa-stol-glasbord-vaderbestandig-sittgrupp-for-4-personer\/#primaryimage"},"image":{"@id":"https:\/\/truusk.store\/sv\/produkt\/truusk-tradgardsmobelset-i-polyrattan-lounge-set-med-2-sits-soffa-stol-glasbord-vaderbestandig-sittgrupp-for-4-personer\/#primaryimage"},"thumbnailUrl":"https:\/\/i0.wp.com\/truusk.store\/wp-content\/uploads\/2025\/06\/tradgardsmobelset-i-polyrattan-lounge-set-med-2-sits-soffa-stol-glasbord-kuddar-vaderbestandig-sittgrupp-for-4-personer-utemobler-for-balkong-terrassmobler-for-tradgard-balkong-morkgragul-1.webp?fit=2000%2C2000&ssl=1","datePublished":"2025-06-06T03:49:01+00:00","dateModified":"2026-03-12T07:42:16+00:00","breadcrumb":{"@id":"https:\/\/truusk.store\/sv\/produkt\/truusk-tradgardsmobelset-i-polyrattan-lounge-set-med-2-sits-soffa-stol-glasbord-vaderbestandig-sittgrupp-for-4-personer\/#breadcrumb"},"inLanguage":"sv-SE","potentialAction":[{"@type":"ReadAction","target":["https:\/\/truusk.store\/sv\/produkt\/truusk-tradgardsmobelset-i-polyrattan-lounge-set-med-2-sits-soffa-stol-glasbord-vaderbestandig-sittgrupp-for-4-personer\/"]}]},{"@type":"ImageObject","inLanguage":"sv-SE","@id":"https:\/\/truusk.store\/sv\/produkt\/truusk-tradgardsmobelset-i-polyrattan-lounge-set-med-2-sits-soffa-stol-glasbord-vaderbestandig-sittgrupp-for-4-personer\/#primaryimage","url":"https:\/\/i0.wp.com\/truusk.store\/wp-content\/uploads\/2025\/06\/tradgardsmobelset-i-polyrattan-lounge-set-med-2-sits-soffa-stol-glasbord-kuddar-vaderbestandig-sittgrupp-for-4-personer-utemobler-for-balkong-terrassmobler-for-tradgard-balkong-morkgragul-1.webp?fit=2000%2C2000&ssl=1","contentUrl":"https:\/\/i0.wp.com\/truusk.store\/wp-content\/uploads\/2025\/06\/tradgardsmobelset-i-polyrattan-lounge-set-med-2-sits-soffa-stol-glasbord-kuddar-vaderbestandig-sittgrupp-for-4-personer-utemobler-for-balkong-terrassmobler-for-tradgard-balkong-morkgragul-1.webp?fit=2000%2C2000&ssl=1","width":2000,"height":2000},{"@type":"BreadcrumbList","@id":"https:\/\/truusk.store\/sv\/produkt\/truusk-tradgardsmobelset-i-polyrattan-lounge-set-med-2-sits-soffa-stol-glasbord-vaderbestandig-sittgrupp-for-4-personer\/#breadcrumb","itemListElement":[{"@type":"ListItem","position":1,"name":"Home","item":"https:\/\/truusk.store\/sv\/"},{"@type":"ListItem","position":2,"name":"Shop","item":"https:\/\/truusk.store\/shop\/"},{"@type":"ListItem","position":3,"name":"TRUUSK Tr\u00e4dg\u00e5rdsm\u00f6belset i Polyrattan &#8211; Lounge-set med 2-sits soffa, stol, glasbord &#8211; V\u00e4derbest\u00e4ndig sittgrupp f\u00f6r 4 personer &#8211;"}]},{"@type":"WebSite","@id":"https:\/\/truusk.store\/sv\/#website","url":"https:\/\/truusk.store\/sv\/","name":"TRUUSK - Hem, Tr\u00e4dg\u00e5rd & Fritid","description":"","publisher":{"@id":"https:\/\/truusk.store\/sv\/#organization"},"potentialAction":[{"@type":"SearchAction","target":{"@type":"EntryPoint","urlTemplate":"https:\/\/truusk.store\/sv\/?s={search_term_string}"},"query-input":{"@type":"PropertyValueSpecification","valueRequired":true,"valueName":"search_term_string"}}],"inLanguage":"sv-SE"},{"@type":"Organization","@id":"https:\/\/truusk.store\/sv\/#organization","name":"TRUUSK - Hem, Tr\u00e4dg\u00e5rd & Fritid","url":"https:\/\/truusk.store\/sv\/","logo":{"@type":"ImageObject","inLanguage":"sv-SE","@id":"https:\/\/truusk.store\/sv\/#\/schema\/logo\/image\/","url":"https:\/\/i0.wp.com\/truusk.store\/wp-content\/uploads\/2026\/03\/cropped-TRUUSK.png?fit=2032%2C917&ssl=1","contentUrl":"https:\/\/i0.wp.com\/truusk.store\/wp-content\/uploads\/2026\/03\/cropped-TRUUSK.png?fit=2032%2C917&ssl=1","width":2032,"height":917,"caption":"TRUUSK - Hem, Tr\u00e4dg\u00e5rd & Fritid"},"image":{"@id":"https:\/\/truusk.store\/sv\/#\/schema\/logo\/image\/"}}]}},"jetpack_sharing_enabled":true,"_links":{"self":[{"href":"https:\/\/truusk.store\/sv\/wp-json\/wp\/v2\/product\/76035","targetHints":{"allow":["GET"]}}],"collection":[{"href":"https:\/\/truusk.store\/sv\/wp-json\/wp\/v2\/product"}],"about":[{"href":"https:\/\/truusk.store\/sv\/wp-json\/wp\/v2\/types\/product"}],"wp:featuredmedia":[{"embeddable":true,"href":"https:\/\/truusk.store\/sv\/wp-json\/wp\/v2\/media\/76024"}],"wp:attachment":[{"href":"https:\/\/truusk.store\/sv\/wp-json\/wp\/v2\/media?parent=76035"}],"wp:term":[{"taxonomy":"product_brand","embeddable":true,"href":"https:\/\/truusk.store\/sv\/wp-json\/wp\/v2\/product_brand?post=76035"},{"taxonomy":"product_cat","embeddable":true,"href":"https:\/\/truusk.store\/sv\/wp-json\/wp\/v2\/product_cat?post=76035"},{"taxonomy":"product_tag","embeddable":true,"href":"https:\/\/truusk.store\/sv\/wp-json\/wp\/v2\/product_tag?post=76035"}],"curies":[{"name":"wp","href":"https:\/\/api.w.org\/{rel}","templated":true}]}}