{"id":76053,"date":"2025-06-06T04:50:52","date_gmt":"2025-06-06T03:50:52","guid":{"rendered":"https:\/\/truusk.store\/product\/tradgardsoffa-med-kuddar-2-sits-rattansoffa-lounge-soffa-utomhus-balkongsoffa-rattansoffa-tradgardslounge-polyrattan-tradgardsmobler-balkongmobler-112-x-72-x-76-cm-gra\/"},"modified":"2026-03-12T08:42:37","modified_gmt":"2026-03-12T07:42:37","slug":"truusk-tradgardsoffa-med-kuddar-2-sits-rattansoffa-utomhus-lounge-soffa-polyrattan-gra-112-x-72-x-76-cm","status":"publish","type":"product","link":"https:\/\/truusk.store\/sv\/produkt\/truusk-tradgardsoffa-med-kuddar-2-sits-rattansoffa-utomhus-lounge-soffa-polyrattan-gra-112-x-72-x-76-cm\/","title":{"rendered":"TRUUSK Tr\u00e4dg\u00e5rdsoffa Med Kuddar &#8211; 2-sits Rattansoffa &#8211; Utomhus Lounge Soffa &#8211; Polyrattan &#8211; Gr\u00e5 &#8211; 112 X 72 X 76 cm"},"content":{"rendered":"<p>Njut av komforten med TRUUSK Rattansoffan, perfekt f\u00f6r avkopplande stunder. De mjuka kuddarna p\u00e5 rattansoffan, med avtagbara \u00f6verdrag, \u00e4r l\u00e4tta att underh\u00e5lla, och det st\u00e4nks\u00e4kra polyestret h\u00e5ller fukt borta. Omgiven av UV-resistent PE-rattan, kombinerar denna tv\u00e5sitsiga rattansoffa stil och funktionalitet &#8211; ett stilfullt tillskott till tr\u00e4dg\u00e5rden eller balkongen.<\/p>\n<p>Beskrivning:<\/p>\n<ul>\n<li> Den rymliga tv\u00e5sitsiga rattansoffan g\u00f6r det m\u00f6jligt f\u00f6r dig att koppla av utomhus med en v\u00e4n<\/li>\n<li> Mjuka kuddar p\u00e5 rattansoffan ger en bekv\u00e4m avkoppling med avtagbara \u00f6verdrag f\u00f6r enkel tv\u00e4tt<\/li>\n<li> St\u00e4nks\u00e4kert tyg p\u00e5 rattansoffan minimerar oron \u00f6ver spillda drycker<\/li>\n<li> Robust, pulverlackerad st\u00e5lram \u00e4r rostbest\u00e4ndig<\/li>\n<li> UV-resistent PE-rattan st\u00e5r emot l\u00e4tt v\u00e4derf\u00f6r\u00e4ndring och blekning<\/li>\n<li> Trendig boho-not genom vertikalt virade runda rattanrep<\/li>\n<li> Idealisk f\u00f6r tr\u00e4dg\u00e5rdar, balkonger och verandor<\/li>\n<li> Enkel montering kr\u00e4vs<\/li>\n<\/ul>\n<p> Tekniska data:<\/p>\n<ul>\n<li> F\u00e4rg: Gr\u00e5<\/li>\n<li> Material: St\u00e5l, PE-rattan, Polyester, Skum<\/li>\n<li> Totala dimensioner: 112L x 72B x 76H cm<\/li>\n<li> Sitsstorlek: 106B x 58T x 35H cm<\/li>\n<li> Ryggst\u00f6dsstorlek: 104B x 45L x 43H cm<\/li>\n<li> Sitskuddens storlek: 106L x 58B x 8T cm<\/li>\n<li> Ryggkuddens storlek: 55L x 50B x 12T cm<\/li>\n<li> Belastningskapacitet: 240 kg<\/li>\n<li> Tygets vattent\u00e4thet: St\u00e4nks\u00e4ker<\/li>\n<li> Tygets UV-skydd: Europeisk standardniv\u00e5 4<\/li>\n<li> Rattans UV-best\u00e4ndighet: 2000 timmar<\/li>\n<\/ul>\n<p>Leveransinneh\u00e5ll:<\/p>\n<ul>\n<li> 1 x Rattansoffa<\/li>\n<li> 1 x Sitskudde<\/li>\n<li> 2 x Ryggkuddar<\/li>\n<li> 1 x Bruksanvisning<\/li>\n<\/ul>\n","protected":false},"excerpt":{"rendered":"<p>Njut av komforten med TRUUSK Rattansoffan, perfekt f\u00f6r avkopplande stunder. De mjuka kuddarna p\u00e5 rattansoffan, med avtagbara \u00f6verdrag, \u00e4r l\u00e4tta&#8230;<\/p>\n","protected":false},"featured_media":76044,"template":"","meta":[],"product_brand":[],"product_cat":[858,450,456],"product_tag":[],"class_list":{"0":"post-76053","1":"product","2":"type-product","3":"status-publish","4":"has-post-thumbnail","6":"product_cat-tradgard-terrass","7":"product_cat-tradgardsmobler","8":"product_cat-tradgardsmobler-set","10":"first","11":"instock","12":"sale","13":"taxable","14":"shipping-taxable","15":"purchasable","16":"product-type-simple"},"yoast_head":"<!-- This site is optimized with the Yoast SEO plugin v25.4 - https:\/\/yoast.com\/wordpress\/plugins\/seo\/ -->\n<title>TRUUSK Tr\u00e4dg\u00e5rdsoffa Med Kuddar - 2-sits Rattansoffa - Utomhus Lounge Soffa - Polyrattan - Gr\u00e5 - 112 X 72 X 76 cm - TRUUSK - Hem, Tr\u00e4dg\u00e5rd &amp; Fritid<\/title>\n<meta name=\"robots\" content=\"index, follow, max-snippet:-1, max-image-preview:large, max-video-preview:-1\" \/>\n<link rel=\"canonical\" href=\"https:\/\/truusk.store\/sv\/produkt\/truusk-tradgardsoffa-med-kuddar-2-sits-rattansoffa-utomhus-lounge-soffa-polyrattan-gra-112-x-72-x-76-cm\/\" \/>\n<meta property=\"og:locale\" content=\"sv_SE\" \/>\n<meta property=\"og:type\" content=\"article\" \/>\n<meta property=\"og:title\" content=\"TRUUSK Tr\u00e4dg\u00e5rdsoffa Med Kuddar - 2-sits Rattansoffa - Utomhus Lounge Soffa - Polyrattan - Gr\u00e5 - 112 X 72 X 76 cm - TRUUSK - Hem, Tr\u00e4dg\u00e5rd &amp; Fritid\" \/>\n<meta property=\"og:description\" content=\"Njut av komforten med TRUUSK Rattansoffan, perfekt f\u00f6r avkopplande stunder. De mjuka kuddarna p\u00e5 rattansoffan, med avtagbara \u00f6verdrag, \u00e4r l\u00e4tta...\" \/>\n<meta property=\"og:url\" content=\"https:\/\/truusk.store\/sv\/produkt\/truusk-tradgardsoffa-med-kuddar-2-sits-rattansoffa-utomhus-lounge-soffa-polyrattan-gra-112-x-72-x-76-cm\/\" \/>\n<meta property=\"og:site_name\" content=\"TRUUSK - Hem, Tr\u00e4dg\u00e5rd &amp; Fritid\" \/>\n<meta property=\"article:modified_time\" content=\"2026-03-12T07:42:37+00:00\" \/>\n<meta property=\"og:image\" content=\"https:\/\/i0.wp.com\/truusk.se\/wp-content\/uploads\/2025\/06\/tradgardsoffa-med-kuddar-2-sits-rattansoffa-lounge-soffa-utomhus-balkongsoffa-rattansoffa-tradgardslounge-polyrattan-tradgardsmobler-balkongmobler-112-x-72-x-76-cm-gra-1.webp?fit=2000%2C2000&ssl=1\" \/>\n\t<meta property=\"og:image:width\" content=\"2000\" \/>\n\t<meta property=\"og:image:height\" content=\"2000\" \/>\n\t<meta property=\"og:image:type\" content=\"image\/webp\" \/>\n<meta name=\"twitter:card\" content=\"summary_large_image\" \/>\n<meta name=\"twitter:label1\" content=\"Ber\u00e4knad l\u00e4stid\" \/>\n\t<meta name=\"twitter:data1\" content=\"1 minut\" \/>\n<!-- \/ Yoast SEO plugin. -->","yoast_head_json":{"title":"TRUUSK Tr\u00e4dg\u00e5rdsoffa Med Kuddar - 2-sits Rattansoffa - Utomhus Lounge Soffa - Polyrattan - Gr\u00e5 - 112 X 72 X 76 cm - TRUUSK - Hem, Tr\u00e4dg\u00e5rd &amp; Fritid","robots":{"index":"index","follow":"follow","max-snippet":"max-snippet:-1","max-image-preview":"max-image-preview:large","max-video-preview":"max-video-preview:-1"},"canonical":"https:\/\/truusk.store\/sv\/produkt\/truusk-tradgardsoffa-med-kuddar-2-sits-rattansoffa-utomhus-lounge-soffa-polyrattan-gra-112-x-72-x-76-cm\/","og_locale":"sv_SE","og_type":"article","og_title":"TRUUSK Tr\u00e4dg\u00e5rdsoffa Med Kuddar - 2-sits Rattansoffa - Utomhus Lounge Soffa - Polyrattan - Gr\u00e5 - 112 X 72 X 76 cm - TRUUSK - Hem, Tr\u00e4dg\u00e5rd &amp; Fritid","og_description":"Njut av komforten med TRUUSK Rattansoffan, perfekt f\u00f6r avkopplande stunder. De mjuka kuddarna p\u00e5 rattansoffan, med avtagbara \u00f6verdrag, \u00e4r l\u00e4tta...","og_url":"https:\/\/truusk.store\/sv\/produkt\/truusk-tradgardsoffa-med-kuddar-2-sits-rattansoffa-utomhus-lounge-soffa-polyrattan-gra-112-x-72-x-76-cm\/","og_site_name":"TRUUSK - Hem, Tr\u00e4dg\u00e5rd &amp; Fritid","article_modified_time":"2026-03-12T07:42:37+00:00","og_image":[{"width":2000,"height":2000,"url":"https:\/\/i0.wp.com\/truusk.se\/wp-content\/uploads\/2025\/06\/tradgardsoffa-med-kuddar-2-sits-rattansoffa-lounge-soffa-utomhus-balkongsoffa-rattansoffa-tradgardslounge-polyrattan-tradgardsmobler-balkongmobler-112-x-72-x-76-cm-gra-1.webp?fit=2000%2C2000&ssl=1","type":"image\/webp"}],"twitter_card":"summary_large_image","twitter_misc":{"Ber\u00e4knad l\u00e4stid":"1 minut"},"schema":{"@context":"https:\/\/schema.org","@graph":[{"@type":"WebPage","@id":"https:\/\/truusk.store\/sv\/produkt\/truusk-tradgardsoffa-med-kuddar-2-sits-rattansoffa-utomhus-lounge-soffa-polyrattan-gra-112-x-72-x-76-cm\/","url":"https:\/\/truusk.store\/sv\/produkt\/truusk-tradgardsoffa-med-kuddar-2-sits-rattansoffa-utomhus-lounge-soffa-polyrattan-gra-112-x-72-x-76-cm\/","name":"TRUUSK Tr\u00e4dg\u00e5rdsoffa Med Kuddar - 2-sits Rattansoffa - Utomhus Lounge Soffa - Polyrattan - Gr\u00e5 - 112 X 72 X 76 cm - TRUUSK - Hem, Tr\u00e4dg\u00e5rd &amp; Fritid","isPartOf":{"@id":"https:\/\/truusk.store\/sv\/#website"},"primaryImageOfPage":{"@id":"https:\/\/truusk.store\/sv\/produkt\/truusk-tradgardsoffa-med-kuddar-2-sits-rattansoffa-utomhus-lounge-soffa-polyrattan-gra-112-x-72-x-76-cm\/#primaryimage"},"image":{"@id":"https:\/\/truusk.store\/sv\/produkt\/truusk-tradgardsoffa-med-kuddar-2-sits-rattansoffa-utomhus-lounge-soffa-polyrattan-gra-112-x-72-x-76-cm\/#primaryimage"},"thumbnailUrl":"https:\/\/i0.wp.com\/truusk.store\/wp-content\/uploads\/2025\/06\/tradgardsoffa-med-kuddar-2-sits-rattansoffa-lounge-soffa-utomhus-balkongsoffa-rattansoffa-tradgardslounge-polyrattan-tradgardsmobler-balkongmobler-112-x-72-x-76-cm-gra-1.webp?fit=2000%2C2000&ssl=1","datePublished":"2025-06-06T03:50:52+00:00","dateModified":"2026-03-12T07:42:37+00:00","breadcrumb":{"@id":"https:\/\/truusk.store\/sv\/produkt\/truusk-tradgardsoffa-med-kuddar-2-sits-rattansoffa-utomhus-lounge-soffa-polyrattan-gra-112-x-72-x-76-cm\/#breadcrumb"},"inLanguage":"sv-SE","potentialAction":[{"@type":"ReadAction","target":["https:\/\/truusk.store\/sv\/produkt\/truusk-tradgardsoffa-med-kuddar-2-sits-rattansoffa-utomhus-lounge-soffa-polyrattan-gra-112-x-72-x-76-cm\/"]}]},{"@type":"ImageObject","inLanguage":"sv-SE","@id":"https:\/\/truusk.store\/sv\/produkt\/truusk-tradgardsoffa-med-kuddar-2-sits-rattansoffa-utomhus-lounge-soffa-polyrattan-gra-112-x-72-x-76-cm\/#primaryimage","url":"https:\/\/i0.wp.com\/truusk.store\/wp-content\/uploads\/2025\/06\/tradgardsoffa-med-kuddar-2-sits-rattansoffa-lounge-soffa-utomhus-balkongsoffa-rattansoffa-tradgardslounge-polyrattan-tradgardsmobler-balkongmobler-112-x-72-x-76-cm-gra-1.webp?fit=2000%2C2000&ssl=1","contentUrl":"https:\/\/i0.wp.com\/truusk.store\/wp-content\/uploads\/2025\/06\/tradgardsoffa-med-kuddar-2-sits-rattansoffa-lounge-soffa-utomhus-balkongsoffa-rattansoffa-tradgardslounge-polyrattan-tradgardsmobler-balkongmobler-112-x-72-x-76-cm-gra-1.webp?fit=2000%2C2000&ssl=1","width":2000,"height":2000},{"@type":"BreadcrumbList","@id":"https:\/\/truusk.store\/sv\/produkt\/truusk-tradgardsoffa-med-kuddar-2-sits-rattansoffa-utomhus-lounge-soffa-polyrattan-gra-112-x-72-x-76-cm\/#breadcrumb","itemListElement":[{"@type":"ListItem","position":1,"name":"Home","item":"https:\/\/truusk.store\/sv\/"},{"@type":"ListItem","position":2,"name":"Shop","item":"https:\/\/truusk.store\/shop\/"},{"@type":"ListItem","position":3,"name":"TRUUSK Tr\u00e4dg\u00e5rdsoffa Med Kuddar &#8211; 2-sits Rattansoffa &#8211; Utomhus Lounge Soffa &#8211; Polyrattan &#8211; Gr\u00e5 &#8211; 112 X 72 X 76 cm"}]},{"@type":"WebSite","@id":"https:\/\/truusk.store\/sv\/#website","url":"https:\/\/truusk.store\/sv\/","name":"TRUUSK - Hem, Tr\u00e4dg\u00e5rd & Fritid","description":"","publisher":{"@id":"https:\/\/truusk.store\/sv\/#organization"},"potentialAction":[{"@type":"SearchAction","target":{"@type":"EntryPoint","urlTemplate":"https:\/\/truusk.store\/sv\/?s={search_term_string}"},"query-input":{"@type":"PropertyValueSpecification","valueRequired":true,"valueName":"search_term_string"}}],"inLanguage":"sv-SE"},{"@type":"Organization","@id":"https:\/\/truusk.store\/sv\/#organization","name":"TRUUSK - Hem, Tr\u00e4dg\u00e5rd & Fritid","url":"https:\/\/truusk.store\/sv\/","logo":{"@type":"ImageObject","inLanguage":"sv-SE","@id":"https:\/\/truusk.store\/sv\/#\/schema\/logo\/image\/","url":"https:\/\/i0.wp.com\/truusk.store\/wp-content\/uploads\/2026\/03\/cropped-TRUUSK.png?fit=2032%2C917&ssl=1","contentUrl":"https:\/\/i0.wp.com\/truusk.store\/wp-content\/uploads\/2026\/03\/cropped-TRUUSK.png?fit=2032%2C917&ssl=1","width":2032,"height":917,"caption":"TRUUSK - Hem, Tr\u00e4dg\u00e5rd & Fritid"},"image":{"@id":"https:\/\/truusk.store\/sv\/#\/schema\/logo\/image\/"}}]}},"jetpack_sharing_enabled":true,"_links":{"self":[{"href":"https:\/\/truusk.store\/sv\/wp-json\/wp\/v2\/product\/76053","targetHints":{"allow":["GET"]}}],"collection":[{"href":"https:\/\/truusk.store\/sv\/wp-json\/wp\/v2\/product"}],"about":[{"href":"https:\/\/truusk.store\/sv\/wp-json\/wp\/v2\/types\/product"}],"wp:featuredmedia":[{"embeddable":true,"href":"https:\/\/truusk.store\/sv\/wp-json\/wp\/v2\/media\/76044"}],"wp:attachment":[{"href":"https:\/\/truusk.store\/sv\/wp-json\/wp\/v2\/media?parent=76053"}],"wp:term":[{"taxonomy":"product_brand","embeddable":true,"href":"https:\/\/truusk.store\/sv\/wp-json\/wp\/v2\/product_brand?post=76053"},{"taxonomy":"product_cat","embeddable":true,"href":"https:\/\/truusk.store\/sv\/wp-json\/wp\/v2\/product_cat?post=76053"},{"taxonomy":"product_tag","embeddable":true,"href":"https:\/\/truusk.store\/sv\/wp-json\/wp\/v2\/product_tag?post=76053"}],"curies":[{"name":"wp","href":"https:\/\/api.w.org\/{rel}","templated":true}]}}