{"id":76073,"date":"2025-06-06T04:52:37","date_gmt":"2025-06-06T03:52:37","guid":{"rendered":"https:\/\/truusk.store\/product\/tradgardsskap-i-tra-vadersakert-redskapsskjul-60x60x160cm-redskapshus-med-dorr-hojdjusterbara-hyllor-lasbart-redskapsskap-tradgardsskjul-for-tradgard-terrass-bakgard-ljusgra\/"},"modified":"2026-03-12T09:45:36","modified_gmt":"2026-03-12T08:45:36","slug":"truusk-tradgardsskap-i-tra-vadersakert-redskapsskjul-60x60x160cm-hojdjusterbara-hyllor-lasbart-for-tradgard-terrass","status":"publish","type":"product","link":"https:\/\/truusk.store\/sv\/produkt\/truusk-tradgardsskap-i-tra-vadersakert-redskapsskjul-60x60x160cm-hojdjusterbara-hyllor-lasbart-for-tradgard-terrass\/","title":{"rendered":"TRUUSK Tr\u00e4dg\u00e5rdssk\u00e5p i tr\u00e4 &#8211; V\u00e4ders\u00e4kert redskapsskjul &#8211; 60x60x160cm &#8211; H\u00f6jdjusterbara hyllor &#8211; L\u00e5sbart &#8211; F\u00f6r tr\u00e4dg\u00e5rd, terrass,"},"content":{"rendered":"<p>Upplev charm och funktionalitet med TRUUSKs v\u00e4derbest\u00e4ndiga tr\u00e4dg\u00e5rdssk\u00e5p i ett smalt 60 cm design, perfekt f\u00f6r tr\u00e5nga utrymmen. Med tv\u00e5 justerbara hyllor organiserar tr\u00e4dg\u00e5rdsredskapsskjulet enkelt alla tr\u00e4dg\u00e5rdsverktyg och en s\u00e4ker l\u00e5sning s\u00e4kerst\u00e4ller ordning. De rustika ladan d\u00f6rrarna p\u00e5 tr\u00e4dg\u00e5rdsredskapsskjulet ger det dessutom en lantlig k\u00e4nsla.<\/p>\n<p>Beskrivning:<\/p>\n<ul>\n<li> Justerbara hyllor i tr\u00e4dg\u00e5rdsskjulet f\u00f6r f\u00f6rvaring av olika stora f\u00f6rem\u00e5l<\/li>\n<li> Smalt 60 cm design av tr\u00e4dg\u00e5rdssk\u00e5pet passar perfekt i kompakta utrymmen<\/li>\n<li> L\u00e5sning s\u00e4kerst\u00e4ller verktyg, en ladad\u00f6rr optimerar utseendet<\/li>\n<li> Massivt tr\u00e4ram med skyddande bel\u00e4ggning av tr\u00e4dg\u00e5rdsredskapssk\u00e5pet garanterar h\u00e5llbarhet<\/li>\n<li> H\u00f6jt design h\u00e5ller skjulsgolvet torrt och f\u00f6rhindrar skador<\/li>\n<\/ul>\n<p> Tekniska data:<\/p>\n<ul>\n<li> F\u00e4rg: Ljusgr\u00e5<\/li>\n<li> Material: Grantr\u00e4<\/li>\n<li> Totala dimensioner: 60L x 60B x 160H cm<\/li>\n<li> Golvdimensioner: 58B x 58T cm, 0,33 m\u00b2<\/li>\n<li> D\u00f6rrdimensioner: 45,5B x 68H cm<\/li>\n<li> Hyllstorlek: 51B x 53T cm<\/li>\n<li> Skikth\u00f6jd: 32,5 cm<\/li>\n<li> Maximal belastning: 25 kg (per hylla)<\/li>\n<\/ul>\n<p>Leveransinneh\u00e5ll:<\/p>\n<ul>\n<li> 1 x Tr\u00e4dg\u00e5rdsredskapsskjul<\/li>\n<li> 1 x Bruksanvisning<\/li>\n<\/ul>\n","protected":false},"excerpt":{"rendered":"<p>Upplev charm och funktionalitet med TRUUSKs v\u00e4derbest\u00e4ndiga tr\u00e4dg\u00e5rdssk\u00e5p i ett smalt 60 cm design, perfekt f\u00f6r tr\u00e5nga utrymmen. Med tv\u00e5&#8230;<\/p>\n","protected":false},"featured_media":76062,"template":"","meta":[],"product_brand":[],"product_cat":[901,858,437],"product_tag":[],"class_list":{"0":"post-76073","1":"product","2":"type-product","3":"status-publish","4":"has-post-thumbnail","6":"product_cat-ordning-i-tradgarden","7":"product_cat-tradgard-terrass","8":"product_cat-tradgardsskap","10":"first","11":"instock","12":"sale","13":"taxable","14":"shipping-taxable","15":"purchasable","16":"product-type-simple"},"yoast_head":"<!-- This site is optimized with the Yoast SEO plugin v25.4 - https:\/\/yoast.com\/wordpress\/plugins\/seo\/ -->\n<title>TRUUSK Tr\u00e4dg\u00e5rdssk\u00e5p i tr\u00e4 - V\u00e4ders\u00e4kert redskapsskjul - 60x60x160cm - H\u00f6jdjusterbara hyllor - L\u00e5sbart - F\u00f6r tr\u00e4dg\u00e5rd, terrass, - TRUUSK - Hem, Tr\u00e4dg\u00e5rd &amp; Fritid<\/title>\n<meta name=\"robots\" content=\"index, follow, max-snippet:-1, max-image-preview:large, max-video-preview:-1\" \/>\n<link rel=\"canonical\" href=\"https:\/\/truusk.store\/sv\/produkt\/truusk-tradgardsskap-i-tra-vadersakert-redskapsskjul-60x60x160cm-hojdjusterbara-hyllor-lasbart-for-tradgard-terrass\/\" \/>\n<meta property=\"og:locale\" content=\"sv_SE\" \/>\n<meta property=\"og:type\" content=\"article\" \/>\n<meta property=\"og:title\" content=\"TRUUSK Tr\u00e4dg\u00e5rdssk\u00e5p i tr\u00e4 - V\u00e4ders\u00e4kert redskapsskjul - 60x60x160cm - H\u00f6jdjusterbara hyllor - L\u00e5sbart - F\u00f6r tr\u00e4dg\u00e5rd, terrass, - TRUUSK - Hem, Tr\u00e4dg\u00e5rd &amp; Fritid\" \/>\n<meta property=\"og:description\" content=\"Upplev charm och funktionalitet med TRUUSKs v\u00e4derbest\u00e4ndiga tr\u00e4dg\u00e5rdssk\u00e5p i ett smalt 60 cm design, perfekt f\u00f6r tr\u00e5nga utrymmen. Med tv\u00e5...\" \/>\n<meta property=\"og:url\" content=\"https:\/\/truusk.store\/sv\/produkt\/truusk-tradgardsskap-i-tra-vadersakert-redskapsskjul-60x60x160cm-hojdjusterbara-hyllor-lasbart-for-tradgard-terrass\/\" \/>\n<meta property=\"og:site_name\" content=\"TRUUSK - Hem, Tr\u00e4dg\u00e5rd &amp; Fritid\" \/>\n<meta property=\"article:modified_time\" content=\"2026-03-12T08:45:36+00:00\" \/>\n<meta property=\"og:image\" content=\"https:\/\/i0.wp.com\/truusk.se\/wp-content\/uploads\/2025\/06\/tradgardsskap-i-tra-vadersakert-redskapsskjul-60x60x160cm-redskapshus-med-dorr-hojdjusterbara-hyllor-lasbart-redskapsskap-tradgardsskjul-for-tradgard-terrass-bakgard-ljusgra-1.webp?fit=2000%2C2000&ssl=1\" \/>\n\t<meta property=\"og:image:width\" content=\"2000\" \/>\n\t<meta property=\"og:image:height\" content=\"2000\" \/>\n\t<meta property=\"og:image:type\" content=\"image\/webp\" \/>\n<meta name=\"twitter:card\" content=\"summary_large_image\" \/>\n<meta name=\"twitter:label1\" content=\"Ber\u00e4knad l\u00e4stid\" \/>\n\t<meta name=\"twitter:data1\" content=\"1 minut\" \/>\n<!-- \/ Yoast SEO plugin. -->","yoast_head_json":{"title":"TRUUSK Tr\u00e4dg\u00e5rdssk\u00e5p i tr\u00e4 - V\u00e4ders\u00e4kert redskapsskjul - 60x60x160cm - H\u00f6jdjusterbara hyllor - L\u00e5sbart - F\u00f6r tr\u00e4dg\u00e5rd, terrass, - TRUUSK - Hem, Tr\u00e4dg\u00e5rd &amp; Fritid","robots":{"index":"index","follow":"follow","max-snippet":"max-snippet:-1","max-image-preview":"max-image-preview:large","max-video-preview":"max-video-preview:-1"},"canonical":"https:\/\/truusk.store\/sv\/produkt\/truusk-tradgardsskap-i-tra-vadersakert-redskapsskjul-60x60x160cm-hojdjusterbara-hyllor-lasbart-for-tradgard-terrass\/","og_locale":"sv_SE","og_type":"article","og_title":"TRUUSK Tr\u00e4dg\u00e5rdssk\u00e5p i tr\u00e4 - V\u00e4ders\u00e4kert redskapsskjul - 60x60x160cm - H\u00f6jdjusterbara hyllor - L\u00e5sbart - F\u00f6r tr\u00e4dg\u00e5rd, terrass, - TRUUSK - Hem, Tr\u00e4dg\u00e5rd &amp; Fritid","og_description":"Upplev charm och funktionalitet med TRUUSKs v\u00e4derbest\u00e4ndiga tr\u00e4dg\u00e5rdssk\u00e5p i ett smalt 60 cm design, perfekt f\u00f6r tr\u00e5nga utrymmen. Med tv\u00e5...","og_url":"https:\/\/truusk.store\/sv\/produkt\/truusk-tradgardsskap-i-tra-vadersakert-redskapsskjul-60x60x160cm-hojdjusterbara-hyllor-lasbart-for-tradgard-terrass\/","og_site_name":"TRUUSK - Hem, Tr\u00e4dg\u00e5rd &amp; Fritid","article_modified_time":"2026-03-12T08:45:36+00:00","og_image":[{"width":2000,"height":2000,"url":"https:\/\/i0.wp.com\/truusk.se\/wp-content\/uploads\/2025\/06\/tradgardsskap-i-tra-vadersakert-redskapsskjul-60x60x160cm-redskapshus-med-dorr-hojdjusterbara-hyllor-lasbart-redskapsskap-tradgardsskjul-for-tradgard-terrass-bakgard-ljusgra-1.webp?fit=2000%2C2000&ssl=1","type":"image\/webp"}],"twitter_card":"summary_large_image","twitter_misc":{"Ber\u00e4knad l\u00e4stid":"1 minut"},"schema":{"@context":"https:\/\/schema.org","@graph":[{"@type":"WebPage","@id":"https:\/\/truusk.store\/sv\/produkt\/truusk-tradgardsskap-i-tra-vadersakert-redskapsskjul-60x60x160cm-hojdjusterbara-hyllor-lasbart-for-tradgard-terrass\/","url":"https:\/\/truusk.store\/sv\/produkt\/truusk-tradgardsskap-i-tra-vadersakert-redskapsskjul-60x60x160cm-hojdjusterbara-hyllor-lasbart-for-tradgard-terrass\/","name":"TRUUSK Tr\u00e4dg\u00e5rdssk\u00e5p i tr\u00e4 - V\u00e4ders\u00e4kert redskapsskjul - 60x60x160cm - H\u00f6jdjusterbara hyllor - L\u00e5sbart - F\u00f6r tr\u00e4dg\u00e5rd, terrass, - TRUUSK - Hem, Tr\u00e4dg\u00e5rd &amp; Fritid","isPartOf":{"@id":"https:\/\/truusk.store\/sv\/#website"},"primaryImageOfPage":{"@id":"https:\/\/truusk.store\/sv\/produkt\/truusk-tradgardsskap-i-tra-vadersakert-redskapsskjul-60x60x160cm-hojdjusterbara-hyllor-lasbart-for-tradgard-terrass\/#primaryimage"},"image":{"@id":"https:\/\/truusk.store\/sv\/produkt\/truusk-tradgardsskap-i-tra-vadersakert-redskapsskjul-60x60x160cm-hojdjusterbara-hyllor-lasbart-for-tradgard-terrass\/#primaryimage"},"thumbnailUrl":"https:\/\/i0.wp.com\/truusk.store\/wp-content\/uploads\/2025\/06\/tradgardsskap-i-tra-vadersakert-redskapsskjul-60x60x160cm-redskapshus-med-dorr-hojdjusterbara-hyllor-lasbart-redskapsskap-tradgardsskjul-for-tradgard-terrass-bakgard-ljusgra-1.webp?fit=2000%2C2000&ssl=1","datePublished":"2025-06-06T03:52:37+00:00","dateModified":"2026-03-12T08:45:36+00:00","breadcrumb":{"@id":"https:\/\/truusk.store\/sv\/produkt\/truusk-tradgardsskap-i-tra-vadersakert-redskapsskjul-60x60x160cm-hojdjusterbara-hyllor-lasbart-for-tradgard-terrass\/#breadcrumb"},"inLanguage":"sv-SE","potentialAction":[{"@type":"ReadAction","target":["https:\/\/truusk.store\/sv\/produkt\/truusk-tradgardsskap-i-tra-vadersakert-redskapsskjul-60x60x160cm-hojdjusterbara-hyllor-lasbart-for-tradgard-terrass\/"]}]},{"@type":"ImageObject","inLanguage":"sv-SE","@id":"https:\/\/truusk.store\/sv\/produkt\/truusk-tradgardsskap-i-tra-vadersakert-redskapsskjul-60x60x160cm-hojdjusterbara-hyllor-lasbart-for-tradgard-terrass\/#primaryimage","url":"https:\/\/i0.wp.com\/truusk.store\/wp-content\/uploads\/2025\/06\/tradgardsskap-i-tra-vadersakert-redskapsskjul-60x60x160cm-redskapshus-med-dorr-hojdjusterbara-hyllor-lasbart-redskapsskap-tradgardsskjul-for-tradgard-terrass-bakgard-ljusgra-1.webp?fit=2000%2C2000&ssl=1","contentUrl":"https:\/\/i0.wp.com\/truusk.store\/wp-content\/uploads\/2025\/06\/tradgardsskap-i-tra-vadersakert-redskapsskjul-60x60x160cm-redskapshus-med-dorr-hojdjusterbara-hyllor-lasbart-redskapsskap-tradgardsskjul-for-tradgard-terrass-bakgard-ljusgra-1.webp?fit=2000%2C2000&ssl=1","width":2000,"height":2000},{"@type":"BreadcrumbList","@id":"https:\/\/truusk.store\/sv\/produkt\/truusk-tradgardsskap-i-tra-vadersakert-redskapsskjul-60x60x160cm-hojdjusterbara-hyllor-lasbart-for-tradgard-terrass\/#breadcrumb","itemListElement":[{"@type":"ListItem","position":1,"name":"Home","item":"https:\/\/truusk.store\/sv\/"},{"@type":"ListItem","position":2,"name":"Shop","item":"https:\/\/truusk.store\/shop\/"},{"@type":"ListItem","position":3,"name":"TRUUSK Tr\u00e4dg\u00e5rdssk\u00e5p i tr\u00e4 &#8211; V\u00e4ders\u00e4kert redskapsskjul &#8211; 60x60x160cm &#8211; H\u00f6jdjusterbara hyllor &#8211; L\u00e5sbart &#8211; F\u00f6r tr\u00e4dg\u00e5rd, terrass,"}]},{"@type":"WebSite","@id":"https:\/\/truusk.store\/sv\/#website","url":"https:\/\/truusk.store\/sv\/","name":"TRUUSK - Hem, Tr\u00e4dg\u00e5rd & Fritid","description":"","publisher":{"@id":"https:\/\/truusk.store\/sv\/#organization"},"potentialAction":[{"@type":"SearchAction","target":{"@type":"EntryPoint","urlTemplate":"https:\/\/truusk.store\/sv\/?s={search_term_string}"},"query-input":{"@type":"PropertyValueSpecification","valueRequired":true,"valueName":"search_term_string"}}],"inLanguage":"sv-SE"},{"@type":"Organization","@id":"https:\/\/truusk.store\/sv\/#organization","name":"TRUUSK - Hem, Tr\u00e4dg\u00e5rd & Fritid","url":"https:\/\/truusk.store\/sv\/","logo":{"@type":"ImageObject","inLanguage":"sv-SE","@id":"https:\/\/truusk.store\/sv\/#\/schema\/logo\/image\/","url":"https:\/\/i0.wp.com\/truusk.store\/wp-content\/uploads\/2026\/03\/cropped-TRUUSK.png?fit=2032%2C917&ssl=1","contentUrl":"https:\/\/i0.wp.com\/truusk.store\/wp-content\/uploads\/2026\/03\/cropped-TRUUSK.png?fit=2032%2C917&ssl=1","width":2032,"height":917,"caption":"TRUUSK - Hem, Tr\u00e4dg\u00e5rd & Fritid"},"image":{"@id":"https:\/\/truusk.store\/sv\/#\/schema\/logo\/image\/"}}]}},"jetpack_sharing_enabled":true,"_links":{"self":[{"href":"https:\/\/truusk.store\/sv\/wp-json\/wp\/v2\/product\/76073","targetHints":{"allow":["GET"]}}],"collection":[{"href":"https:\/\/truusk.store\/sv\/wp-json\/wp\/v2\/product"}],"about":[{"href":"https:\/\/truusk.store\/sv\/wp-json\/wp\/v2\/types\/product"}],"wp:featuredmedia":[{"embeddable":true,"href":"https:\/\/truusk.store\/sv\/wp-json\/wp\/v2\/media\/76062"}],"wp:attachment":[{"href":"https:\/\/truusk.store\/sv\/wp-json\/wp\/v2\/media?parent=76073"}],"wp:term":[{"taxonomy":"product_brand","embeddable":true,"href":"https:\/\/truusk.store\/sv\/wp-json\/wp\/v2\/product_brand?post=76073"},{"taxonomy":"product_cat","embeddable":true,"href":"https:\/\/truusk.store\/sv\/wp-json\/wp\/v2\/product_cat?post=76073"},{"taxonomy":"product_tag","embeddable":true,"href":"https:\/\/truusk.store\/sv\/wp-json\/wp\/v2\/product_tag?post=76073"}],"curies":[{"name":"wp","href":"https:\/\/api.w.org\/{rel}","templated":true}]}}