{"id":76103,"date":"2025-06-06T04:55:43","date_gmt":"2025-06-06T03:55:43","guid":{"rendered":"https:\/\/truusk.store\/product\/tradgardsskap-verktygsskjul-i-tra-vaderbestandigt-verktygsskap-med-2-dorrar-hyllor-verktygshus-med-asfalttak-verktygsskap-for-tradgard-terrass-140-x-74-x-173-cm-naturtra\/"},"modified":"2026-03-12T08:41:20","modified_gmt":"2026-03-12T07:41:20","slug":"truusk-tradgardsskap-i-tra-vaderbestandigt-2-dorrar-hyllor-asfalttak-for-tradgard-och-terrass-140-x-74-x-173-cm","status":"publish","type":"product","link":"https:\/\/truusk.store\/sv\/produkt\/truusk-tradgardsskap-i-tra-vaderbestandigt-2-dorrar-hyllor-asfalttak-for-tradgard-och-terrass-140-x-74-x-173-cm\/","title":{"rendered":"TRUUSK Tr\u00e4dg\u00e5rdssk\u00e5p i Tr\u00e4 &#8211; V\u00e4derbest\u00e4ndigt &#8211; 2 D\u00f6rrar &#8211; Hyllor &#8211; Asfalttak &#8211; F\u00f6r Tr\u00e4dg\u00e5rd och Terrass &#8211; 140 x 74 x 173 cm &#8211;"},"content":{"rendered":"<p>Upplev charm och funktionalitet med TRUUSK verktygsskjul gjort av lackerat massivt tr\u00e4 med en stabil, pulverlackerad st\u00e5lram. Det innovativa sadeltaket p\u00e5 tr\u00e4dg\u00e5rdsskjulet av asfalt skyddar mot vattenansamling och h\u00e5ller dina verktyg torra. Inuti verktygsskjulet erbjuder justerbara, avtagbara hyllor plats f\u00f6r alla tr\u00e4dg\u00e5rdsredskap, fr\u00e5n verktyg till poolutrustning. Eleganta dubbeld\u00f6rrar med robusta metallhandtag ger ocks\u00e5 stilfull s\u00e4kerhet.<\/p>\n<p>Beskrivning:<\/p>\n<ul>\n<li> Lackerat massivt tr\u00e4 och st\u00e5lramen p\u00e5 tr\u00e4dg\u00e5rdsskjulet garanterar h\u00e5llbarhet<\/li>\n<li> Asfalt sadeltaket p\u00e5 tr\u00e4dg\u00e5rdsskjulet f\u00f6rhindrar vattenansamling<\/li>\n<li> Tv\u00e5 avtagbara hyllor i tr\u00e4dg\u00e5rdsskjulet f\u00f6r optimal f\u00f6rvaring justerbar<\/li>\n<li> Eleganta metallhandtag och l\u00e5s skyddar din egendom<\/li>\n<li> Justerbara f\u00f6tter ger stabilitet p\u00e5 oj\u00e4mna ytor<\/li>\n<li> Montering kr\u00e4vs<\/li>\n<\/ul>\n<p> Tekniska data:<\/p>\n<ul>\n<li> F\u00e4rg: Naturtr\u00e4<\/li>\n<li> Material: Grantr\u00e4, st\u00e5l<\/li>\n<li> Totala dimensioner: 140L x 74B x 167\/173H cm<\/li>\n<li> Sk\u00e5pststorlek: 128L x 66B x 167\/171H cm<\/li>\n<li> Golvomr\u00e5de: 0,85 m\u00b2<\/li>\n<li> Enkeld\u00f6rrstorlek: 61,5B x 163H cm<\/li>\n<li> Hyllstorlek: 123,5B x 32T cm<\/li>\n<li> B\u00e4rkapacitet: 20 kg (per hylla), 50 kg (golv)<\/li>\n<li> Sn\u00f6last: 100 kg<\/li>\n<li> Obs: Montering kr\u00e4vs, rekommenderas f\u00f6r 2 personer<\/li>\n<\/ul>\n<p> Leveransinneh\u00e5ll:<\/p>\n<ul>\n<li> 1 x Tr\u00e4dg\u00e5rdssk\u00e5p<\/li>\n<li> 1 x Bruksanvisning<\/li>\n<\/ul>\n","protected":false},"excerpt":{"rendered":"<p>Upplev charm och funktionalitet med TRUUSK verktygsskjul gjort av lackerat massivt tr\u00e4 med en stabil, pulverlackerad st\u00e5lram. Det innovativa sadeltaket&#8230;<\/p>\n","protected":false},"featured_media":76094,"template":"","meta":[],"product_brand":[],"product_cat":[901,858,437],"product_tag":[],"class_list":{"0":"post-76103","1":"product","2":"type-product","3":"status-publish","4":"has-post-thumbnail","6":"product_cat-ordning-i-tradgarden","7":"product_cat-tradgard-terrass","8":"product_cat-tradgardsskap","10":"first","11":"instock","12":"sale","13":"taxable","14":"shipping-taxable","15":"purchasable","16":"product-type-simple"},"yoast_head":"<!-- This site is optimized with the Yoast SEO plugin v25.4 - https:\/\/yoast.com\/wordpress\/plugins\/seo\/ -->\n<title>TRUUSK Tr\u00e4dg\u00e5rdssk\u00e5p i Tr\u00e4 - V\u00e4derbest\u00e4ndigt - 2 D\u00f6rrar - Hyllor - Asfalttak - F\u00f6r Tr\u00e4dg\u00e5rd och Terrass - 140 x 74 x 173 cm - TRUUSK - Hem, Tr\u00e4dg\u00e5rd &amp; Fritid<\/title>\n<meta name=\"robots\" content=\"index, follow, max-snippet:-1, max-image-preview:large, max-video-preview:-1\" \/>\n<link rel=\"canonical\" href=\"https:\/\/truusk.store\/sv\/produkt\/truusk-tradgardsskap-i-tra-vaderbestandigt-2-dorrar-hyllor-asfalttak-for-tradgard-och-terrass-140-x-74-x-173-cm\/\" \/>\n<meta property=\"og:locale\" content=\"sv_SE\" \/>\n<meta property=\"og:type\" content=\"article\" \/>\n<meta property=\"og:title\" content=\"TRUUSK Tr\u00e4dg\u00e5rdssk\u00e5p i Tr\u00e4 - V\u00e4derbest\u00e4ndigt - 2 D\u00f6rrar - Hyllor - Asfalttak - F\u00f6r Tr\u00e4dg\u00e5rd och Terrass - 140 x 74 x 173 cm - TRUUSK - Hem, Tr\u00e4dg\u00e5rd &amp; Fritid\" \/>\n<meta property=\"og:description\" content=\"Upplev charm och funktionalitet med TRUUSK verktygsskjul gjort av lackerat massivt tr\u00e4 med en stabil, pulverlackerad st\u00e5lram. Det innovativa sadeltaket...\" \/>\n<meta property=\"og:url\" content=\"https:\/\/truusk.store\/sv\/produkt\/truusk-tradgardsskap-i-tra-vaderbestandigt-2-dorrar-hyllor-asfalttak-for-tradgard-och-terrass-140-x-74-x-173-cm\/\" \/>\n<meta property=\"og:site_name\" content=\"TRUUSK - Hem, Tr\u00e4dg\u00e5rd &amp; Fritid\" \/>\n<meta property=\"article:modified_time\" content=\"2026-03-12T07:41:20+00:00\" \/>\n<meta property=\"og:image\" content=\"https:\/\/i0.wp.com\/truusk.se\/wp-content\/uploads\/2025\/06\/tradgardsskap-verktygsskjul-i-tra-vaderbestandigt-verktygsskap-med-2-dorrar-hyllor-verktygshus-med-asfalttak-verktygsskap-for-tradgard-terrass-140-x-74-x-173-cm-naturtra-1.webp?fit=2000%2C2000&ssl=1\" \/>\n\t<meta property=\"og:image:width\" content=\"2000\" \/>\n\t<meta property=\"og:image:height\" content=\"2000\" \/>\n\t<meta property=\"og:image:type\" content=\"image\/webp\" \/>\n<meta name=\"twitter:card\" content=\"summary_large_image\" \/>\n<meta name=\"twitter:label1\" content=\"Ber\u00e4knad l\u00e4stid\" \/>\n\t<meta name=\"twitter:data1\" content=\"1 minut\" \/>\n<!-- \/ Yoast SEO plugin. -->","yoast_head_json":{"title":"TRUUSK Tr\u00e4dg\u00e5rdssk\u00e5p i Tr\u00e4 - V\u00e4derbest\u00e4ndigt - 2 D\u00f6rrar - Hyllor - Asfalttak - F\u00f6r Tr\u00e4dg\u00e5rd och Terrass - 140 x 74 x 173 cm - TRUUSK - Hem, Tr\u00e4dg\u00e5rd &amp; Fritid","robots":{"index":"index","follow":"follow","max-snippet":"max-snippet:-1","max-image-preview":"max-image-preview:large","max-video-preview":"max-video-preview:-1"},"canonical":"https:\/\/truusk.store\/sv\/produkt\/truusk-tradgardsskap-i-tra-vaderbestandigt-2-dorrar-hyllor-asfalttak-for-tradgard-och-terrass-140-x-74-x-173-cm\/","og_locale":"sv_SE","og_type":"article","og_title":"TRUUSK Tr\u00e4dg\u00e5rdssk\u00e5p i Tr\u00e4 - V\u00e4derbest\u00e4ndigt - 2 D\u00f6rrar - Hyllor - Asfalttak - F\u00f6r Tr\u00e4dg\u00e5rd och Terrass - 140 x 74 x 173 cm - TRUUSK - Hem, Tr\u00e4dg\u00e5rd &amp; Fritid","og_description":"Upplev charm och funktionalitet med TRUUSK verktygsskjul gjort av lackerat massivt tr\u00e4 med en stabil, pulverlackerad st\u00e5lram. Det innovativa sadeltaket...","og_url":"https:\/\/truusk.store\/sv\/produkt\/truusk-tradgardsskap-i-tra-vaderbestandigt-2-dorrar-hyllor-asfalttak-for-tradgard-och-terrass-140-x-74-x-173-cm\/","og_site_name":"TRUUSK - Hem, Tr\u00e4dg\u00e5rd &amp; Fritid","article_modified_time":"2026-03-12T07:41:20+00:00","og_image":[{"width":2000,"height":2000,"url":"https:\/\/i0.wp.com\/truusk.se\/wp-content\/uploads\/2025\/06\/tradgardsskap-verktygsskjul-i-tra-vaderbestandigt-verktygsskap-med-2-dorrar-hyllor-verktygshus-med-asfalttak-verktygsskap-for-tradgard-terrass-140-x-74-x-173-cm-naturtra-1.webp?fit=2000%2C2000&ssl=1","type":"image\/webp"}],"twitter_card":"summary_large_image","twitter_misc":{"Ber\u00e4knad l\u00e4stid":"1 minut"},"schema":{"@context":"https:\/\/schema.org","@graph":[{"@type":"WebPage","@id":"https:\/\/truusk.store\/sv\/produkt\/truusk-tradgardsskap-i-tra-vaderbestandigt-2-dorrar-hyllor-asfalttak-for-tradgard-och-terrass-140-x-74-x-173-cm\/","url":"https:\/\/truusk.store\/sv\/produkt\/truusk-tradgardsskap-i-tra-vaderbestandigt-2-dorrar-hyllor-asfalttak-for-tradgard-och-terrass-140-x-74-x-173-cm\/","name":"TRUUSK Tr\u00e4dg\u00e5rdssk\u00e5p i Tr\u00e4 - V\u00e4derbest\u00e4ndigt - 2 D\u00f6rrar - Hyllor - Asfalttak - F\u00f6r Tr\u00e4dg\u00e5rd och Terrass - 140 x 74 x 173 cm - TRUUSK - Hem, Tr\u00e4dg\u00e5rd &amp; Fritid","isPartOf":{"@id":"https:\/\/truusk.store\/sv\/#website"},"primaryImageOfPage":{"@id":"https:\/\/truusk.store\/sv\/produkt\/truusk-tradgardsskap-i-tra-vaderbestandigt-2-dorrar-hyllor-asfalttak-for-tradgard-och-terrass-140-x-74-x-173-cm\/#primaryimage"},"image":{"@id":"https:\/\/truusk.store\/sv\/produkt\/truusk-tradgardsskap-i-tra-vaderbestandigt-2-dorrar-hyllor-asfalttak-for-tradgard-och-terrass-140-x-74-x-173-cm\/#primaryimage"},"thumbnailUrl":"https:\/\/i0.wp.com\/truusk.store\/wp-content\/uploads\/2025\/06\/tradgardsskap-verktygsskjul-i-tra-vaderbestandigt-verktygsskap-med-2-dorrar-hyllor-verktygshus-med-asfalttak-verktygsskap-for-tradgard-terrass-140-x-74-x-173-cm-naturtra-1.webp?fit=2000%2C2000&ssl=1","datePublished":"2025-06-06T03:55:43+00:00","dateModified":"2026-03-12T07:41:20+00:00","breadcrumb":{"@id":"https:\/\/truusk.store\/sv\/produkt\/truusk-tradgardsskap-i-tra-vaderbestandigt-2-dorrar-hyllor-asfalttak-for-tradgard-och-terrass-140-x-74-x-173-cm\/#breadcrumb"},"inLanguage":"sv-SE","potentialAction":[{"@type":"ReadAction","target":["https:\/\/truusk.store\/sv\/produkt\/truusk-tradgardsskap-i-tra-vaderbestandigt-2-dorrar-hyllor-asfalttak-for-tradgard-och-terrass-140-x-74-x-173-cm\/"]}]},{"@type":"ImageObject","inLanguage":"sv-SE","@id":"https:\/\/truusk.store\/sv\/produkt\/truusk-tradgardsskap-i-tra-vaderbestandigt-2-dorrar-hyllor-asfalttak-for-tradgard-och-terrass-140-x-74-x-173-cm\/#primaryimage","url":"https:\/\/i0.wp.com\/truusk.store\/wp-content\/uploads\/2025\/06\/tradgardsskap-verktygsskjul-i-tra-vaderbestandigt-verktygsskap-med-2-dorrar-hyllor-verktygshus-med-asfalttak-verktygsskap-for-tradgard-terrass-140-x-74-x-173-cm-naturtra-1.webp?fit=2000%2C2000&ssl=1","contentUrl":"https:\/\/i0.wp.com\/truusk.store\/wp-content\/uploads\/2025\/06\/tradgardsskap-verktygsskjul-i-tra-vaderbestandigt-verktygsskap-med-2-dorrar-hyllor-verktygshus-med-asfalttak-verktygsskap-for-tradgard-terrass-140-x-74-x-173-cm-naturtra-1.webp?fit=2000%2C2000&ssl=1","width":2000,"height":2000},{"@type":"BreadcrumbList","@id":"https:\/\/truusk.store\/sv\/produkt\/truusk-tradgardsskap-i-tra-vaderbestandigt-2-dorrar-hyllor-asfalttak-for-tradgard-och-terrass-140-x-74-x-173-cm\/#breadcrumb","itemListElement":[{"@type":"ListItem","position":1,"name":"Home","item":"https:\/\/truusk.store\/sv\/"},{"@type":"ListItem","position":2,"name":"Shop","item":"https:\/\/truusk.store\/shop\/"},{"@type":"ListItem","position":3,"name":"TRUUSK Tr\u00e4dg\u00e5rdssk\u00e5p i Tr\u00e4 &#8211; V\u00e4derbest\u00e4ndigt &#8211; 2 D\u00f6rrar &#8211; Hyllor &#8211; Asfalttak &#8211; F\u00f6r Tr\u00e4dg\u00e5rd och Terrass &#8211; 140 x 74 x 173 cm &#8211;"}]},{"@type":"WebSite","@id":"https:\/\/truusk.store\/sv\/#website","url":"https:\/\/truusk.store\/sv\/","name":"TRUUSK - Hem, Tr\u00e4dg\u00e5rd & Fritid","description":"","publisher":{"@id":"https:\/\/truusk.store\/sv\/#organization"},"potentialAction":[{"@type":"SearchAction","target":{"@type":"EntryPoint","urlTemplate":"https:\/\/truusk.store\/sv\/?s={search_term_string}"},"query-input":{"@type":"PropertyValueSpecification","valueRequired":true,"valueName":"search_term_string"}}],"inLanguage":"sv-SE"},{"@type":"Organization","@id":"https:\/\/truusk.store\/sv\/#organization","name":"TRUUSK - Hem, Tr\u00e4dg\u00e5rd & Fritid","url":"https:\/\/truusk.store\/sv\/","logo":{"@type":"ImageObject","inLanguage":"sv-SE","@id":"https:\/\/truusk.store\/sv\/#\/schema\/logo\/image\/","url":"https:\/\/i0.wp.com\/truusk.store\/wp-content\/uploads\/2026\/03\/cropped-TRUUSK.png?fit=2032%2C917&ssl=1","contentUrl":"https:\/\/i0.wp.com\/truusk.store\/wp-content\/uploads\/2026\/03\/cropped-TRUUSK.png?fit=2032%2C917&ssl=1","width":2032,"height":917,"caption":"TRUUSK - Hem, Tr\u00e4dg\u00e5rd & Fritid"},"image":{"@id":"https:\/\/truusk.store\/sv\/#\/schema\/logo\/image\/"}}]}},"jetpack_sharing_enabled":true,"_links":{"self":[{"href":"https:\/\/truusk.store\/sv\/wp-json\/wp\/v2\/product\/76103","targetHints":{"allow":["GET"]}}],"collection":[{"href":"https:\/\/truusk.store\/sv\/wp-json\/wp\/v2\/product"}],"about":[{"href":"https:\/\/truusk.store\/sv\/wp-json\/wp\/v2\/types\/product"}],"wp:featuredmedia":[{"embeddable":true,"href":"https:\/\/truusk.store\/sv\/wp-json\/wp\/v2\/media\/76094"}],"wp:attachment":[{"href":"https:\/\/truusk.store\/sv\/wp-json\/wp\/v2\/media?parent=76103"}],"wp:term":[{"taxonomy":"product_brand","embeddable":true,"href":"https:\/\/truusk.store\/sv\/wp-json\/wp\/v2\/product_brand?post=76103"},{"taxonomy":"product_cat","embeddable":true,"href":"https:\/\/truusk.store\/sv\/wp-json\/wp\/v2\/product_cat?post=76103"},{"taxonomy":"product_tag","embeddable":true,"href":"https:\/\/truusk.store\/sv\/wp-json\/wp\/v2\/product_tag?post=76103"}],"curies":[{"name":"wp","href":"https:\/\/api.w.org\/{rel}","templated":true}]}}