{"id":76123,"date":"2025-06-06T04:57:40","date_gmt":"2025-06-06T03:57:40","guid":{"rendered":"https:\/\/truusk.store\/product\/picknickkorg-av-piltra-for-4-personer-med-isolerat-kylfack-picknickfilt-bestickset-komplett-picknickset-for-camping-strand-jul-naturligt-tra\/"},"modified":"2026-03-12T08:42:45","modified_gmt":"2026-03-12T07:42:45","slug":"truusk-picknickkorg-av-piltra-for-4-personer-isolerat-kylfack-picknickfilt-bestickset-komplett-picknickset-for-camping","status":"publish","type":"product","link":"https:\/\/truusk.store\/sv\/produkt\/truusk-picknickkorg-av-piltra-for-4-personer-isolerat-kylfack-picknickfilt-bestickset-komplett-picknickset-for-camping\/","title":{"rendered":"TRUUSK Picknickkorg av Piltr\u00e4 f\u00f6r 4 Personer &#8211; Isolerat Kylfack &#8211; Picknickfilt &#8211; Bestickset &#8211; Komplett Picknickset f\u00f6r Camping,"},"content":{"rendered":"<p>Med den snygga TRUUSK picknickkorgen s\u00e4tter du en stilfull pr\u00e4gel p\u00e5 utomhusm\u00e5ltider med familj eller v\u00e4nner. Tillverkad av naturlig pil, erbjuder denna picknickkorg med lock och handtag inte bara ett traditionellt utseende, utan ocks\u00e5 en praktisk flask\u00f6ppnare och en isolerad kylv\u00e4ska f\u00f6r att h\u00e5lla maten fr\u00e4sch &#8211; den perfekta pilkorgen f\u00f6r minnesv\u00e4rda stunder!<\/p>\n<p>Beskrivning:<\/p>\n<ul>\n<li> Fyrpersoners pilkorgsetet garanterar en komplett matupplevelse<\/li>\n<li> Integrerad isolerad kylv\u00e4ska i pilkorgen h\u00e5ller maten fr\u00e4sch<\/li>\n<li> Handgjord korgfl\u00e4tning erbjuder h\u00e5llbarhet och stil<\/li>\n<li> Eleganta naturliga f\u00e4rgen p\u00e5 picknickkorgen f\u00f6rh\u00f6jer den estetiska effekten utomhus<\/li>\n<li> Praktisk g\u00e5va f\u00f6r att f\u00f6rb\u00e4ttra utomhusupplevelsen med dina n\u00e4ra och k\u00e4ra<\/li>\n<\/ul>\n<p> Tekniska data:<\/p>\n<ul>\n<li> F\u00e4rg: Naturtr\u00e4<\/li>\n<li> Material: Pil, keramik, h\u00e4rdat glas, polyester<\/li>\n<li> Totala dimensioner: 54L x 34B x 20H cm<\/li>\n<li> Lagringsdimensioner: 49L x 28B x 16H cm<\/li>\n<li> B\u00e4rkapacitet: 6 kg (handtag)<\/li>\n<\/ul>\n<p>Leveransinneh\u00e5ll:<\/p>\n<ul>\n<li> 1 x Picknickkorg<\/li>\n<li> 4 x 7&#8243; keramiktallrikar<\/li>\n<li> 4 x Rostfria skedar<\/li>\n<li> 4 x Rostfria gafflar<\/li>\n<li> 4 x Rostfria knivar<\/li>\n<li> 4 x Vinglas<\/li>\n<li> 4 x Servetter<\/li>\n<li> 1 x Flask\u00f6ppnare<\/li>\n<li> 1 x Picknickfilt<\/li>\n<li> 1 x Kylklamp<\/li>\n<li> 1 x Plastf\u00f6rvaringsbeh\u00e5llare<\/li>\n<li> 1 x Vinv\u00e4ska<\/li>\n<\/ul>\n","protected":false},"excerpt":{"rendered":"<p>Med den snygga TRUUSK picknickkorgen s\u00e4tter du en stilfull pr\u00e4gel p\u00e5 utomhusm\u00e5ltider med familj eller v\u00e4nner. Tillverkad av naturlig pil,&#8230;<\/p>\n","protected":false},"featured_media":76114,"template":"","meta":[],"product_brand":[],"product_cat":[648,647],"product_tag":[],"class_list":{"0":"post-76123","1":"product","2":"type-product","3":"status-publish","4":"has-post-thumbnail","6":"product_cat-camping-tillbehor","7":"product_cat-sport-fritid","9":"first","10":"instock","11":"sale","12":"taxable","13":"shipping-taxable","14":"purchasable","15":"product-type-simple"},"yoast_head":"<!-- This site is optimized with the Yoast SEO plugin v25.4 - https:\/\/yoast.com\/wordpress\/plugins\/seo\/ -->\n<title>TRUUSK Picknickkorg av Piltr\u00e4 f\u00f6r 4 Personer - Isolerat Kylfack - Picknickfilt - Bestickset - Komplett Picknickset f\u00f6r Camping, - TRUUSK - Hem, Tr\u00e4dg\u00e5rd &amp; Fritid<\/title>\n<meta name=\"robots\" content=\"index, follow, max-snippet:-1, max-image-preview:large, max-video-preview:-1\" \/>\n<link rel=\"canonical\" href=\"https:\/\/truusk.store\/sv\/produkt\/truusk-picknickkorg-av-piltra-for-4-personer-isolerat-kylfack-picknickfilt-bestickset-komplett-picknickset-for-camping\/\" \/>\n<meta property=\"og:locale\" content=\"sv_SE\" \/>\n<meta property=\"og:type\" content=\"article\" \/>\n<meta property=\"og:title\" content=\"TRUUSK Picknickkorg av Piltr\u00e4 f\u00f6r 4 Personer - Isolerat Kylfack - Picknickfilt - Bestickset - Komplett Picknickset f\u00f6r Camping, - TRUUSK - Hem, Tr\u00e4dg\u00e5rd &amp; Fritid\" \/>\n<meta property=\"og:description\" content=\"Med den snygga TRUUSK picknickkorgen s\u00e4tter du en stilfull pr\u00e4gel p\u00e5 utomhusm\u00e5ltider med familj eller v\u00e4nner. Tillverkad av naturlig pil,...\" \/>\n<meta property=\"og:url\" content=\"https:\/\/truusk.store\/sv\/produkt\/truusk-picknickkorg-av-piltra-for-4-personer-isolerat-kylfack-picknickfilt-bestickset-komplett-picknickset-for-camping\/\" \/>\n<meta property=\"og:site_name\" content=\"TRUUSK - Hem, Tr\u00e4dg\u00e5rd &amp; Fritid\" \/>\n<meta property=\"article:modified_time\" content=\"2026-03-12T07:42:45+00:00\" \/>\n<meta property=\"og:image\" content=\"https:\/\/i0.wp.com\/truusk.se\/wp-content\/uploads\/2025\/06\/picknickkorg-av-piltra-for-4-personer-med-isolerat-kylfack-picknickfilt-bestickset-komplett-picknickset-for-camping-strand-jul-naturligt-tra-1.webp?fit=2000%2C2000&ssl=1\" \/>\n\t<meta property=\"og:image:width\" content=\"2000\" \/>\n\t<meta property=\"og:image:height\" content=\"2000\" \/>\n\t<meta property=\"og:image:type\" content=\"image\/webp\" \/>\n<meta name=\"twitter:card\" content=\"summary_large_image\" \/>\n<meta name=\"twitter:label1\" content=\"Ber\u00e4knad l\u00e4stid\" \/>\n\t<meta name=\"twitter:data1\" content=\"1 minut\" \/>\n<!-- \/ Yoast SEO plugin. -->","yoast_head_json":{"title":"TRUUSK Picknickkorg av Piltr\u00e4 f\u00f6r 4 Personer - Isolerat Kylfack - Picknickfilt - Bestickset - Komplett Picknickset f\u00f6r Camping, - TRUUSK - Hem, Tr\u00e4dg\u00e5rd &amp; Fritid","robots":{"index":"index","follow":"follow","max-snippet":"max-snippet:-1","max-image-preview":"max-image-preview:large","max-video-preview":"max-video-preview:-1"},"canonical":"https:\/\/truusk.store\/sv\/produkt\/truusk-picknickkorg-av-piltra-for-4-personer-isolerat-kylfack-picknickfilt-bestickset-komplett-picknickset-for-camping\/","og_locale":"sv_SE","og_type":"article","og_title":"TRUUSK Picknickkorg av Piltr\u00e4 f\u00f6r 4 Personer - Isolerat Kylfack - Picknickfilt - Bestickset - Komplett Picknickset f\u00f6r Camping, - TRUUSK - Hem, Tr\u00e4dg\u00e5rd &amp; Fritid","og_description":"Med den snygga TRUUSK picknickkorgen s\u00e4tter du en stilfull pr\u00e4gel p\u00e5 utomhusm\u00e5ltider med familj eller v\u00e4nner. Tillverkad av naturlig pil,...","og_url":"https:\/\/truusk.store\/sv\/produkt\/truusk-picknickkorg-av-piltra-for-4-personer-isolerat-kylfack-picknickfilt-bestickset-komplett-picknickset-for-camping\/","og_site_name":"TRUUSK - Hem, Tr\u00e4dg\u00e5rd &amp; Fritid","article_modified_time":"2026-03-12T07:42:45+00:00","og_image":[{"width":2000,"height":2000,"url":"https:\/\/i0.wp.com\/truusk.se\/wp-content\/uploads\/2025\/06\/picknickkorg-av-piltra-for-4-personer-med-isolerat-kylfack-picknickfilt-bestickset-komplett-picknickset-for-camping-strand-jul-naturligt-tra-1.webp?fit=2000%2C2000&ssl=1","type":"image\/webp"}],"twitter_card":"summary_large_image","twitter_misc":{"Ber\u00e4knad l\u00e4stid":"1 minut"},"schema":{"@context":"https:\/\/schema.org","@graph":[{"@type":"WebPage","@id":"https:\/\/truusk.store\/sv\/produkt\/truusk-picknickkorg-av-piltra-for-4-personer-isolerat-kylfack-picknickfilt-bestickset-komplett-picknickset-for-camping\/","url":"https:\/\/truusk.store\/sv\/produkt\/truusk-picknickkorg-av-piltra-for-4-personer-isolerat-kylfack-picknickfilt-bestickset-komplett-picknickset-for-camping\/","name":"TRUUSK Picknickkorg av Piltr\u00e4 f\u00f6r 4 Personer - Isolerat Kylfack - Picknickfilt - Bestickset - Komplett Picknickset f\u00f6r Camping, - TRUUSK - Hem, Tr\u00e4dg\u00e5rd &amp; Fritid","isPartOf":{"@id":"https:\/\/truusk.store\/sv\/#website"},"primaryImageOfPage":{"@id":"https:\/\/truusk.store\/sv\/produkt\/truusk-picknickkorg-av-piltra-for-4-personer-isolerat-kylfack-picknickfilt-bestickset-komplett-picknickset-for-camping\/#primaryimage"},"image":{"@id":"https:\/\/truusk.store\/sv\/produkt\/truusk-picknickkorg-av-piltra-for-4-personer-isolerat-kylfack-picknickfilt-bestickset-komplett-picknickset-for-camping\/#primaryimage"},"thumbnailUrl":"https:\/\/i0.wp.com\/truusk.store\/wp-content\/uploads\/2025\/06\/picknickkorg-av-piltra-for-4-personer-med-isolerat-kylfack-picknickfilt-bestickset-komplett-picknickset-for-camping-strand-jul-naturligt-tra-1.webp?fit=2000%2C2000&ssl=1","datePublished":"2025-06-06T03:57:40+00:00","dateModified":"2026-03-12T07:42:45+00:00","breadcrumb":{"@id":"https:\/\/truusk.store\/sv\/produkt\/truusk-picknickkorg-av-piltra-for-4-personer-isolerat-kylfack-picknickfilt-bestickset-komplett-picknickset-for-camping\/#breadcrumb"},"inLanguage":"sv-SE","potentialAction":[{"@type":"ReadAction","target":["https:\/\/truusk.store\/sv\/produkt\/truusk-picknickkorg-av-piltra-for-4-personer-isolerat-kylfack-picknickfilt-bestickset-komplett-picknickset-for-camping\/"]}]},{"@type":"ImageObject","inLanguage":"sv-SE","@id":"https:\/\/truusk.store\/sv\/produkt\/truusk-picknickkorg-av-piltra-for-4-personer-isolerat-kylfack-picknickfilt-bestickset-komplett-picknickset-for-camping\/#primaryimage","url":"https:\/\/i0.wp.com\/truusk.store\/wp-content\/uploads\/2025\/06\/picknickkorg-av-piltra-for-4-personer-med-isolerat-kylfack-picknickfilt-bestickset-komplett-picknickset-for-camping-strand-jul-naturligt-tra-1.webp?fit=2000%2C2000&ssl=1","contentUrl":"https:\/\/i0.wp.com\/truusk.store\/wp-content\/uploads\/2025\/06\/picknickkorg-av-piltra-for-4-personer-med-isolerat-kylfack-picknickfilt-bestickset-komplett-picknickset-for-camping-strand-jul-naturligt-tra-1.webp?fit=2000%2C2000&ssl=1","width":2000,"height":2000},{"@type":"BreadcrumbList","@id":"https:\/\/truusk.store\/sv\/produkt\/truusk-picknickkorg-av-piltra-for-4-personer-isolerat-kylfack-picknickfilt-bestickset-komplett-picknickset-for-camping\/#breadcrumb","itemListElement":[{"@type":"ListItem","position":1,"name":"Home","item":"https:\/\/truusk.store\/sv\/"},{"@type":"ListItem","position":2,"name":"Shop","item":"https:\/\/truusk.store\/shop\/"},{"@type":"ListItem","position":3,"name":"TRUUSK Picknickkorg av Piltr\u00e4 f\u00f6r 4 Personer &#8211; Isolerat Kylfack &#8211; Picknickfilt &#8211; Bestickset &#8211; Komplett Picknickset f\u00f6r Camping,"}]},{"@type":"WebSite","@id":"https:\/\/truusk.store\/sv\/#website","url":"https:\/\/truusk.store\/sv\/","name":"TRUUSK - Hem, Tr\u00e4dg\u00e5rd & Fritid","description":"","publisher":{"@id":"https:\/\/truusk.store\/sv\/#organization"},"potentialAction":[{"@type":"SearchAction","target":{"@type":"EntryPoint","urlTemplate":"https:\/\/truusk.store\/sv\/?s={search_term_string}"},"query-input":{"@type":"PropertyValueSpecification","valueRequired":true,"valueName":"search_term_string"}}],"inLanguage":"sv-SE"},{"@type":"Organization","@id":"https:\/\/truusk.store\/sv\/#organization","name":"TRUUSK - Hem, Tr\u00e4dg\u00e5rd & Fritid","url":"https:\/\/truusk.store\/sv\/","logo":{"@type":"ImageObject","inLanguage":"sv-SE","@id":"https:\/\/truusk.store\/sv\/#\/schema\/logo\/image\/","url":"https:\/\/i0.wp.com\/truusk.store\/wp-content\/uploads\/2026\/03\/cropped-TRUUSK.png?fit=2032%2C917&ssl=1","contentUrl":"https:\/\/i0.wp.com\/truusk.store\/wp-content\/uploads\/2026\/03\/cropped-TRUUSK.png?fit=2032%2C917&ssl=1","width":2032,"height":917,"caption":"TRUUSK - Hem, Tr\u00e4dg\u00e5rd & Fritid"},"image":{"@id":"https:\/\/truusk.store\/sv\/#\/schema\/logo\/image\/"}}]}},"jetpack_sharing_enabled":true,"_links":{"self":[{"href":"https:\/\/truusk.store\/sv\/wp-json\/wp\/v2\/product\/76123","targetHints":{"allow":["GET"]}}],"collection":[{"href":"https:\/\/truusk.store\/sv\/wp-json\/wp\/v2\/product"}],"about":[{"href":"https:\/\/truusk.store\/sv\/wp-json\/wp\/v2\/types\/product"}],"wp:featuredmedia":[{"embeddable":true,"href":"https:\/\/truusk.store\/sv\/wp-json\/wp\/v2\/media\/76114"}],"wp:attachment":[{"href":"https:\/\/truusk.store\/sv\/wp-json\/wp\/v2\/media?parent=76123"}],"wp:term":[{"taxonomy":"product_brand","embeddable":true,"href":"https:\/\/truusk.store\/sv\/wp-json\/wp\/v2\/product_brand?post=76123"},{"taxonomy":"product_cat","embeddable":true,"href":"https:\/\/truusk.store\/sv\/wp-json\/wp\/v2\/product_cat?post=76123"},{"taxonomy":"product_tag","embeddable":true,"href":"https:\/\/truusk.store\/sv\/wp-json\/wp\/v2\/product_tag?post=76123"}],"curies":[{"name":"wp","href":"https:\/\/api.w.org\/{rel}","templated":true}]}}