{"id":76153,"date":"2025-06-06T05:00:55","date_gmt":"2025-06-06T04:00:55","guid":{"rendered":"https:\/\/truusk.store\/product\/tradgardsmobelset-i-polyrattan-lounge-set-med-2-sits-soffa-stol-glasbord-kuddar-vaderbestandiga-balkongmobler-for-4-personer-utomhus-sittgrupp-terrassmobler-for-tradgard-balkong-gra\/"},"modified":"2026-03-12T08:40:18","modified_gmt":"2026-03-12T07:40:18","slug":"truusk-tradgardsmobelset-i-polyrattan-lounge-set-med-2-sits-soffa-stol-glasbord-kuddar-vaderbestandiga-balkongmobler","status":"publish","type":"product","link":"https:\/\/truusk.store\/sv\/produkt\/truusk-tradgardsmobelset-i-polyrattan-lounge-set-med-2-sits-soffa-stol-glasbord-kuddar-vaderbestandiga-balkongmobler\/","title":{"rendered":"TRUUSK Tr\u00e4dg\u00e5rdsm\u00f6belset i Polyrattan &#8211; Lounge-set med 2-sits soffa &#8211; Stol &#8211; Glasbord &#8211; Kuddar &#8211; V\u00e4derbest\u00e4ndiga balkongm\u00f6bler"},"content":{"rendered":"<p>F\u00f6rvandla din tr\u00e4dg\u00e5rd till en oas av v\u00e4lbefinnande med den fyrdelade sittloungen fr\u00e5n TRUUSK. Den inkluderar tv\u00e5 f\u00e5t\u00f6ljer, en dubbelsitsb\u00e4nk och ett soffbord. Denna Rattan-sittgrupp \u00e4r perfekt f\u00f6r avkopplande m\u00e5ltider, stimulerande samtal eller helt enkelt f\u00f6r att slappna av. De avtagbara kuddarna erbjuder mjuk komfort och de fl\u00e4tade Rattan-repen ger sittloungen elegans. Bordet med glasplatta ger en touch av klass och en speciell stil i ditt utomhusomr\u00e5de.<\/p>\n<p>Beskrivning:<\/p>\n<ul>\n<li> F\u00f6rsk\u00f6na ditt utomhusomr\u00e5de med denna Rattan-sittgrupp f\u00f6r fyra personer<\/li>\n<li> Robusta, pulverlackerade st\u00e5lramar p\u00e5 tr\u00e4dg\u00e5rdsm\u00f6belsetet garanterar styrka och stabilitet<\/li>\n<li> UV-resistent Rattan och vattenavvisande tyg p\u00e5 balkongm\u00f6belsetet \u00e4r l\u00e4mpliga f\u00f6r utomhusbruk<\/li>\n<li> Mjuka kuddar f\u00f6r komfort, med dragkedjor f\u00f6r avtagning och tv\u00e4tt<\/li>\n<li> Bordplatta av h\u00e4rdat glas erbjuder en s\u00e4ker, l\u00e4tt att reng\u00f6ra yta<\/li>\n<li> Halkfria fotdynor skyddar golvet<\/li>\n<li> Montering kr\u00e4vs<\/li>\n<\/ul>\n<p> Tekniska data:<\/p>\n<ul>\n<li> F\u00e4rg: Gr\u00e5+Svart<\/li>\n<li> Material: St\u00e5l, PE-Rattan, Polyester, h\u00e4rdat glas, skum<\/li>\n<li> F\u00e5t\u00f6ljdimensioner: 62L x 65B x 68H cm<\/li>\n<li> Soffdimensioner: 116L x 65B x 68H cm<\/li>\n<li> Borddimensioner: 90L x 50B x 44H cm<\/li>\n<li> Sitsstorlek: 55B x 53T x 36H cm (F\u00e5t\u00f6lj), 110B x 53T x 36H cm (Dubbelsoffa)<\/li>\n<li> Ryggst\u00f6dsstorlek: 55B x 34L x 32H cm (F\u00e5t\u00f6lj), 110B x 34L x 32H cm (Dubbelsoffa)<\/li>\n<li> Sitskuddstorlek: 55L x 55B x 7T cm (F\u00e5t\u00f6lj), 110L x 55B x 7T cm (Dubbelsoffa)<\/li>\n<li> Ryggkuddstorlek: 55L x 40B x 10T cm<\/li>\n<li> Vattent\u00e4thetsniv\u00e5: St\u00e4nkvattent\u00e4t<\/li>\n<li> Rattan UV-resistansvaraktighet: 2000 timmar<\/li>\n<li> B\u00e4rkapacitet: 120 kg (F\u00e5t\u00f6lj), 240 kg (Dubbelsoffa), 50 kg (Bord)<\/li>\n<\/ul>\n<p>Leveransinneh\u00e5ll:<\/p>\n<ul>\n<li> 2 x F\u00e5t\u00f6ljer<\/li>\n<li> 1 x Dubbelsoffa<\/li>\n<li> 1 x Soffbord<\/li>\n<li> 3 x Sitskuddar<\/li>\n<li> 4 x Ryggkuddar<\/li>\n<li> 1 x Bruksanvisning<\/li>\n<\/ul>\n","protected":false},"excerpt":{"rendered":"<p>F\u00f6rvandla din tr\u00e4dg\u00e5rd till en oas av v\u00e4lbefinnande med den fyrdelade sittloungen fr\u00e5n TRUUSK. Den inkluderar tv\u00e5 f\u00e5t\u00f6ljer, en dubbelsitsb\u00e4nk&#8230;<\/p>\n","protected":false},"featured_media":76144,"template":"","meta":[],"product_brand":[],"product_cat":[858,450,456],"product_tag":[],"class_list":{"0":"post-76153","1":"product","2":"type-product","3":"status-publish","4":"has-post-thumbnail","6":"product_cat-tradgard-terrass","7":"product_cat-tradgardsmobler","8":"product_cat-tradgardsmobler-set","10":"first","11":"instock","12":"sale","13":"taxable","14":"shipping-taxable","15":"purchasable","16":"product-type-simple"},"yoast_head":"<!-- This site is optimized with the Yoast SEO plugin v25.4 - https:\/\/yoast.com\/wordpress\/plugins\/seo\/ -->\n<title>TRUUSK Tr\u00e4dg\u00e5rdsm\u00f6belset i Polyrattan - Lounge-set med 2-sits soffa - Stol - Glasbord - Kuddar - V\u00e4derbest\u00e4ndiga balkongm\u00f6bler - TRUUSK - Hem, Tr\u00e4dg\u00e5rd &amp; Fritid<\/title>\n<meta name=\"robots\" content=\"index, follow, max-snippet:-1, max-image-preview:large, max-video-preview:-1\" \/>\n<link rel=\"canonical\" href=\"https:\/\/truusk.store\/sv\/produkt\/truusk-tradgardsmobelset-i-polyrattan-lounge-set-med-2-sits-soffa-stol-glasbord-kuddar-vaderbestandiga-balkongmobler\/\" \/>\n<meta property=\"og:locale\" content=\"sv_SE\" \/>\n<meta property=\"og:type\" content=\"article\" \/>\n<meta property=\"og:title\" content=\"TRUUSK Tr\u00e4dg\u00e5rdsm\u00f6belset i Polyrattan - Lounge-set med 2-sits soffa - Stol - Glasbord - Kuddar - V\u00e4derbest\u00e4ndiga balkongm\u00f6bler - TRUUSK - Hem, Tr\u00e4dg\u00e5rd &amp; Fritid\" \/>\n<meta property=\"og:description\" content=\"F\u00f6rvandla din tr\u00e4dg\u00e5rd till en oas av v\u00e4lbefinnande med den fyrdelade sittloungen fr\u00e5n TRUUSK. Den inkluderar tv\u00e5 f\u00e5t\u00f6ljer, en dubbelsitsb\u00e4nk...\" \/>\n<meta property=\"og:url\" content=\"https:\/\/truusk.store\/sv\/produkt\/truusk-tradgardsmobelset-i-polyrattan-lounge-set-med-2-sits-soffa-stol-glasbord-kuddar-vaderbestandiga-balkongmobler\/\" \/>\n<meta property=\"og:site_name\" content=\"TRUUSK - Hem, Tr\u00e4dg\u00e5rd &amp; Fritid\" \/>\n<meta property=\"article:modified_time\" content=\"2026-03-12T07:40:18+00:00\" \/>\n<meta property=\"og:image\" content=\"https:\/\/i0.wp.com\/truusk.se\/wp-content\/uploads\/2025\/06\/tradgardsmobelset-i-polyrattan-lounge-set-med-2-sits-soffa-stol-glasbord-kuddar-vaderbestandiga-balkongmobler-for-4-personer-utomhus-sittgrupp-terrassmobler-for-tradgard-balkong-gra-1.webp?fit=2000%2C2000&ssl=1\" \/>\n\t<meta property=\"og:image:width\" content=\"2000\" \/>\n\t<meta property=\"og:image:height\" content=\"2000\" \/>\n\t<meta property=\"og:image:type\" content=\"image\/webp\" \/>\n<meta name=\"twitter:card\" content=\"summary_large_image\" \/>\n<meta name=\"twitter:label1\" content=\"Ber\u00e4knad l\u00e4stid\" \/>\n\t<meta name=\"twitter:data1\" content=\"1 minut\" \/>\n<!-- \/ Yoast SEO plugin. -->","yoast_head_json":{"title":"TRUUSK Tr\u00e4dg\u00e5rdsm\u00f6belset i Polyrattan - Lounge-set med 2-sits soffa - Stol - Glasbord - Kuddar - V\u00e4derbest\u00e4ndiga balkongm\u00f6bler - TRUUSK - Hem, Tr\u00e4dg\u00e5rd &amp; Fritid","robots":{"index":"index","follow":"follow","max-snippet":"max-snippet:-1","max-image-preview":"max-image-preview:large","max-video-preview":"max-video-preview:-1"},"canonical":"https:\/\/truusk.store\/sv\/produkt\/truusk-tradgardsmobelset-i-polyrattan-lounge-set-med-2-sits-soffa-stol-glasbord-kuddar-vaderbestandiga-balkongmobler\/","og_locale":"sv_SE","og_type":"article","og_title":"TRUUSK Tr\u00e4dg\u00e5rdsm\u00f6belset i Polyrattan - Lounge-set med 2-sits soffa - Stol - Glasbord - Kuddar - V\u00e4derbest\u00e4ndiga balkongm\u00f6bler - TRUUSK - Hem, Tr\u00e4dg\u00e5rd &amp; Fritid","og_description":"F\u00f6rvandla din tr\u00e4dg\u00e5rd till en oas av v\u00e4lbefinnande med den fyrdelade sittloungen fr\u00e5n TRUUSK. Den inkluderar tv\u00e5 f\u00e5t\u00f6ljer, en dubbelsitsb\u00e4nk...","og_url":"https:\/\/truusk.store\/sv\/produkt\/truusk-tradgardsmobelset-i-polyrattan-lounge-set-med-2-sits-soffa-stol-glasbord-kuddar-vaderbestandiga-balkongmobler\/","og_site_name":"TRUUSK - Hem, Tr\u00e4dg\u00e5rd &amp; Fritid","article_modified_time":"2026-03-12T07:40:18+00:00","og_image":[{"width":2000,"height":2000,"url":"https:\/\/i0.wp.com\/truusk.se\/wp-content\/uploads\/2025\/06\/tradgardsmobelset-i-polyrattan-lounge-set-med-2-sits-soffa-stol-glasbord-kuddar-vaderbestandiga-balkongmobler-for-4-personer-utomhus-sittgrupp-terrassmobler-for-tradgard-balkong-gra-1.webp?fit=2000%2C2000&ssl=1","type":"image\/webp"}],"twitter_card":"summary_large_image","twitter_misc":{"Ber\u00e4knad l\u00e4stid":"1 minut"},"schema":{"@context":"https:\/\/schema.org","@graph":[{"@type":"WebPage","@id":"https:\/\/truusk.store\/sv\/produkt\/truusk-tradgardsmobelset-i-polyrattan-lounge-set-med-2-sits-soffa-stol-glasbord-kuddar-vaderbestandiga-balkongmobler\/","url":"https:\/\/truusk.store\/sv\/produkt\/truusk-tradgardsmobelset-i-polyrattan-lounge-set-med-2-sits-soffa-stol-glasbord-kuddar-vaderbestandiga-balkongmobler\/","name":"TRUUSK Tr\u00e4dg\u00e5rdsm\u00f6belset i Polyrattan - Lounge-set med 2-sits soffa - Stol - Glasbord - Kuddar - V\u00e4derbest\u00e4ndiga balkongm\u00f6bler - TRUUSK - Hem, Tr\u00e4dg\u00e5rd &amp; Fritid","isPartOf":{"@id":"https:\/\/truusk.store\/sv\/#website"},"primaryImageOfPage":{"@id":"https:\/\/truusk.store\/sv\/produkt\/truusk-tradgardsmobelset-i-polyrattan-lounge-set-med-2-sits-soffa-stol-glasbord-kuddar-vaderbestandiga-balkongmobler\/#primaryimage"},"image":{"@id":"https:\/\/truusk.store\/sv\/produkt\/truusk-tradgardsmobelset-i-polyrattan-lounge-set-med-2-sits-soffa-stol-glasbord-kuddar-vaderbestandiga-balkongmobler\/#primaryimage"},"thumbnailUrl":"https:\/\/i0.wp.com\/truusk.store\/wp-content\/uploads\/2025\/06\/tradgardsmobelset-i-polyrattan-lounge-set-med-2-sits-soffa-stol-glasbord-kuddar-vaderbestandiga-balkongmobler-for-4-personer-utomhus-sittgrupp-terrassmobler-for-tradgard-balkong-gra-1.webp?fit=2000%2C2000&ssl=1","datePublished":"2025-06-06T04:00:55+00:00","dateModified":"2026-03-12T07:40:18+00:00","breadcrumb":{"@id":"https:\/\/truusk.store\/sv\/produkt\/truusk-tradgardsmobelset-i-polyrattan-lounge-set-med-2-sits-soffa-stol-glasbord-kuddar-vaderbestandiga-balkongmobler\/#breadcrumb"},"inLanguage":"sv-SE","potentialAction":[{"@type":"ReadAction","target":["https:\/\/truusk.store\/sv\/produkt\/truusk-tradgardsmobelset-i-polyrattan-lounge-set-med-2-sits-soffa-stol-glasbord-kuddar-vaderbestandiga-balkongmobler\/"]}]},{"@type":"ImageObject","inLanguage":"sv-SE","@id":"https:\/\/truusk.store\/sv\/produkt\/truusk-tradgardsmobelset-i-polyrattan-lounge-set-med-2-sits-soffa-stol-glasbord-kuddar-vaderbestandiga-balkongmobler\/#primaryimage","url":"https:\/\/i0.wp.com\/truusk.store\/wp-content\/uploads\/2025\/06\/tradgardsmobelset-i-polyrattan-lounge-set-med-2-sits-soffa-stol-glasbord-kuddar-vaderbestandiga-balkongmobler-for-4-personer-utomhus-sittgrupp-terrassmobler-for-tradgard-balkong-gra-1.webp?fit=2000%2C2000&ssl=1","contentUrl":"https:\/\/i0.wp.com\/truusk.store\/wp-content\/uploads\/2025\/06\/tradgardsmobelset-i-polyrattan-lounge-set-med-2-sits-soffa-stol-glasbord-kuddar-vaderbestandiga-balkongmobler-for-4-personer-utomhus-sittgrupp-terrassmobler-for-tradgard-balkong-gra-1.webp?fit=2000%2C2000&ssl=1","width":2000,"height":2000},{"@type":"BreadcrumbList","@id":"https:\/\/truusk.store\/sv\/produkt\/truusk-tradgardsmobelset-i-polyrattan-lounge-set-med-2-sits-soffa-stol-glasbord-kuddar-vaderbestandiga-balkongmobler\/#breadcrumb","itemListElement":[{"@type":"ListItem","position":1,"name":"Home","item":"https:\/\/truusk.store\/sv\/"},{"@type":"ListItem","position":2,"name":"Shop","item":"https:\/\/truusk.store\/shop\/"},{"@type":"ListItem","position":3,"name":"TRUUSK Tr\u00e4dg\u00e5rdsm\u00f6belset i Polyrattan &#8211; Lounge-set med 2-sits soffa &#8211; Stol &#8211; Glasbord &#8211; Kuddar &#8211; V\u00e4derbest\u00e4ndiga balkongm\u00f6bler"}]},{"@type":"WebSite","@id":"https:\/\/truusk.store\/sv\/#website","url":"https:\/\/truusk.store\/sv\/","name":"TRUUSK - Hem, Tr\u00e4dg\u00e5rd & Fritid","description":"","publisher":{"@id":"https:\/\/truusk.store\/sv\/#organization"},"potentialAction":[{"@type":"SearchAction","target":{"@type":"EntryPoint","urlTemplate":"https:\/\/truusk.store\/sv\/?s={search_term_string}"},"query-input":{"@type":"PropertyValueSpecification","valueRequired":true,"valueName":"search_term_string"}}],"inLanguage":"sv-SE"},{"@type":"Organization","@id":"https:\/\/truusk.store\/sv\/#organization","name":"TRUUSK - Hem, Tr\u00e4dg\u00e5rd & Fritid","url":"https:\/\/truusk.store\/sv\/","logo":{"@type":"ImageObject","inLanguage":"sv-SE","@id":"https:\/\/truusk.store\/sv\/#\/schema\/logo\/image\/","url":"https:\/\/i0.wp.com\/truusk.store\/wp-content\/uploads\/2026\/03\/cropped-TRUUSK.png?fit=2032%2C917&ssl=1","contentUrl":"https:\/\/i0.wp.com\/truusk.store\/wp-content\/uploads\/2026\/03\/cropped-TRUUSK.png?fit=2032%2C917&ssl=1","width":2032,"height":917,"caption":"TRUUSK - Hem, Tr\u00e4dg\u00e5rd & Fritid"},"image":{"@id":"https:\/\/truusk.store\/sv\/#\/schema\/logo\/image\/"}}]}},"jetpack_sharing_enabled":true,"_links":{"self":[{"href":"https:\/\/truusk.store\/sv\/wp-json\/wp\/v2\/product\/76153","targetHints":{"allow":["GET"]}}],"collection":[{"href":"https:\/\/truusk.store\/sv\/wp-json\/wp\/v2\/product"}],"about":[{"href":"https:\/\/truusk.store\/sv\/wp-json\/wp\/v2\/types\/product"}],"wp:featuredmedia":[{"embeddable":true,"href":"https:\/\/truusk.store\/sv\/wp-json\/wp\/v2\/media\/76144"}],"wp:attachment":[{"href":"https:\/\/truusk.store\/sv\/wp-json\/wp\/v2\/media?parent=76153"}],"wp:term":[{"taxonomy":"product_brand","embeddable":true,"href":"https:\/\/truusk.store\/sv\/wp-json\/wp\/v2\/product_brand?post=76153"},{"taxonomy":"product_cat","embeddable":true,"href":"https:\/\/truusk.store\/sv\/wp-json\/wp\/v2\/product_cat?post=76153"},{"taxonomy":"product_tag","embeddable":true,"href":"https:\/\/truusk.store\/sv\/wp-json\/wp\/v2\/product_tag?post=76153"}],"curies":[{"name":"wp","href":"https:\/\/api.w.org\/{rel}","templated":true}]}}