{"id":76163,"date":"2025-06-06T05:01:49","date_gmt":"2025-06-06T04:01:49","guid":{"rendered":"https:\/\/truusk.store\/product\/barstol-set-barstol-med-barstol-set-matbord-med-2-stolar-med-halkfria-fotdynor-koksbord-for-matsal-kok-gra\/"},"modified":"2026-03-12T08:44:27","modified_gmt":"2026-03-12T07:44:27","slug":"truusk-barstol-set-matbord-med-2-stolar-halkfria-fotdynor-koksbord-for-matsal-kok-gra","status":"publish","type":"product","link":"https:\/\/truusk.store\/sv\/produkt\/truusk-barstol-set-matbord-med-2-stolar-halkfria-fotdynor-koksbord-for-matsal-kok-gra\/","title":{"rendered":"TRUUSK Barstol Set &#8211; Matbord Med 2 Stolar &#8211; Halkfria Fotdynor &#8211; K\u00f6ksbord &#8211; F\u00f6r Matsal, K\u00f6k, Gr\u00e5"},"content":{"rendered":"<p>Optimera ditt hem med TRUUSK Industri-Barbord Set &#8211; enkelt, men allt annat \u00e4n vanligt. Ett barbord och tv\u00e5 pallar erbjuder dig och dina n\u00e4ra och k\u00e4ra en mysig tillflyktsort, perfekt f\u00f6r avkopplande morgnar eller livliga kv\u00e4llar. Det robusta st\u00e5lramen med f\u00f6rst\u00e4rkta tv\u00e4rstag p\u00e5 barbordssatsen s\u00e4kerst\u00e4ller daglig stabilitet. Pallar med fotst\u00f6d \u00f6kar komforten. Idealiskt f\u00f6r gemensamma drinkar eller en snabb frukost, det lovar ren gl\u00e4dje.<\/p>\n<p>Beskrivning:<\/p>\n<ul>\n<li> Kombinationen av naturlig gr\u00e5 tr\u00e4finish och svart ton ger en industriell touch<\/li>\n<li> Tv\u00e5 pallar fr\u00e5n barbordssatsen kan snyggt skjutas under bordet f\u00f6r att spara utrymme<\/li>\n<li> Pulverlackerad st\u00e5lram p\u00e5 barbordssatsen garanterar robust st\u00f6d<\/li>\n<li> Justerbara f\u00f6tter stabiliserar bordet p\u00e5 oj\u00e4mna golv<\/li>\n<li> Halkfria fotdynor p\u00e5 pallarna f\u00f6rhindrar repor p\u00e5 golvet<\/li>\n<li> Enkel montering<\/li>\n<\/ul>\n<p> Tekniska data:<\/p>\n<ul>\n<li> F\u00e4rg: Gr\u00e5+Svart<\/li>\n<li> Material: Sp\u00e5nskiva, St\u00e5l<\/li>\n<li> Bordets dimensioner: 80L x 50B x 87H cm<\/li>\n<li> Pallarnas dimensioner: 40B x 30T x 57H cm<\/li>\n<li> Belastningskapacitet: 120 kg (pall), 20 kg (bord)<\/li>\n<\/ul>\n<p>Leveransinneh\u00e5ll:<\/p>\n<ul>\n<li> 1 x Barbord<\/li>\n<li> 2 x Barpallar<\/li>\n<li> 1 x Handbok<\/li>\n<\/ul>\n","protected":false},"excerpt":{"rendered":"<p>Optimera ditt hem med TRUUSK Industri-Barbord Set &#8211; enkelt, men allt annat \u00e4n vanligt. Ett barbord och tv\u00e5 pallar erbjuder&#8230;<\/p>\n","protected":false},"featured_media":76154,"template":"","meta":[],"product_brand":[],"product_cat":[900,871,889],"product_tag":[],"class_list":{"0":"post-76163","1":"product","2":"type-product","3":"status-publish","4":"has-post-thumbnail","6":"product_cat-barstol-set","7":"product_cat-hus-hem","8":"product_cat-kok-matsal","10":"first","11":"instock","12":"sale","13":"taxable","14":"shipping-taxable","15":"purchasable","16":"product-type-simple"},"yoast_head":"<!-- This site is optimized with the Yoast SEO plugin v25.4 - https:\/\/yoast.com\/wordpress\/plugins\/seo\/ -->\n<title>TRUUSK Barstol Set - Matbord Med 2 Stolar - Halkfria Fotdynor - K\u00f6ksbord - F\u00f6r Matsal, K\u00f6k, Gr\u00e5 - TRUUSK - Hem, Tr\u00e4dg\u00e5rd &amp; Fritid<\/title>\n<meta name=\"robots\" content=\"index, follow, max-snippet:-1, max-image-preview:large, max-video-preview:-1\" \/>\n<link rel=\"canonical\" href=\"https:\/\/truusk.store\/sv\/produkt\/truusk-barstol-set-matbord-med-2-stolar-halkfria-fotdynor-koksbord-for-matsal-kok-gra\/\" \/>\n<meta property=\"og:locale\" content=\"sv_SE\" \/>\n<meta property=\"og:type\" content=\"article\" \/>\n<meta property=\"og:title\" content=\"TRUUSK Barstol Set - Matbord Med 2 Stolar - Halkfria Fotdynor - K\u00f6ksbord - F\u00f6r Matsal, K\u00f6k, Gr\u00e5 - TRUUSK - Hem, Tr\u00e4dg\u00e5rd &amp; Fritid\" \/>\n<meta property=\"og:description\" content=\"Optimera ditt hem med TRUUSK Industri-Barbord Set &#8211; enkelt, men allt annat \u00e4n vanligt. Ett barbord och tv\u00e5 pallar erbjuder...\" \/>\n<meta property=\"og:url\" content=\"https:\/\/truusk.store\/sv\/produkt\/truusk-barstol-set-matbord-med-2-stolar-halkfria-fotdynor-koksbord-for-matsal-kok-gra\/\" \/>\n<meta property=\"og:site_name\" content=\"TRUUSK - Hem, Tr\u00e4dg\u00e5rd &amp; Fritid\" \/>\n<meta property=\"article:modified_time\" content=\"2026-03-12T07:44:27+00:00\" \/>\n<meta property=\"og:image\" content=\"https:\/\/i0.wp.com\/truusk.se\/wp-content\/uploads\/2025\/06\/barstol-set-barstol-med-barstol-set-matbord-med-2-stolar-med-halkfria-fotdynor-koksbord-for-matsal-kok-gra-1.webp?fit=2000%2C2000&ssl=1\" \/>\n\t<meta property=\"og:image:width\" content=\"2000\" \/>\n\t<meta property=\"og:image:height\" content=\"2000\" \/>\n\t<meta property=\"og:image:type\" content=\"image\/webp\" \/>\n<meta name=\"twitter:card\" content=\"summary_large_image\" \/>\n<meta name=\"twitter:label1\" content=\"Ber\u00e4knad l\u00e4stid\" \/>\n\t<meta name=\"twitter:data1\" content=\"1 minut\" \/>\n<!-- \/ Yoast SEO plugin. -->","yoast_head_json":{"title":"TRUUSK Barstol Set - Matbord Med 2 Stolar - Halkfria Fotdynor - K\u00f6ksbord - F\u00f6r Matsal, K\u00f6k, Gr\u00e5 - TRUUSK - Hem, Tr\u00e4dg\u00e5rd &amp; Fritid","robots":{"index":"index","follow":"follow","max-snippet":"max-snippet:-1","max-image-preview":"max-image-preview:large","max-video-preview":"max-video-preview:-1"},"canonical":"https:\/\/truusk.store\/sv\/produkt\/truusk-barstol-set-matbord-med-2-stolar-halkfria-fotdynor-koksbord-for-matsal-kok-gra\/","og_locale":"sv_SE","og_type":"article","og_title":"TRUUSK Barstol Set - Matbord Med 2 Stolar - Halkfria Fotdynor - K\u00f6ksbord - F\u00f6r Matsal, K\u00f6k, Gr\u00e5 - TRUUSK - Hem, Tr\u00e4dg\u00e5rd &amp; Fritid","og_description":"Optimera ditt hem med TRUUSK Industri-Barbord Set &#8211; enkelt, men allt annat \u00e4n vanligt. Ett barbord och tv\u00e5 pallar erbjuder...","og_url":"https:\/\/truusk.store\/sv\/produkt\/truusk-barstol-set-matbord-med-2-stolar-halkfria-fotdynor-koksbord-for-matsal-kok-gra\/","og_site_name":"TRUUSK - Hem, Tr\u00e4dg\u00e5rd &amp; Fritid","article_modified_time":"2026-03-12T07:44:27+00:00","og_image":[{"width":2000,"height":2000,"url":"https:\/\/i0.wp.com\/truusk.se\/wp-content\/uploads\/2025\/06\/barstol-set-barstol-med-barstol-set-matbord-med-2-stolar-med-halkfria-fotdynor-koksbord-for-matsal-kok-gra-1.webp?fit=2000%2C2000&ssl=1","type":"image\/webp"}],"twitter_card":"summary_large_image","twitter_misc":{"Ber\u00e4knad l\u00e4stid":"1 minut"},"schema":{"@context":"https:\/\/schema.org","@graph":[{"@type":"WebPage","@id":"https:\/\/truusk.store\/sv\/produkt\/truusk-barstol-set-matbord-med-2-stolar-halkfria-fotdynor-koksbord-for-matsal-kok-gra\/","url":"https:\/\/truusk.store\/sv\/produkt\/truusk-barstol-set-matbord-med-2-stolar-halkfria-fotdynor-koksbord-for-matsal-kok-gra\/","name":"TRUUSK Barstol Set - Matbord Med 2 Stolar - Halkfria Fotdynor - K\u00f6ksbord - F\u00f6r Matsal, K\u00f6k, Gr\u00e5 - TRUUSK - Hem, Tr\u00e4dg\u00e5rd &amp; Fritid","isPartOf":{"@id":"https:\/\/truusk.store\/sv\/#website"},"primaryImageOfPage":{"@id":"https:\/\/truusk.store\/sv\/produkt\/truusk-barstol-set-matbord-med-2-stolar-halkfria-fotdynor-koksbord-for-matsal-kok-gra\/#primaryimage"},"image":{"@id":"https:\/\/truusk.store\/sv\/produkt\/truusk-barstol-set-matbord-med-2-stolar-halkfria-fotdynor-koksbord-for-matsal-kok-gra\/#primaryimage"},"thumbnailUrl":"https:\/\/i0.wp.com\/truusk.store\/wp-content\/uploads\/2025\/06\/barstol-set-barstol-med-barstol-set-matbord-med-2-stolar-med-halkfria-fotdynor-koksbord-for-matsal-kok-gra-1.webp?fit=2000%2C2000&ssl=1","datePublished":"2025-06-06T04:01:49+00:00","dateModified":"2026-03-12T07:44:27+00:00","breadcrumb":{"@id":"https:\/\/truusk.store\/sv\/produkt\/truusk-barstol-set-matbord-med-2-stolar-halkfria-fotdynor-koksbord-for-matsal-kok-gra\/#breadcrumb"},"inLanguage":"sv-SE","potentialAction":[{"@type":"ReadAction","target":["https:\/\/truusk.store\/sv\/produkt\/truusk-barstol-set-matbord-med-2-stolar-halkfria-fotdynor-koksbord-for-matsal-kok-gra\/"]}]},{"@type":"ImageObject","inLanguage":"sv-SE","@id":"https:\/\/truusk.store\/sv\/produkt\/truusk-barstol-set-matbord-med-2-stolar-halkfria-fotdynor-koksbord-for-matsal-kok-gra\/#primaryimage","url":"https:\/\/i0.wp.com\/truusk.store\/wp-content\/uploads\/2025\/06\/barstol-set-barstol-med-barstol-set-matbord-med-2-stolar-med-halkfria-fotdynor-koksbord-for-matsal-kok-gra-1.webp?fit=2000%2C2000&ssl=1","contentUrl":"https:\/\/i0.wp.com\/truusk.store\/wp-content\/uploads\/2025\/06\/barstol-set-barstol-med-barstol-set-matbord-med-2-stolar-med-halkfria-fotdynor-koksbord-for-matsal-kok-gra-1.webp?fit=2000%2C2000&ssl=1","width":2000,"height":2000},{"@type":"BreadcrumbList","@id":"https:\/\/truusk.store\/sv\/produkt\/truusk-barstol-set-matbord-med-2-stolar-halkfria-fotdynor-koksbord-for-matsal-kok-gra\/#breadcrumb","itemListElement":[{"@type":"ListItem","position":1,"name":"Home","item":"https:\/\/truusk.store\/sv\/"},{"@type":"ListItem","position":2,"name":"Shop","item":"https:\/\/truusk.store\/shop\/"},{"@type":"ListItem","position":3,"name":"TRUUSK Barstol Set &#8211; Matbord Med 2 Stolar &#8211; Halkfria Fotdynor &#8211; K\u00f6ksbord &#8211; F\u00f6r Matsal, K\u00f6k, Gr\u00e5"}]},{"@type":"WebSite","@id":"https:\/\/truusk.store\/sv\/#website","url":"https:\/\/truusk.store\/sv\/","name":"TRUUSK - Hem, Tr\u00e4dg\u00e5rd & Fritid","description":"","publisher":{"@id":"https:\/\/truusk.store\/sv\/#organization"},"potentialAction":[{"@type":"SearchAction","target":{"@type":"EntryPoint","urlTemplate":"https:\/\/truusk.store\/sv\/?s={search_term_string}"},"query-input":{"@type":"PropertyValueSpecification","valueRequired":true,"valueName":"search_term_string"}}],"inLanguage":"sv-SE"},{"@type":"Organization","@id":"https:\/\/truusk.store\/sv\/#organization","name":"TRUUSK - Hem, Tr\u00e4dg\u00e5rd & Fritid","url":"https:\/\/truusk.store\/sv\/","logo":{"@type":"ImageObject","inLanguage":"sv-SE","@id":"https:\/\/truusk.store\/sv\/#\/schema\/logo\/image\/","url":"https:\/\/i0.wp.com\/truusk.store\/wp-content\/uploads\/2026\/03\/cropped-TRUUSK.png?fit=2032%2C917&ssl=1","contentUrl":"https:\/\/i0.wp.com\/truusk.store\/wp-content\/uploads\/2026\/03\/cropped-TRUUSK.png?fit=2032%2C917&ssl=1","width":2032,"height":917,"caption":"TRUUSK - Hem, Tr\u00e4dg\u00e5rd & Fritid"},"image":{"@id":"https:\/\/truusk.store\/sv\/#\/schema\/logo\/image\/"}}]}},"jetpack_sharing_enabled":true,"_links":{"self":[{"href":"https:\/\/truusk.store\/sv\/wp-json\/wp\/v2\/product\/76163","targetHints":{"allow":["GET"]}}],"collection":[{"href":"https:\/\/truusk.store\/sv\/wp-json\/wp\/v2\/product"}],"about":[{"href":"https:\/\/truusk.store\/sv\/wp-json\/wp\/v2\/types\/product"}],"wp:featuredmedia":[{"embeddable":true,"href":"https:\/\/truusk.store\/sv\/wp-json\/wp\/v2\/media\/76154"}],"wp:attachment":[{"href":"https:\/\/truusk.store\/sv\/wp-json\/wp\/v2\/media?parent=76163"}],"wp:term":[{"taxonomy":"product_brand","embeddable":true,"href":"https:\/\/truusk.store\/sv\/wp-json\/wp\/v2\/product_brand?post=76163"},{"taxonomy":"product_cat","embeddable":true,"href":"https:\/\/truusk.store\/sv\/wp-json\/wp\/v2\/product_cat?post=76163"},{"taxonomy":"product_tag","embeddable":true,"href":"https:\/\/truusk.store\/sv\/wp-json\/wp\/v2\/product_tag?post=76163"}],"curies":[{"name":"wp","href":"https:\/\/api.w.org\/{rel}","templated":true}]}}