{"id":76203,"date":"2025-06-06T05:05:42","date_gmt":"2025-06-06T04:05:42","guid":{"rendered":"https:\/\/truusk.store\/product\/eldskal-o45-x-42cm-i-stal-med-eldstads-krok-askpanna-eldskalar-for-tradgard-balkong-terrass-utomhus-bbq-camping-svart\/"},"modified":"2026-03-12T08:42:54","modified_gmt":"2026-03-12T07:42:54","slug":"truusk-eldskal-o45-x-42cm-i-stal-med-eldstads-krok-askpanna-for-tradgard-balkong-terrass-utomhus-bbq-camping-svart","status":"publish","type":"product","link":"https:\/\/truusk.store\/sv\/produkt\/truusk-eldskal-o45-x-42cm-i-stal-med-eldstads-krok-askpanna-for-tradgard-balkong-terrass-utomhus-bbq-camping-svart\/","title":{"rendered":"TRUUSK Eldsk\u00e5l \u00d845 x 42cm i St\u00e5l &#8211; Med Eldstads Krok &#8211; Askpanna &#8211; F\u00f6r Tr\u00e4dg\u00e5rd, Balkong, Terrass &#8211; Utomhus BBQ Camping &#8211; Svart"},"content":{"rendered":"<p>G\u00f6r om din tr\u00e4dg\u00e5rd till en inbjudande oas med TRUUSK utomhuseldstad. Denna b\u00e4rbara eldstad f\u00f6r tr\u00e4dg\u00e5rden erbjuder enkel reng\u00f6ring tack vare utdragbar askl\u00e5da och en v\u00e4rmebest\u00e4ndig, pulverlackerad st\u00e5lkonstruktion. Inkluderar en pokerspets f\u00f6r att justera vedtr\u00e4den &#8211; perfekt f\u00f6r alla vedeldningsfans, hemma eller n\u00e4r du campar.<\/p>\n<p>Beskrivning:<\/p>\n<ul>\n<li> Utdragbar askl\u00e5da underl\u00e4ttar askhanteringen<\/li>\n<li> Pulverlackerad st\u00e5lkonstruktion \u00e4r v\u00e4rmebest\u00e4ndig och slitstark<\/li>\n<li> Inkluderar en pokerspets f\u00f6r s\u00e4ker justering av vedtr\u00e4den<\/li>\n<li> Enkel montering<\/li>\n<\/ul>\n<p> Tekniska data:<\/p>\n<ul>\n<li> F\u00e4rg: Svart<\/li>\n<li> Material: St\u00e5l<\/li>\n<li> Totala dimensioner: \u00d845 x 42H cm<\/li>\n<li> Inre storlek p\u00e5 eldstaden: \u00d833 x 32H cm<\/li>\n<li> Storlek p\u00e5 pokerspetsen: 60L x 4,5B x 8H cm<\/li>\n<li> Storlek p\u00e5 askl\u00e5dan: 38L x 29,5B x 3,5H cm<\/li>\n<\/ul>\n<p>Leveransinneh\u00e5ll:<\/p>\n<ul>\n<li> 1 x Eldstad<\/li>\n<li> 1 x Pokerspets<\/li>\n<li> 1 x Askl\u00e5da<\/li>\n<li> 1 x Bruksanvisning<\/li>\n<\/ul>\n","protected":false},"excerpt":{"rendered":"<p>G\u00f6r om din tr\u00e4dg\u00e5rd till en inbjudande oas med TRUUSK utomhuseldstad. Denna b\u00e4rbara eldstad f\u00f6r tr\u00e4dg\u00e5rden erbjuder enkel reng\u00f6ring tack&#8230;<\/p>\n","protected":false},"featured_media":76194,"template":"","meta":[],"product_brand":[],"product_cat":[441,1043,858],"product_tag":[],"class_list":{"0":"post-76203","1":"product","2":"type-product","3":"status-publish","4":"has-post-thumbnail","6":"product_cat-eldskalar","7":"product_cat-grilla-varma","8":"product_cat-tradgard-terrass","10":"first","11":"instock","12":"sale","13":"taxable","14":"shipping-taxable","15":"purchasable","16":"product-type-simple"},"yoast_head":"<!-- This site is optimized with the Yoast SEO plugin v25.4 - https:\/\/yoast.com\/wordpress\/plugins\/seo\/ -->\n<title>TRUUSK Eldsk\u00e5l \u00d845 x 42cm i St\u00e5l - Med Eldstads Krok - Askpanna - F\u00f6r Tr\u00e4dg\u00e5rd, Balkong, Terrass - Utomhus BBQ Camping - Svart - TRUUSK - Hem, Tr\u00e4dg\u00e5rd &amp; Fritid<\/title>\n<meta name=\"robots\" content=\"index, follow, max-snippet:-1, max-image-preview:large, max-video-preview:-1\" \/>\n<link rel=\"canonical\" href=\"https:\/\/truusk.store\/sv\/produkt\/truusk-eldskal-o45-x-42cm-i-stal-med-eldstads-krok-askpanna-for-tradgard-balkong-terrass-utomhus-bbq-camping-svart\/\" \/>\n<meta property=\"og:locale\" content=\"sv_SE\" \/>\n<meta property=\"og:type\" content=\"article\" \/>\n<meta property=\"og:title\" content=\"TRUUSK Eldsk\u00e5l \u00d845 x 42cm i St\u00e5l - Med Eldstads Krok - Askpanna - F\u00f6r Tr\u00e4dg\u00e5rd, Balkong, Terrass - Utomhus BBQ Camping - Svart - TRUUSK - Hem, Tr\u00e4dg\u00e5rd &amp; Fritid\" \/>\n<meta property=\"og:description\" content=\"G\u00f6r om din tr\u00e4dg\u00e5rd till en inbjudande oas med TRUUSK utomhuseldstad. Denna b\u00e4rbara eldstad f\u00f6r tr\u00e4dg\u00e5rden erbjuder enkel reng\u00f6ring tack...\" \/>\n<meta property=\"og:url\" content=\"https:\/\/truusk.store\/sv\/produkt\/truusk-eldskal-o45-x-42cm-i-stal-med-eldstads-krok-askpanna-for-tradgard-balkong-terrass-utomhus-bbq-camping-svart\/\" \/>\n<meta property=\"og:site_name\" content=\"TRUUSK - Hem, Tr\u00e4dg\u00e5rd &amp; Fritid\" \/>\n<meta property=\"article:modified_time\" content=\"2026-03-12T07:42:54+00:00\" \/>\n<meta property=\"og:image\" content=\"https:\/\/i0.wp.com\/truusk.se\/wp-content\/uploads\/2025\/06\/eldskal-o45-x-42cm-i-stal-med-eldstads-krok-askpanna-eldskalar-for-tradgard-balkong-terrass-utomhus-bbq-camping-svart-1.webp?fit=2000%2C2000&ssl=1\" \/>\n\t<meta property=\"og:image:width\" content=\"2000\" \/>\n\t<meta property=\"og:image:height\" content=\"2000\" \/>\n\t<meta property=\"og:image:type\" content=\"image\/webp\" \/>\n<meta name=\"twitter:card\" content=\"summary_large_image\" \/>\n<meta name=\"twitter:label1\" content=\"Ber\u00e4knad l\u00e4stid\" \/>\n\t<meta name=\"twitter:data1\" content=\"1 minut\" \/>\n<!-- \/ Yoast SEO plugin. -->","yoast_head_json":{"title":"TRUUSK Eldsk\u00e5l \u00d845 x 42cm i St\u00e5l - Med Eldstads Krok - Askpanna - F\u00f6r Tr\u00e4dg\u00e5rd, Balkong, Terrass - Utomhus BBQ Camping - Svart - TRUUSK - Hem, Tr\u00e4dg\u00e5rd &amp; Fritid","robots":{"index":"index","follow":"follow","max-snippet":"max-snippet:-1","max-image-preview":"max-image-preview:large","max-video-preview":"max-video-preview:-1"},"canonical":"https:\/\/truusk.store\/sv\/produkt\/truusk-eldskal-o45-x-42cm-i-stal-med-eldstads-krok-askpanna-for-tradgard-balkong-terrass-utomhus-bbq-camping-svart\/","og_locale":"sv_SE","og_type":"article","og_title":"TRUUSK Eldsk\u00e5l \u00d845 x 42cm i St\u00e5l - Med Eldstads Krok - Askpanna - F\u00f6r Tr\u00e4dg\u00e5rd, Balkong, Terrass - Utomhus BBQ Camping - Svart - TRUUSK - Hem, Tr\u00e4dg\u00e5rd &amp; Fritid","og_description":"G\u00f6r om din tr\u00e4dg\u00e5rd till en inbjudande oas med TRUUSK utomhuseldstad. Denna b\u00e4rbara eldstad f\u00f6r tr\u00e4dg\u00e5rden erbjuder enkel reng\u00f6ring tack...","og_url":"https:\/\/truusk.store\/sv\/produkt\/truusk-eldskal-o45-x-42cm-i-stal-med-eldstads-krok-askpanna-for-tradgard-balkong-terrass-utomhus-bbq-camping-svart\/","og_site_name":"TRUUSK - Hem, Tr\u00e4dg\u00e5rd &amp; Fritid","article_modified_time":"2026-03-12T07:42:54+00:00","og_image":[{"width":2000,"height":2000,"url":"https:\/\/i0.wp.com\/truusk.se\/wp-content\/uploads\/2025\/06\/eldskal-o45-x-42cm-i-stal-med-eldstads-krok-askpanna-eldskalar-for-tradgard-balkong-terrass-utomhus-bbq-camping-svart-1.webp?fit=2000%2C2000&ssl=1","type":"image\/webp"}],"twitter_card":"summary_large_image","twitter_misc":{"Ber\u00e4knad l\u00e4stid":"1 minut"},"schema":{"@context":"https:\/\/schema.org","@graph":[{"@type":"WebPage","@id":"https:\/\/truusk.store\/sv\/produkt\/truusk-eldskal-o45-x-42cm-i-stal-med-eldstads-krok-askpanna-for-tradgard-balkong-terrass-utomhus-bbq-camping-svart\/","url":"https:\/\/truusk.store\/sv\/produkt\/truusk-eldskal-o45-x-42cm-i-stal-med-eldstads-krok-askpanna-for-tradgard-balkong-terrass-utomhus-bbq-camping-svart\/","name":"TRUUSK Eldsk\u00e5l \u00d845 x 42cm i St\u00e5l - Med Eldstads Krok - Askpanna - F\u00f6r Tr\u00e4dg\u00e5rd, Balkong, Terrass - Utomhus BBQ Camping - Svart - TRUUSK - Hem, Tr\u00e4dg\u00e5rd &amp; Fritid","isPartOf":{"@id":"https:\/\/truusk.store\/sv\/#website"},"primaryImageOfPage":{"@id":"https:\/\/truusk.store\/sv\/produkt\/truusk-eldskal-o45-x-42cm-i-stal-med-eldstads-krok-askpanna-for-tradgard-balkong-terrass-utomhus-bbq-camping-svart\/#primaryimage"},"image":{"@id":"https:\/\/truusk.store\/sv\/produkt\/truusk-eldskal-o45-x-42cm-i-stal-med-eldstads-krok-askpanna-for-tradgard-balkong-terrass-utomhus-bbq-camping-svart\/#primaryimage"},"thumbnailUrl":"https:\/\/i0.wp.com\/truusk.store\/wp-content\/uploads\/2025\/06\/eldskal-o45-x-42cm-i-stal-med-eldstads-krok-askpanna-eldskalar-for-tradgard-balkong-terrass-utomhus-bbq-camping-svart-1.webp?fit=2000%2C2000&ssl=1","datePublished":"2025-06-06T04:05:42+00:00","dateModified":"2026-03-12T07:42:54+00:00","breadcrumb":{"@id":"https:\/\/truusk.store\/sv\/produkt\/truusk-eldskal-o45-x-42cm-i-stal-med-eldstads-krok-askpanna-for-tradgard-balkong-terrass-utomhus-bbq-camping-svart\/#breadcrumb"},"inLanguage":"sv-SE","potentialAction":[{"@type":"ReadAction","target":["https:\/\/truusk.store\/sv\/produkt\/truusk-eldskal-o45-x-42cm-i-stal-med-eldstads-krok-askpanna-for-tradgard-balkong-terrass-utomhus-bbq-camping-svart\/"]}]},{"@type":"ImageObject","inLanguage":"sv-SE","@id":"https:\/\/truusk.store\/sv\/produkt\/truusk-eldskal-o45-x-42cm-i-stal-med-eldstads-krok-askpanna-for-tradgard-balkong-terrass-utomhus-bbq-camping-svart\/#primaryimage","url":"https:\/\/i0.wp.com\/truusk.store\/wp-content\/uploads\/2025\/06\/eldskal-o45-x-42cm-i-stal-med-eldstads-krok-askpanna-eldskalar-for-tradgard-balkong-terrass-utomhus-bbq-camping-svart-1.webp?fit=2000%2C2000&ssl=1","contentUrl":"https:\/\/i0.wp.com\/truusk.store\/wp-content\/uploads\/2025\/06\/eldskal-o45-x-42cm-i-stal-med-eldstads-krok-askpanna-eldskalar-for-tradgard-balkong-terrass-utomhus-bbq-camping-svart-1.webp?fit=2000%2C2000&ssl=1","width":2000,"height":2000},{"@type":"BreadcrumbList","@id":"https:\/\/truusk.store\/sv\/produkt\/truusk-eldskal-o45-x-42cm-i-stal-med-eldstads-krok-askpanna-for-tradgard-balkong-terrass-utomhus-bbq-camping-svart\/#breadcrumb","itemListElement":[{"@type":"ListItem","position":1,"name":"Home","item":"https:\/\/truusk.store\/sv\/"},{"@type":"ListItem","position":2,"name":"Shop","item":"https:\/\/truusk.store\/shop\/"},{"@type":"ListItem","position":3,"name":"TRUUSK Eldsk\u00e5l \u00d845 x 42cm i St\u00e5l &#8211; Med Eldstads Krok &#8211; Askpanna &#8211; F\u00f6r Tr\u00e4dg\u00e5rd, Balkong, Terrass &#8211; Utomhus BBQ Camping &#8211; Svart"}]},{"@type":"WebSite","@id":"https:\/\/truusk.store\/sv\/#website","url":"https:\/\/truusk.store\/sv\/","name":"TRUUSK - Hem, Tr\u00e4dg\u00e5rd & Fritid","description":"","publisher":{"@id":"https:\/\/truusk.store\/sv\/#organization"},"potentialAction":[{"@type":"SearchAction","target":{"@type":"EntryPoint","urlTemplate":"https:\/\/truusk.store\/sv\/?s={search_term_string}"},"query-input":{"@type":"PropertyValueSpecification","valueRequired":true,"valueName":"search_term_string"}}],"inLanguage":"sv-SE"},{"@type":"Organization","@id":"https:\/\/truusk.store\/sv\/#organization","name":"TRUUSK - Hem, Tr\u00e4dg\u00e5rd & Fritid","url":"https:\/\/truusk.store\/sv\/","logo":{"@type":"ImageObject","inLanguage":"sv-SE","@id":"https:\/\/truusk.store\/sv\/#\/schema\/logo\/image\/","url":"https:\/\/i0.wp.com\/truusk.store\/wp-content\/uploads\/2026\/03\/cropped-TRUUSK.png?fit=2032%2C917&ssl=1","contentUrl":"https:\/\/i0.wp.com\/truusk.store\/wp-content\/uploads\/2026\/03\/cropped-TRUUSK.png?fit=2032%2C917&ssl=1","width":2032,"height":917,"caption":"TRUUSK - Hem, Tr\u00e4dg\u00e5rd & Fritid"},"image":{"@id":"https:\/\/truusk.store\/sv\/#\/schema\/logo\/image\/"}}]}},"jetpack_sharing_enabled":true,"_links":{"self":[{"href":"https:\/\/truusk.store\/sv\/wp-json\/wp\/v2\/product\/76203","targetHints":{"allow":["GET"]}}],"collection":[{"href":"https:\/\/truusk.store\/sv\/wp-json\/wp\/v2\/product"}],"about":[{"href":"https:\/\/truusk.store\/sv\/wp-json\/wp\/v2\/types\/product"}],"wp:featuredmedia":[{"embeddable":true,"href":"https:\/\/truusk.store\/sv\/wp-json\/wp\/v2\/media\/76194"}],"wp:attachment":[{"href":"https:\/\/truusk.store\/sv\/wp-json\/wp\/v2\/media?parent=76203"}],"wp:term":[{"taxonomy":"product_brand","embeddable":true,"href":"https:\/\/truusk.store\/sv\/wp-json\/wp\/v2\/product_brand?post=76203"},{"taxonomy":"product_cat","embeddable":true,"href":"https:\/\/truusk.store\/sv\/wp-json\/wp\/v2\/product_cat?post=76203"},{"taxonomy":"product_tag","embeddable":true,"href":"https:\/\/truusk.store\/sv\/wp-json\/wp\/v2\/product_tag?post=76203"}],"curies":[{"name":"wp","href":"https:\/\/api.w.org\/{rel}","templated":true}]}}