{"id":76283,"date":"2025-06-06T05:13:39","date_gmt":"2025-06-06T04:13:39","guid":{"rendered":"https:\/\/truusk.store\/product\/tradgardsbord-o70-cm-vaderbestandigt-runt-balkongbord-med-lamelldesign-stal-matbord-utomhus-campingbord-sidobord-terrassbord-for-tradgard-terrass-balkong-naturligt-tra\/"},"modified":"2026-03-12T08:42:10","modified_gmt":"2026-03-12T07:42:10","slug":"truusk-runt-tradgardsbord-o70-cm-vaderbestandigt-lamelldesign-stal-matbord-utomhus-camping-sidobord-naturligt-tra","status":"publish","type":"product","link":"https:\/\/truusk.store\/sv\/produkt\/truusk-runt-tradgardsbord-o70-cm-vaderbestandigt-lamelldesign-stal-matbord-utomhus-camping-sidobord-naturligt-tra\/","title":{"rendered":"TRUUSK Runt Tr\u00e4dg\u00e5rdsbord \u00d870 cm &#8211; V\u00e4derbest\u00e4ndigt Lamelldesign &#8211; St\u00e5l Matbord &#8211; Utomhus Camping Sidobord &#8211; Naturligt Tr\u00e4 &#8211;"},"content":{"rendered":"<p>Upplev den stilfulla TRUUSK tr\u00e4dg\u00e5rdsbordet: robust och elegant. Med en 70 cm rund, tr\u00e4liknande yta och rundade kanter, erbjuder tr\u00e4dg\u00e5rdsbordet gott om s\u00e4kert utrymme. Lattdesignen p\u00e5 terrassbordet fr\u00e4mjar luftcirkulation och skyddar mot vattenstagnation. Perfekt f\u00f6r alla utomhusmilj\u00f6er, den rostfria ramen och de justerbara fotdynorna ger stabilitet och skydd f\u00f6r golvet. En sann prydnad f\u00f6r varje tr\u00e4dg\u00e5rd!<\/p>\n<p>Beskrivning:<\/p>\n<ul>\n<li> Den 70 cm runda, tr\u00e4liknande bordsskivan p\u00e5 tr\u00e4dg\u00e5rdsbordet erbjuder gott om utrymme f\u00f6r f\u00f6rem\u00e5l<\/li>\n<li> Rundade kanter \u00f6kar s\u00e4kerheten och minskar risken f\u00f6r skador<\/li>\n<li> Det lamelliknande designet p\u00e5 bordsskivan f\u00f6rhindrar vattenansamlingar<\/li>\n<li> Robust ram p\u00e5 terrassbordet kombinerar h\u00e5llbarhet med rostbest\u00e4ndighet<\/li>\n<li> Justerbara fotdynor p\u00e5 tr\u00e4dg\u00e5rdsbordet skyddar golvet och garanterar stabilitet<\/li>\n<li> M\u00e5ngsidigt anv\u00e4ndbar som kaffe-, bistro- eller sidobord<\/li>\n<li> Maximal belastning 30 kg, montering kr\u00e4vs<\/li>\n<\/ul>\n<p> Tekniska data:<\/p>\n<ul>\n<li> F\u00e4rg: Naturtr\u00e4<\/li>\n<li> Material: St\u00e5l, plast<\/li>\n<li> Totala dimensioner: \u00d870 x 74H cm<\/li>\n<li> Tjocklek p\u00e5 bordsskivan: 1,5 cm<\/li>\n<li> Basdimensioner: 44B x 44T cm<\/li>\n<li> Belastningskapacitet: 30 kg<\/li>\n<\/ul>\n<p>Leveransinneh\u00e5ll:<\/p>\n<ul>\n<li> 1 x Tr\u00e4dg\u00e5rdsbord<\/li>\n<li> 1 x Bruksanvisning<\/li>\n<\/ul>\n","protected":false},"excerpt":{"rendered":"<p>Upplev den stilfulla TRUUSK tr\u00e4dg\u00e5rdsbordet: robust och elegant. Med en 70 cm rund, tr\u00e4liknande yta och rundade kanter, erbjuder tr\u00e4dg\u00e5rdsbordet&#8230;<\/p>\n","protected":false},"featured_media":76274,"template":"","meta":[],"product_brand":[],"product_cat":[858,457,450],"product_tag":[],"class_list":{"0":"post-76283","1":"product","2":"type-product","3":"status-publish","4":"has-post-thumbnail","6":"product_cat-tradgard-terrass","7":"product_cat-tradgardsbord","8":"product_cat-tradgardsmobler","10":"first","11":"instock","12":"sale","13":"taxable","14":"shipping-taxable","15":"purchasable","16":"product-type-simple"},"yoast_head":"<!-- This site is optimized with the Yoast SEO plugin v25.4 - https:\/\/yoast.com\/wordpress\/plugins\/seo\/ -->\n<title>TRUUSK Runt Tr\u00e4dg\u00e5rdsbord \u00d870 cm - V\u00e4derbest\u00e4ndigt Lamelldesign - St\u00e5l Matbord - Utomhus Camping Sidobord - Naturligt Tr\u00e4 - TRUUSK - Hem, Tr\u00e4dg\u00e5rd &amp; Fritid<\/title>\n<meta name=\"robots\" content=\"index, follow, max-snippet:-1, max-image-preview:large, max-video-preview:-1\" \/>\n<link rel=\"canonical\" href=\"https:\/\/truusk.store\/sv\/produkt\/truusk-runt-tradgardsbord-o70-cm-vaderbestandigt-lamelldesign-stal-matbord-utomhus-camping-sidobord-naturligt-tra\/\" \/>\n<meta property=\"og:locale\" content=\"sv_SE\" \/>\n<meta property=\"og:type\" content=\"article\" \/>\n<meta property=\"og:title\" content=\"TRUUSK Runt Tr\u00e4dg\u00e5rdsbord \u00d870 cm - V\u00e4derbest\u00e4ndigt Lamelldesign - St\u00e5l Matbord - Utomhus Camping Sidobord - Naturligt Tr\u00e4 - TRUUSK - Hem, Tr\u00e4dg\u00e5rd &amp; Fritid\" \/>\n<meta property=\"og:description\" content=\"Upplev den stilfulla TRUUSK tr\u00e4dg\u00e5rdsbordet: robust och elegant. Med en 70 cm rund, tr\u00e4liknande yta och rundade kanter, erbjuder tr\u00e4dg\u00e5rdsbordet...\" \/>\n<meta property=\"og:url\" content=\"https:\/\/truusk.store\/sv\/produkt\/truusk-runt-tradgardsbord-o70-cm-vaderbestandigt-lamelldesign-stal-matbord-utomhus-camping-sidobord-naturligt-tra\/\" \/>\n<meta property=\"og:site_name\" content=\"TRUUSK - Hem, Tr\u00e4dg\u00e5rd &amp; Fritid\" \/>\n<meta property=\"article:modified_time\" content=\"2026-03-12T07:42:10+00:00\" \/>\n<meta property=\"og:image\" content=\"https:\/\/i0.wp.com\/truusk.se\/wp-content\/uploads\/2025\/06\/tradgardsbord-o70-cm-vaderbestandigt-runt-balkongbord-med-lamelldesign-stal-matbord-utomhus-campingbord-sidobord-terrassbord-for-tradgard-terrass-balkong-naturligt-tra-1.webp?fit=2000%2C2000&ssl=1\" \/>\n\t<meta property=\"og:image:width\" content=\"2000\" \/>\n\t<meta property=\"og:image:height\" content=\"2000\" \/>\n\t<meta property=\"og:image:type\" content=\"image\/webp\" \/>\n<meta name=\"twitter:card\" content=\"summary_large_image\" \/>\n<meta name=\"twitter:label1\" content=\"Ber\u00e4knad l\u00e4stid\" \/>\n\t<meta name=\"twitter:data1\" content=\"1 minut\" \/>\n<!-- \/ Yoast SEO plugin. -->","yoast_head_json":{"title":"TRUUSK Runt Tr\u00e4dg\u00e5rdsbord \u00d870 cm - V\u00e4derbest\u00e4ndigt Lamelldesign - St\u00e5l Matbord - Utomhus Camping Sidobord - Naturligt Tr\u00e4 - TRUUSK - Hem, Tr\u00e4dg\u00e5rd &amp; Fritid","robots":{"index":"index","follow":"follow","max-snippet":"max-snippet:-1","max-image-preview":"max-image-preview:large","max-video-preview":"max-video-preview:-1"},"canonical":"https:\/\/truusk.store\/sv\/produkt\/truusk-runt-tradgardsbord-o70-cm-vaderbestandigt-lamelldesign-stal-matbord-utomhus-camping-sidobord-naturligt-tra\/","og_locale":"sv_SE","og_type":"article","og_title":"TRUUSK Runt Tr\u00e4dg\u00e5rdsbord \u00d870 cm - V\u00e4derbest\u00e4ndigt Lamelldesign - St\u00e5l Matbord - Utomhus Camping Sidobord - Naturligt Tr\u00e4 - TRUUSK - Hem, Tr\u00e4dg\u00e5rd &amp; Fritid","og_description":"Upplev den stilfulla TRUUSK tr\u00e4dg\u00e5rdsbordet: robust och elegant. Med en 70 cm rund, tr\u00e4liknande yta och rundade kanter, erbjuder tr\u00e4dg\u00e5rdsbordet...","og_url":"https:\/\/truusk.store\/sv\/produkt\/truusk-runt-tradgardsbord-o70-cm-vaderbestandigt-lamelldesign-stal-matbord-utomhus-camping-sidobord-naturligt-tra\/","og_site_name":"TRUUSK - Hem, Tr\u00e4dg\u00e5rd &amp; Fritid","article_modified_time":"2026-03-12T07:42:10+00:00","og_image":[{"width":2000,"height":2000,"url":"https:\/\/i0.wp.com\/truusk.se\/wp-content\/uploads\/2025\/06\/tradgardsbord-o70-cm-vaderbestandigt-runt-balkongbord-med-lamelldesign-stal-matbord-utomhus-campingbord-sidobord-terrassbord-for-tradgard-terrass-balkong-naturligt-tra-1.webp?fit=2000%2C2000&ssl=1","type":"image\/webp"}],"twitter_card":"summary_large_image","twitter_misc":{"Ber\u00e4knad l\u00e4stid":"1 minut"},"schema":{"@context":"https:\/\/schema.org","@graph":[{"@type":"WebPage","@id":"https:\/\/truusk.store\/sv\/produkt\/truusk-runt-tradgardsbord-o70-cm-vaderbestandigt-lamelldesign-stal-matbord-utomhus-camping-sidobord-naturligt-tra\/","url":"https:\/\/truusk.store\/sv\/produkt\/truusk-runt-tradgardsbord-o70-cm-vaderbestandigt-lamelldesign-stal-matbord-utomhus-camping-sidobord-naturligt-tra\/","name":"TRUUSK Runt Tr\u00e4dg\u00e5rdsbord \u00d870 cm - V\u00e4derbest\u00e4ndigt Lamelldesign - St\u00e5l Matbord - Utomhus Camping Sidobord - Naturligt Tr\u00e4 - TRUUSK - Hem, Tr\u00e4dg\u00e5rd &amp; Fritid","isPartOf":{"@id":"https:\/\/truusk.store\/sv\/#website"},"primaryImageOfPage":{"@id":"https:\/\/truusk.store\/sv\/produkt\/truusk-runt-tradgardsbord-o70-cm-vaderbestandigt-lamelldesign-stal-matbord-utomhus-camping-sidobord-naturligt-tra\/#primaryimage"},"image":{"@id":"https:\/\/truusk.store\/sv\/produkt\/truusk-runt-tradgardsbord-o70-cm-vaderbestandigt-lamelldesign-stal-matbord-utomhus-camping-sidobord-naturligt-tra\/#primaryimage"},"thumbnailUrl":"https:\/\/i0.wp.com\/truusk.store\/wp-content\/uploads\/2025\/06\/tradgardsbord-o70-cm-vaderbestandigt-runt-balkongbord-med-lamelldesign-stal-matbord-utomhus-campingbord-sidobord-terrassbord-for-tradgard-terrass-balkong-naturligt-tra-1.webp?fit=2000%2C2000&ssl=1","datePublished":"2025-06-06T04:13:39+00:00","dateModified":"2026-03-12T07:42:10+00:00","breadcrumb":{"@id":"https:\/\/truusk.store\/sv\/produkt\/truusk-runt-tradgardsbord-o70-cm-vaderbestandigt-lamelldesign-stal-matbord-utomhus-camping-sidobord-naturligt-tra\/#breadcrumb"},"inLanguage":"sv-SE","potentialAction":[{"@type":"ReadAction","target":["https:\/\/truusk.store\/sv\/produkt\/truusk-runt-tradgardsbord-o70-cm-vaderbestandigt-lamelldesign-stal-matbord-utomhus-camping-sidobord-naturligt-tra\/"]}]},{"@type":"ImageObject","inLanguage":"sv-SE","@id":"https:\/\/truusk.store\/sv\/produkt\/truusk-runt-tradgardsbord-o70-cm-vaderbestandigt-lamelldesign-stal-matbord-utomhus-camping-sidobord-naturligt-tra\/#primaryimage","url":"https:\/\/i0.wp.com\/truusk.store\/wp-content\/uploads\/2025\/06\/tradgardsbord-o70-cm-vaderbestandigt-runt-balkongbord-med-lamelldesign-stal-matbord-utomhus-campingbord-sidobord-terrassbord-for-tradgard-terrass-balkong-naturligt-tra-1.webp?fit=2000%2C2000&ssl=1","contentUrl":"https:\/\/i0.wp.com\/truusk.store\/wp-content\/uploads\/2025\/06\/tradgardsbord-o70-cm-vaderbestandigt-runt-balkongbord-med-lamelldesign-stal-matbord-utomhus-campingbord-sidobord-terrassbord-for-tradgard-terrass-balkong-naturligt-tra-1.webp?fit=2000%2C2000&ssl=1","width":2000,"height":2000},{"@type":"BreadcrumbList","@id":"https:\/\/truusk.store\/sv\/produkt\/truusk-runt-tradgardsbord-o70-cm-vaderbestandigt-lamelldesign-stal-matbord-utomhus-camping-sidobord-naturligt-tra\/#breadcrumb","itemListElement":[{"@type":"ListItem","position":1,"name":"Home","item":"https:\/\/truusk.store\/sv\/"},{"@type":"ListItem","position":2,"name":"Shop","item":"https:\/\/truusk.store\/shop\/"},{"@type":"ListItem","position":3,"name":"TRUUSK Runt Tr\u00e4dg\u00e5rdsbord \u00d870 cm &#8211; V\u00e4derbest\u00e4ndigt Lamelldesign &#8211; St\u00e5l Matbord &#8211; Utomhus Camping Sidobord &#8211; Naturligt Tr\u00e4 &#8211;"}]},{"@type":"WebSite","@id":"https:\/\/truusk.store\/sv\/#website","url":"https:\/\/truusk.store\/sv\/","name":"TRUUSK - Hem, Tr\u00e4dg\u00e5rd & Fritid","description":"","publisher":{"@id":"https:\/\/truusk.store\/sv\/#organization"},"potentialAction":[{"@type":"SearchAction","target":{"@type":"EntryPoint","urlTemplate":"https:\/\/truusk.store\/sv\/?s={search_term_string}"},"query-input":{"@type":"PropertyValueSpecification","valueRequired":true,"valueName":"search_term_string"}}],"inLanguage":"sv-SE"},{"@type":"Organization","@id":"https:\/\/truusk.store\/sv\/#organization","name":"TRUUSK - Hem, Tr\u00e4dg\u00e5rd & Fritid","url":"https:\/\/truusk.store\/sv\/","logo":{"@type":"ImageObject","inLanguage":"sv-SE","@id":"https:\/\/truusk.store\/sv\/#\/schema\/logo\/image\/","url":"https:\/\/i0.wp.com\/truusk.store\/wp-content\/uploads\/2026\/03\/cropped-TRUUSK.png?fit=2032%2C917&ssl=1","contentUrl":"https:\/\/i0.wp.com\/truusk.store\/wp-content\/uploads\/2026\/03\/cropped-TRUUSK.png?fit=2032%2C917&ssl=1","width":2032,"height":917,"caption":"TRUUSK - Hem, Tr\u00e4dg\u00e5rd & Fritid"},"image":{"@id":"https:\/\/truusk.store\/sv\/#\/schema\/logo\/image\/"}}]}},"jetpack_sharing_enabled":true,"_links":{"self":[{"href":"https:\/\/truusk.store\/sv\/wp-json\/wp\/v2\/product\/76283","targetHints":{"allow":["GET"]}}],"collection":[{"href":"https:\/\/truusk.store\/sv\/wp-json\/wp\/v2\/product"}],"about":[{"href":"https:\/\/truusk.store\/sv\/wp-json\/wp\/v2\/types\/product"}],"wp:featuredmedia":[{"embeddable":true,"href":"https:\/\/truusk.store\/sv\/wp-json\/wp\/v2\/media\/76274"}],"wp:attachment":[{"href":"https:\/\/truusk.store\/sv\/wp-json\/wp\/v2\/media?parent=76283"}],"wp:term":[{"taxonomy":"product_brand","embeddable":true,"href":"https:\/\/truusk.store\/sv\/wp-json\/wp\/v2\/product_brand?post=76283"},{"taxonomy":"product_cat","embeddable":true,"href":"https:\/\/truusk.store\/sv\/wp-json\/wp\/v2\/product_cat?post=76283"},{"taxonomy":"product_tag","embeddable":true,"href":"https:\/\/truusk.store\/sv\/wp-json\/wp\/v2\/product_tag?post=76283"}],"curies":[{"name":"wp","href":"https:\/\/api.w.org\/{rel}","templated":true}]}}