{"id":76313,"date":"2025-06-06T05:16:55","date_gmt":"2025-06-06T04:16:55","guid":{"rendered":"https:\/\/truusk.store\/product\/gasgrill-12-kw-41-brannare-bbq-grillvagn-i-rostfritt-stal-inklusive-sidobrannare-termometer-grillgaller-kokplatta-flaskoppnare-sidobord-gasgrill-for-balkong-camping-135-x-55-x-103cm\/"},"modified":"2026-03-12T08:46:20","modified_gmt":"2026-03-12T07:46:20","slug":"truusk-gasolgrill-12-kw-41-brannare-bbq-grillvagn-i-rostfritt-stal-sidobrannare-termometer-grillgaller-kokplatta","status":"publish","type":"product","link":"https:\/\/truusk.store\/sv\/produkt\/truusk-gasolgrill-12-kw-41-brannare-bbq-grillvagn-i-rostfritt-stal-sidobrannare-termometer-grillgaller-kokplatta\/","title":{"rendered":"TRUUSK Gasolgrill 12 KW 4+1 Br\u00e4nnare &#8211; BBQ Grillvagn i Rostfritt St\u00e5l &#8211; Sidobr\u00e4nnare &#8211; Termometer &#8211; Grillgaller &#8211; Kokplatta &#8211;"},"content":{"rendered":"<p>Samlas med v\u00e4nner och familj och njut av l\u00e4ckra r\u00e4tter fr\u00e5n din egen grill. Gasgrillen har fem oberoende br\u00e4nnare med piezo-t\u00e4ndning f\u00f6r separat drift. Den stora grillplatsen erbjuder plats f\u00f6r mat f\u00f6r 6 till 12 personer. Reng\u00f6ringen \u00e4r en barnlek tack vare fettuppsamlingsbrickan. S\u00e4rskilt praktiskt \u00e4r den inbyggda flask\u00f6ppnaren. Med denna grillvagn blir din BBQ-fest en stor framg\u00e5ng. Starta nu med TRUUSK in i grill s\u00e4songen!<\/p>\n<p> Beskrivning:<\/p>\n<ul>\n<li> Kombination av 4 kraftfulla huvudbr\u00e4nnare, 1 sidkokare och en v\u00e4rmeh\u00e5llningsplatta<\/li>\n<li> Alla br\u00e4nnare p\u00e5 grillvagnen kan anv\u00e4ndas oberoende<\/li>\n<li> Stor grillplats med v\u00e4rmeh\u00e5llningsgaller<\/li>\n<li> En grilllock ing\u00e5r. Det m\u00f6jligg\u00f6r l\u00e5ngsam matlagning och utvecklar en trevlig r\u00f6kig smak<\/li>\n<li> En l\u00e4ttl\u00e4st termometer p\u00e5 gasgrillen visar innertemperaturen<\/li>\n<li> Sidbordet, den nedre hyllan, kryddhyllan och sidkrokarna erbjuder lagringsutrymme f\u00f6r dina grillkryddor och andra redskap<\/li>\n<li> Tack vare hjulen kan gasgrillen enkelt flyttas. Tv\u00e5 hjul kan l\u00e5sas<\/li>\n<li> Montering kr\u00e4vs. Regulator och slang ing\u00e5r och \u00e4r f\u00f6rinstallerade<\/li>\n<\/ul>\n<p> Tekniska data:<\/p>\n<ul>\n<li> F\u00e4rg: Svart+Silver<\/li>\n<li> Material: F\u00f6rzinkat st\u00e5l, rostfritt st\u00e5l<\/li>\n<li> Br\u00e4nsletyp: Flytande gas, propan<\/li>\n<li> Huvudbr\u00e4nnareffekt: 8000BTU, 2,5kW<\/li>\n<li> Sidbr\u00e4nnareffekt: 2 kW<\/li>\n<li> Total storlek: 135L x 55B x 103H cm<\/li>\n<li> Storlek p\u00e5 grillgallren: 42L x 33B cm (varje)<\/li>\n<li> V\u00e4rmeh\u00e5llningsgaller storlek: 68L x 13B cm<\/li>\n<li> Sidbord storlek: 43L x 32B cm<\/li>\n<li> Kryddhylla storlek: 63L x 8B x 12H cm<\/li>\n<li> Nedre hylla storlek: 63L x 42B cm<\/li>\n<li> Fettuppsamlingsbeh\u00e5llare storlek: \u00d87L x 6B cm<\/li>\n<li> Viktkapacitet: (Grillgaller) 10 kg, (nedre hylla) 20 kg, (sidbord) 5 kg<\/li>\n<\/ul>\n<p>Leverans inneh\u00e5ller:<\/p>\n<ul>\n<li> 1 x Gasgrill<\/li>\n<li> 1 x Handbok<\/li>\n<\/ul>\n","protected":false},"excerpt":{"rendered":"<p>Samlas med v\u00e4nner och familj och njut av l\u00e4ckra r\u00e4tter fr\u00e5n din egen grill. Gasgrillen har fem oberoende br\u00e4nnare med&#8230;<\/p>\n","protected":false},"featured_media":76304,"template":"","meta":[],"product_brand":[],"product_cat":[1043,440,858],"product_tag":[],"class_list":{"0":"post-76313","1":"product","2":"type-product","3":"status-publish","4":"has-post-thumbnail","6":"product_cat-grilla-varma","7":"product_cat-grillar","8":"product_cat-tradgard-terrass","10":"first","11":"instock","12":"sale","13":"taxable","14":"shipping-taxable","15":"purchasable","16":"product-type-simple"},"yoast_head":"<!-- This site is optimized with the Yoast SEO plugin v25.4 - https:\/\/yoast.com\/wordpress\/plugins\/seo\/ -->\n<title>TRUUSK Gasolgrill 12 KW 4+1 Br\u00e4nnare - BBQ Grillvagn i Rostfritt St\u00e5l - Sidobr\u00e4nnare - Termometer - Grillgaller - Kokplatta - TRUUSK - Hem, Tr\u00e4dg\u00e5rd &amp; Fritid<\/title>\n<meta name=\"robots\" content=\"index, follow, max-snippet:-1, max-image-preview:large, max-video-preview:-1\" \/>\n<link rel=\"canonical\" href=\"https:\/\/truusk.store\/sv\/produkt\/truusk-gasolgrill-12-kw-41-brannare-bbq-grillvagn-i-rostfritt-stal-sidobrannare-termometer-grillgaller-kokplatta\/\" \/>\n<meta property=\"og:locale\" content=\"sv_SE\" \/>\n<meta property=\"og:type\" content=\"article\" \/>\n<meta property=\"og:title\" content=\"TRUUSK Gasolgrill 12 KW 4+1 Br\u00e4nnare - BBQ Grillvagn i Rostfritt St\u00e5l - Sidobr\u00e4nnare - Termometer - Grillgaller - Kokplatta - TRUUSK - Hem, Tr\u00e4dg\u00e5rd &amp; Fritid\" \/>\n<meta property=\"og:description\" content=\"Samlas med v\u00e4nner och familj och njut av l\u00e4ckra r\u00e4tter fr\u00e5n din egen grill. Gasgrillen har fem oberoende br\u00e4nnare med...\" \/>\n<meta property=\"og:url\" content=\"https:\/\/truusk.store\/sv\/produkt\/truusk-gasolgrill-12-kw-41-brannare-bbq-grillvagn-i-rostfritt-stal-sidobrannare-termometer-grillgaller-kokplatta\/\" \/>\n<meta property=\"og:site_name\" content=\"TRUUSK - Hem, Tr\u00e4dg\u00e5rd &amp; Fritid\" \/>\n<meta property=\"article:modified_time\" content=\"2026-03-12T07:46:20+00:00\" \/>\n<meta property=\"og:image\" content=\"https:\/\/i0.wp.com\/truusk.se\/wp-content\/uploads\/2025\/06\/gasgrill-12-kw-41-brannare-bbq-grillvagn-i-rostfritt-stal-inklusive-sidobrannare-termometer-grillgaller-kokplatta-flaskoppnare-sidobord-gasgrill-for-balkong-camping-135-x-55-x-103cm-1.webp?fit=2000%2C2000&ssl=1\" \/>\n\t<meta property=\"og:image:width\" content=\"2000\" \/>\n\t<meta property=\"og:image:height\" content=\"2000\" \/>\n\t<meta property=\"og:image:type\" content=\"image\/webp\" \/>\n<meta name=\"twitter:card\" content=\"summary_large_image\" \/>\n<meta name=\"twitter:label1\" content=\"Ber\u00e4knad l\u00e4stid\" \/>\n\t<meta name=\"twitter:data1\" content=\"1 minut\" \/>\n<!-- \/ Yoast SEO plugin. -->","yoast_head_json":{"title":"TRUUSK Gasolgrill 12 KW 4+1 Br\u00e4nnare - BBQ Grillvagn i Rostfritt St\u00e5l - Sidobr\u00e4nnare - Termometer - Grillgaller - Kokplatta - TRUUSK - Hem, Tr\u00e4dg\u00e5rd &amp; Fritid","robots":{"index":"index","follow":"follow","max-snippet":"max-snippet:-1","max-image-preview":"max-image-preview:large","max-video-preview":"max-video-preview:-1"},"canonical":"https:\/\/truusk.store\/sv\/produkt\/truusk-gasolgrill-12-kw-41-brannare-bbq-grillvagn-i-rostfritt-stal-sidobrannare-termometer-grillgaller-kokplatta\/","og_locale":"sv_SE","og_type":"article","og_title":"TRUUSK Gasolgrill 12 KW 4+1 Br\u00e4nnare - BBQ Grillvagn i Rostfritt St\u00e5l - Sidobr\u00e4nnare - Termometer - Grillgaller - Kokplatta - TRUUSK - Hem, Tr\u00e4dg\u00e5rd &amp; Fritid","og_description":"Samlas med v\u00e4nner och familj och njut av l\u00e4ckra r\u00e4tter fr\u00e5n din egen grill. Gasgrillen har fem oberoende br\u00e4nnare med...","og_url":"https:\/\/truusk.store\/sv\/produkt\/truusk-gasolgrill-12-kw-41-brannare-bbq-grillvagn-i-rostfritt-stal-sidobrannare-termometer-grillgaller-kokplatta\/","og_site_name":"TRUUSK - Hem, Tr\u00e4dg\u00e5rd &amp; Fritid","article_modified_time":"2026-03-12T07:46:20+00:00","og_image":[{"width":2000,"height":2000,"url":"https:\/\/i0.wp.com\/truusk.se\/wp-content\/uploads\/2025\/06\/gasgrill-12-kw-41-brannare-bbq-grillvagn-i-rostfritt-stal-inklusive-sidobrannare-termometer-grillgaller-kokplatta-flaskoppnare-sidobord-gasgrill-for-balkong-camping-135-x-55-x-103cm-1.webp?fit=2000%2C2000&ssl=1","type":"image\/webp"}],"twitter_card":"summary_large_image","twitter_misc":{"Ber\u00e4knad l\u00e4stid":"1 minut"},"schema":{"@context":"https:\/\/schema.org","@graph":[{"@type":"WebPage","@id":"https:\/\/truusk.store\/sv\/produkt\/truusk-gasolgrill-12-kw-41-brannare-bbq-grillvagn-i-rostfritt-stal-sidobrannare-termometer-grillgaller-kokplatta\/","url":"https:\/\/truusk.store\/sv\/produkt\/truusk-gasolgrill-12-kw-41-brannare-bbq-grillvagn-i-rostfritt-stal-sidobrannare-termometer-grillgaller-kokplatta\/","name":"TRUUSK Gasolgrill 12 KW 4+1 Br\u00e4nnare - BBQ Grillvagn i Rostfritt St\u00e5l - Sidobr\u00e4nnare - Termometer - Grillgaller - Kokplatta - TRUUSK - Hem, Tr\u00e4dg\u00e5rd &amp; Fritid","isPartOf":{"@id":"https:\/\/truusk.store\/sv\/#website"},"primaryImageOfPage":{"@id":"https:\/\/truusk.store\/sv\/produkt\/truusk-gasolgrill-12-kw-41-brannare-bbq-grillvagn-i-rostfritt-stal-sidobrannare-termometer-grillgaller-kokplatta\/#primaryimage"},"image":{"@id":"https:\/\/truusk.store\/sv\/produkt\/truusk-gasolgrill-12-kw-41-brannare-bbq-grillvagn-i-rostfritt-stal-sidobrannare-termometer-grillgaller-kokplatta\/#primaryimage"},"thumbnailUrl":"https:\/\/i0.wp.com\/truusk.store\/wp-content\/uploads\/2025\/06\/gasgrill-12-kw-41-brannare-bbq-grillvagn-i-rostfritt-stal-inklusive-sidobrannare-termometer-grillgaller-kokplatta-flaskoppnare-sidobord-gasgrill-for-balkong-camping-135-x-55-x-103cm-1.webp?fit=2000%2C2000&ssl=1","datePublished":"2025-06-06T04:16:55+00:00","dateModified":"2026-03-12T07:46:20+00:00","breadcrumb":{"@id":"https:\/\/truusk.store\/sv\/produkt\/truusk-gasolgrill-12-kw-41-brannare-bbq-grillvagn-i-rostfritt-stal-sidobrannare-termometer-grillgaller-kokplatta\/#breadcrumb"},"inLanguage":"sv-SE","potentialAction":[{"@type":"ReadAction","target":["https:\/\/truusk.store\/sv\/produkt\/truusk-gasolgrill-12-kw-41-brannare-bbq-grillvagn-i-rostfritt-stal-sidobrannare-termometer-grillgaller-kokplatta\/"]}]},{"@type":"ImageObject","inLanguage":"sv-SE","@id":"https:\/\/truusk.store\/sv\/produkt\/truusk-gasolgrill-12-kw-41-brannare-bbq-grillvagn-i-rostfritt-stal-sidobrannare-termometer-grillgaller-kokplatta\/#primaryimage","url":"https:\/\/i0.wp.com\/truusk.store\/wp-content\/uploads\/2025\/06\/gasgrill-12-kw-41-brannare-bbq-grillvagn-i-rostfritt-stal-inklusive-sidobrannare-termometer-grillgaller-kokplatta-flaskoppnare-sidobord-gasgrill-for-balkong-camping-135-x-55-x-103cm-1.webp?fit=2000%2C2000&ssl=1","contentUrl":"https:\/\/i0.wp.com\/truusk.store\/wp-content\/uploads\/2025\/06\/gasgrill-12-kw-41-brannare-bbq-grillvagn-i-rostfritt-stal-inklusive-sidobrannare-termometer-grillgaller-kokplatta-flaskoppnare-sidobord-gasgrill-for-balkong-camping-135-x-55-x-103cm-1.webp?fit=2000%2C2000&ssl=1","width":2000,"height":2000},{"@type":"BreadcrumbList","@id":"https:\/\/truusk.store\/sv\/produkt\/truusk-gasolgrill-12-kw-41-brannare-bbq-grillvagn-i-rostfritt-stal-sidobrannare-termometer-grillgaller-kokplatta\/#breadcrumb","itemListElement":[{"@type":"ListItem","position":1,"name":"Home","item":"https:\/\/truusk.store\/sv\/"},{"@type":"ListItem","position":2,"name":"Shop","item":"https:\/\/truusk.store\/shop\/"},{"@type":"ListItem","position":3,"name":"TRUUSK Gasolgrill 12 KW 4+1 Br\u00e4nnare &#8211; BBQ Grillvagn i Rostfritt St\u00e5l &#8211; Sidobr\u00e4nnare &#8211; Termometer &#8211; Grillgaller &#8211; Kokplatta &#8211;"}]},{"@type":"WebSite","@id":"https:\/\/truusk.store\/sv\/#website","url":"https:\/\/truusk.store\/sv\/","name":"TRUUSK - Hem, Tr\u00e4dg\u00e5rd & Fritid","description":"","publisher":{"@id":"https:\/\/truusk.store\/sv\/#organization"},"potentialAction":[{"@type":"SearchAction","target":{"@type":"EntryPoint","urlTemplate":"https:\/\/truusk.store\/sv\/?s={search_term_string}"},"query-input":{"@type":"PropertyValueSpecification","valueRequired":true,"valueName":"search_term_string"}}],"inLanguage":"sv-SE"},{"@type":"Organization","@id":"https:\/\/truusk.store\/sv\/#organization","name":"TRUUSK - Hem, Tr\u00e4dg\u00e5rd & Fritid","url":"https:\/\/truusk.store\/sv\/","logo":{"@type":"ImageObject","inLanguage":"sv-SE","@id":"https:\/\/truusk.store\/sv\/#\/schema\/logo\/image\/","url":"https:\/\/i0.wp.com\/truusk.store\/wp-content\/uploads\/2026\/03\/cropped-TRUUSK.png?fit=2032%2C917&ssl=1","contentUrl":"https:\/\/i0.wp.com\/truusk.store\/wp-content\/uploads\/2026\/03\/cropped-TRUUSK.png?fit=2032%2C917&ssl=1","width":2032,"height":917,"caption":"TRUUSK - Hem, Tr\u00e4dg\u00e5rd & Fritid"},"image":{"@id":"https:\/\/truusk.store\/sv\/#\/schema\/logo\/image\/"}}]}},"jetpack_sharing_enabled":true,"_links":{"self":[{"href":"https:\/\/truusk.store\/sv\/wp-json\/wp\/v2\/product\/76313","targetHints":{"allow":["GET"]}}],"collection":[{"href":"https:\/\/truusk.store\/sv\/wp-json\/wp\/v2\/product"}],"about":[{"href":"https:\/\/truusk.store\/sv\/wp-json\/wp\/v2\/types\/product"}],"wp:featuredmedia":[{"embeddable":true,"href":"https:\/\/truusk.store\/sv\/wp-json\/wp\/v2\/media\/76304"}],"wp:attachment":[{"href":"https:\/\/truusk.store\/sv\/wp-json\/wp\/v2\/media?parent=76313"}],"wp:term":[{"taxonomy":"product_brand","embeddable":true,"href":"https:\/\/truusk.store\/sv\/wp-json\/wp\/v2\/product_brand?post=76313"},{"taxonomy":"product_cat","embeddable":true,"href":"https:\/\/truusk.store\/sv\/wp-json\/wp\/v2\/product_cat?post=76313"},{"taxonomy":"product_tag","embeddable":true,"href":"https:\/\/truusk.store\/sv\/wp-json\/wp\/v2\/product_tag?post=76313"}],"curies":[{"name":"wp","href":"https:\/\/api.w.org\/{rel}","templated":true}]}}