{"id":76333,"date":"2025-06-06T05:18:40","date_gmt":"2025-06-06T04:18:40","guid":{"rendered":"https:\/\/truusk.store\/product\/utomhusbord-utbyggbart-matbord-for-6-8-personer-160-240-x-90cm-aluminium-balkongbord-med-trautseende-vaderbestandigt-terrassbord-utomhus-buffebord-for-tradgard-terrass-balkong-gra\/"},"modified":"2026-03-12T08:40:21","modified_gmt":"2026-03-12T07:40:21","slug":"truusk-utbyggbart-utomhusbord-for-6-8-personer-aluminium-vaderbestandigt-160-240-x-90cm-gra","status":"publish","type":"product","link":"https:\/\/truusk.store\/sv\/produkt\/truusk-utbyggbart-utomhusbord-for-6-8-personer-aluminium-vaderbestandigt-160-240-x-90cm-gra\/","title":{"rendered":"TRUUSK Utbyggbart Utomhusbord f\u00f6r 6-8 Personer &#8211; Aluminium &#8211; V\u00e4derbest\u00e4ndigt &#8211; 160\/240 x 90cm &#8211; Gr\u00e5"},"content":{"rendered":"<p>Upplev stilfull och funktionell utomhusmatning med det v\u00e4derbest\u00e4ndiga utdragbara tr\u00e4dg\u00e5rdsbordet fr\u00e5n TRUUSK. Detta tr\u00e4dg\u00e5rdsbord rymmer 6-8 personer, har eleganta aluminiumkanter och robusta st\u00e5lben. Bordsskivan med tr\u00e4utseende \u00e4r l\u00e4tt att reng\u00f6ra och ser fantastisk ut. Justerbara fotlock p\u00e5 terrassbordet garanterar stabilitet p\u00e5 alla underlag. Omforma din utomhusmatningsupplevelse!<\/p>\n<p>Beskrivning:<\/p>\n<ul>\n<li> Terrassbordets utdragbara funktion rymmer 6-8 personer vid sammankomster<\/li>\n<li> Aluminiumkanter och st\u00e5lben p\u00e5 tr\u00e4dg\u00e5rdsbordet \u00f6kar h\u00e5llbarheten<\/li>\n<li> Pulverlackerad yta l\u00e4gger till ett elegant, skyddande lager<\/li>\n<li> DPC-yta imiterar tr\u00e4korn och kombinerar sk\u00f6nhet med enkel v\u00e5rd<\/li>\n<li> Justerbara fotlock stabiliserar tr\u00e4dg\u00e5rdsbordet p\u00e5 oj\u00e4mna ytor<\/li>\n<li> Montering kr\u00e4vs<\/li>\n<\/ul>\n<p> Tekniska data:<\/p>\n<ul>\n<li> F\u00e4rg: Gr\u00e5<\/li>\n<li> Material: Aluminium, st\u00e5l, plast<\/li>\n<li> Totala dimensioner: 160\/240L x 90B x 74H cm<\/li>\n<li> Maximal belastning: 70 kg<\/li>\n<\/ul>\n<p>Leveransinneh\u00e5ll:<\/p>\n<ul>\n<li> 1 x Bord<\/li>\n<li> 1 x Bruksanvisning<\/li>\n<li>VIKTIGT:Vi levererar artikeln till dig kostnadsfritt till trottoarkanten. Var v\u00e4nlig och se till att adressen och telefonnumret \u00e4r korrekt..<\/li>\n<\/ul>\n","protected":false},"excerpt":{"rendered":"<p>Upplev stilfull och funktionell utomhusmatning med det v\u00e4derbest\u00e4ndiga utdragbara tr\u00e4dg\u00e5rdsbordet fr\u00e5n TRUUSK. Detta tr\u00e4dg\u00e5rdsbord rymmer 6-8 personer, har eleganta aluminiumkanter&#8230;<\/p>\n","protected":false},"featured_media":76323,"template":"","meta":[],"product_brand":[],"product_cat":[858,457,450],"product_tag":[],"class_list":{"0":"post-76333","1":"product","2":"type-product","3":"status-publish","4":"has-post-thumbnail","6":"product_cat-tradgard-terrass","7":"product_cat-tradgardsbord","8":"product_cat-tradgardsmobler","10":"first","11":"instock","12":"sale","13":"taxable","14":"shipping-taxable","15":"purchasable","16":"product-type-simple"},"yoast_head":"<!-- This site is optimized with the Yoast SEO plugin v25.4 - https:\/\/yoast.com\/wordpress\/plugins\/seo\/ -->\n<title>TRUUSK Utbyggbart Utomhusbord f\u00f6r 6-8 Personer - Aluminium - V\u00e4derbest\u00e4ndigt - 160\/240 x 90cm - Gr\u00e5 - TRUUSK - Hem, Tr\u00e4dg\u00e5rd &amp; Fritid<\/title>\n<meta name=\"robots\" content=\"index, follow, max-snippet:-1, max-image-preview:large, max-video-preview:-1\" \/>\n<link rel=\"canonical\" href=\"https:\/\/truusk.store\/sv\/produkt\/truusk-utbyggbart-utomhusbord-for-6-8-personer-aluminium-vaderbestandigt-160-240-x-90cm-gra\/\" \/>\n<meta property=\"og:locale\" content=\"sv_SE\" \/>\n<meta property=\"og:type\" content=\"article\" \/>\n<meta property=\"og:title\" content=\"TRUUSK Utbyggbart Utomhusbord f\u00f6r 6-8 Personer - Aluminium - V\u00e4derbest\u00e4ndigt - 160\/240 x 90cm - Gr\u00e5 - TRUUSK - Hem, Tr\u00e4dg\u00e5rd &amp; Fritid\" \/>\n<meta property=\"og:description\" content=\"Upplev stilfull och funktionell utomhusmatning med det v\u00e4derbest\u00e4ndiga utdragbara tr\u00e4dg\u00e5rdsbordet fr\u00e5n TRUUSK. Detta tr\u00e4dg\u00e5rdsbord rymmer 6-8 personer, har eleganta aluminiumkanter...\" \/>\n<meta property=\"og:url\" content=\"https:\/\/truusk.store\/sv\/produkt\/truusk-utbyggbart-utomhusbord-for-6-8-personer-aluminium-vaderbestandigt-160-240-x-90cm-gra\/\" \/>\n<meta property=\"og:site_name\" content=\"TRUUSK - Hem, Tr\u00e4dg\u00e5rd &amp; Fritid\" \/>\n<meta property=\"article:modified_time\" content=\"2026-03-12T07:40:21+00:00\" \/>\n<meta property=\"og:image\" content=\"https:\/\/i0.wp.com\/truusk.se\/wp-content\/uploads\/2025\/06\/utomhusbord-utbyggbart-matbord-for-6-8-personer-160-240-x-90cm-aluminium-balkongbord-med-trautseende-vaderbestandigt-terrassbord-utomhus-buffebord-for-tradgard-terrass-balkong-gra-1.webp?fit=2000%2C2000&ssl=1\" \/>\n\t<meta property=\"og:image:width\" content=\"2000\" \/>\n\t<meta property=\"og:image:height\" content=\"2000\" \/>\n\t<meta property=\"og:image:type\" content=\"image\/webp\" \/>\n<meta name=\"twitter:card\" content=\"summary_large_image\" \/>\n<meta name=\"twitter:label1\" content=\"Ber\u00e4knad l\u00e4stid\" \/>\n\t<meta name=\"twitter:data1\" content=\"1 minut\" \/>\n<!-- \/ Yoast SEO plugin. -->","yoast_head_json":{"title":"TRUUSK Utbyggbart Utomhusbord f\u00f6r 6-8 Personer - Aluminium - V\u00e4derbest\u00e4ndigt - 160\/240 x 90cm - Gr\u00e5 - TRUUSK - Hem, Tr\u00e4dg\u00e5rd &amp; Fritid","robots":{"index":"index","follow":"follow","max-snippet":"max-snippet:-1","max-image-preview":"max-image-preview:large","max-video-preview":"max-video-preview:-1"},"canonical":"https:\/\/truusk.store\/sv\/produkt\/truusk-utbyggbart-utomhusbord-for-6-8-personer-aluminium-vaderbestandigt-160-240-x-90cm-gra\/","og_locale":"sv_SE","og_type":"article","og_title":"TRUUSK Utbyggbart Utomhusbord f\u00f6r 6-8 Personer - Aluminium - V\u00e4derbest\u00e4ndigt - 160\/240 x 90cm - Gr\u00e5 - TRUUSK - Hem, Tr\u00e4dg\u00e5rd &amp; Fritid","og_description":"Upplev stilfull och funktionell utomhusmatning med det v\u00e4derbest\u00e4ndiga utdragbara tr\u00e4dg\u00e5rdsbordet fr\u00e5n TRUUSK. Detta tr\u00e4dg\u00e5rdsbord rymmer 6-8 personer, har eleganta aluminiumkanter...","og_url":"https:\/\/truusk.store\/sv\/produkt\/truusk-utbyggbart-utomhusbord-for-6-8-personer-aluminium-vaderbestandigt-160-240-x-90cm-gra\/","og_site_name":"TRUUSK - Hem, Tr\u00e4dg\u00e5rd &amp; Fritid","article_modified_time":"2026-03-12T07:40:21+00:00","og_image":[{"width":2000,"height":2000,"url":"https:\/\/i0.wp.com\/truusk.se\/wp-content\/uploads\/2025\/06\/utomhusbord-utbyggbart-matbord-for-6-8-personer-160-240-x-90cm-aluminium-balkongbord-med-trautseende-vaderbestandigt-terrassbord-utomhus-buffebord-for-tradgard-terrass-balkong-gra-1.webp?fit=2000%2C2000&ssl=1","type":"image\/webp"}],"twitter_card":"summary_large_image","twitter_misc":{"Ber\u00e4knad l\u00e4stid":"1 minut"},"schema":{"@context":"https:\/\/schema.org","@graph":[{"@type":"WebPage","@id":"https:\/\/truusk.store\/sv\/produkt\/truusk-utbyggbart-utomhusbord-for-6-8-personer-aluminium-vaderbestandigt-160-240-x-90cm-gra\/","url":"https:\/\/truusk.store\/sv\/produkt\/truusk-utbyggbart-utomhusbord-for-6-8-personer-aluminium-vaderbestandigt-160-240-x-90cm-gra\/","name":"TRUUSK Utbyggbart Utomhusbord f\u00f6r 6-8 Personer - Aluminium - V\u00e4derbest\u00e4ndigt - 160\/240 x 90cm - Gr\u00e5 - TRUUSK - Hem, Tr\u00e4dg\u00e5rd &amp; Fritid","isPartOf":{"@id":"https:\/\/truusk.store\/sv\/#website"},"primaryImageOfPage":{"@id":"https:\/\/truusk.store\/sv\/produkt\/truusk-utbyggbart-utomhusbord-for-6-8-personer-aluminium-vaderbestandigt-160-240-x-90cm-gra\/#primaryimage"},"image":{"@id":"https:\/\/truusk.store\/sv\/produkt\/truusk-utbyggbart-utomhusbord-for-6-8-personer-aluminium-vaderbestandigt-160-240-x-90cm-gra\/#primaryimage"},"thumbnailUrl":"https:\/\/i0.wp.com\/truusk.store\/wp-content\/uploads\/2025\/06\/utomhusbord-utbyggbart-matbord-for-6-8-personer-160-240-x-90cm-aluminium-balkongbord-med-trautseende-vaderbestandigt-terrassbord-utomhus-buffebord-for-tradgard-terrass-balkong-gra-1.webp?fit=2000%2C2000&ssl=1","datePublished":"2025-06-06T04:18:40+00:00","dateModified":"2026-03-12T07:40:21+00:00","breadcrumb":{"@id":"https:\/\/truusk.store\/sv\/produkt\/truusk-utbyggbart-utomhusbord-for-6-8-personer-aluminium-vaderbestandigt-160-240-x-90cm-gra\/#breadcrumb"},"inLanguage":"sv-SE","potentialAction":[{"@type":"ReadAction","target":["https:\/\/truusk.store\/sv\/produkt\/truusk-utbyggbart-utomhusbord-for-6-8-personer-aluminium-vaderbestandigt-160-240-x-90cm-gra\/"]}]},{"@type":"ImageObject","inLanguage":"sv-SE","@id":"https:\/\/truusk.store\/sv\/produkt\/truusk-utbyggbart-utomhusbord-for-6-8-personer-aluminium-vaderbestandigt-160-240-x-90cm-gra\/#primaryimage","url":"https:\/\/i0.wp.com\/truusk.store\/wp-content\/uploads\/2025\/06\/utomhusbord-utbyggbart-matbord-for-6-8-personer-160-240-x-90cm-aluminium-balkongbord-med-trautseende-vaderbestandigt-terrassbord-utomhus-buffebord-for-tradgard-terrass-balkong-gra-1.webp?fit=2000%2C2000&ssl=1","contentUrl":"https:\/\/i0.wp.com\/truusk.store\/wp-content\/uploads\/2025\/06\/utomhusbord-utbyggbart-matbord-for-6-8-personer-160-240-x-90cm-aluminium-balkongbord-med-trautseende-vaderbestandigt-terrassbord-utomhus-buffebord-for-tradgard-terrass-balkong-gra-1.webp?fit=2000%2C2000&ssl=1","width":2000,"height":2000},{"@type":"BreadcrumbList","@id":"https:\/\/truusk.store\/sv\/produkt\/truusk-utbyggbart-utomhusbord-for-6-8-personer-aluminium-vaderbestandigt-160-240-x-90cm-gra\/#breadcrumb","itemListElement":[{"@type":"ListItem","position":1,"name":"Home","item":"https:\/\/truusk.store\/sv\/"},{"@type":"ListItem","position":2,"name":"Shop","item":"https:\/\/truusk.store\/shop\/"},{"@type":"ListItem","position":3,"name":"TRUUSK Utbyggbart Utomhusbord f\u00f6r 6-8 Personer &#8211; Aluminium &#8211; V\u00e4derbest\u00e4ndigt &#8211; 160\/240 x 90cm &#8211; Gr\u00e5"}]},{"@type":"WebSite","@id":"https:\/\/truusk.store\/sv\/#website","url":"https:\/\/truusk.store\/sv\/","name":"TRUUSK - Hem, Tr\u00e4dg\u00e5rd & Fritid","description":"","publisher":{"@id":"https:\/\/truusk.store\/sv\/#organization"},"potentialAction":[{"@type":"SearchAction","target":{"@type":"EntryPoint","urlTemplate":"https:\/\/truusk.store\/sv\/?s={search_term_string}"},"query-input":{"@type":"PropertyValueSpecification","valueRequired":true,"valueName":"search_term_string"}}],"inLanguage":"sv-SE"},{"@type":"Organization","@id":"https:\/\/truusk.store\/sv\/#organization","name":"TRUUSK - Hem, Tr\u00e4dg\u00e5rd & Fritid","url":"https:\/\/truusk.store\/sv\/","logo":{"@type":"ImageObject","inLanguage":"sv-SE","@id":"https:\/\/truusk.store\/sv\/#\/schema\/logo\/image\/","url":"https:\/\/i0.wp.com\/truusk.store\/wp-content\/uploads\/2026\/03\/cropped-TRUUSK.png?fit=2032%2C917&ssl=1","contentUrl":"https:\/\/i0.wp.com\/truusk.store\/wp-content\/uploads\/2026\/03\/cropped-TRUUSK.png?fit=2032%2C917&ssl=1","width":2032,"height":917,"caption":"TRUUSK - Hem, Tr\u00e4dg\u00e5rd & Fritid"},"image":{"@id":"https:\/\/truusk.store\/sv\/#\/schema\/logo\/image\/"}}]}},"jetpack_sharing_enabled":true,"_links":{"self":[{"href":"https:\/\/truusk.store\/sv\/wp-json\/wp\/v2\/product\/76333","targetHints":{"allow":["GET"]}}],"collection":[{"href":"https:\/\/truusk.store\/sv\/wp-json\/wp\/v2\/product"}],"about":[{"href":"https:\/\/truusk.store\/sv\/wp-json\/wp\/v2\/types\/product"}],"wp:featuredmedia":[{"embeddable":true,"href":"https:\/\/truusk.store\/sv\/wp-json\/wp\/v2\/media\/76323"}],"wp:attachment":[{"href":"https:\/\/truusk.store\/sv\/wp-json\/wp\/v2\/media?parent=76333"}],"wp:term":[{"taxonomy":"product_brand","embeddable":true,"href":"https:\/\/truusk.store\/sv\/wp-json\/wp\/v2\/product_brand?post=76333"},{"taxonomy":"product_cat","embeddable":true,"href":"https:\/\/truusk.store\/sv\/wp-json\/wp\/v2\/product_cat?post=76333"},{"taxonomy":"product_tag","embeddable":true,"href":"https:\/\/truusk.store\/sv\/wp-json\/wp\/v2\/product_tag?post=76333"}],"curies":[{"name":"wp","href":"https:\/\/api.w.org\/{rel}","templated":true}]}}