{"id":76343,"date":"2025-06-06T05:19:51","date_gmt":"2025-06-06T04:19:51","guid":{"rendered":"https:\/\/truusk.store\/product\/hundvagn-jogger-hopfallbar-for-sma-hundar-katter-upp-till-10-kg-kattvagn-med-3-stora-gummihjul-kudde-nat-fonster-forvaringskorg-kattvagn-med-sakerhetslinor-gra\/"},"modified":"2026-03-12T09:40:29","modified_gmt":"2026-03-12T08:40:29","slug":"truusk-hundvagn-jogger-hopfallbar-for-sma-hundar-katter-upp-till-10-kg-3-stora-gummihjul-kudde-nat-fonster-2","status":"publish","type":"product","link":"https:\/\/truusk.store\/sv\/produkt\/truusk-hundvagn-jogger-hopfallbar-for-sma-hundar-katter-upp-till-10-kg-3-stora-gummihjul-kudde-nat-fonster-2\/","title":{"rendered":"TRUUSK Hundvagn Jogger &#8211; Hopf\u00e4llbar f\u00f6r Sm\u00e5 Hundar &amp; Katter &#8211; Upp till 10 kg &#8211; 3 Stora Gummihjul &#8211; Kudde &#8211; N\u00e4t F\u00f6nster &#8211;"},"content":{"rendered":"<p>Upplev utomhusskoj med din fyrbenta v\u00e4n i TRUUSK hundvagn! Hundvagnen erbjuder gott om utrymme f\u00f6r avkoppling och med de robusta uppbl\u00e5sbara gummihjulen klarar du alla terr\u00e4nger med l\u00e4tthet. Hundvagnens enklicksfalldesign g\u00f6r ocks\u00e5 att den snabbt kan stuvas undan. Perfekt f\u00f6r sm\u00e5 hundar som vill uppt\u00e4cka v\u00e4rlden med stil och komfort!<\/p>\n<p>Beskrivning:<\/p>\n<ul>\n<li> L\u00e4mplig f\u00f6r promenader och jogging<\/li>\n<li> Rymlig kabin i hundvagnen g\u00f6r att husdjur kan sitta eller ligga bekv\u00e4mt<\/li>\n<li> Uppbl\u00e5sbara gummihjul p\u00e5 hundvagnen ger stabila resor p\u00e5 de flesta v\u00e4gar<\/li>\n<li> Framhjulen p\u00e5 kattvagnen kan l\u00e5sas och bakhjulen har bromsar f\u00f6r s\u00e4kerhet<\/li>\n<li> Enklicksfalldesign underl\u00e4ttar transport och lagring<\/li>\n<li> 600D Oxford-tyg med tv\u00e4ttbar kudde \u00f6kar komforten<\/li>\n<li> Upprullbart tak ger vindskydd och v\u00e4rme<\/li>\n<li> Inkluderar f\u00f6rvaringsutrymme f\u00f6r djurtillbeh\u00f6r och personliga f\u00f6rem\u00e5l<\/li>\n<\/ul>\n<p> Tekniska data:<\/p>\n<ul>\n<li> F\u00e4rg: Gr\u00e5+Svart<\/li>\n<li> Material: Oxford-tyg, St\u00e5l<\/li>\n<li> Totala dimensioner: 100L x 58B x 100H cm<\/li>\n<li> Kabinstorlek: 59L x 38B x 55\/23H cm (med\/utan tak)<\/li>\n<li> Framf\u00f6nster: 21B x 14H cm<\/li>\n<li> Bakf\u00f6nster: 35B x 22H cm<\/li>\n<li> \u00d6verf\u00f6nster: 19B x 13H cm<\/li>\n<li> F\u00f6rvaringsv\u00e4ska: 12B x 12H cm<\/li>\n<li> F\u00f6rvaringskorg: 38L x 29B x 25H cm<\/li>\n<li> Hopf\u00e4llbar storlek: 100L x 58B x 40H cm (med hjul)<\/li>\n<li> Hopf\u00e4llbar storlek: 88L x 45B x 31H cm (utan hjul)<\/li>\n<li> S\u00e4kerhetslina: 28-53L cm<\/li>\n<li> Kudde: 56L x 35B x 2T cm<\/li>\n<li> Hjul: \u00d810 tum (fram), \u00d816 tum (bak)<\/li>\n<li> Obs: L\u00e4mplig f\u00f6r sm\u00e5 hundar upp till 10 kg vikt och 39 cm l\u00e4ngd<\/li>\n<\/ul>\n<p>Leveransinneh\u00e5ll:<\/p>\n<ul>\n<li> 1 x Hundvagn<\/li>\n<li> 1 x Bruksanvisning<\/li>\n<\/ul>\n","protected":false},"excerpt":{"rendered":"<p>Upplev utomhusskoj med din fyrbenta v\u00e4n i TRUUSK hundvagn! Hundvagnen erbjuder gott om utrymme f\u00f6r avkoppling och med de robusta&#8230;<\/p>\n","protected":false},"featured_media":76334,"template":"","meta":[],"product_brand":[],"product_cat":[895,574,579],"product_tag":[],"class_list":{"0":"post-76343","1":"product","2":"type-product","3":"status-publish","4":"has-post-thumbnail","6":"product_cat-djurutrustning","7":"product_cat-hundtillbehor","8":"product_cat-hundvagn","10":"first","11":"instock","12":"sale","13":"taxable","14":"shipping-taxable","15":"purchasable","16":"product-type-simple"},"yoast_head":"<!-- This site is optimized with the Yoast SEO plugin v25.4 - https:\/\/yoast.com\/wordpress\/plugins\/seo\/ -->\n<title>TRUUSK Hundvagn Jogger - Hopf\u00e4llbar f\u00f6r Sm\u00e5 Hundar &amp; Katter - Upp till 10 kg - 3 Stora Gummihjul - Kudde - N\u00e4t F\u00f6nster - TRUUSK - Hem, Tr\u00e4dg\u00e5rd &amp; Fritid<\/title>\n<meta name=\"robots\" content=\"index, follow, max-snippet:-1, max-image-preview:large, max-video-preview:-1\" \/>\n<link rel=\"canonical\" href=\"https:\/\/truusk.store\/sv\/produkt\/truusk-hundvagn-jogger-hopfallbar-for-sma-hundar-katter-upp-till-10-kg-3-stora-gummihjul-kudde-nat-fonster-2\/\" \/>\n<meta property=\"og:locale\" content=\"sv_SE\" \/>\n<meta property=\"og:type\" content=\"article\" \/>\n<meta property=\"og:title\" content=\"TRUUSK Hundvagn Jogger - Hopf\u00e4llbar f\u00f6r Sm\u00e5 Hundar &amp; Katter - Upp till 10 kg - 3 Stora Gummihjul - Kudde - N\u00e4t F\u00f6nster - TRUUSK - Hem, Tr\u00e4dg\u00e5rd &amp; Fritid\" \/>\n<meta property=\"og:description\" content=\"Upplev utomhusskoj med din fyrbenta v\u00e4n i TRUUSK hundvagn! Hundvagnen erbjuder gott om utrymme f\u00f6r avkoppling och med de robusta...\" \/>\n<meta property=\"og:url\" content=\"https:\/\/truusk.store\/sv\/produkt\/truusk-hundvagn-jogger-hopfallbar-for-sma-hundar-katter-upp-till-10-kg-3-stora-gummihjul-kudde-nat-fonster-2\/\" \/>\n<meta property=\"og:site_name\" content=\"TRUUSK - Hem, Tr\u00e4dg\u00e5rd &amp; Fritid\" \/>\n<meta property=\"article:modified_time\" content=\"2026-03-12T08:40:29+00:00\" \/>\n<meta property=\"og:image\" content=\"https:\/\/i0.wp.com\/truusk.se\/wp-content\/uploads\/2025\/06\/hundvagn-jogger-hopfallbar-for-sma-hundar-katter-upp-till-10-kg-kattvagn-med-3-stora-gummihjul-kudde-nat-fonster-forvaringskorg-kattvagn-med-sakerhetslinor-gra-1.webp?fit=2000%2C2000&ssl=1\" \/>\n\t<meta property=\"og:image:width\" content=\"2000\" \/>\n\t<meta property=\"og:image:height\" content=\"2000\" \/>\n\t<meta property=\"og:image:type\" content=\"image\/webp\" \/>\n<meta name=\"twitter:card\" content=\"summary_large_image\" \/>\n<meta name=\"twitter:label1\" content=\"Ber\u00e4knad l\u00e4stid\" \/>\n\t<meta name=\"twitter:data1\" content=\"1 minut\" \/>\n<!-- \/ Yoast SEO plugin. -->","yoast_head_json":{"title":"TRUUSK Hundvagn Jogger - Hopf\u00e4llbar f\u00f6r Sm\u00e5 Hundar &amp; Katter - Upp till 10 kg - 3 Stora Gummihjul - Kudde - N\u00e4t F\u00f6nster - TRUUSK - Hem, Tr\u00e4dg\u00e5rd &amp; Fritid","robots":{"index":"index","follow":"follow","max-snippet":"max-snippet:-1","max-image-preview":"max-image-preview:large","max-video-preview":"max-video-preview:-1"},"canonical":"https:\/\/truusk.store\/sv\/produkt\/truusk-hundvagn-jogger-hopfallbar-for-sma-hundar-katter-upp-till-10-kg-3-stora-gummihjul-kudde-nat-fonster-2\/","og_locale":"sv_SE","og_type":"article","og_title":"TRUUSK Hundvagn Jogger - Hopf\u00e4llbar f\u00f6r Sm\u00e5 Hundar &amp; Katter - Upp till 10 kg - 3 Stora Gummihjul - Kudde - N\u00e4t F\u00f6nster - TRUUSK - Hem, Tr\u00e4dg\u00e5rd &amp; Fritid","og_description":"Upplev utomhusskoj med din fyrbenta v\u00e4n i TRUUSK hundvagn! Hundvagnen erbjuder gott om utrymme f\u00f6r avkoppling och med de robusta...","og_url":"https:\/\/truusk.store\/sv\/produkt\/truusk-hundvagn-jogger-hopfallbar-for-sma-hundar-katter-upp-till-10-kg-3-stora-gummihjul-kudde-nat-fonster-2\/","og_site_name":"TRUUSK - Hem, Tr\u00e4dg\u00e5rd &amp; Fritid","article_modified_time":"2026-03-12T08:40:29+00:00","og_image":[{"width":2000,"height":2000,"url":"https:\/\/i0.wp.com\/truusk.se\/wp-content\/uploads\/2025\/06\/hundvagn-jogger-hopfallbar-for-sma-hundar-katter-upp-till-10-kg-kattvagn-med-3-stora-gummihjul-kudde-nat-fonster-forvaringskorg-kattvagn-med-sakerhetslinor-gra-1.webp?fit=2000%2C2000&ssl=1","type":"image\/webp"}],"twitter_card":"summary_large_image","twitter_misc":{"Ber\u00e4knad l\u00e4stid":"1 minut"},"schema":{"@context":"https:\/\/schema.org","@graph":[{"@type":"WebPage","@id":"https:\/\/truusk.store\/sv\/produkt\/truusk-hundvagn-jogger-hopfallbar-for-sma-hundar-katter-upp-till-10-kg-3-stora-gummihjul-kudde-nat-fonster-2\/","url":"https:\/\/truusk.store\/sv\/produkt\/truusk-hundvagn-jogger-hopfallbar-for-sma-hundar-katter-upp-till-10-kg-3-stora-gummihjul-kudde-nat-fonster-2\/","name":"TRUUSK Hundvagn Jogger - Hopf\u00e4llbar f\u00f6r Sm\u00e5 Hundar &amp; Katter - Upp till 10 kg - 3 Stora Gummihjul - Kudde - N\u00e4t F\u00f6nster - TRUUSK - Hem, Tr\u00e4dg\u00e5rd &amp; Fritid","isPartOf":{"@id":"https:\/\/truusk.store\/sv\/#website"},"primaryImageOfPage":{"@id":"https:\/\/truusk.store\/sv\/produkt\/truusk-hundvagn-jogger-hopfallbar-for-sma-hundar-katter-upp-till-10-kg-3-stora-gummihjul-kudde-nat-fonster-2\/#primaryimage"},"image":{"@id":"https:\/\/truusk.store\/sv\/produkt\/truusk-hundvagn-jogger-hopfallbar-for-sma-hundar-katter-upp-till-10-kg-3-stora-gummihjul-kudde-nat-fonster-2\/#primaryimage"},"thumbnailUrl":"https:\/\/i0.wp.com\/truusk.store\/wp-content\/uploads\/2025\/06\/hundvagn-jogger-hopfallbar-for-sma-hundar-katter-upp-till-10-kg-kattvagn-med-3-stora-gummihjul-kudde-nat-fonster-forvaringskorg-kattvagn-med-sakerhetslinor-gra-1.webp?fit=2000%2C2000&ssl=1","datePublished":"2025-06-06T04:19:51+00:00","dateModified":"2026-03-12T08:40:29+00:00","breadcrumb":{"@id":"https:\/\/truusk.store\/sv\/produkt\/truusk-hundvagn-jogger-hopfallbar-for-sma-hundar-katter-upp-till-10-kg-3-stora-gummihjul-kudde-nat-fonster-2\/#breadcrumb"},"inLanguage":"sv-SE","potentialAction":[{"@type":"ReadAction","target":["https:\/\/truusk.store\/sv\/produkt\/truusk-hundvagn-jogger-hopfallbar-for-sma-hundar-katter-upp-till-10-kg-3-stora-gummihjul-kudde-nat-fonster-2\/"]}]},{"@type":"ImageObject","inLanguage":"sv-SE","@id":"https:\/\/truusk.store\/sv\/produkt\/truusk-hundvagn-jogger-hopfallbar-for-sma-hundar-katter-upp-till-10-kg-3-stora-gummihjul-kudde-nat-fonster-2\/#primaryimage","url":"https:\/\/i0.wp.com\/truusk.store\/wp-content\/uploads\/2025\/06\/hundvagn-jogger-hopfallbar-for-sma-hundar-katter-upp-till-10-kg-kattvagn-med-3-stora-gummihjul-kudde-nat-fonster-forvaringskorg-kattvagn-med-sakerhetslinor-gra-1.webp?fit=2000%2C2000&ssl=1","contentUrl":"https:\/\/i0.wp.com\/truusk.store\/wp-content\/uploads\/2025\/06\/hundvagn-jogger-hopfallbar-for-sma-hundar-katter-upp-till-10-kg-kattvagn-med-3-stora-gummihjul-kudde-nat-fonster-forvaringskorg-kattvagn-med-sakerhetslinor-gra-1.webp?fit=2000%2C2000&ssl=1","width":2000,"height":2000},{"@type":"BreadcrumbList","@id":"https:\/\/truusk.store\/sv\/produkt\/truusk-hundvagn-jogger-hopfallbar-for-sma-hundar-katter-upp-till-10-kg-3-stora-gummihjul-kudde-nat-fonster-2\/#breadcrumb","itemListElement":[{"@type":"ListItem","position":1,"name":"Home","item":"https:\/\/truusk.store\/sv\/"},{"@type":"ListItem","position":2,"name":"Shop","item":"https:\/\/truusk.store\/shop\/"},{"@type":"ListItem","position":3,"name":"TRUUSK Hundvagn Jogger &#8211; Hopf\u00e4llbar f\u00f6r Sm\u00e5 Hundar &amp; Katter &#8211; Upp till 10 kg &#8211; 3 Stora Gummihjul &#8211; Kudde &#8211; N\u00e4t F\u00f6nster &#8211;"}]},{"@type":"WebSite","@id":"https:\/\/truusk.store\/sv\/#website","url":"https:\/\/truusk.store\/sv\/","name":"TRUUSK - Hem, Tr\u00e4dg\u00e5rd & Fritid","description":"","publisher":{"@id":"https:\/\/truusk.store\/sv\/#organization"},"potentialAction":[{"@type":"SearchAction","target":{"@type":"EntryPoint","urlTemplate":"https:\/\/truusk.store\/sv\/?s={search_term_string}"},"query-input":{"@type":"PropertyValueSpecification","valueRequired":true,"valueName":"search_term_string"}}],"inLanguage":"sv-SE"},{"@type":"Organization","@id":"https:\/\/truusk.store\/sv\/#organization","name":"TRUUSK - Hem, Tr\u00e4dg\u00e5rd & Fritid","url":"https:\/\/truusk.store\/sv\/","logo":{"@type":"ImageObject","inLanguage":"sv-SE","@id":"https:\/\/truusk.store\/sv\/#\/schema\/logo\/image\/","url":"https:\/\/i0.wp.com\/truusk.store\/wp-content\/uploads\/2026\/03\/cropped-TRUUSK.png?fit=2032%2C917&ssl=1","contentUrl":"https:\/\/i0.wp.com\/truusk.store\/wp-content\/uploads\/2026\/03\/cropped-TRUUSK.png?fit=2032%2C917&ssl=1","width":2032,"height":917,"caption":"TRUUSK - Hem, Tr\u00e4dg\u00e5rd & Fritid"},"image":{"@id":"https:\/\/truusk.store\/sv\/#\/schema\/logo\/image\/"}}]}},"jetpack_sharing_enabled":true,"_links":{"self":[{"href":"https:\/\/truusk.store\/sv\/wp-json\/wp\/v2\/product\/76343","targetHints":{"allow":["GET"]}}],"collection":[{"href":"https:\/\/truusk.store\/sv\/wp-json\/wp\/v2\/product"}],"about":[{"href":"https:\/\/truusk.store\/sv\/wp-json\/wp\/v2\/types\/product"}],"wp:featuredmedia":[{"embeddable":true,"href":"https:\/\/truusk.store\/sv\/wp-json\/wp\/v2\/media\/76334"}],"wp:attachment":[{"href":"https:\/\/truusk.store\/sv\/wp-json\/wp\/v2\/media?parent=76343"}],"wp:term":[{"taxonomy":"product_brand","embeddable":true,"href":"https:\/\/truusk.store\/sv\/wp-json\/wp\/v2\/product_brand?post=76343"},{"taxonomy":"product_cat","embeddable":true,"href":"https:\/\/truusk.store\/sv\/wp-json\/wp\/v2\/product_cat?post=76343"},{"taxonomy":"product_tag","embeddable":true,"href":"https:\/\/truusk.store\/sv\/wp-json\/wp\/v2\/product_tag?post=76343"}],"curies":[{"name":"wp","href":"https:\/\/api.w.org\/{rel}","templated":true}]}}