{"id":7641,"date":"2024-02-13T08:57:08","date_gmt":"2024-02-13T07:57:08","guid":{"rendered":"https:\/\/truusk.store\/product\/barbordsset-barbord-med-2-barstolar-matgrupp-3-delat-bordsset-koksbank-med-hyllor-spanskiva-stal-rustik-brun-svart-109-x-60-x-100-cm\/"},"modified":"2026-03-12T08:55:36","modified_gmt":"2026-03-12T07:55:36","slug":"truusk-barbordsset-2-barstolar-matgrupp-koksbank-med-hyllor-spanskiva-stal-rustik-brun-svart-109-x-60-x-100-cm","status":"publish","type":"product","link":"https:\/\/truusk.store\/sv\/produkt\/truusk-barbordsset-2-barstolar-matgrupp-koksbank-med-hyllor-spanskiva-stal-rustik-brun-svart-109-x-60-x-100-cm\/","title":{"rendered":"TRUUSK Barbordsset &#8211; 2 Barstolar &#8211; Matgrupp &#8211; K\u00f6ksb\u00e4nk Med Hyllor &#8211; Sp\u00e5nskiva &#8211; St\u00e5l &#8211; Rustik Brun + Svart &#8211; 109 X 60 X 100 Cm"},"content":{"rendered":"<p>Med detta set kan du enkelt ordna sittplatser f\u00f6r g\u00e4sterna och placering av maten. Den tv\u00e5f\u00e4rgade konstruktionen av rustikt tr\u00e4 och m\u00f6rk metall s\u00e4tter en tydlig stil i en modern milj\u00f6. Arml\u00f6sa pallar ger fri r\u00f6relse f\u00f6r en obegr\u00e4nsad sittupplevelse och kan placeras under skrivbordet f\u00f6r att spara utrymme.<\/p>\n<h3>Beskrivning:<\/h3>\n<ul>\n<li>3-delat set best\u00e5ende av ett matbord och 2 matstolar, perfekt f\u00f6r matsal, k\u00f6k, pub eller caf\u00e9<\/li>\n<li>Den tv\u00e5f\u00e4rgade konstruktionen av rustikt tr\u00e4 och m\u00f6rk metall sm\u00e4lter v\u00e4l in i de flesta inredningsstilar<\/li>\n<li>Pallarna kan skjutas in under bordet efter att ha \u00e4tit f\u00f6r att spara utrymme<\/li>\n<li>St\u00e5lram s\u00e4kerst\u00e4ller en robust och stabil struktur, med melaminbelagd sp\u00e5nskiva f\u00f6r enkel reng\u00f6ring<\/li>\n<li>Sidof\u00e4sten och tv\u00e4rstag \u00f6kar stabiliteten<\/li>\n<li>Fotst\u00f6det l\u00e5ter dig vila f\u00f6tterna<\/li>\n<li>De bifogade justerbara skyddsspakarna hj\u00e4lper till att h\u00e5lla den uppr\u00e4tt<\/li>\n<li>Kr\u00e4vs montering<\/li>\n<\/ul>\n<h3>Teknisk data:<\/h3>\n<ul>\n<li>F\u00e4rg: Svart+Rustikbrun<\/li>\n<li>Material: sp\u00e5nskiva, st\u00e5l<\/li>\n<li>\u00d6vergripande m\u00e5tt: 109L x 60W x 100H cm (barbord), 40W x 30D x 66,5H cm (barstol)<\/li>\n<li>Sidohyllans m\u00e5tt: 56L x 24W x 29,5\/29,5\/30,5H cm<\/li>\n<li>Lastkapacitet: 25 kg (barbord), 100 kg (barstol)<\/li>\n<li>Artikeletikett: 835-338<\/li>\n<\/ul>\n<h3>Leveransens omfattning:<\/h3>\n<ul>\n<li>1 x bord<\/li>\n<li>2 x pallar<\/li>\n<li>1 x Instruktioner<\/li>\n<\/ul>\n","protected":false},"excerpt":{"rendered":"<p>Med detta set kan du enkelt ordna sittplatser f\u00f6r g\u00e4sterna och placering av maten. Den tv\u00e5f\u00e4rgade konstruktionen av rustikt tr\u00e4&#8230;<\/p>\n","protected":false},"featured_media":7642,"template":"","meta":[],"product_brand":[],"product_cat":[731,485,501],"product_tag":[],"class_list":{"0":"post-7641","1":"product","2":"type-product","3":"status-publish","4":"has-post-thumbnail","6":"product_cat-barbordsset","7":"product_cat-hus-bo","8":"product_cat-tabeller","10":"first","11":"instock","12":"sale","13":"taxable","14":"shipping-taxable","15":"purchasable","16":"product-type-simple"},"yoast_head":"<!-- This site is optimized with the Yoast SEO plugin v25.4 - https:\/\/yoast.com\/wordpress\/plugins\/seo\/ -->\n<title>TRUUSK Barbordsset - 2 Barstolar - Matgrupp - K\u00f6ksb\u00e4nk Med Hyllor - Sp\u00e5nskiva - St\u00e5l - Rustik Brun + Svart - 109 X 60 X 100 Cm - TRUUSK - Hem, Tr\u00e4dg\u00e5rd &amp; Fritid<\/title>\n<meta name=\"robots\" content=\"index, follow, max-snippet:-1, max-image-preview:large, max-video-preview:-1\" \/>\n<link rel=\"canonical\" href=\"https:\/\/truusk.store\/sv\/produkt\/truusk-barbordsset-2-barstolar-matgrupp-koksbank-med-hyllor-spanskiva-stal-rustik-brun-svart-109-x-60-x-100-cm\/\" \/>\n<meta property=\"og:locale\" content=\"sv_SE\" \/>\n<meta property=\"og:type\" content=\"article\" \/>\n<meta property=\"og:title\" content=\"TRUUSK Barbordsset - 2 Barstolar - Matgrupp - K\u00f6ksb\u00e4nk Med Hyllor - Sp\u00e5nskiva - St\u00e5l - Rustik Brun + Svart - 109 X 60 X 100 Cm - TRUUSK - Hem, Tr\u00e4dg\u00e5rd &amp; Fritid\" \/>\n<meta property=\"og:description\" content=\"Med detta set kan du enkelt ordna sittplatser f\u00f6r g\u00e4sterna och placering av maten. Den tv\u00e5f\u00e4rgade konstruktionen av rustikt tr\u00e4...\" \/>\n<meta property=\"og:url\" content=\"https:\/\/truusk.store\/sv\/produkt\/truusk-barbordsset-2-barstolar-matgrupp-koksbank-med-hyllor-spanskiva-stal-rustik-brun-svart-109-x-60-x-100-cm\/\" \/>\n<meta property=\"og:site_name\" content=\"TRUUSK - Hem, Tr\u00e4dg\u00e5rd &amp; Fritid\" \/>\n<meta property=\"article:modified_time\" content=\"2026-03-12T07:55:36+00:00\" \/>\n<meta property=\"og:image\" content=\"https:\/\/i0.wp.com\/truusk.se\/wp-content\/uploads\/2024\/02\/barbordsset-barbord-med-2-barstolar-matgrupp-3-delat-bordsset-koksbank-med-hyllor-spanskiva-stal-rustik-brun-svart-109-x-60-x-100-cm.webp?fit=800%2C800&ssl=1\" \/>\n\t<meta property=\"og:image:width\" content=\"800\" \/>\n\t<meta property=\"og:image:height\" content=\"800\" \/>\n\t<meta property=\"og:image:type\" content=\"image\/webp\" \/>\n<meta name=\"twitter:card\" content=\"summary_large_image\" \/>\n<meta name=\"twitter:label1\" content=\"Ber\u00e4knad l\u00e4stid\" \/>\n\t<meta name=\"twitter:data1\" content=\"1 minut\" \/>\n<!-- \/ Yoast SEO plugin. -->","yoast_head_json":{"title":"TRUUSK Barbordsset - 2 Barstolar - Matgrupp - K\u00f6ksb\u00e4nk Med Hyllor - Sp\u00e5nskiva - St\u00e5l - Rustik Brun + Svart - 109 X 60 X 100 Cm - TRUUSK - Hem, Tr\u00e4dg\u00e5rd &amp; Fritid","robots":{"index":"index","follow":"follow","max-snippet":"max-snippet:-1","max-image-preview":"max-image-preview:large","max-video-preview":"max-video-preview:-1"},"canonical":"https:\/\/truusk.store\/sv\/produkt\/truusk-barbordsset-2-barstolar-matgrupp-koksbank-med-hyllor-spanskiva-stal-rustik-brun-svart-109-x-60-x-100-cm\/","og_locale":"sv_SE","og_type":"article","og_title":"TRUUSK Barbordsset - 2 Barstolar - Matgrupp - K\u00f6ksb\u00e4nk Med Hyllor - Sp\u00e5nskiva - St\u00e5l - Rustik Brun + Svart - 109 X 60 X 100 Cm - TRUUSK - Hem, Tr\u00e4dg\u00e5rd &amp; Fritid","og_description":"Med detta set kan du enkelt ordna sittplatser f\u00f6r g\u00e4sterna och placering av maten. Den tv\u00e5f\u00e4rgade konstruktionen av rustikt tr\u00e4...","og_url":"https:\/\/truusk.store\/sv\/produkt\/truusk-barbordsset-2-barstolar-matgrupp-koksbank-med-hyllor-spanskiva-stal-rustik-brun-svart-109-x-60-x-100-cm\/","og_site_name":"TRUUSK - Hem, Tr\u00e4dg\u00e5rd &amp; Fritid","article_modified_time":"2026-03-12T07:55:36+00:00","og_image":[{"width":800,"height":800,"url":"https:\/\/i0.wp.com\/truusk.se\/wp-content\/uploads\/2024\/02\/barbordsset-barbord-med-2-barstolar-matgrupp-3-delat-bordsset-koksbank-med-hyllor-spanskiva-stal-rustik-brun-svart-109-x-60-x-100-cm.webp?fit=800%2C800&ssl=1","type":"image\/webp"}],"twitter_card":"summary_large_image","twitter_misc":{"Ber\u00e4knad l\u00e4stid":"1 minut"},"schema":{"@context":"https:\/\/schema.org","@graph":[{"@type":"WebPage","@id":"https:\/\/truusk.store\/sv\/produkt\/truusk-barbordsset-2-barstolar-matgrupp-koksbank-med-hyllor-spanskiva-stal-rustik-brun-svart-109-x-60-x-100-cm\/","url":"https:\/\/truusk.store\/sv\/produkt\/truusk-barbordsset-2-barstolar-matgrupp-koksbank-med-hyllor-spanskiva-stal-rustik-brun-svart-109-x-60-x-100-cm\/","name":"TRUUSK Barbordsset - 2 Barstolar - Matgrupp - K\u00f6ksb\u00e4nk Med Hyllor - Sp\u00e5nskiva - St\u00e5l - Rustik Brun + Svart - 109 X 60 X 100 Cm - TRUUSK - Hem, Tr\u00e4dg\u00e5rd &amp; Fritid","isPartOf":{"@id":"https:\/\/truusk.store\/sv\/#website"},"primaryImageOfPage":{"@id":"https:\/\/truusk.store\/sv\/produkt\/truusk-barbordsset-2-barstolar-matgrupp-koksbank-med-hyllor-spanskiva-stal-rustik-brun-svart-109-x-60-x-100-cm\/#primaryimage"},"image":{"@id":"https:\/\/truusk.store\/sv\/produkt\/truusk-barbordsset-2-barstolar-matgrupp-koksbank-med-hyllor-spanskiva-stal-rustik-brun-svart-109-x-60-x-100-cm\/#primaryimage"},"thumbnailUrl":"https:\/\/i0.wp.com\/truusk.store\/wp-content\/uploads\/2024\/02\/barbordsset-barbord-med-2-barstolar-matgrupp-3-delat-bordsset-koksbank-med-hyllor-spanskiva-stal-rustik-brun-svart-109-x-60-x-100-cm.webp?fit=800%2C800&ssl=1","datePublished":"2024-02-13T07:57:08+00:00","dateModified":"2026-03-12T07:55:36+00:00","breadcrumb":{"@id":"https:\/\/truusk.store\/sv\/produkt\/truusk-barbordsset-2-barstolar-matgrupp-koksbank-med-hyllor-spanskiva-stal-rustik-brun-svart-109-x-60-x-100-cm\/#breadcrumb"},"inLanguage":"sv-SE","potentialAction":[{"@type":"ReadAction","target":["https:\/\/truusk.store\/sv\/produkt\/truusk-barbordsset-2-barstolar-matgrupp-koksbank-med-hyllor-spanskiva-stal-rustik-brun-svart-109-x-60-x-100-cm\/"]}]},{"@type":"ImageObject","inLanguage":"sv-SE","@id":"https:\/\/truusk.store\/sv\/produkt\/truusk-barbordsset-2-barstolar-matgrupp-koksbank-med-hyllor-spanskiva-stal-rustik-brun-svart-109-x-60-x-100-cm\/#primaryimage","url":"https:\/\/i0.wp.com\/truusk.store\/wp-content\/uploads\/2024\/02\/barbordsset-barbord-med-2-barstolar-matgrupp-3-delat-bordsset-koksbank-med-hyllor-spanskiva-stal-rustik-brun-svart-109-x-60-x-100-cm.webp?fit=800%2C800&ssl=1","contentUrl":"https:\/\/i0.wp.com\/truusk.store\/wp-content\/uploads\/2024\/02\/barbordsset-barbord-med-2-barstolar-matgrupp-3-delat-bordsset-koksbank-med-hyllor-spanskiva-stal-rustik-brun-svart-109-x-60-x-100-cm.webp?fit=800%2C800&ssl=1","width":800,"height":800,"caption":"Barbordsset, Barbord Med 2 Barstolar, Matgrupp, 3-delat Bordsset, K\u00f6ksb\u00e4nk Med Hyllor, Sp\u00e5nskiva, St\u00e5l, Rustik Brun + Svart, 109 X 60 X 100 Cm 1"},{"@type":"BreadcrumbList","@id":"https:\/\/truusk.store\/sv\/produkt\/truusk-barbordsset-2-barstolar-matgrupp-koksbank-med-hyllor-spanskiva-stal-rustik-brun-svart-109-x-60-x-100-cm\/#breadcrumb","itemListElement":[{"@type":"ListItem","position":1,"name":"Home","item":"https:\/\/truusk.store\/sv\/"},{"@type":"ListItem","position":2,"name":"Shop","item":"https:\/\/truusk.store\/shop\/"},{"@type":"ListItem","position":3,"name":"TRUUSK Barbordsset &#8211; 2 Barstolar &#8211; Matgrupp &#8211; K\u00f6ksb\u00e4nk Med Hyllor &#8211; Sp\u00e5nskiva &#8211; St\u00e5l &#8211; Rustik Brun + Svart &#8211; 109 X 60 X 100 Cm"}]},{"@type":"WebSite","@id":"https:\/\/truusk.store\/sv\/#website","url":"https:\/\/truusk.store\/sv\/","name":"TRUUSK - Hem, Tr\u00e4dg\u00e5rd & Fritid","description":"","publisher":{"@id":"https:\/\/truusk.store\/sv\/#organization"},"potentialAction":[{"@type":"SearchAction","target":{"@type":"EntryPoint","urlTemplate":"https:\/\/truusk.store\/sv\/?s={search_term_string}"},"query-input":{"@type":"PropertyValueSpecification","valueRequired":true,"valueName":"search_term_string"}}],"inLanguage":"sv-SE"},{"@type":"Organization","@id":"https:\/\/truusk.store\/sv\/#organization","name":"TRUUSK - Hem, Tr\u00e4dg\u00e5rd & Fritid","url":"https:\/\/truusk.store\/sv\/","logo":{"@type":"ImageObject","inLanguage":"sv-SE","@id":"https:\/\/truusk.store\/sv\/#\/schema\/logo\/image\/","url":"https:\/\/i0.wp.com\/truusk.store\/wp-content\/uploads\/2026\/03\/cropped-TRUUSK.png?fit=2032%2C917&ssl=1","contentUrl":"https:\/\/i0.wp.com\/truusk.store\/wp-content\/uploads\/2026\/03\/cropped-TRUUSK.png?fit=2032%2C917&ssl=1","width":2032,"height":917,"caption":"TRUUSK - Hem, Tr\u00e4dg\u00e5rd & Fritid"},"image":{"@id":"https:\/\/truusk.store\/sv\/#\/schema\/logo\/image\/"}}]}},"jetpack_sharing_enabled":true,"_links":{"self":[{"href":"https:\/\/truusk.store\/sv\/wp-json\/wp\/v2\/product\/7641","targetHints":{"allow":["GET"]}}],"collection":[{"href":"https:\/\/truusk.store\/sv\/wp-json\/wp\/v2\/product"}],"about":[{"href":"https:\/\/truusk.store\/sv\/wp-json\/wp\/v2\/types\/product"}],"wp:featuredmedia":[{"embeddable":true,"href":"https:\/\/truusk.store\/sv\/wp-json\/wp\/v2\/media\/7642"}],"wp:attachment":[{"href":"https:\/\/truusk.store\/sv\/wp-json\/wp\/v2\/media?parent=7641"}],"wp:term":[{"taxonomy":"product_brand","embeddable":true,"href":"https:\/\/truusk.store\/sv\/wp-json\/wp\/v2\/product_brand?post=7641"},{"taxonomy":"product_cat","embeddable":true,"href":"https:\/\/truusk.store\/sv\/wp-json\/wp\/v2\/product_cat?post=7641"},{"taxonomy":"product_tag","embeddable":true,"href":"https:\/\/truusk.store\/sv\/wp-json\/wp\/v2\/product_tag?post=7641"}],"curies":[{"name":"wp","href":"https:\/\/api.w.org\/{rel}","templated":true}]}}