{"id":76423,"date":"2025-06-06T05:27:42","date_gmt":"2025-06-06T04:27:42","guid":{"rendered":"https:\/\/truusk.store\/product\/honskoja-av-tra-fjaderfahus-med-nastlada-dubbel-lopbur-med-bricka-inhagnad-med-ramp-hons-hus-for-hons-247-x-125-x-1135-cm-gul\/"},"modified":"2026-03-12T08:40:23","modified_gmt":"2026-03-12T07:40:23","slug":"truusk-honskoja-av-tra-fjaderfahus-med-nastlada-dubbel-lopbur-med-bricka-inhagnad-med-ramp-hons-hus-for-hons-247-x-125","status":"publish","type":"product","link":"https:\/\/truusk.store\/sv\/produkt\/truusk-honskoja-av-tra-fjaderfahus-med-nastlada-dubbel-lopbur-med-bricka-inhagnad-med-ramp-hons-hus-for-hons-247-x-125\/","title":{"rendered":"TRUUSK H\u00f6nskoja av Tr\u00e4 &#8211; Fj\u00e4derf\u00e4hus med N\u00e4stl\u00e5da &#8211; Dubbel L\u00f6pbur med Bricka &#8211; Inh\u00e4gnad med Ramp &#8211; H\u00f6ns Hus f\u00f6r H\u00f6ns &#8211; 247 x 125"},"content":{"rendered":"<p>Sk\u00e4m bort dina h\u00f6ns med den stilfulla TRUUSK frig\u00e5ende h\u00f6nsg\u00e5rden, som kombinerar praktisk design med dubbel uteg\u00e5ng. H\u00f6nsen njuter av b\u00e5de inomhus- och utomhusomr\u00e5den, skyddade fr\u00e5n rovdjur. F\u00e5gelhuset erbjuder l\u00e4tt tillg\u00e5ng, flera d\u00f6rrar, en n\u00e4stl\u00e5da, sittst\u00e4nger och en huvudbyggnad. Ett idealiskt hem d\u00e4r dina h\u00f6ns kommer att trivas!<\/p>\n<p>Beskrivning:<\/p>\n<ul>\n<li> Flexibel dubbelh\u00f6nsg\u00e5rd, kan anv\u00e4ndas separat eller kombinerat<\/li>\n<li> Konstruktion av dv\u00e4rgh\u00f6nshuset av h\u00f6gkvalitativt grantr\u00e4 med upph\u00f6jt hus, n\u00e4stl\u00e5dor och d\u00f6rrar<\/li>\n<li> Skydd genom asfalts tak mot v\u00e4der och UV-str\u00e5lning<\/li>\n<li> Ventilerat viloomr\u00e5de f\u00f6r h\u00f6nsstallet f\u00f6r optimal luftcirkulation och ljus<\/li>\n<li> Inre sittst\u00e5ng f\u00f6r bekv\u00e4mt sittande f\u00f6r h\u00f6nsen<\/li>\n<li> Ramp f\u00f6r h\u00f6nsstallet f\u00f6r l\u00e4tt tillg\u00e5ng till det upph\u00f6jda bostadsomr\u00e5det<\/li>\n<li> Montering kr\u00e4vs<\/li>\n<\/ul>\n<p> Tekniska data:<\/p>\n<ul>\n<li> F\u00e4rg: Gul<\/li>\n<li> Material: Gran<\/li>\n<li> Totala dimensioner: 247L x 125B x 113,5H cm<\/li>\n<li> Huvudhusstorlek: 65L x 77,5B x 98,5H cm<\/li>\n<li> Storlek p\u00e5 huvudhusd\u00f6rren: 27L x 44B cm<\/li>\n<li> L\u00f6pstorlek: 91L x 77,5B x 98H cm<\/li>\n<li> Storlek p\u00e5 fr\u00e4mre d\u00f6rren: 38L x 67,5B cm<\/li>\n<li> Sidod\u00f6rrstorlek: 31,5L x 62B cm<\/li>\n<li> N\u00e4stl\u00e5dans storlek: 59L x 33B x 38H cm<\/li>\n<li> Brickstorlek: 60,5L x 75,8B cm<\/li>\n<\/ul>\n<p>Leveransinneh\u00e5ll:<\/p>\n<ul>\n<li> 1 x H\u00f6nsstall<\/li>\n<li> 1 x Instruktioner<\/li>\n<\/ul>\n","protected":false},"excerpt":{"rendered":"<p>Sk\u00e4m bort dina h\u00f6ns med den stilfulla TRUUSK frig\u00e5ende h\u00f6nsg\u00e5rden, som kombinerar praktisk design med dubbel uteg\u00e5ng. H\u00f6nsen njuter av&#8230;<\/p>\n","protected":false},"featured_media":76414,"template":"","meta":[],"product_brand":[],"product_cat":[895,601,602],"product_tag":[],"class_list":{"0":"post-76423","1":"product","2":"type-product","3":"status-publish","4":"has-post-thumbnail","6":"product_cat-djurutrustning","7":"product_cat-fageltillbehor","8":"product_cat-honshus","10":"first","11":"instock","12":"sale","13":"taxable","14":"shipping-taxable","15":"purchasable","16":"product-type-simple"},"yoast_head":"<!-- This site is optimized with the Yoast SEO plugin v25.4 - https:\/\/yoast.com\/wordpress\/plugins\/seo\/ -->\n<title>TRUUSK H\u00f6nskoja av Tr\u00e4 - Fj\u00e4derf\u00e4hus med N\u00e4stl\u00e5da - Dubbel L\u00f6pbur med Bricka - Inh\u00e4gnad med Ramp - H\u00f6ns Hus f\u00f6r H\u00f6ns - 247 x 125 - TRUUSK - Hem, Tr\u00e4dg\u00e5rd &amp; Fritid<\/title>\n<meta name=\"robots\" content=\"index, follow, max-snippet:-1, max-image-preview:large, max-video-preview:-1\" \/>\n<link rel=\"canonical\" href=\"https:\/\/truusk.store\/sv\/produkt\/truusk-honskoja-av-tra-fjaderfahus-med-nastlada-dubbel-lopbur-med-bricka-inhagnad-med-ramp-hons-hus-for-hons-247-x-125\/\" \/>\n<meta property=\"og:locale\" content=\"sv_SE\" \/>\n<meta property=\"og:type\" content=\"article\" \/>\n<meta property=\"og:title\" content=\"TRUUSK H\u00f6nskoja av Tr\u00e4 - Fj\u00e4derf\u00e4hus med N\u00e4stl\u00e5da - Dubbel L\u00f6pbur med Bricka - Inh\u00e4gnad med Ramp - H\u00f6ns Hus f\u00f6r H\u00f6ns - 247 x 125 - TRUUSK - Hem, Tr\u00e4dg\u00e5rd &amp; Fritid\" \/>\n<meta property=\"og:description\" content=\"Sk\u00e4m bort dina h\u00f6ns med den stilfulla TRUUSK frig\u00e5ende h\u00f6nsg\u00e5rden, som kombinerar praktisk design med dubbel uteg\u00e5ng. H\u00f6nsen njuter av...\" \/>\n<meta property=\"og:url\" content=\"https:\/\/truusk.store\/sv\/produkt\/truusk-honskoja-av-tra-fjaderfahus-med-nastlada-dubbel-lopbur-med-bricka-inhagnad-med-ramp-hons-hus-for-hons-247-x-125\/\" \/>\n<meta property=\"og:site_name\" content=\"TRUUSK - Hem, Tr\u00e4dg\u00e5rd &amp; Fritid\" \/>\n<meta property=\"article:modified_time\" content=\"2026-03-12T07:40:23+00:00\" \/>\n<meta property=\"og:image\" content=\"https:\/\/i0.wp.com\/truusk.se\/wp-content\/uploads\/2025\/06\/honskoja-av-tra-fjaderfahus-med-nastlada-dubbel-lopbur-med-bricka-inhagnad-med-ramp-hons-hus-for-hons-247-x-125-x-1135-cm-gul-1.webp?fit=2000%2C2000&ssl=1\" \/>\n\t<meta property=\"og:image:width\" content=\"2000\" \/>\n\t<meta property=\"og:image:height\" content=\"2000\" \/>\n\t<meta property=\"og:image:type\" content=\"image\/webp\" \/>\n<meta name=\"twitter:card\" content=\"summary_large_image\" \/>\n<meta name=\"twitter:label1\" content=\"Ber\u00e4knad l\u00e4stid\" \/>\n\t<meta name=\"twitter:data1\" content=\"1 minut\" \/>\n<!-- \/ Yoast SEO plugin. -->","yoast_head_json":{"title":"TRUUSK H\u00f6nskoja av Tr\u00e4 - Fj\u00e4derf\u00e4hus med N\u00e4stl\u00e5da - Dubbel L\u00f6pbur med Bricka - Inh\u00e4gnad med Ramp - H\u00f6ns Hus f\u00f6r H\u00f6ns - 247 x 125 - TRUUSK - Hem, Tr\u00e4dg\u00e5rd &amp; Fritid","robots":{"index":"index","follow":"follow","max-snippet":"max-snippet:-1","max-image-preview":"max-image-preview:large","max-video-preview":"max-video-preview:-1"},"canonical":"https:\/\/truusk.store\/sv\/produkt\/truusk-honskoja-av-tra-fjaderfahus-med-nastlada-dubbel-lopbur-med-bricka-inhagnad-med-ramp-hons-hus-for-hons-247-x-125\/","og_locale":"sv_SE","og_type":"article","og_title":"TRUUSK H\u00f6nskoja av Tr\u00e4 - Fj\u00e4derf\u00e4hus med N\u00e4stl\u00e5da - Dubbel L\u00f6pbur med Bricka - Inh\u00e4gnad med Ramp - H\u00f6ns Hus f\u00f6r H\u00f6ns - 247 x 125 - TRUUSK - Hem, Tr\u00e4dg\u00e5rd &amp; Fritid","og_description":"Sk\u00e4m bort dina h\u00f6ns med den stilfulla TRUUSK frig\u00e5ende h\u00f6nsg\u00e5rden, som kombinerar praktisk design med dubbel uteg\u00e5ng. H\u00f6nsen njuter av...","og_url":"https:\/\/truusk.store\/sv\/produkt\/truusk-honskoja-av-tra-fjaderfahus-med-nastlada-dubbel-lopbur-med-bricka-inhagnad-med-ramp-hons-hus-for-hons-247-x-125\/","og_site_name":"TRUUSK - Hem, Tr\u00e4dg\u00e5rd &amp; Fritid","article_modified_time":"2026-03-12T07:40:23+00:00","og_image":[{"width":2000,"height":2000,"url":"https:\/\/i0.wp.com\/truusk.se\/wp-content\/uploads\/2025\/06\/honskoja-av-tra-fjaderfahus-med-nastlada-dubbel-lopbur-med-bricka-inhagnad-med-ramp-hons-hus-for-hons-247-x-125-x-1135-cm-gul-1.webp?fit=2000%2C2000&ssl=1","type":"image\/webp"}],"twitter_card":"summary_large_image","twitter_misc":{"Ber\u00e4knad l\u00e4stid":"1 minut"},"schema":{"@context":"https:\/\/schema.org","@graph":[{"@type":"WebPage","@id":"https:\/\/truusk.store\/sv\/produkt\/truusk-honskoja-av-tra-fjaderfahus-med-nastlada-dubbel-lopbur-med-bricka-inhagnad-med-ramp-hons-hus-for-hons-247-x-125\/","url":"https:\/\/truusk.store\/sv\/produkt\/truusk-honskoja-av-tra-fjaderfahus-med-nastlada-dubbel-lopbur-med-bricka-inhagnad-med-ramp-hons-hus-for-hons-247-x-125\/","name":"TRUUSK H\u00f6nskoja av Tr\u00e4 - Fj\u00e4derf\u00e4hus med N\u00e4stl\u00e5da - Dubbel L\u00f6pbur med Bricka - Inh\u00e4gnad med Ramp - H\u00f6ns Hus f\u00f6r H\u00f6ns - 247 x 125 - TRUUSK - Hem, Tr\u00e4dg\u00e5rd &amp; Fritid","isPartOf":{"@id":"https:\/\/truusk.store\/sv\/#website"},"primaryImageOfPage":{"@id":"https:\/\/truusk.store\/sv\/produkt\/truusk-honskoja-av-tra-fjaderfahus-med-nastlada-dubbel-lopbur-med-bricka-inhagnad-med-ramp-hons-hus-for-hons-247-x-125\/#primaryimage"},"image":{"@id":"https:\/\/truusk.store\/sv\/produkt\/truusk-honskoja-av-tra-fjaderfahus-med-nastlada-dubbel-lopbur-med-bricka-inhagnad-med-ramp-hons-hus-for-hons-247-x-125\/#primaryimage"},"thumbnailUrl":"https:\/\/i0.wp.com\/truusk.store\/wp-content\/uploads\/2025\/06\/honskoja-av-tra-fjaderfahus-med-nastlada-dubbel-lopbur-med-bricka-inhagnad-med-ramp-hons-hus-for-hons-247-x-125-x-1135-cm-gul-1.webp?fit=2000%2C2000&ssl=1","datePublished":"2025-06-06T04:27:42+00:00","dateModified":"2026-03-12T07:40:23+00:00","breadcrumb":{"@id":"https:\/\/truusk.store\/sv\/produkt\/truusk-honskoja-av-tra-fjaderfahus-med-nastlada-dubbel-lopbur-med-bricka-inhagnad-med-ramp-hons-hus-for-hons-247-x-125\/#breadcrumb"},"inLanguage":"sv-SE","potentialAction":[{"@type":"ReadAction","target":["https:\/\/truusk.store\/sv\/produkt\/truusk-honskoja-av-tra-fjaderfahus-med-nastlada-dubbel-lopbur-med-bricka-inhagnad-med-ramp-hons-hus-for-hons-247-x-125\/"]}]},{"@type":"ImageObject","inLanguage":"sv-SE","@id":"https:\/\/truusk.store\/sv\/produkt\/truusk-honskoja-av-tra-fjaderfahus-med-nastlada-dubbel-lopbur-med-bricka-inhagnad-med-ramp-hons-hus-for-hons-247-x-125\/#primaryimage","url":"https:\/\/i0.wp.com\/truusk.store\/wp-content\/uploads\/2025\/06\/honskoja-av-tra-fjaderfahus-med-nastlada-dubbel-lopbur-med-bricka-inhagnad-med-ramp-hons-hus-for-hons-247-x-125-x-1135-cm-gul-1.webp?fit=2000%2C2000&ssl=1","contentUrl":"https:\/\/i0.wp.com\/truusk.store\/wp-content\/uploads\/2025\/06\/honskoja-av-tra-fjaderfahus-med-nastlada-dubbel-lopbur-med-bricka-inhagnad-med-ramp-hons-hus-for-hons-247-x-125-x-1135-cm-gul-1.webp?fit=2000%2C2000&ssl=1","width":2000,"height":2000},{"@type":"BreadcrumbList","@id":"https:\/\/truusk.store\/sv\/produkt\/truusk-honskoja-av-tra-fjaderfahus-med-nastlada-dubbel-lopbur-med-bricka-inhagnad-med-ramp-hons-hus-for-hons-247-x-125\/#breadcrumb","itemListElement":[{"@type":"ListItem","position":1,"name":"Home","item":"https:\/\/truusk.store\/sv\/"},{"@type":"ListItem","position":2,"name":"Shop","item":"https:\/\/truusk.store\/shop\/"},{"@type":"ListItem","position":3,"name":"TRUUSK H\u00f6nskoja av Tr\u00e4 &#8211; Fj\u00e4derf\u00e4hus med N\u00e4stl\u00e5da &#8211; Dubbel L\u00f6pbur med Bricka &#8211; Inh\u00e4gnad med Ramp &#8211; H\u00f6ns Hus f\u00f6r H\u00f6ns &#8211; 247 x 125"}]},{"@type":"WebSite","@id":"https:\/\/truusk.store\/sv\/#website","url":"https:\/\/truusk.store\/sv\/","name":"TRUUSK - Hem, Tr\u00e4dg\u00e5rd & Fritid","description":"","publisher":{"@id":"https:\/\/truusk.store\/sv\/#organization"},"potentialAction":[{"@type":"SearchAction","target":{"@type":"EntryPoint","urlTemplate":"https:\/\/truusk.store\/sv\/?s={search_term_string}"},"query-input":{"@type":"PropertyValueSpecification","valueRequired":true,"valueName":"search_term_string"}}],"inLanguage":"sv-SE"},{"@type":"Organization","@id":"https:\/\/truusk.store\/sv\/#organization","name":"TRUUSK - Hem, Tr\u00e4dg\u00e5rd & Fritid","url":"https:\/\/truusk.store\/sv\/","logo":{"@type":"ImageObject","inLanguage":"sv-SE","@id":"https:\/\/truusk.store\/sv\/#\/schema\/logo\/image\/","url":"https:\/\/i0.wp.com\/truusk.store\/wp-content\/uploads\/2026\/03\/cropped-TRUUSK.png?fit=2032%2C917&ssl=1","contentUrl":"https:\/\/i0.wp.com\/truusk.store\/wp-content\/uploads\/2026\/03\/cropped-TRUUSK.png?fit=2032%2C917&ssl=1","width":2032,"height":917,"caption":"TRUUSK - Hem, Tr\u00e4dg\u00e5rd & Fritid"},"image":{"@id":"https:\/\/truusk.store\/sv\/#\/schema\/logo\/image\/"}}]}},"jetpack_sharing_enabled":true,"_links":{"self":[{"href":"https:\/\/truusk.store\/sv\/wp-json\/wp\/v2\/product\/76423","targetHints":{"allow":["GET"]}}],"collection":[{"href":"https:\/\/truusk.store\/sv\/wp-json\/wp\/v2\/product"}],"about":[{"href":"https:\/\/truusk.store\/sv\/wp-json\/wp\/v2\/types\/product"}],"wp:featuredmedia":[{"embeddable":true,"href":"https:\/\/truusk.store\/sv\/wp-json\/wp\/v2\/media\/76414"}],"wp:attachment":[{"href":"https:\/\/truusk.store\/sv\/wp-json\/wp\/v2\/media?parent=76423"}],"wp:term":[{"taxonomy":"product_brand","embeddable":true,"href":"https:\/\/truusk.store\/sv\/wp-json\/wp\/v2\/product_brand?post=76423"},{"taxonomy":"product_cat","embeddable":true,"href":"https:\/\/truusk.store\/sv\/wp-json\/wp\/v2\/product_cat?post=76423"},{"taxonomy":"product_tag","embeddable":true,"href":"https:\/\/truusk.store\/sv\/wp-json\/wp\/v2\/product_tag?post=76423"}],"curies":[{"name":"wp","href":"https:\/\/api.w.org\/{rel}","templated":true}]}}