{"id":76463,"date":"2025-06-06T05:31:44","date_gmt":"2025-06-06T04:31:44","guid":{"rendered":"https:\/\/truusk.store\/product\/avslappningsstol-med-pall-stol-med-justerbar-ryggstod-liggfunktion-kudde-modern-lounge-stol-med-snor-optik-for-vardagsrum-kan-belastas-upp-till-180-kg-beige\/"},"modified":"2026-03-12T09:17:32","modified_gmt":"2026-03-12T08:17:32","slug":"truusk-avslappningsstol-med-pall-justerbart-ryggstod-liggfunktion-modern-design-kudde-upp-till-180-kg-beige","status":"publish","type":"product","link":"https:\/\/truusk.store\/sv\/produkt\/truusk-avslappningsstol-med-pall-justerbart-ryggstod-liggfunktion-modern-design-kudde-upp-till-180-kg-beige\/","title":{"rendered":"TRUUSK Avslappningsstol med Pall &#8211; Justerbart Ryggst\u00f6d &#8211; Liggfunktion &#8211; Modern Design &#8211; Kudde &#8211; Upp till 180 kg &#8211; Beige"},"content":{"rendered":"<p>Unna dig en v\u00e4lf\u00f6rtj\u00e4nt paus och slappna av i denna mysiga f\u00e5t\u00f6lj fr\u00e5n TRUUSK. Setet best\u00e5r av en loungef\u00e5t\u00f6lj och en fotpall, b\u00e5da utrustade med en tjockt vadderad sittplats och en elegant, mjuk kl\u00e4dsel. Den stabila st\u00e5lkonstruktionen garanterar en fast st\u00e5ndpunkt och en balanserad balans. Luta dig tillbaka, l\u00e4gg upp f\u00f6tterna och njut av din paus fr\u00e5n vardagen.<\/p>\n<p>Beskrivning:<\/p>\n<ul>\n<li> 2-delat set: En justerbar l\u00e4sf\u00e5t\u00f6lj och en matchande fotpall<\/li>\n<li> Mjukt och hudv\u00e4nligt cordtyg<\/li>\n<li> F\u00e5t\u00f6lj med delad ryggst\u00f6d, kan lutas upp till 155\u00b0 f\u00f6r extra komfort<\/li>\n<li> Tjock stoppning<\/li>\n<li> Extra kudde f\u00f6r st\u00f6d av midjan eller som huvudst\u00f6d<\/li>\n<li> Skyddande fotdynor p\u00e5 relaxf\u00e5t\u00f6ljen f\u00f6rhindrar repor p\u00e5 golvet<\/li>\n<li> St\u00e5lram f\u00f6r h\u00f6g stabilitet<\/li>\n<li> Montering kr\u00e4vs<\/li>\n<\/ul>\n<p> Tekniska data:<\/p>\n<ul>\n<li> F\u00e4rg: Beige<\/li>\n<li> Material: Cord (70 % polyester, 25 % akryl), skum, st\u00e5l<\/li>\n<li> Stolstorlek: 68L x 91,5B x 88H cm<\/li>\n<li> Storlek p\u00e5 fotst\u00f6d: 68L x 48B x 50H cm<\/li>\n<li> Sittstorlek: 56,5B x 52,5T cm<\/li>\n<li> Liggstorlek (Max.): 68L x 108B x 75H cm<\/li>\n<li> Sitt h\u00f6jd: 52 cm<\/li>\n<li> Storlek p\u00e5 ryggst\u00f6d: 51L x 56,5B x 36H cm<\/li>\n<li> Viktkapacitet: 180 kg (f\u00e5t\u00f6lj), 120 kg (fotpall)<\/li>\n<\/ul>\n<p>Leveransinneh\u00e5ll:<\/p>\n<ul>\n<li> 1 x Polsterf\u00e5t\u00f6lj<\/li>\n<li> 1 x Fotpall<\/li>\n<li> 1 x Instruktioner<\/li>\n<\/ul>\n","protected":false},"excerpt":{"rendered":"<p>Unna dig en v\u00e4lf\u00f6rtj\u00e4nt paus och slappna av i denna mysiga f\u00e5t\u00f6lj fr\u00e5n TRUUSK. Setet best\u00e5r av en loungef\u00e5t\u00f6lj och&#8230;<\/p>\n","protected":false},"featured_media":76454,"template":"","meta":[],"product_brand":[],"product_cat":[521,871,920,910],"product_tag":[],"class_list":{"0":"post-76463","1":"product","2":"type-product","3":"status-publish","4":"has-post-thumbnail","6":"product_cat-fatolj","7":"product_cat-hus-hem","8":"product_cat-relaxsessel-mit-hocker","9":"product_cat-vardagsrum","11":"first","12":"instock","13":"sale","14":"taxable","15":"shipping-taxable","16":"purchasable","17":"product-type-simple"},"yoast_head":"<!-- This site is optimized with the Yoast SEO plugin v25.4 - https:\/\/yoast.com\/wordpress\/plugins\/seo\/ -->\n<title>TRUUSK Avslappningsstol med Pall - Justerbart Ryggst\u00f6d - Liggfunktion - Modern Design - Kudde - Upp till 180 kg - Beige - TRUUSK - Hem, Tr\u00e4dg\u00e5rd &amp; Fritid<\/title>\n<meta name=\"robots\" content=\"index, follow, max-snippet:-1, max-image-preview:large, max-video-preview:-1\" \/>\n<link rel=\"canonical\" href=\"https:\/\/truusk.store\/sv\/produkt\/truusk-avslappningsstol-med-pall-justerbart-ryggstod-liggfunktion-modern-design-kudde-upp-till-180-kg-beige\/\" \/>\n<meta property=\"og:locale\" content=\"sv_SE\" \/>\n<meta property=\"og:type\" content=\"article\" \/>\n<meta property=\"og:title\" content=\"TRUUSK Avslappningsstol med Pall - Justerbart Ryggst\u00f6d - Liggfunktion - Modern Design - Kudde - Upp till 180 kg - Beige - TRUUSK - Hem, Tr\u00e4dg\u00e5rd &amp; Fritid\" \/>\n<meta property=\"og:description\" content=\"Unna dig en v\u00e4lf\u00f6rtj\u00e4nt paus och slappna av i denna mysiga f\u00e5t\u00f6lj fr\u00e5n TRUUSK. Setet best\u00e5r av en loungef\u00e5t\u00f6lj och...\" \/>\n<meta property=\"og:url\" content=\"https:\/\/truusk.store\/sv\/produkt\/truusk-avslappningsstol-med-pall-justerbart-ryggstod-liggfunktion-modern-design-kudde-upp-till-180-kg-beige\/\" \/>\n<meta property=\"og:site_name\" content=\"TRUUSK - Hem, Tr\u00e4dg\u00e5rd &amp; Fritid\" \/>\n<meta property=\"article:modified_time\" content=\"2026-03-12T08:17:32+00:00\" \/>\n<meta property=\"og:image\" content=\"https:\/\/i0.wp.com\/truusk.se\/wp-content\/uploads\/2025\/06\/avslappningsstol-med-pall-stol-med-justerbar-ryggstod-liggfunktion-kudde-modern-lounge-stol-med-snor-optik-for-vardagsrum-kan-belastas-upp-till-180-kg-beige-1.webp?fit=2000%2C2000&ssl=1\" \/>\n\t<meta property=\"og:image:width\" content=\"2000\" \/>\n\t<meta property=\"og:image:height\" content=\"2000\" \/>\n\t<meta property=\"og:image:type\" content=\"image\/webp\" \/>\n<meta name=\"twitter:card\" content=\"summary_large_image\" \/>\n<meta name=\"twitter:label1\" content=\"Ber\u00e4knad l\u00e4stid\" \/>\n\t<meta name=\"twitter:data1\" content=\"1 minut\" \/>\n<!-- \/ Yoast SEO plugin. -->","yoast_head_json":{"title":"TRUUSK Avslappningsstol med Pall - Justerbart Ryggst\u00f6d - Liggfunktion - Modern Design - Kudde - Upp till 180 kg - Beige - TRUUSK - Hem, Tr\u00e4dg\u00e5rd &amp; Fritid","robots":{"index":"index","follow":"follow","max-snippet":"max-snippet:-1","max-image-preview":"max-image-preview:large","max-video-preview":"max-video-preview:-1"},"canonical":"https:\/\/truusk.store\/sv\/produkt\/truusk-avslappningsstol-med-pall-justerbart-ryggstod-liggfunktion-modern-design-kudde-upp-till-180-kg-beige\/","og_locale":"sv_SE","og_type":"article","og_title":"TRUUSK Avslappningsstol med Pall - Justerbart Ryggst\u00f6d - Liggfunktion - Modern Design - Kudde - Upp till 180 kg - Beige - TRUUSK - Hem, Tr\u00e4dg\u00e5rd &amp; Fritid","og_description":"Unna dig en v\u00e4lf\u00f6rtj\u00e4nt paus och slappna av i denna mysiga f\u00e5t\u00f6lj fr\u00e5n TRUUSK. Setet best\u00e5r av en loungef\u00e5t\u00f6lj och...","og_url":"https:\/\/truusk.store\/sv\/produkt\/truusk-avslappningsstol-med-pall-justerbart-ryggstod-liggfunktion-modern-design-kudde-upp-till-180-kg-beige\/","og_site_name":"TRUUSK - Hem, Tr\u00e4dg\u00e5rd &amp; Fritid","article_modified_time":"2026-03-12T08:17:32+00:00","og_image":[{"width":2000,"height":2000,"url":"https:\/\/i0.wp.com\/truusk.se\/wp-content\/uploads\/2025\/06\/avslappningsstol-med-pall-stol-med-justerbar-ryggstod-liggfunktion-kudde-modern-lounge-stol-med-snor-optik-for-vardagsrum-kan-belastas-upp-till-180-kg-beige-1.webp?fit=2000%2C2000&ssl=1","type":"image\/webp"}],"twitter_card":"summary_large_image","twitter_misc":{"Ber\u00e4knad l\u00e4stid":"1 minut"},"schema":{"@context":"https:\/\/schema.org","@graph":[{"@type":"WebPage","@id":"https:\/\/truusk.store\/sv\/produkt\/truusk-avslappningsstol-med-pall-justerbart-ryggstod-liggfunktion-modern-design-kudde-upp-till-180-kg-beige\/","url":"https:\/\/truusk.store\/sv\/produkt\/truusk-avslappningsstol-med-pall-justerbart-ryggstod-liggfunktion-modern-design-kudde-upp-till-180-kg-beige\/","name":"TRUUSK Avslappningsstol med Pall - Justerbart Ryggst\u00f6d - Liggfunktion - Modern Design - Kudde - Upp till 180 kg - Beige - TRUUSK - Hem, Tr\u00e4dg\u00e5rd &amp; Fritid","isPartOf":{"@id":"https:\/\/truusk.store\/sv\/#website"},"primaryImageOfPage":{"@id":"https:\/\/truusk.store\/sv\/produkt\/truusk-avslappningsstol-med-pall-justerbart-ryggstod-liggfunktion-modern-design-kudde-upp-till-180-kg-beige\/#primaryimage"},"image":{"@id":"https:\/\/truusk.store\/sv\/produkt\/truusk-avslappningsstol-med-pall-justerbart-ryggstod-liggfunktion-modern-design-kudde-upp-till-180-kg-beige\/#primaryimage"},"thumbnailUrl":"https:\/\/i0.wp.com\/truusk.store\/wp-content\/uploads\/2025\/06\/avslappningsstol-med-pall-stol-med-justerbar-ryggstod-liggfunktion-kudde-modern-lounge-stol-med-snor-optik-for-vardagsrum-kan-belastas-upp-till-180-kg-beige-1.webp?fit=2000%2C2000&ssl=1","datePublished":"2025-06-06T04:31:44+00:00","dateModified":"2026-03-12T08:17:32+00:00","breadcrumb":{"@id":"https:\/\/truusk.store\/sv\/produkt\/truusk-avslappningsstol-med-pall-justerbart-ryggstod-liggfunktion-modern-design-kudde-upp-till-180-kg-beige\/#breadcrumb"},"inLanguage":"sv-SE","potentialAction":[{"@type":"ReadAction","target":["https:\/\/truusk.store\/sv\/produkt\/truusk-avslappningsstol-med-pall-justerbart-ryggstod-liggfunktion-modern-design-kudde-upp-till-180-kg-beige\/"]}]},{"@type":"ImageObject","inLanguage":"sv-SE","@id":"https:\/\/truusk.store\/sv\/produkt\/truusk-avslappningsstol-med-pall-justerbart-ryggstod-liggfunktion-modern-design-kudde-upp-till-180-kg-beige\/#primaryimage","url":"https:\/\/i0.wp.com\/truusk.store\/wp-content\/uploads\/2025\/06\/avslappningsstol-med-pall-stol-med-justerbar-ryggstod-liggfunktion-kudde-modern-lounge-stol-med-snor-optik-for-vardagsrum-kan-belastas-upp-till-180-kg-beige-1.webp?fit=2000%2C2000&ssl=1","contentUrl":"https:\/\/i0.wp.com\/truusk.store\/wp-content\/uploads\/2025\/06\/avslappningsstol-med-pall-stol-med-justerbar-ryggstod-liggfunktion-kudde-modern-lounge-stol-med-snor-optik-for-vardagsrum-kan-belastas-upp-till-180-kg-beige-1.webp?fit=2000%2C2000&ssl=1","width":2000,"height":2000},{"@type":"BreadcrumbList","@id":"https:\/\/truusk.store\/sv\/produkt\/truusk-avslappningsstol-med-pall-justerbart-ryggstod-liggfunktion-modern-design-kudde-upp-till-180-kg-beige\/#breadcrumb","itemListElement":[{"@type":"ListItem","position":1,"name":"Home","item":"https:\/\/truusk.store\/sv\/"},{"@type":"ListItem","position":2,"name":"Shop","item":"https:\/\/truusk.store\/shop\/"},{"@type":"ListItem","position":3,"name":"TRUUSK Avslappningsstol med Pall &#8211; Justerbart Ryggst\u00f6d &#8211; Liggfunktion &#8211; Modern Design &#8211; Kudde &#8211; Upp till 180 kg &#8211; Beige"}]},{"@type":"WebSite","@id":"https:\/\/truusk.store\/sv\/#website","url":"https:\/\/truusk.store\/sv\/","name":"TRUUSK - Hem, Tr\u00e4dg\u00e5rd & Fritid","description":"","publisher":{"@id":"https:\/\/truusk.store\/sv\/#organization"},"potentialAction":[{"@type":"SearchAction","target":{"@type":"EntryPoint","urlTemplate":"https:\/\/truusk.store\/sv\/?s={search_term_string}"},"query-input":{"@type":"PropertyValueSpecification","valueRequired":true,"valueName":"search_term_string"}}],"inLanguage":"sv-SE"},{"@type":"Organization","@id":"https:\/\/truusk.store\/sv\/#organization","name":"TRUUSK - Hem, Tr\u00e4dg\u00e5rd & Fritid","url":"https:\/\/truusk.store\/sv\/","logo":{"@type":"ImageObject","inLanguage":"sv-SE","@id":"https:\/\/truusk.store\/sv\/#\/schema\/logo\/image\/","url":"https:\/\/i0.wp.com\/truusk.store\/wp-content\/uploads\/2026\/03\/cropped-TRUUSK.png?fit=2032%2C917&ssl=1","contentUrl":"https:\/\/i0.wp.com\/truusk.store\/wp-content\/uploads\/2026\/03\/cropped-TRUUSK.png?fit=2032%2C917&ssl=1","width":2032,"height":917,"caption":"TRUUSK - Hem, Tr\u00e4dg\u00e5rd & Fritid"},"image":{"@id":"https:\/\/truusk.store\/sv\/#\/schema\/logo\/image\/"}}]}},"jetpack_sharing_enabled":true,"_links":{"self":[{"href":"https:\/\/truusk.store\/sv\/wp-json\/wp\/v2\/product\/76463","targetHints":{"allow":["GET"]}}],"collection":[{"href":"https:\/\/truusk.store\/sv\/wp-json\/wp\/v2\/product"}],"about":[{"href":"https:\/\/truusk.store\/sv\/wp-json\/wp\/v2\/types\/product"}],"wp:featuredmedia":[{"embeddable":true,"href":"https:\/\/truusk.store\/sv\/wp-json\/wp\/v2\/media\/76454"}],"wp:attachment":[{"href":"https:\/\/truusk.store\/sv\/wp-json\/wp\/v2\/media?parent=76463"}],"wp:term":[{"taxonomy":"product_brand","embeddable":true,"href":"https:\/\/truusk.store\/sv\/wp-json\/wp\/v2\/product_brand?post=76463"},{"taxonomy":"product_cat","embeddable":true,"href":"https:\/\/truusk.store\/sv\/wp-json\/wp\/v2\/product_cat?post=76463"},{"taxonomy":"product_tag","embeddable":true,"href":"https:\/\/truusk.store\/sv\/wp-json\/wp\/v2\/product_tag?post=76463"}],"curies":[{"name":"wp","href":"https:\/\/api.w.org\/{rel}","templated":true}]}}