{"id":76493,"date":"2025-06-06T05:34:37","date_gmt":"2025-06-06T04:34:37","guid":{"rendered":"https:\/\/truusk.store\/product\/30-liter-kompressor-kylbox-elektrisk-kylbox-med-led-eco-lage-anslutning-kylhallningsfunktion-fryslada-termobox-mini-kylskap-12-230-volt-for-biluttag-lastbil-camping-svart\/"},"modified":"2026-03-12T08:43:16","modified_gmt":"2026-03-12T07:43:16","slug":"truusk-30-liter-elektrisk-kylbox-med-led-eco-lage-kylhallningsfunktion-fryslada-termobox-mini-kylskap-12-230-volt","status":"publish","type":"product","link":"https:\/\/truusk.store\/sv\/produkt\/truusk-30-liter-elektrisk-kylbox-med-led-eco-lage-kylhallningsfunktion-fryslada-termobox-mini-kylskap-12-230-volt\/","title":{"rendered":"TRUUSK 30 Liter Elektrisk Kylbox Med LED &#8211; ECO-l\u00e4ge &#8211; Kylh\u00e5llningsfunktion &#8211; Frysl\u00e5da &#8211; Termobox &#8211; Mini Kylsk\u00e5p &#8211; 12\/230 Volt &#8211;"},"content":{"rendered":"<p>Upplev bekv\u00e4mligheten med TRUUSK elektriska kompressorkylbox med anpassningsbara lagringsomr\u00e5den som minskar lukter och erbjuder en gener\u00f6s volym p\u00e5 30 liter. Med ett teleskopiskt handtag och stabila r\u00e4ls hjul \u00e4r denna 12V-kylbox l\u00e4tt att flytta och m\u00f6jligg\u00f6r temperaturjusteringar fr\u00e5n -20\u2103 till 20\u2103 med ett knapptryck p\u00e5 LED-panelen. Dina produkter h\u00e5lls f\u00e4rska tack vare energieffektivt l\u00e4ge eller snabbkylalternativet.<\/p>\n<p>Beskrivning:<\/p>\n<ul>\n<li> Organiserade lagringszoner minimerar effektivt lukter, 30-liters kapacitet f\u00f6r stora m\u00e4ngder<\/li>\n<li> Handtag och robusta hjul p\u00e5 bilkylboxen f\u00f6rb\u00e4ttrar b\u00e4rbarheten<\/li>\n<li> Temperaturkontroll av campingkylboxen fr\u00e5n -20\u2103 till 20\u2103 via LED-panel<\/li>\n<li> L\u00e5g ljudniv\u00e5 p\u00e5 43 dB f\u00f6r tyst drift<\/li>\n<li> Fungerar smidigt upp till 30\u00b0 lutning med st\u00f6td\u00e4mpning<\/li>\n<li> Olika l\u00e4gen och flera str\u00f6malternativ, inklusive m\u00f6jlighet till solenergiladdning<\/li>\n<li> Batteriskyddsinst\u00e4llningar (L\u00e5g, Medium, H\u00f6g) p\u00e5 bilkylsk\u00e5pet f\u00f6rhindrar urladdning av fordonsbatteriet<\/li>\n<li> Inre belysning med LED f\u00f6r synlighet i m\u00f6rker<\/li>\n<\/ul>\n<p> Tekniska data:<\/p>\n<ul>\n<li> F\u00e4rg: Svart<\/li>\n<li> Material: Plast<\/li>\n<li> Totala dimensioner: 61L x 39B x 41,5H cm<\/li>\n<li> Inre dimensioner: 28L x 26B x 32,5H cm, 26L x 16B x 16H cm<\/li>\n<li> Volym: 30 L<\/li>\n<li> Temperaturomr\u00e5de: -20\u2103 &#8211; 20\u2103<\/li>\n<li> Sp\u00e4nning: DC 12V\/24V (f\u00f6r anv\u00e4ndning i bil), AC 100V-240V (f\u00f6r hemmabruk)<\/li>\n<li> L\u00e4ngd p\u00e5 likstr\u00f6mskabel: 2,4 m<\/li>\n<li> V\u00e4xelstr\u00f6msadapterkabel: 2 m<\/li>\n<li> Energieffektivitetsklass: E<\/li>\n<li> Belastningskapacitet: 100 kg<\/li>\n<li> Certifieringar: CE<\/li>\n<\/ul>\n<p>Leverans inneh\u00e5ller:<\/p>\n<ul>\n<li> 1 x B\u00e4rbar frys<\/li>\n<li> 1 x Likstr\u00f6mskabel<\/li>\n<li> 1 x V\u00e4xelstr\u00f6msadapter<\/li>\n<li> 1 x Anv\u00e4ndarmanual<\/li>\n<\/ul>\n","protected":false},"excerpt":{"rendered":"<p>Upplev bekv\u00e4mligheten med TRUUSK elektriska kompressorkylbox med anpassningsbara lagringsomr\u00e5den som minskar lukter och erbjuder en gener\u00f6s volym p\u00e5 30 liter&#8230;.<\/p>\n","protected":false},"featured_media":76484,"template":"","meta":[],"product_brand":[],"product_cat":[871,498,933,1029],"product_tag":[],"class_list":{"0":"post-76493","1":"product","2":"type-product","3":"status-publish","4":"has-post-thumbnail","6":"product_cat-hus-hem","7":"product_cat-hushallsapparater","8":"product_cat-koksapparater","9":"product_cat-minikuhlschranke","11":"first","12":"instock","13":"sale","14":"taxable","15":"shipping-taxable","16":"purchasable","17":"product-type-simple"},"yoast_head":"<!-- This site is optimized with the Yoast SEO plugin v25.4 - https:\/\/yoast.com\/wordpress\/plugins\/seo\/ -->\n<title>TRUUSK 30 Liter Elektrisk Kylbox Med LED - ECO-l\u00e4ge - Kylh\u00e5llningsfunktion - Frysl\u00e5da - Termobox - Mini Kylsk\u00e5p - 12\/230 Volt - TRUUSK - Hem, Tr\u00e4dg\u00e5rd &amp; Fritid<\/title>\n<meta name=\"robots\" content=\"index, follow, max-snippet:-1, max-image-preview:large, max-video-preview:-1\" \/>\n<link rel=\"canonical\" href=\"https:\/\/truusk.store\/sv\/produkt\/truusk-30-liter-elektrisk-kylbox-med-led-eco-lage-kylhallningsfunktion-fryslada-termobox-mini-kylskap-12-230-volt\/\" \/>\n<meta property=\"og:locale\" content=\"sv_SE\" \/>\n<meta property=\"og:type\" content=\"article\" \/>\n<meta property=\"og:title\" content=\"TRUUSK 30 Liter Elektrisk Kylbox Med LED - ECO-l\u00e4ge - Kylh\u00e5llningsfunktion - Frysl\u00e5da - Termobox - Mini Kylsk\u00e5p - 12\/230 Volt - TRUUSK - Hem, Tr\u00e4dg\u00e5rd &amp; Fritid\" \/>\n<meta property=\"og:description\" content=\"Upplev bekv\u00e4mligheten med TRUUSK elektriska kompressorkylbox med anpassningsbara lagringsomr\u00e5den som minskar lukter och erbjuder en gener\u00f6s volym p\u00e5 30 liter....\" \/>\n<meta property=\"og:url\" content=\"https:\/\/truusk.store\/sv\/produkt\/truusk-30-liter-elektrisk-kylbox-med-led-eco-lage-kylhallningsfunktion-fryslada-termobox-mini-kylskap-12-230-volt\/\" \/>\n<meta property=\"og:site_name\" content=\"TRUUSK - Hem, Tr\u00e4dg\u00e5rd &amp; Fritid\" \/>\n<meta property=\"article:modified_time\" content=\"2026-03-12T07:43:16+00:00\" \/>\n<meta property=\"og:image\" content=\"https:\/\/i0.wp.com\/truusk.se\/wp-content\/uploads\/2025\/06\/30-liter-kompressor-kylbox-elektrisk-kylbox-med-led-eco-lage-anslutning-kylhallningsfunktion-fryslada-termobox-mini-kylskap-12-230-volt-for-biluttag-lastbil-camping-svart-1.webp?fit=2000%2C2000&ssl=1\" \/>\n\t<meta property=\"og:image:width\" content=\"2000\" \/>\n\t<meta property=\"og:image:height\" content=\"2000\" \/>\n\t<meta property=\"og:image:type\" content=\"image\/webp\" \/>\n<meta name=\"twitter:card\" content=\"summary_large_image\" \/>\n<meta name=\"twitter:label1\" content=\"Ber\u00e4knad l\u00e4stid\" \/>\n\t<meta name=\"twitter:data1\" content=\"1 minut\" \/>\n<!-- \/ Yoast SEO plugin. -->","yoast_head_json":{"title":"TRUUSK 30 Liter Elektrisk Kylbox Med LED - ECO-l\u00e4ge - Kylh\u00e5llningsfunktion - Frysl\u00e5da - Termobox - Mini Kylsk\u00e5p - 12\/230 Volt - TRUUSK - Hem, Tr\u00e4dg\u00e5rd &amp; Fritid","robots":{"index":"index","follow":"follow","max-snippet":"max-snippet:-1","max-image-preview":"max-image-preview:large","max-video-preview":"max-video-preview:-1"},"canonical":"https:\/\/truusk.store\/sv\/produkt\/truusk-30-liter-elektrisk-kylbox-med-led-eco-lage-kylhallningsfunktion-fryslada-termobox-mini-kylskap-12-230-volt\/","og_locale":"sv_SE","og_type":"article","og_title":"TRUUSK 30 Liter Elektrisk Kylbox Med LED - ECO-l\u00e4ge - Kylh\u00e5llningsfunktion - Frysl\u00e5da - Termobox - Mini Kylsk\u00e5p - 12\/230 Volt - TRUUSK - Hem, Tr\u00e4dg\u00e5rd &amp; Fritid","og_description":"Upplev bekv\u00e4mligheten med TRUUSK elektriska kompressorkylbox med anpassningsbara lagringsomr\u00e5den som minskar lukter och erbjuder en gener\u00f6s volym p\u00e5 30 liter....","og_url":"https:\/\/truusk.store\/sv\/produkt\/truusk-30-liter-elektrisk-kylbox-med-led-eco-lage-kylhallningsfunktion-fryslada-termobox-mini-kylskap-12-230-volt\/","og_site_name":"TRUUSK - Hem, Tr\u00e4dg\u00e5rd &amp; Fritid","article_modified_time":"2026-03-12T07:43:16+00:00","og_image":[{"width":2000,"height":2000,"url":"https:\/\/i0.wp.com\/truusk.se\/wp-content\/uploads\/2025\/06\/30-liter-kompressor-kylbox-elektrisk-kylbox-med-led-eco-lage-anslutning-kylhallningsfunktion-fryslada-termobox-mini-kylskap-12-230-volt-for-biluttag-lastbil-camping-svart-1.webp?fit=2000%2C2000&ssl=1","type":"image\/webp"}],"twitter_card":"summary_large_image","twitter_misc":{"Ber\u00e4knad l\u00e4stid":"1 minut"},"schema":{"@context":"https:\/\/schema.org","@graph":[{"@type":"WebPage","@id":"https:\/\/truusk.store\/sv\/produkt\/truusk-30-liter-elektrisk-kylbox-med-led-eco-lage-kylhallningsfunktion-fryslada-termobox-mini-kylskap-12-230-volt\/","url":"https:\/\/truusk.store\/sv\/produkt\/truusk-30-liter-elektrisk-kylbox-med-led-eco-lage-kylhallningsfunktion-fryslada-termobox-mini-kylskap-12-230-volt\/","name":"TRUUSK 30 Liter Elektrisk Kylbox Med LED - ECO-l\u00e4ge - Kylh\u00e5llningsfunktion - Frysl\u00e5da - Termobox - Mini Kylsk\u00e5p - 12\/230 Volt - TRUUSK - Hem, Tr\u00e4dg\u00e5rd &amp; Fritid","isPartOf":{"@id":"https:\/\/truusk.store\/sv\/#website"},"primaryImageOfPage":{"@id":"https:\/\/truusk.store\/sv\/produkt\/truusk-30-liter-elektrisk-kylbox-med-led-eco-lage-kylhallningsfunktion-fryslada-termobox-mini-kylskap-12-230-volt\/#primaryimage"},"image":{"@id":"https:\/\/truusk.store\/sv\/produkt\/truusk-30-liter-elektrisk-kylbox-med-led-eco-lage-kylhallningsfunktion-fryslada-termobox-mini-kylskap-12-230-volt\/#primaryimage"},"thumbnailUrl":"https:\/\/i0.wp.com\/truusk.store\/wp-content\/uploads\/2025\/06\/30-liter-kompressor-kylbox-elektrisk-kylbox-med-led-eco-lage-anslutning-kylhallningsfunktion-fryslada-termobox-mini-kylskap-12-230-volt-for-biluttag-lastbil-camping-svart-1.webp?fit=2000%2C2000&ssl=1","datePublished":"2025-06-06T04:34:37+00:00","dateModified":"2026-03-12T07:43:16+00:00","breadcrumb":{"@id":"https:\/\/truusk.store\/sv\/produkt\/truusk-30-liter-elektrisk-kylbox-med-led-eco-lage-kylhallningsfunktion-fryslada-termobox-mini-kylskap-12-230-volt\/#breadcrumb"},"inLanguage":"sv-SE","potentialAction":[{"@type":"ReadAction","target":["https:\/\/truusk.store\/sv\/produkt\/truusk-30-liter-elektrisk-kylbox-med-led-eco-lage-kylhallningsfunktion-fryslada-termobox-mini-kylskap-12-230-volt\/"]}]},{"@type":"ImageObject","inLanguage":"sv-SE","@id":"https:\/\/truusk.store\/sv\/produkt\/truusk-30-liter-elektrisk-kylbox-med-led-eco-lage-kylhallningsfunktion-fryslada-termobox-mini-kylskap-12-230-volt\/#primaryimage","url":"https:\/\/i0.wp.com\/truusk.store\/wp-content\/uploads\/2025\/06\/30-liter-kompressor-kylbox-elektrisk-kylbox-med-led-eco-lage-anslutning-kylhallningsfunktion-fryslada-termobox-mini-kylskap-12-230-volt-for-biluttag-lastbil-camping-svart-1.webp?fit=2000%2C2000&ssl=1","contentUrl":"https:\/\/i0.wp.com\/truusk.store\/wp-content\/uploads\/2025\/06\/30-liter-kompressor-kylbox-elektrisk-kylbox-med-led-eco-lage-anslutning-kylhallningsfunktion-fryslada-termobox-mini-kylskap-12-230-volt-for-biluttag-lastbil-camping-svart-1.webp?fit=2000%2C2000&ssl=1","width":2000,"height":2000},{"@type":"BreadcrumbList","@id":"https:\/\/truusk.store\/sv\/produkt\/truusk-30-liter-elektrisk-kylbox-med-led-eco-lage-kylhallningsfunktion-fryslada-termobox-mini-kylskap-12-230-volt\/#breadcrumb","itemListElement":[{"@type":"ListItem","position":1,"name":"Home","item":"https:\/\/truusk.store\/sv\/"},{"@type":"ListItem","position":2,"name":"Shop","item":"https:\/\/truusk.store\/shop\/"},{"@type":"ListItem","position":3,"name":"TRUUSK 30 Liter Elektrisk Kylbox Med LED &#8211; ECO-l\u00e4ge &#8211; Kylh\u00e5llningsfunktion &#8211; Frysl\u00e5da &#8211; Termobox &#8211; Mini Kylsk\u00e5p &#8211; 12\/230 Volt &#8211;"}]},{"@type":"WebSite","@id":"https:\/\/truusk.store\/sv\/#website","url":"https:\/\/truusk.store\/sv\/","name":"TRUUSK - Hem, Tr\u00e4dg\u00e5rd & Fritid","description":"","publisher":{"@id":"https:\/\/truusk.store\/sv\/#organization"},"potentialAction":[{"@type":"SearchAction","target":{"@type":"EntryPoint","urlTemplate":"https:\/\/truusk.store\/sv\/?s={search_term_string}"},"query-input":{"@type":"PropertyValueSpecification","valueRequired":true,"valueName":"search_term_string"}}],"inLanguage":"sv-SE"},{"@type":"Organization","@id":"https:\/\/truusk.store\/sv\/#organization","name":"TRUUSK - Hem, Tr\u00e4dg\u00e5rd & Fritid","url":"https:\/\/truusk.store\/sv\/","logo":{"@type":"ImageObject","inLanguage":"sv-SE","@id":"https:\/\/truusk.store\/sv\/#\/schema\/logo\/image\/","url":"https:\/\/i0.wp.com\/truusk.store\/wp-content\/uploads\/2026\/03\/cropped-TRUUSK.png?fit=2032%2C917&ssl=1","contentUrl":"https:\/\/i0.wp.com\/truusk.store\/wp-content\/uploads\/2026\/03\/cropped-TRUUSK.png?fit=2032%2C917&ssl=1","width":2032,"height":917,"caption":"TRUUSK - Hem, Tr\u00e4dg\u00e5rd & Fritid"},"image":{"@id":"https:\/\/truusk.store\/sv\/#\/schema\/logo\/image\/"}}]}},"jetpack_sharing_enabled":true,"_links":{"self":[{"href":"https:\/\/truusk.store\/sv\/wp-json\/wp\/v2\/product\/76493","targetHints":{"allow":["GET"]}}],"collection":[{"href":"https:\/\/truusk.store\/sv\/wp-json\/wp\/v2\/product"}],"about":[{"href":"https:\/\/truusk.store\/sv\/wp-json\/wp\/v2\/types\/product"}],"wp:featuredmedia":[{"embeddable":true,"href":"https:\/\/truusk.store\/sv\/wp-json\/wp\/v2\/media\/76484"}],"wp:attachment":[{"href":"https:\/\/truusk.store\/sv\/wp-json\/wp\/v2\/media?parent=76493"}],"wp:term":[{"taxonomy":"product_brand","embeddable":true,"href":"https:\/\/truusk.store\/sv\/wp-json\/wp\/v2\/product_brand?post=76493"},{"taxonomy":"product_cat","embeddable":true,"href":"https:\/\/truusk.store\/sv\/wp-json\/wp\/v2\/product_cat?post=76493"},{"taxonomy":"product_tag","embeddable":true,"href":"https:\/\/truusk.store\/sv\/wp-json\/wp\/v2\/product_tag?post=76493"}],"curies":[{"name":"wp","href":"https:\/\/api.w.org\/{rel}","templated":true}]}}