{"id":76503,"date":"2025-06-06T05:35:38","date_gmt":"2025-06-06T04:35:38","guid":{"rendered":"https:\/\/truusk.store\/product\/campingbord-hojdjusterbart-vikbord-med-metallgaller-vikbart-tradgardsbord-av-aluminium-latt-multifunktionellt-bord-sidobord-for-tradgard-balkong-camping-90-x-405cm-svart\/"},"modified":"2026-03-12T08:43:08","modified_gmt":"2026-03-12T07:43:08","slug":"truusk-campingbord-hojdjusterbart-vikbord-metallgaller-vikbart-tradgardsbord-aluminium-multifunktionellt-bord","status":"publish","type":"product","link":"https:\/\/truusk.store\/sv\/produkt\/truusk-campingbord-hojdjusterbart-vikbord-metallgaller-vikbart-tradgardsbord-aluminium-multifunktionellt-bord\/","title":{"rendered":"TRUUSK Campingbord &#8211; H\u00f6jdjusterbart Vikbord &#8211; Metallgaller &#8211; Vikbart Tr\u00e4dg\u00e5rdsbord &#8211; Aluminium &#8211; Multifunktionellt Bord &#8211;"},"content":{"rendered":"<p>Upplev flexibiliteten med det b\u00e4rbara, hopf\u00e4llbara TRUUSK campingbordet med dess unika, rost- och vattenresistenta metallgallerbordsskiva. Tack vare den dubbla h\u00f6jdjusteringen (48 cm och 58 cm) \u00e4r det hopf\u00e4llbara tr\u00e4dg\u00e5rdsbordet idealiskt f\u00f6r picknick, BBQs eller som ett tr\u00e4dg\u00e5rdsbord. Enkel montering f\u00f6r inomhus och utomhus och lika l\u00e4tt att f\u00f6rvara.<\/p>\n<p>Beskrivning:<\/p>\n<ul>\n<li> Unikt metallgaller-campingbord f\u00f6rhindrar rost och minskar fl\u00e4ckar<\/li>\n<li> Justerbara h\u00f6jder p\u00e5 campingbordet vid 48 cm och 58 cm uppfyller olika krav<\/li>\n<li> Snabb montering och hopf\u00e4llbar design av klapptabellen f\u00f6r enkel b\u00e4rbarhet och f\u00f6rvaring<\/li>\n<li> M\u00e5ngsidigt anv\u00e4ndbar f\u00f6r aktiviteter inomhus och utomhus som picknick och grillfester<\/li>\n<li> Idealisk f\u00f6r camping, fiske och som ett praktiskt sidobord<\/li>\n<\/ul>\n<p> Tekniska data:<\/p>\n<ul>\n<li> F\u00e4rg: Svart<\/li>\n<li> Material: Metall, Aluminium<\/li>\n<li> Totala dimensioner: 90L x 40,5B x 48\/58H cm<\/li>\n<li> Hopf\u00e4llda dimensioner: 45L x 40,5B x 8H cm<\/li>\n<li> Bordsskivans storlek: 90L x 40B cm<\/li>\n<li> B\u00e4rkapacitet: 30 kg<\/li>\n<\/ul>\n<p>Leverans inneh\u00e5ller:<\/p>\n<ul>\n<li> 1 x Picknickbord<\/li>\n<li> 1 x Handbok<\/li>\n<\/ul>\n","protected":false},"excerpt":{"rendered":"<p>Upplev flexibiliteten med det b\u00e4rbara, hopf\u00e4llbara TRUUSK campingbordet med dess unika, rost- och vattenresistenta metallgallerbordsskiva. Tack vare den dubbla h\u00f6jdjusteringen&#8230;<\/p>\n","protected":false},"featured_media":76494,"template":"","meta":[],"product_brand":[],"product_cat":[648,649,647],"product_tag":[],"class_list":{"0":"post-76503","1":"product","2":"type-product","3":"status-publish","4":"has-post-thumbnail","6":"product_cat-camping-tillbehor","7":"product_cat-campingbord","8":"product_cat-sport-fritid","10":"first","11":"instock","12":"sale","13":"taxable","14":"shipping-taxable","15":"purchasable","16":"product-type-simple"},"yoast_head":"<!-- This site is optimized with the Yoast SEO plugin v25.4 - https:\/\/yoast.com\/wordpress\/plugins\/seo\/ -->\n<title>TRUUSK Campingbord - H\u00f6jdjusterbart Vikbord - Metallgaller - Vikbart Tr\u00e4dg\u00e5rdsbord - Aluminium - Multifunktionellt Bord - TRUUSK - Hem, Tr\u00e4dg\u00e5rd &amp; Fritid<\/title>\n<meta name=\"robots\" content=\"index, follow, max-snippet:-1, max-image-preview:large, max-video-preview:-1\" \/>\n<link rel=\"canonical\" href=\"https:\/\/truusk.store\/sv\/produkt\/truusk-campingbord-hojdjusterbart-vikbord-metallgaller-vikbart-tradgardsbord-aluminium-multifunktionellt-bord\/\" \/>\n<meta property=\"og:locale\" content=\"sv_SE\" \/>\n<meta property=\"og:type\" content=\"article\" \/>\n<meta property=\"og:title\" content=\"TRUUSK Campingbord - H\u00f6jdjusterbart Vikbord - Metallgaller - Vikbart Tr\u00e4dg\u00e5rdsbord - Aluminium - Multifunktionellt Bord - TRUUSK - Hem, Tr\u00e4dg\u00e5rd &amp; Fritid\" \/>\n<meta property=\"og:description\" content=\"Upplev flexibiliteten med det b\u00e4rbara, hopf\u00e4llbara TRUUSK campingbordet med dess unika, rost- och vattenresistenta metallgallerbordsskiva. Tack vare den dubbla h\u00f6jdjusteringen...\" \/>\n<meta property=\"og:url\" content=\"https:\/\/truusk.store\/sv\/produkt\/truusk-campingbord-hojdjusterbart-vikbord-metallgaller-vikbart-tradgardsbord-aluminium-multifunktionellt-bord\/\" \/>\n<meta property=\"og:site_name\" content=\"TRUUSK - Hem, Tr\u00e4dg\u00e5rd &amp; Fritid\" \/>\n<meta property=\"article:modified_time\" content=\"2026-03-12T07:43:08+00:00\" \/>\n<meta property=\"og:image\" content=\"https:\/\/i0.wp.com\/truusk.se\/wp-content\/uploads\/2025\/06\/campingbord-hojdjusterbart-vikbord-med-metallgaller-vikbart-tradgardsbord-av-aluminium-latt-multifunktionellt-bord-sidobord-for-tradgard-balkong-camping-90-x-405cm-svart-1.webp?fit=2000%2C2000&ssl=1\" \/>\n\t<meta property=\"og:image:width\" content=\"2000\" \/>\n\t<meta property=\"og:image:height\" content=\"2000\" \/>\n\t<meta property=\"og:image:type\" content=\"image\/webp\" \/>\n<meta name=\"twitter:card\" content=\"summary_large_image\" \/>\n<meta name=\"twitter:label1\" content=\"Ber\u00e4knad l\u00e4stid\" \/>\n\t<meta name=\"twitter:data1\" content=\"1 minut\" \/>\n<!-- \/ Yoast SEO plugin. -->","yoast_head_json":{"title":"TRUUSK Campingbord - H\u00f6jdjusterbart Vikbord - Metallgaller - Vikbart Tr\u00e4dg\u00e5rdsbord - Aluminium - Multifunktionellt Bord - TRUUSK - Hem, Tr\u00e4dg\u00e5rd &amp; Fritid","robots":{"index":"index","follow":"follow","max-snippet":"max-snippet:-1","max-image-preview":"max-image-preview:large","max-video-preview":"max-video-preview:-1"},"canonical":"https:\/\/truusk.store\/sv\/produkt\/truusk-campingbord-hojdjusterbart-vikbord-metallgaller-vikbart-tradgardsbord-aluminium-multifunktionellt-bord\/","og_locale":"sv_SE","og_type":"article","og_title":"TRUUSK Campingbord - H\u00f6jdjusterbart Vikbord - Metallgaller - Vikbart Tr\u00e4dg\u00e5rdsbord - Aluminium - Multifunktionellt Bord - TRUUSK - Hem, Tr\u00e4dg\u00e5rd &amp; Fritid","og_description":"Upplev flexibiliteten med det b\u00e4rbara, hopf\u00e4llbara TRUUSK campingbordet med dess unika, rost- och vattenresistenta metallgallerbordsskiva. Tack vare den dubbla h\u00f6jdjusteringen...","og_url":"https:\/\/truusk.store\/sv\/produkt\/truusk-campingbord-hojdjusterbart-vikbord-metallgaller-vikbart-tradgardsbord-aluminium-multifunktionellt-bord\/","og_site_name":"TRUUSK - Hem, Tr\u00e4dg\u00e5rd &amp; Fritid","article_modified_time":"2026-03-12T07:43:08+00:00","og_image":[{"width":2000,"height":2000,"url":"https:\/\/i0.wp.com\/truusk.se\/wp-content\/uploads\/2025\/06\/campingbord-hojdjusterbart-vikbord-med-metallgaller-vikbart-tradgardsbord-av-aluminium-latt-multifunktionellt-bord-sidobord-for-tradgard-balkong-camping-90-x-405cm-svart-1.webp?fit=2000%2C2000&ssl=1","type":"image\/webp"}],"twitter_card":"summary_large_image","twitter_misc":{"Ber\u00e4knad l\u00e4stid":"1 minut"},"schema":{"@context":"https:\/\/schema.org","@graph":[{"@type":"WebPage","@id":"https:\/\/truusk.store\/sv\/produkt\/truusk-campingbord-hojdjusterbart-vikbord-metallgaller-vikbart-tradgardsbord-aluminium-multifunktionellt-bord\/","url":"https:\/\/truusk.store\/sv\/produkt\/truusk-campingbord-hojdjusterbart-vikbord-metallgaller-vikbart-tradgardsbord-aluminium-multifunktionellt-bord\/","name":"TRUUSK Campingbord - H\u00f6jdjusterbart Vikbord - Metallgaller - Vikbart Tr\u00e4dg\u00e5rdsbord - Aluminium - Multifunktionellt Bord - TRUUSK - Hem, Tr\u00e4dg\u00e5rd &amp; Fritid","isPartOf":{"@id":"https:\/\/truusk.store\/sv\/#website"},"primaryImageOfPage":{"@id":"https:\/\/truusk.store\/sv\/produkt\/truusk-campingbord-hojdjusterbart-vikbord-metallgaller-vikbart-tradgardsbord-aluminium-multifunktionellt-bord\/#primaryimage"},"image":{"@id":"https:\/\/truusk.store\/sv\/produkt\/truusk-campingbord-hojdjusterbart-vikbord-metallgaller-vikbart-tradgardsbord-aluminium-multifunktionellt-bord\/#primaryimage"},"thumbnailUrl":"https:\/\/i0.wp.com\/truusk.store\/wp-content\/uploads\/2025\/06\/campingbord-hojdjusterbart-vikbord-med-metallgaller-vikbart-tradgardsbord-av-aluminium-latt-multifunktionellt-bord-sidobord-for-tradgard-balkong-camping-90-x-405cm-svart-1.webp?fit=2000%2C2000&ssl=1","datePublished":"2025-06-06T04:35:38+00:00","dateModified":"2026-03-12T07:43:08+00:00","breadcrumb":{"@id":"https:\/\/truusk.store\/sv\/produkt\/truusk-campingbord-hojdjusterbart-vikbord-metallgaller-vikbart-tradgardsbord-aluminium-multifunktionellt-bord\/#breadcrumb"},"inLanguage":"sv-SE","potentialAction":[{"@type":"ReadAction","target":["https:\/\/truusk.store\/sv\/produkt\/truusk-campingbord-hojdjusterbart-vikbord-metallgaller-vikbart-tradgardsbord-aluminium-multifunktionellt-bord\/"]}]},{"@type":"ImageObject","inLanguage":"sv-SE","@id":"https:\/\/truusk.store\/sv\/produkt\/truusk-campingbord-hojdjusterbart-vikbord-metallgaller-vikbart-tradgardsbord-aluminium-multifunktionellt-bord\/#primaryimage","url":"https:\/\/i0.wp.com\/truusk.store\/wp-content\/uploads\/2025\/06\/campingbord-hojdjusterbart-vikbord-med-metallgaller-vikbart-tradgardsbord-av-aluminium-latt-multifunktionellt-bord-sidobord-for-tradgard-balkong-camping-90-x-405cm-svart-1.webp?fit=2000%2C2000&ssl=1","contentUrl":"https:\/\/i0.wp.com\/truusk.store\/wp-content\/uploads\/2025\/06\/campingbord-hojdjusterbart-vikbord-med-metallgaller-vikbart-tradgardsbord-av-aluminium-latt-multifunktionellt-bord-sidobord-for-tradgard-balkong-camping-90-x-405cm-svart-1.webp?fit=2000%2C2000&ssl=1","width":2000,"height":2000},{"@type":"BreadcrumbList","@id":"https:\/\/truusk.store\/sv\/produkt\/truusk-campingbord-hojdjusterbart-vikbord-metallgaller-vikbart-tradgardsbord-aluminium-multifunktionellt-bord\/#breadcrumb","itemListElement":[{"@type":"ListItem","position":1,"name":"Home","item":"https:\/\/truusk.store\/sv\/"},{"@type":"ListItem","position":2,"name":"Shop","item":"https:\/\/truusk.store\/shop\/"},{"@type":"ListItem","position":3,"name":"TRUUSK Campingbord &#8211; H\u00f6jdjusterbart Vikbord &#8211; Metallgaller &#8211; Vikbart Tr\u00e4dg\u00e5rdsbord &#8211; Aluminium &#8211; Multifunktionellt Bord &#8211;"}]},{"@type":"WebSite","@id":"https:\/\/truusk.store\/sv\/#website","url":"https:\/\/truusk.store\/sv\/","name":"TRUUSK - Hem, Tr\u00e4dg\u00e5rd & Fritid","description":"","publisher":{"@id":"https:\/\/truusk.store\/sv\/#organization"},"potentialAction":[{"@type":"SearchAction","target":{"@type":"EntryPoint","urlTemplate":"https:\/\/truusk.store\/sv\/?s={search_term_string}"},"query-input":{"@type":"PropertyValueSpecification","valueRequired":true,"valueName":"search_term_string"}}],"inLanguage":"sv-SE"},{"@type":"Organization","@id":"https:\/\/truusk.store\/sv\/#organization","name":"TRUUSK - Hem, Tr\u00e4dg\u00e5rd & Fritid","url":"https:\/\/truusk.store\/sv\/","logo":{"@type":"ImageObject","inLanguage":"sv-SE","@id":"https:\/\/truusk.store\/sv\/#\/schema\/logo\/image\/","url":"https:\/\/i0.wp.com\/truusk.store\/wp-content\/uploads\/2026\/03\/cropped-TRUUSK.png?fit=2032%2C917&ssl=1","contentUrl":"https:\/\/i0.wp.com\/truusk.store\/wp-content\/uploads\/2026\/03\/cropped-TRUUSK.png?fit=2032%2C917&ssl=1","width":2032,"height":917,"caption":"TRUUSK - Hem, Tr\u00e4dg\u00e5rd & Fritid"},"image":{"@id":"https:\/\/truusk.store\/sv\/#\/schema\/logo\/image\/"}}]}},"jetpack_sharing_enabled":true,"_links":{"self":[{"href":"https:\/\/truusk.store\/sv\/wp-json\/wp\/v2\/product\/76503","targetHints":{"allow":["GET"]}}],"collection":[{"href":"https:\/\/truusk.store\/sv\/wp-json\/wp\/v2\/product"}],"about":[{"href":"https:\/\/truusk.store\/sv\/wp-json\/wp\/v2\/types\/product"}],"wp:featuredmedia":[{"embeddable":true,"href":"https:\/\/truusk.store\/sv\/wp-json\/wp\/v2\/media\/76494"}],"wp:attachment":[{"href":"https:\/\/truusk.store\/sv\/wp-json\/wp\/v2\/media?parent=76503"}],"wp:term":[{"taxonomy":"product_brand","embeddable":true,"href":"https:\/\/truusk.store\/sv\/wp-json\/wp\/v2\/product_brand?post=76503"},{"taxonomy":"product_cat","embeddable":true,"href":"https:\/\/truusk.store\/sv\/wp-json\/wp\/v2\/product_cat?post=76503"},{"taxonomy":"product_tag","embeddable":true,"href":"https:\/\/truusk.store\/sv\/wp-json\/wp\/v2\/product_tag?post=76503"}],"curies":[{"name":"wp","href":"https:\/\/api.w.org\/{rel}","templated":true}]}}