{"id":76513,"date":"2025-06-06T05:36:32","date_gmt":"2025-06-06T04:36:32","guid":{"rendered":"https:\/\/truusk.store\/product\/barstolar-2-pack-hojdjusterbar-vridbar-barstol-diskstol-med-ryggstod-och-fotstod-halkfri-pall-konstlader-svart\/"},"modified":"2026-03-12T08:44:29","modified_gmt":"2026-03-12T07:44:29","slug":"truusk-2-pack-justerbara-vridbara-barstolar-med-ryggstod-och-fotstod-halkfri-konstlader-svart","status":"publish","type":"product","link":"https:\/\/truusk.store\/sv\/produkt\/truusk-2-pack-justerbara-vridbara-barstolar-med-ryggstod-och-fotstod-halkfri-konstlader-svart\/","title":{"rendered":"TRUUSK 2-pack Justerbara Vridbara Barstolar &#8211; Med Ryggst\u00f6d och Fotst\u00f6d &#8211; Halkfri Konstl\u00e4der &#8211; Svart"},"content":{"rendered":"<p>Ge ditt hem en stilfull uppdatering med dessa tv\u00e5 justerbara konstl\u00e4derbarstolar. Perfekt f\u00f6r en snabb frukost vid k\u00f6ksb\u00e4nken eller sociala kv\u00e4llar med v\u00e4nner, anpassar sig detta set med tv\u00e5 barstolar s\u00f6ml\u00f6st till varje rum. TRUUSK barstolarna, justerbara och bekv\u00e4ma, kompletterar din k\u00f6ks\u00f6 eller hemmabar perfekt och erbjuder elegant flexibilitet.<\/p>\n<p>Beskrivning:<\/p>\n<ul>\n<li> Det tv\u00e5delade barstolsetet lyfter din k\u00f6k eller bar<\/li>\n<li> Konstl\u00e4der \u00e4r lyxigt och l\u00e4tt att reng\u00f6ra, med mjuk skumfyllning<\/li>\n<li> 58-78 cm justerbar sitth\u00f6jd, med gasfj\u00e4der f\u00f6r enkel anv\u00e4ndning<\/li>\n<li> 360\u00b0 roterande sits p\u00e5 barstolen m\u00f6jligg\u00f6r enkel riktningjustering<\/li>\n<li> Integrerad fotst\u00f6d m\u00f6jligg\u00f6r avkoppling av benen under anv\u00e4ndning<\/li>\n<li> Pulverlackerad st\u00e5lram med rund bas f\u00f6r robust st\u00f6d<\/li>\n<li> Gummiringen p\u00e5 k\u00f6ksstolen f\u00f6rhindrar repor p\u00e5 golvet och minskar r\u00f6relseljud<\/li>\n<li> Enkel montering inom 15 minuter<\/li>\n<\/ul>\n<p> Tekniska data:<\/p>\n<ul>\n<li> F\u00e4rg: Svart<\/li>\n<li> Material: Konstl\u00e4der, st\u00e5l, skum<\/li>\n<li> Totala dimensioner: 40,5B x 44T x 84-104H cm<\/li>\n<li> Sitsstorlek: 40,5B x 35T x 58-78H cm<\/li>\n<li> Ryggst\u00f6dsstorlek: 27L x 34B cm<\/li>\n<li> Fotst\u00f6dsh\u00f6jd till golvet: 20-40 cm<\/li>\n<li> Basdiameter: \u00d838 cm<\/li>\n<li> Total belastningskapacitet: 120 kg<\/li>\n<\/ul>\n<p>Leveransinneh\u00e5ll:<\/p>\n<ul>\n<li> 2 x Barstolar<\/li>\n<li> 1 x Bruksanvisning<\/li>\n<\/ul>\n","protected":false},"excerpt":{"rendered":"<p>Ge ditt hem en stilfull uppdatering med dessa tv\u00e5 justerbara konstl\u00e4derbarstolar. Perfekt f\u00f6r en snabb frukost vid k\u00f6ksb\u00e4nken eller sociala&#8230;<\/p>\n","protected":false},"featured_media":76504,"template":"","meta":[],"product_brand":[],"product_cat":[643,871,889],"product_tag":[],"class_list":{"0":"post-76513","1":"product","2":"type-product","3":"status-publish","4":"has-post-thumbnail","6":"product_cat-barnstolar","7":"product_cat-hus-hem","8":"product_cat-kok-matsal","10":"first","11":"instock","12":"sale","13":"taxable","14":"shipping-taxable","15":"purchasable","16":"product-type-simple"},"yoast_head":"<!-- This site is optimized with the Yoast SEO plugin v25.4 - https:\/\/yoast.com\/wordpress\/plugins\/seo\/ -->\n<title>TRUUSK 2-pack Justerbara Vridbara Barstolar - Med Ryggst\u00f6d och Fotst\u00f6d - Halkfri Konstl\u00e4der - Svart - TRUUSK - Hem, Tr\u00e4dg\u00e5rd &amp; Fritid<\/title>\n<meta name=\"robots\" content=\"index, follow, max-snippet:-1, max-image-preview:large, max-video-preview:-1\" \/>\n<link rel=\"canonical\" href=\"https:\/\/truusk.store\/sv\/produkt\/truusk-2-pack-justerbara-vridbara-barstolar-med-ryggstod-och-fotstod-halkfri-konstlader-svart\/\" \/>\n<meta property=\"og:locale\" content=\"sv_SE\" \/>\n<meta property=\"og:type\" content=\"article\" \/>\n<meta property=\"og:title\" content=\"TRUUSK 2-pack Justerbara Vridbara Barstolar - Med Ryggst\u00f6d och Fotst\u00f6d - Halkfri Konstl\u00e4der - Svart - TRUUSK - Hem, Tr\u00e4dg\u00e5rd &amp; Fritid\" \/>\n<meta property=\"og:description\" content=\"Ge ditt hem en stilfull uppdatering med dessa tv\u00e5 justerbara konstl\u00e4derbarstolar. Perfekt f\u00f6r en snabb frukost vid k\u00f6ksb\u00e4nken eller sociala...\" \/>\n<meta property=\"og:url\" content=\"https:\/\/truusk.store\/sv\/produkt\/truusk-2-pack-justerbara-vridbara-barstolar-med-ryggstod-och-fotstod-halkfri-konstlader-svart\/\" \/>\n<meta property=\"og:site_name\" content=\"TRUUSK - Hem, Tr\u00e4dg\u00e5rd &amp; Fritid\" \/>\n<meta property=\"article:modified_time\" content=\"2026-03-12T07:44:29+00:00\" \/>\n<meta property=\"og:image\" content=\"https:\/\/i0.wp.com\/truusk.se\/wp-content\/uploads\/2025\/06\/barstolar-2-pack-hojdjusterbar-vridbar-barstol-diskstol-med-ryggstod-och-fotstod-halkfri-pall-konstlader-svart-1.webp?fit=2000%2C2000&ssl=1\" \/>\n\t<meta property=\"og:image:width\" content=\"2000\" \/>\n\t<meta property=\"og:image:height\" content=\"2000\" \/>\n\t<meta property=\"og:image:type\" content=\"image\/webp\" \/>\n<meta name=\"twitter:card\" content=\"summary_large_image\" \/>\n<meta name=\"twitter:label1\" content=\"Ber\u00e4knad l\u00e4stid\" \/>\n\t<meta name=\"twitter:data1\" content=\"1 minut\" \/>\n<!-- \/ Yoast SEO plugin. -->","yoast_head_json":{"title":"TRUUSK 2-pack Justerbara Vridbara Barstolar - Med Ryggst\u00f6d och Fotst\u00f6d - Halkfri Konstl\u00e4der - Svart - TRUUSK - Hem, Tr\u00e4dg\u00e5rd &amp; Fritid","robots":{"index":"index","follow":"follow","max-snippet":"max-snippet:-1","max-image-preview":"max-image-preview:large","max-video-preview":"max-video-preview:-1"},"canonical":"https:\/\/truusk.store\/sv\/produkt\/truusk-2-pack-justerbara-vridbara-barstolar-med-ryggstod-och-fotstod-halkfri-konstlader-svart\/","og_locale":"sv_SE","og_type":"article","og_title":"TRUUSK 2-pack Justerbara Vridbara Barstolar - Med Ryggst\u00f6d och Fotst\u00f6d - Halkfri Konstl\u00e4der - Svart - TRUUSK - Hem, Tr\u00e4dg\u00e5rd &amp; Fritid","og_description":"Ge ditt hem en stilfull uppdatering med dessa tv\u00e5 justerbara konstl\u00e4derbarstolar. Perfekt f\u00f6r en snabb frukost vid k\u00f6ksb\u00e4nken eller sociala...","og_url":"https:\/\/truusk.store\/sv\/produkt\/truusk-2-pack-justerbara-vridbara-barstolar-med-ryggstod-och-fotstod-halkfri-konstlader-svart\/","og_site_name":"TRUUSK - Hem, Tr\u00e4dg\u00e5rd &amp; Fritid","article_modified_time":"2026-03-12T07:44:29+00:00","og_image":[{"width":2000,"height":2000,"url":"https:\/\/i0.wp.com\/truusk.se\/wp-content\/uploads\/2025\/06\/barstolar-2-pack-hojdjusterbar-vridbar-barstol-diskstol-med-ryggstod-och-fotstod-halkfri-pall-konstlader-svart-1.webp?fit=2000%2C2000&ssl=1","type":"image\/webp"}],"twitter_card":"summary_large_image","twitter_misc":{"Ber\u00e4knad l\u00e4stid":"1 minut"},"schema":{"@context":"https:\/\/schema.org","@graph":[{"@type":"WebPage","@id":"https:\/\/truusk.store\/sv\/produkt\/truusk-2-pack-justerbara-vridbara-barstolar-med-ryggstod-och-fotstod-halkfri-konstlader-svart\/","url":"https:\/\/truusk.store\/sv\/produkt\/truusk-2-pack-justerbara-vridbara-barstolar-med-ryggstod-och-fotstod-halkfri-konstlader-svart\/","name":"TRUUSK 2-pack Justerbara Vridbara Barstolar - Med Ryggst\u00f6d och Fotst\u00f6d - Halkfri Konstl\u00e4der - Svart - TRUUSK - Hem, Tr\u00e4dg\u00e5rd &amp; Fritid","isPartOf":{"@id":"https:\/\/truusk.store\/sv\/#website"},"primaryImageOfPage":{"@id":"https:\/\/truusk.store\/sv\/produkt\/truusk-2-pack-justerbara-vridbara-barstolar-med-ryggstod-och-fotstod-halkfri-konstlader-svart\/#primaryimage"},"image":{"@id":"https:\/\/truusk.store\/sv\/produkt\/truusk-2-pack-justerbara-vridbara-barstolar-med-ryggstod-och-fotstod-halkfri-konstlader-svart\/#primaryimage"},"thumbnailUrl":"https:\/\/i0.wp.com\/truusk.store\/wp-content\/uploads\/2025\/06\/barstolar-2-pack-hojdjusterbar-vridbar-barstol-diskstol-med-ryggstod-och-fotstod-halkfri-pall-konstlader-svart-1.webp?fit=2000%2C2000&ssl=1","datePublished":"2025-06-06T04:36:32+00:00","dateModified":"2026-03-12T07:44:29+00:00","breadcrumb":{"@id":"https:\/\/truusk.store\/sv\/produkt\/truusk-2-pack-justerbara-vridbara-barstolar-med-ryggstod-och-fotstod-halkfri-konstlader-svart\/#breadcrumb"},"inLanguage":"sv-SE","potentialAction":[{"@type":"ReadAction","target":["https:\/\/truusk.store\/sv\/produkt\/truusk-2-pack-justerbara-vridbara-barstolar-med-ryggstod-och-fotstod-halkfri-konstlader-svart\/"]}]},{"@type":"ImageObject","inLanguage":"sv-SE","@id":"https:\/\/truusk.store\/sv\/produkt\/truusk-2-pack-justerbara-vridbara-barstolar-med-ryggstod-och-fotstod-halkfri-konstlader-svart\/#primaryimage","url":"https:\/\/i0.wp.com\/truusk.store\/wp-content\/uploads\/2025\/06\/barstolar-2-pack-hojdjusterbar-vridbar-barstol-diskstol-med-ryggstod-och-fotstod-halkfri-pall-konstlader-svart-1.webp?fit=2000%2C2000&ssl=1","contentUrl":"https:\/\/i0.wp.com\/truusk.store\/wp-content\/uploads\/2025\/06\/barstolar-2-pack-hojdjusterbar-vridbar-barstol-diskstol-med-ryggstod-och-fotstod-halkfri-pall-konstlader-svart-1.webp?fit=2000%2C2000&ssl=1","width":2000,"height":2000},{"@type":"BreadcrumbList","@id":"https:\/\/truusk.store\/sv\/produkt\/truusk-2-pack-justerbara-vridbara-barstolar-med-ryggstod-och-fotstod-halkfri-konstlader-svart\/#breadcrumb","itemListElement":[{"@type":"ListItem","position":1,"name":"Home","item":"https:\/\/truusk.store\/sv\/"},{"@type":"ListItem","position":2,"name":"Shop","item":"https:\/\/truusk.store\/shop\/"},{"@type":"ListItem","position":3,"name":"TRUUSK 2-pack Justerbara Vridbara Barstolar &#8211; Med Ryggst\u00f6d och Fotst\u00f6d &#8211; Halkfri Konstl\u00e4der &#8211; Svart"}]},{"@type":"WebSite","@id":"https:\/\/truusk.store\/sv\/#website","url":"https:\/\/truusk.store\/sv\/","name":"TRUUSK - Hem, Tr\u00e4dg\u00e5rd & Fritid","description":"","publisher":{"@id":"https:\/\/truusk.store\/sv\/#organization"},"potentialAction":[{"@type":"SearchAction","target":{"@type":"EntryPoint","urlTemplate":"https:\/\/truusk.store\/sv\/?s={search_term_string}"},"query-input":{"@type":"PropertyValueSpecification","valueRequired":true,"valueName":"search_term_string"}}],"inLanguage":"sv-SE"},{"@type":"Organization","@id":"https:\/\/truusk.store\/sv\/#organization","name":"TRUUSK - Hem, Tr\u00e4dg\u00e5rd & Fritid","url":"https:\/\/truusk.store\/sv\/","logo":{"@type":"ImageObject","inLanguage":"sv-SE","@id":"https:\/\/truusk.store\/sv\/#\/schema\/logo\/image\/","url":"https:\/\/i0.wp.com\/truusk.store\/wp-content\/uploads\/2026\/03\/cropped-TRUUSK.png?fit=2032%2C917&ssl=1","contentUrl":"https:\/\/i0.wp.com\/truusk.store\/wp-content\/uploads\/2026\/03\/cropped-TRUUSK.png?fit=2032%2C917&ssl=1","width":2032,"height":917,"caption":"TRUUSK - Hem, Tr\u00e4dg\u00e5rd & Fritid"},"image":{"@id":"https:\/\/truusk.store\/sv\/#\/schema\/logo\/image\/"}}]}},"jetpack_sharing_enabled":true,"_links":{"self":[{"href":"https:\/\/truusk.store\/sv\/wp-json\/wp\/v2\/product\/76513","targetHints":{"allow":["GET"]}}],"collection":[{"href":"https:\/\/truusk.store\/sv\/wp-json\/wp\/v2\/product"}],"about":[{"href":"https:\/\/truusk.store\/sv\/wp-json\/wp\/v2\/types\/product"}],"wp:featuredmedia":[{"embeddable":true,"href":"https:\/\/truusk.store\/sv\/wp-json\/wp\/v2\/media\/76504"}],"wp:attachment":[{"href":"https:\/\/truusk.store\/sv\/wp-json\/wp\/v2\/media?parent=76513"}],"wp:term":[{"taxonomy":"product_brand","embeddable":true,"href":"https:\/\/truusk.store\/sv\/wp-json\/wp\/v2\/product_brand?post=76513"},{"taxonomy":"product_cat","embeddable":true,"href":"https:\/\/truusk.store\/sv\/wp-json\/wp\/v2\/product_cat?post=76513"},{"taxonomy":"product_tag","embeddable":true,"href":"https:\/\/truusk.store\/sv\/wp-json\/wp\/v2\/product_tag?post=76513"}],"curies":[{"name":"wp","href":"https:\/\/api.w.org\/{rel}","templated":true}]}}